{"id":19031,"date":"2021-09-29T12:01:08","date_gmt":"2021-09-29T17:01:08","guid":{"rendered":"https:\/\/www.medellin.gov.co\/es\/?page_id=19031"},"modified":"2022-06-14T16:34:37","modified_gmt":"2022-06-14T21:34:37","slug":"anticonceptivos-orales-combinados","status":"publish","type":"page","link":"https:\/\/www.medellin.gov.co\/es\/secretaria-de-salud\/prevencion-de-embarazo-adolescente\/metodos-de-planificacion\/anticonceptivos-orales-combinados\/","title":{"rendered":"Anticonceptivos orales combinados (AOC)"},"content":{"rendered":"\t\t<div data-elementor-type=\"wp-page\" data-elementor-id=\"19031\" class=\"elementor elementor-19031\">\n\t\t\t\t\t\t<div class=\"elementor-inner\">\n\t\t\t\t<div class=\"elementor-section-wrap\">\n\t\t\t\t\t\t\t\t\t<section class=\"elementor-section elementor-top-section elementor-element elementor-element-fe68ea6 elementor-section-boxed elementor-section-height-default elementor-section-height-default\" data-id=\"fe68ea6\" data-element_type=\"section\">\n\t\t\t\t\t\t<div class=\"elementor-container elementor-column-gap-default\">\n\t\t\t\t\t\t\t<div class=\"elementor-row\">\n\t\t\t\t\t<div class=\"elementor-column elementor-col-100 elementor-top-column elementor-element elementor-element-8d65764\" data-id=\"8d65764\" data-element_type=\"column\">\n\t\t\t<div class=\"elementor-column-wrap elementor-element-populated\">\n\t\t\t\t\t\t\t<div class=\"elementor-widget-wrap\">\n\t\t\t\t\t\t<div class=\"elementor-element elementor-element-36d1831 elementor-widget elementor-widget-heading\" data-id=\"36d1831\" data-element_type=\"widget\" data-widget_type=\"heading.default\">\n\t\t\t\t<div class=\"elementor-widget-container\">\n\t\t\t<h1 class=\"elementor-heading-title elementor-size-default\">Anticonceptivos orales combinados (AOC)<\/h1>\t\t<\/div>\n\t\t\t\t<\/div>\n\t\t\t\t<section class=\"elementor-section elementor-inner-section elementor-element elementor-element-949c9af elementor-reverse-tablet elementor-reverse-mobile elementor-section-boxed elementor-section-height-default elementor-section-height-default\" data-id=\"949c9af\" data-element_type=\"section\">\n\t\t\t\t\t\t<div class=\"elementor-container elementor-column-gap-default\">\n\t\t\t\t\t\t\t<div class=\"elementor-row\">\n\t\t\t\t\t<div class=\"elementor-column elementor-col-50 elementor-inner-column elementor-element elementor-element-e690098\" data-id=\"e690098\" data-element_type=\"column\">\n\t\t\t<div class=\"elementor-column-wrap elementor-element-populated\">\n\t\t\t\t\t\t\t<div class=\"elementor-widget-wrap\">\n\t\t\t\t\t\t<div class=\"elementor-element elementor-element-cbefec9 elementor-widget elementor-widget-text-editor\" data-id=\"cbefec9\" data-element_type=\"widget\" data-widget_type=\"text-editor.default\">\n\t\t\t\t<div class=\"elementor-widget-container\">\n\t\t\t\t\t\t\t\t<div class=\"elementor-text-editor elementor-clearfix\">\n\t\t\t\t<p>Son p\u00edldoras que contienen dosis bajas de dos hormonas, un progest\u00e1geno y un estr\u00f3geno, como las hormonas naturales (progesterona y estr\u00f3genos) presentes en el cuerpo de la mujer.<\/p>\t\t\t\t\t<\/div>\n\t\t\t\t\t\t<\/div>\n\t\t\t\t<\/div>\n\t\t\t\t\t\t<\/div>\n\t\t\t\t\t<\/div>\n\t\t<\/div>\n\t\t\t\t<div class=\"elementor-column elementor-col-50 elementor-inner-column elementor-element elementor-element-af85680\" data-id=\"af85680\" data-element_type=\"column\">\n\t\t\t<div class=\"elementor-column-wrap elementor-element-populated\">\n\t\t\t\t\t\t\t<div class=\"elementor-widget-wrap\">\n\t\t\t\t\t\t<div class=\"elementor-element elementor-element-713fe42 elementor-widget elementor-widget-image\" data-id=\"713fe42\" data-element_type=\"widget\" data-widget_type=\"image.default\">\n\t\t\t\t<div class=\"elementor-widget-container\">\n\t\t\t\t\t\t\t\t<div class=\"elementor-image\">\n\t\t\t\t\t\t\t\t\t\t\t\t<img width=\"1024\" height=\"646\" src=\"https:\/\/www.medellin.gov.co\/es\/wp-content\/uploads\/2021\/09\/educacion-sobre-anticonceptivos-orales-combinados-1024x646.jpg\" class=\"attachment-large size-large\" alt=\"Educaci\u00f3n sobre anticonceptivos orales combinados\" loading=\"lazy\" srcset=\"https:\/\/www.medellin.gov.co\/es\/wp-content\/uploads\/2021\/09\/educacion-sobre-anticonceptivos-orales-combinados-1024x646.jpg 1024w, https:\/\/www.medellin.gov.co\/es\/wp-content\/uploads\/2021\/09\/educacion-sobre-anticonceptivos-orales-combinados-300x189.jpg 300w, https:\/\/www.medellin.gov.co\/es\/wp-content\/uploads\/2021\/09\/educacion-sobre-anticonceptivos-orales-combinados-150x95.jpg 150w, https:\/\/www.medellin.gov.co\/es\/wp-content\/uploads\/2021\/09\/educacion-sobre-anticonceptivos-orales-combinados-768x484.jpg 768w, https:\/\/www.medellin.gov.co\/es\/wp-content\/uploads\/2021\/09\/educacion-sobre-anticonceptivos-orales-combinados.jpg 1200w\" sizes=\"(max-width: 1024px) 100vw, 1024px\" \/>\t\t\t\t\t\t\t\t\t\t\t\t\t\t<\/div>\n\t\t\t\t\t\t<\/div>\n\t\t\t\t<\/div>\n\t\t\t\t\t\t<\/div>\n\t\t\t\t\t<\/div>\n\t\t<\/div>\n\t\t\t\t\t\t\t\t<\/div>\n\t\t\t\t\t<\/div>\n\t\t<\/section>\n\t\t\t\t<div class=\"elementor-element elementor-element-c448e00 elementor-widget elementor-widget-heading\" data-id=\"c448e00\" data-element_type=\"widget\" data-widget_type=\"heading.default\">\n\t\t\t\t<div class=\"elementor-widget-container\">\n\t\t\t<h2 class=\"elementor-heading-title elementor-size-default\">\u00bf<b>C\u00f3mo act\u00faan<\/b> los anticonceptivos orales combinados?<\/h2>\t\t<\/div>\n\t\t\t\t<\/div>\n\t\t\t\t<div class=\"elementor-element elementor-element-c9c3b10 elementor-widget elementor-widget-text-editor\" data-id=\"c9c3b10\" data-element_type=\"widget\" data-widget_type=\"text-editor.default\">\n\t\t\t\t<div class=\"elementor-widget-container\">\n\t\t\t\t\t\t\t\t<div class=\"elementor-text-editor elementor-clearfix\">\n\t\t\t\t<p>Act\u00faan b\u00e1sicamente impidiendo la liberaci\u00f3n de \u00f3vulos de los ovarios (ovulaci\u00f3n).<\/p>\t\t\t\t\t<\/div>\n\t\t\t\t\t\t<\/div>\n\t\t\t\t<\/div>\n\t\t\t\t<div class=\"elementor-element elementor-element-3c16d5b elementor-widget elementor-widget-heading\" data-id=\"3c16d5b\" data-element_type=\"widget\" data-widget_type=\"heading.default\">\n\t\t\t\t<div class=\"elementor-widget-container\">\n\t\t\t<h2 class=\"elementor-heading-title elementor-size-default\">\u00bf<b>Cu\u00e1n efectivos<\/b> son los anticonceptivos orales combinados?<\/h2>\t\t<\/div>\n\t\t\t\t<\/div>\n\t\t\t\t<div class=\"elementor-element elementor-element-cbf2ac4 elementor-widget elementor-widget-text-editor\" data-id=\"cbf2ac4\" data-element_type=\"widget\" data-widget_type=\"text-editor.default\">\n\t\t\t\t<div class=\"elementor-widget-container\">\n\t\t\t\t\t\t\t\t<div class=\"elementor-text-editor elementor-clearfix\">\n\t\t\t\t<p>La efectividad depende de la usuaria, el riesgo de embarazo es mayor cuando una mujer comienza un nuevo envase de p\u00edldoras con un retraso de tres d\u00edas o m\u00e1s, o cuando omite tres o m\u00e1s p\u00edldoras cerca del principio o del final de un envase de p\u00edldoras.<\/p><p>Por cada 100 usuarias que toman AOC, 93 no se quedar\u00e1n embarazadas, luego de suspender los AOC, se recupera la fertilidad de forma inmediata.<\/p>\t\t\t\t\t<\/div>\n\t\t\t\t\t\t<\/div>\n\t\t\t\t<\/div>\n\t\t\t\t<div class=\"elementor-element elementor-element-a2de141 elementor-widget elementor-widget-heading\" data-id=\"a2de141\" data-element_type=\"widget\" data-widget_type=\"heading.default\">\n\t\t\t\t<div class=\"elementor-widget-container\">\n\t\t\t<h2 class=\"elementor-heading-title elementor-size-default\"><b>Efectos secundarios<\/b> de anticonceptivos orales combinados<\/h2>\t\t<\/div>\n\t\t\t\t<\/div>\n\t\t\t\t<section class=\"elementor-section elementor-inner-section elementor-element elementor-element-02ed5c0 elementor-section-boxed elementor-section-height-default elementor-section-height-default\" data-id=\"02ed5c0\" data-element_type=\"section\">\n\t\t\t\t\t\t<div class=\"elementor-container elementor-column-gap-default\">\n\t\t\t\t\t\t\t<div class=\"elementor-row\">\n\t\t\t\t\t<div class=\"elementor-column elementor-col-50 elementor-inner-column elementor-element elementor-element-b5d5677\" data-id=\"b5d5677\" data-element_type=\"column\">\n\t\t\t<div class=\"elementor-column-wrap elementor-element-populated\">\n\t\t\t\t\t\t\t<div class=\"elementor-widget-wrap\">\n\t\t\t\t\t\t<div class=\"elementor-element elementor-element-b93b3fd elementor-widget elementor-widget-image\" data-id=\"b93b3fd\" data-element_type=\"widget\" data-widget_type=\"image.default\">\n\t\t\t\t<div class=\"elementor-widget-container\">\n\t\t\t\t\t\t\t\t<div class=\"elementor-image\">\n\t\t\t\t\t\t\t\t\t\t\t\t<img width=\"1024\" height=\"683\" src=\"https:\/\/www.medellin.gov.co\/es\/wp-content\/uploads\/2021\/09\/sobre-los-efectos-secundarios-de-los-anticonceptivos-orales-combinados.jpg\" class=\"attachment-large size-large\" alt=\"Sobre los efectos secundarios de los anticonceptivos orales combinados\" loading=\"lazy\" srcset=\"https:\/\/www.medellin.gov.co\/es\/wp-content\/uploads\/2021\/09\/sobre-los-efectos-secundarios-de-los-anticonceptivos-orales-combinados.jpg 1024w, https:\/\/www.medellin.gov.co\/es\/wp-content\/uploads\/2021\/09\/sobre-los-efectos-secundarios-de-los-anticonceptivos-orales-combinados-300x200.jpg 300w, https:\/\/www.medellin.gov.co\/es\/wp-content\/uploads\/2021\/09\/sobre-los-efectos-secundarios-de-los-anticonceptivos-orales-combinados-150x100.jpg 150w, https:\/\/www.medellin.gov.co\/es\/wp-content\/uploads\/2021\/09\/sobre-los-efectos-secundarios-de-los-anticonceptivos-orales-combinados-768x512.jpg 768w\" sizes=\"(max-width: 1024px) 100vw, 1024px\" \/>\t\t\t\t\t\t\t\t\t\t\t\t\t\t<\/div>\n\t\t\t\t\t\t<\/div>\n\t\t\t\t<\/div>\n\t\t\t\t\t\t<\/div>\n\t\t\t\t\t<\/div>\n\t\t<\/div>\n\t\t\t\t<div class=\"elementor-column elementor-col-50 elementor-inner-column elementor-element elementor-element-c6f9c71\" data-id=\"c6f9c71\" data-element_type=\"column\">\n\t\t\t<div class=\"elementor-column-wrap elementor-element-populated\">\n\t\t\t\t\t\t\t<div class=\"elementor-widget-wrap\">\n\t\t\t\t\t\t<div class=\"elementor-element elementor-element-a13e9f5 elementor-widget elementor-widget-text-editor\" data-id=\"a13e9f5\" data-element_type=\"widget\" data-widget_type=\"text-editor.default\">\n\t\t\t\t<div class=\"elementor-widget-container\">\n\t\t\t\t\t\t\t\t<div class=\"elementor-text-editor elementor-clearfix\">\n\t\t\t\t<p>Existen algunos efectos secundarios, aunque sean efectos indeseables y que pueden llegar a incomodar a la usuaria, pero por lo general son pasajeros o se pueden solucionar con la orientaci\u00f3n de un profesional de la salud, como enfermeras\/os y m\u00e9dicas\/os. Entre los efectos secundarios m\u00e1s frecuentes por el uso de AOC est\u00e1n:<\/p>\t\t\t\t\t<\/div>\n\t\t\t\t\t\t<\/div>\n\t\t\t\t<\/div>\n\t\t\t\t<div class=\"elementor-element elementor-element-3ec4711 elementor-widget elementor-widget-text-editor\" data-id=\"3ec4711\" data-element_type=\"widget\" data-widget_type=\"text-editor.default\">\n\t\t\t\t<div class=\"elementor-widget-container\">\n\t\t\t\t\t\t\t\t<div class=\"elementor-text-editor elementor-clearfix\">\n\t\t\t\t<ul><li>Cambios en el sangrado (ausencia, disminuci\u00f3n, duraci\u00f3n de menos tiempo) son normales y no perjudiciales.\u00a0\u00a0\u00a0\u00a0\u00a0<\/li><li>Dolor de cabeza, mareos, n\u00e1useas, mayor sensibilidad en los senos, variaci\u00f3n del peso, cambios en el estado de \u00e1nimo y acn\u00e9 (en general mejora).<\/li><\/ul>\t\t\t\t\t<\/div>\n\t\t\t\t\t\t<\/div>\n\t\t\t\t<\/div>\n\t\t\t\t\t\t<\/div>\n\t\t\t\t\t<\/div>\n\t\t<\/div>\n\t\t\t\t\t\t\t\t<\/div>\n\t\t\t\t\t<\/div>\n\t\t<\/section>\n\t\t\t\t<div class=\"elementor-element elementor-element-6ebc973 elementor-widget elementor-widget-heading\" data-id=\"6ebc973\" data-element_type=\"widget\" data-widget_type=\"heading.default\">\n\t\t\t\t<div class=\"elementor-widget-container\">\n\t\t\t<h2 class=\"elementor-heading-title elementor-size-default\"><b>Algunos beneficios para la salud<\/b> de los anticonceptivos orales combinados<\/h2>\t\t<\/div>\n\t\t\t\t<\/div>\n\t\t\t\t<div class=\"elementor-element elementor-element-2e980b2 elementor-widget elementor-widget-text-editor\" data-id=\"2e980b2\" data-element_type=\"widget\" data-widget_type=\"text-editor.default\">\n\t\t\t\t<div class=\"elementor-widget-container\">\n\t\t\t\t\t\t\t\t<div class=\"elementor-text-editor elementor-clearfix\">\n\t\t\t\t<ul><li>Protegen contra el c\u00e1ncer en la matriz y ovarios, quistes ov\u00e1ricos y anemia por deficiencia de hierro.<\/li><li>Ayudan a reducir el sangrado y los c\u00f3licos durante la menstruaci\u00f3n (s\u00edntomas del s\u00edndrome de ovario poliqu\u00edstico y de endometriosis).<\/li><\/ul>\t\t\t\t\t<\/div>\n\t\t\t\t\t\t<\/div>\n\t\t\t\t<\/div>\n\t\t\t\t<div class=\"elementor-element elementor-element-a680738 elementor-widget elementor-widget-heading\" data-id=\"a680738\" data-element_type=\"widget\" data-widget_type=\"heading.default\">\n\t\t\t\t<div class=\"elementor-widget-container\">\n\t\t\t<h2 class=\"elementor-heading-title elementor-size-default\"><b>Aclare sus dudas<\/b> sobre los anticonceptivos orales combinados (AOC)<\/h2>\t\t<\/div>\n\t\t\t\t<\/div>\n\t\t\t\t<section class=\"elementor-section elementor-inner-section elementor-element elementor-element-86ce1e1 elementor-reverse-tablet elementor-reverse-mobile elementor-section-boxed elementor-section-height-default elementor-section-height-default\" data-id=\"86ce1e1\" data-element_type=\"section\">\n\t\t\t\t\t\t<div class=\"elementor-container elementor-column-gap-default\">\n\t\t\t\t\t\t\t<div class=\"elementor-row\">\n\t\t\t\t\t<div class=\"elementor-column elementor-col-50 elementor-inner-column elementor-element elementor-element-2cb704e\" data-id=\"2cb704e\" data-element_type=\"column\">\n\t\t\t<div class=\"elementor-column-wrap elementor-element-populated\">\n\t\t\t\t\t\t\t<div class=\"elementor-widget-wrap\">\n\t\t\t\t\t\t<div class=\"elementor-element elementor-element-fd042d4 elementor-widget elementor-widget-text-editor\" data-id=\"fd042d4\" data-element_type=\"widget\" data-widget_type=\"text-editor.default\">\n\t\t\t\t<div class=\"elementor-widget-container\">\n\t\t\t\t\t\t\t\t<div class=\"elementor-text-editor elementor-clearfix\">\n\t\t\t\t<p>Aclarando mitos, son muchas las falsas creencias que en vez de apoyar a la usuaria lo que hacen es confundirla, cometer errores en su toma, llevando a que el m\u00e9todo falle, d\u00e1ndose un embarazo no planeado. A continuaci\u00f3n se exponen algunas verdades acerca de los AOC:<\/p>\t\t\t\t\t<\/div>\n\t\t\t\t\t\t<\/div>\n\t\t\t\t<\/div>\n\t\t\t\t\t\t<\/div>\n\t\t\t\t\t<\/div>\n\t\t<\/div>\n\t\t\t\t<div class=\"elementor-column elementor-col-50 elementor-inner-column elementor-element elementor-element-1ca745f\" data-id=\"1ca745f\" data-element_type=\"column\">\n\t\t\t<div class=\"elementor-column-wrap elementor-element-populated\">\n\t\t\t\t\t\t\t<div class=\"elementor-widget-wrap\">\n\t\t\t\t\t\t<div class=\"elementor-element elementor-element-345f474 elementor-widget elementor-widget-image\" data-id=\"345f474\" data-element_type=\"widget\" data-widget_type=\"image.default\">\n\t\t\t\t<div class=\"elementor-widget-container\">\n\t\t\t\t\t\t\t\t<div class=\"elementor-image\">\n\t\t\t\t\t\t\t\t\t\t\t\t<img width=\"1024\" height=\"769\" src=\"https:\/\/www.medellin.gov.co\/es\/wp-content\/uploads\/2021\/09\/dudas-sobre-los-anticonceptivos-orales-combinados-1024x769.jpg\" class=\"attachment-large size-large\" alt=\"Dudas sobre los anticonceptivos orales combinados\" loading=\"lazy\" srcset=\"https:\/\/www.medellin.gov.co\/es\/wp-content\/uploads\/2021\/09\/dudas-sobre-los-anticonceptivos-orales-combinados-1024x769.jpg 1024w, https:\/\/www.medellin.gov.co\/es\/wp-content\/uploads\/2021\/09\/dudas-sobre-los-anticonceptivos-orales-combinados-300x225.jpg 300w, https:\/\/www.medellin.gov.co\/es\/wp-content\/uploads\/2021\/09\/dudas-sobre-los-anticonceptivos-orales-combinados-150x113.jpg 150w, https:\/\/www.medellin.gov.co\/es\/wp-content\/uploads\/2021\/09\/dudas-sobre-los-anticonceptivos-orales-combinados-768x577.jpg 768w, https:\/\/www.medellin.gov.co\/es\/wp-content\/uploads\/2021\/09\/dudas-sobre-los-anticonceptivos-orales-combinados.jpg 1200w\" sizes=\"(max-width: 1024px) 100vw, 1024px\" \/>\t\t\t\t\t\t\t\t\t\t\t\t\t\t<\/div>\n\t\t\t\t\t\t<\/div>\n\t\t\t\t<\/div>\n\t\t\t\t\t\t<\/div>\n\t\t\t\t\t<\/div>\n\t\t<\/div>\n\t\t\t\t\t\t\t\t<\/div>\n\t\t\t\t\t<\/div>\n\t\t<\/section>\n\t\t\t\t<div class=\"elementor-element elementor-element-37aba62 elementor-widget elementor-widget-text-editor\" data-id=\"37aba62\" data-element_type=\"widget\" data-widget_type=\"text-editor.default\">\n\t\t\t\t<div class=\"elementor-widget-container\">\n\t\t\t\t\t\t\t\t<div class=\"elementor-text-editor elementor-clearfix\">\n\t\t\t\t<ul><li aria-level=\"1\">Las mujeres que dejan de tomar AOC pueden quedar embarazadas tan r\u00e1pido como las que dejan de usar m\u00e9todos no hormonales. Los AOC no retrasan la recuperaci\u00f3n de la fertilidad de la mujer tras dejar de utilizarlos.\u00a0<\/li><li aria-level=\"1\">Los AOC no causan abortos, por lo tanto, no deben usarse como abortivos.<\/li><li aria-level=\"1\">Los AOC no ocasionan defectos cong\u00e9nitos, aunque la mujer quede embarazada mientras los tome o si los empieza a tomar estando ya en proceso de gestaci\u00f3n.<\/li><li aria-level=\"1\">La mayor\u00eda de las mujeres no ganan ni pierden peso debido a los AOC. En los estudios realizados se ha observado que, en promedio, los AOC no afectan el peso.<\/li><li aria-level=\"1\">La mayor\u00eda de las usuarias de AOC, no refieren cambios en el estado de \u00e1nimo o reducci\u00f3n de su deseo sexual. No hay evidencia cl\u00ednica.<\/li><\/ul>\t\t\t\t\t<\/div>\n\t\t\t\t\t\t<\/div>\n\t\t\t\t<\/div>\n\t\t\t\t<div class=\"elementor-element elementor-element-d68223c elementor-widget elementor-widget-heading\" data-id=\"d68223c\" data-element_type=\"widget\" data-widget_type=\"heading.default\">\n\t\t\t\t<div class=\"elementor-widget-container\">\n\t\t\t<h2 class=\"elementor-heading-title elementor-size-default\"><b>Informaci\u00f3n que debes tener presente<\/b> sobre los anticonceptivos orales combinados (AOC)<\/h2>\t\t<\/div>\n\t\t\t\t<\/div>\n\t\t\t\t<div class=\"elementor-element elementor-element-760c2cf elementor-widget elementor-widget-text-editor\" data-id=\"760c2cf\" data-element_type=\"widget\" data-widget_type=\"text-editor.default\">\n\t\t\t\t<div class=\"elementor-widget-container\">\n\t\t\t\t\t\t\t\t<div class=\"elementor-text-editor elementor-clearfix\">\n\t\t\t\t<ul><li>Toma una p\u00edldora todos los d\u00edas. Para que la efectividad sea \u00f3ptima,\u00a0 debes tomar las p\u00edldoras diariamente y comenzar un nuevo envase de p\u00edldoras de manera oportuna.<\/li><li>Si omites la toma de alguna p\u00edldora, t\u00f3mala tan pronto como puedas. Omitir la toma de las p\u00edldoras conlleva al riesgo de embarazo y puede acentuar algunos efectos secundarios.<\/li><li>Los cambios en el sangrado son frecuentes y no son perjudiciales. Normalmente el sangrado es irregular durante los primeros meses, despu\u00e9s se vuelve m\u00e1s leve y regular.<\/li><\/ul>\t\t\t\t\t<\/div>\n\t\t\t\t\t\t<\/div>\n\t\t\t\t<\/div>\n\t\t\t\t\t\t<\/div>\n\t\t\t\t\t<\/div>\n\t\t<\/div>\n\t\t\t\t\t\t\t\t<\/div>\n\t\t\t\t\t<\/div>\n\t\t<\/section>\n\t\t\t\t\t\t\t\t\t<\/div>\n\t\t\t<\/div>\n\t\t\t\t\t<\/div>\n\t\t","protected":false},"excerpt":{"rendered":"<p>Anticonceptivos orales combinados (AOC) Son p\u00edldoras que contienen dosis bajas de dos hormonas, un progest\u00e1geno y un estr\u00f3geno, como las hormonas naturales (progesterona y estr\u00f3genos) presentes en el cuerpo de la mujer. \u00bfC\u00f3mo act\u00faan los &#8230;<\/p>\n","protected":false},"author":31,"featured_media":17425,"parent":17664,"menu_order":5,"comment_status":"closed","ping_status":"closed","template":"sec-salud\/elementor.php","meta":[],"acf":[],"_links":{"self":[{"href":"https:\/\/www.medellin.gov.co\/es\/wp-json\/wp\/v2\/pages\/19031"}],"collection":[{"href":"https:\/\/www.medellin.gov.co\/es\/wp-json\/wp\/v2\/pages"}],"about":[{"href":"https:\/\/www.medellin.gov.co\/es\/wp-json\/wp\/v2\/types\/page"}],"author":[{"embeddable":true,"href":"https:\/\/www.medellin.gov.co\/es\/wp-json\/wp\/v2\/users\/31"}],"replies":[{"embeddable":true,"href":"https:\/\/www.medellin.gov.co\/es\/wp-json\/wp\/v2\/comments?post=19031"}],"version-history":[{"count":22,"href":"https:\/\/www.medellin.gov.co\/es\/wp-json\/wp\/v2\/pages\/19031\/revisions"}],"predecessor-version":[{"id":65747,"href":"https:\/\/www.medellin.gov.co\/es\/wp-json\/wp\/v2\/pages\/19031\/revisions\/65747"}],"up":[{"embeddable":true,"href":"https:\/\/www.medellin.gov.co\/es\/wp-json\/wp\/v2\/pages\/17664"}],"wp:featuredmedia":[{"embeddable":true,"href":"https:\/\/www.medellin.gov.co\/es\/wp-json\/wp\/v2\/media\/17425"}],"wp:attachment":[{"href":"https:\/\/www.medellin.gov.co\/es\/wp-json\/wp\/v2\/media?parent=19031"}],"curies":[{"name":"wp","href":"https:\/\/api.w.org\/{rel}","templated":true}]}}