{"id":19033,"date":"2021-09-29T12:02:24","date_gmt":"2021-09-29T17:02:24","guid":{"rendered":"https:\/\/www.medellin.gov.co\/es\/?page_id=19033"},"modified":"2022-06-14T16:34:32","modified_gmt":"2022-06-14T21:34:32","slug":"anticonceptivos-inyectables-combinados","status":"publish","type":"page","link":"https:\/\/www.medellin.gov.co\/es\/secretaria-de-salud\/prevencion-de-embarazo-adolescente\/metodos-de-planificacion\/anticonceptivos-inyectables-combinados\/","title":{"rendered":"Anticonceptivos inyectables combinados (AIC)"},"content":{"rendered":"\t\t<div data-elementor-type=\"wp-page\" data-elementor-id=\"19033\" class=\"elementor elementor-19033\">\n\t\t\t\t\t\t<div class=\"elementor-inner\">\n\t\t\t\t<div class=\"elementor-section-wrap\">\n\t\t\t\t\t\t\t\t\t<section class=\"elementor-section elementor-top-section elementor-element elementor-element-b5317d6 elementor-section-boxed elementor-section-height-default elementor-section-height-default\" data-id=\"b5317d6\" data-element_type=\"section\">\n\t\t\t\t\t\t<div class=\"elementor-container elementor-column-gap-default\">\n\t\t\t\t\t\t\t<div class=\"elementor-row\">\n\t\t\t\t\t<div class=\"elementor-column elementor-col-100 elementor-top-column elementor-element elementor-element-666037c\" data-id=\"666037c\" data-element_type=\"column\">\n\t\t\t<div class=\"elementor-column-wrap elementor-element-populated\">\n\t\t\t\t\t\t\t<div class=\"elementor-widget-wrap\">\n\t\t\t\t\t\t<div class=\"elementor-element elementor-element-43f200a elementor-widget elementor-widget-heading\" data-id=\"43f200a\" data-element_type=\"widget\" data-widget_type=\"heading.default\">\n\t\t\t\t<div class=\"elementor-widget-container\">\n\t\t\t<h1 class=\"elementor-heading-title elementor-size-default\">Anticonceptivos inyectables combinados (AIC)<\/h1>\t\t<\/div>\n\t\t\t\t<\/div>\n\t\t\t\t<section class=\"elementor-section elementor-inner-section elementor-element elementor-element-80f2495 elementor-reverse-tablet elementor-reverse-mobile elementor-section-boxed elementor-section-height-default elementor-section-height-default\" data-id=\"80f2495\" data-element_type=\"section\">\n\t\t\t\t\t\t<div class=\"elementor-container elementor-column-gap-default\">\n\t\t\t\t\t\t\t<div class=\"elementor-row\">\n\t\t\t\t\t<div class=\"elementor-column elementor-col-50 elementor-inner-column elementor-element elementor-element-eda33eb\" data-id=\"eda33eb\" data-element_type=\"column\">\n\t\t\t<div class=\"elementor-column-wrap elementor-element-populated\">\n\t\t\t\t\t\t\t<div class=\"elementor-widget-wrap\">\n\t\t\t\t\t\t<div class=\"elementor-element elementor-element-a2c32d9 elementor-widget elementor-widget-text-editor\" data-id=\"a2c32d9\" data-element_type=\"widget\" data-widget_type=\"text-editor.default\">\n\t\t\t\t<div class=\"elementor-widget-container\">\n\t\t\t\t\t\t\t\t<div class=\"elementor-text-editor elementor-clearfix\">\n\t\t\t\t<p>Los inyectables mensuales contienen dos hormonas, un progest\u00e1geno y un estr\u00f3geno, como las hormonas naturales (progesterona y estr\u00f3genos) presentes en el cuerpo de la mujer.<\/p>\t\t\t\t\t<\/div>\n\t\t\t\t\t\t<\/div>\n\t\t\t\t<\/div>\n\t\t\t\t\t\t<\/div>\n\t\t\t\t\t<\/div>\n\t\t<\/div>\n\t\t\t\t<div class=\"elementor-column elementor-col-50 elementor-inner-column elementor-element elementor-element-123d8b0\" data-id=\"123d8b0\" data-element_type=\"column\">\n\t\t\t<div class=\"elementor-column-wrap elementor-element-populated\">\n\t\t\t\t\t\t\t<div class=\"elementor-widget-wrap\">\n\t\t\t\t\t\t<div class=\"elementor-element elementor-element-261ad41 elementor-widget elementor-widget-image\" data-id=\"261ad41\" data-element_type=\"widget\" data-widget_type=\"image.default\">\n\t\t\t\t<div class=\"elementor-widget-container\">\n\t\t\t\t\t\t\t\t<div class=\"elementor-image\">\n\t\t\t\t\t\t\t\t\t\t\t\t<img width=\"1024\" height=\"683\" src=\"https:\/\/www.medellin.gov.co\/es\/wp-content\/uploads\/2021\/09\/educacion-sobre-los-anticonceptivos-inyectables-combinados-1024x683.jpg\" class=\"attachment-large size-large\" alt=\"Educaci\u00f3n sobre los anticonceptivos inyectables combinados\" loading=\"lazy\" srcset=\"https:\/\/www.medellin.gov.co\/es\/wp-content\/uploads\/2021\/09\/educacion-sobre-los-anticonceptivos-inyectables-combinados-1024x683.jpg 1024w, https:\/\/www.medellin.gov.co\/es\/wp-content\/uploads\/2021\/09\/educacion-sobre-los-anticonceptivos-inyectables-combinados-300x200.jpg 300w, https:\/\/www.medellin.gov.co\/es\/wp-content\/uploads\/2021\/09\/educacion-sobre-los-anticonceptivos-inyectables-combinados-150x100.jpg 150w, https:\/\/www.medellin.gov.co\/es\/wp-content\/uploads\/2021\/09\/educacion-sobre-los-anticonceptivos-inyectables-combinados-768x512.jpg 768w, https:\/\/www.medellin.gov.co\/es\/wp-content\/uploads\/2021\/09\/educacion-sobre-los-anticonceptivos-inyectables-combinados.jpg 1200w\" sizes=\"(max-width: 1024px) 100vw, 1024px\" \/>\t\t\t\t\t\t\t\t\t\t\t\t\t\t<\/div>\n\t\t\t\t\t\t<\/div>\n\t\t\t\t<\/div>\n\t\t\t\t\t\t<\/div>\n\t\t\t\t\t<\/div>\n\t\t<\/div>\n\t\t\t\t\t\t\t\t<\/div>\n\t\t\t\t\t<\/div>\n\t\t<\/section>\n\t\t\t\t<div class=\"elementor-element elementor-element-94391e7 elementor-widget elementor-widget-heading\" data-id=\"94391e7\" data-element_type=\"widget\" data-widget_type=\"heading.default\">\n\t\t\t\t<div class=\"elementor-widget-container\">\n\t\t\t<h2 class=\"elementor-heading-title elementor-size-default\">\u00bf<b>C\u00f3mo act\u00faan<\/b> los anticonceptivos inyectables combinados?<\/h2>\t\t<\/div>\n\t\t\t\t<\/div>\n\t\t\t\t<div class=\"elementor-element elementor-element-5dae4b9 elementor-widget elementor-widget-text-editor\" data-id=\"5dae4b9\" data-element_type=\"widget\" data-widget_type=\"text-editor.default\">\n\t\t\t\t<div class=\"elementor-widget-container\">\n\t\t\t\t\t\t\t\t<div class=\"elementor-text-editor elementor-clearfix\">\n\t\t\t\t<p>Los anticonceptivos inyectables combinados act\u00faan fundamentalmente, impidiendo la liberaci\u00f3n de \u00f3vulos de los ovarios (ovulaci\u00f3n).<\/p>\t\t\t\t\t<\/div>\n\t\t\t\t\t\t<\/div>\n\t\t\t\t<\/div>\n\t\t\t\t<div class=\"elementor-element elementor-element-0367388 elementor-widget elementor-widget-heading\" data-id=\"0367388\" data-element_type=\"widget\" data-widget_type=\"heading.default\">\n\t\t\t\t<div class=\"elementor-widget-container\">\n\t\t\t<h2 class=\"elementor-heading-title elementor-size-default\">\u00bf<b>Cu\u00e1n efectivos<\/b> son los anticonceptivos orales combinados?<\/h2>\t\t<\/div>\n\t\t\t\t<\/div>\n\t\t\t\t<div class=\"elementor-element elementor-element-d244ba5 elementor-widget elementor-widget-text-editor\" data-id=\"d244ba5\" data-element_type=\"widget\" data-widget_type=\"text-editor.default\">\n\t\t\t\t<div class=\"elementor-widget-container\">\n\t\t\t\t\t\t\t\t<div class=\"elementor-text-editor elementor-clearfix\">\n\t\t\t\t<p>La efectividad depende de la usuaria, el riesgo de embarazo es mayor cuando una mujer comienza un nuevo envase de p\u00edldoras con un retraso de tres d\u00edas o m\u00e1s, o cuando omite tres o m\u00e1s p\u00edldoras cerca del principio o del final de un envase de p\u00edldoras.<\/p><p>Por cada cien usuarias que toman AOC, 93 no se quedar\u00e1n embarazadas, luego de suspender los AOC, se recupera la fertilidad de forma inmediata.<\/p>\t\t\t\t\t<\/div>\n\t\t\t\t\t\t<\/div>\n\t\t\t\t<\/div>\n\t\t\t\t<div class=\"elementor-element elementor-element-11610fc elementor-widget elementor-widget-heading\" data-id=\"11610fc\" data-element_type=\"widget\" data-widget_type=\"heading.default\">\n\t\t\t\t<div class=\"elementor-widget-container\">\n\t\t\t<h2 class=\"elementor-heading-title elementor-size-default\"><b>Algunos efectos secundarios<\/b> de los anticonceptivos inyectables combinados<\/h2>\t\t<\/div>\n\t\t\t\t<\/div>\n\t\t\t\t<section class=\"elementor-section elementor-inner-section elementor-element elementor-element-3430e9e elementor-section-boxed elementor-section-height-default elementor-section-height-default\" data-id=\"3430e9e\" data-element_type=\"section\">\n\t\t\t\t\t\t<div class=\"elementor-container elementor-column-gap-default\">\n\t\t\t\t\t\t\t<div class=\"elementor-row\">\n\t\t\t\t\t<div class=\"elementor-column elementor-col-50 elementor-inner-column elementor-element elementor-element-15ac749\" data-id=\"15ac749\" data-element_type=\"column\">\n\t\t\t<div class=\"elementor-column-wrap elementor-element-populated\">\n\t\t\t\t\t\t\t<div class=\"elementor-widget-wrap\">\n\t\t\t\t\t\t<div class=\"elementor-element elementor-element-12b1590 elementor-widget elementor-widget-image\" data-id=\"12b1590\" data-element_type=\"widget\" data-widget_type=\"image.default\">\n\t\t\t\t<div class=\"elementor-widget-container\">\n\t\t\t\t\t\t\t\t<div class=\"elementor-image\">\n\t\t\t\t\t\t\t\t\t\t\t\t<img width=\"1024\" height=\"683\" src=\"https:\/\/www.medellin.gov.co\/es\/wp-content\/uploads\/2021\/09\/sobre-los-efectos-secundarios-de-los-anticonceptivos-inyectables-combinados.jpg\" class=\"attachment-large size-large\" alt=\"Sobre los efectos secundarios de los anticonceptivos inyectables combinados\" loading=\"lazy\" srcset=\"https:\/\/www.medellin.gov.co\/es\/wp-content\/uploads\/2021\/09\/sobre-los-efectos-secundarios-de-los-anticonceptivos-inyectables-combinados.jpg 1024w, https:\/\/www.medellin.gov.co\/es\/wp-content\/uploads\/2021\/09\/sobre-los-efectos-secundarios-de-los-anticonceptivos-inyectables-combinados-300x200.jpg 300w, https:\/\/www.medellin.gov.co\/es\/wp-content\/uploads\/2021\/09\/sobre-los-efectos-secundarios-de-los-anticonceptivos-inyectables-combinados-150x100.jpg 150w, https:\/\/www.medellin.gov.co\/es\/wp-content\/uploads\/2021\/09\/sobre-los-efectos-secundarios-de-los-anticonceptivos-inyectables-combinados-768x512.jpg 768w\" sizes=\"(max-width: 1024px) 100vw, 1024px\" \/>\t\t\t\t\t\t\t\t\t\t\t\t\t\t<\/div>\n\t\t\t\t\t\t<\/div>\n\t\t\t\t<\/div>\n\t\t\t\t\t\t<\/div>\n\t\t\t\t\t<\/div>\n\t\t<\/div>\n\t\t\t\t<div class=\"elementor-column elementor-col-50 elementor-inner-column elementor-element elementor-element-cc1785a\" data-id=\"cc1785a\" data-element_type=\"column\">\n\t\t\t<div class=\"elementor-column-wrap elementor-element-populated\">\n\t\t\t\t\t\t\t<div class=\"elementor-widget-wrap\">\n\t\t\t\t\t\t<div class=\"elementor-element elementor-element-2475a2f elementor-widget elementor-widget-text-editor\" data-id=\"2475a2f\" data-element_type=\"widget\" data-widget_type=\"text-editor.default\">\n\t\t\t\t<div class=\"elementor-widget-container\">\n\t\t\t\t\t\t\t\t<div class=\"elementor-text-editor elementor-clearfix\">\n\t\t\t\t<ul><li>Cambios en el sangrado (ausencia, disminuci\u00f3n, duraci\u00f3n de menos tiempo o prolongado) son normales y no perjudiciales.\u00a0\u00a0\u00a0\u00a0\u00a0<\/li><li>Dolor de cabeza, mareos, mayor sensibilidad en los senos y variaci\u00f3n del peso.<\/li><\/ul>\t\t\t\t\t<\/div>\n\t\t\t\t\t\t<\/div>\n\t\t\t\t<\/div>\n\t\t\t\t\t\t<\/div>\n\t\t\t\t\t<\/div>\n\t\t<\/div>\n\t\t\t\t\t\t\t\t<\/div>\n\t\t\t\t\t<\/div>\n\t\t<\/section>\n\t\t\t\t<div class=\"elementor-element elementor-element-fb561fa elementor-widget elementor-widget-heading\" data-id=\"fb561fa\" data-element_type=\"widget\" data-widget_type=\"heading.default\">\n\t\t\t\t<div class=\"elementor-widget-container\">\n\t\t\t<h2 class=\"elementor-heading-title elementor-size-default\"><b>Algunos beneficios para la salud<\/b> de los anticonceptivos inyectables combinados<\/h2>\t\t<\/div>\n\t\t\t\t<\/div>\n\t\t\t\t<div class=\"elementor-element elementor-element-4f5f171 elementor-widget elementor-widget-text-editor\" data-id=\"4f5f171\" data-element_type=\"widget\" data-widget_type=\"text-editor.default\">\n\t\t\t\t<div class=\"elementor-widget-container\">\n\t\t\t\t\t\t\t\t<div class=\"elementor-text-editor elementor-clearfix\">\n\t\t\t\t<ul><li>Protegen contra el c\u00e1ncer (matriz, ovario), los quistes ov\u00e1ricos, la anemia por deficiencia de hierro.<\/li><li>Ayudan a reducir el sangrado y los c\u00f3licos durante la menstruaci\u00f3n (s\u00edntomas del s\u00edndrome de ovario poliqu\u00edstico y de endometriosis).<\/li><\/ul>\t\t\t\t\t<\/div>\n\t\t\t\t\t\t<\/div>\n\t\t\t\t<\/div>\n\t\t\t\t<div class=\"elementor-element elementor-element-20c74e8 elementor-widget elementor-widget-heading\" data-id=\"20c74e8\" data-element_type=\"widget\" data-widget_type=\"heading.default\">\n\t\t\t\t<div class=\"elementor-widget-container\">\n\t\t\t<h2 class=\"elementor-heading-title elementor-size-default\"><b>Aclara tus dudas<\/b> sobre los anticonceptivos inyectables combinados (AIC)<\/h2>\t\t<\/div>\n\t\t\t\t<\/div>\n\t\t\t\t<section class=\"elementor-section elementor-inner-section elementor-element elementor-element-5e21c9c elementor-reverse-tablet elementor-reverse-mobile elementor-section-boxed elementor-section-height-default elementor-section-height-default\" data-id=\"5e21c9c\" data-element_type=\"section\">\n\t\t\t\t\t\t<div class=\"elementor-container elementor-column-gap-default\">\n\t\t\t\t\t\t\t<div class=\"elementor-row\">\n\t\t\t\t\t<div class=\"elementor-column elementor-col-50 elementor-inner-column elementor-element elementor-element-f7b255f\" data-id=\"f7b255f\" data-element_type=\"column\">\n\t\t\t<div class=\"elementor-column-wrap elementor-element-populated\">\n\t\t\t\t\t\t\t<div class=\"elementor-widget-wrap\">\n\t\t\t\t\t\t<div class=\"elementor-element elementor-element-7ffa1f0 elementor-widget elementor-widget-text-editor\" data-id=\"7ffa1f0\" data-element_type=\"widget\" data-widget_type=\"text-editor.default\">\n\t\t\t\t<div class=\"elementor-widget-container\">\n\t\t\t\t\t\t\t\t<div class=\"elementor-text-editor elementor-clearfix\">\n\t\t\t\t<ul><li>Pueden interrumpir la menstruaci\u00f3n, pero esto no es perjudicial. Es parecido a no tener menstruaci\u00f3n durante el embarazo, la sangre no se acumula en el cuerpo de la mujer.<\/li><li>No producen infertilidad en la mujer.<\/li><li>No causan defectos cong\u00e9nitos ni nacimientos m\u00faltiples.<\/li><li>No modifican el comportamiento sexual de la mujer.<\/li><\/ul>\t\t\t\t\t<\/div>\n\t\t\t\t\t\t<\/div>\n\t\t\t\t<\/div>\n\t\t\t\t\t\t<\/div>\n\t\t\t\t\t<\/div>\n\t\t<\/div>\n\t\t\t\t<div class=\"elementor-column elementor-col-50 elementor-inner-column elementor-element elementor-element-8a6c608\" data-id=\"8a6c608\" data-element_type=\"column\">\n\t\t\t<div class=\"elementor-column-wrap elementor-element-populated\">\n\t\t\t\t\t\t\t<div class=\"elementor-widget-wrap\">\n\t\t\t\t\t\t<div class=\"elementor-element elementor-element-8aeb26c elementor-widget elementor-widget-image\" data-id=\"8aeb26c\" data-element_type=\"widget\" data-widget_type=\"image.default\">\n\t\t\t\t<div class=\"elementor-widget-container\">\n\t\t\t\t\t\t\t\t<div class=\"elementor-image\">\n\t\t\t\t\t\t\t\t\t\t\t\t<img width=\"1024\" height=\"683\" src=\"https:\/\/www.medellin.gov.co\/es\/wp-content\/uploads\/2021\/09\/dudas-sobre-los-anticonceptivos-inyectables-combinados-1024x683.jpg\" class=\"attachment-large size-large\" alt=\"Dudas sobre los anticonceptivos inyectables combinados\" loading=\"lazy\" srcset=\"https:\/\/www.medellin.gov.co\/es\/wp-content\/uploads\/2021\/09\/dudas-sobre-los-anticonceptivos-inyectables-combinados-1024x683.jpg 1024w, https:\/\/www.medellin.gov.co\/es\/wp-content\/uploads\/2021\/09\/dudas-sobre-los-anticonceptivos-inyectables-combinados-300x200.jpg 300w, https:\/\/www.medellin.gov.co\/es\/wp-content\/uploads\/2021\/09\/dudas-sobre-los-anticonceptivos-inyectables-combinados-150x100.jpg 150w, https:\/\/www.medellin.gov.co\/es\/wp-content\/uploads\/2021\/09\/dudas-sobre-los-anticonceptivos-inyectables-combinados-768x512.jpg 768w, https:\/\/www.medellin.gov.co\/es\/wp-content\/uploads\/2021\/09\/dudas-sobre-los-anticonceptivos-inyectables-combinados.jpg 1200w\" sizes=\"(max-width: 1024px) 100vw, 1024px\" \/>\t\t\t\t\t\t\t\t\t\t\t\t\t\t<\/div>\n\t\t\t\t\t\t<\/div>\n\t\t\t\t<\/div>\n\t\t\t\t\t\t<\/div>\n\t\t\t\t\t<\/div>\n\t\t<\/div>\n\t\t\t\t\t\t\t\t<\/div>\n\t\t\t\t\t<\/div>\n\t\t<\/section>\n\t\t\t\t<div class=\"elementor-element elementor-element-d1c493e elementor-widget elementor-widget-heading\" data-id=\"d1c493e\" data-element_type=\"widget\" data-widget_type=\"heading.default\">\n\t\t\t\t<div class=\"elementor-widget-container\">\n\t\t\t<h2 class=\"elementor-heading-title elementor-size-default\"><b>Informaci\u00f3n que debes tener presente<\/b> sobre los anticonceptivos inyectables combinados (AIC)<\/h2>\t\t<\/div>\n\t\t\t\t<\/div>\n\t\t\t\t<div class=\"elementor-element elementor-element-1f1d231 elementor-widget elementor-widget-text-editor\" data-id=\"1f1d231\" data-element_type=\"widget\" data-widget_type=\"text-editor.default\">\n\t\t\t\t<div class=\"elementor-widget-container\">\n\t\t\t\t\t\t\t\t<div class=\"elementor-text-editor elementor-clearfix\">\n\t\t\t\t<ul>\n<li>Los cambios en el sangrado son frecuentes y no son perjudiciales. Lo habitual es que la menstruaci\u00f3n sea m\u00e1s leve y que el sangrado dure menos d\u00edas, sea irregular o infrecuente.<\/li>\n<li>Para que la efectividad sea \u00f3ptima es importante aplicar el AIC cada mes.<\/li>\n<li>La inyecci\u00f3n puede adelantarse o atrasarse hasta siete d\u00edas. Incluso aunque se retrase a\u00fan m\u00e1s, todav\u00eda se le puede poner la inyecci\u00f3n.<\/li>\n<\/ul>\t\t\t\t\t<\/div>\n\t\t\t\t\t\t<\/div>\n\t\t\t\t<\/div>\n\t\t\t\t\t\t<\/div>\n\t\t\t\t\t<\/div>\n\t\t<\/div>\n\t\t\t\t\t\t\t\t<\/div>\n\t\t\t\t\t<\/div>\n\t\t<\/section>\n\t\t\t\t\t\t\t\t\t<\/div>\n\t\t\t<\/div>\n\t\t\t\t\t<\/div>\n\t\t","protected":false},"excerpt":{"rendered":"<p>Anticonceptivos inyectables combinados (AIC) Los inyectables mensuales contienen dos hormonas, un progest\u00e1geno y un estr\u00f3geno, como las hormonas naturales (progesterona y estr\u00f3genos) presentes en el cuerpo de la mujer. \u00bfC\u00f3mo act\u00faan los anticonceptivos inyectables combinados? &#8230;<\/p>\n","protected":false},"author":31,"featured_media":17425,"parent":17664,"menu_order":10,"comment_status":"closed","ping_status":"closed","template":"sec-salud\/elementor.php","meta":[],"acf":[],"_links":{"self":[{"href":"https:\/\/www.medellin.gov.co\/es\/wp-json\/wp\/v2\/pages\/19033"}],"collection":[{"href":"https:\/\/www.medellin.gov.co\/es\/wp-json\/wp\/v2\/pages"}],"about":[{"href":"https:\/\/www.medellin.gov.co\/es\/wp-json\/wp\/v2\/types\/page"}],"author":[{"embeddable":true,"href":"https:\/\/www.medellin.gov.co\/es\/wp-json\/wp\/v2\/users\/31"}],"replies":[{"embeddable":true,"href":"https:\/\/www.medellin.gov.co\/es\/wp-json\/wp\/v2\/comments?post=19033"}],"version-history":[{"count":22,"href":"https:\/\/www.medellin.gov.co\/es\/wp-json\/wp\/v2\/pages\/19033\/revisions"}],"predecessor-version":[{"id":65744,"href":"https:\/\/www.medellin.gov.co\/es\/wp-json\/wp\/v2\/pages\/19033\/revisions\/65744"}],"up":[{"embeddable":true,"href":"https:\/\/www.medellin.gov.co\/es\/wp-json\/wp\/v2\/pages\/17664"}],"wp:featuredmedia":[{"embeddable":true,"href":"https:\/\/www.medellin.gov.co\/es\/wp-json\/wp\/v2\/media\/17425"}],"wp:attachment":[{"href":"https:\/\/www.medellin.gov.co\/es\/wp-json\/wp\/v2\/media?parent=19033"}],"curies":[{"name":"wp","href":"https:\/\/api.w.org\/{rel}","templated":true}]}}