{"id":19038,"date":"2021-09-29T12:12:38","date_gmt":"2021-09-29T17:12:38","guid":{"rendered":"https:\/\/www.medellin.gov.co\/es\/?page_id=19038"},"modified":"2022-06-14T16:31:42","modified_gmt":"2022-06-14T21:31:42","slug":"pildoras-anticonceptivas-de-urgencia","status":"publish","type":"page","link":"https:\/\/www.medellin.gov.co\/es\/secretaria-de-salud\/prevencion-de-embarazo-adolescente\/metodos-de-planificacion\/pildoras-anticonceptivas-de-urgencia\/","title":{"rendered":"P\u00edldoras anticonceptivas de urgencia (PAU)"},"content":{"rendered":"\t\t<div data-elementor-type=\"wp-page\" data-elementor-id=\"19038\" class=\"elementor elementor-19038\">\n\t\t\t\t\t\t<div class=\"elementor-inner\">\n\t\t\t\t<div class=\"elementor-section-wrap\">\n\t\t\t\t\t\t\t\t\t<section class=\"elementor-section elementor-top-section elementor-element elementor-element-472b6a7 elementor-section-boxed elementor-section-height-default elementor-section-height-default\" data-id=\"472b6a7\" data-element_type=\"section\">\n\t\t\t\t\t\t<div class=\"elementor-container elementor-column-gap-default\">\n\t\t\t\t\t\t\t<div class=\"elementor-row\">\n\t\t\t\t\t<div class=\"elementor-column elementor-col-100 elementor-top-column elementor-element elementor-element-39fed07\" data-id=\"39fed07\" data-element_type=\"column\">\n\t\t\t<div class=\"elementor-column-wrap elementor-element-populated\">\n\t\t\t\t\t\t\t<div class=\"elementor-widget-wrap\">\n\t\t\t\t\t\t<div class=\"elementor-element elementor-element-a9f8f10 elementor-widget elementor-widget-heading\" data-id=\"a9f8f10\" data-element_type=\"widget\" data-widget_type=\"heading.default\">\n\t\t\t\t<div class=\"elementor-widget-container\">\n\t\t\t<h1 class=\"elementor-heading-title elementor-size-default\">P\u00edldoras anticonceptivas de urgencia (PAU)<\/h1>\t\t<\/div>\n\t\t\t\t<\/div>\n\t\t\t\t<div class=\"elementor-element elementor-element-478331e elementor-widget elementor-widget-image\" data-id=\"478331e\" data-element_type=\"widget\" data-widget_type=\"image.default\">\n\t\t\t\t<div class=\"elementor-widget-container\">\n\t\t\t\t\t\t\t\t<div class=\"elementor-image\">\n\t\t\t\t\t\t\t\t\t\t\t\t<img width=\"1024\" height=\"683\" src=\"https:\/\/www.medellin.gov.co\/es\/wp-content\/uploads\/2021\/09\/sobre-las-pildoras-anticonceptivas-de-urgencia-1024x683.jpg\" class=\"attachment-large size-large\" alt=\"Sobre las p\u00edldoras anticonceptivas de urgencia\" loading=\"lazy\" srcset=\"https:\/\/www.medellin.gov.co\/es\/wp-content\/uploads\/2021\/09\/sobre-las-pildoras-anticonceptivas-de-urgencia-1024x683.jpg 1024w, https:\/\/www.medellin.gov.co\/es\/wp-content\/uploads\/2021\/09\/sobre-las-pildoras-anticonceptivas-de-urgencia-300x200.jpg 300w, https:\/\/www.medellin.gov.co\/es\/wp-content\/uploads\/2021\/09\/sobre-las-pildoras-anticonceptivas-de-urgencia-150x100.jpg 150w, https:\/\/www.medellin.gov.co\/es\/wp-content\/uploads\/2021\/09\/sobre-las-pildoras-anticonceptivas-de-urgencia-768x512.jpg 768w, https:\/\/www.medellin.gov.co\/es\/wp-content\/uploads\/2021\/09\/sobre-las-pildoras-anticonceptivas-de-urgencia.jpg 1200w\" sizes=\"(max-width: 1024px) 100vw, 1024px\" \/>\t\t\t\t\t\t\t\t\t\t\t\t\t\t<\/div>\n\t\t\t\t\t\t<\/div>\n\t\t\t\t<\/div>\n\t\t\t\t<div class=\"elementor-element elementor-element-297e619 elementor-widget elementor-widget-text-editor\" data-id=\"297e619\" data-element_type=\"widget\" data-widget_type=\"text-editor.default\">\n\t\t\t\t<div class=\"elementor-widget-container\">\n\t\t\t\t\t\t\t\t<div class=\"elementor-text-editor elementor-clearfix\">\n\t\t\t\t<p>En ocasiones se las denomina \u201cp\u00edldoras del d\u00eda despu\u00e9s\u201d o anticonceptivos poscoitales.<\/p>\t\t\t\t\t<\/div>\n\t\t\t\t\t\t<\/div>\n\t\t\t\t<\/div>\n\t\t\t\t<div class=\"elementor-element elementor-element-b723166 elementor-widget elementor-widget-heading\" data-id=\"b723166\" data-element_type=\"widget\" data-widget_type=\"heading.default\">\n\t\t\t\t<div class=\"elementor-widget-container\">\n\t\t\t<h2 class=\"elementor-heading-title elementor-size-default\">\u00bf<b>C\u00f3mo act\u00faan las p\u00edldoras<\/b> anticonceptivas de urgencia (PAU)?<\/h2>\t\t<\/div>\n\t\t\t\t<\/div>\n\t\t\t\t<div class=\"elementor-element elementor-element-5fe2a8e elementor-widget elementor-widget-text-editor\" data-id=\"5fe2a8e\" data-element_type=\"widget\" data-widget_type=\"text-editor.default\">\n\t\t\t\t<div class=\"elementor-widget-container\">\n\t\t\t\t\t\t\t\t<div class=\"elementor-text-editor elementor-clearfix\">\n\t\t\t\t<p>Act\u00faan previniendo o retrasando la liberaci\u00f3n de \u00f3vulos de los ovarios (ovulaci\u00f3n), de tal manera que no hayan \u00f3vulos que se encuentren con los espermatozoides que ingresaron durante el coito y por tanto no se d\u00e9 la fecundaci\u00f3n. No tienen efecto si la mujer ya est\u00e1 embarazada.<\/p>\t\t\t\t\t<\/div>\n\t\t\t\t\t\t<\/div>\n\t\t\t\t<\/div>\n\t\t\t\t<div class=\"elementor-element elementor-element-f4e0996 elementor-widget elementor-widget-heading\" data-id=\"f4e0996\" data-element_type=\"widget\" data-widget_type=\"heading.default\">\n\t\t\t\t<div class=\"elementor-widget-container\">\n\t\t\t<h2 class=\"elementor-heading-title elementor-size-default\">\u00bf<b>Cu\u00e1ndo hay que tomar las p\u00edldoras<\/b> anticonceptivas de urgencia (PAU)?<\/h2>\t\t<\/div>\n\t\t\t\t<\/div>\n\t\t\t\t<section class=\"elementor-section elementor-inner-section elementor-element elementor-element-ddcbbf2 elementor-section-boxed elementor-section-height-default elementor-section-height-default\" data-id=\"ddcbbf2\" data-element_type=\"section\">\n\t\t\t\t\t\t<div class=\"elementor-container elementor-column-gap-default\">\n\t\t\t\t\t\t\t<div class=\"elementor-row\">\n\t\t\t\t\t<div class=\"elementor-column elementor-col-50 elementor-inner-column elementor-element elementor-element-e5ed415\" data-id=\"e5ed415\" data-element_type=\"column\">\n\t\t\t<div class=\"elementor-column-wrap elementor-element-populated\">\n\t\t\t\t\t\t\t<div class=\"elementor-widget-wrap\">\n\t\t\t\t\t\t<div class=\"elementor-element elementor-element-1ecdba4 elementor-widget elementor-widget-image\" data-id=\"1ecdba4\" data-element_type=\"widget\" data-widget_type=\"image.default\">\n\t\t\t\t<div class=\"elementor-widget-container\">\n\t\t\t\t\t\t\t\t<div class=\"elementor-image\">\n\t\t\t\t\t\t\t\t\t\t\t\t<img width=\"1024\" height=\"771\" src=\"https:\/\/www.medellin.gov.co\/es\/wp-content\/uploads\/2021\/09\/informacion-sobre-las-pildoras-anticonceptivas-de-urgencia.jpg\" class=\"attachment-large size-large\" alt=\"Informaci\u00f3n sobre las p\u00edldoras anticonceptivas de urgencia\" loading=\"lazy\" srcset=\"https:\/\/www.medellin.gov.co\/es\/wp-content\/uploads\/2021\/09\/informacion-sobre-las-pildoras-anticonceptivas-de-urgencia.jpg 1024w, https:\/\/www.medellin.gov.co\/es\/wp-content\/uploads\/2021\/09\/informacion-sobre-las-pildoras-anticonceptivas-de-urgencia-300x226.jpg 300w, https:\/\/www.medellin.gov.co\/es\/wp-content\/uploads\/2021\/09\/informacion-sobre-las-pildoras-anticonceptivas-de-urgencia-150x113.jpg 150w, https:\/\/www.medellin.gov.co\/es\/wp-content\/uploads\/2021\/09\/informacion-sobre-las-pildoras-anticonceptivas-de-urgencia-768x578.jpg 768w\" sizes=\"(max-width: 1024px) 100vw, 1024px\" \/>\t\t\t\t\t\t\t\t\t\t\t\t\t\t<\/div>\n\t\t\t\t\t\t<\/div>\n\t\t\t\t<\/div>\n\t\t\t\t\t\t<\/div>\n\t\t\t\t\t<\/div>\n\t\t<\/div>\n\t\t\t\t<div class=\"elementor-column elementor-col-50 elementor-inner-column elementor-element elementor-element-10c1464\" data-id=\"10c1464\" data-element_type=\"column\">\n\t\t\t<div class=\"elementor-column-wrap elementor-element-populated\">\n\t\t\t\t\t\t\t<div class=\"elementor-widget-wrap\">\n\t\t\t\t\t\t<div class=\"elementor-element elementor-element-cf41dd3 elementor-widget elementor-widget-text-editor\" data-id=\"cf41dd3\" data-element_type=\"widget\" data-widget_type=\"text-editor.default\">\n\t\t\t\t<div class=\"elementor-widget-container\">\n\t\t\t\t\t\t\t\t<div class=\"elementor-text-editor elementor-clearfix\">\n\t\t\t\t<p>Lo antes posible despu\u00e9s de tener relaciones sexuales con penetraci\u00f3n sin protecci\u00f3n. Entre m\u00e1s r\u00e1pido se tomen, habr\u00e1 menos probabilidad de embarazo. Pueden ayudar a prevenir el embarazo cuando se toman hasta cinco d\u00edas despu\u00e9s de haber tenido relaciones sexuales sin protecci\u00f3n.<\/p>\t\t\t\t\t<\/div>\n\t\t\t\t\t\t<\/div>\n\t\t\t\t<\/div>\n\t\t\t\t\t\t<\/div>\n\t\t\t\t\t<\/div>\n\t\t<\/div>\n\t\t\t\t\t\t\t\t<\/div>\n\t\t\t\t\t<\/div>\n\t\t<\/section>\n\t\t\t\t<div class=\"elementor-element elementor-element-5e3d0ca elementor-widget elementor-widget-heading\" data-id=\"5e3d0ca\" data-element_type=\"widget\" data-widget_type=\"heading.default\">\n\t\t\t\t<div class=\"elementor-widget-container\">\n\t\t\t<h2 class=\"elementor-heading-title elementor-size-default\">\u00bf<b>Cu\u00e1n efectivas son las p\u00edldoras<\/b> anticonceptivas de urgencia (PAU)?<\/h2>\t\t<\/div>\n\t\t\t\t<\/div>\n\t\t\t\t<div class=\"elementor-element elementor-element-67009a1 elementor-widget elementor-widget-text-editor\" data-id=\"67009a1\" data-element_type=\"widget\" data-widget_type=\"text-editor.default\">\n\t\t\t\t<div class=\"elementor-widget-container\">\n\t\t\t\t\t\t\t\t<div class=\"elementor-text-editor elementor-clearfix\">\n\t\t\t\t<p>Por cada 100 usuarias que usaran PAU, 99 no quedar\u00edan embarazadas.<\/p><p>Despu\u00e9s de tomar las PAU, una mujer puede quedar embarazada de inmediato. Para mantenerse protegida del embarazo, la mujer debe comenzar de inmediato a utilizar un m\u00e9todo anticonceptivo de manera regular o constante.<\/p>\t\t\t\t\t<\/div>\n\t\t\t\t\t\t<\/div>\n\t\t\t\t<\/div>\n\t\t\t\t<div class=\"elementor-element elementor-element-7943e39 elementor-widget elementor-widget-heading\" data-id=\"7943e39\" data-element_type=\"widget\" data-widget_type=\"heading.default\">\n\t\t\t\t<div class=\"elementor-widget-container\">\n\t\t\t<h2 class=\"elementor-heading-title elementor-size-default\"><b>Algunos efectos secundarios<\/b> de las p\u00edldoras anticonceptivas de urgencia (PAU)<\/h2>\t\t<\/div>\n\t\t\t\t<\/div>\n\t\t\t\t<section class=\"elementor-section elementor-inner-section elementor-element elementor-element-2e9d86e elementor-section-boxed elementor-section-height-default elementor-section-height-default\" data-id=\"2e9d86e\" data-element_type=\"section\">\n\t\t\t\t\t\t<div class=\"elementor-container elementor-column-gap-default\">\n\t\t\t\t\t\t\t<div class=\"elementor-row\">\n\t\t\t\t\t<div class=\"elementor-column elementor-col-50 elementor-inner-column elementor-element elementor-element-b47b459\" data-id=\"b47b459\" data-element_type=\"column\">\n\t\t\t<div class=\"elementor-column-wrap elementor-element-populated\">\n\t\t\t\t\t\t\t<div class=\"elementor-widget-wrap\">\n\t\t\t\t\t\t<div class=\"elementor-element elementor-element-cd4232c elementor-widget elementor-widget-text-editor\" data-id=\"cd4232c\" data-element_type=\"widget\" data-widget_type=\"text-editor.default\">\n\t\t\t\t<div class=\"elementor-widget-container\">\n\t\t\t\t\t\t\t\t<div class=\"elementor-text-editor elementor-clearfix\">\n\t\t\t\t<ul>\n<li>Cambios en el sangrado (leve sangrado irregular durante uno o dos d\u00edas despu\u00e9s de tomarlas, menstruaci\u00f3n que comienza antes o despu\u00e9s de lo previsto).<\/li>\n<li>Dolor abdominal, fatiga, cefaleas, mayor sensibilidad en los senos y mareos.<\/li>\n<li>Algunos beneficios para la salud.<\/li>\n<li>Ayudan a proteger contra los riesgos de quedar embarazada cuando se ha tenido relaciones sin protecci\u00f3n y no se desea un embarazo.<\/li>\n<\/ul>\t\t\t\t\t<\/div>\n\t\t\t\t\t\t<\/div>\n\t\t\t\t<\/div>\n\t\t\t\t\t\t<\/div>\n\t\t\t\t\t<\/div>\n\t\t<\/div>\n\t\t\t\t<div class=\"elementor-column elementor-col-50 elementor-inner-column elementor-element elementor-element-954c1e0\" data-id=\"954c1e0\" data-element_type=\"column\">\n\t\t\t<div class=\"elementor-column-wrap elementor-element-populated\">\n\t\t\t\t\t\t\t<div class=\"elementor-widget-wrap\">\n\t\t\t\t\t\t<div class=\"elementor-element elementor-element-9651793 elementor-widget elementor-widget-image\" data-id=\"9651793\" data-element_type=\"widget\" data-widget_type=\"image.default\">\n\t\t\t\t<div class=\"elementor-widget-container\">\n\t\t\t\t\t\t\t\t<div class=\"elementor-image\">\n\t\t\t\t\t\t\t\t\t\t\t\t<img width=\"792\" height=\"1024\" src=\"https:\/\/www.medellin.gov.co\/es\/wp-content\/uploads\/2021\/09\/riesgos-de-las-pildoras-anticonceptivas-de-urgencia-792x1024.jpg\" class=\"attachment-large size-large\" alt=\"Riesgos de las p\u00edldoras anticonceptivas de urgencia\" loading=\"lazy\" srcset=\"https:\/\/www.medellin.gov.co\/es\/wp-content\/uploads\/2021\/09\/riesgos-de-las-pildoras-anticonceptivas-de-urgencia-792x1024.jpg 792w, https:\/\/www.medellin.gov.co\/es\/wp-content\/uploads\/2021\/09\/riesgos-de-las-pildoras-anticonceptivas-de-urgencia-232x300.jpg 232w, https:\/\/www.medellin.gov.co\/es\/wp-content\/uploads\/2021\/09\/riesgos-de-las-pildoras-anticonceptivas-de-urgencia-116x150.jpg 116w, https:\/\/www.medellin.gov.co\/es\/wp-content\/uploads\/2021\/09\/riesgos-de-las-pildoras-anticonceptivas-de-urgencia-768x993.jpg 768w, https:\/\/www.medellin.gov.co\/es\/wp-content\/uploads\/2021\/09\/riesgos-de-las-pildoras-anticonceptivas-de-urgencia.jpg 800w\" sizes=\"(max-width: 792px) 100vw, 792px\" \/>\t\t\t\t\t\t\t\t\t\t\t\t\t\t<\/div>\n\t\t\t\t\t\t<\/div>\n\t\t\t\t<\/div>\n\t\t\t\t\t\t<\/div>\n\t\t\t\t\t<\/div>\n\t\t<\/div>\n\t\t\t\t\t\t\t\t<\/div>\n\t\t\t\t\t<\/div>\n\t\t<\/section>\n\t\t\t\t<div class=\"elementor-element elementor-element-98dbd59 elementor-widget elementor-widget-heading\" data-id=\"98dbd59\" data-element_type=\"widget\" data-widget_type=\"heading.default\">\n\t\t\t\t<div class=\"elementor-widget-container\">\n\t\t\t<h2 class=\"elementor-heading-title elementor-size-default\"><b>Aclara tus dudas sobre las p\u00edldoras<\/b> anticonceptivas de urgencia (PAU)<\/h2>\t\t<\/div>\n\t\t\t\t<\/div>\n\t\t\t\t<div class=\"elementor-element elementor-element-6e11475 elementor-widget elementor-widget-text-editor\" data-id=\"6e11475\" data-element_type=\"widget\" data-widget_type=\"text-editor.default\">\n\t\t\t\t<div class=\"elementor-widget-container\">\n\t\t\t\t\t\t\t\t<div class=\"elementor-text-editor elementor-clearfix\">\n\t\t\t\t<ul><li>Pueden ser usadas por mujeres de cualquier edad, incluidas las adolescentes.<\/li><li>No causan abortos, una vez se haya dado la implantaci\u00f3n, las p\u00edldoras no tienen ning\u00fan efecto.<\/li><li>No causan defectos cong\u00e9nitos (en los beb\u00e9s) si se produce el embarazo.<\/li><li>No son peligrosas para la salud de la mujer.<\/li><li>No aumentan el comportamiento sexual de riesgo.<\/li><li>No provocan infertilidad a la mujer.<\/li><li>Pueden usarse m\u00e1s de una vez en un ciclo.<\/li><\/ul>\t\t\t\t\t<\/div>\n\t\t\t\t\t\t<\/div>\n\t\t\t\t<\/div>\n\t\t\t\t<div class=\"elementor-element elementor-element-21e5cb7 elementor-widget elementor-widget-heading\" data-id=\"21e5cb7\" data-element_type=\"widget\" data-widget_type=\"heading.default\">\n\t\t\t\t<div class=\"elementor-widget-container\">\n\t\t\t<h2 class=\"elementor-heading-title elementor-size-default\"><b>Informaci\u00f3n que debes tener presente<\/b> sobre las p\u00edldoras anticonceptivas de urgencia<\/h2>\t\t<\/div>\n\t\t\t\t<\/div>\n\t\t\t\t<div class=\"elementor-element elementor-element-cd4f5eb elementor-widget elementor-widget-text-editor\" data-id=\"cd4f5eb\" data-element_type=\"widget\" data-widget_type=\"text-editor.default\">\n\t\t\t\t<div class=\"elementor-widget-container\">\n\t\t\t\t\t\t\t\t<div class=\"elementor-text-editor elementor-clearfix\">\n\t\t\t\t<ul><li>Las PAU ayudan a prevenir el embarazo cuando se toman hasta 5 d\u00edas despu\u00e9s de haber tenido relaciones sexuales sin protecci\u00f3n. Cuanto antes se tomen, mejor.<\/li><li>Las PAU son seguras para todas las mujeres, incluidas las que no pueden usar de continuo m\u00e9todos anticonceptivos hormonales.<\/li><li>Se pueden usar varias opciones como PAU. Tanto los productos especialmente dise\u00f1ados, como los anticonceptivos orales de progest\u00e1geno solo (AOP) y los anticonceptivos orales combinados (AOC), pueden actuar como anticonceptivos de urgencia.<\/li><\/ul>\t\t\t\t\t<\/div>\n\t\t\t\t\t\t<\/div>\n\t\t\t\t<\/div>\n\t\t\t\t\t\t<\/div>\n\t\t\t\t\t<\/div>\n\t\t<\/div>\n\t\t\t\t\t\t\t\t<\/div>\n\t\t\t\t\t<\/div>\n\t\t<\/section>\n\t\t\t\t\t\t\t\t\t<\/div>\n\t\t\t<\/div>\n\t\t\t\t\t<\/div>\n\t\t","protected":false},"excerpt":{"rendered":"<p>P\u00edldoras anticonceptivas de urgencia (PAU) En ocasiones se las denomina \u201cp\u00edldoras del d\u00eda despu\u00e9s\u201d o anticonceptivos poscoitales. \u00bfC\u00f3mo act\u00faan las p\u00edldoras anticonceptivas de urgencia (PAU)? Act\u00faan previniendo o retrasando la liberaci\u00f3n de \u00f3vulos de los &#8230;<\/p>\n","protected":false},"author":31,"featured_media":17425,"parent":17664,"menu_order":20,"comment_status":"closed","ping_status":"closed","template":"sec-salud\/elementor.php","meta":[],"acf":[],"_links":{"self":[{"href":"https:\/\/www.medellin.gov.co\/es\/wp-json\/wp\/v2\/pages\/19038"}],"collection":[{"href":"https:\/\/www.medellin.gov.co\/es\/wp-json\/wp\/v2\/pages"}],"about":[{"href":"https:\/\/www.medellin.gov.co\/es\/wp-json\/wp\/v2\/types\/page"}],"author":[{"embeddable":true,"href":"https:\/\/www.medellin.gov.co\/es\/wp-json\/wp\/v2\/users\/31"}],"replies":[{"embeddable":true,"href":"https:\/\/www.medellin.gov.co\/es\/wp-json\/wp\/v2\/comments?post=19038"}],"version-history":[{"count":16,"href":"https:\/\/www.medellin.gov.co\/es\/wp-json\/wp\/v2\/pages\/19038\/revisions"}],"predecessor-version":[{"id":65728,"href":"https:\/\/www.medellin.gov.co\/es\/wp-json\/wp\/v2\/pages\/19038\/revisions\/65728"}],"up":[{"embeddable":true,"href":"https:\/\/www.medellin.gov.co\/es\/wp-json\/wp\/v2\/pages\/17664"}],"wp:featuredmedia":[{"embeddable":true,"href":"https:\/\/www.medellin.gov.co\/es\/wp-json\/wp\/v2\/media\/17425"}],"wp:attachment":[{"href":"https:\/\/www.medellin.gov.co\/es\/wp-json\/wp\/v2\/media?parent=19038"}],"curies":[{"name":"wp","href":"https:\/\/api.w.org\/{rel}","templated":true}]}}