{"id":19040,"date":"2021-09-29T12:14:22","date_gmt":"2021-09-29T17:14:22","guid":{"rendered":"https:\/\/www.medellin.gov.co\/es\/?page_id=19040"},"modified":"2022-06-14T16:31:37","modified_gmt":"2022-06-14T21:31:37","slug":"implantes-anticonceptivos","status":"publish","type":"page","link":"https:\/\/www.medellin.gov.co\/es\/secretaria-de-salud\/prevencion-de-embarazo-adolescente\/metodos-de-planificacion\/implantes-anticonceptivos\/","title":{"rendered":"Implantes anticonceptivos"},"content":{"rendered":"\t\t<div data-elementor-type=\"wp-page\" data-elementor-id=\"19040\" class=\"elementor elementor-19040\">\n\t\t\t\t\t\t<div class=\"elementor-inner\">\n\t\t\t\t<div class=\"elementor-section-wrap\">\n\t\t\t\t\t\t\t\t\t<section class=\"elementor-section elementor-top-section elementor-element elementor-element-12b8294 elementor-section-boxed elementor-section-height-default elementor-section-height-default\" data-id=\"12b8294\" data-element_type=\"section\">\n\t\t\t\t\t\t<div class=\"elementor-container elementor-column-gap-default\">\n\t\t\t\t\t\t\t<div class=\"elementor-row\">\n\t\t\t\t\t<div class=\"elementor-column elementor-col-100 elementor-top-column elementor-element elementor-element-cba6035\" data-id=\"cba6035\" data-element_type=\"column\">\n\t\t\t<div class=\"elementor-column-wrap elementor-element-populated\">\n\t\t\t\t\t\t\t<div class=\"elementor-widget-wrap\">\n\t\t\t\t\t\t<div class=\"elementor-element elementor-element-8db7b2e elementor-widget elementor-widget-heading\" data-id=\"8db7b2e\" data-element_type=\"widget\" data-widget_type=\"heading.default\">\n\t\t\t\t<div class=\"elementor-widget-container\">\n\t\t\t<h1 class=\"elementor-heading-title elementor-size-default\">Implantes anticonceptivos<\/h1>\t\t<\/div>\n\t\t\t\t<\/div>\n\t\t\t\t<div class=\"elementor-element elementor-element-2ebd1db elementor-widget elementor-widget-image\" data-id=\"2ebd1db\" data-element_type=\"widget\" data-widget_type=\"image.default\">\n\t\t\t\t<div class=\"elementor-widget-container\">\n\t\t\t\t\t\t\t\t<div class=\"elementor-image\">\n\t\t\t\t\t\t\t\t\t\t\t\t<img width=\"1024\" height=\"769\" src=\"https:\/\/www.medellin.gov.co\/es\/wp-content\/uploads\/2021\/09\/informacion-sobre-los-implantes-anticonceptivos-1024x769.jpg\" class=\"attachment-large size-large\" alt=\"Informaci\u00f3n sobre los implantes anticonceptivos\" loading=\"lazy\" srcset=\"https:\/\/www.medellin.gov.co\/es\/wp-content\/uploads\/2021\/09\/informacion-sobre-los-implantes-anticonceptivos-1024x769.jpg 1024w, https:\/\/www.medellin.gov.co\/es\/wp-content\/uploads\/2021\/09\/informacion-sobre-los-implantes-anticonceptivos-300x225.jpg 300w, https:\/\/www.medellin.gov.co\/es\/wp-content\/uploads\/2021\/09\/informacion-sobre-los-implantes-anticonceptivos-150x113.jpg 150w, https:\/\/www.medellin.gov.co\/es\/wp-content\/uploads\/2021\/09\/informacion-sobre-los-implantes-anticonceptivos-768x577.jpg 768w, https:\/\/www.medellin.gov.co\/es\/wp-content\/uploads\/2021\/09\/informacion-sobre-los-implantes-anticonceptivos.jpg 1200w\" sizes=\"(max-width: 1024px) 100vw, 1024px\" \/>\t\t\t\t\t\t\t\t\t\t\t\t\t\t<\/div>\n\t\t\t\t\t\t<\/div>\n\t\t\t\t<\/div>\n\t\t\t\t<div class=\"elementor-element elementor-element-24bcbdf elementor-widget elementor-widget-text-editor\" data-id=\"24bcbdf\" data-element_type=\"widget\" data-widget_type=\"text-editor.default\">\n\t\t\t\t<div class=\"elementor-widget-container\">\n\t\t\t\t\t\t\t\t<div class=\"elementor-text-editor elementor-clearfix\">\n\t\t\t\t<p>Son peque\u00f1as varillas de pl\u00e1stico, cada una aproximadamente del tama\u00f1o de un f\u00f3sforo, que liberan un progest\u00e1geno parecido a la progesterona natural, presente en el cuerpo de la mujer. A trav\u00e9s de un procedimiento quir\u00fargico menor, se colocan una o dos varillas bajo la piel de la cara interna del brazo.<\/p><p>No contienen estr\u00f3genos, por lo que se pueden utilizar durante toda la lactancia materna y los pueden usar mujeres en las que no est\u00e1n indicados los m\u00e9todos anticonceptivos con estr\u00f3genos.<\/p>\t\t\t\t\t<\/div>\n\t\t\t\t\t\t<\/div>\n\t\t\t\t<\/div>\n\t\t\t\t<div class=\"elementor-element elementor-element-59990c5 elementor-widget elementor-widget-heading\" data-id=\"59990c5\" data-element_type=\"widget\" data-widget_type=\"heading.default\">\n\t\t\t\t<div class=\"elementor-widget-container\">\n\t\t\t<h2 class=\"elementor-heading-title elementor-size-default\">\u00bf<b>C\u00f3mo act\u00faan<\/b> los implantes anticonceptivos?<\/h2>\t\t<\/div>\n\t\t\t\t<\/div>\n\t\t\t\t<div class=\"elementor-element elementor-element-2a0407e elementor-widget elementor-widget-text-editor\" data-id=\"2a0407e\" data-element_type=\"widget\" data-widget_type=\"text-editor.default\">\n\t\t\t\t<div class=\"elementor-widget-container\">\n\t\t\t\t\t\t\t\t<div class=\"elementor-text-editor elementor-clearfix\">\n\t\t\t\t<ul><li>Impiden la liberaci\u00f3n de \u00f3vulos de los ovarios (ovulaci\u00f3n).<\/li><li>Espesan el moco cervical (esto impide que los espermatozoides lleguen al \u00f3vulo).<\/li><\/ul>\t\t\t\t\t<\/div>\n\t\t\t\t\t\t<\/div>\n\t\t\t\t<\/div>\n\t\t\t\t<div class=\"elementor-element elementor-element-f886250 elementor-widget elementor-widget-heading\" data-id=\"f886250\" data-element_type=\"widget\" data-widget_type=\"heading.default\">\n\t\t\t\t<div class=\"elementor-widget-container\">\n\t\t\t<h2 class=\"elementor-heading-title elementor-size-default\">\u00bf<b>Cu\u00e1n efectivos<\/b> son los implantes anticonceptivos?<\/h2>\t\t<\/div>\n\t\t\t\t<\/div>\n\t\t\t\t<section class=\"elementor-section elementor-inner-section elementor-element elementor-element-cd97650 elementor-section-boxed elementor-section-height-default elementor-section-height-default\" data-id=\"cd97650\" data-element_type=\"section\">\n\t\t\t\t\t\t<div class=\"elementor-container elementor-column-gap-default\">\n\t\t\t\t\t\t\t<div class=\"elementor-row\">\n\t\t\t\t\t<div class=\"elementor-column elementor-col-50 elementor-inner-column elementor-element elementor-element-fac404c\" data-id=\"fac404c\" data-element_type=\"column\">\n\t\t\t<div class=\"elementor-column-wrap elementor-element-populated\">\n\t\t\t\t\t\t\t<div class=\"elementor-widget-wrap\">\n\t\t\t\t\t\t<div class=\"elementor-element elementor-element-b8ab382 elementor-widget elementor-widget-image\" data-id=\"b8ab382\" data-element_type=\"widget\" data-widget_type=\"image.default\">\n\t\t\t\t<div class=\"elementor-widget-container\">\n\t\t\t\t\t\t\t\t<div class=\"elementor-image\">\n\t\t\t\t\t\t\t\t\t\t\t\t<img width=\"1024\" height=\"656\" src=\"https:\/\/www.medellin.gov.co\/es\/wp-content\/uploads\/2021\/09\/efectividad-de-los-implantes-anticonceptivos.jpg\" class=\"attachment-large size-large\" alt=\"Efectividad de los implantes anticonceptivos\" loading=\"lazy\" srcset=\"https:\/\/www.medellin.gov.co\/es\/wp-content\/uploads\/2021\/09\/efectividad-de-los-implantes-anticonceptivos.jpg 1024w, https:\/\/www.medellin.gov.co\/es\/wp-content\/uploads\/2021\/09\/efectividad-de-los-implantes-anticonceptivos-300x192.jpg 300w, https:\/\/www.medellin.gov.co\/es\/wp-content\/uploads\/2021\/09\/efectividad-de-los-implantes-anticonceptivos-150x96.jpg 150w, https:\/\/www.medellin.gov.co\/es\/wp-content\/uploads\/2021\/09\/efectividad-de-los-implantes-anticonceptivos-768x492.jpg 768w\" sizes=\"(max-width: 1024px) 100vw, 1024px\" \/>\t\t\t\t\t\t\t\t\t\t\t\t\t\t<\/div>\n\t\t\t\t\t\t<\/div>\n\t\t\t\t<\/div>\n\t\t\t\t\t\t<\/div>\n\t\t\t\t\t<\/div>\n\t\t<\/div>\n\t\t\t\t<div class=\"elementor-column elementor-col-50 elementor-inner-column elementor-element elementor-element-a7b27f3\" data-id=\"a7b27f3\" data-element_type=\"column\">\n\t\t\t<div class=\"elementor-column-wrap elementor-element-populated\">\n\t\t\t\t\t\t\t<div class=\"elementor-widget-wrap\">\n\t\t\t\t\t\t<div class=\"elementor-element elementor-element-26faa8e elementor-widget elementor-widget-text-editor\" data-id=\"26faa8e\" data-element_type=\"widget\" data-widget_type=\"text-editor.default\">\n\t\t\t\t<div class=\"elementor-widget-container\">\n\t\t\t\t\t\t\t\t<div class=\"elementor-text-editor elementor-clearfix\">\n\t\t\t\t<ul><li>Es uno de los m\u00e9todos m\u00e1s efectivos y duraderos, dura hasta cinco a\u00f1os.<\/li><li>Mucho menos de un embarazo por cada cien usuarias que lo usaran no quedan embarazadas.<\/li><li>En las mujeres con m\u00e1s peso (sobrepeso), la efectividad de Jadelle y Levoplant puede disminuir hacia el final de la duraci\u00f3n del uso que se indica en la informaci\u00f3n sobre el producto, por lo que se sugiere reemplazar los implantes antes.<\/li><\/ul>\t\t\t\t\t<\/div>\n\t\t\t\t\t\t<\/div>\n\t\t\t\t<\/div>\n\t\t\t\t\t\t<\/div>\n\t\t\t\t\t<\/div>\n\t\t<\/div>\n\t\t\t\t\t\t\t\t<\/div>\n\t\t\t\t\t<\/div>\n\t\t<\/section>\n\t\t\t\t<div class=\"elementor-element elementor-element-7052ba2 elementor-widget elementor-widget-heading\" data-id=\"7052ba2\" data-element_type=\"widget\" data-widget_type=\"heading.default\">\n\t\t\t\t<div class=\"elementor-widget-container\">\n\t\t\t<h2 class=\"elementor-heading-title elementor-size-default\"><b>Algunos efectos secundarios<\/b> de los implantes anticonceptivos<\/h2>\t\t<\/div>\n\t\t\t\t<\/div>\n\t\t\t\t<div class=\"elementor-element elementor-element-83eb90b elementor-widget elementor-widget-text-editor\" data-id=\"83eb90b\" data-element_type=\"widget\" data-widget_type=\"text-editor.default\">\n\t\t\t\t<div class=\"elementor-widget-container\">\n\t\t\t\t\t\t\t\t<div class=\"elementor-text-editor elementor-clearfix\">\n\t\t\t\t<ul><li>Cambios en el sangrado (sangrado escaso y durante menos d\u00edas en comparaci\u00f3n con los periodos anteriores, sangrado prolongado, sangrado irregular, ausencia de menstruaci\u00f3n). Son normales y no son perjudiciales.<\/li><li>Cefaleas, dolor abdominal, acn\u00e9 (puede mejorar o empeorar), variaci\u00f3n del peso, mayor sensibilidad en los senos, mareos, cambios en el estado de \u00e1nimo y n\u00e1useas.<\/li><\/ul>\t\t\t\t\t<\/div>\n\t\t\t\t\t\t<\/div>\n\t\t\t\t<\/div>\n\t\t\t\t<div class=\"elementor-element elementor-element-9f15997 elementor-widget elementor-widget-heading\" data-id=\"9f15997\" data-element_type=\"widget\" data-widget_type=\"heading.default\">\n\t\t\t\t<div class=\"elementor-widget-container\">\n\t\t\t<h2 class=\"elementor-heading-title elementor-size-default\"><b>Algunos beneficios para la salud<\/b> de los implantes anticonceptivos<\/h2>\t\t<\/div>\n\t\t\t\t<\/div>\n\t\t\t\t<div class=\"elementor-element elementor-element-e392ce7 elementor-widget elementor-widget-text-editor\" data-id=\"e392ce7\" data-element_type=\"widget\" data-widget_type=\"text-editor.default\">\n\t\t\t\t<div class=\"elementor-widget-container\">\n\t\t\t\t\t\t\t\t<div class=\"elementor-text-editor elementor-clearfix\">\n\t\t\t\t<ul><li>Ayudan a proteger contra los riesgos de embarazo, incluido el ect\u00f3pico (quiere decir que la implantaci\u00f3n del \u00f3vulo fecundado no ocurre en el fondo del \u00fatero). Tambi\u00e9n\u00a0 contra la enfermedad inflamatoria p\u00e9lvica (infecci\u00f3n del aparato genital femenino) sintom\u00e1tica.<\/li><li>Pueden ayudar a proteger contra la anemia ferrop\u00e9nica.<\/li><\/ul>\t\t\t\t\t<\/div>\n\t\t\t\t\t\t<\/div>\n\t\t\t\t<\/div>\n\t\t\t\t<div class=\"elementor-element elementor-element-81ffd3e elementor-widget elementor-widget-heading\" data-id=\"81ffd3e\" data-element_type=\"widget\" data-widget_type=\"heading.default\">\n\t\t\t\t<div class=\"elementor-widget-container\">\n\t\t\t<h2 class=\"elementor-heading-title elementor-size-default\"><b>Complicaciones <\/b>que pueden tener los implantes anticonceptivos<\/h2>\t\t<\/div>\n\t\t\t\t<\/div>\n\t\t\t\t<section class=\"elementor-section elementor-inner-section elementor-element elementor-element-207ddb4 elementor-section-boxed elementor-section-height-default elementor-section-height-default\" data-id=\"207ddb4\" data-element_type=\"section\">\n\t\t\t\t\t\t<div class=\"elementor-container elementor-column-gap-default\">\n\t\t\t\t\t\t\t<div class=\"elementor-row\">\n\t\t\t\t\t<div class=\"elementor-column elementor-col-50 elementor-inner-column elementor-element elementor-element-c5269a5\" data-id=\"c5269a5\" data-element_type=\"column\">\n\t\t\t<div class=\"elementor-column-wrap elementor-element-populated\">\n\t\t\t\t\t\t\t<div class=\"elementor-widget-wrap\">\n\t\t\t\t\t\t<div class=\"elementor-element elementor-element-0205aa4 elementor-widget elementor-widget-image\" data-id=\"0205aa4\" data-element_type=\"widget\" data-widget_type=\"image.default\">\n\t\t\t\t<div class=\"elementor-widget-container\">\n\t\t\t\t\t\t\t\t<div class=\"elementor-image\">\n\t\t\t\t\t\t\t\t\t\t\t\t<img width=\"1024\" height=\"683\" src=\"https:\/\/www.medellin.gov.co\/es\/wp-content\/uploads\/2021\/09\/riesgos-de-los-implantes-anticonceptivos-1024x683.jpg\" class=\"attachment-large size-large\" alt=\"Riesgos de los implantes anticonceptivos\" loading=\"lazy\" srcset=\"https:\/\/www.medellin.gov.co\/es\/wp-content\/uploads\/2021\/09\/riesgos-de-los-implantes-anticonceptivos-1024x683.jpg 1024w, https:\/\/www.medellin.gov.co\/es\/wp-content\/uploads\/2021\/09\/riesgos-de-los-implantes-anticonceptivos-300x200.jpg 300w, https:\/\/www.medellin.gov.co\/es\/wp-content\/uploads\/2021\/09\/riesgos-de-los-implantes-anticonceptivos-150x100.jpg 150w, https:\/\/www.medellin.gov.co\/es\/wp-content\/uploads\/2021\/09\/riesgos-de-los-implantes-anticonceptivos-768x512.jpg 768w, https:\/\/www.medellin.gov.co\/es\/wp-content\/uploads\/2021\/09\/riesgos-de-los-implantes-anticonceptivos.jpg 1200w\" sizes=\"(max-width: 1024px) 100vw, 1024px\" \/>\t\t\t\t\t\t\t\t\t\t\t\t\t\t<\/div>\n\t\t\t\t\t\t<\/div>\n\t\t\t\t<\/div>\n\t\t\t\t\t\t<\/div>\n\t\t\t\t\t<\/div>\n\t\t<\/div>\n\t\t\t\t<div class=\"elementor-column elementor-col-50 elementor-inner-column elementor-element elementor-element-23f48c4\" data-id=\"23f48c4\" data-element_type=\"column\">\n\t\t\t<div class=\"elementor-column-wrap elementor-element-populated\">\n\t\t\t\t\t\t\t<div class=\"elementor-widget-wrap\">\n\t\t\t\t\t\t<div class=\"elementor-element elementor-element-428ec3c elementor-widget elementor-widget-text-editor\" data-id=\"428ec3c\" data-element_type=\"widget\" data-widget_type=\"text-editor.default\">\n\t\t\t\t<div class=\"elementor-widget-container\">\n\t\t\t\t\t\t\t\t<div class=\"elementor-text-editor elementor-clearfix\">\n\t\t\t\t<ul><li>Poco frecuentes: infecci\u00f3n en el lugar de la inserci\u00f3n (la mayor\u00eda de las infecciones se presentan en los dos primeros meses despu\u00e9s de la inserci\u00f3n). Otra complicaci\u00f3n puede ser la extracci\u00f3n dif\u00edcil.<\/li><li>Raras: expulsi\u00f3n del implante, las cuales suelen ocurrir en los cuatro primeros meses despu\u00e9s de la inserci\u00f3n.<\/li><\/ul>\t\t\t\t\t<\/div>\n\t\t\t\t\t\t<\/div>\n\t\t\t\t<\/div>\n\t\t\t\t\t\t<\/div>\n\t\t\t\t\t<\/div>\n\t\t<\/div>\n\t\t\t\t\t\t\t\t<\/div>\n\t\t\t\t\t<\/div>\n\t\t<\/section>\n\t\t\t\t<div class=\"elementor-element elementor-element-ba368ea elementor-widget elementor-widget-heading\" data-id=\"ba368ea\" data-element_type=\"widget\" data-widget_type=\"heading.default\">\n\t\t\t\t<div class=\"elementor-widget-container\">\n\t\t\t<h2 class=\"elementor-heading-title elementor-size-default\"><b>Aclara tus dudas<\/b> sobre los implantes anticonceptivos<\/h2>\t\t<\/div>\n\t\t\t\t<\/div>\n\t\t\t\t<div class=\"elementor-element elementor-element-cca8256 elementor-widget elementor-widget-text-editor\" data-id=\"cca8256\" data-element_type=\"widget\" data-widget_type=\"text-editor.default\">\n\t\t\t\t<div class=\"elementor-widget-container\">\n\t\t\t\t\t\t\t\t<div class=\"elementor-text-editor elementor-clearfix\">\n\t\t\t\t<ul><li>Dejan de funcionar una vez retirados. Sus hormonas no permanecen en el cuerpo de la mujer.<\/li><li>No causan ning\u00fan da\u00f1o si detienen la menstruaci\u00f3n. Es parecido a no tener la menstruaci\u00f3n durante el embarazo, la sangre no se acumula en el cuerpo de la mujer.<\/li><li>No provocan infertilidad en la mujer.<\/li><li>Una vez cumplido el tiempo m\u00e1ximo de inserci\u00f3n, as\u00ed se deje el implante, este ya no protege frente a un embarazo.<\/li><\/ul>\t\t\t\t\t<\/div>\n\t\t\t\t\t\t<\/div>\n\t\t\t\t<\/div>\n\t\t\t\t<div class=\"elementor-element elementor-element-a9d13b8 elementor-widget elementor-widget-heading\" data-id=\"a9d13b8\" data-element_type=\"widget\" data-widget_type=\"heading.default\">\n\t\t\t\t<div class=\"elementor-widget-container\">\n\t\t\t<h2 class=\"elementor-heading-title elementor-size-default\"><b>Informaci\u00f3n que debes tener presente<\/b> sobre los implantes anticonceptivos<\/h2>\t\t<\/div>\n\t\t\t\t<\/div>\n\t\t\t\t<div class=\"elementor-element elementor-element-db9557d elementor-widget elementor-widget-text-editor\" data-id=\"db9557d\" data-element_type=\"widget\" data-widget_type=\"text-editor.default\">\n\t\t\t\t<div class=\"elementor-widget-container\">\n\t\t\t\t\t\t\t\t<div class=\"elementor-text-editor elementor-clearfix\">\n\t\t\t\t<ul>\n<li>Brindan protecci\u00f3n a largo plazo frente al embarazo. Son muy efectivos durante un per\u00edodo de hasta cinco a\u00f1os, dependiendo del tipo de implante. Son reversibles de inmediato.<\/li>\n<li>Una vez colocado el implante la usuaria tiene poco m\u00e1s que hacer.&nbsp;<\/li>\n<li>Los cambios en el sangrado son frecuentes, pero no son perjudiciales. Normalmente se trata de sangrado irregular prolongado durante el primer a\u00f1o y luego sangrado m\u00e1s leve y m\u00e1s regular, sangrado poco frecuente o ausencia de sangrado.<\/li>\n<\/ul>\t\t\t\t\t<\/div>\n\t\t\t\t\t\t<\/div>\n\t\t\t\t<\/div>\n\t\t\t\t\t\t<\/div>\n\t\t\t\t\t<\/div>\n\t\t<\/div>\n\t\t\t\t\t\t\t\t<\/div>\n\t\t\t\t\t<\/div>\n\t\t<\/section>\n\t\t\t\t\t\t\t\t\t<\/div>\n\t\t\t<\/div>\n\t\t\t\t\t<\/div>\n\t\t","protected":false},"excerpt":{"rendered":"<p>Implantes anticonceptivos Son peque\u00f1as varillas de pl\u00e1stico, cada una aproximadamente del tama\u00f1o de un f\u00f3sforo, que liberan un progest\u00e1geno parecido a la progesterona natural, presente en el cuerpo de la mujer. A trav\u00e9s de un &#8230;<\/p>\n","protected":false},"author":31,"featured_media":17425,"parent":17664,"menu_order":25,"comment_status":"closed","ping_status":"closed","template":"sec-salud\/elementor.php","meta":[],"acf":[],"_links":{"self":[{"href":"https:\/\/www.medellin.gov.co\/es\/wp-json\/wp\/v2\/pages\/19040"}],"collection":[{"href":"https:\/\/www.medellin.gov.co\/es\/wp-json\/wp\/v2\/pages"}],"about":[{"href":"https:\/\/www.medellin.gov.co\/es\/wp-json\/wp\/v2\/types\/page"}],"author":[{"embeddable":true,"href":"https:\/\/www.medellin.gov.co\/es\/wp-json\/wp\/v2\/users\/31"}],"replies":[{"embeddable":true,"href":"https:\/\/www.medellin.gov.co\/es\/wp-json\/wp\/v2\/comments?post=19040"}],"version-history":[{"count":19,"href":"https:\/\/www.medellin.gov.co\/es\/wp-json\/wp\/v2\/pages\/19040\/revisions"}],"predecessor-version":[{"id":65725,"href":"https:\/\/www.medellin.gov.co\/es\/wp-json\/wp\/v2\/pages\/19040\/revisions\/65725"}],"up":[{"embeddable":true,"href":"https:\/\/www.medellin.gov.co\/es\/wp-json\/wp\/v2\/pages\/17664"}],"wp:featuredmedia":[{"embeddable":true,"href":"https:\/\/www.medellin.gov.co\/es\/wp-json\/wp\/v2\/media\/17425"}],"wp:attachment":[{"href":"https:\/\/www.medellin.gov.co\/es\/wp-json\/wp\/v2\/media?parent=19040"}],"curies":[{"name":"wp","href":"https:\/\/api.w.org\/{rel}","templated":true}]}}