{"id":19042,"date":"2021-09-29T12:16:19","date_gmt":"2021-09-29T17:16:19","guid":{"rendered":"https:\/\/www.medellin.gov.co\/es\/?page_id=19042"},"modified":"2022-06-14T16:31:59","modified_gmt":"2022-06-14T21:31:59","slug":"dispositivo-intrauterino-de-cobre","status":"publish","type":"page","link":"https:\/\/www.medellin.gov.co\/es\/secretaria-de-salud\/prevencion-de-embarazo-adolescente\/metodos-de-planificacion\/dispositivo-intrauterino-de-cobre\/","title":{"rendered":"Dispositivo intrauterino de cobre (DIU)"},"content":{"rendered":"\t\t<div data-elementor-type=\"wp-page\" data-elementor-id=\"19042\" class=\"elementor elementor-19042\">\n\t\t\t\t\t\t<div class=\"elementor-inner\">\n\t\t\t\t<div class=\"elementor-section-wrap\">\n\t\t\t\t\t\t\t\t\t<section class=\"elementor-section elementor-top-section elementor-element elementor-element-863161d elementor-section-boxed elementor-section-height-default elementor-section-height-default\" data-id=\"863161d\" data-element_type=\"section\">\n\t\t\t\t\t\t<div class=\"elementor-container elementor-column-gap-default\">\n\t\t\t\t\t\t\t<div class=\"elementor-row\">\n\t\t\t\t\t<div class=\"elementor-column elementor-col-100 elementor-top-column elementor-element elementor-element-f246bae\" data-id=\"f246bae\" data-element_type=\"column\">\n\t\t\t<div class=\"elementor-column-wrap elementor-element-populated\">\n\t\t\t\t\t\t\t<div class=\"elementor-widget-wrap\">\n\t\t\t\t\t\t<div class=\"elementor-element elementor-element-986200d elementor-widget elementor-widget-heading\" data-id=\"986200d\" data-element_type=\"widget\" data-widget_type=\"heading.default\">\n\t\t\t\t<div class=\"elementor-widget-container\">\n\t\t\t<h1 class=\"elementor-heading-title elementor-size-default\">Dispositivo intrauterino de cobre (DIU)<\/h1>\t\t<\/div>\n\t\t\t\t<\/div>\n\t\t\t\t<section class=\"elementor-section elementor-inner-section elementor-element elementor-element-56880f5 elementor-section-boxed elementor-section-height-default elementor-section-height-default\" data-id=\"56880f5\" data-element_type=\"section\">\n\t\t\t\t\t\t<div class=\"elementor-container elementor-column-gap-default\">\n\t\t\t\t\t\t\t<div class=\"elementor-row\">\n\t\t\t\t\t<div class=\"elementor-column elementor-col-50 elementor-inner-column elementor-element elementor-element-3ec60ba\" data-id=\"3ec60ba\" data-element_type=\"column\">\n\t\t\t<div class=\"elementor-column-wrap elementor-element-populated\">\n\t\t\t\t\t\t\t<div class=\"elementor-widget-wrap\">\n\t\t\t\t\t\t<div class=\"elementor-element elementor-element-38d6d75 elementor-widget elementor-widget-image\" data-id=\"38d6d75\" data-element_type=\"widget\" data-widget_type=\"image.default\">\n\t\t\t\t<div class=\"elementor-widget-container\">\n\t\t\t\t\t\t\t\t<div class=\"elementor-image\">\n\t\t\t\t\t\t\t\t\t\t\t\t<img width=\"1024\" height=\"765\" src=\"https:\/\/www.medellin.gov.co\/es\/wp-content\/uploads\/2021\/09\/informacion-sobre-el-dispositivo-intrauterino-de-cobre.jpg\" class=\"attachment-large size-large\" alt=\"Informaci\u00f3n sobre el dispositivo intrauterino de cobre\" loading=\"lazy\" srcset=\"https:\/\/www.medellin.gov.co\/es\/wp-content\/uploads\/2021\/09\/informacion-sobre-el-dispositivo-intrauterino-de-cobre.jpg 1024w, https:\/\/www.medellin.gov.co\/es\/wp-content\/uploads\/2021\/09\/informacion-sobre-el-dispositivo-intrauterino-de-cobre-300x224.jpg 300w, https:\/\/www.medellin.gov.co\/es\/wp-content\/uploads\/2021\/09\/informacion-sobre-el-dispositivo-intrauterino-de-cobre-150x112.jpg 150w, https:\/\/www.medellin.gov.co\/es\/wp-content\/uploads\/2021\/09\/informacion-sobre-el-dispositivo-intrauterino-de-cobre-768x574.jpg 768w\" sizes=\"(max-width: 1024px) 100vw, 1024px\" \/>\t\t\t\t\t\t\t\t\t\t\t\t\t\t<\/div>\n\t\t\t\t\t\t<\/div>\n\t\t\t\t<\/div>\n\t\t\t\t\t\t<\/div>\n\t\t\t\t\t<\/div>\n\t\t<\/div>\n\t\t\t\t<div class=\"elementor-column elementor-col-50 elementor-inner-column elementor-element elementor-element-8d58414\" data-id=\"8d58414\" data-element_type=\"column\">\n\t\t\t<div class=\"elementor-column-wrap elementor-element-populated\">\n\t\t\t\t\t\t\t<div class=\"elementor-widget-wrap\">\n\t\t\t\t\t\t<div class=\"elementor-element elementor-element-092a3be elementor-widget elementor-widget-text-editor\" data-id=\"092a3be\" data-element_type=\"widget\" data-widget_type=\"text-editor.default\">\n\t\t\t\t<div class=\"elementor-widget-container\">\n\t\t\t\t\t\t\t\t<div class=\"elementor-text-editor elementor-clearfix\">\n\t\t\t\t<p>El dispositivo intrauterino (DIU) de cobre, es un peque\u00f1o aparato de pl\u00e1stico flexible, rodeado de manguitos o alambres de cobre en forma de T, por lo que tambi\u00e9n se le conoce como la \u201cT de cobre\u201d. Se coloca en el \u00fatero de la mujer por v\u00eda vaginal, pasando por el cuello uterino. Casi todos los tipos de DIU llevan atados uno o dos hilos o hebras que pasan a trav\u00e9s del cuello uterino y quedan colgando en la vagina, lo que facilita que la mujer pueda verificar que el dispositivo contin\u00faa en su lugar.<\/p>\t\t\t\t\t<\/div>\n\t\t\t\t\t\t<\/div>\n\t\t\t\t<\/div>\n\t\t\t\t\t\t<\/div>\n\t\t\t\t\t<\/div>\n\t\t<\/div>\n\t\t\t\t\t\t\t\t<\/div>\n\t\t\t\t\t<\/div>\n\t\t<\/section>\n\t\t\t\t<div class=\"elementor-element elementor-element-b63837a elementor-widget elementor-widget-heading\" data-id=\"b63837a\" data-element_type=\"widget\" data-widget_type=\"heading.default\">\n\t\t\t\t<div class=\"elementor-widget-container\">\n\t\t\t<h2 class=\"elementor-heading-title elementor-size-default\">\u00bf<b>C\u00f3mo act\u00faa el dispositivo<\/b> intrauterino de cobre (DIU)?<\/h2>\t\t<\/div>\n\t\t\t\t<\/div>\n\t\t\t\t<div class=\"elementor-element elementor-element-1214efe elementor-widget elementor-widget-text-editor\" data-id=\"1214efe\" data-element_type=\"widget\" data-widget_type=\"text-editor.default\">\n\t\t\t\t<div class=\"elementor-widget-container\">\n\t\t\t\t\t\t\t\t<div class=\"elementor-text-editor elementor-clearfix\">\n\t\t\t\t<p>Funciona fundamentalmente provocando una modificaci\u00f3n qu\u00edmica que altera a los espermatozoides y al \u00f3vulo antes de que lleguen a encontrarse.<\/p>\t\t\t\t\t<\/div>\n\t\t\t\t\t\t<\/div>\n\t\t\t\t<\/div>\n\t\t\t\t<div class=\"elementor-element elementor-element-97355c6 elementor-widget elementor-widget-heading\" data-id=\"97355c6\" data-element_type=\"widget\" data-widget_type=\"heading.default\">\n\t\t\t\t<div class=\"elementor-widget-container\">\n\t\t\t<h2 class=\"elementor-heading-title elementor-size-default\">\u00bf<b>Cu\u00e1n efectivo es el dispositivo<\/b> intrauterino de cobre (DIU)?<\/h2>\t\t<\/div>\n\t\t\t\t<\/div>\n\t\t\t\t<section class=\"elementor-section elementor-inner-section elementor-element elementor-element-f4ed68b elementor-reverse-tablet elementor-reverse-mobile elementor-section-boxed elementor-section-height-default elementor-section-height-default\" data-id=\"f4ed68b\" data-element_type=\"section\">\n\t\t\t\t\t\t<div class=\"elementor-container elementor-column-gap-default\">\n\t\t\t\t\t\t\t<div class=\"elementor-row\">\n\t\t\t\t\t<div class=\"elementor-column elementor-col-50 elementor-inner-column elementor-element elementor-element-09fe8be\" data-id=\"09fe8be\" data-element_type=\"column\">\n\t\t\t<div class=\"elementor-column-wrap elementor-element-populated\">\n\t\t\t\t\t\t\t<div class=\"elementor-widget-wrap\">\n\t\t\t\t\t\t<div class=\"elementor-element elementor-element-28388fb elementor-widget elementor-widget-text-editor\" data-id=\"28388fb\" data-element_type=\"widget\" data-widget_type=\"text-editor.default\">\n\t\t\t\t<div class=\"elementor-widget-container\">\n\t\t\t\t\t\t\t\t<div class=\"elementor-text-editor elementor-clearfix\">\n\t\t\t\t<ul><li>Es uno de los m\u00e9todos m\u00e1s efectivos y de acci\u00f3n m\u00e1s prolongada, dura hasta 12 a\u00f1os.<\/li><li>Mucho menos de un embarazo por cada cien usuarias que lo usaran no quedan embarazadas.<\/li><\/ul>\t\t\t\t\t<\/div>\n\t\t\t\t\t\t<\/div>\n\t\t\t\t<\/div>\n\t\t\t\t\t\t<\/div>\n\t\t\t\t\t<\/div>\n\t\t<\/div>\n\t\t\t\t<div class=\"elementor-column elementor-col-50 elementor-inner-column elementor-element elementor-element-7f181f6\" data-id=\"7f181f6\" data-element_type=\"column\">\n\t\t\t<div class=\"elementor-column-wrap elementor-element-populated\">\n\t\t\t\t\t\t\t<div class=\"elementor-widget-wrap\">\n\t\t\t\t\t\t<div class=\"elementor-element elementor-element-74c86fc elementor-widget elementor-widget-image\" data-id=\"74c86fc\" data-element_type=\"widget\" data-widget_type=\"image.default\">\n\t\t\t\t<div class=\"elementor-widget-container\">\n\t\t\t\t\t\t\t\t<div class=\"elementor-image\">\n\t\t\t\t\t\t\t\t\t\t\t\t<img width=\"1024\" height=\"710\" src=\"https:\/\/www.medellin.gov.co\/es\/wp-content\/uploads\/2021\/09\/efectividad-del-dispositivos-intrauterinos-de-cobre.jpg\" class=\"attachment-large size-large\" alt=\"Efectividad del dispositivos intrauterinos de cobre\" loading=\"lazy\" srcset=\"https:\/\/www.medellin.gov.co\/es\/wp-content\/uploads\/2021\/09\/efectividad-del-dispositivos-intrauterinos-de-cobre.jpg 1024w, https:\/\/www.medellin.gov.co\/es\/wp-content\/uploads\/2021\/09\/efectividad-del-dispositivos-intrauterinos-de-cobre-300x208.jpg 300w, https:\/\/www.medellin.gov.co\/es\/wp-content\/uploads\/2021\/09\/efectividad-del-dispositivos-intrauterinos-de-cobre-150x104.jpg 150w, https:\/\/www.medellin.gov.co\/es\/wp-content\/uploads\/2021\/09\/efectividad-del-dispositivos-intrauterinos-de-cobre-768x533.jpg 768w\" sizes=\"(max-width: 1024px) 100vw, 1024px\" \/>\t\t\t\t\t\t\t\t\t\t\t\t\t\t<\/div>\n\t\t\t\t\t\t<\/div>\n\t\t\t\t<\/div>\n\t\t\t\t\t\t<\/div>\n\t\t\t\t\t<\/div>\n\t\t<\/div>\n\t\t\t\t\t\t\t\t<\/div>\n\t\t\t\t\t<\/div>\n\t\t<\/section>\n\t\t\t\t<div class=\"elementor-element elementor-element-f1ba362 elementor-widget elementor-widget-heading\" data-id=\"f1ba362\" data-element_type=\"widget\" data-widget_type=\"heading.default\">\n\t\t\t\t<div class=\"elementor-widget-container\">\n\t\t\t<h2 class=\"elementor-heading-title elementor-size-default\"><b>Algunos efectos secundarios<\/b> del dispositivo intrauterino de cobre (DIU)<\/h2>\t\t<\/div>\n\t\t\t\t<\/div>\n\t\t\t\t<div class=\"elementor-element elementor-element-30bd186 elementor-widget elementor-widget-text-editor\" data-id=\"30bd186\" data-element_type=\"widget\" data-widget_type=\"text-editor.default\">\n\t\t\t\t<div class=\"elementor-widget-container\">\n\t\t\t\t\t\t\t\t<div class=\"elementor-text-editor elementor-clearfix\">\n\t\t\t\t<p>Cambios en el sangrado (menstruaci\u00f3n prolongada y abundante, sangrado irregular, dolor durante la menstruaci\u00f3n). Los cambios en el sangrado son normales y no son perjudiciales.<\/p>\t\t\t\t\t<\/div>\n\t\t\t\t\t\t<\/div>\n\t\t\t\t<\/div>\n\t\t\t\t<div class=\"elementor-element elementor-element-2513651 elementor-widget elementor-widget-heading\" data-id=\"2513651\" data-element_type=\"widget\" data-widget_type=\"heading.default\">\n\t\t\t\t<div class=\"elementor-widget-container\">\n\t\t\t<h2 class=\"elementor-heading-title elementor-size-default\"><b>Algunos beneficios para la salud<\/b> del Dispositivo intrauterino de cobre (DIU)<\/h2>\t\t<\/div>\n\t\t\t\t<\/div>\n\t\t\t\t<div class=\"elementor-element elementor-element-0c9335d elementor-widget elementor-widget-text-editor\" data-id=\"0c9335d\" data-element_type=\"widget\" data-widget_type=\"text-editor.default\">\n\t\t\t\t<div class=\"elementor-widget-container\">\n\t\t\t\t\t\t\t\t<div class=\"elementor-text-editor elementor-clearfix\">\n\t\t\t\t<ul><li aria-level=\"1\">Protege contra el c\u00e1ncer endometrial (c\u00e1ncer del revestimiento del \u00fatero), c\u00e1ncer de c\u00e9rvix o del cuello de \u00fatero.<\/li><li aria-level=\"1\">Reduce el riesgo de embarazo ect\u00f3pico.<\/li><\/ul>\t\t\t\t\t<\/div>\n\t\t\t\t\t\t<\/div>\n\t\t\t\t<\/div>\n\t\t\t\t<div class=\"elementor-element elementor-element-ba87b31 elementor-widget elementor-widget-heading\" data-id=\"ba87b31\" data-element_type=\"widget\" data-widget_type=\"heading.default\">\n\t\t\t\t<div class=\"elementor-widget-container\">\n\t\t\t<h2 class=\"elementor-heading-title elementor-size-default\"><b>Riesgos del dispositivo<\/b> intrauterino de cobre<\/h2>\t\t<\/div>\n\t\t\t\t<\/div>\n\t\t\t\t<section class=\"elementor-section elementor-inner-section elementor-element elementor-element-059bf67 elementor-section-boxed elementor-section-height-default elementor-section-height-default\" data-id=\"059bf67\" data-element_type=\"section\">\n\t\t\t\t\t\t<div class=\"elementor-container elementor-column-gap-default\">\n\t\t\t\t\t\t\t<div class=\"elementor-row\">\n\t\t\t\t\t<div class=\"elementor-column elementor-col-50 elementor-inner-column elementor-element elementor-element-463e030\" data-id=\"463e030\" data-element_type=\"column\">\n\t\t\t<div class=\"elementor-column-wrap elementor-element-populated\">\n\t\t\t\t\t\t\t<div class=\"elementor-widget-wrap\">\n\t\t\t\t\t\t<div class=\"elementor-element elementor-element-90f19db elementor-widget elementor-widget-image\" data-id=\"90f19db\" data-element_type=\"widget\" data-widget_type=\"image.default\">\n\t\t\t\t<div class=\"elementor-widget-container\">\n\t\t\t\t\t\t\t\t<div class=\"elementor-image\">\n\t\t\t\t\t\t\t\t\t\t\t\t<img width=\"1024\" height=\"683\" src=\"https:\/\/www.medellin.gov.co\/es\/wp-content\/uploads\/2021\/09\/riesgos-del-dispositivos-intrauterinos-de-cobre.jpg\" class=\"attachment-large size-large\" alt=\"Efectividad del dispositivo intrauterino de cobre\" loading=\"lazy\" srcset=\"https:\/\/www.medellin.gov.co\/es\/wp-content\/uploads\/2021\/09\/riesgos-del-dispositivos-intrauterinos-de-cobre.jpg 1024w, https:\/\/www.medellin.gov.co\/es\/wp-content\/uploads\/2021\/09\/riesgos-del-dispositivos-intrauterinos-de-cobre-300x200.jpg 300w, https:\/\/www.medellin.gov.co\/es\/wp-content\/uploads\/2021\/09\/riesgos-del-dispositivos-intrauterinos-de-cobre-150x100.jpg 150w, https:\/\/www.medellin.gov.co\/es\/wp-content\/uploads\/2021\/09\/riesgos-del-dispositivos-intrauterinos-de-cobre-768x512.jpg 768w\" sizes=\"(max-width: 1024px) 100vw, 1024px\" \/>\t\t\t\t\t\t\t\t\t\t\t\t\t\t<\/div>\n\t\t\t\t\t\t<\/div>\n\t\t\t\t<\/div>\n\t\t\t\t\t\t<\/div>\n\t\t\t\t\t<\/div>\n\t\t<\/div>\n\t\t\t\t<div class=\"elementor-column elementor-col-50 elementor-inner-column elementor-element elementor-element-ca3d32e\" data-id=\"ca3d32e\" data-element_type=\"column\">\n\t\t\t<div class=\"elementor-column-wrap elementor-element-populated\">\n\t\t\t\t\t\t\t<div class=\"elementor-widget-wrap\">\n\t\t\t\t\t\t<div class=\"elementor-element elementor-element-145ead6 elementor-widget elementor-widget-text-editor\" data-id=\"145ead6\" data-element_type=\"widget\" data-widget_type=\"text-editor.default\">\n\t\t\t\t<div class=\"elementor-widget-container\">\n\t\t\t\t\t\t\t\t<div class=\"elementor-text-editor elementor-clearfix\">\n\t\t\t\t<ul><li>Puede aumentar la anemia en las mujeres que antes de la inserci\u00f3n ya presentan una baja reserva de hierro en sangre y en las que el DIU produce una menstruaci\u00f3n m\u00e1s abundante.<\/li><li>Puede producirse una enfermedad inflamatoria p\u00e9lvica (infecci\u00f3n del aparato genital femenino), si la mujer tiene una clamidiasis o una gonorrea (ambas son infecciones de transmisi\u00f3n sexual) cuando se le inserta el DIU.<\/li><li>Complicaciones raras: perforaci\u00f3n de la pared del \u00fatero por el DIU o por alg\u00fan instrumento utilizado para su inserci\u00f3n. Generalmente cicatriza sin tratamiento.<\/li><li>Aborto espont\u00e1neo, parto prematuro o infecci\u00f3n, en el caso raro de que la mujer quede embarazada mientras tiene colocado el DIU.<\/li><\/ul>\t\t\t\t\t<\/div>\n\t\t\t\t\t\t<\/div>\n\t\t\t\t<\/div>\n\t\t\t\t\t\t<\/div>\n\t\t\t\t\t<\/div>\n\t\t<\/div>\n\t\t\t\t\t\t\t\t<\/div>\n\t\t\t\t\t<\/div>\n\t\t<\/section>\n\t\t\t\t<div class=\"elementor-element elementor-element-76d09c1 elementor-widget elementor-widget-heading\" data-id=\"76d09c1\" data-element_type=\"widget\" data-widget_type=\"heading.default\">\n\t\t\t\t<div class=\"elementor-widget-container\">\n\t\t\t<h2 class=\"elementor-heading-title elementor-size-default\"><b>Aclara tus dudas<\/b> sobre el dispositivo intrauterino de cobre<\/h2>\t\t<\/div>\n\t\t\t\t<\/div>\n\t\t\t\t<div class=\"elementor-element elementor-element-abcf820 elementor-widget elementor-widget-text-editor\" data-id=\"abcf820\" data-element_type=\"widget\" data-widget_type=\"text-editor.default\">\n\t\t\t\t<div class=\"elementor-widget-container\">\n\t\t\t\t\t\t\t\t<div class=\"elementor-text-editor elementor-clearfix\">\n\t\t\t\t<ul><li>Puede ser utilizado por mujeres de cualquier edad, incluidas las adolescentes.<\/li><li>Puede ser usado por mujeres que han tenido hijos y las que no.<\/li><li>Rara vez provoca una enfermedad inflamatoria p\u00e9lvica (infecci\u00f3n del aparato genital femenino).<\/li><li>No aumenta el riesgo de contraer ITS, incluida la infecci\u00f3n por el VIH.<\/li><li>No aumenta el riesgo de aborto espont\u00e1neo cuando la mujer se queda embarazada tras retirar el DIU.<\/li><li>No hace que la mujer se vuelva est\u00e9ril.<\/li><li>No provoca defectos cong\u00e9nitos.<\/li><li>No causa c\u00e1ncer.<\/li><li>No se desplaza hacia el coraz\u00f3n o el cerebro.<\/li><li>No causa molestias ni dolor a la mujer o al hombre durante las relaciones sexuales.<\/li><li>Reduce sustancialmente el riesgo de embarazo ect\u00f3pico.<\/li><\/ul>\t\t\t\t\t<\/div>\n\t\t\t\t\t\t<\/div>\n\t\t\t\t<\/div>\n\t\t\t\t<div class=\"elementor-element elementor-element-5984c96 elementor-widget elementor-widget-heading\" data-id=\"5984c96\" data-element_type=\"widget\" data-widget_type=\"heading.default\">\n\t\t\t\t<div class=\"elementor-widget-container\">\n\t\t\t<h2 class=\"elementor-heading-title elementor-size-default\"><b>Informaci\u00f3n que debes tener presente<\/b> sobre el dispositivo intrauterino de cobre<\/h2>\t\t<\/div>\n\t\t\t\t<\/div>\n\t\t\t\t<div class=\"elementor-element elementor-element-928d839 elementor-widget elementor-widget-text-editor\" data-id=\"928d839\" data-element_type=\"widget\" data-widget_type=\"text-editor.default\">\n\t\t\t\t<div class=\"elementor-widget-container\">\n\t\t\t\t\t\t\t\t<div class=\"elementor-text-editor elementor-clearfix\">\n\t\t\t\t<ul><li>Protecci\u00f3n frente al embarazo por un per\u00edodo prolongado. Ha demostrado ser muy efectivo durante 12 a\u00f1os y es inmediatamente reversible.<\/li><li>Una vez colocado el DIU, la usuaria no tiene que hacer casi nada.<\/li><li>Los cambios en el sangrado son frecuentes. En general, se observa un sangrado m\u00e1s profuso y m\u00e1s prolongado, se presentan m\u00e1s espasmos o dolor durante la menstruaci\u00f3n, en especial en los 3 y 6 primeros meses.<\/li><\/ul>\t\t\t\t\t<\/div>\n\t\t\t\t\t\t<\/div>\n\t\t\t\t<\/div>\n\t\t\t\t\t\t<\/div>\n\t\t\t\t\t<\/div>\n\t\t<\/div>\n\t\t\t\t\t\t\t\t<\/div>\n\t\t\t\t\t<\/div>\n\t\t<\/section>\n\t\t\t\t\t\t\t\t\t<\/div>\n\t\t\t<\/div>\n\t\t\t\t\t<\/div>\n\t\t","protected":false},"excerpt":{"rendered":"<p>Dispositivo intrauterino de cobre (DIU) El dispositivo intrauterino (DIU) de cobre, es un peque\u00f1o aparato de pl\u00e1stico flexible, rodeado de manguitos o alambres de cobre en forma de T, por lo que tambi\u00e9n se le &#8230;<\/p>\n","protected":false},"author":31,"featured_media":17425,"parent":17664,"menu_order":30,"comment_status":"closed","ping_status":"closed","template":"sec-salud\/elementor.php","meta":[],"acf":[],"_links":{"self":[{"href":"https:\/\/www.medellin.gov.co\/es\/wp-json\/wp\/v2\/pages\/19042"}],"collection":[{"href":"https:\/\/www.medellin.gov.co\/es\/wp-json\/wp\/v2\/pages"}],"about":[{"href":"https:\/\/www.medellin.gov.co\/es\/wp-json\/wp\/v2\/types\/page"}],"author":[{"embeddable":true,"href":"https:\/\/www.medellin.gov.co\/es\/wp-json\/wp\/v2\/users\/31"}],"replies":[{"embeddable":true,"href":"https:\/\/www.medellin.gov.co\/es\/wp-json\/wp\/v2\/comments?post=19042"}],"version-history":[{"count":34,"href":"https:\/\/www.medellin.gov.co\/es\/wp-json\/wp\/v2\/pages\/19042\/revisions"}],"predecessor-version":[{"id":65737,"href":"https:\/\/www.medellin.gov.co\/es\/wp-json\/wp\/v2\/pages\/19042\/revisions\/65737"}],"up":[{"embeddable":true,"href":"https:\/\/www.medellin.gov.co\/es\/wp-json\/wp\/v2\/pages\/17664"}],"wp:featuredmedia":[{"embeddable":true,"href":"https:\/\/www.medellin.gov.co\/es\/wp-json\/wp\/v2\/media\/17425"}],"wp:attachment":[{"href":"https:\/\/www.medellin.gov.co\/es\/wp-json\/wp\/v2\/media?parent=19042"}],"curies":[{"name":"wp","href":"https:\/\/api.w.org\/{rel}","templated":true}]}}