{"id":19044,"date":"2021-09-29T12:17:40","date_gmt":"2021-09-29T17:17:40","guid":{"rendered":"https:\/\/www.medellin.gov.co\/es\/?page_id=19044"},"modified":"2022-06-14T16:31:51","modified_gmt":"2022-06-14T21:31:51","slug":"tubectomia","status":"publish","type":"page","link":"https:\/\/www.medellin.gov.co\/es\/secretaria-de-salud\/prevencion-de-embarazo-adolescente\/metodos-de-planificacion\/tubectomia\/","title":{"rendered":"Tubectom\u00eda"},"content":{"rendered":"\t\t<div data-elementor-type=\"wp-page\" data-elementor-id=\"19044\" class=\"elementor elementor-19044\">\n\t\t\t\t\t\t<div class=\"elementor-inner\">\n\t\t\t\t<div class=\"elementor-section-wrap\">\n\t\t\t\t\t\t\t\t\t<section class=\"elementor-section elementor-top-section elementor-element elementor-element-3199ab5 elementor-section-boxed elementor-section-height-default elementor-section-height-default\" data-id=\"3199ab5\" data-element_type=\"section\">\n\t\t\t\t\t\t<div class=\"elementor-container elementor-column-gap-default\">\n\t\t\t\t\t\t\t<div class=\"elementor-row\">\n\t\t\t\t\t<div class=\"elementor-column elementor-col-100 elementor-top-column elementor-element elementor-element-6eb221e\" data-id=\"6eb221e\" data-element_type=\"column\">\n\t\t\t<div class=\"elementor-column-wrap elementor-element-populated\">\n\t\t\t\t\t\t\t<div class=\"elementor-widget-wrap\">\n\t\t\t\t\t\t<div class=\"elementor-element elementor-element-6cd1633 elementor-widget elementor-widget-heading\" data-id=\"6cd1633\" data-element_type=\"widget\" data-widget_type=\"heading.default\">\n\t\t\t\t<div class=\"elementor-widget-container\">\n\t\t\t<h1 class=\"elementor-heading-title elementor-size-default\">Tubectom\u00eda<\/h1>\t\t<\/div>\n\t\t\t\t<\/div>\n\t\t\t\t<section class=\"elementor-section elementor-inner-section elementor-element elementor-element-0c6ea39 elementor-section-boxed elementor-section-height-default elementor-section-height-default\" data-id=\"0c6ea39\" data-element_type=\"section\">\n\t\t\t\t\t\t<div class=\"elementor-container elementor-column-gap-default\">\n\t\t\t\t\t\t\t<div class=\"elementor-row\">\n\t\t\t\t\t<div class=\"elementor-column elementor-col-50 elementor-inner-column elementor-element elementor-element-fe19652\" data-id=\"fe19652\" data-element_type=\"column\">\n\t\t\t<div class=\"elementor-column-wrap elementor-element-populated\">\n\t\t\t\t\t\t\t<div class=\"elementor-widget-wrap\">\n\t\t\t\t\t\t<div class=\"elementor-element elementor-element-c129a13 elementor-widget elementor-widget-image\" data-id=\"c129a13\" data-element_type=\"widget\" data-widget_type=\"image.default\">\n\t\t\t\t<div class=\"elementor-widget-container\">\n\t\t\t\t\t\t\t\t<div class=\"elementor-image\">\n\t\t\t\t\t\t\t\t\t\t\t\t<img width=\"1024\" height=\"618\" src=\"https:\/\/www.medellin.gov.co\/es\/wp-content\/uploads\/2021\/09\/educacion-sobre-la-tubectomia-1024x618.jpg\" class=\"attachment-large size-large\" alt=\"Educaci\u00f3n sobre la tubectom\u00eda\" loading=\"lazy\" srcset=\"https:\/\/www.medellin.gov.co\/es\/wp-content\/uploads\/2021\/09\/educacion-sobre-la-tubectomia-1024x618.jpg 1024w, https:\/\/www.medellin.gov.co\/es\/wp-content\/uploads\/2021\/09\/educacion-sobre-la-tubectomia-300x181.jpg 300w, https:\/\/www.medellin.gov.co\/es\/wp-content\/uploads\/2021\/09\/educacion-sobre-la-tubectomia-150x91.jpg 150w, https:\/\/www.medellin.gov.co\/es\/wp-content\/uploads\/2021\/09\/educacion-sobre-la-tubectomia-768x463.jpg 768w, https:\/\/www.medellin.gov.co\/es\/wp-content\/uploads\/2021\/09\/educacion-sobre-la-tubectomia.jpg 1200w\" sizes=\"(max-width: 1024px) 100vw, 1024px\" \/>\t\t\t\t\t\t\t\t\t\t\t\t\t\t<\/div>\n\t\t\t\t\t\t<\/div>\n\t\t\t\t<\/div>\n\t\t\t\t\t\t<\/div>\n\t\t\t\t\t<\/div>\n\t\t<\/div>\n\t\t\t\t<div class=\"elementor-column elementor-col-50 elementor-inner-column elementor-element elementor-element-afaaf2c\" data-id=\"afaaf2c\" data-element_type=\"column\">\n\t\t\t<div class=\"elementor-column-wrap elementor-element-populated\">\n\t\t\t\t\t\t\t<div class=\"elementor-widget-wrap\">\n\t\t\t\t\t\t<div class=\"elementor-element elementor-element-d3f1f8f elementor-widget elementor-widget-text-editor\" data-id=\"d3f1f8f\" data-element_type=\"widget\" data-widget_type=\"text-editor.default\">\n\t\t\t\t<div class=\"elementor-widget-container\">\n\t\t\t\t\t\t\t\t<div class=\"elementor-text-editor elementor-clearfix\">\n\t\t\t\t<p>Es un m\u00e9todo anticonceptivo quir\u00fargico permanente para mujeres que no quieren tener m\u00e1s hijos.<\/p>\n<p>Los dos tipos de procedimientos quir\u00fargicos m\u00e1s utilizados son:<\/p>\t\t\t\t\t<\/div>\n\t\t\t\t\t\t<\/div>\n\t\t\t\t<\/div>\n\t\t\t\t<div class=\"elementor-element elementor-element-be1919c elementor-widget elementor-widget-text-editor\" data-id=\"be1919c\" data-element_type=\"widget\" data-widget_type=\"text-editor.default\">\n\t\t\t\t<div class=\"elementor-widget-container\">\n\t\t\t\t\t\t\t\t<div class=\"elementor-text-editor elementor-clearfix\">\n\t\t\t\t<ul><li>La minilaparotom\u00eda: supone hacer una peque\u00f1a incisi\u00f3n en el abdomen. Las trompas de falopio se llevan hacia la incisi\u00f3n para cortarlas o bloquearlas.<\/li><li>La laparoscopia: implica insertar en el abdomen, mediante una incisi\u00f3n peque\u00f1a, un tubo largo y delgado que contiene lentes, el laparoscopio; este instrumento permite que el m\u00e9dico\/a alcance y bloquee o corte las trompas de Falopio en el abdomen.<\/li><\/ul>\t\t\t\t\t<\/div>\n\t\t\t\t\t\t<\/div>\n\t\t\t\t<\/div>\n\t\t\t\t\t\t<\/div>\n\t\t\t\t\t<\/div>\n\t\t<\/div>\n\t\t\t\t\t\t\t\t<\/div>\n\t\t\t\t\t<\/div>\n\t\t<\/section>\n\t\t\t\t<div class=\"elementor-element elementor-element-78e7ed5 elementor-widget elementor-widget-heading\" data-id=\"78e7ed5\" data-element_type=\"widget\" data-widget_type=\"heading.default\">\n\t\t\t\t<div class=\"elementor-widget-container\">\n\t\t\t<h2 class=\"elementor-heading-title elementor-size-default\">\u00bf<b>C\u00f3mo funciona<\/b> la tubectom\u00eda?<\/h2>\t\t<\/div>\n\t\t\t\t<\/div>\n\t\t\t\t<div class=\"elementor-element elementor-element-26d6ad1 elementor-widget elementor-widget-text-editor\" data-id=\"26d6ad1\" data-element_type=\"widget\" data-widget_type=\"text-editor.default\">\n\t\t\t\t<div class=\"elementor-widget-container\">\n\t\t\t\t\t\t\t\t<div class=\"elementor-text-editor elementor-clearfix\">\n\t\t\t\t<p>Se cortan o bloquean las trompas de falopio. Los \u00f3vulos liberados por los ovarios no pueden avanzar por las trompas y, por lo tanto, no se encuentran con los espermatozoides.<\/p>\t\t\t\t\t<\/div>\n\t\t\t\t\t\t<\/div>\n\t\t\t\t<\/div>\n\t\t\t\t<div class=\"elementor-element elementor-element-562f0d8 elementor-widget elementor-widget-heading\" data-id=\"562f0d8\" data-element_type=\"widget\" data-widget_type=\"heading.default\">\n\t\t\t\t<div class=\"elementor-widget-container\">\n\t\t\t<h2 class=\"elementor-heading-title elementor-size-default\">\u00bf<b>Cu\u00e1n efectiva<\/b> es la tubectom\u00eda?<\/h2>\t\t<\/div>\n\t\t\t\t<\/div>\n\t\t\t\t<section class=\"elementor-section elementor-inner-section elementor-element elementor-element-5db85c5 elementor-reverse-tablet elementor-reverse-mobile elementor-section-boxed elementor-section-height-default elementor-section-height-default\" data-id=\"5db85c5\" data-element_type=\"section\">\n\t\t\t\t\t\t<div class=\"elementor-container elementor-column-gap-default\">\n\t\t\t\t\t\t\t<div class=\"elementor-row\">\n\t\t\t\t\t<div class=\"elementor-column elementor-col-50 elementor-inner-column elementor-element elementor-element-43bf7f4\" data-id=\"43bf7f4\" data-element_type=\"column\">\n\t\t\t<div class=\"elementor-column-wrap elementor-element-populated\">\n\t\t\t\t\t\t\t<div class=\"elementor-widget-wrap\">\n\t\t\t\t\t\t<div class=\"elementor-element elementor-element-b1f326e elementor-widget elementor-widget-text-editor\" data-id=\"b1f326e\" data-element_type=\"widget\" data-widget_type=\"text-editor.default\">\n\t\t\t\t<div class=\"elementor-widget-container\">\n\t\t\t\t\t\t\t\t<div class=\"elementor-text-editor elementor-clearfix\">\n\t\t\t\t<ul><li>Mucho menos de 1 embarazo por cada 100 usuarias que lo usaran no quedar\u00edan embarazadas.<\/li><li>Su efectividad var\u00eda ligeramente dependiendo de la forma en que se bloquean las trompas, pero la frecuencia de embarazo es baja con todas las t\u00e9cnicas. Una de las t\u00e9cnicas m\u00e1s efectivas consiste en cortar y ligar los extremos cortados.<\/li><li>La fertilidad no se restablece porque, en general, no se puede revertir la esterilizaci\u00f3n. Este procedimiento pretende ser permanente. La intervenci\u00f3n quir\u00fargica de reversi\u00f3n es dif\u00edcil y cara, y en la mayor\u00eda de las zonas no se realiza. Cuando se lleva a cabo esta intervenci\u00f3n de reversi\u00f3n, a menudo, no se logra que la mujer quede posteriormente embarazada.<\/li><\/ul>\t\t\t\t\t<\/div>\n\t\t\t\t\t\t<\/div>\n\t\t\t\t<\/div>\n\t\t\t\t\t\t<\/div>\n\t\t\t\t\t<\/div>\n\t\t<\/div>\n\t\t\t\t<div class=\"elementor-column elementor-col-50 elementor-inner-column elementor-element elementor-element-e61d44a\" data-id=\"e61d44a\" data-element_type=\"column\">\n\t\t\t<div class=\"elementor-column-wrap elementor-element-populated\">\n\t\t\t\t\t\t\t<div class=\"elementor-widget-wrap\">\n\t\t\t\t\t\t<div class=\"elementor-element elementor-element-09e8c2f elementor-widget elementor-widget-image\" data-id=\"09e8c2f\" data-element_type=\"widget\" data-widget_type=\"image.default\">\n\t\t\t\t<div class=\"elementor-widget-container\">\n\t\t\t\t\t\t\t\t<div class=\"elementor-image\">\n\t\t\t\t\t\t\t\t\t\t\t\t<img width=\"1024\" height=\"683\" src=\"https:\/\/www.medellin.gov.co\/es\/wp-content\/uploads\/2021\/09\/efectividad-de-la-tubectomia-1024x683.jpg\" class=\"attachment-large size-large\" alt=\"Efectividad de la tubectom\u00eda\" loading=\"lazy\" srcset=\"https:\/\/www.medellin.gov.co\/es\/wp-content\/uploads\/2021\/09\/efectividad-de-la-tubectomia-1024x683.jpg 1024w, https:\/\/www.medellin.gov.co\/es\/wp-content\/uploads\/2021\/09\/efectividad-de-la-tubectomia-300x200.jpg 300w, https:\/\/www.medellin.gov.co\/es\/wp-content\/uploads\/2021\/09\/efectividad-de-la-tubectomia-150x100.jpg 150w, https:\/\/www.medellin.gov.co\/es\/wp-content\/uploads\/2021\/09\/efectividad-de-la-tubectomia-768x512.jpg 768w, https:\/\/www.medellin.gov.co\/es\/wp-content\/uploads\/2021\/09\/efectividad-de-la-tubectomia.jpg 1200w\" sizes=\"(max-width: 1024px) 100vw, 1024px\" \/>\t\t\t\t\t\t\t\t\t\t\t\t\t\t<\/div>\n\t\t\t\t\t\t<\/div>\n\t\t\t\t<\/div>\n\t\t\t\t\t\t<\/div>\n\t\t\t\t\t<\/div>\n\t\t<\/div>\n\t\t\t\t\t\t\t\t<\/div>\n\t\t\t\t\t<\/div>\n\t\t<\/section>\n\t\t\t\t<div class=\"elementor-element elementor-element-dcc0696 elementor-widget elementor-widget-heading\" data-id=\"dcc0696\" data-element_type=\"widget\" data-widget_type=\"heading.default\">\n\t\t\t\t<div class=\"elementor-widget-container\">\n\t\t\t<h2 class=\"elementor-heading-title elementor-size-default\"><b>Efectos secundarios<\/b> de la tubectom\u00eda<\/h2>\t\t<\/div>\n\t\t\t\t<\/div>\n\t\t\t\t<div class=\"elementor-element elementor-element-550eb5f elementor-widget elementor-widget-text-editor\" data-id=\"550eb5f\" data-element_type=\"widget\" data-widget_type=\"text-editor.default\">\n\t\t\t\t<div class=\"elementor-widget-container\">\n\t\t\t\t\t\t\t\t<div class=\"elementor-text-editor elementor-clearfix\">\n\t\t\t\t<p>Ninguno.<\/p>\t\t\t\t\t<\/div>\n\t\t\t\t\t\t<\/div>\n\t\t\t\t<\/div>\n\t\t\t\t<div class=\"elementor-element elementor-element-2e1a723 elementor-widget elementor-widget-heading\" data-id=\"2e1a723\" data-element_type=\"widget\" data-widget_type=\"heading.default\">\n\t\t\t\t<div class=\"elementor-widget-container\">\n\t\t\t<h2 class=\"elementor-heading-title elementor-size-default\"><b>Algunos beneficios<\/b> de la tubectom\u00eda para la salud<\/h2>\t\t<\/div>\n\t\t\t\t<\/div>\n\t\t\t\t<section class=\"elementor-section elementor-inner-section elementor-element elementor-element-1349614 elementor-section-boxed elementor-section-height-default elementor-section-height-default\" data-id=\"1349614\" data-element_type=\"section\">\n\t\t\t\t\t\t<div class=\"elementor-container elementor-column-gap-default\">\n\t\t\t\t\t\t\t<div class=\"elementor-row\">\n\t\t\t\t\t<div class=\"elementor-column elementor-col-50 elementor-inner-column elementor-element elementor-element-e5a0769\" data-id=\"e5a0769\" data-element_type=\"column\">\n\t\t\t<div class=\"elementor-column-wrap elementor-element-populated\">\n\t\t\t\t\t\t\t<div class=\"elementor-widget-wrap\">\n\t\t\t\t\t\t<div class=\"elementor-element elementor-element-70892d9 elementor-widget elementor-widget-image\" data-id=\"70892d9\" data-element_type=\"widget\" data-widget_type=\"image.default\">\n\t\t\t\t<div class=\"elementor-widget-container\">\n\t\t\t\t\t\t\t\t<div class=\"elementor-image\">\n\t\t\t\t\t\t\t\t\t\t\t\t<img width=\"1024\" height=\"683\" src=\"https:\/\/www.medellin.gov.co\/es\/wp-content\/uploads\/2021\/09\/riesgos-de-la-tubectomia-1024x683.jpg\" class=\"attachment-large size-large\" alt=\"Riesgos de la tubectom\u00eda\" loading=\"lazy\" srcset=\"https:\/\/www.medellin.gov.co\/es\/wp-content\/uploads\/2021\/09\/riesgos-de-la-tubectomia-1024x683.jpg 1024w, https:\/\/www.medellin.gov.co\/es\/wp-content\/uploads\/2021\/09\/riesgos-de-la-tubectomia-300x200.jpg 300w, https:\/\/www.medellin.gov.co\/es\/wp-content\/uploads\/2021\/09\/riesgos-de-la-tubectomia-150x100.jpg 150w, https:\/\/www.medellin.gov.co\/es\/wp-content\/uploads\/2021\/09\/riesgos-de-la-tubectomia-768x512.jpg 768w, https:\/\/www.medellin.gov.co\/es\/wp-content\/uploads\/2021\/09\/riesgos-de-la-tubectomia.jpg 1200w\" sizes=\"(max-width: 1024px) 100vw, 1024px\" \/>\t\t\t\t\t\t\t\t\t\t\t\t\t\t<\/div>\n\t\t\t\t\t\t<\/div>\n\t\t\t\t<\/div>\n\t\t\t\t\t\t<\/div>\n\t\t\t\t\t<\/div>\n\t\t<\/div>\n\t\t\t\t<div class=\"elementor-column elementor-col-50 elementor-inner-column elementor-element elementor-element-37c9898\" data-id=\"37c9898\" data-element_type=\"column\">\n\t\t\t<div class=\"elementor-column-wrap elementor-element-populated\">\n\t\t\t\t\t\t\t<div class=\"elementor-widget-wrap\">\n\t\t\t\t\t\t<div class=\"elementor-element elementor-element-68acd74 elementor-widget elementor-widget-text-editor\" data-id=\"68acd74\" data-element_type=\"widget\" data-widget_type=\"text-editor.default\">\n\t\t\t\t<div class=\"elementor-widget-container\">\n\t\t\t\t\t\t\t\t<div class=\"elementor-text-editor elementor-clearfix\">\n\t\t\t\t<p>Ayuda a proteger contra: la enfermedad inflamatoria p\u00e9lvica (infecci\u00f3n del aparato genital femenino), el c\u00e1ncer de ovario y reduce el riesgo de embarazo ect\u00f3pico.<\/p><p>Complicaciones:<\/p><p>La esterilizaci\u00f3n femenina es un m\u00e9todo anticonceptivo seguro. Sin embargo, requiere una intervenci\u00f3n quir\u00fargica y anestesia. Como ocurre con otras intervenciones quir\u00fargicas menores, la esterilizaci\u00f3n femenina conlleva algunos riesgos, como la infecci\u00f3n o el absceso de la herida. Las complicaciones graves no son frecuentes. La muerte, debida al procedimiento o a la anestesia, es extremadamente rara.<\/p>\t\t\t\t\t<\/div>\n\t\t\t\t\t\t<\/div>\n\t\t\t\t<\/div>\n\t\t\t\t\t\t<\/div>\n\t\t\t\t\t<\/div>\n\t\t<\/div>\n\t\t\t\t\t\t\t\t<\/div>\n\t\t\t\t\t<\/div>\n\t\t<\/section>\n\t\t\t\t<div class=\"elementor-element elementor-element-6e488eb elementor-widget elementor-widget-heading\" data-id=\"6e488eb\" data-element_type=\"widget\" data-widget_type=\"heading.default\">\n\t\t\t\t<div class=\"elementor-widget-container\">\n\t\t\t<h2 class=\"elementor-heading-title elementor-size-default\"><b>Aclara tus dudas<\/b> sobre la tubectom\u00eda<\/h2>\t\t<\/div>\n\t\t\t\t<\/div>\n\t\t\t\t<div class=\"elementor-element elementor-element-1e1c2db elementor-widget elementor-widget-text-editor\" data-id=\"1e1c2db\" data-element_type=\"widget\" data-widget_type=\"text-editor.default\">\n\t\t\t\t<div class=\"elementor-widget-container\">\n\t\t\t\t\t\t\t\t<div class=\"elementor-text-editor elementor-clearfix\">\n\t\t\t\t<ul><li>No debilita a la mujer.<\/li><li>No provoca dolor prolongado de espalda, \u00fatero o abdomen.<\/li><li>No se extirpa el \u00fatero ni hay necesidad de hacerlo.<\/li><li>No provoca desequilibrios hormonales.<\/li><li>No da lugar a un sangrado m\u00e1s abundante ni a un sangrado irregular, ni altera de otra manera los ciclos menstruales.<\/li><li>No provoca alteraciones del peso, el apetito o el aspecto.<\/li><li>No modifica el comportamiento sexual de la mujer ni su deseo sexual.<\/li><li>No causa embarazos ect\u00f3picos; por el contrario, reduce sustancialmente el riesgo de embarazo ect\u00f3pico.<\/li><\/ul>\t\t\t\t\t<\/div>\n\t\t\t\t\t\t<\/div>\n\t\t\t\t<\/div>\n\t\t\t\t<div class=\"elementor-element elementor-element-13d733f elementor-widget elementor-widget-heading\" data-id=\"13d733f\" data-element_type=\"widget\" data-widget_type=\"heading.default\">\n\t\t\t\t<div class=\"elementor-widget-container\">\n\t\t\t<h2 class=\"elementor-heading-title elementor-size-default\"><b>Informaci\u00f3n que debes tener presente<\/b> sobre la tubectom\u00eda<\/h2>\t\t<\/div>\n\t\t\t\t<\/div>\n\t\t\t\t<div class=\"elementor-element elementor-element-efc3b41 elementor-widget elementor-widget-text-editor\" data-id=\"efc3b41\" data-element_type=\"widget\" data-widget_type=\"text-editor.default\">\n\t\t\t\t<div class=\"elementor-widget-container\">\n\t\t\t\t\t\t\t\t<div class=\"elementor-text-editor elementor-clearfix\">\n\t\t\t\t<ul><li>Es permanente. Est\u00e1 concebida para proporcionar protecci\u00f3n de por vida y muy efectiva frente al embarazo.<\/li><li>Implica realizar una exploraci\u00f3n f\u00edsica y una intervenci\u00f3n quir\u00fargica.<\/li><li>No tiene efectos secundarios a largo plazo.<\/li><\/ul>\t\t\t\t\t<\/div>\n\t\t\t\t\t\t<\/div>\n\t\t\t\t<\/div>\n\t\t\t\t\t\t<\/div>\n\t\t\t\t\t<\/div>\n\t\t<\/div>\n\t\t\t\t\t\t\t\t<\/div>\n\t\t\t\t\t<\/div>\n\t\t<\/section>\n\t\t\t\t\t\t\t\t\t<\/div>\n\t\t\t<\/div>\n\t\t\t\t\t<\/div>\n\t\t","protected":false},"excerpt":{"rendered":"<p>Tubectom\u00eda Es un m\u00e9todo anticonceptivo quir\u00fargico permanente para mujeres que no quieren tener m\u00e1s hijos. Los dos tipos de procedimientos quir\u00fargicos m\u00e1s utilizados son: La minilaparotom\u00eda: supone hacer una peque\u00f1a incisi\u00f3n en el abdomen. Las &#8230;<\/p>\n","protected":false},"author":31,"featured_media":17425,"parent":17664,"menu_order":35,"comment_status":"closed","ping_status":"closed","template":"sec-salud\/elementor.php","meta":[],"acf":[],"_links":{"self":[{"href":"https:\/\/www.medellin.gov.co\/es\/wp-json\/wp\/v2\/pages\/19044"}],"collection":[{"href":"https:\/\/www.medellin.gov.co\/es\/wp-json\/wp\/v2\/pages"}],"about":[{"href":"https:\/\/www.medellin.gov.co\/es\/wp-json\/wp\/v2\/types\/page"}],"author":[{"embeddable":true,"href":"https:\/\/www.medellin.gov.co\/es\/wp-json\/wp\/v2\/users\/31"}],"replies":[{"embeddable":true,"href":"https:\/\/www.medellin.gov.co\/es\/wp-json\/wp\/v2\/comments?post=19044"}],"version-history":[{"count":22,"href":"https:\/\/www.medellin.gov.co\/es\/wp-json\/wp\/v2\/pages\/19044\/revisions"}],"predecessor-version":[{"id":65734,"href":"https:\/\/www.medellin.gov.co\/es\/wp-json\/wp\/v2\/pages\/19044\/revisions\/65734"}],"up":[{"embeddable":true,"href":"https:\/\/www.medellin.gov.co\/es\/wp-json\/wp\/v2\/pages\/17664"}],"wp:featuredmedia":[{"embeddable":true,"href":"https:\/\/www.medellin.gov.co\/es\/wp-json\/wp\/v2\/media\/17425"}],"wp:attachment":[{"href":"https:\/\/www.medellin.gov.co\/es\/wp-json\/wp\/v2\/media?parent=19044"}],"curies":[{"name":"wp","href":"https:\/\/api.w.org\/{rel}","templated":true}]}}