{"id":19046,"date":"2021-09-29T12:19:56","date_gmt":"2021-09-29T17:19:56","guid":{"rendered":"https:\/\/www.medellin.gov.co\/es\/?page_id=19046"},"modified":"2022-04-08T12:08:07","modified_gmt":"2022-04-08T17:08:07","slug":"vasectomia","status":"publish","type":"page","link":"https:\/\/www.medellin.gov.co\/es\/secretaria-de-salud\/prevencion-de-embarazo-adolescente\/metodos-de-planificacion\/vasectomia\/","title":{"rendered":"Vasectom\u00eda"},"content":{"rendered":"\t\t<div data-elementor-type=\"wp-page\" data-elementor-id=\"19046\" class=\"elementor elementor-19046\">\n\t\t\t\t\t\t<div class=\"elementor-inner\">\n\t\t\t\t<div class=\"elementor-section-wrap\">\n\t\t\t\t\t\t\t\t\t<section class=\"elementor-section elementor-top-section elementor-element elementor-element-e31734c elementor-section-boxed elementor-section-height-default elementor-section-height-default\" data-id=\"e31734c\" data-element_type=\"section\">\n\t\t\t\t\t\t<div class=\"elementor-container elementor-column-gap-default\">\n\t\t\t\t\t\t\t<div class=\"elementor-row\">\n\t\t\t\t\t<div class=\"elementor-column elementor-col-100 elementor-top-column elementor-element elementor-element-4244d16\" data-id=\"4244d16\" data-element_type=\"column\">\n\t\t\t<div class=\"elementor-column-wrap elementor-element-populated\">\n\t\t\t\t\t\t\t<div class=\"elementor-widget-wrap\">\n\t\t\t\t\t\t<div class=\"elementor-element elementor-element-822dc97 elementor-widget elementor-widget-heading\" data-id=\"822dc97\" data-element_type=\"widget\" data-widget_type=\"heading.default\">\n\t\t\t\t<div class=\"elementor-widget-container\">\n\t\t\t<h1 class=\"elementor-heading-title elementor-size-default\">Vasectom\u00eda<\/h1>\t\t<\/div>\n\t\t\t\t<\/div>\n\t\t\t\t<section class=\"elementor-section elementor-inner-section elementor-element elementor-element-9398d71 elementor-section-boxed elementor-section-height-default elementor-section-height-default\" data-id=\"9398d71\" data-element_type=\"section\">\n\t\t\t\t\t\t<div class=\"elementor-container elementor-column-gap-default\">\n\t\t\t\t\t\t\t<div class=\"elementor-row\">\n\t\t\t\t\t<div class=\"elementor-column elementor-col-50 elementor-inner-column elementor-element elementor-element-cc6ce5d\" data-id=\"cc6ce5d\" data-element_type=\"column\">\n\t\t\t<div class=\"elementor-column-wrap elementor-element-populated\">\n\t\t\t\t\t\t\t<div class=\"elementor-widget-wrap\">\n\t\t\t\t\t\t<div class=\"elementor-element elementor-element-420feff elementor-widget elementor-widget-image\" data-id=\"420feff\" data-element_type=\"widget\" data-widget_type=\"image.default\">\n\t\t\t\t<div class=\"elementor-widget-container\">\n\t\t\t\t\t\t\t\t<div class=\"elementor-image\">\n\t\t\t\t\t\t\t\t\t\t\t\t<img width=\"800\" height=\"946\" src=\"https:\/\/www.medellin.gov.co\/es\/wp-content\/uploads\/2021\/09\/educacion-sobre-la-vasectomia.jpg\" class=\"attachment-large size-large\" alt=\"Educaci\u00f3n sobre la vasectom\u00eda\" loading=\"lazy\" srcset=\"https:\/\/www.medellin.gov.co\/es\/wp-content\/uploads\/2021\/09\/educacion-sobre-la-vasectomia.jpg 800w, https:\/\/www.medellin.gov.co\/es\/wp-content\/uploads\/2021\/09\/educacion-sobre-la-vasectomia-254x300.jpg 254w, https:\/\/www.medellin.gov.co\/es\/wp-content\/uploads\/2021\/09\/educacion-sobre-la-vasectomia-127x150.jpg 127w, https:\/\/www.medellin.gov.co\/es\/wp-content\/uploads\/2021\/09\/educacion-sobre-la-vasectomia-768x908.jpg 768w\" sizes=\"(max-width: 800px) 100vw, 800px\" \/>\t\t\t\t\t\t\t\t\t\t\t\t\t\t<\/div>\n\t\t\t\t\t\t<\/div>\n\t\t\t\t<\/div>\n\t\t\t\t\t\t<\/div>\n\t\t\t\t\t<\/div>\n\t\t<\/div>\n\t\t\t\t<div class=\"elementor-column elementor-col-50 elementor-inner-column elementor-element elementor-element-5f5f85c\" data-id=\"5f5f85c\" data-element_type=\"column\">\n\t\t\t<div class=\"elementor-column-wrap elementor-element-populated\">\n\t\t\t\t\t\t\t<div class=\"elementor-widget-wrap\">\n\t\t\t\t\t\t<div class=\"elementor-element elementor-element-e189e8e elementor-widget elementor-widget-text-editor\" data-id=\"e189e8e\" data-element_type=\"widget\" data-widget_type=\"text-editor.default\">\n\t\t\t\t<div class=\"elementor-widget-container\">\n\t\t\t\t\t\t\t\t<div class=\"elementor-text-editor elementor-clearfix\">\n\t\t\t\t<p>Es un m\u00e9todo anticonceptivo permanente para hombres que no quieren tener m\u00e1s hijos. Se realiza a trav\u00e9s de una punci\u00f3n o de una peque\u00f1a incisi\u00f3n en el escroto, el proveedor localiza los dos conductos que transportan los espermatozoides hacia el pene (conductos deferentes) y los secciona o bloquea mediante ligadura o aplicando calor o electricidad (cauterizaci\u00f3n).<\/p>\t\t\t\t\t<\/div>\n\t\t\t\t\t\t<\/div>\n\t\t\t\t<\/div>\n\t\t\t\t\t\t<\/div>\n\t\t\t\t\t<\/div>\n\t\t<\/div>\n\t\t\t\t\t\t\t\t<\/div>\n\t\t\t\t\t<\/div>\n\t\t<\/section>\n\t\t\t\t<div class=\"elementor-element elementor-element-06550d8 elementor-widget elementor-widget-heading\" data-id=\"06550d8\" data-element_type=\"widget\" data-widget_type=\"heading.default\">\n\t\t\t\t<div class=\"elementor-widget-container\">\n\t\t\t<h2 class=\"elementor-heading-title elementor-size-default\">\u00bf<b>C\u00f3mo funciona<\/b> la vasectom\u00eda?<\/h2>\t\t<\/div>\n\t\t\t\t<\/div>\n\t\t\t\t<div class=\"elementor-element elementor-element-f9a88a0 elementor-widget elementor-widget-text-editor\" data-id=\"f9a88a0\" data-element_type=\"widget\" data-widget_type=\"text-editor.default\">\n\t\t\t\t<div class=\"elementor-widget-container\">\n\t\t\t\t\t\t\t\t<div class=\"elementor-text-editor elementor-clearfix\">\n\t\t\t\t<p>Act\u00faa cerrando el paso a trav\u00e9s de ambos conductos deferentes, impidiendo que los espermatozoides pasen al semen. En la eyaculaci\u00f3n, se sigue expulsando el semen, pero no contiene espermatozoides que puedan dar lugar a un embarazo.<\/p>\t\t\t\t\t<\/div>\n\t\t\t\t\t\t<\/div>\n\t\t\t\t<\/div>\n\t\t\t\t<div class=\"elementor-element elementor-element-30b2bfe elementor-widget elementor-widget-heading\" data-id=\"30b2bfe\" data-element_type=\"widget\" data-widget_type=\"heading.default\">\n\t\t\t\t<div class=\"elementor-widget-container\">\n\t\t\t<h2 class=\"elementor-heading-title elementor-size-default\">\u00bf<b>Cu\u00e1n efectiva<\/b> es la vasectom\u00eda?<\/h2>\t\t<\/div>\n\t\t\t\t<\/div>\n\t\t\t\t<div class=\"elementor-element elementor-element-a31774f elementor-widget elementor-widget-image\" data-id=\"a31774f\" data-element_type=\"widget\" data-widget_type=\"image.default\">\n\t\t\t\t<div class=\"elementor-widget-container\">\n\t\t\t\t\t\t\t\t<div class=\"elementor-image\">\n\t\t\t\t\t\t\t\t\t\t\t\t<img width=\"1024\" height=\"809\" src=\"https:\/\/www.medellin.gov.co\/es\/wp-content\/uploads\/2021\/09\/efectividad-de-la-vasectomia.jpg\" class=\"attachment-large size-large\" alt=\"Efectividad de la vasectom\u00eda\" loading=\"lazy\" srcset=\"https:\/\/www.medellin.gov.co\/es\/wp-content\/uploads\/2021\/09\/efectividad-de-la-vasectomia.jpg 1024w, https:\/\/www.medellin.gov.co\/es\/wp-content\/uploads\/2021\/09\/efectividad-de-la-vasectomia-300x237.jpg 300w, https:\/\/www.medellin.gov.co\/es\/wp-content\/uploads\/2021\/09\/efectividad-de-la-vasectomia-150x119.jpg 150w, https:\/\/www.medellin.gov.co\/es\/wp-content\/uploads\/2021\/09\/efectividad-de-la-vasectomia-768x607.jpg 768w\" sizes=\"(max-width: 1024px) 100vw, 1024px\" \/>\t\t\t\t\t\t\t\t\t\t\t\t\t\t<\/div>\n\t\t\t\t\t\t<\/div>\n\t\t\t\t<\/div>\n\t\t\t\t<div class=\"elementor-element elementor-element-132a373 elementor-widget elementor-widget-text-editor\" data-id=\"132a373\" data-element_type=\"widget\" data-widget_type=\"text-editor.default\">\n\t\t\t\t<div class=\"elementor-widget-container\">\n\t\t\t\t\t\t\t\t<div class=\"elementor-text-editor elementor-clearfix\">\n\t\t\t\t<ul><li>Mucho menos de 1 embarazo por cada 100 mujeres cuyas parejas se hayan sometido a una vasectom\u00eda.<\/li><li>Se debe hacer un an\u00e1lisis del semen (espermograma) 3 meses despu\u00e9s de la vasectom\u00eda para comprobar si todav\u00eda contiene espermatozoides.<\/li><li>La vasectom\u00eda no es totalmente efectiva hasta 3 meses despu\u00e9s del procedimiento, por lo cual es indispensable el uso de preservativo.\u00a0<\/li><li>A lo largo del primer a\u00f1o se producen algunos embarazos porque la pareja (el hombre, la mujer o ambos) no ha usado preservativos u otro m\u00e9todo anticonceptivo efectivo de forma sistem\u00e1tica y correcta en los primeros 3 meses despu\u00e9s de la intervenci\u00f3n, antes de que la vasectom\u00eda sea plenamente efectiva.<\/li><li>La fertilidad no se restablece porque, en general, no es posible detener o revertir la vasectom\u00eda. Este procedimiento pretende ser permanente. La intervenci\u00f3n quir\u00fargica de reversi\u00f3n es dif\u00edcil y cara, y en la mayor\u00eda de las zonas no se realiza. Cuando se lleva a cabo esta intervenci\u00f3n de reversi\u00f3n, a menudo no se logra que la mujer se quede posteriormente embarazada.<\/li><\/ul>\t\t\t\t\t<\/div>\n\t\t\t\t\t\t<\/div>\n\t\t\t\t<\/div>\n\t\t\t\t<div class=\"elementor-element elementor-element-98e6e8f elementor-widget elementor-widget-heading\" data-id=\"98e6e8f\" data-element_type=\"widget\" data-widget_type=\"heading.default\">\n\t\t\t\t<div class=\"elementor-widget-container\">\n\t\t\t<h2 class=\"elementor-heading-title elementor-size-default\"><b>Algunos efectos<\/b> secundarios de la vasectom\u00eda<\/h2>\t\t<\/div>\n\t\t\t\t<\/div>\n\t\t\t\t<div class=\"elementor-element elementor-element-77a1d55 elementor-widget elementor-widget-text-editor\" data-id=\"77a1d55\" data-element_type=\"widget\" data-widget_type=\"text-editor.default\">\n\t\t\t\t<div class=\"elementor-widget-container\">\n\t\t\t\t\t\t\t\t<div class=\"elementor-text-editor elementor-clearfix\">\n\t\t\t\t<p>Ninguno.<\/p>\t\t\t\t\t<\/div>\n\t\t\t\t\t\t<\/div>\n\t\t\t\t<\/div>\n\t\t\t\t<div class=\"elementor-element elementor-element-619d1f5 elementor-widget elementor-widget-heading\" data-id=\"619d1f5\" data-element_type=\"widget\" data-widget_type=\"heading.default\">\n\t\t\t\t<div class=\"elementor-widget-container\">\n\t\t\t<h2 class=\"elementor-heading-title elementor-size-default\"><b>Complicaciones <\/b>que puede tener la vasectom\u00eda<\/h2>\t\t<\/div>\n\t\t\t\t<\/div>\n\t\t\t\t<div class=\"elementor-element elementor-element-7d4806d elementor-widget elementor-widget-text-editor\" data-id=\"7d4806d\" data-element_type=\"widget\" data-widget_type=\"text-editor.default\">\n\t\t\t\t<div class=\"elementor-widget-container\">\n\t\t\t\t\t\t\t\t<div class=\"elementor-text-editor elementor-clearfix\">\n\t\t\t\t<p>De poco frecuentes a raras: dolor escrotal o testicular intenso durante meses o a\u00f1os, infecci\u00f3n en el lugar de la incisi\u00f3n o dentro de la incisi\u00f3n, sangrado bajo la piel que puede provocar hinchaz\u00f3n o equimosis (hematoma).<\/p>\t\t\t\t\t<\/div>\n\t\t\t\t\t\t<\/div>\n\t\t\t\t<\/div>\n\t\t\t\t<div class=\"elementor-element elementor-element-897694d elementor-widget elementor-widget-heading\" data-id=\"897694d\" data-element_type=\"widget\" data-widget_type=\"heading.default\">\n\t\t\t\t<div class=\"elementor-widget-container\">\n\t\t\t<h2 class=\"elementor-heading-title elementor-size-default\"><b>Aclara tus dudas<\/b> sobre la vasectom\u00eda<\/h2>\t\t<\/div>\n\t\t\t\t<\/div>\n\t\t\t\t<section class=\"elementor-section elementor-inner-section elementor-element elementor-element-a1ffb66 elementor-section-boxed elementor-section-height-default elementor-section-height-default\" data-id=\"a1ffb66\" data-element_type=\"section\">\n\t\t\t\t\t\t<div class=\"elementor-container elementor-column-gap-default\">\n\t\t\t\t\t\t\t<div class=\"elementor-row\">\n\t\t\t\t\t<div class=\"elementor-column elementor-col-50 elementor-inner-column elementor-element elementor-element-6b7bc62\" data-id=\"6b7bc62\" data-element_type=\"column\">\n\t\t\t<div class=\"elementor-column-wrap elementor-element-populated\">\n\t\t\t\t\t\t\t<div class=\"elementor-widget-wrap\">\n\t\t\t\t\t\t<div class=\"elementor-element elementor-element-c01873e elementor-widget elementor-widget-image\" data-id=\"c01873e\" data-element_type=\"widget\" data-widget_type=\"image.default\">\n\t\t\t\t<div class=\"elementor-widget-container\">\n\t\t\t\t\t\t\t\t<div class=\"elementor-image\">\n\t\t\t\t\t\t\t\t\t\t\t\t<img width=\"800\" height=\"849\" src=\"https:\/\/www.medellin.gov.co\/es\/wp-content\/uploads\/2021\/09\/inquietudes-sobre-la-vasectomia.jpg\" class=\"attachment-large size-large\" alt=\"Inquietudes sobre la vasectom\u00eda\" loading=\"lazy\" srcset=\"https:\/\/www.medellin.gov.co\/es\/wp-content\/uploads\/2021\/09\/inquietudes-sobre-la-vasectomia.jpg 800w, https:\/\/www.medellin.gov.co\/es\/wp-content\/uploads\/2021\/09\/inquietudes-sobre-la-vasectomia-283x300.jpg 283w, https:\/\/www.medellin.gov.co\/es\/wp-content\/uploads\/2021\/09\/inquietudes-sobre-la-vasectomia-141x150.jpg 141w, https:\/\/www.medellin.gov.co\/es\/wp-content\/uploads\/2021\/09\/inquietudes-sobre-la-vasectomia-768x815.jpg 768w\" sizes=\"(max-width: 800px) 100vw, 800px\" \/>\t\t\t\t\t\t\t\t\t\t\t\t\t\t<\/div>\n\t\t\t\t\t\t<\/div>\n\t\t\t\t<\/div>\n\t\t\t\t\t\t<\/div>\n\t\t\t\t\t<\/div>\n\t\t<\/div>\n\t\t\t\t<div class=\"elementor-column elementor-col-50 elementor-inner-column elementor-element elementor-element-3fdd8e2\" data-id=\"3fdd8e2\" data-element_type=\"column\">\n\t\t\t<div class=\"elementor-column-wrap elementor-element-populated\">\n\t\t\t\t\t\t\t<div class=\"elementor-widget-wrap\">\n\t\t\t\t\t\t<div class=\"elementor-element elementor-element-05cc4c8 elementor-widget elementor-widget-text-editor\" data-id=\"05cc4c8\" data-element_type=\"widget\" data-widget_type=\"text-editor.default\">\n\t\t\t\t<div class=\"elementor-widget-container\">\n\t\t\t\t\t\t\t\t<div class=\"elementor-text-editor elementor-clearfix\">\n\t\t\t\t<ul><li>No se extirpan los test\u00edculos. En la vasectom\u00eda se bloquean los conductos que transportan los espermatozoides desde los test\u00edculos. Los test\u00edculos permanecen en su lugar.<\/li><li>No disminuye el deseo sexual.<\/li><li>No afecta a la funci\u00f3n sexual. La erecci\u00f3n del hombre tiene la misma firmeza y dura lo mismo, y la eyaculaci\u00f3n es igual que antes de la intervenci\u00f3n.<\/li><li>No hace que el hombre engorde o se debilite, ni lo hace menos masculino o menos productivo.<\/li><li>No provoca ninguna enfermedad en etapas posteriores de la vida.<\/li><\/ul>\t\t\t\t\t<\/div>\n\t\t\t\t\t\t<\/div>\n\t\t\t\t<\/div>\n\t\t\t\t\t\t<\/div>\n\t\t\t\t\t<\/div>\n\t\t<\/div>\n\t\t\t\t\t\t\t\t<\/div>\n\t\t\t\t\t<\/div>\n\t\t<\/section>\n\t\t\t\t<div class=\"elementor-element elementor-element-d306f13 elementor-widget elementor-widget-heading\" data-id=\"d306f13\" data-element_type=\"widget\" data-widget_type=\"heading.default\">\n\t\t\t\t<div class=\"elementor-widget-container\">\n\t\t\t<h2 class=\"elementor-heading-title elementor-size-default\"><b>Informaci\u00f3n que debes tener presente<\/b> sobre la vasectom\u00eda<\/h2>\t\t<\/div>\n\t\t\t\t<\/div>\n\t\t\t\t<div class=\"elementor-element elementor-element-734cde5 elementor-widget elementor-widget-text-editor\" data-id=\"734cde5\" data-element_type=\"widget\" data-widget_type=\"text-editor.default\">\n\t\t\t\t<div class=\"elementor-widget-container\">\n\t\t\t\t\t\t\t\t<div class=\"elementor-text-editor elementor-clearfix\">\n\t\t\t\t<ul><li>Es permanente. Est\u00e1 concebida para proporcionar protecci\u00f3n de por vida, permanente y muy efectiva frente al embarazo.<\/li><li>Se trata de un procedimiento quir\u00fargico seguro y sencillo.<\/li><li>Han de pasar 3 meses hasta que tenga efecto. El hombre o ambos miembros de la pareja deben usar preservativos u otro m\u00e9todo anticonceptivo durante los 3 meses siguientes a la vasectom\u00eda.<\/li><li>No afecta el desempe\u00f1o sexual masculino.<\/li><\/ul>\t\t\t\t\t<\/div>\n\t\t\t\t\t\t<\/div>\n\t\t\t\t<\/div>\n\t\t\t\t\t\t<\/div>\n\t\t\t\t\t<\/div>\n\t\t<\/div>\n\t\t\t\t\t\t\t\t<\/div>\n\t\t\t\t\t<\/div>\n\t\t<\/section>\n\t\t\t\t\t\t\t\t\t<\/div>\n\t\t\t<\/div>\n\t\t\t\t\t<\/div>\n\t\t","protected":false},"excerpt":{"rendered":"<p>Vasectom\u00eda Es un m\u00e9todo anticonceptivo permanente para hombres que no quieren tener m\u00e1s hijos. Se realiza a trav\u00e9s de una punci\u00f3n o de una peque\u00f1a incisi\u00f3n en el escroto, el proveedor localiza los dos conductos &#8230;<\/p>\n","protected":false},"author":31,"featured_media":17425,"parent":17664,"menu_order":40,"comment_status":"closed","ping_status":"closed","template":"sec-salud\/elementor.php","meta":[],"acf":[],"_links":{"self":[{"href":"https:\/\/www.medellin.gov.co\/es\/wp-json\/wp\/v2\/pages\/19046"}],"collection":[{"href":"https:\/\/www.medellin.gov.co\/es\/wp-json\/wp\/v2\/pages"}],"about":[{"href":"https:\/\/www.medellin.gov.co\/es\/wp-json\/wp\/v2\/types\/page"}],"author":[{"embeddable":true,"href":"https:\/\/www.medellin.gov.co\/es\/wp-json\/wp\/v2\/users\/31"}],"replies":[{"embeddable":true,"href":"https:\/\/www.medellin.gov.co\/es\/wp-json\/wp\/v2\/comments?post=19046"}],"version-history":[{"count":13,"href":"https:\/\/www.medellin.gov.co\/es\/wp-json\/wp\/v2\/pages\/19046\/revisions"}],"predecessor-version":[{"id":61543,"href":"https:\/\/www.medellin.gov.co\/es\/wp-json\/wp\/v2\/pages\/19046\/revisions\/61543"}],"up":[{"embeddable":true,"href":"https:\/\/www.medellin.gov.co\/es\/wp-json\/wp\/v2\/pages\/17664"}],"wp:featuredmedia":[{"embeddable":true,"href":"https:\/\/www.medellin.gov.co\/es\/wp-json\/wp\/v2\/media\/17425"}],"wp:attachment":[{"href":"https:\/\/www.medellin.gov.co\/es\/wp-json\/wp\/v2\/media?parent=19046"}],"curies":[{"name":"wp","href":"https:\/\/api.w.org\/{rel}","templated":true}]}}