{"id":190822,"date":"2023-04-28T12:20:40","date_gmt":"2023-04-28T17:20:40","guid":{"rendered":"https:\/\/www.medellin.gov.co\/es\/?page_id=190822"},"modified":"2025-07-09T12:02:42","modified_gmt":"2025-07-09T17:02:42","slug":"certificaciones-en-normativas-ambientales-de-la-alcaldia-de-medellin","status":"publish","type":"page","link":"https:\/\/www.medellin.gov.co\/es\/secretaria-suministros-y-servicios\/politica-sostenibilidad\/certificaciones-en-normativas-ambientales-de-la-alcaldia-de-medellin\/","title":{"rendered":"Certificaciones en normativas ambientales de la Alcald\u00eda de Medell\u00edn"},"content":{"rendered":"\t\t<div data-elementor-type=\"wp-page\" data-elementor-id=\"190822\" class=\"elementor elementor-190822\">\n\t\t\t\t\t\t<div class=\"elementor-inner\">\n\t\t\t\t<div class=\"elementor-section-wrap\">\n\t\t\t\t\t\t\t\t\t<section class=\"elementor-section elementor-top-section elementor-element elementor-element-562c4e9 elementor-section-boxed elementor-section-height-default elementor-section-height-default\" data-id=\"562c4e9\" data-element_type=\"section\">\n\t\t\t\t\t\t<div class=\"elementor-container elementor-column-gap-default\">\n\t\t\t\t\t\t\t<div class=\"elementor-row\">\n\t\t\t\t\t<div class=\"elementor-column elementor-col-100 elementor-top-column elementor-element elementor-element-5d5df05\" data-id=\"5d5df05\" data-element_type=\"column\">\n\t\t\t<div class=\"elementor-column-wrap elementor-element-populated\">\n\t\t\t\t\t\t\t<div class=\"elementor-widget-wrap\">\n\t\t\t\t\t\t<div class=\"elementor-element elementor-element-474296f elementor-widget elementor-widget-heading\" data-id=\"474296f\" data-element_type=\"widget\" data-widget_type=\"heading.default\">\n\t\t\t\t<div class=\"elementor-widget-container\">\n\t\t\t<h1 class=\"elementor-heading-title elementor-size-default\">Certificaciones en normativas ambientales de la Alcald\u00eda de Medell\u00edn<\/h1>\t\t<\/div>\n\t\t\t\t<\/div>\n\t\t\t\t<div class=\"elementor-element elementor-element-3ad4d00 elementor-widget elementor-widget-text-editor\" data-id=\"3ad4d00\" data-element_type=\"widget\" data-widget_type=\"text-editor.default\">\n\t\t\t\t<div class=\"elementor-widget-container\">\n\t\t\t\t\t\t\t\t<div class=\"elementor-text-editor elementor-clearfix\">\n\t\t\t\t<p>Gracias a la gesti\u00f3n realizada por el Distrito Especial de Ciencia, Tecnolog\u00eda e Innovaci\u00f3n de Medell\u00edn en materia de Gesti\u00f3n Ambiental estamos certificados en las siguientes Normas:<\/p>\t\t\t\t\t<\/div>\n\t\t\t\t\t\t<\/div>\n\t\t\t\t<\/div>\n\t\t\t\t<div class=\"elementor-element elementor-element-3e55f52 elementor-tablet-align-left elementor-mobile-align-center elementor-widget elementor-widget-button\" data-id=\"3e55f52\" data-element_type=\"widget\" data-widget_type=\"button.default\">\n\t\t\t\t<div class=\"elementor-widget-container\">\n\t\t\t\t\t<div class=\"elementor-button-wrapper\">\n\t\t\t<a href=\"https:\/\/www.medellin.gov.co\/es\/wp-content\/uploads\/2023\/04\/ABC-CERTIFICACIONES-AMBIENTALES.pdf\" target=\"_blank\" class=\"elementor-button-link elementor-button elementor-size-sm\" role=\"button\">\n\t\t\t\t\t\t<span class=\"elementor-button-content-wrapper\">\n\t\t\t\t\t\t<span class=\"elementor-button-text\">ABC de certificaciones ambientales<\/span>\n\t\t<\/span>\n\t\t\t\t\t<\/a>\n\t\t<\/div>\n\t\t\t\t<\/div>\n\t\t\t\t<\/div>\n\t\t\t\t<div class=\"elementor-element elementor-element-0e5c09c elementor-widget elementor-widget-spacer\" data-id=\"0e5c09c\" data-element_type=\"widget\" data-widget_type=\"spacer.default\">\n\t\t\t\t<div class=\"elementor-widget-container\">\n\t\t\t\t\t<div class=\"elementor-spacer\">\n\t\t\t<div class=\"elementor-spacer-inner\"><\/div>\n\t\t<\/div>\n\t\t\t\t<\/div>\n\t\t\t\t<\/div>\n\t\t\t\t<div class=\"elementor-element elementor-element-a5a39e0 elementor-widget elementor-widget-heading\" data-id=\"a5a39e0\" data-element_type=\"widget\" data-widget_type=\"heading.default\">\n\t\t\t\t<div class=\"elementor-widget-container\">\n\t\t\t<h2 class=\"elementor-heading-title elementor-size-default\"><b>Carbono<\/b>  Neutro <\/h2>\t\t<\/div>\n\t\t\t\t<\/div>\n\t\t\t\t<section class=\"elementor-section elementor-inner-section elementor-element elementor-element-1c14766 elementor-section-boxed elementor-section-height-default elementor-section-height-default\" data-id=\"1c14766\" data-element_type=\"section\">\n\t\t\t\t\t\t<div class=\"elementor-container elementor-column-gap-default\">\n\t\t\t\t\t\t\t<div class=\"elementor-row\">\n\t\t\t\t\t<div class=\"elementor-column elementor-col-50 elementor-inner-column elementor-element elementor-element-947ce08\" data-id=\"947ce08\" data-element_type=\"column\">\n\t\t\t<div class=\"elementor-column-wrap elementor-element-populated\">\n\t\t\t\t\t\t\t<div class=\"elementor-widget-wrap\">\n\t\t\t\t\t\t<div class=\"elementor-element elementor-element-90a4223 elementor-widget elementor-widget-text-editor\" data-id=\"90a4223\" data-element_type=\"widget\" data-widget_type=\"text-editor.default\">\n\t\t\t\t<div class=\"elementor-widget-container\">\n\t\t\t\t\t\t\t\t<div class=\"elementor-text-editor elementor-clearfix\">\n\t\t\t\t<p>Certificado otorgado en el a\u00f1o 2021 por el Instituto Colombiano de Normas T\u00e9cnicas y Certificaci\u00f3n ICONTEC; que reconoce el compromiso de la Alcald\u00eda de Medell\u00edn frente a las Emisiones de Gases de Efecto Invernadero generadas desde el Centro Administrativo Distrital, la definici\u00f3n de una pol\u00edtica institucional en alineaci\u00f3n con el desarrollo de un programa en el tiempo para la gesti\u00f3n de dichas emisiones y la compensaci\u00f3n mediante procesos de reforestaci\u00f3n del Distrito de Medell\u00edn, para lograr la neutralidad.<\/p><p>Somos la primer Alcald\u00eda del pa\u00eds en recibir esta certificaci\u00f3n por medir y compensar la huella de carbono en el Centro Administrativo Distrital \u2013 CAD.<\/p><p>En la compensaci\u00f3n se han utilizado cr\u00e9ditos de carbono propios generados con la Iniciativa de Mitigaci\u00f3n denominada \u201cRestauraci\u00f3n\u201d.<\/p><p>En el proceso de medici\u00f3n la Alcald\u00eda de Medell\u00edn identific\u00f3 un total de emisiones de 4.981 toneladas de CO2e como l\u00ednea base, de las cuales compensamos acorde con la norma las contraladas por la organizaci\u00f3n correspondientes a 1.485 toneladas de CO2e.<\/p><p>La restauraci\u00f3n mediante reforestaci\u00f3n se realiza en hect\u00e1reas de los 5 corregimientos de Distrito de Medell\u00edn.<\/p><p>Tienes el poder de reducir tu huella de carbono y aportar a los objetivos de la organizaci\u00f3n siguiendo estos consejos:<\/p>\t\t\t\t\t<\/div>\n\t\t\t\t\t\t<\/div>\n\t\t\t\t<\/div>\n\t\t\t\t\t\t<\/div>\n\t\t\t\t\t<\/div>\n\t\t<\/div>\n\t\t\t\t<div class=\"elementor-column elementor-col-50 elementor-inner-column elementor-element elementor-element-0b47dd0\" data-id=\"0b47dd0\" data-element_type=\"column\">\n\t\t\t<div class=\"elementor-column-wrap elementor-element-populated\">\n\t\t\t\t\t\t\t<div class=\"elementor-widget-wrap\">\n\t\t\t\t\t\t<div class=\"elementor-element elementor-element-89e4aed elementor-widget elementor-widget-image\" data-id=\"89e4aed\" data-element_type=\"widget\" data-widget_type=\"image.default\">\n\t\t\t\t<div class=\"elementor-widget-container\">\n\t\t\t\t\t\t\t\t<div class=\"elementor-image\">\n\t\t\t\t\t\t\t\t\t\t\t\t\t<a href=\"https:\/\/www.medellin.gov.co\/es\/wp-content\/uploads\/2025\/07\/Anexo_1_Certificado_carbono_neutro_actual_.jpg\" target=\"_blank\">\n\t\t\t\t\t\t\t<img width=\"791\" height=\"1024\" src=\"https:\/\/www.medellin.gov.co\/es\/wp-content\/uploads\/2025\/07\/Anexo_1_Certificado_carbono_neutro_actual_-791x1024.jpg\" class=\"attachment-large size-large\" alt=\"\" loading=\"lazy\" srcset=\"https:\/\/www.medellin.gov.co\/es\/wp-content\/uploads\/2025\/07\/Anexo_1_Certificado_carbono_neutro_actual_-791x1024.jpg 791w, https:\/\/www.medellin.gov.co\/es\/wp-content\/uploads\/2025\/07\/Anexo_1_Certificado_carbono_neutro_actual_-232x300.jpg 232w, https:\/\/www.medellin.gov.co\/es\/wp-content\/uploads\/2025\/07\/Anexo_1_Certificado_carbono_neutro_actual_-116x150.jpg 116w, https:\/\/www.medellin.gov.co\/es\/wp-content\/uploads\/2025\/07\/Anexo_1_Certificado_carbono_neutro_actual_-768x994.jpg 768w, https:\/\/www.medellin.gov.co\/es\/wp-content\/uploads\/2025\/07\/Anexo_1_Certificado_carbono_neutro_actual_-1187x1536.jpg 1187w, https:\/\/www.medellin.gov.co\/es\/wp-content\/uploads\/2025\/07\/Anexo_1_Certificado_carbono_neutro_actual_-1583x2048.jpg 1583w, https:\/\/www.medellin.gov.co\/es\/wp-content\/uploads\/2025\/07\/Anexo_1_Certificado_carbono_neutro_actual_.jpg 1921w\" sizes=\"(max-width: 791px) 100vw, 791px\" \/>\t\t\t\t\t\t\t\t<\/a>\n\t\t\t\t\t\t\t\t\t\t\t\t\t\t<\/div>\n\t\t\t\t\t\t<\/div>\n\t\t\t\t<\/div>\n\t\t\t\t\t\t<\/div>\n\t\t\t\t\t<\/div>\n\t\t<\/div>\n\t\t\t\t\t\t\t\t<\/div>\n\t\t\t\t\t<\/div>\n\t\t<\/section>\n\t\t\t\t<section class=\"elementor-section elementor-inner-section elementor-element elementor-element-1fde18c elementor-section-boxed elementor-section-height-default elementor-section-height-default\" data-id=\"1fde18c\" data-element_type=\"section\">\n\t\t\t\t\t\t<div class=\"elementor-container elementor-column-gap-default\">\n\t\t\t\t\t\t\t<div class=\"elementor-row\">\n\t\t\t\t\t<div class=\"elementor-column elementor-col-100 elementor-inner-column elementor-element elementor-element-3e0cb0f\" data-id=\"3e0cb0f\" data-element_type=\"column\">\n\t\t\t<div class=\"elementor-column-wrap elementor-element-populated\">\n\t\t\t\t\t\t\t<div class=\"elementor-widget-wrap\">\n\t\t\t\t\t\t<div class=\"elementor-element elementor-element-74a98aa elementor-widget elementor-widget-text-editor\" data-id=\"74a98aa\" data-element_type=\"widget\" data-widget_type=\"text-editor.default\">\n\t\t\t\t<div class=\"elementor-widget-container\">\n\t\t\t\t\t\t\t\t<div class=\"elementor-text-editor elementor-clearfix\">\n\t\t\t\t<p>\u2022 Mejora la eficiencia energ\u00e9tica en tu puesto de trabajo: apaga tu computador cuando no est\u00e9 en uso, evita el uso del ascensor en tus desplazamientos cortos y promueve la reutilizaci\u00f3n y el reciclaje de materiales en la oficina.<\/p><p>\u2022 Adopta un consumo responsable, sostenible y circular, es decir, evita los productos desechables y recicla.<\/p><p>\u2022 Despl\u00e1zate por medios m\u00e1s sostenibles, como el transporte p\u00fablico, la bicicleta o a pie.<\/p><p>\u2022 Habla a los dem\u00e1s de la importancia de reducir la huella de carbono y comparte estos consejos.<\/p>\t\t\t\t\t<\/div>\n\t\t\t\t\t\t<\/div>\n\t\t\t\t<\/div>\n\t\t\t\t\t\t<\/div>\n\t\t\t\t\t<\/div>\n\t\t<\/div>\n\t\t\t\t\t\t\t\t<\/div>\n\t\t\t\t\t<\/div>\n\t\t<\/section>\n\t\t\t\t<div class=\"elementor-element elementor-element-c55a4eb elementor-widget elementor-widget-heading\" data-id=\"c55a4eb\" data-element_type=\"widget\" data-widget_type=\"heading.default\">\n\t\t\t\t<div class=\"elementor-widget-container\">\n\t\t\t<h2 class=\"elementor-heading-title elementor-size-default\"><b>Basura<\/b> Cero<\/h2>\t\t<\/div>\n\t\t\t\t<\/div>\n\t\t\t\t<section class=\"elementor-section elementor-inner-section elementor-element elementor-element-b3697da elementor-section-boxed elementor-section-height-default elementor-section-height-default\" data-id=\"b3697da\" data-element_type=\"section\">\n\t\t\t\t\t\t<div class=\"elementor-container elementor-column-gap-default\">\n\t\t\t\t\t\t\t<div class=\"elementor-row\">\n\t\t\t\t\t<div class=\"elementor-column elementor-col-50 elementor-inner-column elementor-element elementor-element-2c52f65\" data-id=\"2c52f65\" data-element_type=\"column\">\n\t\t\t<div class=\"elementor-column-wrap elementor-element-populated\">\n\t\t\t\t\t\t\t<div class=\"elementor-widget-wrap\">\n\t\t\t\t\t\t<div class=\"elementor-element elementor-element-6a1204f elementor-widget elementor-widget-image\" data-id=\"6a1204f\" data-element_type=\"widget\" data-widget_type=\"image.default\">\n\t\t\t\t<div class=\"elementor-widget-container\">\n\t\t\t\t\t\t\t\t<div class=\"elementor-image\">\n\t\t\t\t\t\t\t\t\t\t\t\t<img width=\"797\" height=\"1024\" src=\"https:\/\/www.medellin.gov.co\/es\/wp-content\/uploads\/2024\/03\/CERTIFIACION-BASURA-CERO-797x1024.jpg\" class=\"attachment-large size-large\" alt=\"\" loading=\"lazy\" srcset=\"https:\/\/www.medellin.gov.co\/es\/wp-content\/uploads\/2024\/03\/CERTIFIACION-BASURA-CERO-797x1024.jpg 797w, https:\/\/www.medellin.gov.co\/es\/wp-content\/uploads\/2024\/03\/CERTIFIACION-BASURA-CERO-233x300.jpg 233w, https:\/\/www.medellin.gov.co\/es\/wp-content\/uploads\/2024\/03\/CERTIFIACION-BASURA-CERO-117x150.jpg 117w, https:\/\/www.medellin.gov.co\/es\/wp-content\/uploads\/2024\/03\/CERTIFIACION-BASURA-CERO-768x987.jpg 768w, https:\/\/www.medellin.gov.co\/es\/wp-content\/uploads\/2024\/03\/CERTIFIACION-BASURA-CERO.jpg 996w\" sizes=\"(max-width: 797px) 100vw, 797px\" \/>\t\t\t\t\t\t\t\t\t\t\t\t\t\t<\/div>\n\t\t\t\t\t\t<\/div>\n\t\t\t\t<\/div>\n\t\t\t\t\t\t<\/div>\n\t\t\t\t\t<\/div>\n\t\t<\/div>\n\t\t\t\t<div class=\"elementor-column elementor-col-50 elementor-inner-column elementor-element elementor-element-9514d67\" data-id=\"9514d67\" data-element_type=\"column\">\n\t\t\t<div class=\"elementor-column-wrap elementor-element-populated\">\n\t\t\t\t\t\t\t<div class=\"elementor-widget-wrap\">\n\t\t\t\t\t\t<div class=\"elementor-element elementor-element-07bd52b elementor-widget elementor-widget-text-editor\" data-id=\"07bd52b\" data-element_type=\"widget\" data-widget_type=\"text-editor.default\">\n\t\t\t\t<div class=\"elementor-widget-container\">\n\t\t\t\t\t\t\t\t<div class=\"elementor-text-editor elementor-clearfix\">\n\t\t\t\t<p>Certificado otorgado en el a\u00f1o 2020 por parte del Instituto Colombiano de Normas T\u00e9cnicas y Certificaci\u00f3n ICONTEC a la estandarizaci\u00f3n y adecuado manejo de residuos s\u00f3lidos que incluye estrategias de reducci\u00f3n, reutilizaci\u00f3n y aprovechamiento basadas en modelos de Econom\u00eda Circular, que permiten minimizar los residuos destinados a la disposici\u00f3n final.<\/p><p>Con un puntaje de 96.9 % se logr\u00f3 la certificaci\u00f3n en la categor\u00eda oro, el puntaje m\u00e1s alto logrado por una entidad territorial.<\/p><p>Recuperamos anualmente m\u00e1s del 45% de los residuos s\u00f3lidos generados en el Centro Administrativo Distrital al a\u00f1o.<\/p>\t\t\t\t\t<\/div>\n\t\t\t\t\t\t<\/div>\n\t\t\t\t<\/div>\n\t\t\t\t\t\t<\/div>\n\t\t\t\t\t<\/div>\n\t\t<\/div>\n\t\t\t\t\t\t\t\t<\/div>\n\t\t\t\t\t<\/div>\n\t\t<\/section>\n\t\t\t\t<div class=\"elementor-element elementor-element-07d2f57 elementor-widget elementor-widget-heading\" data-id=\"07d2f57\" data-element_type=\"widget\" data-widget_type=\"heading.default\">\n\t\t\t\t<div class=\"elementor-widget-container\">\n\t\t\t<h2 class=\"elementor-heading-title elementor-size-default\"><b>ISO 14001<\/b> <\/h2>\t\t<\/div>\n\t\t\t\t<\/div>\n\t\t\t\t<section class=\"elementor-section elementor-inner-section elementor-element elementor-element-94c64f0 elementor-section-boxed elementor-section-height-default elementor-section-height-default\" data-id=\"94c64f0\" data-element_type=\"section\">\n\t\t\t\t\t\t<div class=\"elementor-container elementor-column-gap-default\">\n\t\t\t\t\t\t\t<div class=\"elementor-row\">\n\t\t\t\t\t<div class=\"elementor-column elementor-col-50 elementor-inner-column elementor-element elementor-element-aefa566\" data-id=\"aefa566\" data-element_type=\"column\">\n\t\t\t<div class=\"elementor-column-wrap elementor-element-populated\">\n\t\t\t\t\t\t\t<div class=\"elementor-widget-wrap\">\n\t\t\t\t\t\t<div class=\"elementor-element elementor-element-e22babb elementor-widget elementor-widget-text-editor\" data-id=\"e22babb\" data-element_type=\"widget\" data-widget_type=\"text-editor.default\">\n\t\t\t\t<div class=\"elementor-widget-container\">\n\t\t\t\t\t\t\t\t<div class=\"elementor-text-editor elementor-clearfix\">\n\t\t\t\t<p>La NTC ISO 14000 tiene un enfoque sist\u00e9mico. El enfoque sistem\u00e1tico a la gesti\u00f3n ambiental puede proporcionar informaci\u00f3n a la alta direcci\u00f3n para generar \u00e9xito a largo plazo y crear opciones para contribuir al desarrollo sostenible (NTC-ISO 14001:2015).<\/p>\t\t\t\t\t<\/div>\n\t\t\t\t\t\t<\/div>\n\t\t\t\t<\/div>\n\t\t\t\t\t\t<\/div>\n\t\t\t\t\t<\/div>\n\t\t<\/div>\n\t\t\t\t<div class=\"elementor-column elementor-col-50 elementor-inner-column elementor-element elementor-element-59c3b22\" data-id=\"59c3b22\" data-element_type=\"column\">\n\t\t\t<div class=\"elementor-column-wrap elementor-element-populated\">\n\t\t\t\t\t\t\t<div class=\"elementor-widget-wrap\">\n\t\t\t\t\t\t<div class=\"elementor-element elementor-element-8b55aa6 elementor-widget elementor-widget-image\" data-id=\"8b55aa6\" data-element_type=\"widget\" data-widget_type=\"image.default\">\n\t\t\t\t<div class=\"elementor-widget-container\">\n\t\t\t\t\t\t\t\t<div class=\"elementor-image\">\n\t\t\t\t\t\t\t\t\t\t\t\t<img width=\"735\" height=\"1024\" src=\"https:\/\/www.medellin.gov.co\/es\/wp-content\/uploads\/2024\/03\/CERTIFICACION-ISO-14001-735x1024.jpg\" class=\"attachment-large size-large\" alt=\"\" loading=\"lazy\" srcset=\"https:\/\/www.medellin.gov.co\/es\/wp-content\/uploads\/2024\/03\/CERTIFICACION-ISO-14001-735x1024.jpg 735w, https:\/\/www.medellin.gov.co\/es\/wp-content\/uploads\/2024\/03\/CERTIFICACION-ISO-14001-215x300.jpg 215w, https:\/\/www.medellin.gov.co\/es\/wp-content\/uploads\/2024\/03\/CERTIFICACION-ISO-14001-108x150.jpg 108w, https:\/\/www.medellin.gov.co\/es\/wp-content\/uploads\/2024\/03\/CERTIFICACION-ISO-14001-768x1070.jpg 768w, https:\/\/www.medellin.gov.co\/es\/wp-content\/uploads\/2024\/03\/CERTIFICACION-ISO-14001-1102x1536.jpg 1102w, https:\/\/www.medellin.gov.co\/es\/wp-content\/uploads\/2024\/03\/CERTIFICACION-ISO-14001.jpg 1280w\" sizes=\"(max-width: 735px) 100vw, 735px\" \/>\t\t\t\t\t\t\t\t\t\t\t\t\t\t<\/div>\n\t\t\t\t\t\t<\/div>\n\t\t\t\t<\/div>\n\t\t\t\t\t\t<\/div>\n\t\t\t\t\t<\/div>\n\t\t<\/div>\n\t\t\t\t\t\t\t\t<\/div>\n\t\t\t\t\t<\/div>\n\t\t<\/section>\n\t\t\t\t\t\t<\/div>\n\t\t\t\t\t<\/div>\n\t\t<\/div>\n\t\t\t\t\t\t\t\t<\/div>\n\t\t\t\t\t<\/div>\n\t\t<\/section>\n\t\t\t\t\t\t\t\t\t<\/div>\n\t\t\t<\/div>\n\t\t\t\t\t<\/div>\n\t\t","protected":false},"excerpt":{"rendered":"<p>Certificaciones en normativas ambientales de la Alcald\u00eda de Medell\u00edn Gracias a la gesti\u00f3n realizada por el Distrito Especial de Ciencia, Tecnolog\u00eda e Innovaci\u00f3n de Medell\u00edn en materia de Gesti\u00f3n Ambiental estamos certificados en las siguientes &#8230;<\/p>\n","protected":false},"author":31,"featured_media":187090,"parent":187136,"menu_order":0,"comment_status":"closed","ping_status":"closed","template":"sec-suministros-servicios\/elementor.php","meta":[],"acf":[],"_links":{"self":[{"href":"https:\/\/www.medellin.gov.co\/es\/wp-json\/wp\/v2\/pages\/190822"}],"collection":[{"href":"https:\/\/www.medellin.gov.co\/es\/wp-json\/wp\/v2\/pages"}],"about":[{"href":"https:\/\/www.medellin.gov.co\/es\/wp-json\/wp\/v2\/types\/page"}],"author":[{"embeddable":true,"href":"https:\/\/www.medellin.gov.co\/es\/wp-json\/wp\/v2\/users\/31"}],"replies":[{"embeddable":true,"href":"https:\/\/www.medellin.gov.co\/es\/wp-json\/wp\/v2\/comments?post=190822"}],"version-history":[{"count":10,"href":"https:\/\/www.medellin.gov.co\/es\/wp-json\/wp\/v2\/pages\/190822\/revisions"}],"predecessor-version":[{"id":426790,"href":"https:\/\/www.medellin.gov.co\/es\/wp-json\/wp\/v2\/pages\/190822\/revisions\/426790"}],"up":[{"embeddable":true,"href":"https:\/\/www.medellin.gov.co\/es\/wp-json\/wp\/v2\/pages\/187136"}],"wp:featuredmedia":[{"embeddable":true,"href":"https:\/\/www.medellin.gov.co\/es\/wp-json\/wp\/v2\/media\/187090"}],"wp:attachment":[{"href":"https:\/\/www.medellin.gov.co\/es\/wp-json\/wp\/v2\/media?parent=190822"}],"curies":[{"name":"wp","href":"https:\/\/api.w.org\/{rel}","templated":true}]}}