{"id":190897,"date":"2023-04-28T12:42:59","date_gmt":"2023-04-28T17:42:59","guid":{"rendered":"https:\/\/www.medellin.gov.co\/es\/?page_id=190897"},"modified":"2025-05-30T12:28:15","modified_gmt":"2025-05-30T17:28:15","slug":"gestion-integral-de-residuos-de-la-alcaldia-de-medellin","status":"publish","type":"page","link":"https:\/\/www.medellin.gov.co\/es\/secretaria-suministros-y-servicios\/politica-sostenibilidad\/gestion-integral-de-residuos-de-la-alcaldia-de-medellin\/","title":{"rendered":"Gesti\u00f3n integral de residuos de la Alcald\u00eda de Medell\u00edn"},"content":{"rendered":"\t\t<div data-elementor-type=\"wp-page\" data-elementor-id=\"190897\" class=\"elementor elementor-190897\">\n\t\t\t\t\t\t<div class=\"elementor-inner\">\n\t\t\t\t<div class=\"elementor-section-wrap\">\n\t\t\t\t\t\t\t\t\t<section class=\"elementor-section elementor-top-section elementor-element elementor-element-885ea47 elementor-section-boxed elementor-section-height-default elementor-section-height-default\" data-id=\"885ea47\" data-element_type=\"section\">\n\t\t\t\t\t\t<div class=\"elementor-container elementor-column-gap-default\">\n\t\t\t\t\t\t\t<div class=\"elementor-row\">\n\t\t\t\t\t<div class=\"elementor-column elementor-col-100 elementor-top-column elementor-element elementor-element-179e3e0\" data-id=\"179e3e0\" data-element_type=\"column\">\n\t\t\t<div class=\"elementor-column-wrap elementor-element-populated\">\n\t\t\t\t\t\t\t<div class=\"elementor-widget-wrap\">\n\t\t\t\t\t\t<div class=\"elementor-element elementor-element-70e83bd elementor-widget elementor-widget-heading\" data-id=\"70e83bd\" data-element_type=\"widget\" data-widget_type=\"heading.default\">\n\t\t\t\t<div class=\"elementor-widget-container\">\n\t\t\t<h1 class=\"elementor-heading-title elementor-size-default\">Gesti\u00f3n integral de residuos de la Alcald\u00eda de Medell\u00edn<\/h1>\t\t<\/div>\n\t\t\t\t<\/div>\n\t\t\t\t<section class=\"elementor-section elementor-inner-section elementor-element elementor-element-02a7f6f elementor-section-boxed elementor-section-height-default elementor-section-height-default\" data-id=\"02a7f6f\" data-element_type=\"section\">\n\t\t\t\t\t\t<div class=\"elementor-container elementor-column-gap-default\">\n\t\t\t\t\t\t\t<div class=\"elementor-row\">\n\t\t\t\t\t<div class=\"elementor-column elementor-col-50 elementor-inner-column elementor-element elementor-element-655d0af\" data-id=\"655d0af\" data-element_type=\"column\">\n\t\t\t<div class=\"elementor-column-wrap elementor-element-populated\">\n\t\t\t\t\t\t\t<div class=\"elementor-widget-wrap\">\n\t\t\t\t\t\t<div class=\"elementor-element elementor-element-fba1206 elementor-widget elementor-widget-text-editor\" data-id=\"fba1206\" data-element_type=\"widget\" data-widget_type=\"text-editor.default\">\n\t\t\t\t<div class=\"elementor-widget-container\">\n\t\t\t\t\t\t\t\t<div class=\"elementor-text-editor elementor-clearfix\">\n\t\t\t\t<p>En la gesti\u00f3n integral de residuos de la Alcald\u00eda de Medell\u00edn est\u00e1n involucrados diversas dependencias y colaboradores.<\/p><p>En la Alcald\u00eda de Medell\u00edn los residuos los:<\/p><ul><li>Separamos<\/li><li>Recolectamos y almacenamos<\/li><li>Reclasificamos<\/li><li>Aprovechamos<\/li><\/ul>\t\t\t\t\t<\/div>\n\t\t\t\t\t\t<\/div>\n\t\t\t\t<\/div>\n\t\t\t\t\t\t<\/div>\n\t\t\t\t\t<\/div>\n\t\t<\/div>\n\t\t\t\t<div class=\"elementor-column elementor-col-50 elementor-inner-column elementor-element elementor-element-1f3d4cc\" data-id=\"1f3d4cc\" data-element_type=\"column\">\n\t\t\t<div class=\"elementor-column-wrap elementor-element-populated\">\n\t\t\t\t\t\t\t<div class=\"elementor-widget-wrap\">\n\t\t\t\t\t\t<div class=\"elementor-element elementor-element-2bbcc6c elementor-widget elementor-widget-image\" data-id=\"2bbcc6c\" data-element_type=\"widget\" data-widget_type=\"image.default\">\n\t\t\t\t<div class=\"elementor-widget-container\">\n\t\t\t\t\t\t\t\t<div class=\"elementor-image\">\n\t\t\t\t\t\t\t\t\t\t\t\t<img width=\"1024\" height=\"679\" src=\"https:\/\/www.medellin.gov.co\/es\/wp-content\/uploads\/2023\/04\/Alcaldia-sostenible-2-1-1024x679.jpg\" class=\"attachment-large size-large\" alt=\"C\u00f3digo de colores residuos\" loading=\"lazy\" srcset=\"https:\/\/www.medellin.gov.co\/es\/wp-content\/uploads\/2023\/04\/Alcaldia-sostenible-2-1-1024x679.jpg 1024w, https:\/\/www.medellin.gov.co\/es\/wp-content\/uploads\/2023\/04\/Alcaldia-sostenible-2-1-300x199.jpg 300w, https:\/\/www.medellin.gov.co\/es\/wp-content\/uploads\/2023\/04\/Alcaldia-sostenible-2-1-150x99.jpg 150w, https:\/\/www.medellin.gov.co\/es\/wp-content\/uploads\/2023\/04\/Alcaldia-sostenible-2-1-768x509.jpg 768w, https:\/\/www.medellin.gov.co\/es\/wp-content\/uploads\/2023\/04\/Alcaldia-sostenible-2-1.jpg 1086w\" sizes=\"(max-width: 1024px) 100vw, 1024px\" \/>\t\t\t\t\t\t\t\t\t\t\t\t\t\t<\/div>\n\t\t\t\t\t\t<\/div>\n\t\t\t\t<\/div>\n\t\t\t\t\t\t<\/div>\n\t\t\t\t\t<\/div>\n\t\t<\/div>\n\t\t\t\t\t\t\t\t<\/div>\n\t\t\t\t\t<\/div>\n\t\t<\/section>\n\t\t\t\t<section class=\"elementor-section elementor-inner-section elementor-element elementor-element-2561f25 elementor-section-boxed elementor-section-height-default elementor-section-height-default\" data-id=\"2561f25\" data-element_type=\"section\">\n\t\t\t\t\t\t<div class=\"elementor-container elementor-column-gap-default\">\n\t\t\t\t\t\t\t<div class=\"elementor-row\">\n\t\t\t\t\t<div class=\"elementor-column elementor-col-50 elementor-inner-column elementor-element elementor-element-1a054f4\" data-id=\"1a054f4\" data-element_type=\"column\">\n\t\t\t<div class=\"elementor-column-wrap elementor-element-populated\">\n\t\t\t\t\t\t\t<div class=\"elementor-widget-wrap\">\n\t\t\t\t\t\t<div class=\"elementor-element elementor-element-6be3c9a elementor-widget elementor-widget-heading\" data-id=\"6be3c9a\" data-element_type=\"widget\" data-widget_type=\"heading.default\">\n\t\t\t\t<div class=\"elementor-widget-container\">\n\t\t\t<h2 class=\"elementor-heading-title elementor-size-default\"><b>Separaci\u00f3n de<\/b> residuos<\/h2>\t\t<\/div>\n\t\t\t\t<\/div>\n\t\t\t\t<div class=\"elementor-element elementor-element-9af00f0 elementor-widget elementor-widget-text-editor\" data-id=\"9af00f0\" data-element_type=\"widget\" data-widget_type=\"text-editor.default\">\n\t\t\t\t<div class=\"elementor-widget-container\">\n\t\t\t\t\t\t\t\t<div class=\"elementor-text-editor elementor-clearfix\">\n\t\t\t\t<p>En el CAD se generan varios tipos de residuos como: ordinarios, reciclables, org\u00e1nicos, peligrosos y especiales. Para la correcta separaci\u00f3n en la fuente, el Centro Administrativo Distrital cuenta con puntos ecol\u00f3gicos y recipientes individuales ubicados estrat\u00e9gicamente.<\/p>\t\t\t\t\t<\/div>\n\t\t\t\t\t\t<\/div>\n\t\t\t\t<\/div>\n\t\t\t\t\t\t<\/div>\n\t\t\t\t\t<\/div>\n\t\t<\/div>\n\t\t\t\t<div class=\"elementor-column elementor-col-50 elementor-inner-column elementor-element elementor-element-8e39378\" data-id=\"8e39378\" data-element_type=\"column\">\n\t\t\t<div class=\"elementor-column-wrap elementor-element-populated\">\n\t\t\t\t\t\t\t<div class=\"elementor-widget-wrap\">\n\t\t\t\t\t\t<div class=\"elementor-element elementor-element-2f2d873 elementor-widget elementor-widget-heading\" data-id=\"2f2d873\" data-element_type=\"widget\" data-widget_type=\"heading.default\">\n\t\t\t\t<div class=\"elementor-widget-container\">\n\t\t\t<h2 class=\"elementor-heading-title elementor-size-default\"><b>Recolecci\u00f3n y <\/b>almacenamiento de residuos<\/h2>\t\t<\/div>\n\t\t\t\t<\/div>\n\t\t\t\t<div class=\"elementor-element elementor-element-34760b6 elementor-widget elementor-widget-text-editor\" data-id=\"34760b6\" data-element_type=\"widget\" data-widget_type=\"text-editor.default\">\n\t\t\t\t<div class=\"elementor-widget-container\">\n\t\t\t\t\t\t\t\t<div class=\"elementor-text-editor elementor-clearfix\">\n\t\t\t\t<p>Se cuenta con una ruta interna para la recolecci\u00f3n de los pisos de los residuos s\u00f3lidos generados, estos son trasladados al centro de almacenamiento temporal y reclasificaci\u00f3n de residuos s\u00f3lidos, en donde se gestionan de acuerdo a su tipo.<\/p><ul><li>Residuos s\u00f3lidos ordinarios se entregan diariamente a EMVARIAS<\/li><li>Residuos s\u00f3lidos reciclables se entregan dos veces por semana a CORNAMBIENTE.<\/li><li>Residuos s\u00f3lidos org\u00e1nicos se compostan cada dos d\u00edas.<\/li><li>Residuos peligrosos se almacenan m\u00e1ximo durante seis meses y se gestionan con EMVARIAS.<\/li><\/ul><p>\u00a0<\/p>\t\t\t\t\t<\/div>\n\t\t\t\t\t\t<\/div>\n\t\t\t\t<\/div>\n\t\t\t\t\t\t<\/div>\n\t\t\t\t\t<\/div>\n\t\t<\/div>\n\t\t\t\t\t\t\t\t<\/div>\n\t\t\t\t\t<\/div>\n\t\t<\/section>\n\t\t\t\t<section class=\"elementor-section elementor-inner-section elementor-element elementor-element-9d23bd8 elementor-section-boxed elementor-section-height-default elementor-section-height-default\" data-id=\"9d23bd8\" data-element_type=\"section\">\n\t\t\t\t\t\t<div class=\"elementor-container elementor-column-gap-default\">\n\t\t\t\t\t\t\t<div class=\"elementor-row\">\n\t\t\t\t\t<div class=\"elementor-column elementor-col-50 elementor-inner-column elementor-element elementor-element-ab03ece\" data-id=\"ab03ece\" data-element_type=\"column\">\n\t\t\t<div class=\"elementor-column-wrap elementor-element-populated\">\n\t\t\t\t\t\t\t<div class=\"elementor-widget-wrap\">\n\t\t\t\t\t\t<div class=\"elementor-element elementor-element-d568e9c elementor-widget elementor-widget-heading\" data-id=\"d568e9c\" data-element_type=\"widget\" data-widget_type=\"heading.default\">\n\t\t\t\t<div class=\"elementor-widget-container\">\n\t\t\t<h2 class=\"elementor-heading-title elementor-size-default\"><b>Reclasificaci\u00f3n de<\/b> residuos<\/h2>\t\t<\/div>\n\t\t\t\t<\/div>\n\t\t\t\t<div class=\"elementor-element elementor-element-fe552d0 elementor-widget elementor-widget-text-editor\" data-id=\"fe552d0\" data-element_type=\"widget\" data-widget_type=\"text-editor.default\">\n\t\t\t\t<div class=\"elementor-widget-container\">\n\t\t\t\t\t\t\t\t<div class=\"elementor-text-editor elementor-clearfix\">\n\t\t\t\t<p>Diariamente se reclasifican todos los residuos s\u00f3lidos generados en las instalaciones del Centro Administrativo Distrital, esta labor se hace en el centro de almacenamiento temporal y reclasificaci\u00f3n de residuos s\u00f3lidos, esta labor se realiza de manera manual.<\/p>\t\t\t\t\t<\/div>\n\t\t\t\t\t\t<\/div>\n\t\t\t\t<\/div>\n\t\t\t\t<div class=\"elementor-element elementor-element-47aff45 elementor-widget elementor-widget-image\" data-id=\"47aff45\" data-element_type=\"widget\" data-widget_type=\"image.default\">\n\t\t\t\t<div class=\"elementor-widget-container\">\n\t\t\t\t\t\t\t\t<div class=\"elementor-image\">\n\t\t\t\t\t\t\t\t\t\t\t\t<img width=\"665\" height=\"442\" src=\"https:\/\/www.medellin.gov.co\/es\/wp-content\/uploads\/2025\/05\/Reclasificacion.jpg\" class=\"attachment-large size-large\" alt=\"\" loading=\"lazy\" srcset=\"https:\/\/www.medellin.gov.co\/es\/wp-content\/uploads\/2025\/05\/Reclasificacion.jpg 665w, https:\/\/www.medellin.gov.co\/es\/wp-content\/uploads\/2025\/05\/Reclasificacion-300x199.jpg 300w, https:\/\/www.medellin.gov.co\/es\/wp-content\/uploads\/2025\/05\/Reclasificacion-150x100.jpg 150w\" sizes=\"(max-width: 665px) 100vw, 665px\" \/>\t\t\t\t\t\t\t\t\t\t\t\t\t\t<\/div>\n\t\t\t\t\t\t<\/div>\n\t\t\t\t<\/div>\n\t\t\t\t\t\t<\/div>\n\t\t\t\t\t<\/div>\n\t\t<\/div>\n\t\t\t\t<div class=\"elementor-column elementor-col-50 elementor-inner-column elementor-element elementor-element-e565d99\" data-id=\"e565d99\" data-element_type=\"column\">\n\t\t\t<div class=\"elementor-column-wrap elementor-element-populated\">\n\t\t\t\t\t\t\t<div class=\"elementor-widget-wrap\">\n\t\t\t\t\t\t<div class=\"elementor-element elementor-element-4c9b52a elementor-widget elementor-widget-heading\" data-id=\"4c9b52a\" data-element_type=\"widget\" data-widget_type=\"heading.default\">\n\t\t\t\t<div class=\"elementor-widget-container\">\n\t\t\t<h2 class=\"elementor-heading-title elementor-size-default\"><b>Aprovechamiento de<\/b> residuos<\/h2>\t\t<\/div>\n\t\t\t\t<\/div>\n\t\t\t\t<div class=\"elementor-element elementor-element-2ddc210 elementor-widget elementor-widget-text-editor\" data-id=\"2ddc210\" data-element_type=\"widget\" data-widget_type=\"text-editor.default\">\n\t\t\t\t<div class=\"elementor-widget-container\">\n\t\t\t\t\t\t\t\t<div class=\"elementor-text-editor elementor-clearfix\">\n\t\t\t\t<ul><li>A trav\u00e9s de la fundaci\u00f3n <strong>botellas de amor <\/strong>se aprovechan cerca de 620 kg de pl\u00e1stico al a\u00f1o para la construcci\u00f3n de mobiliario p\u00fablico.<\/li><li>Se recolectan tapas de pl\u00e1stico, las cuales hacen parte de la iniciativa de recolecci\u00f3n de \u201cLazos de amor\u201d donde se apoya a pacientes con c\u00e1ncer.<\/li><li>Se entregan los residuos solidos reciclables CORNAMBIENTE, una organizaci\u00f3n de reciclaje formalizada.<\/li><li>Se realiza compostaje con los residuos solidos organicos generados en el Centro Administrativo Distrital, evitando asi que ceca de 9.044,49 kg de residuos organicos al a\u00f1o se dispongan en el relleno sanitario.<\/li><li>Se tiene un convenio con la Instituci\u00f3n universitaria Pascual Bravo donde se entregan los residuos el\u00e9ctricos y electr\u00f3nicos para proyectos de innovaci\u00f3n educativa, como la construcci\u00f3n de robots.<\/li><\/ul>\t\t\t\t\t<\/div>\n\t\t\t\t\t\t<\/div>\n\t\t\t\t<\/div>\n\t\t\t\t\t\t<\/div>\n\t\t\t\t\t<\/div>\n\t\t<\/div>\n\t\t\t\t\t\t\t\t<\/div>\n\t\t\t\t\t<\/div>\n\t\t<\/section>\n\t\t\t\t\t\t<\/div>\n\t\t\t\t\t<\/div>\n\t\t<\/div>\n\t\t\t\t\t\t\t\t<\/div>\n\t\t\t\t\t<\/div>\n\t\t<\/section>\n\t\t\t\t\t\t\t\t\t<\/div>\n\t\t\t<\/div>\n\t\t\t\t\t<\/div>\n\t\t","protected":false},"excerpt":{"rendered":"<p>Gesti\u00f3n integral de residuos de la Alcald\u00eda de Medell\u00edn En la gesti\u00f3n integral de residuos de la Alcald\u00eda de Medell\u00edn est\u00e1n involucrados diversas dependencias y colaboradores. En la Alcald\u00eda de Medell\u00edn los residuos los: Separamos &#8230;<\/p>\n","protected":false},"author":31,"featured_media":187090,"parent":187136,"menu_order":0,"comment_status":"closed","ping_status":"closed","template":"sec-suministros-servicios\/elementor.php","meta":[],"acf":[],"_links":{"self":[{"href":"https:\/\/www.medellin.gov.co\/es\/wp-json\/wp\/v2\/pages\/190897"}],"collection":[{"href":"https:\/\/www.medellin.gov.co\/es\/wp-json\/wp\/v2\/pages"}],"about":[{"href":"https:\/\/www.medellin.gov.co\/es\/wp-json\/wp\/v2\/types\/page"}],"author":[{"embeddable":true,"href":"https:\/\/www.medellin.gov.co\/es\/wp-json\/wp\/v2\/users\/31"}],"replies":[{"embeddable":true,"href":"https:\/\/www.medellin.gov.co\/es\/wp-json\/wp\/v2\/comments?post=190897"}],"version-history":[{"count":8,"href":"https:\/\/www.medellin.gov.co\/es\/wp-json\/wp\/v2\/pages\/190897\/revisions"}],"predecessor-version":[{"id":416329,"href":"https:\/\/www.medellin.gov.co\/es\/wp-json\/wp\/v2\/pages\/190897\/revisions\/416329"}],"up":[{"embeddable":true,"href":"https:\/\/www.medellin.gov.co\/es\/wp-json\/wp\/v2\/pages\/187136"}],"wp:featuredmedia":[{"embeddable":true,"href":"https:\/\/www.medellin.gov.co\/es\/wp-json\/wp\/v2\/media\/187090"}],"wp:attachment":[{"href":"https:\/\/www.medellin.gov.co\/es\/wp-json\/wp\/v2\/media?parent=190897"}],"curies":[{"name":"wp","href":"https:\/\/api.w.org\/{rel}","templated":true}]}}