{"id":190917,"date":"2023-04-28T12:52:58","date_gmt":"2023-04-28T17:52:58","guid":{"rendered":"https:\/\/www.medellin.gov.co\/es\/?page_id=190917"},"modified":"2023-04-28T12:58:21","modified_gmt":"2023-04-28T17:58:21","slug":"compromisos-de-la-politica-de-sostenibilidad-de-la-alcaldia-de-medellin","status":"publish","type":"page","link":"https:\/\/www.medellin.gov.co\/es\/secretaria-suministros-y-servicios\/politica-sostenibilidad\/compromisos-de-la-politica-de-sostenibilidad-de-la-alcaldia-de-medellin\/","title":{"rendered":"Compromisos de la pol\u00edtica de sostenibilidad de la Alcald\u00eda de Medell\u00edn"},"content":{"rendered":"\t\t<div data-elementor-type=\"wp-page\" data-elementor-id=\"190917\" class=\"elementor elementor-190917\">\n\t\t\t\t\t\t<div class=\"elementor-inner\">\n\t\t\t\t<div class=\"elementor-section-wrap\">\n\t\t\t\t\t\t\t\t\t<section class=\"elementor-section elementor-top-section elementor-element elementor-element-5978922 elementor-section-boxed elementor-section-height-default elementor-section-height-default\" data-id=\"5978922\" data-element_type=\"section\">\n\t\t\t\t\t\t<div class=\"elementor-container elementor-column-gap-default\">\n\t\t\t\t\t\t\t<div class=\"elementor-row\">\n\t\t\t\t\t<div class=\"elementor-column elementor-col-100 elementor-top-column elementor-element elementor-element-c5d4e8e\" data-id=\"c5d4e8e\" data-element_type=\"column\">\n\t\t\t<div class=\"elementor-column-wrap elementor-element-populated\">\n\t\t\t\t\t\t\t<div class=\"elementor-widget-wrap\">\n\t\t\t\t\t\t<div class=\"elementor-element elementor-element-afb9592 elementor-widget elementor-widget-heading\" data-id=\"afb9592\" data-element_type=\"widget\" data-widget_type=\"heading.default\">\n\t\t\t\t<div class=\"elementor-widget-container\">\n\t\t\t<h1 class=\"elementor-heading-title elementor-size-default\">Compromisos de la pol\u00edtica de sostenibilidad de la Alcald\u00eda de Medell\u00edn<\/h1>\t\t<\/div>\n\t\t\t\t<\/div>\n\t\t\t\t<div class=\"elementor-element elementor-element-8ac7d62 elementor-widget elementor-widget-text-editor\" data-id=\"8ac7d62\" data-element_type=\"widget\" data-widget_type=\"text-editor.default\">\n\t\t\t\t<div class=\"elementor-widget-container\">\n\t\t\t\t\t\t\t\t<div class=\"elementor-text-editor elementor-clearfix\">\n\t\t\t\t<p>El Distrito Especial de Ciencia, Tecnolog\u00eda e Innovaci\u00f3n de Medell\u00edn, afirma el compromiso con el desarrollo sostenible de la regi\u00f3n, la adaptaci\u00f3n y mitigaci\u00f3n del cambio clim\u00e1tico; convirti\u00e9ndose en pilar del cumplimiento legal y de objetivos de la administraci\u00f3n Distrital en materia de reducci\u00f3n de emisiones contaminantes, as\u00ed como en la reducci\u00f3n, reutilizaci\u00f3n y aprovechamiento de residuos s\u00f3lidos derivados de las actividades institucionales.<\/p>\t\t\t\t\t<\/div>\n\t\t\t\t\t\t<\/div>\n\t\t\t\t<\/div>\n\t\t\t\t<div class=\"elementor-element elementor-element-38fa5b4 elementor-widget elementor-widget-heading\" data-id=\"38fa5b4\" data-element_type=\"widget\" data-widget_type=\"heading.default\">\n\t\t\t\t<div class=\"elementor-widget-container\">\n\t\t\t<h2 class=\"elementor-heading-title elementor-size-default\"><b>Gesti\u00f3n de Gases Efecto<\/b>  Invernadero<\/h2>\t\t<\/div>\n\t\t\t\t<\/div>\n\t\t\t\t<section class=\"elementor-section elementor-inner-section elementor-element elementor-element-9be59b5 elementor-section-boxed elementor-section-height-default elementor-section-height-default\" data-id=\"9be59b5\" data-element_type=\"section\">\n\t\t\t\t\t\t<div class=\"elementor-container elementor-column-gap-default\">\n\t\t\t\t\t\t\t<div class=\"elementor-row\">\n\t\t\t\t\t<div class=\"elementor-column elementor-col-50 elementor-inner-column elementor-element elementor-element-9150d64\" data-id=\"9150d64\" data-element_type=\"column\">\n\t\t\t<div class=\"elementor-column-wrap elementor-element-populated\">\n\t\t\t\t\t\t\t<div class=\"elementor-widget-wrap\">\n\t\t\t\t\t\t<div class=\"elementor-element elementor-element-4489b75 elementor-widget elementor-widget-text-editor\" data-id=\"4489b75\" data-element_type=\"widget\" data-widget_type=\"text-editor.default\">\n\t\t\t\t<div class=\"elementor-widget-container\">\n\t\t\t\t\t\t\t\t<div class=\"elementor-text-editor elementor-clearfix\">\n\t\t\t\t<p>Mediante el afianzamiento de la inclusi\u00f3n de los Objetivos de Desarrollo Sostenible \u2013 ODS, como herramienta direccionadora del Plan de Acci\u00f3n Clim\u00e1tica \u2013 PAC 2020-2050, el Distrito Especial de Ciencia, Tecnolog\u00eda e Innovaci\u00f3n de Medell\u00edn est\u00e1 comprometido con todas las estrategias orientadas a la mitigaci\u00f3n del cambio clim\u00e1tico; en articulaci\u00f3n con la Pol\u00edtica Nacional de Cambio Clim\u00e1tico del Ministerio de Ambiente y Desarrollo Sostenible.<\/p><p>La entidad, mediante la cuantificaci\u00f3n anual de las emisiones, la compensaci\u00f3n de las mismas dando prioridad a los proyectos propios y locales, los seguimientos requeridos para la verificaci\u00f3n de emisiones y certificaci\u00f3n de carbono neutral, propender\u00e1 por la reducci\u00f3n progresiva del n\u00famero de compensaciones requeridas a\u00f1o a a\u00f1o hasta llegar a compensar \u00fanicamente las emisiones residuales. <\/p>\t\t\t\t\t<\/div>\n\t\t\t\t\t\t<\/div>\n\t\t\t\t<\/div>\n\t\t\t\t\t\t<\/div>\n\t\t\t\t\t<\/div>\n\t\t<\/div>\n\t\t\t\t<div class=\"elementor-column elementor-col-50 elementor-inner-column elementor-element elementor-element-724ed8e\" data-id=\"724ed8e\" data-element_type=\"column\">\n\t\t\t<div class=\"elementor-column-wrap elementor-element-populated\">\n\t\t\t\t\t\t\t<div class=\"elementor-widget-wrap\">\n\t\t\t\t\t\t<div class=\"elementor-element elementor-element-33b326a elementor-widget elementor-widget-image\" data-id=\"33b326a\" data-element_type=\"widget\" data-widget_type=\"image.default\">\n\t\t\t\t<div class=\"elementor-widget-container\">\n\t\t\t\t\t\t\t\t<div class=\"elementor-image\">\n\t\t\t\t\t\t\t\t\t\t\t\t<img width=\"1024\" height=\"768\" src=\"https:\/\/www.medellin.gov.co\/es\/wp-content\/uploads\/2023\/04\/Alcaldia-Sostenible-1-1024x768.jpg\" class=\"attachment-large size-large\" alt=\"Jardinero sembrando\" loading=\"lazy\" srcset=\"https:\/\/www.medellin.gov.co\/es\/wp-content\/uploads\/2023\/04\/Alcaldia-Sostenible-1-1024x768.jpg 1024w, https:\/\/www.medellin.gov.co\/es\/wp-content\/uploads\/2023\/04\/Alcaldia-Sostenible-1-300x225.jpg 300w, https:\/\/www.medellin.gov.co\/es\/wp-content\/uploads\/2023\/04\/Alcaldia-Sostenible-1-150x112.jpg 150w, https:\/\/www.medellin.gov.co\/es\/wp-content\/uploads\/2023\/04\/Alcaldia-Sostenible-1-768x576.jpg 768w, https:\/\/www.medellin.gov.co\/es\/wp-content\/uploads\/2023\/04\/Alcaldia-Sostenible-1.jpg 1067w\" sizes=\"(max-width: 1024px) 100vw, 1024px\" \/>\t\t\t\t\t\t\t\t\t\t\t\t\t\t<\/div>\n\t\t\t\t\t\t<\/div>\n\t\t\t\t<\/div>\n\t\t\t\t\t\t<\/div>\n\t\t\t\t\t<\/div>\n\t\t<\/div>\n\t\t\t\t\t\t\t\t<\/div>\n\t\t\t\t\t<\/div>\n\t\t<\/section>\n\t\t\t\t<div class=\"elementor-element elementor-element-015c753 elementor-widget elementor-widget-heading\" data-id=\"015c753\" data-element_type=\"widget\" data-widget_type=\"heading.default\">\n\t\t\t\t<div class=\"elementor-widget-container\">\n\t\t\t<h2 class=\"elementor-heading-title elementor-size-default\"><b>Gesti\u00f3n de<\/b> residuos<\/h2>\t\t<\/div>\n\t\t\t\t<\/div>\n\t\t\t\t<section class=\"elementor-section elementor-inner-section elementor-element elementor-element-492aaaf elementor-section-boxed elementor-section-height-default elementor-section-height-default\" data-id=\"492aaaf\" data-element_type=\"section\">\n\t\t\t\t\t\t<div class=\"elementor-container elementor-column-gap-default\">\n\t\t\t\t\t\t\t<div class=\"elementor-row\">\n\t\t\t\t\t<div class=\"elementor-column elementor-col-50 elementor-inner-column elementor-element elementor-element-b6bc938\" data-id=\"b6bc938\" data-element_type=\"column\">\n\t\t\t<div class=\"elementor-column-wrap elementor-element-populated\">\n\t\t\t\t\t\t\t<div class=\"elementor-widget-wrap\">\n\t\t\t\t\t\t<div class=\"elementor-element elementor-element-3e77451 elementor-widget elementor-widget-image\" data-id=\"3e77451\" data-element_type=\"widget\" data-widget_type=\"image.default\">\n\t\t\t\t<div class=\"elementor-widget-container\">\n\t\t\t\t\t\t\t\t<div class=\"elementor-image\">\n\t\t\t\t\t\t\t\t\t\t\t\t<img width=\"1024\" height=\"682\" src=\"https:\/\/www.medellin.gov.co\/es\/wp-content\/uploads\/2023\/04\/Alcaldia-sostenible-1024x682.jpg\" class=\"attachment-large size-large\" alt=\"Disposici\u00f3n de residuos\" loading=\"lazy\" srcset=\"https:\/\/www.medellin.gov.co\/es\/wp-content\/uploads\/2023\/04\/Alcaldia-sostenible-1024x682.jpg 1024w, https:\/\/www.medellin.gov.co\/es\/wp-content\/uploads\/2023\/04\/Alcaldia-sostenible-300x200.jpg 300w, https:\/\/www.medellin.gov.co\/es\/wp-content\/uploads\/2023\/04\/Alcaldia-sostenible-150x100.jpg 150w, https:\/\/www.medellin.gov.co\/es\/wp-content\/uploads\/2023\/04\/Alcaldia-sostenible-768x511.jpg 768w, https:\/\/www.medellin.gov.co\/es\/wp-content\/uploads\/2023\/04\/Alcaldia-sostenible.jpg 1092w\" sizes=\"(max-width: 1024px) 100vw, 1024px\" \/>\t\t\t\t\t\t\t\t\t\t\t\t\t\t<\/div>\n\t\t\t\t\t\t<\/div>\n\t\t\t\t<\/div>\n\t\t\t\t\t\t<\/div>\n\t\t\t\t\t<\/div>\n\t\t<\/div>\n\t\t\t\t<div class=\"elementor-column elementor-col-50 elementor-inner-column elementor-element elementor-element-3ce3403\" data-id=\"3ce3403\" data-element_type=\"column\">\n\t\t\t<div class=\"elementor-column-wrap elementor-element-populated\">\n\t\t\t\t\t\t\t<div class=\"elementor-widget-wrap\">\n\t\t\t\t\t\t<div class=\"elementor-element elementor-element-36059cc elementor-widget elementor-widget-text-editor\" data-id=\"36059cc\" data-element_type=\"widget\" data-widget_type=\"text-editor.default\">\n\t\t\t\t<div class=\"elementor-widget-container\">\n\t\t\t\t\t\t\t\t<div class=\"elementor-text-editor elementor-clearfix\">\n\t\t\t\t<p>Con el enfoque de econom\u00eda circular, la gesti\u00f3n integral de los residuos s\u00f3lidos provenientes de sus actividades y procesos se busca aportar al desarrollo sostenible y a la adaptaci\u00f3n y mitigaci\u00f3n del cambio clim\u00e1tico, pretendiendo que el valor de productos y materiales se mantengan por el mayor tiempo posible en el ciclo productivo.<\/p><p>Hacen parte de los prop\u00f3sitos de la gesti\u00f3n el consumo responsable, la responsabilidad extendida del productor, la gesti\u00f3n de residuos posconsumo; la promoci\u00f3n del ecodise\u00f1o, la producci\u00f3n limpia y el aumento de la demanda de materiales reciclados en los procesos industriales.<\/p>\t\t\t\t\t<\/div>\n\t\t\t\t\t\t<\/div>\n\t\t\t\t<\/div>\n\t\t\t\t\t\t<\/div>\n\t\t\t\t\t<\/div>\n\t\t<\/div>\n\t\t\t\t\t\t\t\t<\/div>\n\t\t\t\t\t<\/div>\n\t\t<\/section>\n\t\t\t\t<div class=\"elementor-element elementor-element-402c42c elementor-widget elementor-widget-heading\" data-id=\"402c42c\" data-element_type=\"widget\" data-widget_type=\"heading.default\">\n\t\t\t\t<div class=\"elementor-widget-container\">\n\t\t\t<h2 class=\"elementor-heading-title elementor-size-default\"><b>Otros<\/b> compromisos<\/h2>\t\t<\/div>\n\t\t\t\t<\/div>\n\t\t\t\t<section class=\"elementor-section elementor-inner-section elementor-element elementor-element-d7326f8 elementor-section-boxed elementor-section-height-default elementor-section-height-default\" data-id=\"d7326f8\" data-element_type=\"section\">\n\t\t\t\t\t\t<div class=\"elementor-container elementor-column-gap-default\">\n\t\t\t\t\t\t\t<div class=\"elementor-row\">\n\t\t\t\t\t<div class=\"elementor-column elementor-col-50 elementor-inner-column elementor-element elementor-element-c844ec4\" data-id=\"c844ec4\" data-element_type=\"column\">\n\t\t\t<div class=\"elementor-column-wrap elementor-element-populated\">\n\t\t\t\t\t\t\t<div class=\"elementor-widget-wrap\">\n\t\t\t\t\t\t<div class=\"elementor-element elementor-element-6a79c8e elementor-widget elementor-widget-text-editor\" data-id=\"6a79c8e\" data-element_type=\"widget\" data-widget_type=\"text-editor.default\">\n\t\t\t\t<div class=\"elementor-widget-container\">\n\t\t\t\t\t\t\t\t<div class=\"elementor-text-editor elementor-clearfix\">\n\t\t\t\t<ul><li>Dar cumplimiento a la legislaci\u00f3n aplicable en gesti\u00f3n ambiental, as\u00ed como otros requisitos que el Distrito Especial de Ciencia, Tecnolog\u00eda e Innovaci\u00f3n de Medell\u00edn suscriba.<\/li><li>Gestionar de manera temprana y bajo el principio de precauci\u00f3n, los riesgos, impactos y oportunidades que se puedan generar en materia ambiental, derivados de nuestras actividades institucionales.<\/li><li>Incorporar buenas pr\u00e1cticas y promover acciones dirigidas a la protecci\u00f3n del medio ambiente, prevenci\u00f3n de la contaminaci\u00f3n y la adaptaci\u00f3n y mitigaci\u00f3n del cambio clim\u00e1tico en nuestras actividades institucionales.<\/li><li>Abordar riesgos y oportunidades asociados a proporcionar regularmente productos y servicios que satisfagan los requisitos del cliente, legales y reglamentarios aplicables.<\/li><li>Mejorar continuamente la eficacia de los sistemas de gesti\u00f3n adoptados por el Distrito Especial de Ciencia, Tecnolog\u00eda e Innovaci\u00f3n de Medell\u00edn, en materia de sostenibilidad ambiental.<\/li><\/ul>\t\t\t\t\t<\/div>\n\t\t\t\t\t\t<\/div>\n\t\t\t\t<\/div>\n\t\t\t\t\t\t<\/div>\n\t\t\t\t\t<\/div>\n\t\t<\/div>\n\t\t\t\t<div class=\"elementor-column elementor-col-50 elementor-inner-column elementor-element elementor-element-e0ea9db\" data-id=\"e0ea9db\" data-element_type=\"column\">\n\t\t\t<div class=\"elementor-column-wrap elementor-element-populated\">\n\t\t\t\t\t\t\t<div class=\"elementor-widget-wrap\">\n\t\t\t\t\t\t<div class=\"elementor-element elementor-element-a03e9d8 elementor-widget elementor-widget-image\" data-id=\"a03e9d8\" data-element_type=\"widget\" data-widget_type=\"image.default\">\n\t\t\t\t<div class=\"elementor-widget-container\">\n\t\t\t\t\t\t\t\t<div class=\"elementor-image\">\n\t\t\t\t\t\t\t\t\t\t\t\t<img width=\"1024\" height=\"768\" src=\"https:\/\/www.medellin.gov.co\/es\/wp-content\/uploads\/2023\/04\/Alcaldia-Sostenible-21-1024x768.jpg\" class=\"attachment-large size-large\" alt=\"Veh\u00edculos el\u00e9ctricos Alcald\u00eda\" loading=\"lazy\" srcset=\"https:\/\/www.medellin.gov.co\/es\/wp-content\/uploads\/2023\/04\/Alcaldia-Sostenible-21-1024x768.jpg 1024w, https:\/\/www.medellin.gov.co\/es\/wp-content\/uploads\/2023\/04\/Alcaldia-Sostenible-21-300x225.jpg 300w, https:\/\/www.medellin.gov.co\/es\/wp-content\/uploads\/2023\/04\/Alcaldia-Sostenible-21-150x112.jpg 150w, https:\/\/www.medellin.gov.co\/es\/wp-content\/uploads\/2023\/04\/Alcaldia-Sostenible-21-768x576.jpg 768w, https:\/\/www.medellin.gov.co\/es\/wp-content\/uploads\/2023\/04\/Alcaldia-Sostenible-21.jpg 1067w\" sizes=\"(max-width: 1024px) 100vw, 1024px\" \/>\t\t\t\t\t\t\t\t\t\t\t\t\t\t<\/div>\n\t\t\t\t\t\t<\/div>\n\t\t\t\t<\/div>\n\t\t\t\t\t\t<\/div>\n\t\t\t\t\t<\/div>\n\t\t<\/div>\n\t\t\t\t\t\t\t\t<\/div>\n\t\t\t\t\t<\/div>\n\t\t<\/section>\n\t\t\t\t\t\t<\/div>\n\t\t\t\t\t<\/div>\n\t\t<\/div>\n\t\t\t\t\t\t\t\t<\/div>\n\t\t\t\t\t<\/div>\n\t\t<\/section>\n\t\t\t\t\t\t\t\t\t<\/div>\n\t\t\t<\/div>\n\t\t\t\t\t<\/div>\n\t\t","protected":false},"excerpt":{"rendered":"<p>Compromisos de la pol\u00edtica de sostenibilidad de la Alcald\u00eda de Medell\u00edn El Distrito Especial de Ciencia, Tecnolog\u00eda e Innovaci\u00f3n de Medell\u00edn, afirma el compromiso con el desarrollo sostenible de la regi\u00f3n, la adaptaci\u00f3n y mitigaci\u00f3n &#8230;<\/p>\n","protected":false},"author":31,"featured_media":187090,"parent":187136,"menu_order":0,"comment_status":"closed","ping_status":"closed","template":"sec-suministros-servicios\/elementor.php","meta":[],"acf":[],"_links":{"self":[{"href":"https:\/\/www.medellin.gov.co\/es\/wp-json\/wp\/v2\/pages\/190917"}],"collection":[{"href":"https:\/\/www.medellin.gov.co\/es\/wp-json\/wp\/v2\/pages"}],"about":[{"href":"https:\/\/www.medellin.gov.co\/es\/wp-json\/wp\/v2\/types\/page"}],"author":[{"embeddable":true,"href":"https:\/\/www.medellin.gov.co\/es\/wp-json\/wp\/v2\/users\/31"}],"replies":[{"embeddable":true,"href":"https:\/\/www.medellin.gov.co\/es\/wp-json\/wp\/v2\/comments?post=190917"}],"version-history":[{"count":4,"href":"https:\/\/www.medellin.gov.co\/es\/wp-json\/wp\/v2\/pages\/190917\/revisions"}],"predecessor-version":[{"id":190927,"href":"https:\/\/www.medellin.gov.co\/es\/wp-json\/wp\/v2\/pages\/190917\/revisions\/190927"}],"up":[{"embeddable":true,"href":"https:\/\/www.medellin.gov.co\/es\/wp-json\/wp\/v2\/pages\/187136"}],"wp:featuredmedia":[{"embeddable":true,"href":"https:\/\/www.medellin.gov.co\/es\/wp-json\/wp\/v2\/media\/187090"}],"wp:attachment":[{"href":"https:\/\/www.medellin.gov.co\/es\/wp-json\/wp\/v2\/media?parent=190917"}],"curies":[{"name":"wp","href":"https:\/\/api.w.org\/{rel}","templated":true}]}}