{"id":198300,"date":"2023-05-19T12:36:04","date_gmt":"2023-05-19T17:36:04","guid":{"rendered":"https:\/\/www.medellin.gov.co\/es\/?page_id=198300"},"modified":"2023-05-25T11:56:53","modified_gmt":"2023-05-25T16:56:53","slug":"pasajeros-movilizados-en-transporte-publico","status":"publish","type":"page","link":"https:\/\/www.medellin.gov.co\/es\/secretaria-de-movilidad\/observatorio-de-movilidad\/pasajeros-movilizados-en-transporte-publico\/","title":{"rendered":"Pasajeros movilizados en transporte p\u00fablico"},"content":{"rendered":"\t\t<div data-elementor-type=\"wp-page\" data-elementor-id=\"198300\" class=\"elementor elementor-198300\">\n\t\t\t\t\t\t<div class=\"elementor-inner\">\n\t\t\t\t<div class=\"elementor-section-wrap\">\n\t\t\t\t\t\t\t\t\t<section class=\"elementor-section elementor-top-section elementor-element elementor-element-bb5eb52 elementor-section-boxed elementor-section-height-default elementor-section-height-default\" data-id=\"bb5eb52\" data-element_type=\"section\">\n\t\t\t\t\t\t<div class=\"elementor-container elementor-column-gap-default\">\n\t\t\t\t\t\t\t<div class=\"elementor-row\">\n\t\t\t\t\t<div class=\"elementor-column elementor-col-100 elementor-top-column elementor-element elementor-element-6085dd2\" data-id=\"6085dd2\" data-element_type=\"column\">\n\t\t\t<div class=\"elementor-column-wrap elementor-element-populated\">\n\t\t\t\t\t\t\t<div class=\"elementor-widget-wrap\">\n\t\t\t\t\t\t<div class=\"elementor-element elementor-element-c220f8d elementor-widget elementor-widget-heading\" data-id=\"c220f8d\" data-element_type=\"widget\" data-widget_type=\"heading.default\">\n\t\t\t\t<div class=\"elementor-widget-container\">\n\t\t\t<h1 class=\"elementor-heading-title elementor-size-default\">Pasajeros movilizados en transporte p\u00fablico<\/h1>\t\t<\/div>\n\t\t\t\t<\/div>\n\t\t\t\t<div class=\"elementor-element elementor-element-a0d65a2 elementor-widget elementor-widget-text-editor\" data-id=\"a0d65a2\" data-element_type=\"widget\" data-widget_type=\"text-editor.default\">\n\t\t\t\t<div class=\"elementor-widget-container\">\n\t\t\t\t\t\t\t\t<div class=\"elementor-text-editor elementor-clearfix\">\n\t\t\t\t<p>Este indicador permite realizar seguimiento a la demanda del transporte p\u00fablico masivo y colectivo de la ciudad, los cuales contin\u00faan siendo los principales modos utilizados por sus habitantes. En el siguiente tablero se puede consultar la informaci\u00f3n referente a pasajeros movilizados por d\u00eda laboral. El indicador de pasajeros movilizados en transporte p\u00fablico se consolida con periodicidad semestral, no obstante, en el caso de SITVA la desagregaci\u00f3n se presenta de manera mensual.<\/p>\t\t\t\t\t<\/div>\n\t\t\t\t\t\t<\/div>\n\t\t\t\t<\/div>\n\t\t\t\t<div class=\"elementor-element elementor-element-28e5b7e elementor-widget elementor-widget-text-editor\" data-id=\"28e5b7e\" data-element_type=\"widget\" data-widget_type=\"text-editor.default\">\n\t\t\t\t<div class=\"elementor-widget-container\">\n\t\t\t\t\t\t\t\t<div class=\"elementor-text-editor elementor-clearfix\">\n\t\t\t\t<div class='tableauPlaceholder' id='viz1685033788230' style='position: relative'><noscript><a href='https:&#47;&#47;www.medellin.gov.co&#47;'><img alt=' ' src='https:&#47;&#47;public.tableau.com&#47;static&#47;images&#47;Pa&#47;Pasajerosmovilizados-ObservatoriodeMovilidad&#47;Portada&#47;1_rss.png' style='border: none' \/><\/a><\/noscript><object class='tableauViz'  style='display:none;'><param name='host_url' value='https%3A%2F%2Fpublic.tableau.com%2F' \/> <param name='embed_code_version' value='3' \/> <param name='site_root' value='' \/><param name='name' value='Pasajerosmovilizados-ObservatoriodeMovilidad&#47;Portada' \/><param name='tabs' value='yes' \/><param name='toolbar' value='yes' \/><param name='static_image' value='https:&#47;&#47;public.tableau.com&#47;static&#47;images&#47;Pa&#47;Pasajerosmovilizados-ObservatoriodeMovilidad&#47;Portada&#47;1.png' \/> <param name='animate_transition' value='yes' \/><param name='display_static_image' value='yes' \/><param name='display_spinner' value='yes' \/><param name='display_overlay' value='yes' \/><param name='display_count' value='yes' \/><param name='language' value='es' \/><\/object><\/div>                <script type='text\/javascript'>                    var divElement = document.getElementById('viz1685033788230');                    var vizElement = divElement.getElementsByTagName('object')[0];                    vizElement.style.width='1150px';vizElement.style.height='850px';                    var scriptElement = document.createElement('script');                    scriptElement.src = 'https:\/\/public.tableau.com\/javascripts\/api\/viz_v1.js';                    vizElement.parentNode.insertBefore(scriptElement, vizElement);                <\/script>\t\t\t\t\t<\/div>\n\t\t\t\t\t\t<\/div>\n\t\t\t\t<\/div>\n\t\t\t\t\t\t<\/div>\n\t\t\t\t\t<\/div>\n\t\t<\/div>\n\t\t\t\t\t\t\t\t<\/div>\n\t\t\t\t\t<\/div>\n\t\t<\/section>\n\t\t\t\t\t\t\t\t\t<\/div>\n\t\t\t<\/div>\n\t\t\t\t\t<\/div>\n\t\t","protected":false},"excerpt":{"rendered":"<p>Pasajeros movilizados en transporte p\u00fablico Este indicador permite realizar seguimiento a la demanda del transporte p\u00fablico masivo y colectivo de la ciudad, los cuales contin\u00faan siendo los principales modos utilizados por sus habitantes. En el &#8230;<\/p>\n","protected":false},"author":31,"featured_media":193866,"parent":198015,"menu_order":0,"comment_status":"closed","ping_status":"closed","template":"sec-movilidad\/elementor.php","meta":[],"acf":[],"_links":{"self":[{"href":"https:\/\/www.medellin.gov.co\/es\/wp-json\/wp\/v2\/pages\/198300"}],"collection":[{"href":"https:\/\/www.medellin.gov.co\/es\/wp-json\/wp\/v2\/pages"}],"about":[{"href":"https:\/\/www.medellin.gov.co\/es\/wp-json\/wp\/v2\/types\/page"}],"author":[{"embeddable":true,"href":"https:\/\/www.medellin.gov.co\/es\/wp-json\/wp\/v2\/users\/31"}],"replies":[{"embeddable":true,"href":"https:\/\/www.medellin.gov.co\/es\/wp-json\/wp\/v2\/comments?post=198300"}],"version-history":[{"count":7,"href":"https:\/\/www.medellin.gov.co\/es\/wp-json\/wp\/v2\/pages\/198300\/revisions"}],"predecessor-version":[{"id":199910,"href":"https:\/\/www.medellin.gov.co\/es\/wp-json\/wp\/v2\/pages\/198300\/revisions\/199910"}],"up":[{"embeddable":true,"href":"https:\/\/www.medellin.gov.co\/es\/wp-json\/wp\/v2\/pages\/198015"}],"wp:featuredmedia":[{"embeddable":true,"href":"https:\/\/www.medellin.gov.co\/es\/wp-json\/wp\/v2\/media\/193866"}],"wp:attachment":[{"href":"https:\/\/www.medellin.gov.co\/es\/wp-json\/wp\/v2\/media?parent=198300"}],"curies":[{"name":"wp","href":"https:\/\/api.w.org\/{rel}","templated":true}]}}