{"id":200620,"date":"2023-05-26T10:09:08","date_gmt":"2023-05-26T15:09:08","guid":{"rendered":"https:\/\/www.medellin.gov.co\/es\/?page_id=200620"},"modified":"2023-05-26T10:58:40","modified_gmt":"2023-05-26T15:58:40","slug":"eres-una-persona-migrante","status":"publish","type":"page","link":"https:\/\/www.medellin.gov.co\/es\/secretaria-de-salud\/subsecretaria-de-servicios-de-salud\/eres-una-persona-migrante\/","title":{"rendered":"\u00bfEres una persona migrante?"},"content":{"rendered":"\t\t<div data-elementor-type=\"wp-page\" data-elementor-id=\"200620\" class=\"elementor elementor-200620\">\n\t\t\t\t\t\t<div class=\"elementor-inner\">\n\t\t\t\t<div class=\"elementor-section-wrap\">\n\t\t\t\t\t\t\t\t\t<section class=\"elementor-section elementor-top-section elementor-element elementor-element-3f4a259 elementor-section-boxed elementor-section-height-default elementor-section-height-default\" data-id=\"3f4a259\" data-element_type=\"section\">\n\t\t\t\t\t\t<div class=\"elementor-container elementor-column-gap-default\">\n\t\t\t\t\t\t\t<div class=\"elementor-row\">\n\t\t\t\t\t<div class=\"elementor-column elementor-col-100 elementor-top-column elementor-element elementor-element-9d6b03c\" data-id=\"9d6b03c\" data-element_type=\"column\">\n\t\t\t<div class=\"elementor-column-wrap elementor-element-populated\">\n\t\t\t\t\t\t\t<div class=\"elementor-widget-wrap\">\n\t\t\t\t\t\t<div class=\"elementor-element elementor-element-422fe9c elementor-widget elementor-widget-heading\" data-id=\"422fe9c\" data-element_type=\"widget\" data-widget_type=\"heading.default\">\n\t\t\t\t<div class=\"elementor-widget-container\">\n\t\t\t<h1 class=\"elementor-heading-title elementor-size-default\">\u00bfEres una persona migrante? <\/h1>\t\t<\/div>\n\t\t\t\t<\/div>\n\t\t\t\t<div class=\"elementor-element elementor-element-5be08a7 elementor-widget elementor-widget-heading\" data-id=\"5be08a7\" data-element_type=\"widget\" data-widget_type=\"heading.default\">\n\t\t\t\t<div class=\"elementor-widget-container\">\n\t\t\t<h2 class=\"elementor-heading-title elementor-size-default\"><b>Recuerda que tienes<\/b> derecho a<\/h2>\t\t<\/div>\n\t\t\t\t<\/div>\n\t\t\t\t<div class=\"elementor-element elementor-element-bb48392 elementor-widget elementor-widget-text-editor\" data-id=\"bb48392\" data-element_type=\"widget\" data-widget_type=\"text-editor.default\">\n\t\t\t\t<div class=\"elementor-widget-container\">\n\t\t\t\t\t\t\t\t<div class=\"elementor-text-editor elementor-clearfix\">\n\t\t\t\t<p class=\"p1\"><span class=\"s1\"><span lang=\"ES-US\">Recibir atenci\u00f3n por Urgencias en situaciones en las que peligre tu vida y en eventos odontol\u00f3gicos que requieran atenci\u00f3n inmediata.<\/span><\/span>\u00a0<\/p><p class=\"p1\"><span class=\"s1\"><span lang=\"ES-US\">Solicitar citas por enfermedades altamente transmisibles como tuberculosis, infecciones de transmisi\u00f3n sexual y sarampi\u00f3n. Tambi\u00e9n por enfermedades cr\u00f3nicas como diabetes, eplilepsia e hipertensi\u00f3n, entre otras .<\/span><\/span> \u00a0<\/p><p class=\"p1\"><span class=\"s1\"><span lang=\"ES-US\">Recibir acompa\u00f1amiento ante cualquier tipo de violencia.<\/span><\/span>\u00a0<\/p><p class=\"p1\"><span class=\"s1\"><span lang=\"ES-US\">Recibir asesor\u00eda en planificaci\u00f3n familiar y acceder a m\u00e9todos anticonceptivos.<\/span><\/span> \u00a0<\/p><p class=\"p1\"><span class=\"s1\"><span lang=\"ES-US\">Acceder a los servicios de vacunaci\u00f3n y citolog\u00eda<\/span><\/span><\/p>\t\t\t\t\t<\/div>\n\t\t\t\t\t\t<\/div>\n\t\t\t\t<\/div>\n\t\t\t\t<div class=\"elementor-element elementor-element-8f1ce0d elementor-widget elementor-widget-heading\" data-id=\"8f1ce0d\" data-element_type=\"widget\" data-widget_type=\"heading.default\">\n\t\t\t\t<div class=\"elementor-widget-container\">\n\t\t\t<h3 class=\"elementor-heading-title elementor-size-default\">Si eres menor de 18 a\u00f1os<\/h3>\t\t<\/div>\n\t\t\t\t<\/div>\n\t\t\t\t<div class=\"elementor-element elementor-element-f50d6d1 elementor-widget elementor-widget-text-editor\" data-id=\"f50d6d1\" data-element_type=\"widget\" data-widget_type=\"text-editor.default\">\n\t\t\t\t<div class=\"elementor-widget-container\">\n\t\t\t\t\t\t\t\t<div class=\"elementor-text-editor elementor-clearfix\">\n\t\t\t\t<p class=\"p1\"><span class=\"s1\"><span lang=\"ES-US\">Acceder a controles de crecimiento y desarrollo, consulta general y salud oral.<\/span><\/span><\/p>\t\t\t\t\t<\/div>\n\t\t\t\t\t\t<\/div>\n\t\t\t\t<\/div>\n\t\t\t\t<div class=\"elementor-element elementor-element-47f3f23 elementor-widget elementor-widget-heading\" data-id=\"47f3f23\" data-element_type=\"widget\" data-widget_type=\"heading.default\">\n\t\t\t\t<div class=\"elementor-widget-container\">\n\t\t\t<h3 class=\"elementor-heading-title elementor-size-default\">Si eres gestante<\/h3>\t\t<\/div>\n\t\t\t\t<\/div>\n\t\t\t\t<div class=\"elementor-element elementor-element-ac871d4 elementor-widget elementor-widget-text-editor\" data-id=\"ac871d4\" data-element_type=\"widget\" data-widget_type=\"text-editor.default\">\n\t\t\t\t<div class=\"elementor-widget-container\">\n\t\t\t\t\t\t\t\t<div class=\"elementor-text-editor elementor-clearfix\">\n\t\t\t\t<p>Acceder a controles prenatales, citas de salud bucal, nutricionista y parto.\u00a0<\/p><p>Tambi\u00e9n puedes afiliarte al sistema de salud durante la prestaci\u00f3n de cualquiera de los servicios mencionados o visitando uno de estos puntos:<\/p>\t\t\t\t\t<\/div>\n\t\t\t\t\t\t<\/div>\n\t\t\t\t<\/div>\n\t\t\t\t<div class=\"elementor-element elementor-element-fc60353 elementor-widget elementor-widget-heading\" data-id=\"fc60353\" data-element_type=\"widget\" data-widget_type=\"heading.default\">\n\t\t\t\t<div class=\"elementor-widget-container\">\n\t\t\t<h3 class=\"elementor-heading-title elementor-size-default\">Recuerda: <\/h3>\t\t<\/div>\n\t\t\t\t<\/div>\n\t\t\t\t<div class=\"elementor-element elementor-element-37eb59c elementor-widget elementor-widget-text-editor\" data-id=\"37eb59c\" data-element_type=\"widget\" data-widget_type=\"text-editor.default\">\n\t\t\t\t<div class=\"elementor-widget-container\">\n\t\t\t\t\t\t\t\t<div class=\"elementor-text-editor elementor-clearfix\">\n\t\t\t\t<p>Debes afiliarte a salud con el Permiso de Protecci\u00f3n Temporal (PPT), salvoconducto, pasaporte para menores de siete a\u00f1os o c\u00e9dula de extranjer\u00eda.<\/p><p>Puntos de afiliaci\u00f3n:<\/p>\t\t\t\t\t<\/div>\n\t\t\t\t\t\t<\/div>\n\t\t\t\t<\/div>\n\t\t\t\t<div class=\"elementor-element elementor-element-19f2f15 pp-table-center elementor-widget elementor-widget-pp-table\" data-id=\"19f2f15\" data-element_type=\"widget\" data-settings=\"{&quot;table_type&quot;:&quot;responsive&quot;,&quot;scrollable&quot;:&quot;no&quot;}\" data-widget_type=\"pp-table.default\">\n\t\t\t\t<div class=\"elementor-widget-container\">\n\t\t\t\t\t<div class=\"pp-table-container\">\n\t\t\t<table \n\t\t\tclass=\"pp-table tablesaw\" data-tablesaw-mode=\"stack\"\t\t\t\t>\n\t\t\t\t\t\t\t<colgroup>\n\t\t\t\t\t\t\t\t<col\n\t\t\t\t\tspan=\"1\"\n\t\t\t\t\tclass=\"elementor-repeater-item-cf01f14\"\n\t\t\t\t\t\t\t\t\t\t\tstyle=\"\n\t\t\t\t\t\t\t\t\t\t\t\t\t\t\t\t\t\t\t\t\"\n\t\t\t\t\t\t\t\t\t\t>\n\t\t\t\t\t\t\t<\/colgroup>\n\t\t\t\t\t\t<thead>\n\t\t\t\t<tr class=\"pp-table-row\">\n\t\t\t\t\t<th class=\"pp-table-cell pp-table-cell-f1c64f8\"><span class=\"pp-table-cell-content\"><span class=\"pp-table-cell-text\">N\u00ba<\/span><\/span><\/th><th class=\"pp-table-cell pp-table-cell-2fdff38\"><span class=\"pp-table-cell-content\"><span class=\"pp-table-cell-text\">SEDE<\/span><\/span><\/th><th class=\"pp-table-cell pp-table-cell-6e4cc76\"><span class=\"pp-table-cell-content\"><span class=\"pp-table-cell-text\">TAQUILLAS<\/span><\/span><\/th><th class=\"pp-table-cell pp-table-cell-7d41c45\"><span class=\"pp-table-cell-content\"><span class=\"pp-table-cell-text\">DIRECCI\u00d3N<\/span><\/span><\/th><th class=\"pp-table-cell pp-table-cell-d7ff196\"><span class=\"pp-table-cell-content\"><span class=\"pp-table-cell-text\">HORARIOS<\/span><\/span><\/th>\t\t\t\t<\/tr>\n\t\t\t<\/thead>\n\t\t\t\t\t<tfoot>\n\t\t\t<\/tr>\t\t<\/tfoot>\n\t\t\t\t<tbody>\n\t\t\t<tr><td class=\"pp-table-cell pp-table-cell-4ba1725\"><span class=\"pp-table-cell-content\"><span class=\"pp-table-cell-text\">1<\/span><\/span><\/td><td class=\"pp-table-cell pp-table-cell-970f95a\"><span class=\"pp-table-cell-content\"><span class=\"pp-table-cell-text\">S\u00f3tano del CAM-Centro Administrativo Municipal<\/span><\/span><\/td><td class=\"pp-table-cell pp-table-cell-515a1b1\"><span class=\"pp-table-cell-content\"><span class=\"pp-table-cell-text\">N\u00b047, 48, 49, 50, 51, 64, 65 y 67<\/span><\/span><\/td><td class=\"pp-table-cell pp-table-cell-c8d056c\"><span class=\"pp-table-cell-content\"><span class=\"pp-table-cell-text\">Alpujarra<\/span><\/span><\/td><td class=\"pp-table-cell pp-table-cell-e7c9cff\"><span class=\"pp-table-cell-content\"><span class=\"pp-table-cell-text\">Lunes a jueves de 7:30 am a 5:30 pm, viernes de 7:30 a 4:30 Jornada Continua<\/span><\/span><\/td><\/tr><tr><td class=\"pp-table-cell pp-table-cell-e87db12\"><span class=\"pp-table-cell-content\"><span class=\"pp-table-cell-text\">5<\/span><\/span><\/td><td class=\"pp-table-cell pp-table-cell-eb94fa5\"><span class=\"pp-table-cell-content\"><span class=\"pp-table-cell-text\">M\u00e1s cerca Castilla<\/span><\/span><\/td><td class=\"pp-table-cell pp-table-cell-704e86e\"><span class=\"pp-table-cell-content\"><span class=\"pp-table-cell-text\">Salud<\/span><\/span><\/td><td class=\"pp-table-cell pp-table-cell-ef77e13\"><span class=\"pp-table-cell-content\"><span class=\"pp-table-cell-text\">Cra 65 N\u00b0100 109<\/span><\/span><\/td><td class=\"pp-table-cell pp-table-cell-0946e14\"><span class=\"pp-table-cell-content\"><span class=\"pp-table-cell-text\">Lunes, martes, jueves de 7:30 am a 12:30 pm y de 1:00 pm a 5:00 pm, viernes de 7:30 a 12:30 y de 1:00 a  4:00 pm<\/span><\/span><\/td><\/tr><tr><td class=\"pp-table-cell pp-table-cell-20b5827\"><span class=\"pp-table-cell-content\"><span class=\"pp-table-cell-text\">3<\/span><\/span><\/td><td class=\"pp-table-cell pp-table-cell-75f6f2a\"><span class=\"pp-table-cell-content\"><span class=\"pp-table-cell-text\">Casa de Justicia 20 de Julio<\/span><\/span><\/td><td class=\"pp-table-cell pp-table-cell-d6f1850\"><span class=\"pp-table-cell-content\"><span class=\"pp-table-cell-text\">Salud<\/span><\/span><\/td><td class=\"pp-table-cell pp-table-cell-a02b460\"><span class=\"pp-table-cell-content\"><span class=\"pp-table-cell-text\">Clle 39D N\u00b0 109  17<\/span><\/span><\/td><td class=\"pp-table-cell pp-table-cell-01367ee\"><span class=\"pp-table-cell-content\"><span class=\"pp-table-cell-text\">Lunes a viernes de 7:30 am a 12:30 pm  y de 1:30 pm  a 5:00 pm, viernes de 7:30 a 12: 30 y de 1:30 a  4:30<\/span><\/span><\/td><\/tr><tr><td class=\"pp-table-cell pp-table-cell-461a8cf\"><span class=\"pp-table-cell-content\"><span class=\"pp-table-cell-text\">4<\/span><\/span><\/td><td class=\"pp-table-cell pp-table-cell-10df84b\"><span class=\"pp-table-cell-content\"><span class=\"pp-table-cell-text\">Casa de Gobierno San Antonio de Prado<\/span><\/span><\/td><td class=\"pp-table-cell pp-table-cell-7e230e5\"><span class=\"pp-table-cell-content\"><span class=\"pp-table-cell-text\">Salud<\/span><\/span><\/td><td class=\"pp-table-cell pp-table-cell-eb52990\"><span class=\"pp-table-cell-content\"><span class=\"pp-table-cell-text\">Cra 9  N\u00b010-36 parque principal<\/span><\/span><\/td><td class=\"pp-table-cell pp-table-cell-01e3712\"><span class=\"pp-table-cell-content\"><span class=\"pp-table-cell-text\">Lunes a viernes de 7:30 am a 12:30 pm  y de 1:30 pm  a 5:00 pm, viernes de 7:30 a 12: 30 y de 1:30 a  4:00<\/span><\/span><\/td><\/tr><tr><td class=\"pp-table-cell pp-table-cell-0204f24\"><span class=\"pp-table-cell-content\"><span class=\"pp-table-cell-text\">7<\/span><\/span><\/td><td class=\"pp-table-cell pp-table-cell-e944259\"><span class=\"pp-table-cell-content\"><span class=\"pp-table-cell-text\">Casa de Justicia Villa del Socorro<\/span><\/span><\/td><td class=\"pp-table-cell pp-table-cell-5e12e16\"><span class=\"pp-table-cell-content\"><span class=\"pp-table-cell-text\">Salud<\/span><\/span><\/td><td class=\"pp-table-cell pp-table-cell-2fd2733\"><span class=\"pp-table-cell-content\"><span class=\"pp-table-cell-text\">Calle 104 B N\u00b048-60<\/span><\/span><\/td><td class=\"pp-table-cell pp-table-cell-b17c678\"><span class=\"pp-table-cell-content\"><span class=\"pp-table-cell-text\">Lunes a jueves de 7:30 am a 12:30 pm  y de 1:30 pm  a 5:00 pm, viernes de 7:30 a 12: 30 y de 1:30 a  4:30<\/span><\/span><\/td><\/tr><tr><td class=\"pp-table-cell pp-table-cell-d86fdb2\"><span class=\"pp-table-cell-content\"><span class=\"pp-table-cell-text\">8<\/span><\/span><\/td><td class=\"pp-table-cell pp-table-cell-f015985\"><span class=\"pp-table-cell-content\"><span class=\"pp-table-cell-text\">Centro de Servicios Lusitania<\/span><\/span><\/td><td class=\"pp-table-cell pp-table-cell-8254575\"><span class=\"pp-table-cell-content\"><span class=\"pp-table-cell-text\">Salud<\/span><\/span><\/td><td class=\"pp-table-cell pp-table-cell-ba81979\"><span class=\"pp-table-cell-content\"><span class=\"pp-table-cell-text\">Calle 63 N\u00b0 108 BB \u2013 06 Interior 120<\/span><\/span><\/td><td class=\"pp-table-cell pp-table-cell-e944afa\"><span class=\"pp-table-cell-content\"><span class=\"pp-table-cell-text\">Mi\u00e9rcoles  de 7:30 am a 12:30 pm y de 1:00 pm a 5:00 pm<\/span><\/span><\/td><\/tr><tr><td class=\"pp-table-cell pp-table-cell-ccbe2ad\"><span class=\"pp-table-cell-content\"><span class=\"pp-table-cell-text\">9<\/span><\/span><\/td><td class=\"pp-table-cell pp-table-cell-b20e566\"><span class=\"pp-table-cell-content\"><span class=\"pp-table-cell-text\">Casa de Justicia Santo Domingo<\/span><\/span><\/td><td class=\"pp-table-cell pp-table-cell-3506d29\"><span class=\"pp-table-cell-content\"><span class=\"pp-table-cell-text\">Salud<\/span><\/span><\/td><td class=\"pp-table-cell pp-table-cell-ae2cc25\"><span class=\"pp-table-cell-content\"><span class=\"pp-table-cell-text\">Carrera 32 N\u00ba 102 A \u2013 45<\/span><\/span><\/td><td class=\"pp-table-cell pp-table-cell-4a588fa\"><span class=\"pp-table-cell-content\"><span class=\"pp-table-cell-text\">Lunes a jueves de 7:30 am a 12:30 pm y de 1:00 pm a 5:00 pm, viernes de 7:30 a 12:30 y de 1:00 a  4:00 pm<\/span><\/span><\/td><\/tr><tr><td class=\"pp-table-cell pp-table-cell-691a5c5\"><span class=\"pp-table-cell-content\"><span class=\"pp-table-cell-text\">10<\/span><\/span><\/td><td class=\"pp-table-cell pp-table-cell-1aafc8f\"><span class=\"pp-table-cell-content\"><span class=\"pp-table-cell-text\">M\u00e1s Cerca La Floresta<\/span><\/span><\/td><td class=\"pp-table-cell pp-table-cell-877b5de\"><span class=\"pp-table-cell-content\"><span class=\"pp-table-cell-text\">Salud<\/span><\/span><\/td><td class=\"pp-table-cell pp-table-cell-bc615e4\"><span class=\"pp-table-cell-content\"><span class=\"pp-table-cell-text\">Carrera 89 B N\u00ba 48 A 27<\/span><\/span><\/td><td class=\"pp-table-cell pp-table-cell-472202f\"><span class=\"pp-table-cell-content\"><span class=\"pp-table-cell-text\">Lunes a jueves de 7:30 am a 12:30 pm y de 1:00 pm a 5:00 pm, viernes de 7:30 a 12:30 y de 1:00 a  4:00 pm<\/span><\/span><\/td><\/tr><tr><td class=\"pp-table-cell pp-table-cell-c505ac1\"><span class=\"pp-table-cell-content\"><span class=\"pp-table-cell-text\">11<\/span><\/span><\/td><td class=\"pp-table-cell pp-table-cell-f0cb9d7\"><span class=\"pp-table-cell-content\"><span class=\"pp-table-cell-text\">M\u00e1s Cerca Guayabal<\/span><\/span><\/td><td class=\"pp-table-cell pp-table-cell-e4352ba\"><span class=\"pp-table-cell-content\"><span class=\"pp-table-cell-text\">Salud<\/span><\/span><\/td><td class=\"pp-table-cell pp-table-cell-b011d34\"><span class=\"pp-table-cell-content\"><span class=\"pp-table-cell-text\">Carrera 52 N\u00ba 9 SUR 42<\/span><\/span><\/td><td class=\"pp-table-cell pp-table-cell-6154b26\"><span class=\"pp-table-cell-content\"><span class=\"pp-table-cell-text\">Lunes a jueves de 7:30 am a 12:30 pm y de 1:00 pm a 5:00 pm, viernes de 7:30 a 12:30 y de 1:00 a  4:00 pm<\/span><\/span><\/td><\/tr><tr><td class=\"pp-table-cell pp-table-cell-e877667\"><span class=\"pp-table-cell-content\"><span class=\"pp-table-cell-text\">12<\/span><\/span><\/td><td class=\"pp-table-cell pp-table-cell-b1ac21d\"><span class=\"pp-table-cell-content\"><span class=\"pp-table-cell-text\">M\u00e1s Cerca Bel\u00e9n<\/span><\/span><\/td><td class=\"pp-table-cell pp-table-cell-6f13206\"><span class=\"pp-table-cell-content\"><span class=\"pp-table-cell-text\">Salud<\/span><\/span><\/td><td class=\"pp-table-cell pp-table-cell-d84c620\"><span class=\"pp-table-cell-content\"><span class=\"pp-table-cell-text\">Carrera 76 N\u00ba 32 \u2013 74<\/span><\/span><\/td><td class=\"pp-table-cell pp-table-cell-aa192c3\"><span class=\"pp-table-cell-content\"><span class=\"pp-table-cell-text\">Lunes a jueves de 7:30 am a 12:30 pm y de 1:00 pm a 5:00 pm, viernes de 7:30 a 12:30 y de 1:00 a  4:00 pm<\/span><\/span><\/td><\/tr><tr><td class=\"pp-table-cell pp-table-cell-1d5ba7d\"><span class=\"pp-table-cell-content\"><span class=\"pp-table-cell-text\">13<\/span><\/span><\/td><td class=\"pp-table-cell pp-table-cell-b5066be\"><span class=\"pp-table-cell-content\"><span class=\"pp-table-cell-text\">Casa de Gobierno San Crist\u00f3bal<\/span><\/span><\/td><td class=\"pp-table-cell pp-table-cell-8872064\"><span class=\"pp-table-cell-content\"><span class=\"pp-table-cell-text\">Salud<\/span><\/span><\/td><td class=\"pp-table-cell pp-table-cell-83d8ab7\"><span class=\"pp-table-cell-content\"><span class=\"pp-table-cell-text\">Carrera 131 N\u00ba 60 \u2013 59 Parque Principal<\/span><\/span><\/td><td class=\"pp-table-cell pp-table-cell-d30189b\"><span class=\"pp-table-cell-content\"><span class=\"pp-table-cell-text\">Lunes, martes, jueves y viernes de 7:30 am a 12:30 pm  y de 1:30 pm a 5:30 pm<\/span><\/span><\/td><\/tr><tr><td class=\"pp-table-cell pp-table-cell-f21abb6\"><span class=\"pp-table-cell-content\"><span class=\"pp-table-cell-text\">14<\/span><\/span><\/td><td class=\"pp-table-cell pp-table-cell-1a4336f\"><span class=\"pp-table-cell-content\"><span class=\"pp-table-cell-text\">Parque Biblioteca Le\u00f3n de Greiff CSC La Ladera<\/span><\/span><\/td><td class=\"pp-table-cell pp-table-cell-a97f1e8\"><span class=\"pp-table-cell-content\"><span class=\"pp-table-cell-text\">Salud<\/span><\/span><\/td><td class=\"pp-table-cell pp-table-cell-674e9fa\"><span class=\"pp-table-cell-content\"><span class=\"pp-table-cell-text\">Calle 59 A N\u00b0 36 \u2013 30 Local 102<\/span><\/span><\/td><td class=\"pp-table-cell pp-table-cell-ff0a766\"><span class=\"pp-table-cell-content\"><span class=\"pp-table-cell-text\">Lunes a viernes de 7:30 am a 12:30 pm y de 1:00 pm a 5:00 pm, viernes de 7:30 a 12:30 y de 1:00 a  4:00 pm<\/span><\/span><\/td><\/tr>\t\t<\/tbody>\n\t\t\t\t\t<\/table>\n\t\t<\/div>\n\t\t\t\t<\/div>\n\t\t\t\t<\/div>\n\t\t\t\t\t\t<\/div>\n\t\t\t\t\t<\/div>\n\t\t<\/div>\n\t\t\t\t\t\t\t\t<\/div>\n\t\t\t\t\t<\/div>\n\t\t<\/section>\n\t\t\t\t\t\t\t\t\t<\/div>\n\t\t\t<\/div>\n\t\t\t\t\t<\/div>\n\t\t","protected":false},"excerpt":{"rendered":"<p>\u00bfEres una persona migrante? Recuerda que tienes derecho a Recibir atenci\u00f3n por Urgencias en situaciones en las que peligre tu vida y en eventos odontol\u00f3gicos que requieran atenci\u00f3n inmediata. Solicitar citas por enfermedades altamente transmisibles &#8230;<\/p>\n","protected":false},"author":4,"featured_media":17425,"parent":17245,"menu_order":0,"comment_status":"closed","ping_status":"closed","template":"sec-salud\/elementor.php","meta":[],"acf":[],"_links":{"self":[{"href":"https:\/\/www.medellin.gov.co\/es\/wp-json\/wp\/v2\/pages\/200620"}],"collection":[{"href":"https:\/\/www.medellin.gov.co\/es\/wp-json\/wp\/v2\/pages"}],"about":[{"href":"https:\/\/www.medellin.gov.co\/es\/wp-json\/wp\/v2\/types\/page"}],"author":[{"embeddable":true,"href":"https:\/\/www.medellin.gov.co\/es\/wp-json\/wp\/v2\/users\/4"}],"replies":[{"embeddable":true,"href":"https:\/\/www.medellin.gov.co\/es\/wp-json\/wp\/v2\/comments?post=200620"}],"version-history":[{"count":11,"href":"https:\/\/www.medellin.gov.co\/es\/wp-json\/wp\/v2\/pages\/200620\/revisions"}],"predecessor-version":[{"id":201980,"href":"https:\/\/www.medellin.gov.co\/es\/wp-json\/wp\/v2\/pages\/200620\/revisions\/201980"}],"up":[{"embeddable":true,"href":"https:\/\/www.medellin.gov.co\/es\/wp-json\/wp\/v2\/pages\/17245"}],"wp:featuredmedia":[{"embeddable":true,"href":"https:\/\/www.medellin.gov.co\/es\/wp-json\/wp\/v2\/media\/17425"}],"wp:attachment":[{"href":"https:\/\/www.medellin.gov.co\/es\/wp-json\/wp\/v2\/media?parent=200620"}],"curies":[{"name":"wp","href":"https:\/\/api.w.org\/{rel}","templated":true}]}}