{"id":201008,"date":"2023-05-26T13:47:41","date_gmt":"2023-05-26T18:47:41","guid":{"rendered":"https:\/\/www.medellin.gov.co\/es\/?page_id=201008"},"modified":"2026-04-21T14:14:43","modified_gmt":"2026-04-21T19:14:43","slug":"documentos-plan-estadistico-distrital","status":"publish","type":"page","link":"https:\/\/www.medellin.gov.co\/es\/departamento-administrativo-de-planeacion\/plan-estadistico-distrital-de-medellin\/documentos-plan-estadistico-distrital\/","title":{"rendered":"Documentos Plan Estad\u00edstico Distrital"},"content":{"rendered":"\t\t<div data-elementor-type=\"wp-page\" data-elementor-id=\"201008\" class=\"elementor elementor-201008\">\n\t\t\t\t\t\t<div class=\"elementor-inner\">\n\t\t\t\t<div class=\"elementor-section-wrap\">\n\t\t\t\t\t\t\t\t\t<section class=\"elementor-section elementor-top-section elementor-element elementor-element-6c61f12 elementor-section-boxed elementor-section-height-default elementor-section-height-default\" data-id=\"6c61f12\" data-element_type=\"section\">\n\t\t\t\t\t\t<div class=\"elementor-container elementor-column-gap-default\">\n\t\t\t\t\t\t\t<div class=\"elementor-row\">\n\t\t\t\t\t<div class=\"elementor-column elementor-col-100 elementor-top-column elementor-element elementor-element-c3e555d\" data-id=\"c3e555d\" data-element_type=\"column\">\n\t\t\t<div class=\"elementor-column-wrap elementor-element-populated\">\n\t\t\t\t\t\t\t<div class=\"elementor-widget-wrap\">\n\t\t\t\t\t\t<div class=\"elementor-element elementor-element-0db199e elementor-widget elementor-widget-heading\" data-id=\"0db199e\" data-element_type=\"widget\" data-widget_type=\"heading.default\">\n\t\t\t\t<div class=\"elementor-widget-container\">\n\t\t\t<h1 class=\"elementor-heading-title elementor-size-default\">Documentos del Plan Estad\u00edstico Distrital<\/h1>\t\t<\/div>\n\t\t\t\t<\/div>\n\t\t\t\t<div class=\"elementor-element elementor-element-7c7d883 elementor-widget elementor-widget-text-editor\" data-id=\"7c7d883\" data-element_type=\"widget\" data-widget_type=\"text-editor.default\">\n\t\t\t\t<div class=\"elementor-widget-container\">\n\t\t\t\t\t\t\t\t<div class=\"elementor-text-editor elementor-clearfix\">\n\t\t\t\t<p>A continuaci\u00f3n podr\u00e1s conocer y descargar los lineamientos y formatos del Plan Estad\u00edstico Distrital de Medell\u00edn.<\/p>\t\t\t\t\t<\/div>\n\t\t\t\t\t\t<\/div>\n\t\t\t\t<\/div>\n\t\t\t\t<div class=\"elementor-element elementor-element-99df740 elementor-widget elementor-widget-heading\" data-id=\"99df740\" data-element_type=\"widget\" data-widget_type=\"heading.default\">\n\t\t\t\t<div class=\"elementor-widget-container\">\n\t\t\t<h2 class=\"elementor-heading-title elementor-size-default\"><b>Lineamientos del Plan<\/b> Estad\u00edstico Distrital de Medell\u00edn<\/h2>\t\t<\/div>\n\t\t\t\t<\/div>\n\t\t\t\t<div class=\"elementor-element elementor-element-ca0c64f elementor-widget elementor-widget-text-editor\" data-id=\"ca0c64f\" data-element_type=\"widget\" data-widget_type=\"text-editor.default\">\n\t\t\t\t<div class=\"elementor-widget-container\">\n\t\t\t\t\t\t\t\t<div class=\"elementor-text-editor elementor-clearfix\">\n\t\t\t\t<ul><li><a href=\"https:\/\/www.medellin.gov.co\/es\/wp-content\/uploads\/2023\/05\/DE-Cumplimiento-de-estandares-en-la-produccion-de-una-Operacion-Estadistica.-Distrito-de-Medellin.pdf\" target=\"_blank\" rel=\"noopener\">Cumplimiento de est\u00e1ndares en la producci\u00f3n de una Operaci\u00f3n Estad\u00edstica. Distrito de Medell\u00edn<\/a><\/li><li><a href=\"https:\/\/www.medellin.gov.co\/es\/wp-content\/uploads\/2023\/05\/DE-Documentacion-Operacion-Estadistica.-Distrito-de-Medellin.pdf\" target=\"_blank\" rel=\"noopener\">Documentaci\u00f3n Operaci\u00f3n Estad\u00edstica. Distrito de Medell\u00edn<\/a><\/li><li><a href=\"https:\/\/www.medellin.gov.co\/es\/wp-content\/uploads\/2023\/05\/DE-Estandares-en-la-produccion-de-una-Operacion-Estadistica.-Distrito-de-Medellin.pdf\" target=\"_blank\" rel=\"noopener\">Est\u00e1ndares en la producci\u00f3n de una Operaci\u00f3n Estad\u00edstica. Distrito de Medell\u00edn<\/a><\/li><li><a href=\"https:\/\/www.medellin.gov.co\/es\/wp-content\/uploads\/2023\/05\/DE-Estandarizacion-y-armonizacion-de-conceptos.-Distrito-de-Medellin.pdf\" target=\"_blank\" rel=\"noopener\">Estandarizaci\u00f3n y armonizaci\u00f3n de conceptos. Distrito de Medell\u00edn<\/a><\/li><li><a href=\"https:\/\/www.medellin.gov.co\/es\/wp-content\/uploads\/2023\/05\/DE-Fortalecimiento-de-registros-administrativos.-Distrito-de-Medellin.pdf\" target=\"_blank\" rel=\"noopener\">Fortalecimiento de registros administrativos. Distrito de Medell\u00edn<\/a><\/li><li><a href=\"https:\/\/www.medellin.gov.co\/es\/wp-content\/uploads\/2023\/05\/DE-Nomenclaturas-y-clasificaciones-en-las-Operaciones-Estadisticas.-Distrito-de-Medellin.pdf\" target=\"_blank\" rel=\"noopener\">Nomenclaturas y clasificaciones en las Operaciones Estad\u00edsticas. Distrito de Medell\u00edn<\/a><\/li><li><a href=\"https:\/\/www.medellin.gov.co\/es\/wp-content\/uploads\/2023\/05\/DE-Requisitos-de-Calidad-OE-por-CENSOS.xlsx\" target=\"_blank\" rel=\"noopener\">Requisitos de Calidad OE por censos<\/a><\/li><li><a href=\"https:\/\/www.medellin.gov.co\/es\/wp-content\/uploads\/2023\/05\/DE-Requisitos-de-Calidad-OE-REGISTROS-ADMINISTRATIVOS.xlsx\" target=\"_blank\" rel=\"noopener\">Requisitos de Calidad OE registros administrativos<\/a><\/li><li><a href=\"https:\/\/www.medellin.gov.co\/es\/wp-content\/uploads\/2023\/05\/DE-Requisitos-de-Calidad-OE_MUESTREO-NO-PROBABILISTICO.xlsx\" target=\"_blank\" rel=\"noopener\">Requisitos de Calidad OE_Muestreo no probabil\u00edstico<\/a><\/li><li><a href=\"https:\/\/www.medellin.gov.co\/es\/wp-content\/uploads\/2023\/05\/DE-Requisitos-de-Calidad-OE_MUESTREO-PROBABILISTICO.xlsx\" target=\"_blank\" rel=\"noopener\">Requisitos de Calidad OE_Muestreo probabil\u00edstico<\/a><\/li><li><a href=\"https:\/\/www.medellin.gov.co\/es\/wp-content\/uploads\/2023\/05\/IN-Anonimizacion-de-bases-de-datos.-Distrito-de-Medellin.pdf\" target=\"_blank\" rel=\"noopener\">Anonimizaci\u00f3n de bases de datos. Distrito de Medell\u00edn<\/a><\/li><li><a href=\"https:\/\/www.medellin.gov.co\/es\/wp-content\/uploads\/2023\/05\/PR-Generacion-procesamientoreporte-o-difusion-de-informacion-estadistica.-Distrito-de-Medellin.pdf\" target=\"_blank\" rel=\"noopener\">Generaci\u00f3n, procesamiento, reporte o difusi\u00f3n de informaci\u00f3n estad\u00edstica. Distrito de Medell\u00edn<\/a><\/li><\/ul>\t\t\t\t\t<\/div>\n\t\t\t\t\t\t<\/div>\n\t\t\t\t<\/div>\n\t\t\t\t<div class=\"elementor-element elementor-element-3a05760 elementor-widget elementor-widget-heading\" data-id=\"3a05760\" data-element_type=\"widget\" data-widget_type=\"heading.default\">\n\t\t\t\t<div class=\"elementor-widget-container\">\n\t\t\t<h2 class=\"elementor-heading-title elementor-size-default\"><b>Manuales,<\/b>  metodolog\u00edas y gu\u00edas<\/h2>\t\t<\/div>\n\t\t\t\t<\/div>\n\t\t\t\t<div class=\"elementor-element elementor-element-0d7c8c3 elementor-widget elementor-widget-text-editor\" data-id=\"0d7c8c3\" data-element_type=\"widget\" data-widget_type=\"text-editor.default\">\n\t\t\t\t<div class=\"elementor-widget-container\">\n\t\t\t\t\t\t\t\t<div class=\"elementor-text-editor elementor-clearfix\">\n\t\t\t\t<ul><li><a href=\"https:\/\/www.medellin.gov.co\/es\/wp-content\/uploads\/2026\/04\/Guia-Para-La-Inclusion-Del-Enfoque-Diferencial-E-Interseccional.pdf\" target=\"_blank\" rel=\"noopener\">Gu\u00eda Para La Inclusi\u00f3n Del Enfoque Diferencial E Interseccional<\/a> &gt;&gt;&gt;\u00a0<a href=\"https:\/\/www.medellin.gov.co\/es\/wp-content\/uploads\/2026\/04\/Resumen-ejecutivo-Guia-Para-La-Inclusion-Del-Enfoque-Diferencial-E-Interseccional.pdf\" target=\"_blank\" rel=\"noopener\">Resumen ejecutivo Gu\u00eda Para La Inclusi\u00f3n Del Enfoque Diferencial E Interseccional<\/a><\/li><li><a href=\"https:\/\/www.medellin.gov.co\/es\/wp-content\/uploads\/2026\/04\/Guia-para-el-Plan-General-de-Operaciones-Estadisticas.pdf\" target=\"_blank\" rel=\"noopener\">Gu\u00eda para el Plan General de Operaciones Estad\u00edsticas<\/a> &gt;&gt;&gt; <a href=\"https:\/\/www.medellin.gov.co\/es\/wp-content\/uploads\/2026\/04\/Infografia-Guia-para-el-Plan-General-de-Operaciones-Estadisticas.jpg\" target=\"_blank\" rel=\"noopener\">Infograf\u00eda Gu\u00eda para el Plan General de Operaciones Estad\u00edsticas<\/a><\/li><li><a href=\"https:\/\/www.medellin.gov.co\/es\/wp-content\/uploads\/2026\/04\/Guia_para_implementar_DDI_y_DC.pdf\" target=\"_blank\" rel=\"noopener\">Gu\u00eda para implementar DDI y DC<\/a> &gt;&gt;&gt; <a href=\"https:\/\/www.medellin.gov.co\/es\/wp-content\/uploads\/2026\/04\/Resumen-ejecutivo-Guia_para_implementar_DDI_y_DC.pdf\" target=\"_blank\" rel=\"noopener\">Resumen ejecutivo Gu\u00eda para implementar DDI y DC<\/a><\/li><li><a href=\"https:\/\/www.medellin.gov.co\/es\/wp-content\/uploads\/2026\/04\/Guia-para-la-Elaboracion-del-Documento-Metodologico-de-Operaciones-Estadisticas.pdf\" target=\"_blank\" rel=\"noopener\">Gu\u00eda para la Elaboraci\u00f3n del Documento Metodol\u00f3gico de Operaciones Estad\u00edsticas<\/a> &gt;&gt;&gt; <a href=\"https:\/\/www.medellin.gov.co\/es\/wp-content\/uploads\/2026\/04\/Resumen-ejecutivo-Guia-para-la-Elaboracion-del-Documento-Metodologico-de-Operaciones-Estadisticas.pdf\" target=\"_blank\" rel=\"noopener\">Resumen ejecutivo Gu\u00eda para la Elaboraci\u00f3n del Documento Metodol\u00f3gico de Operaciones Estad\u00edsticas<\/a><\/li><\/ul><ul><li><a href=\"https:\/\/www.medellin.gov.co\/es\/wp-content\/uploads\/2026\/04\/Guia-para-la-anonimizacion-de-bases-de-datos.pdf\" target=\"_blank\" rel=\"noopener\">Gu\u00eda para la anonimizaci\u00f3n de bases de datos en el Sistema Estad\u00edstico Nacional (DANE)<\/a>\u00a0&gt;&gt;&gt;<a href=\"https:\/\/www.medellin.gov.co\/es\/wp-content\/uploads\/2026\/04\/Resumen-ejecutivo-Guia-para-la-anonimizacion-de-bases-de-datos.pdf\" target=\"_blank\" rel=\"noopener\">Resumen ejecutivo Gu\u00eda para la anonimizaci\u00f3n de bases de datos<\/a><\/li><li><a href=\"https:\/\/www.medellin.gov.co\/es\/wp-content\/uploads\/2026\/04\/Guia-para-la-elaboracion-de-metadatos-de-Registros-Administrativos.pdf\" target=\"_blank\" rel=\"noopener\">Gu\u00eda para la elaboraci\u00f3n de metadatos de registros administrativos<\/a>\u00a0&gt;&gt;&gt;<a href=\"https:\/\/www.medellin.gov.co\/es\/wp-content\/uploads\/2026\/04\/Resumen-ejecutivo-Guia-para-la-elaboracion-de-metadatos-de-Registros-Administrativos.pdf\" target=\"_blank\" rel=\"noopener\">Resumen ejecutivo Gu\u00eda para la elaboraci\u00f3n de metadatos de Registros Administrativos<\/a><\/li><li><a href=\"https:\/\/www.medellin.gov.co\/es\/wp-content\/uploads\/2026\/04\/Guia-para-la-elaboracion-de-la-ficha-metodologica-de-las-operaciones-estadisticas.pdf\" target=\"_blank\" rel=\"noopener\">Gu\u00eda para la elaboraci\u00f3n de la ficha metodol\u00f3gica de las operaciones estad\u00edsticas\u00a0<\/a><\/li><li><a href=\"https:\/\/www.medellin.gov.co\/es\/wp-content\/uploads\/2026\/04\/Metodologia_Diagnostico_Registros_Administrativos.pdf\" target=\"_blank\" rel=\"noopener\">Metodolog\u00eda para el desarrollo de Planes Estad\u00edsticos<\/a> &gt;&gt;&gt;<a href=\"https:\/\/www.medellin.gov.co\/es\/wp-content\/uploads\/2026\/04\/metodologia-desarrollo-planes-estadisticos.pdf\" target=\"_blank\" rel=\"noopener\">Resumen ejecutivo Metodolog\u00eda de Desarrollo de Planes Estad\u00edsticos<\/a><\/li><li><a href=\"https:\/\/www.medellin.gov.co\/es\/wp-content\/uploads\/2026\/04\/Metodologia_Diagnostico_Registros_Administrativos.pdf\" target=\"_blank\" rel=\"noopener\">Metodolog\u00eda de Diagn\u00f3stico de los Registros Administrativos para su aprovechamiento estad\u00edstico (DANE)<\/a> &gt;&gt;&gt;<a href=\"https:\/\/www.medellin.gov.co\/es\/wp-content\/uploads\/2026\/04\/Resumen-ejecutivo-Metodologia_Diagnostico_Registros_Administrativos.pdf\" target=\"_blank\" rel=\"noopener\">Resumen ejecutivo Metodolog\u00eda de Diagn\u00f3stico de los Registros Administrativos<\/a><\/li><\/ul>\t\t\t\t\t<\/div>\n\t\t\t\t\t\t<\/div>\n\t\t\t\t<\/div>\n\t\t\t\t<div class=\"elementor-element elementor-element-810ebda elementor-widget elementor-widget-heading\" data-id=\"810ebda\" data-element_type=\"widget\" data-widget_type=\"heading.default\">\n\t\t\t\t<div class=\"elementor-widget-container\">\n\t\t\t<h2 class=\"elementor-heading-title elementor-size-default\"><b>Formatos del Plan<\/b> Estad\u00edstico Distrital de Medell\u00edn<\/h2>\t\t<\/div>\n\t\t\t\t<\/div>\n\t\t\t\t<div class=\"elementor-element elementor-element-9314d91 elementor-widget elementor-widget-text-editor\" data-id=\"9314d91\" data-element_type=\"widget\" data-widget_type=\"text-editor.default\">\n\t\t\t\t<div class=\"elementor-widget-container\">\n\t\t\t\t\t\t\t\t<div class=\"elementor-text-editor elementor-clearfix\">\n\t\t\t\t<ul><li><a href=\"https:\/\/www.medellin.gov.co\/es\/wp-content\/uploads\/2023\/05\/FO-Documento-Metodologico-para-OE-derivada.-Distrito-de-Medellin.pdf\" target=\"_blank\" rel=\"noopener\">Documento Metodol\u00f3gico para OE derivada. Distrito de Medell\u00edn<\/a><\/li><li><a href=\"https:\/\/www.medellin.gov.co\/es\/wp-content\/uploads\/2023\/05\/FO-Documento-Metodologico-para-OE-tipo-censo-encuesta-o-muestreo.-Distrito-de-Medellin.pdf\" target=\"_blank\" rel=\"noopener\">Documento Metodol\u00f3gico para OE tipo censo, encuesta o muestreo. Distrito de Medell\u00edn<\/a><\/li><li><a href=\"https:\/\/www.medellin.gov.co\/es\/wp-content\/uploads\/2023\/05\/FO-Ficha-Metodologica-de-un-Registro-Administrativo.-Distrito-de-Medellin.xlsx\" target=\"_blank\" rel=\"noopener\">Ficha Metodol\u00f3gica de un Registro Administrativo. Distrito de Medell\u00edn<\/a><\/li><li><a href=\"https:\/\/www.medellin.gov.co\/es\/wp-content\/uploads\/2023\/05\/FO-Ficha-Metodologica-de-una-OE.-Distrito-de-Medellin.xls\" target=\"_blank\" rel=\"noopener\">Ficha Metodol\u00f3gica de una OE. Distrito de Medell\u00edn<\/a><\/li><li><a href=\"https:\/\/www.medellin.gov.co\/es\/wp-content\/uploads\/2023\/05\/FO-Responsabilidades-para-la-produccion-de-informacion-estadistica.Distrito-de-Medellin.xlsx\" target=\"_blank\" rel=\"noopener\">Responsabilidades para la producci\u00f3n de informaci\u00f3n estad\u00edstica. Distrito de Medell\u00edn<\/a><\/li><\/ul>\t\t\t\t\t<\/div>\n\t\t\t\t\t\t<\/div>\n\t\t\t\t<\/div>\n\t\t\t\t<div class=\"elementor-element elementor-element-fa9c0fe elementor-widget elementor-widget-heading\" data-id=\"fa9c0fe\" data-element_type=\"widget\" data-widget_type=\"heading.default\">\n\t\t\t\t<div class=\"elementor-widget-container\">\n\t\t\t<h2 class=\"elementor-heading-title elementor-size-default\"><b>Otros<\/b> documentos<\/h2>\t\t<\/div>\n\t\t\t\t<\/div>\n\t\t\t\t<div class=\"elementor-element elementor-element-3e30ed1 elementor-widget elementor-widget-text-editor\" data-id=\"3e30ed1\" data-element_type=\"widget\" data-widget_type=\"text-editor.default\">\n\t\t\t\t<div class=\"elementor-widget-container\">\n\t\t\t\t\t\t\t\t<div class=\"elementor-text-editor elementor-clearfix\">\n\t\t\t\t<ul><li><p><a href=\"https:\/\/www.medellin.gov.co\/es\/wp-content\/uploads\/2024\/05\/Informe-PED-y-politica-2020-2023.pdf\" target=\"_blank\" rel=\"noopener\">Informe implementaci\u00f3n pol\u00edtica de gesti\u00f3n de informaci\u00f3n estad\u00edstica y plan estad\u00edstico distrital\u00a0 2020-2023<\/a><\/p><\/li><li><a href=\"https:\/\/www.medellin.gov.co\/es\/wp-content\/uploads\/2026\/04\/Proyeccion-PED-y-Politica-2024-2028.pdf\" target=\"_blank\" rel=\"noopener\">Proyecci\u00f3n Plan Estad\u00edstico Distrital -PED- y Pol\u00edtica de Gesti\u00f3n de Informaci\u00f3n Estad\u00edstica 2024-2028<\/a><\/li><\/ul>\t\t\t\t\t<\/div>\n\t\t\t\t\t\t<\/div>\n\t\t\t\t<\/div>\n\t\t\t\t\t\t<\/div>\n\t\t\t\t\t<\/div>\n\t\t<\/div>\n\t\t\t\t\t\t\t\t<\/div>\n\t\t\t\t\t<\/div>\n\t\t<\/section>\n\t\t\t\t\t\t\t\t\t<\/div>\n\t\t\t<\/div>\n\t\t\t\t\t<\/div>\n\t\t","protected":false},"excerpt":{"rendered":"<p>Documentos del Plan Estad\u00edstico Distrital A continuaci\u00f3n podr\u00e1s conocer y descargar los lineamientos y formatos del Plan Estad\u00edstico Distrital de Medell\u00edn. Lineamientos del Plan Estad\u00edstico Distrital de Medell\u00edn Cumplimiento de est\u00e1ndares en la producci\u00f3n de &#8230;<\/p>\n","protected":false},"author":31,"featured_media":193866,"parent":120149,"menu_order":0,"comment_status":"closed","ping_status":"closed","template":"sec-planeacion\/elementor17032025.php","meta":[],"acf":[],"_links":{"self":[{"href":"https:\/\/www.medellin.gov.co\/es\/wp-json\/wp\/v2\/pages\/201008"}],"collection":[{"href":"https:\/\/www.medellin.gov.co\/es\/wp-json\/wp\/v2\/pages"}],"about":[{"href":"https:\/\/www.medellin.gov.co\/es\/wp-json\/wp\/v2\/types\/page"}],"author":[{"embeddable":true,"href":"https:\/\/www.medellin.gov.co\/es\/wp-json\/wp\/v2\/users\/31"}],"replies":[{"embeddable":true,"href":"https:\/\/www.medellin.gov.co\/es\/wp-json\/wp\/v2\/comments?post=201008"}],"version-history":[{"count":10,"href":"https:\/\/www.medellin.gov.co\/es\/wp-json\/wp\/v2\/pages\/201008\/revisions"}],"predecessor-version":[{"id":521152,"href":"https:\/\/www.medellin.gov.co\/es\/wp-json\/wp\/v2\/pages\/201008\/revisions\/521152"}],"up":[{"embeddable":true,"href":"https:\/\/www.medellin.gov.co\/es\/wp-json\/wp\/v2\/pages\/120149"}],"wp:featuredmedia":[{"embeddable":true,"href":"https:\/\/www.medellin.gov.co\/es\/wp-json\/wp\/v2\/media\/193866"}],"wp:attachment":[{"href":"https:\/\/www.medellin.gov.co\/es\/wp-json\/wp\/v2\/media?parent=201008"}],"curies":[{"name":"wp","href":"https:\/\/api.w.org\/{rel}","templated":true}]}}