{"id":201832,"date":"2023-05-29T12:17:22","date_gmt":"2023-05-29T17:17:22","guid":{"rendered":"https:\/\/www.medellin.gov.co\/es\/?page_id=201832"},"modified":"2023-05-31T08:07:03","modified_gmt":"2023-05-31T13:07:03","slug":"educacion-e-investigacion","status":"publish","type":"page","link":"https:\/\/www.medellin.gov.co\/es\/secretaria-medio-ambiente\/proteccion-y-bienestar-animal\/educacion-e-investigacion\/","title":{"rendered":"Educaci\u00f3n e investigaci\u00f3n de protecci\u00f3n y bienestar animal"},"content":{"rendered":"\t\t<div data-elementor-type=\"wp-page\" data-elementor-id=\"201832\" class=\"elementor elementor-201832\">\n\t\t\t\t\t\t<div class=\"elementor-inner\">\n\t\t\t\t<div class=\"elementor-section-wrap\">\n\t\t\t\t\t\t\t\t\t<section class=\"elementor-section elementor-top-section elementor-element elementor-element-3928ca1 elementor-section-boxed elementor-section-height-default elementor-section-height-default\" data-id=\"3928ca1\" data-element_type=\"section\">\n\t\t\t\t\t\t<div class=\"elementor-container elementor-column-gap-default\">\n\t\t\t\t\t\t\t<div class=\"elementor-row\">\n\t\t\t\t\t<div class=\"elementor-column elementor-col-100 elementor-top-column elementor-element elementor-element-845acd1\" data-id=\"845acd1\" data-element_type=\"column\">\n\t\t\t<div class=\"elementor-column-wrap elementor-element-populated\">\n\t\t\t\t\t\t\t<div class=\"elementor-widget-wrap\">\n\t\t\t\t\t\t<div class=\"elementor-element elementor-element-1d74399 elementor-widget elementor-widget-heading\" data-id=\"1d74399\" data-element_type=\"widget\" data-widget_type=\"heading.default\">\n\t\t\t\t<div class=\"elementor-widget-container\">\n\t\t\t<h1 class=\"elementor-heading-title elementor-size-default\">Educaci\u00f3n e investigaci\u00f3n de protecci\u00f3n y bienestar animal<\/h1>\t\t<\/div>\n\t\t\t\t<\/div>\n\t\t\t\t<section class=\"elementor-section elementor-inner-section elementor-element elementor-element-d060cbe elementor-section-boxed elementor-section-height-default elementor-section-height-default\" data-id=\"d060cbe\" data-element_type=\"section\">\n\t\t\t\t\t\t<div class=\"elementor-container elementor-column-gap-default\">\n\t\t\t\t\t\t\t<div class=\"elementor-row\">\n\t\t\t\t\t<div class=\"elementor-column elementor-col-50 elementor-inner-column elementor-element elementor-element-c445db2\" data-id=\"c445db2\" data-element_type=\"column\">\n\t\t\t<div class=\"elementor-column-wrap elementor-element-populated\">\n\t\t\t\t\t\t\t<div class=\"elementor-widget-wrap\">\n\t\t\t\t\t\t<div class=\"elementor-element elementor-element-6930cda elementor-widget elementor-widget-text-editor\" data-id=\"6930cda\" data-element_type=\"widget\" data-widget_type=\"text-editor.default\">\n\t\t\t\t<div class=\"elementor-widget-container\">\n\t\t\t\t\t\t\t\t<div class=\"elementor-text-editor elementor-clearfix\">\n\t\t\t\t<p><span class=\"TextRun SCXW231957498 BCX0\" lang=\"ES-CO\" xml:lang=\"ES-CO\" data-contrast=\"none\"><span class=\"NormalTextRun SCXW231957498 BCX0\">En el componente educativo de la Subsecretar\u00eda se abarcan temas como el cuidado responsable de animales de compa\u00f1\u00eda y de especies mayores, as\u00ed como la interacci\u00f3n responsable y respetuosa con <\/span><span class=\"NormalTextRun SCXW231957498 BCX0\">fauna silvestre y <\/span><span class=\"NormalTextRun SCXW231957498 BCX0\">animales liminales, espec\u00edficamente palomas.<\/span><\/span><span class=\"EOP SCXW231957498 BCX0\" data-ccp-props=\"{&quot;201341983&quot;:0,&quot;335551550&quot;:6,&quot;335551620&quot;:6,&quot;335559739&quot;:160,&quot;335559740&quot;:259}\">\u00a0<\/span><\/p>\t\t\t\t\t<\/div>\n\t\t\t\t\t\t<\/div>\n\t\t\t\t<\/div>\n\t\t\t\t\t\t<\/div>\n\t\t\t\t\t<\/div>\n\t\t<\/div>\n\t\t\t\t<div class=\"elementor-column elementor-col-50 elementor-inner-column elementor-element elementor-element-a6c23f7\" data-id=\"a6c23f7\" data-element_type=\"column\">\n\t\t\t<div class=\"elementor-column-wrap elementor-element-populated\">\n\t\t\t\t\t\t\t<div class=\"elementor-widget-wrap\">\n\t\t\t\t\t\t<div class=\"elementor-element elementor-element-040859c elementor-widget elementor-widget-image\" data-id=\"040859c\" data-element_type=\"widget\" data-widget_type=\"image.default\">\n\t\t\t\t<div class=\"elementor-widget-container\">\n\t\t\t\t\t\t\t\t<div class=\"elementor-image\">\n\t\t\t\t\t\t\t\t\t\t\t\t<img width=\"1024\" height=\"715\" src=\"https:\/\/www.medellin.gov.co\/es\/wp-content\/uploads\/2023\/05\/La-Perla-4-1024x715.jpg\" class=\"attachment-large size-large\" alt=\"Rutas de atenci\u00f3n del Centro de Bienestar Animal - La Perla\" loading=\"lazy\" srcset=\"https:\/\/www.medellin.gov.co\/es\/wp-content\/uploads\/2023\/05\/La-Perla-4-1024x715.jpg 1024w, https:\/\/www.medellin.gov.co\/es\/wp-content\/uploads\/2023\/05\/La-Perla-4-300x210.jpg 300w, https:\/\/www.medellin.gov.co\/es\/wp-content\/uploads\/2023\/05\/La-Perla-4-150x105.jpg 150w, https:\/\/www.medellin.gov.co\/es\/wp-content\/uploads\/2023\/05\/La-Perla-4-768x536.jpg 768w, https:\/\/www.medellin.gov.co\/es\/wp-content\/uploads\/2023\/05\/La-Perla-4.jpg 1280w\" sizes=\"(max-width: 1024px) 100vw, 1024px\" \/>\t\t\t\t\t\t\t\t\t\t\t\t\t\t<\/div>\n\t\t\t\t\t\t<\/div>\n\t\t\t\t<\/div>\n\t\t\t\t\t\t<\/div>\n\t\t\t\t\t<\/div>\n\t\t<\/div>\n\t\t\t\t\t\t\t\t<\/div>\n\t\t\t\t\t<\/div>\n\t\t<\/section>\n\t\t\t\t<div class=\"elementor-element elementor-element-fa4aef3 elementor-widget elementor-widget-heading\" data-id=\"fa4aef3\" data-element_type=\"widget\" data-widget_type=\"heading.default\">\n\t\t\t\t<div class=\"elementor-widget-container\">\n\t\t\t<h2 class=\"elementor-heading-title elementor-size-default\"><b>Educaci\u00f3n en cuidado<\/b> responsable de animales<\/h2>\t\t<\/div>\n\t\t\t\t<\/div>\n\t\t\t\t<div class=\"elementor-element elementor-element-81230d2 elementor-widget elementor-widget-text-editor\" data-id=\"81230d2\" data-element_type=\"widget\" data-widget_type=\"text-editor.default\">\n\t\t\t\t<div class=\"elementor-widget-container\">\n\t\t\t\t\t\t\t\t<div class=\"elementor-text-editor elementor-clearfix\">\n\t\t\t\t<p><span class=\"NormalTextRun SCXW35320775 BCX0\">Desde <\/span><span class=\"NormalTextRun SCXW35320775 BCX0\">finales de 2021<\/span><span class=\"NormalTextRun SCXW35320775 BCX0\">, la Subsecretar\u00eda de Protecci\u00f3n y Bienestar Animal <\/span><span class=\"NormalTextRun SCXW35320775 BCX0\">empez<\/span><span class=\"NormalTextRun SCXW35320775 BCX0\">\u00f3<\/span><span class=\"NormalTextRun SCXW35320775 BCX0\"> a desarrollar las jornadas de bienestar animal, a trav\u00e9s de las cuales se ofrecen diferentes servicios a los animales de compa\u00f1\u00eda, tales como la implantaci\u00f3n del microchip, vacunaci\u00f3n antirr\u00e1bica (en articulaci\u00f3n con la Secretar\u00eda de Salud), asesor\u00eda m\u00e9dica veterinaria general y por supuesto, educaci\u00f3n en cuidado responsable de animales de compa\u00f1\u00eda<\/span><span class=\"NormalTextRun SCXW35320775 BCX0\">.<\/span><\/p>\t\t\t\t\t<\/div>\n\t\t\t\t\t\t<\/div>\n\t\t\t\t<\/div>\n\t\t\t\t<div class=\"elementor-element elementor-element-c84cd26 elementor-tablet-align-left elementor-mobile-align-center elementor-widget elementor-widget-button\" data-id=\"c84cd26\" data-element_type=\"widget\" data-widget_type=\"button.default\">\n\t\t\t\t<div class=\"elementor-widget-container\">\n\t\t\t\t\t<div class=\"elementor-button-wrapper\">\n\t\t\t<a href=\"https:\/\/www.medellin.gov.co\/es\/secretaria-medio-ambiente\/proteccion-y-bienestar-animal\/educacion-e-investigacion\/educacion-en-cuidado-responsable-de-animales\/\" class=\"elementor-button-link elementor-button elementor-size-sm\" role=\"button\">\n\t\t\t\t\t\t<span class=\"elementor-button-content-wrapper\">\n\t\t\t\t\t\t<span class=\"elementor-button-text\">Conoce m\u00e1s<\/span>\n\t\t<\/span>\n\t\t\t\t\t<\/a>\n\t\t<\/div>\n\t\t\t\t<\/div>\n\t\t\t\t<\/div>\n\t\t\t\t<div class=\"elementor-element elementor-element-fb5e09e elementor-widget elementor-widget-heading\" data-id=\"fb5e09e\" data-element_type=\"widget\" data-widget_type=\"heading.default\">\n\t\t\t\t<div class=\"elementor-widget-container\">\n\t\t\t<h2 class=\"elementor-heading-title elementor-size-default\"><b>Comit\u00e9 interinstitucional<\/b> para la protecci\u00f3n de fauna<\/h2>\t\t<\/div>\n\t\t\t\t<\/div>\n\t\t\t\t<section class=\"elementor-section elementor-inner-section elementor-element elementor-element-a00922f elementor-section-boxed elementor-section-height-default elementor-section-height-default\" data-id=\"a00922f\" data-element_type=\"section\">\n\t\t\t\t\t\t<div class=\"elementor-container elementor-column-gap-default\">\n\t\t\t\t\t\t\t<div class=\"elementor-row\">\n\t\t\t\t\t<div class=\"elementor-column elementor-col-50 elementor-inner-column elementor-element elementor-element-0739beb\" data-id=\"0739beb\" data-element_type=\"column\">\n\t\t\t<div class=\"elementor-column-wrap elementor-element-populated\">\n\t\t\t\t\t\t\t<div class=\"elementor-widget-wrap\">\n\t\t\t\t\t\t<div class=\"elementor-element elementor-element-100b3e9 elementor-widget elementor-widget-text-editor\" data-id=\"100b3e9\" data-element_type=\"widget\" data-widget_type=\"text-editor.default\">\n\t\t\t\t<div class=\"elementor-widget-container\">\n\t\t\t\t\t\t\t\t<div class=\"elementor-text-editor elementor-clearfix\">\n\t\t\t\t<p><span data-contrast=\"auto\">El Comit\u00e9 interinstitucional para la protecci\u00f3n de fauna promueve, formula, implementa y verifica el cumplimiento de proyectos orientados a la protecci\u00f3n de la fauna en el municipio de Medell\u00edn.\u202f<\/span><span data-ccp-props=\"{&quot;134233117&quot;:false,&quot;134233118&quot;:false,&quot;201341983&quot;:0,&quot;335559685&quot;:0,&quot;335559738&quot;:0,&quot;335559739&quot;:0,&quot;335559740&quot;:240}\">\u00a0<\/span><\/p>\t\t\t\t\t<\/div>\n\t\t\t\t\t\t<\/div>\n\t\t\t\t<\/div>\n\t\t\t\t<div class=\"elementor-element elementor-element-f79a795 elementor-tablet-align-left elementor-mobile-align-center elementor-widget elementor-widget-button\" data-id=\"f79a795\" data-element_type=\"widget\" data-widget_type=\"button.default\">\n\t\t\t\t<div class=\"elementor-widget-container\">\n\t\t\t\t\t<div class=\"elementor-button-wrapper\">\n\t\t\t<a href=\"https:\/\/www.medellin.gov.co\/es\/secretaria-medio-ambiente\/proteccion-y-bienestar-animal\/educacion-e-investigacion\/comite-interinstitucional-para-la-proteccion-de-fauna\/\" class=\"elementor-button-link elementor-button elementor-size-sm\" role=\"button\">\n\t\t\t\t\t\t<span class=\"elementor-button-content-wrapper\">\n\t\t\t\t\t\t<span class=\"elementor-button-text\">Conoce m\u00e1s<\/span>\n\t\t<\/span>\n\t\t\t\t\t<\/a>\n\t\t<\/div>\n\t\t\t\t<\/div>\n\t\t\t\t<\/div>\n\t\t\t\t\t\t<\/div>\n\t\t\t\t\t<\/div>\n\t\t<\/div>\n\t\t\t\t<div class=\"elementor-column elementor-col-50 elementor-inner-column elementor-element elementor-element-0731ebb\" data-id=\"0731ebb\" data-element_type=\"column\">\n\t\t\t<div class=\"elementor-column-wrap elementor-element-populated\">\n\t\t\t\t\t\t\t<div class=\"elementor-widget-wrap\">\n\t\t\t\t\t\t<div class=\"elementor-element elementor-element-4760125 elementor-widget elementor-widget-image\" data-id=\"4760125\" data-element_type=\"widget\" data-widget_type=\"image.default\">\n\t\t\t\t<div class=\"elementor-widget-container\">\n\t\t\t\t\t\t\t\t<div class=\"elementor-image\">\n\t\t\t\t\t\t\t\t\t\t\t\t<img width=\"1024\" height=\"684\" src=\"https:\/\/www.medellin.gov.co\/es\/wp-content\/uploads\/2023\/04\/cierre-encuentro-de-ciudades-2-1024x684.jpeg\" class=\"attachment-large size-large\" alt=\"Cierre Encuentro de ciudades por al paz\" loading=\"lazy\" srcset=\"https:\/\/www.medellin.gov.co\/es\/wp-content\/uploads\/2023\/04\/cierre-encuentro-de-ciudades-2-1024x684.jpeg 1024w, https:\/\/www.medellin.gov.co\/es\/wp-content\/uploads\/2023\/04\/cierre-encuentro-de-ciudades-2-300x200.jpeg 300w, https:\/\/www.medellin.gov.co\/es\/wp-content\/uploads\/2023\/04\/cierre-encuentro-de-ciudades-2-150x100.jpeg 150w, https:\/\/www.medellin.gov.co\/es\/wp-content\/uploads\/2023\/04\/cierre-encuentro-de-ciudades-2-768x513.jpeg 768w, https:\/\/www.medellin.gov.co\/es\/wp-content\/uploads\/2023\/04\/cierre-encuentro-de-ciudades-2-1536x1026.jpeg 1536w, https:\/\/www.medellin.gov.co\/es\/wp-content\/uploads\/2023\/04\/cierre-encuentro-de-ciudades-2.jpeg 1600w\" sizes=\"(max-width: 1024px) 100vw, 1024px\" \/>\t\t\t\t\t\t\t\t\t\t\t\t\t\t<\/div>\n\t\t\t\t\t\t<\/div>\n\t\t\t\t<\/div>\n\t\t\t\t\t\t<\/div>\n\t\t\t\t\t<\/div>\n\t\t<\/div>\n\t\t\t\t\t\t\t\t<\/div>\n\t\t\t\t\t<\/div>\n\t\t<\/section>\n\t\t\t\t<div class=\"elementor-element elementor-element-93b3275 elementor-widget elementor-widget-heading\" data-id=\"93b3275\" data-element_type=\"widget\" data-widget_type=\"heading.default\">\n\t\t\t\t<div class=\"elementor-widget-container\">\n\t\t\t<h2 class=\"elementor-heading-title elementor-size-default\"><b>Prevenci\u00f3n del<\/b> maltrato animal<\/h2>\t\t<\/div>\n\t\t\t\t<\/div>\n\t\t\t\t<section class=\"elementor-section elementor-inner-section elementor-element elementor-element-167c677 elementor-section-boxed elementor-section-height-default elementor-section-height-default\" data-id=\"167c677\" data-element_type=\"section\">\n\t\t\t\t\t\t<div class=\"elementor-container elementor-column-gap-default\">\n\t\t\t\t\t\t\t<div class=\"elementor-row\">\n\t\t\t\t\t<div class=\"elementor-column elementor-col-50 elementor-inner-column elementor-element elementor-element-fe85045\" data-id=\"fe85045\" data-element_type=\"column\">\n\t\t\t<div class=\"elementor-column-wrap elementor-element-populated\">\n\t\t\t\t\t\t\t<div class=\"elementor-widget-wrap\">\n\t\t\t\t\t\t<div class=\"elementor-element elementor-element-d2987f7 elementor-widget elementor-widget-text-editor\" data-id=\"d2987f7\" data-element_type=\"widget\" data-widget_type=\"text-editor.default\">\n\t\t\t\t<div class=\"elementor-widget-container\">\n\t\t\t\t\t\t\t\t<div class=\"elementor-text-editor elementor-clearfix\">\n\t\t\t\t<p>El maltrato es un comportamiento socialmente inaceptable que causa dolor, sufrimiento, angustia y\/o la muerte de un animal, ya sea por acci\u00f3n o por omisi\u00f3n.<\/p><p>La jurisprudencia colombiana lo define tambi\u00e9n como el padecimiento, abuso, violencia y trato cruel con los animales.<\/p><p>Ante una situaci\u00f3n de maltrato animal:<\/p><ul><li>Informa a las autoridades<\/li><li>Resguarda elementos de prueba o evidencia f\u00edsica.<\/li><li>\u00a1Solicita la aprehensi\u00f3n preventiva del animal!<\/li><\/ul><p>Encuentra en la siguiente cartilla una gu\u00eda completa que te ayudar\u00e1 a entender mejor la situaci\u00f3n, ante qu\u00e9 entidad debes comunicarte y todos los pasos debes seguir.<\/p>\t\t\t\t\t<\/div>\n\t\t\t\t\t\t<\/div>\n\t\t\t\t<\/div>\n\t\t\t\t\t\t<\/div>\n\t\t\t\t\t<\/div>\n\t\t<\/div>\n\t\t\t\t<div class=\"elementor-column elementor-col-50 elementor-inner-column elementor-element elementor-element-d423a0d\" data-id=\"d423a0d\" data-element_type=\"column\">\n\t\t\t<div class=\"elementor-column-wrap elementor-element-populated\">\n\t\t\t\t\t\t\t<div class=\"elementor-widget-wrap\">\n\t\t\t\t\t\t<div class=\"elementor-element elementor-element-86e1fa5 elementor-widget elementor-widget-image\" data-id=\"86e1fa5\" data-element_type=\"widget\" data-widget_type=\"image.default\">\n\t\t\t\t<div class=\"elementor-widget-container\">\n\t\t\t\t\t\t\t\t<div class=\"elementor-image\">\n\t\t\t\t\t\t\t\t\t\t\t\t<img width=\"1024\" height=\"768\" src=\"https:\/\/www.medellin.gov.co\/es\/wp-content\/uploads\/2022\/08\/animales-especies-mayores-1.jpg\" class=\"attachment-large size-large\" alt=\"Animales de especies mayores\" loading=\"lazy\" srcset=\"https:\/\/www.medellin.gov.co\/es\/wp-content\/uploads\/2022\/08\/animales-especies-mayores-1.jpg 1024w, https:\/\/www.medellin.gov.co\/es\/wp-content\/uploads\/2022\/08\/animales-especies-mayores-1-300x225.jpg 300w, https:\/\/www.medellin.gov.co\/es\/wp-content\/uploads\/2022\/08\/animales-especies-mayores-1-150x113.jpg 150w, https:\/\/www.medellin.gov.co\/es\/wp-content\/uploads\/2022\/08\/animales-especies-mayores-1-768x576.jpg 768w\" sizes=\"(max-width: 1024px) 100vw, 1024px\" \/>\t\t\t\t\t\t\t\t\t\t\t\t\t\t<\/div>\n\t\t\t\t\t\t<\/div>\n\t\t\t\t<\/div>\n\t\t\t\t\t\t<\/div>\n\t\t\t\t\t<\/div>\n\t\t<\/div>\n\t\t\t\t\t\t\t\t<\/div>\n\t\t\t\t\t<\/div>\n\t\t<\/section>\n\t\t\t\t\t\t<\/div>\n\t\t\t\t\t<\/div>\n\t\t<\/div>\n\t\t\t\t\t\t\t\t<\/div>\n\t\t\t\t\t<\/div>\n\t\t<\/section>\n\t\t\t\t\t\t\t\t\t<\/div>\n\t\t\t<\/div>\n\t\t\t\t\t<\/div>\n\t\t","protected":false},"excerpt":{"rendered":"<p>Educaci\u00f3n e investigaci\u00f3n de protecci\u00f3n y bienestar animal En el componente educativo de la Subsecretar\u00eda se abarcan temas como el cuidado responsable de animales de compa\u00f1\u00eda y de especies mayores, as\u00ed como la interacci\u00f3n responsable &#8230;<\/p>\n","protected":false},"author":31,"featured_media":193866,"parent":14208,"menu_order":0,"comment_status":"closed","ping_status":"closed","template":"sec-medio-ambiente\/elementor.php","meta":[],"acf":[],"_links":{"self":[{"href":"https:\/\/www.medellin.gov.co\/es\/wp-json\/wp\/v2\/pages\/201832"}],"collection":[{"href":"https:\/\/www.medellin.gov.co\/es\/wp-json\/wp\/v2\/pages"}],"about":[{"href":"https:\/\/www.medellin.gov.co\/es\/wp-json\/wp\/v2\/types\/page"}],"author":[{"embeddable":true,"href":"https:\/\/www.medellin.gov.co\/es\/wp-json\/wp\/v2\/users\/31"}],"replies":[{"embeddable":true,"href":"https:\/\/www.medellin.gov.co\/es\/wp-json\/wp\/v2\/comments?post=201832"}],"version-history":[{"count":10,"href":"https:\/\/www.medellin.gov.co\/es\/wp-json\/wp\/v2\/pages\/201832\/revisions"}],"predecessor-version":[{"id":203055,"href":"https:\/\/www.medellin.gov.co\/es\/wp-json\/wp\/v2\/pages\/201832\/revisions\/203055"}],"up":[{"embeddable":true,"href":"https:\/\/www.medellin.gov.co\/es\/wp-json\/wp\/v2\/pages\/14208"}],"wp:featuredmedia":[{"embeddable":true,"href":"https:\/\/www.medellin.gov.co\/es\/wp-json\/wp\/v2\/media\/193866"}],"wp:attachment":[{"href":"https:\/\/www.medellin.gov.co\/es\/wp-json\/wp\/v2\/media?parent=201832"}],"curies":[{"name":"wp","href":"https:\/\/api.w.org\/{rel}","templated":true}]}}