{"id":20187,"date":"2021-10-02T14:53:55","date_gmt":"2021-10-02T19:53:55","guid":{"rendered":"https:\/\/www.medellin.gov.co\/es\/?page_id=20187"},"modified":"2022-06-14T15:46:59","modified_gmt":"2022-06-14T20:46:59","slug":"que-es","status":"publish","type":"page","link":"https:\/\/www.medellin.gov.co\/es\/secretaria-de-comunicaciones\/comunicacion-para-la-movilizacion\/que-es\/","title":{"rendered":"\u00bfQu\u00e9 hace el Equipo de Comunicaci\u00f3n para la Movilizaci\u00f3n?"},"content":{"rendered":"\t\t<div data-elementor-type=\"wp-page\" data-elementor-id=\"20187\" class=\"elementor elementor-20187\">\n\t\t\t\t\t\t<div class=\"elementor-inner\">\n\t\t\t\t<div class=\"elementor-section-wrap\">\n\t\t\t\t\t\t\t\t\t<section class=\"elementor-section elementor-top-section elementor-element elementor-element-134ece77 elementor-section-boxed elementor-section-height-default elementor-section-height-default\" data-id=\"134ece77\" data-element_type=\"section\">\n\t\t\t\t\t\t<div class=\"elementor-container elementor-column-gap-default\">\n\t\t\t\t\t\t\t<div class=\"elementor-row\">\n\t\t\t\t\t<div class=\"elementor-column elementor-col-100 elementor-top-column elementor-element elementor-element-31bc113b\" data-id=\"31bc113b\" data-element_type=\"column\">\n\t\t\t<div class=\"elementor-column-wrap elementor-element-populated\">\n\t\t\t\t\t\t\t<div class=\"elementor-widget-wrap\">\n\t\t\t\t\t\t<div class=\"elementor-element elementor-element-2c364474 elementor-widget elementor-widget-heading\" data-id=\"2c364474\" data-element_type=\"widget\" data-widget_type=\"heading.default\">\n\t\t\t\t<div class=\"elementor-widget-container\">\n\t\t\t<h1 class=\"elementor-heading-title elementor-size-default\">\u00bfQu\u00e9 hace el Equipo de Comunicaci\u00f3n para la Movilizaci\u00f3n?<\/h1>\t\t<\/div>\n\t\t\t\t<\/div>\n\t\t\t\t<div class=\"elementor-element elementor-element-5b3353b elementor-widget elementor-widget-text-editor\" data-id=\"5b3353b\" data-element_type=\"widget\" data-widget_type=\"text-editor.default\">\n\t\t\t\t<div class=\"elementor-widget-container\">\n\t\t\t\t\t\t\t\t<div class=\"elementor-text-editor elementor-clearfix\">\n\t\t\t\t<p>El Equipo de Comunicaci\u00f3n para la Movilizaci\u00f3n se encarga de, al interior de la Secretar\u00eda de Comunicaciones, trascender los procesos de informaci\u00f3n y divulgaci\u00f3n, gracias al conocimiento y presencia constante en las diferentes comunas y corregimientos, teniendo la capacidad de conceptualizar, planear y acompa\u00f1ar el desarrollo de acciones que promueven la participaci\u00f3n de los ciudadanos en los programas de las secretar\u00edas, propiciando di\u00e1logos de saberes y concertaciones con criterio de corresponsabilidad y construcci\u00f3n colectiva el territorio.<\/p><p>Su prop\u00f3sito es dinamizar, promover la participaci\u00f3n, formar e incidir en los ciudadanos para que se evidencie una transformaci\u00f3n cultural en la comunidad; buscando empoderar y construir en conjunto con los ciudadanos; mediante elementos propios de la comunicaci\u00f3n, la identificaci\u00f3n, fortalecimiento, articulaci\u00f3n y creaci\u00f3n de redes ciudadanas en los territorios para las acciones de comunicaci\u00f3n.<\/p>\t\t\t\t\t<\/div>\n\t\t\t\t\t\t<\/div>\n\t\t\t\t<\/div>\n\t\t\t\t<div class=\"elementor-element elementor-element-5529ee0 elementor-widget elementor-widget-heading\" data-id=\"5529ee0\" data-element_type=\"widget\" data-widget_type=\"heading.default\">\n\t\t\t\t<div class=\"elementor-widget-container\">\n\t\t\t<h2 class=\"elementor-heading-title elementor-size-default\"><b>Objetivos del Equipo<\/b> de Comunicaci\u00f3n para la Movilizaci\u00f3n<\/h2>\t\t<\/div>\n\t\t\t\t<\/div>\n\t\t\t\t<div class=\"elementor-element elementor-element-865d817 elementor-widget elementor-widget-image\" data-id=\"865d817\" data-element_type=\"widget\" data-widget_type=\"image.default\">\n\t\t\t\t<div class=\"elementor-widget-container\">\n\t\t\t\t\t\t\t\t<div class=\"elementor-image\">\n\t\t\t\t\t\t\t\t\t\t\t\t<img width=\"1024\" height=\"575\" src=\"https:\/\/www.medellin.gov.co\/es\/wp-content\/uploads\/2021\/10\/ninos-pintando.jpg\" class=\"attachment-full size-full\" alt=\"Ni\u00f1os pintando\" loading=\"lazy\" srcset=\"https:\/\/www.medellin.gov.co\/es\/wp-content\/uploads\/2021\/10\/ninos-pintando.jpg 1024w, https:\/\/www.medellin.gov.co\/es\/wp-content\/uploads\/2021\/10\/ninos-pintando-300x168.jpg 300w, https:\/\/www.medellin.gov.co\/es\/wp-content\/uploads\/2021\/10\/ninos-pintando-150x84.jpg 150w, https:\/\/www.medellin.gov.co\/es\/wp-content\/uploads\/2021\/10\/ninos-pintando-768x431.jpg 768w\" sizes=\"(max-width: 1024px) 100vw, 1024px\" \/>\t\t\t\t\t\t\t\t\t\t\t\t\t\t<\/div>\n\t\t\t\t\t\t<\/div>\n\t\t\t\t<\/div>\n\t\t\t\t<div class=\"elementor-element elementor-element-fcece52 elementor-widget elementor-widget-heading\" data-id=\"fcece52\" data-element_type=\"widget\" data-widget_type=\"heading.default\">\n\t\t\t\t<div class=\"elementor-widget-container\">\n\t\t\t<h3 class=\"elementor-heading-title elementor-size-default\">Objetivo general<\/h3>\t\t<\/div>\n\t\t\t\t<\/div>\n\t\t\t\t<div class=\"elementor-element elementor-element-c9e07a4 elementor-widget elementor-widget-text-editor\" data-id=\"c9e07a4\" data-element_type=\"widget\" data-widget_type=\"text-editor.default\">\n\t\t\t\t<div class=\"elementor-widget-container\">\n\t\t\t\t\t\t\t\t<div class=\"elementor-text-editor elementor-clearfix\">\n\t\t\t\t<p>Propiciar nuevas formas de relacionamiento que generen v\u00ednculos de confianza a trav\u00e9s de la identificaci\u00f3n de prop\u00f3sitos comunes que faciliten la apropiaci\u00f3n de programas y proyectos por parte de la comunidad para transformar sus comportamientos, sus actitudes y los valores en sus territorios.<\/p>\t\t\t\t\t<\/div>\n\t\t\t\t\t\t<\/div>\n\t\t\t\t<\/div>\n\t\t\t\t<div class=\"elementor-element elementor-element-bd52129 elementor-widget elementor-widget-heading\" data-id=\"bd52129\" data-element_type=\"widget\" data-widget_type=\"heading.default\">\n\t\t\t\t<div class=\"elementor-widget-container\">\n\t\t\t<h3 class=\"elementor-heading-title elementor-size-default\">Objetivo general<\/h3>\t\t<\/div>\n\t\t\t\t<\/div>\n\t\t\t\t<div class=\"elementor-element elementor-element-c4599c2 elementor-widget elementor-widget-text-editor\" data-id=\"c4599c2\" data-element_type=\"widget\" data-widget_type=\"text-editor.default\">\n\t\t\t\t<div class=\"elementor-widget-container\">\n\t\t\t\t\t\t\t\t<div class=\"elementor-text-editor elementor-clearfix\">\n\t\t\t\t<ul><li>Dise\u00f1ar estrategias de comunicaci\u00f3n en territorio orientadas a promover la vinculaci\u00f3n y movilizaci\u00f3n de los ciudadanos alrededor de los programas, proyectos, servicios y campa\u00f1as institucionales de la Alcald\u00eda de Medell\u00edn.<\/li><li>Dise\u00f1ar y desarrollar estrategias de fortalecimiento y acompa\u00f1amiento para procesos y medios de comunicaci\u00f3n comunitaria, alternativa, independiente y ciudadana.<\/li><li>Acompa\u00f1ar las actividades del programa Planeaci\u00f3n del Desarrollo Local y Presupuesto Participativo.<\/li><li>Participar en la formulaci\u00f3n de los instrumentos que permitan la ejecuci\u00f3n y la evaluaci\u00f3n de la Pol\u00edtica P\u00fablica de Medios Alternativos, Independientes, Comunitarios y Ciudadanos de Medell\u00edn.<\/li><\/ul>\t\t\t\t\t<\/div>\n\t\t\t\t\t\t<\/div>\n\t\t\t\t<\/div>\n\t\t\t\t<div class=\"elementor-element elementor-element-87f1c31 elementor-widget elementor-widget-heading\" data-id=\"87f1c31\" data-element_type=\"widget\" data-widget_type=\"heading.default\">\n\t\t\t\t<div class=\"elementor-widget-container\">\n\t\t\t<h2 class=\"elementor-heading-title elementor-size-default\"><b>Eventos y convocatorias<\/b> de la Secretar\u00eda de Comunicaciones<\/h2>\t\t<\/div>\n\t\t\t\t<\/div>\n\t\t\t\t<div class=\"elementor-element elementor-element-30dd818 elementor-widget elementor-widget-eventos-convocatorias\" data-id=\"30dd818\" data-element_type=\"widget\" data-widget_type=\"eventos-convocatorias.default\">\n\t\t\t\t<div class=\"elementor-widget-container\">\n\t\t\t        <div class=\"eventos_grid_proximos\">\n            <div class=\"centradototal_\">\n                <div class=\"grid_ despliegue_principal\">\n                                                                        <div class=\"grid\">\n                                <div class=\"fotofechita_eventos_\">\n                                    <a href=\"https:\/\/www.medellin.gov.co\/es\/eventos\/feria-de-servicio-interinstitucional-upse-3\/\">\n                                        <img width=\"300\" height=\"200\" src=\"https:\/\/www.medellin.gov.co\/es\/wp-content\/uploads\/2022\/03\/feria-inquilinatos-300x200.jpg\" class=\"attachment-medium size-medium wp-post-image\" alt=\"Feria inquilinatos\" loading=\"lazy\" srcset=\"https:\/\/www.medellin.gov.co\/es\/wp-content\/uploads\/2022\/03\/feria-inquilinatos-300x200.jpg 300w, https:\/\/www.medellin.gov.co\/es\/wp-content\/uploads\/2022\/03\/feria-inquilinatos-150x100.jpg 150w, https:\/\/www.medellin.gov.co\/es\/wp-content\/uploads\/2022\/03\/feria-inquilinatos-768x512.jpg 768w, https:\/\/www.medellin.gov.co\/es\/wp-content\/uploads\/2022\/03\/feria-inquilinatos.jpg 1024w\" sizes=\"(max-width: 300px) 100vw, 300px\" \/>                                    <\/a>\n                                    <span class=\"fechaflota_\">\n                                        <li>Agosto  1, 2022 <\/li>\n                                    <\/span>\n                                <\/div>\n                                <h3 class=\"titul_mod_evt height-80\">\n                                    <a href=\"https:\/\/www.medellin.gov.co\/es\/eventos\/feria-de-servicio-interinstitucional-upse-3\/\">\n                                        Feria de Servicio Interinstitucional UPSE 3                                    <\/a>\n                                <\/h3>\n                                <div class=\"listado_vim height-80\">\n                                    <ul><li><ion-icon name=\"radio-button-on-outline\"><\/ion-icon><a href=\"https:\/\/www.medellin.gov.co\/es\/temas-de-ciudad\/eventos\/\" rel=\"tag\">Eventos<\/a><\/li><li><ion-icon name=\"radio-button-on-outline\"><\/ion-icon><a href=\"https:\/\/www.medellin.gov.co\/es\/temas-de-ciudad\/medellin-te-quiere-saludable\/\" rel=\"tag\">Medell\u00edn te quiere saludable<\/a><\/li><li><ion-icon name=\"radio-button-on-outline\"><\/ion-icon><a href=\"https:\/\/www.medellin.gov.co\/es\/temas-de-ciudad\/movilizacion\/\" rel=\"tag\">Movilizaci\u00f3n<\/a><\/li><li><ion-icon name=\"radio-button-on-outline\"><\/ion-icon><a href=\"https:\/\/www.medellin.gov.co\/es\/temas-de-ciudad\/participacion\/\" rel=\"tag\">Participaci\u00f3n<\/a><\/li><\/ul>                                <\/div>\n                                <div class=\"dato_evento_modulo\">\n                                    <span>\n                                        Inicia: agosto 1, 2022                                         - Finaliza: agosto 31, 2022                                    <\/span>\n                                <\/div>\n                                <div class=\"event-excerpt\">\n                                    <p>\n                                        Espacio para acerca la oferta institucional a la poblaci\u00f3n habitante de calle de las difer\u2026                                    <\/p>\n                                <\/div>\n                                <a href=\"https:\/\/www.medellin.gov.co\/es\/eventos\/feria-de-servicio-interinstitucional-upse-3\/\" class=\"botoneventos_grid\">Conoce m\u00e1s<\/a>\n                            <\/div>\n                                                    <div class=\"grid\">\n                                <div class=\"fotofechita_eventos_\">\n                                    <a href=\"https:\/\/www.medellin.gov.co\/es\/eventos\/feria-de-servicio-interinstitucional-upse-4\/\">\n                                        <img width=\"300\" height=\"200\" src=\"https:\/\/www.medellin.gov.co\/es\/wp-content\/uploads\/2022\/03\/feria-inquilinatos-300x200.jpg\" class=\"attachment-medium size-medium wp-post-image\" alt=\"Feria inquilinatos\" loading=\"lazy\" srcset=\"https:\/\/www.medellin.gov.co\/es\/wp-content\/uploads\/2022\/03\/feria-inquilinatos-300x200.jpg 300w, https:\/\/www.medellin.gov.co\/es\/wp-content\/uploads\/2022\/03\/feria-inquilinatos-150x100.jpg 150w, https:\/\/www.medellin.gov.co\/es\/wp-content\/uploads\/2022\/03\/feria-inquilinatos-768x512.jpg 768w, https:\/\/www.medellin.gov.co\/es\/wp-content\/uploads\/2022\/03\/feria-inquilinatos.jpg 1024w\" sizes=\"(max-width: 300px) 100vw, 300px\" \/>                                    <\/a>\n                                    <span class=\"fechaflota_\">\n                                        <li>Octubre  1, 2022 <\/li>\n                                    <\/span>\n                                <\/div>\n                                <h3 class=\"titul_mod_evt height-80\">\n                                    <a href=\"https:\/\/www.medellin.gov.co\/es\/eventos\/feria-de-servicio-interinstitucional-upse-4\/\">\n                                        Feria de Servicio Interinstitucional UPSE 4                                    <\/a>\n                                <\/h3>\n                                <div class=\"listado_vim height-80\">\n                                    <ul><li><ion-icon name=\"radio-button-on-outline\"><\/ion-icon><a href=\"https:\/\/www.medellin.gov.co\/es\/temas-de-ciudad\/eventos\/\" rel=\"tag\">Eventos<\/a><\/li><li><ion-icon name=\"radio-button-on-outline\"><\/ion-icon><a href=\"https:\/\/www.medellin.gov.co\/es\/temas-de-ciudad\/medellin-te-quiere-saludable\/\" rel=\"tag\">Medell\u00edn te quiere saludable<\/a><\/li><li><ion-icon name=\"radio-button-on-outline\"><\/ion-icon><a href=\"https:\/\/www.medellin.gov.co\/es\/temas-de-ciudad\/movilizacion\/\" rel=\"tag\">Movilizaci\u00f3n<\/a><\/li><li><ion-icon name=\"radio-button-on-outline\"><\/ion-icon><a href=\"https:\/\/www.medellin.gov.co\/es\/temas-de-ciudad\/participacion\/\" rel=\"tag\">Participaci\u00f3n<\/a><\/li><\/ul>                                <\/div>\n                                <div class=\"dato_evento_modulo\">\n                                    <span>\n                                        Inicia: octubre 1, 2022                                         - Finaliza: octubre 31, 2022                                    <\/span>\n                                <\/div>\n                                <div class=\"event-excerpt\">\n                                    <p>\n                                        Espacio para acerca la oferta institucional a la poblaci\u00f3n habitante de calle de las difer\u2026                                    <\/p>\n                                <\/div>\n                                <a href=\"https:\/\/www.medellin.gov.co\/es\/eventos\/feria-de-servicio-interinstitucional-upse-4\/\" class=\"botoneventos_grid\">Conoce m\u00e1s<\/a>\n                            <\/div>\n                                                    <div class=\"grid\">\n                                <div class=\"fotofechita_eventos_\">\n                                    <a href=\"https:\/\/www.medellin.gov.co\/es\/eventos\/dia-mundial-de-toma-de-conciencia-del-abuso-y-maltrato-en-la-vejez\/\">\n                                        <img width=\"300\" height=\"200\" src=\"https:\/\/www.medellin.gov.co\/es\/wp-content\/uploads\/2021\/08\/jovenes-adulto-mayor-300x200.jpg\" class=\"attachment-medium size-medium wp-post-image\" alt=\"J\u00f3venes con adulto mayor\" loading=\"lazy\" srcset=\"https:\/\/www.medellin.gov.co\/es\/wp-content\/uploads\/2021\/08\/jovenes-adulto-mayor-300x200.jpg 300w, https:\/\/www.medellin.gov.co\/es\/wp-content\/uploads\/2021\/08\/jovenes-adulto-mayor-1024x683.jpg 1024w, https:\/\/www.medellin.gov.co\/es\/wp-content\/uploads\/2021\/08\/jovenes-adulto-mayor-150x100.jpg 150w, https:\/\/www.medellin.gov.co\/es\/wp-content\/uploads\/2021\/08\/jovenes-adulto-mayor-768x512.jpg 768w, https:\/\/www.medellin.gov.co\/es\/wp-content\/uploads\/2021\/08\/jovenes-adulto-mayor.jpg 1200w\" sizes=\"(max-width: 300px) 100vw, 300px\" \/>                                    <\/a>\n                                    <span class=\"fechaflota_\">\n                                        <li>Junio 15, 2022 <\/li>\n                                    <\/span>\n                                <\/div>\n                                <h3 class=\"titul_mod_evt height-80\">\n                                    <a href=\"https:\/\/www.medellin.gov.co\/es\/eventos\/dia-mundial-de-toma-de-conciencia-del-abuso-y-maltrato-en-la-vejez\/\">\n                                        D\u00eda Mundial de Toma de Conciencia del Abuso y&hellip;                                    <\/a>\n                                <\/h3>\n                                <div class=\"listado_vim height-80\">\n                                    <ul><li><ion-icon name=\"radio-button-on-outline\"><\/ion-icon><a href=\"https:\/\/www.medellin.gov.co\/es\/temas-de-ciudad\/bienestar\/\" rel=\"tag\">Bienestar<\/a><\/li><li><ion-icon name=\"radio-button-on-outline\"><\/ion-icon><a href=\"https:\/\/www.medellin.gov.co\/es\/temas-de-ciudad\/eventos\/\" rel=\"tag\">Eventos<\/a><\/li><li><ion-icon name=\"radio-button-on-outline\"><\/ion-icon><a href=\"https:\/\/www.medellin.gov.co\/es\/temas-de-ciudad\/medellin-te-quiere-saludable\/\" rel=\"tag\">Medell\u00edn te quiere saludable<\/a><\/li><li><ion-icon name=\"radio-button-on-outline\"><\/ion-icon><a href=\"https:\/\/www.medellin.gov.co\/es\/temas-de-ciudad\/salud\/\" rel=\"tag\">Salud<\/a><\/li><\/ul>                                <\/div>\n                                <div class=\"dato_evento_modulo\">\n                                    <span>\n                                        Inicia: junio 15, 2022                                         - Finaliza: junio 15, 2022                                    <\/span>\n                                <\/div>\n                                <div class=\"event-excerpt\">\n                                    <p>\n                                        En este d\u00eda se realiza un evento de concientizaci\u00f3n sobre el reconocimiento de las person\u2026                                    <\/p>\n                                <\/div>\n                                <a href=\"https:\/\/www.medellin.gov.co\/es\/eventos\/dia-mundial-de-toma-de-conciencia-del-abuso-y-maltrato-en-la-vejez\/\" class=\"botoneventos_grid\">Conoce m\u00e1s<\/a>\n                            <\/div>\n                                                    <div class=\"grid\">\n                                <div class=\"fotofechita_eventos_\">\n                                    <a href=\"https:\/\/www.medellin.gov.co\/es\/eventos\/foro-municipal-adulto-mayor\/\">\n                                        <img width=\"300\" height=\"200\" src=\"https:\/\/www.medellin.gov.co\/es\/wp-content\/uploads\/2022\/03\/adulto-mayor-300x200.jpeg\" class=\"attachment-medium size-medium wp-post-image\" alt=\"Adulto Mayor\" loading=\"lazy\" srcset=\"https:\/\/www.medellin.gov.co\/es\/wp-content\/uploads\/2022\/03\/adulto-mayor-300x200.jpeg 300w, https:\/\/www.medellin.gov.co\/es\/wp-content\/uploads\/2022\/03\/adulto-mayor-1024x682.jpeg 1024w, https:\/\/www.medellin.gov.co\/es\/wp-content\/uploads\/2022\/03\/adulto-mayor-150x100.jpeg 150w, https:\/\/www.medellin.gov.co\/es\/wp-content\/uploads\/2022\/03\/adulto-mayor-768x512.jpeg 768w, https:\/\/www.medellin.gov.co\/es\/wp-content\/uploads\/2022\/03\/adulto-mayor.jpeg 1280w\" sizes=\"(max-width: 300px) 100vw, 300px\" \/>                                    <\/a>\n                                    <span class=\"fechaflota_\">\n                                        <li>Agosto  1, 2022 <\/li>\n                                    <\/span>\n                                <\/div>\n                                <h3 class=\"titul_mod_evt height-80\">\n                                    <a href=\"https:\/\/www.medellin.gov.co\/es\/eventos\/foro-municipal-adulto-mayor\/\">\n                                        Foro Municipal Adulto Mayor                                    <\/a>\n                                <\/h3>\n                                <div class=\"listado_vim height-80\">\n                                    <ul><li><ion-icon name=\"radio-button-on-outline\"><\/ion-icon><a href=\"https:\/\/www.medellin.gov.co\/es\/temas-de-ciudad\/bienestar\/\" rel=\"tag\">Bienestar<\/a><\/li><li><ion-icon name=\"radio-button-on-outline\"><\/ion-icon><a href=\"https:\/\/www.medellin.gov.co\/es\/temas-de-ciudad\/eventos\/\" rel=\"tag\">Eventos<\/a><\/li><li><ion-icon name=\"radio-button-on-outline\"><\/ion-icon><a href=\"https:\/\/www.medellin.gov.co\/es\/temas-de-ciudad\/medellin-te-quiere-saludable\/\" rel=\"tag\">Medell\u00edn te quiere saludable<\/a><\/li><li><ion-icon name=\"radio-button-on-outline\"><\/ion-icon><a href=\"https:\/\/www.medellin.gov.co\/es\/temas-de-ciudad\/salud\/\" rel=\"tag\">Salud<\/a><\/li><\/ul>                                <\/div>\n                                <div class=\"dato_evento_modulo\">\n                                    <span>\n                                        Inicia: agosto 1, 2022                                         - Finaliza: agosto 31, 2022                                    <\/span>\n                                <\/div>\n                                <div class=\"event-excerpt\">\n                                    <p>\n                                        Encuentro acad\u00e9mico que trata temas de envejecimiento y vejez.\u2026                                    <\/p>\n                                <\/div>\n                                <a href=\"https:\/\/www.medellin.gov.co\/es\/eventos\/foro-municipal-adulto-mayor\/\" class=\"botoneventos_grid\">Conoce m\u00e1s<\/a>\n                            <\/div>\n                                                            <\/div>\n            <\/div>\n        <\/div>\n        \t\t<\/div>\n\t\t\t\t<\/div>\n\t\t\t\t\t\t<\/div>\n\t\t\t\t\t<\/div>\n\t\t<\/div>\n\t\t\t\t\t\t\t\t<\/div>\n\t\t\t\t\t<\/div>\n\t\t<\/section>\n\t\t\t\t\t\t\t\t\t<\/div>\n\t\t\t<\/div>\n\t\t\t\t\t<\/div>\n\t\t","protected":false},"excerpt":{"rendered":"<p>\u00bfQu\u00e9 hace el Equipo de Comunicaci\u00f3n para la Movilizaci\u00f3n? El Equipo de Comunicaci\u00f3n para la Movilizaci\u00f3n se encarga de, al interior de la Secretar\u00eda de Comunicaciones, trascender los procesos de informaci\u00f3n y divulgaci\u00f3n, gracias al &#8230;<\/p>\n","protected":false},"author":1,"featured_media":20105,"parent":20180,"menu_order":5,"comment_status":"closed","ping_status":"closed","template":"sec-comunicaciones\/elementor.php","meta":[],"acf":[],"_links":{"self":[{"href":"https:\/\/www.medellin.gov.co\/es\/wp-json\/wp\/v2\/pages\/20187"}],"collection":[{"href":"https:\/\/www.medellin.gov.co\/es\/wp-json\/wp\/v2\/pages"}],"about":[{"href":"https:\/\/www.medellin.gov.co\/es\/wp-json\/wp\/v2\/types\/page"}],"author":[{"embeddable":true,"href":"https:\/\/www.medellin.gov.co\/es\/wp-json\/wp\/v2\/users\/1"}],"replies":[{"embeddable":true,"href":"https:\/\/www.medellin.gov.co\/es\/wp-json\/wp\/v2\/comments?post=20187"}],"version-history":[{"count":16,"href":"https:\/\/www.medellin.gov.co\/es\/wp-json\/wp\/v2\/pages\/20187\/revisions"}],"predecessor-version":[{"id":65666,"href":"https:\/\/www.medellin.gov.co\/es\/wp-json\/wp\/v2\/pages\/20187\/revisions\/65666"}],"up":[{"embeddable":true,"href":"https:\/\/www.medellin.gov.co\/es\/wp-json\/wp\/v2\/pages\/20180"}],"wp:featuredmedia":[{"embeddable":true,"href":"https:\/\/www.medellin.gov.co\/es\/wp-json\/wp\/v2\/media\/20105"}],"wp:attachment":[{"href":"https:\/\/www.medellin.gov.co\/es\/wp-json\/wp\/v2\/media?parent=20187"}],"curies":[{"name":"wp","href":"https:\/\/api.w.org\/{rel}","templated":true}]}}