{"id":20196,"date":"2021-10-02T15:00:44","date_gmt":"2021-10-02T20:00:44","guid":{"rendered":"https:\/\/www.medellin.gov.co\/es\/?page_id=20196"},"modified":"2023-03-06T12:11:07","modified_gmt":"2023-03-06T17:11:07","slug":"presupuesto-participativo","status":"publish","type":"page","link":"https:\/\/www.medellin.gov.co\/es\/secretaria-de-comunicaciones\/presupuesto-participativo\/","title":{"rendered":"Presupuesto participativo de la Secretar\u00eda de Comunicaciones"},"content":{"rendered":"\t\t<div data-elementor-type=\"wp-page\" data-elementor-id=\"20196\" class=\"elementor elementor-20196\">\n\t\t\t\t\t\t<div class=\"elementor-inner\">\n\t\t\t\t<div class=\"elementor-section-wrap\">\n\t\t\t\t\t\t\t\t\t<section class=\"elementor-section elementor-top-section elementor-element elementor-element-ff3c80b elementor-section-boxed elementor-section-height-default elementor-section-height-default\" data-id=\"ff3c80b\" data-element_type=\"section\">\n\t\t\t\t\t\t<div class=\"elementor-container elementor-column-gap-default\">\n\t\t\t\t\t\t\t<div class=\"elementor-row\">\n\t\t\t\t\t<div class=\"elementor-column elementor-col-100 elementor-top-column elementor-element elementor-element-7852165\" data-id=\"7852165\" data-element_type=\"column\">\n\t\t\t<div class=\"elementor-column-wrap elementor-element-populated\">\n\t\t\t\t\t\t\t<div class=\"elementor-widget-wrap\">\n\t\t\t\t\t\t<div class=\"elementor-element elementor-element-e62e68c elementor-widget elementor-widget-heading\" data-id=\"e62e68c\" data-element_type=\"widget\" data-widget_type=\"heading.default\">\n\t\t\t\t<div class=\"elementor-widget-container\">\n\t\t\t<h1 class=\"elementor-heading-title elementor-size-default\">Presupuesto participativo de la Secretar\u00eda de Comunicaciones<\/h1>\t\t<\/div>\n\t\t\t\t<\/div>\n\t\t\t\t<div class=\"elementor-element elementor-element-f787dde elementor-widget elementor-widget-heading\" data-id=\"f787dde\" data-element_type=\"widget\" data-widget_type=\"heading.default\">\n\t\t\t\t<div class=\"elementor-widget-container\">\n\t\t\t<h2 class=\"elementor-heading-title elementor-size-default\"><b>Planeaci\u00f3n Local<\/b> y Presupuesto Participativo<\/h2>\t\t<\/div>\n\t\t\t\t<\/div>\n\t\t\t\t<div class=\"elementor-element elementor-element-94b5e5f elementor-widget elementor-widget-image\" data-id=\"94b5e5f\" data-element_type=\"widget\" data-widget_type=\"image.default\">\n\t\t\t\t<div class=\"elementor-widget-container\">\n\t\t\t\t\t\t\t\t<div class=\"elementor-image\">\n\t\t\t\t\t\t\t\t\t\t\t\t<img width=\"1024\" height=\"472\" src=\"https:\/\/www.medellin.gov.co\/es\/wp-content\/uploads\/2022\/09\/MAICC.jpg\" class=\"attachment-full size-full\" alt=\"Medios y procesos de comunicaci\u00f3n alternativos, independientes, comunitarios y ciudadanos\" loading=\"lazy\" srcset=\"https:\/\/www.medellin.gov.co\/es\/wp-content\/uploads\/2022\/09\/MAICC.jpg 1024w, https:\/\/www.medellin.gov.co\/es\/wp-content\/uploads\/2022\/09\/MAICC-300x138.jpg 300w, https:\/\/www.medellin.gov.co\/es\/wp-content\/uploads\/2022\/09\/MAICC-150x69.jpg 150w, https:\/\/www.medellin.gov.co\/es\/wp-content\/uploads\/2022\/09\/MAICC-768x354.jpg 768w\" sizes=\"(max-width: 1024px) 100vw, 1024px\" \/>\t\t\t\t\t\t\t\t\t\t\t\t\t\t<\/div>\n\t\t\t\t\t\t<\/div>\n\t\t\t\t<\/div>\n\t\t\t\t<div class=\"elementor-element elementor-element-1337503 elementor-widget elementor-widget-text-editor\" data-id=\"1337503\" data-element_type=\"widget\" data-widget_type=\"text-editor.default\">\n\t\t\t\t<div class=\"elementor-widget-container\">\n\t\t\t\t\t\t\t\t<div class=\"elementor-text-editor elementor-clearfix\">\n\t\t\t\t<p>Planeaci\u00f3n Local y Presupuesto Participativo (PLyPP) es un escenario de participaci\u00f3n democr\u00e1tica que le posibilita a la ciudadan\u00eda planear el desarrollo de cada una de las comunas y corregimientos de Medell\u00edn y tener incidencia sobre el presupuesto p\u00fablico (5% del presupuesto de libre inversi\u00f3n del municipio).<\/p><p>La Unidad de Movilizaci\u00f3n para la Comunicaci\u00f3n es la encargada de acompa\u00f1ar desde la Secretar\u00eda de Comunicaciones, en la formulaci\u00f3n y ejecuci\u00f3n de los proyectos que tienen recursos priorizados para los medios comunitarios de los territorios.<\/p><p>Un equipo profesional identifica las necesidades, problemas o tem\u00e1ticas relacionadas con los medios comunitarios en cada comuna, para formular conjuntamente con ellos los proyectos que permitan fortalecerlos y generar valor agregado a la informaci\u00f3n en el territorio.<\/p><p>Para este 2023 se cuentan con cinco comunas donde se ejecutar\u00e1n estos proyectos:<\/p>\t\t\t\t\t<\/div>\n\t\t\t\t\t\t<\/div>\n\t\t\t\t<\/div>\n\t\t\t\t<div class=\"elementor-element elementor-element-344b1cf elementor-widget elementor-widget-pp-faq\" data-id=\"344b1cf\" data-element_type=\"widget\" data-settings=\"{&quot;faq_layout&quot;:&quot;accordion&quot;,&quot;accordion_type&quot;:&quot;accordion&quot;,&quot;toggle_speed&quot;:300}\" data-widget_type=\"pp-faq.default\">\n\t\t\t\t<div class=\"elementor-widget-container\">\n\t\t\t\t\t<div class=\"pp-faqs pp-advanced-accordion pp-toggle-icon-align-left\" id=\"pp-advanced-accordion-344b1cf\" data-accordion-id=\"344b1cf\">\n\t\t\t\t\t\t<div class=\"pp-faq-item-wrap elementor-grid-item\">\n\t\t\t\t<div class=\"pp-faq-item pp-accordion-item\">\n\t\t\t\t\t<div id=\"pp-accordion-tab-title-5481\" class=\"pp-faq-question pp-accordion-tab-title\" tabindex=\"5481\" data-tab=\"1\">\n\t\t\t\t\t\t<div class=\"pp-accordion-title-icon\">\n\t\t\t\t\t\t\t\t\t\t\t\t\t\t\t\t\t\t\t\t\t<h3 class=\"pp-accordion-title-text\">\n\t\t\t\t\t\t\t\tComuna 1 - Popular\t\t\t\t\t\t\t<\/h3>\n\t\t\t\t\t\t<\/div>\n\t\t\t\t\t\t\t\t\t\t\t\t\t<div class=\"pp-accordion-toggle-icon\">\n\t\t\t\t\t\t\t\t\t\t\t\t\t\t\t\t\t<span class='pp-accordion-toggle-icon-close pp-icon'>\n\t\t\t\t\t\t\t\t\t\t<i aria-hidden=\"true\" class=\"fas fa-plus\"><\/i>\t\t\t\t\t\t\t\t\t<\/span>\n\t\t\t\t\t\t\t\t\t\t\t\t\t\t\t\t\t\t\t\t\t\t\t\t\t<span class='pp-accordion-toggle-icon-open pp-icon'>\n\t\t\t\t\t\t\t\t\t\t<i aria-hidden=\"true\" class=\"fas fa-minus\"><\/i>\t\t\t\t\t\t\t\t\t<\/span>\n\t\t\t\t\t\t\t\t\t\t\t\t\t\t\t<\/div>\n\t\t\t\t\t\t\t\t\t\t\t<\/div>\n\n\t\t\t\t\t<div id=\"pp-accordion-tab-content-5481\" class=\"pp-faq-answer pp-accordion-tab-content\" data-tab=\"1\">\n\t\t\t\t\t\t<p><strong>Presupuesto:<\/strong> $ <strong>$<\/strong>799.658.984<br \/><b><\/b><\/p>\n<table>\n<thead>\n<tr>\n<th><b>Actividad<\/b><\/th>\n<th><b>Cantidad<\/b><\/th>\n<\/tr>\n<\/thead>\n<tbody>\n<tr>\n<td>Realizar la producci\u00f3n, impresi\u00f3n y distribuci\u00f3n del peri\u00f3dico comunitario<\/td>\n<td>15<\/td>\n<\/tr>\n<tr>\n<td>Producir y emitir microhistorias audiovisuales<\/td>\n<td>2<\/td>\n<\/tr>\n<tr>\n<td>Producir, imprimir y distribuir boletines<\/td>\n<td>10<\/td>\n<\/tr>\n<tr>\n<td>Investigar, producir y emitir podcast<\/td>\n<td>16<\/td>\n<\/tr>\n<tr>\n<td>\u00a0Investigar, producir y emitir contenidos en p\u00e1ginas web<\/td>\n<td>5<\/td>\n<\/tr>\n<tr>\n<td>Realizar programas de radio en directo<\/td>\n<td>10<\/td>\n<\/tr>\n<tr>\n<td>Realizar cineforos<\/td>\n<td>10<\/td>\n<\/tr>\n<tr>\n<td>Realizar conversatorios informativos\u00a0<\/td>\n<td>21<\/td>\n<\/tr>\n<tr>\n<td>Realizar charlas informativas\u00a0<\/td>\n<td>80<\/td>\n<\/tr>\n<\/tbody>\n<\/table>\n<p>\u00a0<\/p>\n\t\t\t\t\t<\/div>\n\t\t\t\t<\/div>\n\t\t\t<\/div>\n\t\t\t\t\t\t<div class=\"pp-faq-item-wrap elementor-grid-item\">\n\t\t\t\t<div class=\"pp-faq-item pp-accordion-item\">\n\t\t\t\t\t<div id=\"pp-accordion-tab-title-5482\" class=\"pp-faq-question pp-accordion-tab-title\" tabindex=\"5482\" data-tab=\"2\">\n\t\t\t\t\t\t<div class=\"pp-accordion-title-icon\">\n\t\t\t\t\t\t\t\t\t\t\t\t\t\t\t\t\t\t\t\t\t<h3 class=\"pp-accordion-title-text\">\n\t\t\t\t\t\t\t\tComuna 4 - Aranjuez\t\t\t\t\t\t\t<\/h3>\n\t\t\t\t\t\t<\/div>\n\t\t\t\t\t\t\t\t\t\t\t\t\t<div class=\"pp-accordion-toggle-icon\">\n\t\t\t\t\t\t\t\t\t\t\t\t\t\t\t\t\t<span class='pp-accordion-toggle-icon-close pp-icon'>\n\t\t\t\t\t\t\t\t\t\t<i aria-hidden=\"true\" class=\"fas fa-plus\"><\/i>\t\t\t\t\t\t\t\t\t<\/span>\n\t\t\t\t\t\t\t\t\t\t\t\t\t\t\t\t\t\t\t\t\t\t\t\t\t<span class='pp-accordion-toggle-icon-open pp-icon'>\n\t\t\t\t\t\t\t\t\t\t<i aria-hidden=\"true\" class=\"fas fa-minus\"><\/i>\t\t\t\t\t\t\t\t\t<\/span>\n\t\t\t\t\t\t\t\t\t\t\t\t\t\t\t<\/div>\n\t\t\t\t\t\t\t\t\t\t\t<\/div>\n\n\t\t\t\t\t<div id=\"pp-accordion-tab-content-5482\" class=\"pp-faq-answer pp-accordion-tab-content\" data-tab=\"2\">\n\t\t\t\t\t\t<p><strong>Presupuesto:<\/strong> $ <strong>$<\/strong>356.062.990<\/p>\n<table>\n<thead>\n<tr>\n<th><b>Actividad<\/b><\/th>\n<th><b>Cantidad<\/b><\/th>\n<\/tr>\n<\/thead>\n<tbody>\n<tr>\n<td>Realizar la producci\u00f3n, impresi\u00f3n y distribuci\u00f3n del peri\u00f3dico comunitario<\/td>\n<td>5<\/td>\n<\/tr>\n<tr>\n<td>Realizar la producci\u00f3n de contenidos audiovisuales<\/td>\n<td>6<\/td>\n<\/tr>\n<tr>\n<td>Producir y publicar piezas radiof\u00f3nicas digitales<\/td>\n<td>250<\/td>\n<\/tr>\n<tr>\n<td>Producir y emitir contenido digital<\/td>\n<td>25<\/td>\n<\/tr>\n<\/tbody>\n<\/table>\n<p>\u00a0<\/p>\n\t\t\t\t\t<\/div>\n\t\t\t\t<\/div>\n\t\t\t<\/div>\n\t\t\t\t\t\t<div class=\"pp-faq-item-wrap elementor-grid-item\">\n\t\t\t\t<div class=\"pp-faq-item pp-accordion-item\">\n\t\t\t\t\t<div id=\"pp-accordion-tab-title-5483\" class=\"pp-faq-question pp-accordion-tab-title\" tabindex=\"5483\" data-tab=\"3\">\n\t\t\t\t\t\t<div class=\"pp-accordion-title-icon\">\n\t\t\t\t\t\t\t\t\t\t\t\t\t\t\t\t\t\t\t\t\t<h3 class=\"pp-accordion-title-text\">\n\t\t\t\t\t\t\t\tComuna 7 - Robledo\t\t\t\t\t\t\t<\/h3>\n\t\t\t\t\t\t<\/div>\n\t\t\t\t\t\t\t\t\t\t\t\t\t<div class=\"pp-accordion-toggle-icon\">\n\t\t\t\t\t\t\t\t\t\t\t\t\t\t\t\t\t<span class='pp-accordion-toggle-icon-close pp-icon'>\n\t\t\t\t\t\t\t\t\t\t<i aria-hidden=\"true\" class=\"fas fa-plus\"><\/i>\t\t\t\t\t\t\t\t\t<\/span>\n\t\t\t\t\t\t\t\t\t\t\t\t\t\t\t\t\t\t\t\t\t\t\t\t\t<span class='pp-accordion-toggle-icon-open pp-icon'>\n\t\t\t\t\t\t\t\t\t\t<i aria-hidden=\"true\" class=\"fas fa-minus\"><\/i>\t\t\t\t\t\t\t\t\t<\/span>\n\t\t\t\t\t\t\t\t\t\t\t\t\t\t\t<\/div>\n\t\t\t\t\t\t\t\t\t\t\t<\/div>\n\n\t\t\t\t\t<div id=\"pp-accordion-tab-content-5483\" class=\"pp-faq-answer pp-accordion-tab-content\" data-tab=\"3\">\n\t\t\t\t\t\t<p><strong>Presupuesto:<\/strong> $58.504.457<\/p>\n<table>\n<thead>\n<tr>\n<th>Actividad<\/th>\n<th><b>Cantidad<\/b><\/th>\n<\/tr>\n<\/thead>\n<tbody>\n<tr>\n<td>Investigar, producir y emitir contenidos digitales<\/td>\n<td>11<\/td>\n<\/tr>\n<tr>\n<td>Realizar la producci\u00f3n y emisi\u00f3n de podcast<\/td>\n<td>10<\/td>\n<\/tr>\n<\/tbody>\n<\/table>\n\t\t\t\t\t<\/div>\n\t\t\t\t<\/div>\n\t\t\t<\/div>\n\t\t\t\t\t\t<div class=\"pp-faq-item-wrap elementor-grid-item\">\n\t\t\t\t<div class=\"pp-faq-item pp-accordion-item\">\n\t\t\t\t\t<div id=\"pp-accordion-tab-title-5484\" class=\"pp-faq-question pp-accordion-tab-title\" tabindex=\"5484\" data-tab=\"4\">\n\t\t\t\t\t\t<div class=\"pp-accordion-title-icon\">\n\t\t\t\t\t\t\t\t\t\t\t\t\t\t\t\t\t\t\t\t\t<h3 class=\"pp-accordion-title-text\">\n\t\t\t\t\t\t\t\tComuna 8 - Villa Hermosa\t\t\t\t\t\t\t<\/h3>\n\t\t\t\t\t\t<\/div>\n\t\t\t\t\t\t\t\t\t\t\t\t\t<div class=\"pp-accordion-toggle-icon\">\n\t\t\t\t\t\t\t\t\t\t\t\t\t\t\t\t\t<span class='pp-accordion-toggle-icon-close pp-icon'>\n\t\t\t\t\t\t\t\t\t\t<i aria-hidden=\"true\" class=\"fas fa-plus\"><\/i>\t\t\t\t\t\t\t\t\t<\/span>\n\t\t\t\t\t\t\t\t\t\t\t\t\t\t\t\t\t\t\t\t\t\t\t\t\t<span class='pp-accordion-toggle-icon-open pp-icon'>\n\t\t\t\t\t\t\t\t\t\t<i aria-hidden=\"true\" class=\"fas fa-minus\"><\/i>\t\t\t\t\t\t\t\t\t<\/span>\n\t\t\t\t\t\t\t\t\t\t\t\t\t\t\t<\/div>\n\t\t\t\t\t\t\t\t\t\t\t<\/div>\n\n\t\t\t\t\t<div id=\"pp-accordion-tab-content-5484\" class=\"pp-faq-answer pp-accordion-tab-content\" data-tab=\"4\">\n\t\t\t\t\t\t<p><strong>Presupuesto:<\/strong> $ 503.247.361<\/p>\n<table>\n<thead>\n<tr>\n<th>Actividad<\/th>\n<th><b>Cantidad<\/b><\/th>\n<\/tr>\n<\/thead>\n<tbody>\n<tr>\n<td>Producir, dise\u00f1ar, imprimir y distribuir el\u00a0 peri\u00f3dico de la comuna<\/td>\n<td>8<\/td>\n<\/tr>\n<tr>\n<td>Producir, dise\u00f1ar, imprimir y distribuir la revista de la comuna<\/td>\n<td>8<\/td>\n<\/tr>\n<tr>\n<td>Producir, publicar y promocionar contenido digital\u00a0<\/td>\n<td>21<\/td>\n<\/tr>\n<tr>\n<td>Producir y promocionar audiovisuales\u00a0<\/td>\n<td>12<\/td>\n<\/tr>\n<tr>\n<td>Realizar concurso de periodismo<\/td>\n<td>1<\/td>\n<\/tr>\n<tr>\n<td>Realizar feria de comunicaciones<\/td>\n<td>2<\/td>\n<\/tr>\n<\/tbody>\n<\/table>\n<p>\u00a0<\/p>\n\t\t\t\t\t<\/div>\n\t\t\t\t<\/div>\n\t\t\t<\/div>\n\t\t\t\t\t\t<div class=\"pp-faq-item-wrap elementor-grid-item\">\n\t\t\t\t<div class=\"pp-faq-item pp-accordion-item\">\n\t\t\t\t\t<div id=\"pp-accordion-tab-title-5485\" class=\"pp-faq-question pp-accordion-tab-title\" tabindex=\"5485\" data-tab=\"5\">\n\t\t\t\t\t\t<div class=\"pp-accordion-title-icon\">\n\t\t\t\t\t\t\t\t\t\t\t\t\t\t\t\t\t\t\t\t\t<h3 class=\"pp-accordion-title-text\">\n\t\t\t\t\t\t\t\tComuna 9 - Buenos Aires\t\t\t\t\t\t\t<\/h3>\n\t\t\t\t\t\t<\/div>\n\t\t\t\t\t\t\t\t\t\t\t\t\t<div class=\"pp-accordion-toggle-icon\">\n\t\t\t\t\t\t\t\t\t\t\t\t\t\t\t\t\t<span class='pp-accordion-toggle-icon-close pp-icon'>\n\t\t\t\t\t\t\t\t\t\t<i aria-hidden=\"true\" class=\"fas fa-plus\"><\/i>\t\t\t\t\t\t\t\t\t<\/span>\n\t\t\t\t\t\t\t\t\t\t\t\t\t\t\t\t\t\t\t\t\t\t\t\t\t<span class='pp-accordion-toggle-icon-open pp-icon'>\n\t\t\t\t\t\t\t\t\t\t<i aria-hidden=\"true\" class=\"fas fa-minus\"><\/i>\t\t\t\t\t\t\t\t\t<\/span>\n\t\t\t\t\t\t\t\t\t\t\t\t\t\t\t<\/div>\n\t\t\t\t\t\t\t\t\t\t\t<\/div>\n\n\t\t\t\t\t<div id=\"pp-accordion-tab-content-5485\" class=\"pp-faq-answer pp-accordion-tab-content\" data-tab=\"5\">\n\t\t\t\t\t\t<p><strong>Presupuesto:<\/strong> $ <strong>$<\/strong>519.354.519<\/p>\n<table>\n<thead>\n<tr>\n<th>Actividad<\/th>\n<th><b>Cantidad<\/b><\/th>\n<\/tr>\n<\/thead>\n<tbody>\n<tr>\n<td>Producir y difundir paquetes digitales<\/td>\n<td>47<\/td>\n<\/tr>\n<tr>\n<td>Producir, imprimir y distribuir peri\u00f3dicos<\/td>\n<td>8<\/td>\n<\/tr>\n<tr>\n<td>Producir, imprimir y distribuir la revista<\/td>\n<td>4<\/td>\n<\/tr>\n<tr>\n<td>Realizar y difundir audiovisuales<\/td>\n<td>7<\/td>\n<\/tr>\n<tr>\n<td>Producir y difundir documentales<\/td>\n<td>2<\/td>\n<\/tr>\n<tr>\n<td>Producir y difundir contenido radial digital<\/td>\n<td>51<\/td>\n<\/tr>\n<\/tbody>\n<\/table>\n\t\t\t\t\t<\/div>\n\t\t\t\t<\/div>\n\t\t\t<\/div>\n\t\t\t\t\t<\/div>\n\t\t\t\t<\/div>\n\t\t\t\t<\/div>\n\t\t\t\t<div class=\"elementor-element elementor-element-c784fc2 elementor-widget elementor-widget-heading\" data-id=\"c784fc2\" data-element_type=\"widget\" data-widget_type=\"heading.default\">\n\t\t\t\t<div class=\"elementor-widget-container\">\n\t\t\t<h2 class=\"elementor-heading-title elementor-size-default\"><b>  Informe de propuestas inscritas<\/b> y verificaci\u00f3n de documentos <\/h2>\t\t<\/div>\n\t\t\t\t<\/div>\n\t\t\t\t<div class=\"elementor-element elementor-element-6073631 elementor-widget elementor-widget-text-editor\" data-id=\"6073631\" data-element_type=\"widget\" data-widget_type=\"text-editor.default\">\n\t\t\t\t<div class=\"elementor-widget-container\">\n\t\t\t\t\t\t\t\t<div class=\"elementor-text-editor elementor-clearfix\">\n\t\t\t\t<p>\u2022 Acorde con el cronograma de la Convocatoria de est\u00edmulos para procesos y medios alternativos, independientes, comunitarios y ciudadanos (MAICC) de la comuna 15 \u2013 Guayabal, a continuaci\u00f3n se presenta el <a href=\"https:\/\/www.medellin.gov.co\/es\/wp-content\/uploads\/2022\/10\/INFORME-DE-PROPUESTAS-INSCRITAS-Y-MAICC-QUE-DEBEN-SUBSANAR-DOCUMENTOS-ADMINISTRATIVOS-DE-LOS-ESTIi\u0300MULOS-COMUNA-15.pdf\" target=\"_blank\" rel=\"noopener\">resultado del proceso de revisi\u00f3n y verificaci\u00f3n de requisitos de participaci\u00f3n<\/a>.<\/p><p>\u2022 28.10.2022. <a href=\"https:\/\/www.medellin.gov.co\/es\/wp-content\/uploads\/2022\/09\/4-INFORME-EVALUACIO\u0301N-PROPUESTAS.pdf\" target=\"_blank\" rel=\"noopener\">Resultados de evaluaci\u00f3n de propuestas presentadas a la convocatoria de est\u00edmulos Comuna 15<\/a>.<\/p><p>\u2022 14.10.2022. <a href=\"https:\/\/www.medellin.gov.co\/es\/wp-content\/uploads\/2022\/10\/3-INFORME-PROPUESTAS-JURADOS.pdf\" target=\"_blank\" rel=\"noopener\">Informe de propuestas que contin\u00faan a evaluaci\u00f3n del jurado de la convocatoria de est\u00edmulos con recursos de Presupuesto Participativo de la Comuna 15, Guayabal.<\/a><\/p>\t\t\t\t\t<\/div>\n\t\t\t\t\t\t<\/div>\n\t\t\t\t<\/div>\n\t\t\t\t<div class=\"elementor-element elementor-element-2f78222 elementor-widget elementor-widget-heading\" data-id=\"2f78222\" data-element_type=\"widget\" data-widget_type=\"heading.default\">\n\t\t\t\t<div class=\"elementor-widget-container\">\n\t\t\t<h2 class=\"elementor-heading-title elementor-size-default\"><b>Convocatoria de est\u00edmulos<\/b>  para procesos y medios alternativos, independientes, comunitarios y ciudadanos (Maicc) de la comuna 15 \u2013 Guayabal\n\nDescarga aqu\u00ed el documento<\/h2>\t\t<\/div>\n\t\t\t\t<\/div>\n\t\t\t\t<section class=\"elementor-section elementor-inner-section elementor-element elementor-element-adf1e1d elementor-section-boxed elementor-section-height-default elementor-section-height-default\" data-id=\"adf1e1d\" data-element_type=\"section\">\n\t\t\t\t\t\t<div class=\"elementor-container elementor-column-gap-default\">\n\t\t\t\t\t\t\t<div class=\"elementor-row\">\n\t\t\t\t\t<div class=\"elementor-column elementor-col-50 elementor-inner-column elementor-element elementor-element-198d6c4\" data-id=\"198d6c4\" data-element_type=\"column\">\n\t\t\t<div class=\"elementor-column-wrap elementor-element-populated\">\n\t\t\t\t\t\t\t<div class=\"elementor-widget-wrap\">\n\t\t\t\t\t\t<div class=\"elementor-element elementor-element-98ae245 elementor-widget elementor-widget-image\" data-id=\"98ae245\" data-element_type=\"widget\" data-widget_type=\"image.default\">\n\t\t\t\t<div class=\"elementor-widget-container\">\n\t\t\t\t\t\t\t\t<div class=\"elementor-image\">\n\t\t\t\t\t\t\t\t\t\t\t\t<img width=\"1024\" height=\"684\" src=\"https:\/\/www.medellin.gov.co\/es\/wp-content\/uploads\/2022\/09\/jovenes-presupuesto-participativo-2.jpg\" class=\"attachment-large size-large\" alt=\"J\u00f3venes Presupuesto Participativo\" loading=\"lazy\" srcset=\"https:\/\/www.medellin.gov.co\/es\/wp-content\/uploads\/2022\/09\/jovenes-presupuesto-participativo-2.jpg 1024w, https:\/\/www.medellin.gov.co\/es\/wp-content\/uploads\/2022\/09\/jovenes-presupuesto-participativo-2-300x200.jpg 300w, https:\/\/www.medellin.gov.co\/es\/wp-content\/uploads\/2022\/09\/jovenes-presupuesto-participativo-2-150x100.jpg 150w, https:\/\/www.medellin.gov.co\/es\/wp-content\/uploads\/2022\/09\/jovenes-presupuesto-participativo-2-768x513.jpg 768w\" sizes=\"(max-width: 1024px) 100vw, 1024px\" \/>\t\t\t\t\t\t\t\t\t\t\t\t\t\t<\/div>\n\t\t\t\t\t\t<\/div>\n\t\t\t\t<\/div>\n\t\t\t\t\t\t<\/div>\n\t\t\t\t\t<\/div>\n\t\t<\/div>\n\t\t\t\t<div class=\"elementor-column elementor-col-50 elementor-inner-column elementor-element elementor-element-d4fe60c\" data-id=\"d4fe60c\" data-element_type=\"column\">\n\t\t\t<div class=\"elementor-column-wrap elementor-element-populated\">\n\t\t\t\t\t\t\t<div class=\"elementor-widget-wrap\">\n\t\t\t\t\t\t<div class=\"elementor-element elementor-element-8fb5d5f elementor-widget elementor-widget-text-editor\" data-id=\"8fb5d5f\" data-element_type=\"widget\" data-widget_type=\"text-editor.default\">\n\t\t\t\t<div class=\"elementor-widget-container\">\n\t\t\t\t\t\t\t\t<div class=\"elementor-text-editor elementor-clearfix\">\n\t\t\t\t<p>Pueden participar procesos o MAICC de la comuna 15 \u2013 Guayabal, con la experiencia, capacidad administrativa y t\u00e9cnica necesarias para desarrollar las actividades descritas en cada est\u00edmulo. Se pueden presentar como persona natural o como persona jur\u00eddica.<\/p>\t\t\t\t\t<\/div>\n\t\t\t\t\t\t<\/div>\n\t\t\t\t<\/div>\n\t\t\t\t<div class=\"elementor-element elementor-element-d6eb946 elementor-tablet-align-left elementor-mobile-align-center elementor-widget elementor-widget-button\" data-id=\"d6eb946\" data-element_type=\"widget\" data-widget_type=\"button.default\">\n\t\t\t\t<div class=\"elementor-widget-container\">\n\t\t\t\t\t<div class=\"elementor-button-wrapper\">\n\t\t\t<a href=\"https:\/\/www.medellin.gov.co\/es\/secretaria-de-comunicaciones\/presupuesto-participativo\/convocatoria-de-estimulos-para-procesos-y-medios-alternativos-independientes-comunitarios-y-ciudadanos-maicc-de-la-comuna-15-guayabal\/\" target=\"_blank\" class=\"elementor-button-link elementor-button elementor-size-sm\" role=\"button\">\n\t\t\t\t\t\t<span class=\"elementor-button-content-wrapper\">\n\t\t\t\t\t\t<span class=\"elementor-button-text\">Conoce m\u00e1s de la convocatoria<\/span>\n\t\t<\/span>\n\t\t\t\t\t<\/a>\n\t\t<\/div>\n\t\t\t\t<\/div>\n\t\t\t\t<\/div>\n\t\t\t\t\t\t<\/div>\n\t\t\t\t\t<\/div>\n\t\t<\/div>\n\t\t\t\t\t\t\t\t<\/div>\n\t\t\t\t\t<\/div>\n\t\t<\/section>\n\t\t\t\t\t\t<\/div>\n\t\t\t\t\t<\/div>\n\t\t<\/div>\n\t\t\t\t\t\t\t\t<\/div>\n\t\t\t\t\t<\/div>\n\t\t<\/section>\n\t\t\t\t\t\t\t\t\t<\/div>\n\t\t\t<\/div>\n\t\t\t\t\t<\/div>\n\t\t","protected":false},"excerpt":{"rendered":"<p>Presupuesto participativo de la Secretar\u00eda de Comunicaciones Planeaci\u00f3n Local y Presupuesto Participativo Planeaci\u00f3n Local y Presupuesto Participativo (PLyPP) es un escenario de participaci\u00f3n democr\u00e1tica que le posibilita a la ciudadan\u00eda planear el desarrollo de cada &#8230;<\/p>\n","protected":false},"author":1,"featured_media":20105,"parent":20158,"menu_order":25,"comment_status":"closed","ping_status":"closed","template":"sec-comunicaciones\/elementor.php","meta":[],"acf":[],"_links":{"self":[{"href":"https:\/\/www.medellin.gov.co\/es\/wp-json\/wp\/v2\/pages\/20196"}],"collection":[{"href":"https:\/\/www.medellin.gov.co\/es\/wp-json\/wp\/v2\/pages"}],"about":[{"href":"https:\/\/www.medellin.gov.co\/es\/wp-json\/wp\/v2\/types\/page"}],"author":[{"embeddable":true,"href":"https:\/\/www.medellin.gov.co\/es\/wp-json\/wp\/v2\/users\/1"}],"replies":[{"embeddable":true,"href":"https:\/\/www.medellin.gov.co\/es\/wp-json\/wp\/v2\/comments?post=20196"}],"version-history":[{"count":10,"href":"https:\/\/www.medellin.gov.co\/es\/wp-json\/wp\/v2\/pages\/20196\/revisions"}],"predecessor-version":[{"id":164604,"href":"https:\/\/www.medellin.gov.co\/es\/wp-json\/wp\/v2\/pages\/20196\/revisions\/164604"}],"up":[{"embeddable":true,"href":"https:\/\/www.medellin.gov.co\/es\/wp-json\/wp\/v2\/pages\/20158"}],"wp:featuredmedia":[{"embeddable":true,"href":"https:\/\/www.medellin.gov.co\/es\/wp-json\/wp\/v2\/media\/20105"}],"wp:attachment":[{"href":"https:\/\/www.medellin.gov.co\/es\/wp-json\/wp\/v2\/media?parent=20196"}],"curies":[{"name":"wp","href":"https:\/\/api.w.org\/{rel}","templated":true}]}}