{"id":20204,"date":"2021-10-02T16:06:01","date_gmt":"2021-10-02T21:06:01","guid":{"rendered":"https:\/\/www.medellin.gov.co\/es\/?page_id=20204"},"modified":"2026-03-27T10:43:17","modified_gmt":"2026-03-27T15:43:17","slug":"subsecretaria-de-evaluacion-y-seguimiento","status":"publish","type":"page","link":"https:\/\/www.medellin.gov.co\/es\/secretaria-de-evaluacion-y-control\/subsecretaria-de-evaluacion-y-seguimiento\/","title":{"rendered":"Subsecretar\u00eda de Evaluaci\u00f3n y Seguimiento"},"content":{"rendered":"\t\t<div data-elementor-type=\"wp-page\" data-elementor-id=\"20204\" class=\"elementor elementor-20204\">\n\t\t\t\t\t\t<div class=\"elementor-inner\">\n\t\t\t\t<div class=\"elementor-section-wrap\">\n\t\t\t\t\t\t\t<div class=\"elementor-element elementor-element-45681f7 e-container--column e-container\" data-id=\"45681f7\" data-element_type=\"container\">\t\t\t\t<div class=\"elementor-element elementor-element-b596f62 elementor-widget elementor-widget-image\" data-id=\"b596f62\" data-element_type=\"widget\" data-widget_type=\"image.default\">\n\t\t\t\t<div class=\"elementor-widget-container\">\n\t\t\t\t\t\t\t\t<div class=\"elementor-image\">\n\t\t\t\t\t\t\t\t\t\t\t\t<img width=\"1280\" height=\"394\" src=\"https:\/\/www.medellin.gov.co\/es\/wp-content\/uploads\/2026\/03\/Daniela-Mesa-1.jpg\" class=\"attachment-full size-full\" alt=\"\" loading=\"lazy\" srcset=\"https:\/\/www.medellin.gov.co\/es\/wp-content\/uploads\/2026\/03\/Daniela-Mesa-1.jpg 1280w, https:\/\/www.medellin.gov.co\/es\/wp-content\/uploads\/2026\/03\/Daniela-Mesa-1-300x92.jpg 300w, https:\/\/www.medellin.gov.co\/es\/wp-content\/uploads\/2026\/03\/Daniela-Mesa-1-1024x315.jpg 1024w, https:\/\/www.medellin.gov.co\/es\/wp-content\/uploads\/2026\/03\/Daniela-Mesa-1-150x46.jpg 150w, https:\/\/www.medellin.gov.co\/es\/wp-content\/uploads\/2026\/03\/Daniela-Mesa-1-768x236.jpg 768w\" sizes=\"(max-width: 1280px) 100vw, 1280px\" \/>\t\t\t\t\t\t\t\t\t\t\t\t\t\t<\/div>\n\t\t\t\t\t\t<\/div>\n\t\t\t\t<\/div>\n\t\t\t\t<div class=\"elementor-element elementor-element-bb24f81 elementor-widget elementor-widget-spacer\" data-id=\"bb24f81\" data-element_type=\"widget\" data-widget_type=\"spacer.default\">\n\t\t\t\t<div class=\"elementor-widget-container\">\n\t\t\t\t\t<div class=\"elementor-spacer\">\n\t\t\t<div class=\"elementor-spacer-inner\"><\/div>\n\t\t<\/div>\n\t\t\t\t<\/div>\n\t\t\t\t<\/div>\n\t\t<\/div><div class=\"elementor-element elementor-element-07e71fd e-container--column e-container\" data-id=\"07e71fd\" data-element_type=\"container\">\t\t\t\t<div class=\"elementor-element elementor-element-f3ba5ff elementor-widget elementor-widget-heading\" data-id=\"f3ba5ff\" data-element_type=\"widget\" data-widget_type=\"heading.default\">\n\t\t\t\t<div class=\"elementor-widget-container\">\n\t\t\t<h3 class=\"elementor-heading-title elementor-size-default\"><b>\u00bfQu\u00e9 hace la Subsecretar\u00eda<\/b> de Evaluaci\u00f3n y Seguimiento?<\/h3>\t\t<\/div>\n\t\t\t\t<\/div>\n\t\t\t\t<div class=\"elementor-element elementor-element-8e0191d elementor-widget elementor-widget-spacer\" data-id=\"8e0191d\" data-element_type=\"widget\" data-widget_type=\"spacer.default\">\n\t\t\t\t<div class=\"elementor-widget-container\">\n\t\t\t\t\t<div class=\"elementor-spacer\">\n\t\t\t<div class=\"elementor-spacer-inner\"><\/div>\n\t\t<\/div>\n\t\t\t\t<\/div>\n\t\t\t\t<\/div>\n\t\t<\/div><div class=\"elementor-element elementor-element-f23f8d4 e-container--column e-container\" data-id=\"f23f8d4\" data-element_type=\"container\">\t\t\t\t<div class=\"elementor-element elementor-element-2409eeb elementor-widget elementor-widget-text-editor\" data-id=\"2409eeb\" data-element_type=\"widget\" data-widget_type=\"text-editor.default\">\n\t\t\t\t<div class=\"elementor-widget-container\">\n\t\t\t\t\t\t\t\t<div class=\"elementor-text-editor elementor-clearfix\">\n\t\t\t\t<p>El objetivo de la Subsecretar\u00eda de Evaluaci\u00f3n y Seguimiento es planificar y ejecutar la evaluaci\u00f3n objetiva de evidencias con el prop\u00f3sito de proveer una evaluaci\u00f3n independiente a los procesos de gobierno, gesti\u00f3n de riesgos y control de la entidad, a trav\u00e9s de dos equipos de trabajo basados en riesgos y auditor\u00edas reglamentarias.<\/p>\t\t\t\t\t<\/div>\n\t\t\t\t\t\t<\/div>\n\t\t\t\t<\/div>\n\t\t<\/div><div class=\"elementor-element elementor-element-1492a12 e-container--column e-container\" data-id=\"1492a12\" data-element_type=\"container\">\t\t\t\t<div class=\"elementor-element elementor-element-b2db6c6 elementor-widget elementor-widget-spacer\" data-id=\"b2db6c6\" data-element_type=\"widget\" data-widget_type=\"spacer.default\">\n\t\t\t\t<div class=\"elementor-widget-container\">\n\t\t\t\t\t<div class=\"elementor-spacer\">\n\t\t\t<div class=\"elementor-spacer-inner\"><\/div>\n\t\t<\/div>\n\t\t\t\t<\/div>\n\t\t\t\t<\/div>\n\t\t\t\t<div class=\"elementor-element elementor-element-3d682a6 elementor-widget elementor-widget-heading\" data-id=\"3d682a6\" data-element_type=\"widget\" data-widget_type=\"heading.default\">\n\t\t\t\t<div class=\"elementor-widget-container\">\n\t\t\t<h2 class=\"elementor-heading-title elementor-size-default\"><b>Funciones de la Subsecretar\u00eda<\/b>  de Evaluaci\u00f3n y Seguimiento<\/h2>\t\t<\/div>\n\t\t\t\t<\/div>\n\t\t<\/div><div class=\"elementor-element elementor-element-254229a e-container--column e-container\" data-id=\"254229a\" data-element_type=\"container\">\t\t<div class=\"elementor-element elementor-element-1e5378d e-container--column e-container\" data-id=\"1e5378d\" data-element_type=\"container\">\t\t<div class=\"elementor-element elementor-element-36c03cf e-container--row e-container\" data-id=\"36c03cf\" data-element_type=\"container\">\t\t<div class=\"elementor-element elementor-element-a1232d1 e-container--column e-container\" data-id=\"a1232d1\" data-element_type=\"container\">\t\t\t\t<div class=\"elementor-element elementor-element-c5dcb0a elementor-widget elementor-widget-spacer\" data-id=\"c5dcb0a\" data-element_type=\"widget\" data-widget_type=\"spacer.default\">\n\t\t\t\t<div class=\"elementor-widget-container\">\n\t\t\t\t\t<div class=\"elementor-spacer\">\n\t\t\t<div class=\"elementor-spacer-inner\"><\/div>\n\t\t<\/div>\n\t\t\t\t<\/div>\n\t\t\t\t<\/div>\n\t\t\t\t<div class=\"elementor-element elementor-element-50ad106 elementor-widget elementor-widget-text-editor\" data-id=\"50ad106\" data-element_type=\"widget\" data-widget_type=\"text-editor.default\">\n\t\t\t\t<div class=\"elementor-widget-container\">\n\t\t\t\t\t\t\t\t<div class=\"elementor-text-editor elementor-clearfix\">\n\t\t\t\t<p><strong>1.<\/strong> Formular y ejecutar el Plan Anual de Auditor\u00edas Internas Basadas en Riesgos, de Cumplimiento y Especiales, de acuerdo con las t\u00e9cnicas y procedimientos establecidos.<\/p><p><strong>2. <span style=\"color: #003366\">Ejecutar y realizar las auditor\u00edas internas independientes al Sistema de Control Interno.<\/span><\/strong><\/p><p><strong>3.<\/strong> Dirigir y ejecutar las evaluaciones independientes a la gesti\u00f3n por dependencias para determinar su eficiencia, efectividad e impacto.<\/p><p><strong>4. <span style=\"color: #003366\">Realizar la evaluaci\u00f3n independiente al sistema integral de gesti\u00f3n, conforme al modelo de operaci\u00f3n por procesos, la estructura que los soporta y la competencia de cada dependencia, con el fin de establecer su eficacia, efectividad y eficiencia.<\/span><\/strong><\/p><p><strong>5.<\/strong> Realizar el seguimiento a los procesos de contrataci\u00f3n y la legalidad de los actos administrativos, en cuanto al desarrollo y cumplimiento de las correcciones de las debilidades encontradas.<\/p><p><strong>6.<\/strong> <span style=\"color: #003366\"><strong>Realizar seguimiento y evaluaci\u00f3n a los procesos de provisi\u00f3n de empleos.<\/strong><\/span><\/p><p><strong>7.<\/strong> Evaluar y verificar la gesti\u00f3n de las pol\u00edticas y acciones en materia de administraci\u00f3n y control de riesgos institucionales, con el fin de establecer su efectividad.<\/p><p><strong>8. <span style=\"color: #003366\">Desarrollar las actividades necesarias que mejoren la calidad de las auditor\u00edas internas y las asesor\u00edas.<\/span><\/strong><\/p>\t\t\t\t\t<\/div>\n\t\t\t\t\t\t<\/div>\n\t\t\t\t<\/div>\n\t\t<\/div><div class=\"elementor-element elementor-element-2584456 e-container--column e-container\" data-id=\"2584456\" data-element_type=\"container\">\t\t\t\t<div class=\"elementor-element elementor-element-321e528 elementor-widget elementor-widget-spacer\" data-id=\"321e528\" data-element_type=\"widget\" data-widget_type=\"spacer.default\">\n\t\t\t\t<div class=\"elementor-widget-container\">\n\t\t\t\t\t<div class=\"elementor-spacer\">\n\t\t\t<div class=\"elementor-spacer-inner\"><\/div>\n\t\t<\/div>\n\t\t\t\t<\/div>\n\t\t\t\t<\/div>\n\t\t\t\t<div class=\"elementor-element elementor-element-e462cfe elementor-widget elementor-widget-text-editor\" data-id=\"e462cfe\" data-element_type=\"widget\" data-widget_type=\"text-editor.default\">\n\t\t\t\t<div class=\"elementor-widget-container\">\n\t\t\t\t\t\t\t\t<div class=\"elementor-text-editor elementor-clearfix\">\n\t\t\t\t<p><strong>9. <span style=\"color: #003366\">Presentar informes del estado del Sistema de Control Interno a la Alta Direcci\u00f3n para la toma de decisiones.<\/span><\/strong><\/p><p><strong>10.<\/strong> Realizar seguimiento y evaluaci\u00f3n a los procesos de compras, liderados por la Secretar\u00eda de Suministros y Servicios.<\/p><p><strong>11.<span style=\"color: #003366\"> Realizar seguimiento a los planes de mejoramiento de los entes de control y de la evaluaci\u00f3n independiente.<\/span><\/strong><\/p><p><strong>12. <\/strong>Implementar y ejecutar las pol\u00edticas y directrices que orienten los procesos de apoyo.<\/p><p><strong>13. <span style=\"color: #003366\">Implementar y ejecutar las pol\u00edticas y directrices que establezca la Secretar\u00eda de Gesti\u00f3n Humana y Servicio a la Ciudadan\u00eda, en materia de gesti\u00f3n de tr\u00e1mites, procedimientos administrativos, peticiones, quejas, reclamos y sugerencias.<\/span><\/strong><\/p><p><strong>14.<\/strong> Implementar y ejecutar las pol\u00edticas y directrices que orienten el Plan de Ordenamiento Territorial en el marco de sus funciones.<\/p><p><strong>15. <span style=\"color: #003366\">Implementar, mantener y mejorar el Sistema Integral de Gesti\u00f3n para los procesos que dirige o participa, de acuerdo con las directrices definidas por la entidad.<\/span><\/strong><\/p>\t\t\t\t\t<\/div>\n\t\t\t\t\t\t<\/div>\n\t\t\t\t<\/div>\n\t\t<\/div><\/div><\/div><\/div>\t\t<section class=\"elementor-section elementor-top-section elementor-element elementor-element-42305361 elementor-section-boxed elementor-section-height-default elementor-section-height-default\" data-id=\"42305361\" data-element_type=\"section\">\n\t\t\t\t\t\t<div class=\"elementor-container elementor-column-gap-default\">\n\t\t\t\t\t\t\t<div class=\"elementor-row\">\n\t\t\t\t\t<div class=\"elementor-column elementor-col-100 elementor-top-column elementor-element elementor-element-6457b511\" data-id=\"6457b511\" data-element_type=\"column\">\n\t\t\t<div class=\"elementor-column-wrap elementor-element-populated\">\n\t\t\t\t\t\t\t<div class=\"elementor-widget-wrap\">\n\t\t\t\t\t\t<div class=\"elementor-element elementor-element-91ada28 elementor-widget-divider--view-line elementor-widget elementor-widget-divider\" data-id=\"91ada28\" data-element_type=\"widget\" data-widget_type=\"divider.default\">\n\t\t\t\t<div class=\"elementor-widget-container\">\n\t\t\t\t\t<div class=\"elementor-divider\">\n\t\t\t<span class=\"elementor-divider-separator\">\n\t\t\t\t\t\t<\/span>\n\t\t<\/div>\n\t\t\t\t<\/div>\n\t\t\t\t<\/div>\n\t\t\t\t<div class=\"elementor-element elementor-element-e041d37 elementor-widget elementor-widget-spacer\" data-id=\"e041d37\" data-element_type=\"widget\" data-widget_type=\"spacer.default\">\n\t\t\t\t<div class=\"elementor-widget-container\">\n\t\t\t\t\t<div class=\"elementor-spacer\">\n\t\t\t<div class=\"elementor-spacer-inner\"><\/div>\n\t\t<\/div>\n\t\t\t\t<\/div>\n\t\t\t\t<\/div>\n\t\t\t\t<div class=\"elementor-element elementor-element-ac42f86 elementor-widget elementor-widget-heading\" data-id=\"ac42f86\" data-element_type=\"widget\" data-widget_type=\"heading.default\">\n\t\t\t\t<div class=\"elementor-widget-container\">\n\t\t\t<h2 class=\"elementor-heading-title elementor-size-default\"><b>Tipos de auditor\u00eda<\/b><\/h2>\t\t<\/div>\n\t\t\t\t<\/div>\n\t\t\t\t<div class=\"elementor-element elementor-element-ff41e88 elementor-widget elementor-widget-text-editor\" data-id=\"ff41e88\" data-element_type=\"widget\" data-widget_type=\"text-editor.default\">\n\t\t\t\t<div class=\"elementor-widget-container\">\n\t\t\t\t\t\t\t\t<div class=\"elementor-text-editor elementor-clearfix\">\n\t\t\t\t<p>La Subsecretar\u00eda de Evaluaci\u00f3n y Seguimiento realiza dos tipos de auditor\u00edas en el desarrollo de sus funciones, las cuales son:<\/p>\t\t\t\t\t<\/div>\n\t\t\t\t\t\t<\/div>\n\t\t\t\t<\/div>\n\t\t\t\t\t\t<\/div>\n\t\t\t\t\t<\/div>\n\t\t<\/div>\n\t\t\t\t\t\t\t\t<\/div>\n\t\t\t\t\t<\/div>\n\t\t<\/section>\n\t\t<div class=\"elementor-element elementor-element-2da3b2a e-container--column e-container\" data-id=\"2da3b2a\" data-element_type=\"container\">\t\t\t\t<div class=\"elementor-element elementor-element-09ad14e elementor-widget elementor-widget-html\" data-id=\"09ad14e\" data-element_type=\"widget\" data-widget_type=\"html.default\">\n\t\t\t\t<div class=\"elementor-widget-container\">\n\t\t\t<div class=\"container-wrapper-genially\" style=\"position: relative; min-height: 400px; max-width: 100%;\"><video class=\"loader-genially\" autoplay=\"autoplay\" loop=\"loop\" playsinline=\"playsInline\" muted=\"muted\" style=\"position: absolute;top: 45%;left: 50%;transform: translate(-50%, -50%);width: 80px;height: 80px;margin-bottom: 10%\"><source src=\"https:\/\/static.genially.com\/resources\/loader-default-rebranding.mp4\" type=\"video\/mp4\" \/>Your browser does not support the video tag.<\/video><div id=\"68a21e2bb53d5ff533202e70\" class=\"genially-embed\" style=\"margin: 0px auto; position: relative; height: auto; width: 100%;\"><\/div><\/div><script>(function (d) { var js, id = \"genially-embed-js\", ref = d.getElementsByTagName(\"script\")[0]; if (d.getElementById(id)) { return; } js = d.createElement(\"script\"); js.id = id; js.async = true; js.src = \"https:\/\/view.genially.com\/static\/embed\/embed.js\"; ref.parentNode.insertBefore(js, ref); }(document));<\/script>\t\t<\/div>\n\t\t\t\t<\/div>\n\t\t<\/div><div class=\"elementor-element elementor-element-ad5d74e e-container--column e-container\" data-id=\"ad5d74e\" data-element_type=\"container\">\t\t\t\t<div class=\"elementor-element elementor-element-1c95b83 elementor-widget elementor-widget-spacer\" data-id=\"1c95b83\" data-element_type=\"widget\" data-widget_type=\"spacer.default\">\n\t\t\t\t<div class=\"elementor-widget-container\">\n\t\t\t\t\t<div class=\"elementor-spacer\">\n\t\t\t<div class=\"elementor-spacer-inner\"><\/div>\n\t\t<\/div>\n\t\t\t\t<\/div>\n\t\t\t\t<\/div>\n\t\t<\/div>\t\t<section class=\"elementor-section elementor-top-section elementor-element elementor-element-03b42bf elementor-section-boxed elementor-section-height-default elementor-section-height-default\" data-id=\"03b42bf\" data-element_type=\"section\">\n\t\t\t\t\t\t<div class=\"elementor-container elementor-column-gap-default\">\n\t\t\t\t\t\t\t<div class=\"elementor-row\">\n\t\t\t\t\t<div class=\"elementor-column elementor-col-100 elementor-top-column elementor-element elementor-element-4a7675a\" data-id=\"4a7675a\" data-element_type=\"column\">\n\t\t\t<div class=\"elementor-column-wrap elementor-element-populated\">\n\t\t\t\t\t\t\t<div class=\"elementor-widget-wrap\">\n\t\t\t\t\t\t<div class=\"elementor-element elementor-element-17b1afa elementor-widget elementor-widget-heading\" data-id=\"17b1afa\" data-element_type=\"widget\" data-widget_type=\"heading.default\">\n\t\t\t\t<div class=\"elementor-widget-container\">\n\t\t\t<h2 class=\"elementor-heading-title elementor-size-default\"><b>Procedimiento Auditor\u00edas<\/b> - Basadas en Riesgos<\/h2>\t\t<\/div>\n\t\t\t\t<\/div>\n\t\t\t\t\t\t<\/div>\n\t\t\t\t\t<\/div>\n\t\t<\/div>\n\t\t\t\t\t\t\t\t<\/div>\n\t\t\t\t\t<\/div>\n\t\t<\/section>\n\t\t<div class=\"elementor-element elementor-element-76f2f9d e-container--column e-container\" data-id=\"76f2f9d\" data-element_type=\"container\">\t\t\t\t<div class=\"elementor-element elementor-element-50da514 elementor-widget elementor-widget-html\" data-id=\"50da514\" data-element_type=\"widget\" data-widget_type=\"html.default\">\n\t\t\t\t<div class=\"elementor-widget-container\">\n\t\t\t<div class=\"container-wrapper-genially\" style=\"position: relative; min-height: 400px; max-width: 100%;\"><video class=\"loader-genially\" autoplay=\"autoplay\" loop=\"loop\" playsinline=\"playsInline\" muted=\"muted\" style=\"position: absolute;top: 45%;left: 50%;transform: translate(-50%, -50%);width: 80px;height: 80px;margin-bottom: 10%\"><source src=\"https:\/\/static.genially.com\/resources\/loader-default-rebranding.mp4\" type=\"video\/mp4\" \/>Your browser does not support the video tag.<\/video><div id=\"68ebeb52bdd9f5ba5ff33862\" class=\"genially-embed\" style=\"margin: 0px auto; position: relative; height: auto; width: 100%;\"><\/div><\/div><script>(function (d) { var js, id = \"genially-embed-js\", ref = d.getElementsByTagName(\"script\")[0]; if (d.getElementById(id)) { return; } js = d.createElement(\"script\"); js.id = id; js.async = true; js.src = \"https:\/\/view.genially.com\/static\/embed\/embed.js\"; ref.parentNode.insertBefore(js, ref); }(document));<\/script>\t\t<\/div>\n\t\t\t\t<\/div>\n\t\t<\/div><div class=\"elementor-element elementor-element-d8d2738 e-container--column e-container\" data-id=\"d8d2738\" data-element_type=\"container\">\t\t\t\t<div class=\"elementor-element elementor-element-f9baaf7 elementor-widget elementor-widget-spacer\" data-id=\"f9baaf7\" data-element_type=\"widget\" data-widget_type=\"spacer.default\">\n\t\t\t\t<div class=\"elementor-widget-container\">\n\t\t\t\t\t<div class=\"elementor-spacer\">\n\t\t\t<div class=\"elementor-spacer-inner\"><\/div>\n\t\t<\/div>\n\t\t\t\t<\/div>\n\t\t\t\t<\/div>\n\t\t<\/div><div class=\"elementor-element elementor-element-1546723 e-container--column e-container\" data-id=\"1546723\" data-element_type=\"container\">\t\t\t\t<div class=\"elementor-element elementor-element-9099205 elementor-widget elementor-widget-spacer\" data-id=\"9099205\" data-element_type=\"widget\" data-widget_type=\"spacer.default\">\n\t\t\t\t<div class=\"elementor-widget-container\">\n\t\t\t\t\t<div class=\"elementor-spacer\">\n\t\t\t<div class=\"elementor-spacer-inner\"><\/div>\n\t\t<\/div>\n\t\t\t\t<\/div>\n\t\t\t\t<\/div>\n\t\t<\/div>\t\t<section class=\"elementor-section elementor-top-section elementor-element elementor-element-3026a19 elementor-section-boxed elementor-section-height-default elementor-section-height-default\" data-id=\"3026a19\" data-element_type=\"section\">\n\t\t\t\t\t\t<div class=\"elementor-container elementor-column-gap-default\">\n\t\t\t\t\t\t\t<div class=\"elementor-row\">\n\t\t\t\t\t<div class=\"elementor-column elementor-col-100 elementor-top-column elementor-element elementor-element-3dff24b\" data-id=\"3dff24b\" data-element_type=\"column\">\n\t\t\t<div class=\"elementor-column-wrap elementor-element-populated\">\n\t\t\t\t\t\t\t<div class=\"elementor-widget-wrap\">\n\t\t\t\t\t\t<div class=\"elementor-element elementor-element-a7263d6 elementor-widget elementor-widget-heading\" data-id=\"a7263d6\" data-element_type=\"widget\" data-widget_type=\"heading.default\">\n\t\t\t\t<div class=\"elementor-widget-container\">\n\t\t\t<h2 class=\"elementor-heading-title elementor-size-default\"><b>Procedimiento Auditor\u00edas<\/b> - Reglamentarias<\/h2>\t\t<\/div>\n\t\t\t\t<\/div>\n\t\t\t\t\t\t<\/div>\n\t\t\t\t\t<\/div>\n\t\t<\/div>\n\t\t\t\t\t\t\t\t<\/div>\n\t\t\t\t\t<\/div>\n\t\t<\/section>\n\t\t<div class=\"elementor-element elementor-element-8324365 e-container--column e-container\" data-id=\"8324365\" data-element_type=\"container\">\t\t\t\t<div class=\"elementor-element elementor-element-d1c0ce0 elementor-widget elementor-widget-html\" data-id=\"d1c0ce0\" data-element_type=\"widget\" data-widget_type=\"html.default\">\n\t\t\t\t<div class=\"elementor-widget-container\">\n\t\t\t<div class=\"container-wrapper-genially\" style=\"position: relative; min-height: 400px; max-width: 100%;\"><video class=\"loader-genially\" autoplay=\"autoplay\" loop=\"loop\" playsinline=\"playsInline\" muted=\"muted\" style=\"position: absolute;top: 45%;left: 50%;transform: translate(-50%, -50%);width: 80px;height: 80px;margin-bottom: 10%\"><source src=\"https:\/\/static.genially.com\/resources\/loader-default-rebranding.mp4\" type=\"video\/mp4\" \/>Your browser does not support the video tag.<\/video><div id=\"68ebd2ef46de573fdd441f7b\" class=\"genially-embed\" style=\"margin: 0px auto; position: relative; height: auto; width: 100%;\"><\/div><\/div><script>(function (d) { var js, id = \"genially-embed-js\", ref = d.getElementsByTagName(\"script\")[0]; if (d.getElementById(id)) { return; } js = d.createElement(\"script\"); js.id = id; js.async = true; js.src = \"https:\/\/view.genially.com\/static\/embed\/embed.js\"; ref.parentNode.insertBefore(js, ref); }(document));<\/script>\t\t<\/div>\n\t\t\t\t<\/div>\n\t\t<\/div>\t\t\t\t\t\t\t<\/div>\n\t\t\t<\/div>\n\t\t\t\t\t<\/div>\n\t\t","protected":false},"excerpt":{"rendered":"<p>\u00bfQu\u00e9 hace la Subsecretar\u00eda de Evaluaci\u00f3n y Seguimiento? El objetivo de la Subsecretar\u00eda de Evaluaci\u00f3n y Seguimiento es planificar y ejecutar la evaluaci\u00f3n objetiva de evidencias con el prop\u00f3sito de proveer una evaluaci\u00f3n independiente a &#8230;<\/p>\n","protected":false},"author":1,"featured_media":11192,"parent":20200,"menu_order":10,"comment_status":"closed","ping_status":"closed","template":"sec-evaluacion-control\/elementor.php","meta":[],"acf":[],"_links":{"self":[{"href":"https:\/\/www.medellin.gov.co\/es\/wp-json\/wp\/v2\/pages\/20204"}],"collection":[{"href":"https:\/\/www.medellin.gov.co\/es\/wp-json\/wp\/v2\/pages"}],"about":[{"href":"https:\/\/www.medellin.gov.co\/es\/wp-json\/wp\/v2\/types\/page"}],"author":[{"embeddable":true,"href":"https:\/\/www.medellin.gov.co\/es\/wp-json\/wp\/v2\/users\/1"}],"replies":[{"embeddable":true,"href":"https:\/\/www.medellin.gov.co\/es\/wp-json\/wp\/v2\/comments?post=20204"}],"version-history":[{"count":10,"href":"https:\/\/www.medellin.gov.co\/es\/wp-json\/wp\/v2\/pages\/20204\/revisions"}],"predecessor-version":[{"id":513066,"href":"https:\/\/www.medellin.gov.co\/es\/wp-json\/wp\/v2\/pages\/20204\/revisions\/513066"}],"up":[{"embeddable":true,"href":"https:\/\/www.medellin.gov.co\/es\/wp-json\/wp\/v2\/pages\/20200"}],"wp:featuredmedia":[{"embeddable":true,"href":"https:\/\/www.medellin.gov.co\/es\/wp-json\/wp\/v2\/media\/11192"}],"wp:attachment":[{"href":"https:\/\/www.medellin.gov.co\/es\/wp-json\/wp\/v2\/media?parent=20204"}],"curies":[{"name":"wp","href":"https:\/\/api.w.org\/{rel}","templated":true}]}}