{"id":202830,"date":"2023-05-30T15:50:29","date_gmt":"2023-05-30T20:50:29","guid":{"rendered":"https:\/\/www.medellin.gov.co\/es\/?page_id=202830"},"modified":"2023-06-02T10:23:27","modified_gmt":"2023-06-02T15:23:27","slug":"actualizacion-catastral","status":"publish","type":"page","link":"https:\/\/www.medellin.gov.co\/es\/secretaria-gestion-y-control-territorial\/subsecretaria-de-catastro\/actualizacion-catastral\/","title":{"rendered":"Actualizaci\u00f3n catastral"},"content":{"rendered":"\t\t<div data-elementor-type=\"wp-page\" data-elementor-id=\"202830\" class=\"elementor elementor-202830\">\n\t\t\t\t\t\t<div class=\"elementor-inner\">\n\t\t\t\t<div class=\"elementor-section-wrap\">\n\t\t\t\t\t\t\t\t\t<section class=\"elementor-section elementor-top-section elementor-element elementor-element-9f11665 elementor-section-boxed elementor-section-height-default elementor-section-height-default\" data-id=\"9f11665\" data-element_type=\"section\">\n\t\t\t\t\t\t<div class=\"elementor-container elementor-column-gap-default\">\n\t\t\t\t\t\t\t<div class=\"elementor-row\">\n\t\t\t\t\t<div class=\"elementor-column elementor-col-100 elementor-top-column elementor-element elementor-element-f8ff612\" data-id=\"f8ff612\" data-element_type=\"column\">\n\t\t\t<div class=\"elementor-column-wrap elementor-element-populated\">\n\t\t\t\t\t\t\t<div class=\"elementor-widget-wrap\">\n\t\t\t\t\t\t<div class=\"elementor-element elementor-element-b42b4ca elementor-widget elementor-widget-heading\" data-id=\"b42b4ca\" data-element_type=\"widget\" data-widget_type=\"heading.default\">\n\t\t\t\t<div class=\"elementor-widget-container\">\n\t\t\t<h1 class=\"elementor-heading-title elementor-size-default\">Actualizaci\u00f3n catastral del Distrito de Medell\u00edn<\/h1>\t\t<\/div>\n\t\t\t\t<\/div>\n\t\t\t\t<section class=\"elementor-section elementor-inner-section elementor-element elementor-element-bd1b54a elementor-section-boxed elementor-section-height-default elementor-section-height-default\" data-id=\"bd1b54a\" data-element_type=\"section\">\n\t\t\t\t\t\t<div class=\"elementor-container elementor-column-gap-default\">\n\t\t\t\t\t\t\t<div class=\"elementor-row\">\n\t\t\t\t\t<div class=\"elementor-column elementor-col-50 elementor-inner-column elementor-element elementor-element-af66c75\" data-id=\"af66c75\" data-element_type=\"column\">\n\t\t\t<div class=\"elementor-column-wrap elementor-element-populated\">\n\t\t\t\t\t\t\t<div class=\"elementor-widget-wrap\">\n\t\t\t\t\t\t<div class=\"elementor-element elementor-element-ac3f234 elementor-widget elementor-widget-text-editor\" data-id=\"ac3f234\" data-element_type=\"widget\" data-widget_type=\"text-editor.default\">\n\t\t\t\t<div class=\"elementor-widget-container\">\n\t\t\t\t\t\t\t\t<div class=\"elementor-text-editor elementor-clearfix\">\n\t\t\t\t<p>La gesti\u00f3n catastral es un servicio p\u00fablico que comprende un conjunto de operaciones t\u00e9cnicas y administrativas que permiten identificar, preparar y mantener el inventario de los bienes inmuebles pertenecientes al Estado, en este caso al Municipio de Medell\u00edn y a los particulares, debidamente actualizado y clasificado, con el objetivo de lograr su correcta identificaci\u00f3n f\u00edsica, jur\u00eddica y econ\u00f3mica.<\/p><p>El inventario se realiza verificando uno a uno los predios, para saber c\u00f3mo est\u00e1n divididos y el uso que se les est\u00e1 dando. Hasta el a\u00f1o 2019 su realizaci\u00f3n depend\u00eda del Instituto Geogr\u00e1fico Agust\u00edn Codazzi (IGAC), de su capacidad financiera y operativa. Como consecuencia, hoy en d\u00eda, solo cerca del 5,6 % de la informaci\u00f3n de los municipios del pa\u00eds est\u00e1 actualizada.<\/p>\t\t\t\t\t<\/div>\n\t\t\t\t\t\t<\/div>\n\t\t\t\t<\/div>\n\t\t\t\t\t\t<\/div>\n\t\t\t\t\t<\/div>\n\t\t<\/div>\n\t\t\t\t<div class=\"elementor-column elementor-col-50 elementor-inner-column elementor-element elementor-element-3663f0a\" data-id=\"3663f0a\" data-element_type=\"column\">\n\t\t\t<div class=\"elementor-column-wrap elementor-element-populated\">\n\t\t\t\t\t\t\t<div class=\"elementor-widget-wrap\">\n\t\t\t\t\t\t<div class=\"elementor-element elementor-element-9685bc9 elementor-widget elementor-widget-image\" data-id=\"9685bc9\" data-element_type=\"widget\" data-widget_type=\"image.default\">\n\t\t\t\t<div class=\"elementor-widget-container\">\n\t\t\t\t\t\t\t\t<div class=\"elementor-image\">\n\t\t\t\t\t\t\t\t\t\t\t\t<img src=\"https:\/\/www.medellin.gov.co\/es\/wp-content\/uploads\/2023\/03\/Espacio_medellin_Comuna13_1.jpg\" title=\"\" alt=\"Espacio_medellin_Comuna13_1\" \/>\t\t\t\t\t\t\t\t\t\t\t\t\t\t<\/div>\n\t\t\t\t\t\t<\/div>\n\t\t\t\t<\/div>\n\t\t\t\t\t\t<\/div>\n\t\t\t\t\t<\/div>\n\t\t<\/div>\n\t\t\t\t\t\t\t\t<\/div>\n\t\t\t\t\t<\/div>\n\t\t<\/section>\n\t\t\t\t<div class=\"elementor-element elementor-element-402fd96 elementor-widget elementor-widget-text-editor\" data-id=\"402fd96\" data-element_type=\"widget\" data-widget_type=\"text-editor.default\">\n\t\t\t\t<div class=\"elementor-widget-container\">\n\t\t\t\t\t\t\t\t<div class=\"elementor-text-editor elementor-clearfix\">\n\t\t\t\t<p>Fue entonces que, en 2019, el Consejo de Pol\u00edtica Econ\u00f3mica y Social (Conpes) aprob\u00f3 la nueva pol\u00edtica catastral para Colombia y determin\u00f3 que el catastro es un servicio p\u00fablico a cargo de cada gestor catastral. De igual forma, pas\u00f3 de tener un objetivo fiscal, a ser multiprop\u00f3sito, es decir que servir\u00e1 como informaci\u00f3n confiable para mejorar el ordenamiento territorial, la planeaci\u00f3n, la gesti\u00f3n ambiental y la creaci\u00f3n de pol\u00edticas p\u00fablicas m\u00e1s efectivas.<\/p>\t\t\t\t\t<\/div>\n\t\t\t\t\t\t<\/div>\n\t\t\t\t<\/div>\n\t\t\t\t<div class=\"elementor-element elementor-element-cfe49ce elementor-widget elementor-widget-heading\" data-id=\"cfe49ce\" data-element_type=\"widget\" data-widget_type=\"heading.default\">\n\t\t\t\t<div class=\"elementor-widget-container\">\n\t\t\t<h2 class=\"elementor-heading-title elementor-size-default\"><b>\u00bfQu\u00e9 es el <\/b> catastro?<\/h2>\t\t<\/div>\n\t\t\t\t<\/div>\n\t\t\t\t<div class=\"elementor-element elementor-element-0d5d517 elementor-widget elementor-widget-text-editor\" data-id=\"0d5d517\" data-element_type=\"widget\" data-widget_type=\"text-editor.default\">\n\t\t\t\t<div class=\"elementor-widget-container\">\n\t\t\t\t\t\t\t\t<div class=\"elementor-text-editor elementor-clearfix\">\n\t\t\t\t<p>Es el inventario o censo de los bienes inmuebles localizados en el territorio nacional, de dominio p\u00fablico o privado, independiente de su tipo de tenencia, el cual debe estar actualizado y clasificado con el fin de lograr su identificaci\u00f3n f\u00edsica, jur\u00eddica y econ\u00f3mica con base en criterios t\u00e9cnicos y objetivos.<\/p>\t\t\t\t\t<\/div>\n\t\t\t\t\t\t<\/div>\n\t\t\t\t<\/div>\n\t\t\t\t<section class=\"elementor-section elementor-inner-section elementor-element elementor-element-1d16177 elementor-section-boxed elementor-section-height-default elementor-section-height-default\" data-id=\"1d16177\" data-element_type=\"section\">\n\t\t\t\t\t\t<div class=\"elementor-container elementor-column-gap-default\">\n\t\t\t\t\t\t\t<div class=\"elementor-row\">\n\t\t\t\t\t<div class=\"elementor-column elementor-col-33 elementor-inner-column elementor-element elementor-element-530fc08\" data-id=\"530fc08\" data-element_type=\"column\">\n\t\t\t<div class=\"elementor-column-wrap elementor-element-populated\">\n\t\t\t\t\t\t\t<div class=\"elementor-widget-wrap\">\n\t\t\t\t\t\t<div class=\"elementor-element elementor-element-3226490 elementor-widget elementor-widget-heading\" data-id=\"3226490\" data-element_type=\"widget\" data-widget_type=\"heading.default\">\n\t\t\t\t<div class=\"elementor-widget-container\">\n\t\t\t<h3 class=\"elementor-heading-title elementor-size-default\">Aspecto f\u00edsico<\/h3>\t\t<\/div>\n\t\t\t\t<\/div>\n\t\t\t\t<div class=\"elementor-element elementor-element-8e32444 elementor-widget elementor-widget-text-editor\" data-id=\"8e32444\" data-element_type=\"widget\" data-widget_type=\"text-editor.default\">\n\t\t\t\t<div class=\"elementor-widget-container\">\n\t\t\t\t\t\t\t\t<div class=\"elementor-text-editor elementor-clearfix\">\n\t\t\t\t<p style=\"text-align: center;\">Corresponde en representaci\u00f3n, la identificaci\u00f3n cabida, los linderos y las construcciones un inmueble. La identificaci\u00f3n no implica necesariamente el reconocimiento linderos del predio en sitio.<\/p>\t\t\t\t\t<\/div>\n\t\t\t\t\t\t<\/div>\n\t\t\t\t<\/div>\n\t\t\t\t\t\t<\/div>\n\t\t\t\t\t<\/div>\n\t\t<\/div>\n\t\t\t\t<div class=\"elementor-column elementor-col-33 elementor-inner-column elementor-element elementor-element-ef1ef29\" data-id=\"ef1ef29\" data-element_type=\"column\">\n\t\t\t<div class=\"elementor-column-wrap elementor-element-populated\">\n\t\t\t\t\t\t\t<div class=\"elementor-widget-wrap\">\n\t\t\t\t\t\t<div class=\"elementor-element elementor-element-9306bfb elementor-widget elementor-widget-heading\" data-id=\"9306bfb\" data-element_type=\"widget\" data-widget_type=\"heading.default\">\n\t\t\t\t<div class=\"elementor-widget-container\">\n\t\t\t<h3 class=\"elementor-heading-title elementor-size-default\">Aspecto jur\u00eddico<\/h3>\t\t<\/div>\n\t\t\t\t<\/div>\n\t\t\t\t<div class=\"elementor-element elementor-element-7822baf elementor-widget elementor-widget-text-editor\" data-id=\"7822baf\" data-element_type=\"widget\" data-widget_type=\"text-editor.default\">\n\t\t\t\t<div class=\"elementor-widget-container\">\n\t\t\t\t\t\t\t\t<div class=\"elementor-text-editor elementor-clearfix\">\n\t\t\t\t<p style=\"text-align: center;\">Identificaci\u00f3n de la relaci\u00f3n jur\u00eddica de tenencia entre el sujeto activo del derecho, sea el propietario, poseedor u ocupante, con el inmueble. Esta calificaci\u00f3n jur\u00eddica no constituye prueba ni sanea los vicios de la propiedad.<\/p>\t\t\t\t\t<\/div>\n\t\t\t\t\t\t<\/div>\n\t\t\t\t<\/div>\n\t\t\t\t\t\t<\/div>\n\t\t\t\t\t<\/div>\n\t\t<\/div>\n\t\t\t\t<div class=\"elementor-column elementor-col-33 elementor-inner-column elementor-element elementor-element-a478d13\" data-id=\"a478d13\" data-element_type=\"column\">\n\t\t\t<div class=\"elementor-column-wrap elementor-element-populated\">\n\t\t\t\t\t\t\t<div class=\"elementor-widget-wrap\">\n\t\t\t\t\t\t<div class=\"elementor-element elementor-element-9c99cc3 elementor-widget elementor-widget-heading\" data-id=\"9c99cc3\" data-element_type=\"widget\" data-widget_type=\"heading.default\">\n\t\t\t\t<div class=\"elementor-widget-container\">\n\t\t\t<h3 class=\"elementor-heading-title elementor-size-default\">Aspecto econ\u00f3mico<\/h3>\t\t<\/div>\n\t\t\t\t<\/div>\n\t\t\t\t<div class=\"elementor-element elementor-element-07f49a3 elementor-widget elementor-widget-text-editor\" data-id=\"07f49a3\" data-element_type=\"widget\" data-widget_type=\"text-editor.default\">\n\t\t\t\t<div class=\"elementor-widget-container\">\n\t\t\t\t\t\t\t\t<div class=\"elementor-text-editor elementor-clearfix\">\n\t\t\t\t<p style=\"text-align: center;\">Determinaci\u00f3n del aval\u00fao catastral de un predio. Corresponde al valor de un<br \/>predio, resultante de un ejercicio t\u00e9cnico que, en ning\u00fan caso, podr\u00e1 ser inferior al 60 % del valor comercial o superar el valor de este \u00faltimo. Para su determinaci\u00f3n no ser\u00e1 necesario calcular de manera separada el valor del terreno y el de la construcci\u00f3n.<\/p>\t\t\t\t\t<\/div>\n\t\t\t\t\t\t<\/div>\n\t\t\t\t<\/div>\n\t\t\t\t\t\t<\/div>\n\t\t\t\t\t<\/div>\n\t\t<\/div>\n\t\t\t\t\t\t\t\t<\/div>\n\t\t\t\t\t<\/div>\n\t\t<\/section>\n\t\t\t\t<div class=\"elementor-element elementor-element-e9c528a elementor-widget elementor-widget-heading\" data-id=\"e9c528a\" data-element_type=\"widget\" data-widget_type=\"heading.default\">\n\t\t\t\t<div class=\"elementor-widget-container\">\n\t\t\t<h2 class=\"elementor-heading-title elementor-size-default\"><b>\u00bfPor qu\u00e9 es<\/b>  importante el catastro?<\/h2>\t\t<\/div>\n\t\t\t\t<\/div>\n\t\t\t\t<div class=\"elementor-element elementor-element-8bbe2cf elementor-widget elementor-widget-text-editor\" data-id=\"8bbe2cf\" data-element_type=\"widget\" data-widget_type=\"text-editor.default\">\n\t\t\t\t<div class=\"elementor-widget-container\">\n\t\t\t\t\t\t\t\t<div class=\"elementor-text-editor elementor-clearfix\">\n\t\t\t\t<ul><li>Porque es la base para la planeaci\u00f3n urbana.<\/li><li>Porque contribuye a la sostenibilidad fiscal de la ciudad.<\/li><li>Porque es informaci\u00f3n georreferenciada para el dise\u00f1o de obras (predios y redes de infraestructura).<\/li><li>Porque brinda informaci\u00f3n de calidad y confiable tanto al ciudadano como al propio Estado.<\/li><li>Porque permite mejorar el ordenamiento territorial, la planeaci\u00f3n y crear pol\u00edticas p\u00fablicas m\u00e1s efectivas.<\/li><\/ul>\t\t\t\t\t<\/div>\n\t\t\t\t\t\t<\/div>\n\t\t\t\t<\/div>\n\t\t\t\t<div class=\"elementor-element elementor-element-cd94480 elementor-widget elementor-widget-heading\" data-id=\"cd94480\" data-element_type=\"widget\" data-widget_type=\"heading.default\">\n\t\t\t\t<div class=\"elementor-widget-container\">\n\t\t\t<h2 class=\"elementor-heading-title elementor-size-default\"><b>Procesos<\/b>  catastrales<\/h2>\t\t<\/div>\n\t\t\t\t<\/div>\n\t\t\t\t<div class=\"elementor-element elementor-element-f344f9d elementor-widget elementor-widget-text-editor\" data-id=\"f344f9d\" data-element_type=\"widget\" data-widget_type=\"text-editor.default\">\n\t\t\t\t<div class=\"elementor-widget-container\">\n\t\t\t\t\t\t\t\t<div class=\"elementor-text-editor elementor-clearfix\">\n\t\t\t\t<p>La gesti\u00f3n catastral con enfoque multiprop\u00f3sito se desarrolla a trav\u00e9s de cuatro procedimientos:<\/p>\t\t\t\t\t<\/div>\n\t\t\t\t\t\t<\/div>\n\t\t\t\t<\/div>\n\t\t\t\t<div class=\"elementor-element elementor-element-9deafec elementor-testimonial--skin-default elementor-testimonial--layout-image_inline elementor-testimonial--align-center elementor-arrows-yes elementor-widget elementor-widget-testimonial-carousel\" data-id=\"9deafec\" data-element_type=\"widget\" data-settings=\"{&quot;show_arrows&quot;:&quot;yes&quot;,&quot;speed&quot;:500,&quot;autoplay&quot;:&quot;yes&quot;,&quot;autoplay_speed&quot;:5000,&quot;loop&quot;:&quot;yes&quot;,&quot;pause_on_hover&quot;:&quot;yes&quot;,&quot;pause_on_interaction&quot;:&quot;yes&quot;,&quot;space_between&quot;:{&quot;unit&quot;:&quot;px&quot;,&quot;size&quot;:10,&quot;sizes&quot;:[]},&quot;space_between_tablet&quot;:{&quot;unit&quot;:&quot;px&quot;,&quot;size&quot;:10,&quot;sizes&quot;:[]},&quot;space_between_mobile&quot;:{&quot;unit&quot;:&quot;px&quot;,&quot;size&quot;:10,&quot;sizes&quot;:[]}}\" data-widget_type=\"testimonial-carousel.default\">\n\t\t\t\t<div class=\"elementor-widget-container\">\n\t\t\t\t\t<div class=\"elementor-swiper\">\n\t\t\t<div class=\"elementor-main-swiper swiper-container\">\n\t\t\t\t<div class=\"swiper-wrapper\">\n\t\t\t\t\t\t\t\t\t\t\t<div class=\"swiper-slide\">\n\t\t\t\t\t\t\t\t\t<div class=\"elementor-testimonial\">\n\t\t\t\t\t\t\t<div class=\"elementor-testimonial__content\">\n\t\t\t\t\t<div class=\"elementor-testimonial__text\">\n\t\t\t\t\t\tEs el conjunto de actividades destinadas a identificar, por primera vez, la\ninformaci\u00f3n catastral en la totalidad de los predios que conforman el territorio, o en\nparte de \u00e9l, en los aspectos f\u00edsico, jur\u00eddico, fiscal y econ\u00f3mico de cada predio. En\neste contexto, si el territorio hist\u00f3ricamente no ha contado con una base catastral o\ncenso de predios requiere una formaci\u00f3n catastral.\t\t\t\t\t<\/div>\n\t\t\t\t\t\t\t\t\t<\/div>\n\t\t\t\t\t\t<div class=\"elementor-testimonial__footer\">\n\t\t\t\t\t\t\t\t<cite class=\"elementor-testimonial__cite\"><span class=\"elementor-testimonial__name\">Formaci\u00f3n catastral<\/span><\/cite>\t\t\t<\/div>\n\t\t<\/div>\n\t\t\t\t\t\t\t\t<\/div>\n\t\t\t\t\t\t\t\t\t\t\t<div class=\"swiper-slide\">\n\t\t\t\t\t\t\t\t\t<div class=\"elementor-testimonial\">\n\t\t\t\t\t\t\t<div class=\"elementor-testimonial__content\">\n\t\t\t\t\t<div class=\"elementor-testimonial__text\">\n\t\t\t\t\t\tConsiste en mantener al d\u00eda los documentos catastrales correspondientes a los\npredios, de acuerdo con los cambios que tenga la propiedad inmueble en los\naspectos f\u00edsico, jur\u00eddico, econ\u00f3mico y fiscal.\nSe inicia al d\u00eda siguiente en el cual se inscribe la actualizaci\u00f3n catastral y se\nformaliza con la resoluci\u00f3n que ordena la inscripci\u00f3n en los documentos\ncatastrales de los cambios que se hayan presentado en la propiedad ra\u00edz.\t\t\t\t\t<\/div>\n\t\t\t\t\t\t\t\t\t<\/div>\n\t\t\t\t\t\t<div class=\"elementor-testimonial__footer\">\n\t\t\t\t\t\t\t\t\t<div class=\"elementor-testimonial__image\">\n\t\t\t\t\t\t<img src=\"https:\/\/www.medellin.gov.co\/es\/wp-content\/plugins\/elementor\/assets\/images\/placeholder.png\" alt=\"Conservaci\u00f3n catastral\">\n\t\t\t\t\t<\/div>\n\t\t\t\t\t\t\t\t<cite class=\"elementor-testimonial__cite\"><span class=\"elementor-testimonial__name\">Conservaci\u00f3n catastral<\/span><\/cite>\t\t\t<\/div>\n\t\t<\/div>\n\t\t\t\t\t\t\t\t<\/div>\n\t\t\t\t\t\t\t\t\t\t\t<div class=\"swiper-slide\">\n\t\t\t\t\t\t\t\t\t<div class=\"elementor-testimonial\">\n\t\t\t\t\t\t\t<div class=\"elementor-testimonial__content\">\n\t\t\t\t\t<div class=\"elementor-testimonial__text\">\n\t\t\t\t\t\tEs el proceso para identificar, incorporar o rectificar los cambios o inconsistencias en la informaci\u00f3n catastral durante un determinado periodo de tiempo. Si dicha informaci\u00f3n existe pero no corresponde con la realidad del territorio requiere una actualizaci\u00f3n catastral.\t\t\t\t\t<\/div>\n\t\t\t\t\t\t\t\t\t<\/div>\n\t\t\t\t\t\t<div class=\"elementor-testimonial__footer\">\n\t\t\t\t\t\t\t\t\t<div class=\"elementor-testimonial__image\">\n\t\t\t\t\t\t<img src=\"https:\/\/www.medellin.gov.co\/es\/wp-content\/plugins\/elementor\/assets\/images\/placeholder.png\" alt=\"Actualizaci\u00f3n catastral\">\n\t\t\t\t\t<\/div>\n\t\t\t\t\t\t\t\t<cite class=\"elementor-testimonial__cite\"><span class=\"elementor-testimonial__name\">Actualizaci\u00f3n catastral<\/span><\/cite>\t\t\t<\/div>\n\t\t<\/div>\n\t\t\t\t\t\t\t\t<\/div>\n\t\t\t\t\t\t\t\t\t\t\t<div class=\"swiper-slide\">\n\t\t\t\t\t\t\t\t\t<div class=\"elementor-testimonial\">\n\t\t\t\t\t\t\t<div class=\"elementor-testimonial__content\">\n\t\t\t\t\t<div class=\"elementor-testimonial__text\">\n\t\t\t\t\t\tSon las actividades tendientes al uso, disposici\u00f3n y acceso a la informaci\u00f3n\ncatastral, as\u00ed como la generaci\u00f3n de insumos que contribuyan a la planeaci\u00f3n y gesti\u00f3n de los territorios. En todos los casos, se debe garantizar la protecci\u00f3n y custodia de la informaci\u00f3n conforme a las disposiciones de protecci\u00f3n de datos.\t\t\t\t\t<\/div>\n\t\t\t\t\t\t\t\t\t<\/div>\n\t\t\t\t\t\t<div class=\"elementor-testimonial__footer\">\n\t\t\t\t\t\t\t\t<cite class=\"elementor-testimonial__cite\"><span class=\"elementor-testimonial__name\">Difusi\u00f3n catastral<\/span><\/cite>\t\t\t<\/div>\n\t\t<\/div>\n\t\t\t\t\t\t\t\t<\/div>\n\t\t\t\t\t\t\t\t\t<\/div>\n\t\t\t\t\t\t\t\t\t\t\t\t\t\t\t\t\t\t\t\t<div class=\"elementor-swiper-button elementor-swiper-button-prev\">\n\t\t\t\t\t\t\t<i aria-hidden=\"true\" class=\"eicon-chevron-left\"><\/i>\t\t\t\t\t\t\t<span class=\"elementor-screen-only\">Anterior<\/span>\n\t\t\t\t\t\t<\/div>\n\t\t\t\t\t\t<div class=\"elementor-swiper-button elementor-swiper-button-next\">\n\t\t\t\t\t\t\t<i aria-hidden=\"true\" class=\"eicon-chevron-right\"><\/i>\t\t\t\t\t\t\t<span class=\"elementor-screen-only\">Siguiente<\/span>\n\t\t\t\t\t\t<\/div>\n\t\t\t\t\t\t\t\t\t\t\t\t<\/div>\n\t\t<\/div>\n\t\t\t\t<\/div>\n\t\t\t\t<\/div>\n\t\t\t\t<div class=\"elementor-element elementor-element-f96a9f4 elementor-widget elementor-widget-heading\" data-id=\"f96a9f4\" data-element_type=\"widget\" data-widget_type=\"heading.default\">\n\t\t\t\t<div class=\"elementor-widget-container\">\n\t\t\t<h2 class=\"elementor-heading-title elementor-size-default\"><b>Marco normativo de<\/b> la gesti\u00f3n catastral en Colombia<\/h2>\t\t<\/div>\n\t\t\t\t<\/div>\n\t\t\t\t<div class=\"elementor-element elementor-element-e5cea2c elementor-widget elementor-widget-text-editor\" data-id=\"e5cea2c\" data-element_type=\"widget\" data-widget_type=\"text-editor.default\">\n\t\t\t\t<div class=\"elementor-widget-container\">\n\t\t\t\t\t\t\t\t<div class=\"elementor-text-editor elementor-clearfix\">\n\t\t\t\t<ul><li>Ley 14 de 1983<\/li><li>Ley 1450 de 2011, art\u00edculo 23 y 24<\/li><li>Ley 1955 de 2019, art\u00edculos 79 a 82<\/li><li>Ley 1995 de 2019, art\u00edculos 1\u00b0 y 4\u00b0<\/li><li>Decreto 1983 de 2019<\/li><li>Resoluci\u00f3n 817 de 2019 (IGAC)<\/li><li>Acuerdo 3 de 2019 del Consejo Superior de la Administraci\u00f3n de Ordenamiento del Suelo Rural.<\/li><li>Resoluci\u00f3n 388 de 2020<\/li><li>Decreto 148 de 2020<\/li><li>Resoluci\u00f3n conjunta SNR 11344 \u2013 IGAC 1101 de 2020<\/li><li>Resoluci\u00f3n conjunta SNR 04218 \u2013 IGAC 499 de 2020<\/li><li>Resoluci\u00f3n 471 de 2020<\/li><li>Resoluci\u00f3n 509 de 2020<\/li><li>Resoluci\u00f3n 529 de 2020<\/li><li>Resoluci\u00f3n 1149 del 2021 IGAC<\/li><\/ul>\t\t\t\t\t<\/div>\n\t\t\t\t\t\t<\/div>\n\t\t\t\t<\/div>\n\t\t\t\t\t\t<\/div>\n\t\t\t\t\t<\/div>\n\t\t<\/div>\n\t\t\t\t\t\t\t\t<\/div>\n\t\t\t\t\t<\/div>\n\t\t<\/section>\n\t\t\t\t<section class=\"elementor-section elementor-top-section elementor-element elementor-element-9fe7378 elementor-section-full_width elementor-section-height-default elementor-section-height-default\" data-id=\"9fe7378\" data-element_type=\"section\" data-settings=\"{&quot;background_background&quot;:&quot;classic&quot;}\">\n\t\t\t\t\t\t<div class=\"elementor-container elementor-column-gap-default\">\n\t\t\t\t\t\t\t<div class=\"elementor-row\">\n\t\t\t\t\t<div class=\"elementor-column elementor-col-100 elementor-top-column elementor-element elementor-element-df6edcd\" data-id=\"df6edcd\" data-element_type=\"column\">\n\t\t\t<div class=\"elementor-column-wrap elementor-element-populated\">\n\t\t\t\t\t\t\t<div class=\"elementor-widget-wrap\">\n\t\t\t\t\t\t<section class=\"elementor-section elementor-inner-section elementor-element elementor-element-a8959bd elementor-section-boxed elementor-section-height-default elementor-section-height-default\" data-id=\"a8959bd\" data-element_type=\"section\">\n\t\t\t\t\t\t<div class=\"elementor-container elementor-column-gap-default\">\n\t\t\t\t\t\t\t<div class=\"elementor-row\">\n\t\t\t\t\t<div class=\"elementor-column elementor-col-50 elementor-inner-column elementor-element elementor-element-2a03aeb\" data-id=\"2a03aeb\" data-element_type=\"column\">\n\t\t\t<div class=\"elementor-column-wrap elementor-element-populated\">\n\t\t\t\t\t\t\t<div class=\"elementor-widget-wrap\">\n\t\t\t\t\t\t<div class=\"elementor-element elementor-element-7a1749f elementor-widget elementor-widget-text-editor\" data-id=\"7a1749f\" data-element_type=\"widget\" data-widget_type=\"text-editor.default\">\n\t\t\t\t<div class=\"elementor-widget-container\">\n\t\t\t\t\t\t\t\t<div class=\"elementor-text-editor elementor-clearfix\">\n\t\t\t\t<h2><span class=\"titulo-banner-linea1\">Beneficios tributarios a los corregimientos<\/span><\/h2>\t\t\t\t\t<\/div>\n\t\t\t\t\t\t<\/div>\n\t\t\t\t<\/div>\n\t\t\t\t\t\t<\/div>\n\t\t\t\t\t<\/div>\n\t\t<\/div>\n\t\t\t\t<div class=\"elementor-column elementor-col-50 elementor-inner-column elementor-element elementor-element-79d01e5\" data-id=\"79d01e5\" data-element_type=\"column\">\n\t\t\t<div class=\"elementor-column-wrap elementor-element-populated\">\n\t\t\t\t\t\t\t<div class=\"elementor-widget-wrap\">\n\t\t\t\t\t\t<div class=\"elementor-element elementor-element-48bf6e9 elementor-widget elementor-widget-text-editor\" data-id=\"48bf6e9\" data-element_type=\"widget\" data-widget_type=\"text-editor.default\">\n\t\t\t\t<div class=\"elementor-widget-container\">\n\t\t\t\t\t\t\t\t<div class=\"elementor-text-editor elementor-clearfix\">\n\t\t\t\t<p style=\"text-align: left;\">La exenci\u00f3n en el pago del Impuesto Predial Unificado, se encuentra consagrada en el Estatuto Tributario Distrital \u2013\u00a0\u00a0<strong>Acuerdo 66 de 2017<\/strong><\/p>\t\t\t\t\t<\/div>\n\t\t\t\t\t\t<\/div>\n\t\t\t\t<\/div>\n\t\t\t\t<div class=\"elementor-element elementor-element-1628344 elementor-tablet-align-left elementor-mobile-align-center elementor-widget elementor-widget-button\" data-id=\"1628344\" data-element_type=\"widget\" data-widget_type=\"button.default\">\n\t\t\t\t<div class=\"elementor-widget-container\">\n\t\t\t\t\t<div class=\"elementor-button-wrapper\">\n\t\t\t<a href=\"https:\/\/www.medellin.gov.co\/es\/secretaria-gestion-y-control-territorial\/subsecretaria-de-catastro\/actualizacion-catastral\/beneficios-tributarios-aplicable-a-corregimientos-acuerdo-066-de-2017\/\" class=\"elementor-button-link elementor-button elementor-size-sm\" role=\"button\">\n\t\t\t\t\t\t<span class=\"elementor-button-content-wrapper\">\n\t\t\t\t\t\t<span class=\"elementor-button-text\">Conoce todo sobre el beneficio<\/span>\n\t\t<\/span>\n\t\t\t\t\t<\/a>\n\t\t<\/div>\n\t\t\t\t<\/div>\n\t\t\t\t<\/div>\n\t\t\t\t\t\t<\/div>\n\t\t\t\t\t<\/div>\n\t\t<\/div>\n\t\t\t\t\t\t\t\t<\/div>\n\t\t\t\t\t<\/div>\n\t\t<\/section>\n\t\t\t\t\t\t<\/div>\n\t\t\t\t\t<\/div>\n\t\t<\/div>\n\t\t\t\t\t\t\t\t<\/div>\n\t\t\t\t\t<\/div>\n\t\t<\/section>\n\t\t\t\t\t\t\t\t\t<\/div>\n\t\t\t<\/div>\n\t\t\t\t\t<\/div>\n\t\t","protected":false},"excerpt":{"rendered":"<p>Actualizaci\u00f3n catastral del Distrito de Medell\u00edn La gesti\u00f3n catastral es un servicio p\u00fablico que comprende un conjunto de operaciones t\u00e9cnicas y administrativas que permiten identificar, preparar y mantener el inventario de los bienes inmuebles pertenecientes &#8230;<\/p>\n","protected":false},"author":31,"featured_media":193866,"parent":21480,"menu_order":0,"comment_status":"closed","ping_status":"closed","template":"sec-gestion-y-control\/elementor.php","meta":[],"acf":[],"_links":{"self":[{"href":"https:\/\/www.medellin.gov.co\/es\/wp-json\/wp\/v2\/pages\/202830"}],"collection":[{"href":"https:\/\/www.medellin.gov.co\/es\/wp-json\/wp\/v2\/pages"}],"about":[{"href":"https:\/\/www.medellin.gov.co\/es\/wp-json\/wp\/v2\/types\/page"}],"author":[{"embeddable":true,"href":"https:\/\/www.medellin.gov.co\/es\/wp-json\/wp\/v2\/users\/31"}],"replies":[{"embeddable":true,"href":"https:\/\/www.medellin.gov.co\/es\/wp-json\/wp\/v2\/comments?post=202830"}],"version-history":[{"count":10,"href":"https:\/\/www.medellin.gov.co\/es\/wp-json\/wp\/v2\/pages\/202830\/revisions"}],"predecessor-version":[{"id":203790,"href":"https:\/\/www.medellin.gov.co\/es\/wp-json\/wp\/v2\/pages\/202830\/revisions\/203790"}],"up":[{"embeddable":true,"href":"https:\/\/www.medellin.gov.co\/es\/wp-json\/wp\/v2\/pages\/21480"}],"wp:featuredmedia":[{"embeddable":true,"href":"https:\/\/www.medellin.gov.co\/es\/wp-json\/wp\/v2\/media\/193866"}],"wp:attachment":[{"href":"https:\/\/www.medellin.gov.co\/es\/wp-json\/wp\/v2\/media?parent=202830"}],"curies":[{"name":"wp","href":"https:\/\/api.w.org\/{rel}","templated":true}]}}