{"id":202947,"date":"2023-05-31T07:35:30","date_gmt":"2023-05-31T12:35:30","guid":{"rendered":"https:\/\/www.medellin.gov.co\/es\/?page_id=202947"},"modified":"2023-05-31T07:38:28","modified_gmt":"2023-05-31T12:38:28","slug":"fauna-exotica-e-introducida","status":"publish","type":"page","link":"https:\/\/www.medellin.gov.co\/es\/secretaria-medio-ambiente\/proteccion-y-bienestar-animal\/proteccion-animal-del-distrito-de-medellin\/fauna-exotica-e-introducida\/","title":{"rendered":"Fauna ex\u00f3tica e introducida"},"content":{"rendered":"\t\t<div data-elementor-type=\"wp-page\" data-elementor-id=\"202947\" class=\"elementor elementor-202947\">\n\t\t\t\t\t\t<div class=\"elementor-inner\">\n\t\t\t\t<div class=\"elementor-section-wrap\">\n\t\t\t\t\t\t\t\t\t<section class=\"elementor-section elementor-top-section elementor-element elementor-element-ee1cec1 elementor-section-boxed elementor-section-height-default elementor-section-height-default\" data-id=\"ee1cec1\" data-element_type=\"section\">\n\t\t\t\t\t\t<div class=\"elementor-container elementor-column-gap-default\">\n\t\t\t\t\t\t\t<div class=\"elementor-row\">\n\t\t\t\t\t<div class=\"elementor-column elementor-col-100 elementor-top-column elementor-element elementor-element-df87b26\" data-id=\"df87b26\" data-element_type=\"column\">\n\t\t\t<div class=\"elementor-column-wrap elementor-element-populated\">\n\t\t\t\t\t\t\t<div class=\"elementor-widget-wrap\">\n\t\t\t\t\t\t<div class=\"elementor-element elementor-element-da8c73a elementor-widget elementor-widget-heading\" data-id=\"da8c73a\" data-element_type=\"widget\" data-widget_type=\"heading.default\">\n\t\t\t\t<div class=\"elementor-widget-container\">\n\t\t\t<h1 class=\"elementor-heading-title elementor-size-default\">Fauna ex\u00f3tica e introducida<\/h1>\t\t<\/div>\n\t\t\t\t<\/div>\n\t\t\t\t<section class=\"elementor-section elementor-inner-section elementor-element elementor-element-f02f984 elementor-section-boxed elementor-section-height-default elementor-section-height-default\" data-id=\"f02f984\" data-element_type=\"section\">\n\t\t\t\t\t\t<div class=\"elementor-container elementor-column-gap-default\">\n\t\t\t\t\t\t\t<div class=\"elementor-row\">\n\t\t\t\t\t<div class=\"elementor-column elementor-col-50 elementor-inner-column elementor-element elementor-element-88fff69\" data-id=\"88fff69\" data-element_type=\"column\">\n\t\t\t<div class=\"elementor-column-wrap elementor-element-populated\">\n\t\t\t\t\t\t\t<div class=\"elementor-widget-wrap\">\n\t\t\t\t\t\t<div class=\"elementor-element elementor-element-8118f0d elementor-widget elementor-widget-text-editor\" data-id=\"8118f0d\" data-element_type=\"widget\" data-widget_type=\"text-editor.default\">\n\t\t\t\t<div class=\"elementor-widget-container\">\n\t\t\t\t\t\t\t\t<div class=\"elementor-text-editor elementor-clearfix\">\n\t\t\t\t<p><span data-contrast=\"auto\">Las especies ex\u00f3ticas invasoras (EEI) son especies introducidas de forma natural, accidental o intencionada en un medio que no es el suyo y que, despu\u00e9s de cierto tiempo, consiguen adaptarse al \u00e9l y colonizarlo. Estas especies son la segunda causa de p\u00e9rdida de biodiversidad en el mundo, seg\u00fan el Programa de las Naciones Unidas para el Desarrollo (PNUD).<\/span><span data-ccp-props=\"{&quot;201341983&quot;:0,&quot;335551550&quot;:6,&quot;335551620&quot;:6,&quot;335559739&quot;:160,&quot;335559740&quot;:259}\">\u00a0<\/span><\/p><p><span data-contrast=\"auto\">En el pa\u00eds se han catalogado 506 especies introducidas, invasoras o trasplantadas (SiB Colombia, 2020), de las cuales 22 han sido reconocidas oficialmente por las resoluciones 0848 de 2008 y 0207 de 2010, del entonces Ministerio de Ambiente, vivienda y desarrollo Territorial (MAVDT).<\/span><span data-ccp-props=\"{&quot;201341983&quot;:0,&quot;335551550&quot;:6,&quot;335551620&quot;:6,&quot;335559739&quot;:160,&quot;335559740&quot;:259}\">\u00a0<\/span><\/p>\t\t\t\t\t<\/div>\n\t\t\t\t\t\t<\/div>\n\t\t\t\t<\/div>\n\t\t\t\t\t\t<\/div>\n\t\t\t\t\t<\/div>\n\t\t<\/div>\n\t\t\t\t<div class=\"elementor-column elementor-col-50 elementor-inner-column elementor-element elementor-element-6deb1c6\" data-id=\"6deb1c6\" data-element_type=\"column\">\n\t\t\t<div class=\"elementor-column-wrap elementor-element-populated\">\n\t\t\t\t\t\t\t<div class=\"elementor-widget-wrap\">\n\t\t\t\t\t\t<div class=\"elementor-element elementor-element-1e8380e elementor-widget elementor-widget-image\" data-id=\"1e8380e\" data-element_type=\"widget\" data-widget_type=\"image.default\">\n\t\t\t\t<div class=\"elementor-widget-container\">\n\t\t\t\t\t\t\t\t<div class=\"elementor-image\">\n\t\t\t\t\t\t\t\t\t\t\t\t<img width=\"1000\" height=\"450\" src=\"https:\/\/www.medellin.gov.co\/es\/wp-content\/uploads\/2022\/04\/20220303-Avistamiento-Fauna-1.jpg\" class=\"attachment-large size-large\" alt=\"20220303-Avistamiento-Fauna-1\" loading=\"lazy\" srcset=\"https:\/\/www.medellin.gov.co\/es\/wp-content\/uploads\/2022\/04\/20220303-Avistamiento-Fauna-1.jpg 1000w, https:\/\/www.medellin.gov.co\/es\/wp-content\/uploads\/2022\/04\/20220303-Avistamiento-Fauna-1-300x135.jpg 300w, https:\/\/www.medellin.gov.co\/es\/wp-content\/uploads\/2022\/04\/20220303-Avistamiento-Fauna-1-150x68.jpg 150w, https:\/\/www.medellin.gov.co\/es\/wp-content\/uploads\/2022\/04\/20220303-Avistamiento-Fauna-1-768x346.jpg 768w\" sizes=\"(max-width: 1000px) 100vw, 1000px\" \/>\t\t\t\t\t\t\t\t\t\t\t\t\t\t<\/div>\n\t\t\t\t\t\t<\/div>\n\t\t\t\t<\/div>\n\t\t\t\t\t\t<\/div>\n\t\t\t\t\t<\/div>\n\t\t<\/div>\n\t\t\t\t\t\t\t\t<\/div>\n\t\t\t\t\t<\/div>\n\t\t<\/section>\n\t\t\t\t<div class=\"elementor-element elementor-element-8a10e94 elementor-widget elementor-widget-text-editor\" data-id=\"8a10e94\" data-element_type=\"widget\" data-widget_type=\"text-editor.default\">\n\t\t\t\t<div class=\"elementor-widget-container\">\n\t\t\t\t\t\t\t\t<div class=\"elementor-text-editor elementor-clearfix\">\n\t\t\t\t<p><span class=\"TextRun SCXW223619073 BCX0\" lang=\"ES-ES\" xml:lang=\"ES-ES\" data-contrast=\"auto\"><span class=\"NormalTextRun SCXW223619073 BCX0\">Uno de los aspectos m\u00e1s problem\u00e1ticos de cara a la protecci\u00f3n animal es el de <\/span><span class=\"NormalTextRun SCXW223619073 BCX0\">las estrategias <\/span><span class=\"NormalTextRun SCXW223619073 BCX0\">de acci\u00f3n frente a las especies ex\u00f3ticas, <\/span><span class=\"NormalTextRun SCXW223619073 BCX0\">introducidas\u00a0<\/span> <span class=\"NormalTextRun SCXW223619073 BCX0\">y<\/span><span class=\"NormalTextRun SCXW223619073 BCX0\"> con potencial o ya comprobada situaci\u00f3n de invasi\u00f3n. <\/span><span class=\"NormalTextRun SCXW223619073 BCX0\">El C<\/span><span class=\"NormalTextRun SCXW223619073 BCX0\">entro de Estudios en <\/span><span class=\"NormalTextRun SCXW223619073 BCX0\">P<\/span><span class=\"NormalTextRun SCXW223619073 BCX0\">rotecci\u00f3n y <\/span><span class=\"NormalTextRun SCXW223619073 BCX0\">B<\/span><span class=\"NormalTextRun SCXW223619073 BCX0\">ienestar <\/span><span class=\"NormalTextRun SCXW223619073 BCX0\">A<\/span><span class=\"NormalTextRun SCXW223619073 BCX0\">nimal<\/span><span class=\"NormalTextRun SCXW223619073 BCX0\"> brindar\u00e1 perspectivas interdisciplinarias de cara a: (i) la evaluaci\u00f3n del impacto y peligros tanto presentes como futuros para la biodiversidad y los ecosistemas, (<\/span><span class=\"NormalTextRun SpellingErrorV2Themed SCXW223619073 BCX0\">ii<\/span><span class=\"NormalTextRun SCXW223619073 BCX0\">)\u00a0 formulaci\u00f3n de estrategias de protecci\u00f3n de los ecosistemas y de la biodiversidad tanto <\/span><span class=\"NormalTextRun SpellingErrorV2Themed SCXW223619073 BCX0\">pre-frontera<\/span><span class=\"NormalTextRun SCXW223619073 BCX0\"> como <\/span><span class=\"NormalTextRun SpellingErrorV2Themed SCXW223619073 BCX0\">post-frontera<\/span><span class=\"NormalTextRun SCXW223619073 BCX0\">, (<\/span><span class=\"NormalTextRun SpellingErrorV2Themed SCXW223619073 BCX0\">iii<\/span><span class=\"NormalTextRun SCXW223619073 BCX0\">) formulaci\u00f3n de criterios \u00e9ticos de ponderaci\u00f3n entre las diferentes estrategias para la protecci\u00f3n de los ecosistemas y los espec\u00edmenes de EEI, (<\/span><span class=\"NormalTextRun SpellingErrorV2Themed SCXW223619073 BCX0\">iv<\/span><span class=\"NormalTextRun SCXW223619073 BCX0\">) fomento de debates informados, con presencia de personas expertas de diferentes \u00e1reas del saber tales como la biolog\u00eda, la medicina veterinaria, ingenier\u00eda ambiental y dem\u00e1s \u00e1reas que puedan aportar positivamente a la prevenci\u00f3n, manejo, control y\/o interacci\u00f3n responsable con EEI.<\/span><\/span><\/p>\t\t\t\t\t<\/div>\n\t\t\t\t\t\t<\/div>\n\t\t\t\t<\/div>\n\t\t\t\t<div class=\"elementor-element elementor-element-ec75cba elementor-tablet-align-left elementor-mobile-align-center elementor-widget elementor-widget-button\" data-id=\"ec75cba\" data-element_type=\"widget\" data-widget_type=\"button.default\">\n\t\t\t\t<div class=\"elementor-widget-container\">\n\t\t\t\t\t<div class=\"elementor-button-wrapper\">\n\t\t\t<a class=\"elementor-button elementor-size-sm\" role=\"button\">\n\t\t\t\t\t\t<span class=\"elementor-button-content-wrapper\">\n\t\t\t\t\t\t<span class=\"elementor-button-text\">Centro de estudios en protecci\u00f3n y bienestar animal\u00a0<\/span>\n\t\t<\/span>\n\t\t\t\t\t<\/a>\n\t\t<\/div>\n\t\t\t\t<\/div>\n\t\t\t\t<\/div>\n\t\t\t\t\t\t<\/div>\n\t\t\t\t\t<\/div>\n\t\t<\/div>\n\t\t\t\t\t\t\t\t<\/div>\n\t\t\t\t\t<\/div>\n\t\t<\/section>\n\t\t\t\t\t\t\t\t\t<\/div>\n\t\t\t<\/div>\n\t\t\t\t\t<\/div>\n\t\t","protected":false},"excerpt":{"rendered":"<p>Fauna ex\u00f3tica e introducida Las especies ex\u00f3ticas invasoras (EEI) son especies introducidas de forma natural, accidental o intencionada en un medio que no es el suyo y que, despu\u00e9s de cierto tiempo, consiguen adaptarse al &#8230;<\/p>\n","protected":false},"author":31,"featured_media":193866,"parent":201757,"menu_order":0,"comment_status":"closed","ping_status":"closed","template":"sec-medio-ambiente\/elementor.php","meta":[],"acf":[],"_links":{"self":[{"href":"https:\/\/www.medellin.gov.co\/es\/wp-json\/wp\/v2\/pages\/202947"}],"collection":[{"href":"https:\/\/www.medellin.gov.co\/es\/wp-json\/wp\/v2\/pages"}],"about":[{"href":"https:\/\/www.medellin.gov.co\/es\/wp-json\/wp\/v2\/types\/page"}],"author":[{"embeddable":true,"href":"https:\/\/www.medellin.gov.co\/es\/wp-json\/wp\/v2\/users\/31"}],"replies":[{"embeddable":true,"href":"https:\/\/www.medellin.gov.co\/es\/wp-json\/wp\/v2\/comments?post=202947"}],"version-history":[{"count":4,"href":"https:\/\/www.medellin.gov.co\/es\/wp-json\/wp\/v2\/pages\/202947\/revisions"}],"predecessor-version":[{"id":202965,"href":"https:\/\/www.medellin.gov.co\/es\/wp-json\/wp\/v2\/pages\/202947\/revisions\/202965"}],"up":[{"embeddable":true,"href":"https:\/\/www.medellin.gov.co\/es\/wp-json\/wp\/v2\/pages\/201757"}],"wp:featuredmedia":[{"embeddable":true,"href":"https:\/\/www.medellin.gov.co\/es\/wp-json\/wp\/v2\/media\/193866"}],"wp:attachment":[{"href":"https:\/\/www.medellin.gov.co\/es\/wp-json\/wp\/v2\/media?parent=202947"}],"curies":[{"name":"wp","href":"https:\/\/api.w.org\/{rel}","templated":true}]}}