{"id":202975,"date":"2023-05-31T07:46:33","date_gmt":"2023-05-31T12:46:33","guid":{"rendered":"https:\/\/www.medellin.gov.co\/es\/?page_id=202975"},"modified":"2025-12-03T09:09:26","modified_gmt":"2025-12-03T14:09:26","slug":"conectividad-de-la-fauna-silvestre","status":"publish","type":"page","link":"https:\/\/www.medellin.gov.co\/es\/secretaria-medio-ambiente\/proteccion-y-bienestar-animal\/proteccion-animal-del-distrito-de-medellin\/conectividad-de-la-fauna-silvestre\/","title":{"rendered":"Conectividad de la fauna silvestre"},"content":{"rendered":"\t\t<div data-elementor-type=\"wp-page\" data-elementor-id=\"202975\" class=\"elementor elementor-202975\">\n\t\t\t\t\t\t<div class=\"elementor-inner\">\n\t\t\t\t<div class=\"elementor-section-wrap\">\n\t\t\t\t\t\t\t\t\t<section class=\"elementor-section elementor-top-section elementor-element elementor-element-ec25e27 elementor-section-boxed elementor-section-height-default elementor-section-height-default\" data-id=\"ec25e27\" data-element_type=\"section\">\n\t\t\t\t\t\t<div class=\"elementor-container elementor-column-gap-default\">\n\t\t\t\t\t\t\t<div class=\"elementor-row\">\n\t\t\t\t\t<div class=\"elementor-column elementor-col-100 elementor-top-column elementor-element elementor-element-309fc9e\" data-id=\"309fc9e\" data-element_type=\"column\">\n\t\t\t<div class=\"elementor-column-wrap elementor-element-populated\">\n\t\t\t\t\t\t\t<div class=\"elementor-widget-wrap\">\n\t\t\t\t\t\t<div class=\"elementor-element elementor-element-3f7077f elementor-widget elementor-widget-heading\" data-id=\"3f7077f\" data-element_type=\"widget\" data-widget_type=\"heading.default\">\n\t\t\t\t<div class=\"elementor-widget-container\">\n\t\t\t<h1 class=\"elementor-heading-title elementor-size-default\">Conectividad de la fauna silvestre<\/h1>\t\t<\/div>\n\t\t\t\t<\/div>\n\t\t\t\t<div class=\"elementor-element elementor-element-d9fcb26 elementor-widget elementor-widget-text-editor\" data-id=\"d9fcb26\" data-element_type=\"widget\" data-widget_type=\"text-editor.default\">\n\t\t\t\t<div class=\"elementor-widget-container\">\n\t\t\t\t\t\t\t\t<div class=\"elementor-text-editor elementor-clearfix\">\n\t\t\t\t<p>Conoce las estrategias que se implementan desde el Distrito para la conectividad de la fauna silvestre en el territorio.<\/p>\t\t\t\t\t<\/div>\n\t\t\t\t\t\t<\/div>\n\t\t\t\t<\/div>\n\t\t\t\t<div class=\"elementor-element elementor-element-73dcf89 elementor-widget elementor-widget-heading\" data-id=\"73dcf89\" data-element_type=\"widget\" data-widget_type=\"heading.default\">\n\t\t\t\t<div class=\"elementor-widget-container\">\n\t\t\t<h2 class=\"elementor-heading-title elementor-size-default\"><b>Atropellamiento de<\/b>  la fauna<\/h2>\t\t<\/div>\n\t\t\t\t<\/div>\n\t\t\t\t<section class=\"elementor-section elementor-inner-section elementor-element elementor-element-e746835 elementor-section-boxed elementor-section-height-default elementor-section-height-default\" data-id=\"e746835\" data-element_type=\"section\">\n\t\t\t\t\t\t<div class=\"elementor-container elementor-column-gap-default\">\n\t\t\t\t\t\t\t<div class=\"elementor-row\">\n\t\t\t\t\t<div class=\"elementor-column elementor-col-50 elementor-inner-column elementor-element elementor-element-f332423\" data-id=\"f332423\" data-element_type=\"column\">\n\t\t\t<div class=\"elementor-column-wrap elementor-element-populated\">\n\t\t\t\t\t\t\t<div class=\"elementor-widget-wrap\">\n\t\t\t\t\t\t<div class=\"elementor-element elementor-element-a6387b0 elementor-widget elementor-widget-text-editor\" data-id=\"a6387b0\" data-element_type=\"widget\" data-widget_type=\"text-editor.default\">\n\t\t\t\t<div class=\"elementor-widget-container\">\n\t\t\t\t\t\t\t\t<div class=\"elementor-text-editor elementor-clearfix\">\n\t\t\t\t<p>La fauna silvestre presenta altos niveles de vulnerabilidad debido a la p\u00e9rdida y fragmentaci\u00f3n de sus h\u00e1bitats, producto de la transformaci\u00f3n del paisaje. Entre los factores que incrementan esta vulnerabilidad se encuentran las carreteras y dem\u00e1s infraestructuras lineales, donde el atropellamiento de fauna se ha consolidado como una de las principales causas de mortalidad no natural.<\/p><p>Diversos estudios muestran la magnitud del problema: en Brasil, el Sistema Urubu (2020) estima cerca de 475 millones de animales atropellados cada a\u00f1o, mientras que en Estados Unidos se reporta m\u00e1s de un mill\u00f3n de animales muertos por d\u00eda (Forman &amp; Alexander, 1998). Estas cifras superan ampliamente las p\u00e9rdidas ocasionadas por cacer\u00eda o tr\u00e1fico ilegal de fauna silvestre.<\/p><p>En Colombia y en Medell\u00edn a\u00fan no existen cifras consolidadas, por lo que dimensionar el atropellamiento de fauna sigue siendo un reto. Esta falta de datos refuerza la necesidad de monitorear, registrar y fortalecer los pasos para fauna como medida de prevenci\u00f3n.<\/p><p>Adem\u00e1s del impacto directo, el atropellamiento genera efectos ecol\u00f3gicos acumulativos, como la disminuci\u00f3n de poblaciones locales, el aislamiento gen\u00e9tico y la interrupci\u00f3n de los flujos entre subpoblaciones, profundizando la fragmentaci\u00f3n del Paisaje.<\/p>\t\t\t\t\t<\/div>\n\t\t\t\t\t\t<\/div>\n\t\t\t\t<\/div>\n\t\t\t\t\t\t<\/div>\n\t\t\t\t\t<\/div>\n\t\t<\/div>\n\t\t\t\t<div class=\"elementor-column elementor-col-50 elementor-inner-column elementor-element elementor-element-60bc93e\" data-id=\"60bc93e\" data-element_type=\"column\">\n\t\t\t<div class=\"elementor-column-wrap elementor-element-populated\">\n\t\t\t\t\t\t\t<div class=\"elementor-widget-wrap\">\n\t\t\t\t\t\t<div class=\"elementor-element elementor-element-786eebe elementor-widget elementor-widget-spacer\" data-id=\"786eebe\" data-element_type=\"widget\" data-widget_type=\"spacer.default\">\n\t\t\t\t<div class=\"elementor-widget-container\">\n\t\t\t\t\t<div class=\"elementor-spacer\">\n\t\t\t<div class=\"elementor-spacer-inner\"><\/div>\n\t\t<\/div>\n\t\t\t\t<\/div>\n\t\t\t\t<\/div>\n\t\t\t\t<div class=\"elementor-element elementor-element-e0a7943 elementor-widget elementor-widget-image\" data-id=\"e0a7943\" data-element_type=\"widget\" data-widget_type=\"image.default\">\n\t\t\t\t<div class=\"elementor-widget-container\">\n\t\t\t\t\t\t\t\t<div class=\"elementor-image\">\n\t\t\t\t\t\t\t\t\t\t\t\t<img width=\"935\" height=\"720\" src=\"https:\/\/www.medellin.gov.co\/es\/wp-content\/uploads\/2025\/12\/original-8A244979-684C-45C1-9761-CE2936B3725B.jpg\" class=\"attachment-large size-large\" alt=\"Animal atropellado\" loading=\"lazy\" srcset=\"https:\/\/www.medellin.gov.co\/es\/wp-content\/uploads\/2025\/12\/original-8A244979-684C-45C1-9761-CE2936B3725B.jpg 935w, https:\/\/www.medellin.gov.co\/es\/wp-content\/uploads\/2025\/12\/original-8A244979-684C-45C1-9761-CE2936B3725B-300x231.jpg 300w, https:\/\/www.medellin.gov.co\/es\/wp-content\/uploads\/2025\/12\/original-8A244979-684C-45C1-9761-CE2936B3725B-150x116.jpg 150w, https:\/\/www.medellin.gov.co\/es\/wp-content\/uploads\/2025\/12\/original-8A244979-684C-45C1-9761-CE2936B3725B-768x591.jpg 768w\" sizes=\"(max-width: 935px) 100vw, 935px\" \/>\t\t\t\t\t\t\t\t\t\t\t\t\t\t<\/div>\n\t\t\t\t\t\t<\/div>\n\t\t\t\t<\/div>\n\t\t\t\t\t\t<\/div>\n\t\t\t\t\t<\/div>\n\t\t<\/div>\n\t\t\t\t\t\t\t\t<\/div>\n\t\t\t\t\t<\/div>\n\t\t<\/section>\n\t\t\t\t<div class=\"elementor-element elementor-element-43a7ec6 elementor-widget elementor-widget-heading\" data-id=\"43a7ec6\" data-element_type=\"widget\" data-widget_type=\"heading.default\">\n\t\t\t\t<div class=\"elementor-widget-container\">\n\t\t\t<h2 class=\"elementor-heading-title elementor-size-default\"><b>\u00bfPor qu\u00e9 es necesario actuar?<\/b><\/h2>\t\t<\/div>\n\t\t\t\t<\/div>\n\t\t<div class=\"elementor-element elementor-element-c14341c e-container--column e-container\" data-id=\"c14341c\" data-element_type=\"container\">\t\t\t\t<div class=\"elementor-element elementor-element-121ed54 elementor-widget elementor-widget-text-editor\" data-id=\"121ed54\" data-element_type=\"widget\" data-widget_type=\"text-editor.default\">\n\t\t\t\t<div class=\"elementor-widget-container\">\n\t\t\t\t\t\t\t\t<div class=\"elementor-text-editor elementor-clearfix\">\n\t\t\t\t<p>El atropellamiento no solo representa una mortalidad inmediata, sino que compromete la viabilidad de especies a mediano y largo plazo. Por ello, el Distrito implementa estrategias de conectividad ecol\u00f3gica y pasos de fauna que permiten reducir este impacto, restaurar la movilidad natural y mejorar la supervivencia de las especies silvestres.<\/p>\t\t\t\t\t<\/div>\n\t\t\t\t\t\t<\/div>\n\t\t\t\t<\/div>\n\t\t<\/div>\t\t<div class=\"elementor-element elementor-element-864bb25 elementor-widget elementor-widget-heading\" data-id=\"864bb25\" data-element_type=\"widget\" data-widget_type=\"heading.default\">\n\t\t\t\t<div class=\"elementor-widget-container\">\n\t\t\t<h2 class=\"elementor-heading-title elementor-size-default\"><b>\u00bfQu\u00e9 son los pasos para fauna? <\/b><\/h2>\t\t<\/div>\n\t\t\t\t<\/div>\n\t\t\t\t<section class=\"elementor-section elementor-inner-section elementor-element elementor-element-bcf4723 elementor-section-boxed elementor-section-height-default elementor-section-height-default\" data-id=\"bcf4723\" data-element_type=\"section\">\n\t\t\t\t\t\t<div class=\"elementor-container elementor-column-gap-default\">\n\t\t\t\t\t\t\t<div class=\"elementor-row\">\n\t\t\t\t\t<div class=\"elementor-column elementor-col-50 elementor-inner-column elementor-element elementor-element-9b230e1\" data-id=\"9b230e1\" data-element_type=\"column\">\n\t\t\t<div class=\"elementor-column-wrap elementor-element-populated\">\n\t\t\t\t\t\t\t<div class=\"elementor-widget-wrap\">\n\t\t\t\t\t\t<div class=\"elementor-element elementor-element-9fc76a1 elementor-widget elementor-widget-text-editor\" data-id=\"9fc76a1\" data-element_type=\"widget\" data-widget_type=\"text-editor.default\">\n\t\t\t\t<div class=\"elementor-widget-container\">\n\t\t\t\t\t\t\t\t<div class=\"elementor-text-editor elementor-clearfix\">\n\t\t\t\t<p>Los pasos para fauna son estructuras dise\u00f1adas o adecuadas para permitir que los animales silvestres crucen de manera segura a trav\u00e9s de carreteras, v\u00edas, quebradas canalizadas u otras infraestructuras que fragmentan su h\u00e1bitat.<\/p><p>Pueden clasificarse en:<\/p><ul><li><strong>A\u00e9reos:<\/strong> puentes de cuerdas, escalerillas o plataformas elevadas.<\/li><li><strong>Terrestres<\/strong>: pasos inferiores tipo box culvert.<\/li><li><strong>Mixtos: <\/strong>Combinaciones seg\u00fan la especie objetivo y el entorno.<\/li><\/ul><p>Estas infraestructuras hacen parte de las estrategias de conectividad ecol\u00f3gica, ya que facilitan el movimiento natural de los animales entre parches de bosque, corredores ecol\u00f3gicos y \u00e1reas verdes urbanas.<\/p>\t\t\t\t\t<\/div>\n\t\t\t\t\t\t<\/div>\n\t\t\t\t<\/div>\n\t\t\t\t\t\t<\/div>\n\t\t\t\t\t<\/div>\n\t\t<\/div>\n\t\t\t\t<div class=\"elementor-column elementor-col-50 elementor-inner-column elementor-element elementor-element-f35948d\" data-id=\"f35948d\" data-element_type=\"column\">\n\t\t\t<div class=\"elementor-column-wrap elementor-element-populated\">\n\t\t\t\t\t\t\t<div class=\"elementor-widget-wrap\">\n\t\t\t\t\t\t<div class=\"elementor-element elementor-element-c7959a7 elementor-widget elementor-widget-image\" data-id=\"c7959a7\" data-element_type=\"widget\" data-widget_type=\"image.default\">\n\t\t\t\t<div class=\"elementor-widget-container\">\n\t\t\t\t\t\t\t\t<div class=\"elementor-image\">\n\t\t\t\t\t\t\t\t\t\t\t\t<img width=\"960\" height=\"720\" src=\"https:\/\/www.medellin.gov.co\/es\/wp-content\/uploads\/2025\/12\/pasoFauna.jpg\" class=\"attachment-large size-large\" alt=\"\" loading=\"lazy\" srcset=\"https:\/\/www.medellin.gov.co\/es\/wp-content\/uploads\/2025\/12\/pasoFauna.jpg 960w, https:\/\/www.medellin.gov.co\/es\/wp-content\/uploads\/2025\/12\/pasoFauna-300x225.jpg 300w, https:\/\/www.medellin.gov.co\/es\/wp-content\/uploads\/2025\/12\/pasoFauna-150x113.jpg 150w, https:\/\/www.medellin.gov.co\/es\/wp-content\/uploads\/2025\/12\/pasoFauna-768x576.jpg 768w\" sizes=\"(max-width: 960px) 100vw, 960px\" \/>\t\t\t\t\t\t\t\t\t\t\t\t\t\t<\/div>\n\t\t\t\t\t\t<\/div>\n\t\t\t\t<\/div>\n\t\t\t\t\t\t<\/div>\n\t\t\t\t\t<\/div>\n\t\t<\/div>\n\t\t\t\t\t\t\t\t<\/div>\n\t\t\t\t\t<\/div>\n\t\t<\/section>\n\t\t\t\t\t\t<\/div>\n\t\t\t\t\t<\/div>\n\t\t<\/div>\n\t\t\t\t\t\t\t\t<\/div>\n\t\t\t\t\t<\/div>\n\t\t<\/section>\n\t\t<div class=\"elementor-element elementor-element-200d9a7 e-container--column e-container\" data-id=\"200d9a7\" data-element_type=\"container\">\t\t\t\t<div class=\"elementor-element elementor-element-01fa863 elementor-widget elementor-widget-heading\" data-id=\"01fa863\" data-element_type=\"widget\" data-widget_type=\"heading.default\">\n\t\t\t\t<div class=\"elementor-widget-container\">\n\t\t\t<h2 class=\"elementor-heading-title elementor-size-default\"><b>\u00bfPor qu\u00e9 son importantes?<\/b><\/h2>\t\t<\/div>\n\t\t\t\t<\/div>\n\t\t<\/div><div class=\"elementor-element elementor-element-f31a094 e-container--column e-container\" data-id=\"f31a094\" data-element_type=\"container\">\t\t\t\t<div class=\"elementor-element elementor-element-dfd78e4 elementor-widget elementor-widget-spacer\" data-id=\"dfd78e4\" data-element_type=\"widget\" data-widget_type=\"spacer.default\">\n\t\t\t\t<div class=\"elementor-widget-container\">\n\t\t\t\t\t<div class=\"elementor-spacer\">\n\t\t\t<div class=\"elementor-spacer-inner\"><\/div>\n\t\t<\/div>\n\t\t\t\t<\/div>\n\t\t\t\t<\/div>\n\t\t<\/div><div class=\"elementor-element elementor-element-ecf4d11 e-container--column e-container\" data-id=\"ecf4d11\" data-element_type=\"container\">\t\t\t\t<div class=\"elementor-element elementor-element-8ee8986 elementor-widget elementor-widget-text-editor\" data-id=\"8ee8986\" data-element_type=\"widget\" data-widget_type=\"text-editor.default\">\n\t\t\t\t<div class=\"elementor-widget-container\">\n\t\t\t\t\t\t\t\t<div class=\"elementor-text-editor elementor-clearfix\">\n\t\t\t\t<ul><li>Reducen el atropellamiento de fauna.<\/li><li>Restablecen la conectividad ecol\u00f3gica, permitiendo el movimiento natural y el flujo gen\u00e9tico.<\/li><li>Disminuyen accidentes de tr\u00e1nsito relacionados con animales en la v\u00eda.<\/li><li>Apoyan la conservaci\u00f3n de especies que necesitan desplazarse para alimentarse, refugiarse o reproducirse.<\/li><\/ul>\t\t\t\t\t<\/div>\n\t\t\t\t\t\t<\/div>\n\t\t\t\t<\/div>\n\t\t<\/div><div class=\"elementor-element elementor-element-831b9ea e-container--column e-container\" data-id=\"831b9ea\" data-element_type=\"container\">\t\t\t\t<div class=\"elementor-element elementor-element-1ec9963 elementor-widget elementor-widget-heading\" data-id=\"1ec9963\" data-element_type=\"widget\" data-widget_type=\"heading.default\">\n\t\t\t\t<div class=\"elementor-widget-container\">\n\t\t\t<h2 class=\"elementor-heading-title elementor-size-default\"><b>\u00bfQu\u00e9 se ha hecho en el Distrito?<\/b><\/h2>\t\t<\/div>\n\t\t\t\t<\/div>\n\t\t<\/div><div class=\"elementor-element elementor-element-82822c1 e-container--column e-container\" data-id=\"82822c1\" data-element_type=\"container\">\t\t\t\t<div class=\"elementor-element elementor-element-833d285 elementor-widget elementor-widget-spacer\" data-id=\"833d285\" data-element_type=\"widget\" data-widget_type=\"spacer.default\">\n\t\t\t\t<div class=\"elementor-widget-container\">\n\t\t\t\t\t<div class=\"elementor-spacer\">\n\t\t\t<div class=\"elementor-spacer-inner\"><\/div>\n\t\t<\/div>\n\t\t\t\t<\/div>\n\t\t\t\t<\/div>\n\t\t<\/div><div class=\"elementor-element elementor-element-b05fa4b e-container--column e-container\" data-id=\"b05fa4b\" data-element_type=\"container\">\t\t\t\t<div class=\"elementor-element elementor-element-d31496b elementor-widget elementor-widget-text-editor\" data-id=\"d31496b\" data-element_type=\"widget\" data-widget_type=\"text-editor.default\">\n\t\t\t\t<div class=\"elementor-widget-container\">\n\t\t\t\t\t\t\t\t<div class=\"elementor-text-editor elementor-clearfix\">\n\t\t\t\t<ul><li>Instalaci\u00f3n de 3 pasos para fauna por parte de la Secretar\u00eda del Medio Ambiente en varias zonas urbanas y rurales, y pr\u00f3xima instalaci\u00f3n de 2 nuevos.<\/li><li>Monitoreo con c\u00e1maras trampa en 3 pasos existentes y futura ampliaci\u00f3n a los 2 nuevos.<\/li><li>Identificaci\u00f3n de sitios prioritarios seg\u00fan presencia de fauna y riesgo de atropellamiento.<\/li><li>Consolidaci\u00f3n de una base de datos georreferenciada con los pasos instalados y los pasos proyectados.<\/li><li>Avance en la construcci\u00f3n de una cartilla t\u00e9cnica distrital, que permitir\u00e1 estandarizar el dise\u00f1o, instalaci\u00f3n, seguimiento y mantenimiento de estos proyectos en Medell\u00edn.<\/li><\/ul>\t\t\t\t\t<\/div>\n\t\t\t\t\t\t<\/div>\n\t\t\t\t<\/div>\n\t\t<\/div>\t\t\t\t\t\t\t<\/div>\n\t\t\t<\/div>\n\t\t\t\t\t<\/div>\n\t\t","protected":false},"excerpt":{"rendered":"<p>Conectividad de la fauna silvestre Conoce las estrategias que se implementan desde el Distrito para la conectividad de la fauna silvestre en el territorio. Atropellamiento de la fauna La fauna silvestre presenta altos niveles de &#8230;<\/p>\n","protected":false},"author":31,"featured_media":193866,"parent":201757,"menu_order":0,"comment_status":"closed","ping_status":"closed","template":"sec-medio-ambiente\/elementor.php","meta":[],"acf":[],"_links":{"self":[{"href":"https:\/\/www.medellin.gov.co\/es\/wp-json\/wp\/v2\/pages\/202975"}],"collection":[{"href":"https:\/\/www.medellin.gov.co\/es\/wp-json\/wp\/v2\/pages"}],"about":[{"href":"https:\/\/www.medellin.gov.co\/es\/wp-json\/wp\/v2\/types\/page"}],"author":[{"embeddable":true,"href":"https:\/\/www.medellin.gov.co\/es\/wp-json\/wp\/v2\/users\/31"}],"replies":[{"embeddable":true,"href":"https:\/\/www.medellin.gov.co\/es\/wp-json\/wp\/v2\/comments?post=202975"}],"version-history":[{"count":7,"href":"https:\/\/www.medellin.gov.co\/es\/wp-json\/wp\/v2\/pages\/202975\/revisions"}],"predecessor-version":[{"id":484684,"href":"https:\/\/www.medellin.gov.co\/es\/wp-json\/wp\/v2\/pages\/202975\/revisions\/484684"}],"up":[{"embeddable":true,"href":"https:\/\/www.medellin.gov.co\/es\/wp-json\/wp\/v2\/pages\/201757"}],"wp:featuredmedia":[{"embeddable":true,"href":"https:\/\/www.medellin.gov.co\/es\/wp-json\/wp\/v2\/media\/193866"}],"wp:attachment":[{"href":"https:\/\/www.medellin.gov.co\/es\/wp-json\/wp\/v2\/media?parent=202975"}],"curies":[{"name":"wp","href":"https:\/\/api.w.org\/{rel}","templated":true}]}}