{"id":20472,"date":"2021-10-03T15:38:29","date_gmt":"2021-10-03T20:38:29","guid":{"rendered":"https:\/\/www.medellin.gov.co\/es\/?page_id=20472"},"modified":"2022-06-14T15:22:02","modified_gmt":"2022-06-14T20:22:02","slug":"proyecto-medeinn","status":"publish","type":"page","link":"https:\/\/www.medellin.gov.co\/es\/secretaria-de-innovacion-digital\/innovacion-del-estado\/proyecto-medeinn\/","title":{"rendered":"Proyecto MedeInn"},"content":{"rendered":"\t\t<div data-elementor-type=\"wp-page\" data-elementor-id=\"20472\" class=\"elementor elementor-20472\">\n\t\t\t\t\t\t<div class=\"elementor-inner\">\n\t\t\t\t<div class=\"elementor-section-wrap\">\n\t\t\t\t\t\t\t\t\t<section class=\"elementor-section elementor-top-section elementor-element elementor-element-7f1696ec elementor-section-boxed elementor-section-height-default elementor-section-height-default\" data-id=\"7f1696ec\" data-element_type=\"section\">\n\t\t\t\t\t\t<div class=\"elementor-container elementor-column-gap-default\">\n\t\t\t\t\t\t\t<div class=\"elementor-row\">\n\t\t\t\t\t<div class=\"elementor-column elementor-col-100 elementor-top-column elementor-element elementor-element-c93237b\" data-id=\"c93237b\" data-element_type=\"column\">\n\t\t\t<div class=\"elementor-column-wrap elementor-element-populated\">\n\t\t\t\t\t\t\t<div class=\"elementor-widget-wrap\">\n\t\t\t\t\t\t<div class=\"elementor-element elementor-element-4cfeb366 elementor-widget elementor-widget-heading\" data-id=\"4cfeb366\" data-element_type=\"widget\" data-widget_type=\"heading.default\">\n\t\t\t\t<div class=\"elementor-widget-container\">\n\t\t\t<h1 class=\"elementor-heading-title elementor-size-default\">Proyecto MedeInn<\/h1>\t\t<\/div>\n\t\t\t\t<\/div>\n\t\t\t\t<div class=\"elementor-element elementor-element-6007277 elementor-widget elementor-widget-image\" data-id=\"6007277\" data-element_type=\"widget\" data-widget_type=\"image.default\">\n\t\t\t\t<div class=\"elementor-widget-container\">\n\t\t\t\t\t\t\t\t<div class=\"elementor-image\">\n\t\t\t\t\t\t\t\t\t\t\t\t<img width=\"944\" height=\"414\" src=\"https:\/\/www.medellin.gov.co\/es\/wp-content\/uploads\/2021\/10\/mujer-usando-celular.jpg\" class=\"attachment-full size-full\" alt=\"Mujer usando celular\" loading=\"lazy\" srcset=\"https:\/\/www.medellin.gov.co\/es\/wp-content\/uploads\/2021\/10\/mujer-usando-celular.jpg 944w, https:\/\/www.medellin.gov.co\/es\/wp-content\/uploads\/2021\/10\/mujer-usando-celular-300x132.jpg 300w, https:\/\/www.medellin.gov.co\/es\/wp-content\/uploads\/2021\/10\/mujer-usando-celular-150x66.jpg 150w, https:\/\/www.medellin.gov.co\/es\/wp-content\/uploads\/2021\/10\/mujer-usando-celular-768x337.jpg 768w\" sizes=\"(max-width: 944px) 100vw, 944px\" \/>\t\t\t\t\t\t\t\t\t\t\t\t\t\t<\/div>\n\t\t\t\t\t\t<\/div>\n\t\t\t\t<\/div>\n\t\t\t\t<div class=\"elementor-element elementor-element-fbfc14a elementor-widget elementor-widget-text-editor\" data-id=\"fbfc14a\" data-element_type=\"widget\" data-widget_type=\"text-editor.default\">\n\t\t\t\t<div class=\"elementor-widget-container\">\n\t\t\t\t\t\t\t\t<div class=\"elementor-text-editor elementor-clearfix\">\n\t\t\t\t<p>MedeInn se configura como el Laboratorio de Innovaci\u00f3n con enfoque Govtech del Municipio de Medell\u00edn, el cual tiene como objetivo liderar la estrategia de Investigaci\u00f3n, Desarrollo e Innovaci\u00f3n en el sector p\u00fablico de la Alcald\u00eda de Medell\u00edn, a trav\u00e9s de procesos de innovaci\u00f3n abierta, el fortalecimiento de la cultura disruptiva al interior de la organizaci\u00f3n y la apropiaci\u00f3n de servicios y cultura digital; para la generaci\u00f3n de valor p\u00fablico y modernizaci\u00f3n del Municipio.<\/p><p>MedeInn, como laboratorio de Innovaci\u00f3n P\u00fablica del Municipio de Medell\u00edn, nace por medio del proceso de fortalecimiento institucional, por el cual se crea la Secretar\u00eda de Innovaci\u00f3n Digital. All\u00ed, como Unidad de Innovaci\u00f3n de la secretar\u00eda, tiene el prop\u00f3sito de liderar la estrategia de I+D+i y los procesos de apropiaci\u00f3n y cultura digital al interior de la entidad; por medio de m\u00e9todos y herramientas para la generaci\u00f3n de valor p\u00fablico a trav\u00e9s de medios m\u00e1s eficientes y sostenibles. Bajo el Plan de Desarrollo, Medell\u00edn Futuro, MedeInn cuenta con la responsabilidad de Implementar las soluciones de innovaci\u00f3n a retos basados en datos y el uso y apropiaci\u00f3n de los servicios digitales del Municipio, por parte de la ciudadan\u00eda y los servidores.<\/p>\t\t\t\t\t<\/div>\n\t\t\t\t\t\t<\/div>\n\t\t\t\t<\/div>\n\t\t\t\t<div class=\"elementor-element elementor-element-aeb375c elementor-widget elementor-widget-image\" data-id=\"aeb375c\" data-element_type=\"widget\" data-widget_type=\"image.default\">\n\t\t\t\t<div class=\"elementor-widget-container\">\n\t\t\t\t\t\t\t\t<div class=\"elementor-image\">\n\t\t\t\t\t\t\t\t\t\t\t\t<img width=\"1024\" height=\"675\" src=\"https:\/\/www.medellin.gov.co\/es\/wp-content\/uploads\/2021\/10\/vista-al-complejo-alpujarra.jpg\" class=\"attachment-full size-full\" alt=\"Vista al complejo Alpujarra\" loading=\"lazy\" srcset=\"https:\/\/www.medellin.gov.co\/es\/wp-content\/uploads\/2021\/10\/vista-al-complejo-alpujarra.jpg 1024w, https:\/\/www.medellin.gov.co\/es\/wp-content\/uploads\/2021\/10\/vista-al-complejo-alpujarra-300x198.jpg 300w, https:\/\/www.medellin.gov.co\/es\/wp-content\/uploads\/2021\/10\/vista-al-complejo-alpujarra-150x99.jpg 150w, https:\/\/www.medellin.gov.co\/es\/wp-content\/uploads\/2021\/10\/vista-al-complejo-alpujarra-768x506.jpg 768w\" sizes=\"(max-width: 1024px) 100vw, 1024px\" \/>\t\t\t\t\t\t\t\t\t\t\t\t\t\t<\/div>\n\t\t\t\t\t\t<\/div>\n\t\t\t\t<\/div>\n\t\t\t\t<div class=\"elementor-element elementor-element-6ac464b elementor-widget elementor-widget-text-editor\" data-id=\"6ac464b\" data-element_type=\"widget\" data-widget_type=\"text-editor.default\">\n\t\t\t\t<div class=\"elementor-widget-container\">\n\t\t\t\t\t\t\t\t<div class=\"elementor-text-editor elementor-clearfix\">\n\t\t\t\t<p>MedeInn fue formulado a trav\u00e9s de un acompa\u00f1amiento brindado por el DNP desde su Equipo de Innovaci\u00f3n P\u00fablica, siendo destacado como una de las iniciativas a resaltar en el a\u00f1o 2020. Adem\u00e1s, es el \u00fanico ente territorial miembro del (CNIP) Comit\u00e9 Nacional de Innovaci\u00f3n P\u00fablica.<\/p><p>MedeInn busca el fortalecimiento del ecosistema Govtech a trav\u00e9s de sus acciones como Laboratorio de Innovaci\u00f3n P\u00fablica del Municipio, as\u00ed pues, busca fomentar una cultura disruptiva al interior de la Administraci\u00f3n Municipal, la apropiaci\u00f3n de servicios, herramientas y nuevas tecnolog\u00edas en la organizaci\u00f3n y acompa\u00f1ar los procesos de innovaci\u00f3n abierta y cerrada en las dependencias del Municipio.<\/p>\t\t\t\t\t<\/div>\n\t\t\t\t\t\t<\/div>\n\t\t\t\t<\/div>\n\t\t\t\t<div class=\"elementor-element elementor-element-62abc5f elementor-widget elementor-widget-heading\" data-id=\"62abc5f\" data-element_type=\"widget\" data-widget_type=\"heading.default\">\n\t\t\t\t<div class=\"elementor-widget-container\">\n\t\t\t<h2 class=\"elementor-heading-title elementor-size-default\"><b>Componentes<\/b> de MedeInn<\/h2>\t\t<\/div>\n\t\t\t\t<\/div>\n\t\t\t\t<div class=\"elementor-element elementor-element-846b0f1 elementor-widget elementor-widget-text-editor\" data-id=\"846b0f1\" data-element_type=\"widget\" data-widget_type=\"text-editor.default\">\n\t\t\t\t<div class=\"elementor-widget-container\">\n\t\t\t\t\t\t\t\t<div class=\"elementor-text-editor elementor-clearfix\">\n\t\t\t\t<p>El proyecto MedeINN se desarrolla en base a los siguientes componentes:<\/p>\t\t\t\t\t<\/div>\n\t\t\t\t\t\t<\/div>\n\t\t\t\t<\/div>\n\t\t\t\t<div class=\"elementor-element elementor-element-193501e elementor-widget elementor-widget-text-editor\" data-id=\"193501e\" data-element_type=\"widget\" data-widget_type=\"text-editor.default\">\n\t\t\t\t<div class=\"elementor-widget-container\">\n\t\t\t\t\t\t\t\t<div class=\"elementor-text-editor elementor-clearfix\">\n\t\t\t\t<ul>\n<li>Formaci\u00f3n I+D+i.<\/li><li>Procesos de apropiaci\u00f3n.<\/li><li>Cultura Digital.<\/li><li>Acompa\u00f1amiento por DNP.<\/li><li>Ente territorial miembro del CNIP.<\/li><li>Fortalecimiento del ecosistema GovTech.<\/li>\n<\/ul>\t\t\t\t\t<\/div>\n\t\t\t\t\t\t<\/div>\n\t\t\t\t<\/div>\n\t\t\t\t<div class=\"elementor-element elementor-element-f684a2f elementor-widget elementor-widget-heading\" data-id=\"f684a2f\" data-element_type=\"widget\" data-widget_type=\"heading.default\">\n\t\t\t\t<div class=\"elementor-widget-container\">\n\t\t\t<h2 class=\"elementor-heading-title elementor-size-default\"><b>Modelo de Gesti\u00f3n<\/b> del proyecto MedeInn<\/h2>\t\t<\/div>\n\t\t\t\t<\/div>\n\t\t\t\t<div class=\"elementor-element elementor-element-7aca683 elementor-widget elementor-widget-text-editor\" data-id=\"7aca683\" data-element_type=\"widget\" data-widget_type=\"text-editor.default\">\n\t\t\t\t<div class=\"elementor-widget-container\">\n\t\t\t\t\t\t\t\t<div class=\"elementor-text-editor elementor-clearfix\">\n\t\t\t\t<p>Contamos con tres campos de acci\u00f3n: Uso y Apropiaci\u00f3n, Innovaci\u00f3n Interna e Innovaci\u00f3n Abierta.<\/p><p>Desde uso y apropiaci\u00f3n buscamos gestionar y proveer procesos de aprendizaje en conocimientos asociados a la Transformaci\u00f3n Digital, medir el nivel de adopci\u00f3n de los servicios digitales de la entidad e implementar acciones para el uso y apropiaci\u00f3n de los mismos.<\/p><p>En innovaci\u00f3n interna nos encargamos de acompa\u00f1ar a la entidad en la activaci\u00f3n de capacidades para la investigaci\u00f3n y vigilancia tecnol\u00f3gica, consolidar y fortalecer el modelo de agentes de innovaci\u00f3n en la Alcald\u00eda y acompa\u00f1ar metodol\u00f3gicamente a las dependencias del orden central.<\/p>\t\t\t\t\t<\/div>\n\t\t\t\t\t\t<\/div>\n\t\t\t\t<\/div>\n\t\t\t\t<div class=\"elementor-element elementor-element-b154b32 elementor-widget elementor-widget-image\" data-id=\"b154b32\" data-element_type=\"widget\" data-widget_type=\"image.default\">\n\t\t\t\t<div class=\"elementor-widget-container\">\n\t\t\t\t\t\t\t\t<div class=\"elementor-image\">\n\t\t\t\t\t\t\t\t\t\t\t\t<img width=\"1024\" height=\"684\" src=\"https:\/\/www.medellin.gov.co\/es\/wp-content\/uploads\/2021\/10\/reunion-alcalde-medellin.jpeg\" class=\"attachment-full size-full\" alt=\"Reuni\u00f3n Alcalde Medell\u00edn\" loading=\"lazy\" srcset=\"https:\/\/www.medellin.gov.co\/es\/wp-content\/uploads\/2021\/10\/reunion-alcalde-medellin.jpeg 1024w, https:\/\/www.medellin.gov.co\/es\/wp-content\/uploads\/2021\/10\/reunion-alcalde-medellin-300x200.jpeg 300w, https:\/\/www.medellin.gov.co\/es\/wp-content\/uploads\/2021\/10\/reunion-alcalde-medellin-150x100.jpeg 150w, https:\/\/www.medellin.gov.co\/es\/wp-content\/uploads\/2021\/10\/reunion-alcalde-medellin-768x513.jpeg 768w\" sizes=\"(max-width: 1024px) 100vw, 1024px\" \/>\t\t\t\t\t\t\t\t\t\t\t\t\t\t<\/div>\n\t\t\t\t\t\t<\/div>\n\t\t\t\t<\/div>\n\t\t\t\t<div class=\"elementor-element elementor-element-2af8859 elementor-widget elementor-widget-text-editor\" data-id=\"2af8859\" data-element_type=\"widget\" data-widget_type=\"text-editor.default\">\n\t\t\t\t<div class=\"elementor-widget-container\">\n\t\t\t\t\t\t\t\t<div class=\"elementor-text-editor elementor-clearfix\">\n\t\t\t\t<p>Finalmente, desde Innovaci\u00f3n Abierta somos los encargados del fortalecimiento al ecosistema Govtech de Medell\u00edn. Tambi\u00e9n de generar y acompa\u00f1ar metodol\u00f3gicamente las conexiones entre las necesidades del sector p\u00fablico y las capacidades del ecosistema de ciencia, tecnolog\u00eda e innovaci\u00f3n de la ciudad.<\/p><p>Ac\u00e1 podr\u00e1s conectarte con la plataforma de Innovaci\u00f3n Abierta de <a href=\"https:\/\/www.medellin.gov.co\/medeinn\" target=\"_blank\" rel=\"noopener\">MedeInn<\/a><\/p><p>Comparte tu idea innovadora desde las Diferentes dimensiones de ciudad inteligente: personas, medio ambiente, h\u00e1bitat, desarrollo econ\u00f3mico, calidad de vida y gobernanza; para fortalecer a nuestra ciudad con una de ellas.<\/p>\t\t\t\t\t<\/div>\n\t\t\t\t\t\t<\/div>\n\t\t\t\t<\/div>\n\t\t\t\t\t\t<\/div>\n\t\t\t\t\t<\/div>\n\t\t<\/div>\n\t\t\t\t\t\t\t\t<\/div>\n\t\t\t\t\t<\/div>\n\t\t<\/section>\n\t\t\t\t\t\t\t\t\t<\/div>\n\t\t\t<\/div>\n\t\t\t\t\t<\/div>\n\t\t","protected":false},"excerpt":{"rendered":"<p>Proyecto MedeInn MedeInn se configura como el Laboratorio de Innovaci\u00f3n con enfoque Govtech del Municipio de Medell\u00edn, el cual tiene como objetivo liderar la estrategia de Investigaci\u00f3n, Desarrollo e Innovaci\u00f3n en el sector p\u00fablico de &#8230;<\/p>\n","protected":false},"author":1,"featured_media":20893,"parent":20470,"menu_order":5,"comment_status":"closed","ping_status":"closed","template":"sec-innovacion\/elementor.php","meta":[],"acf":[],"_links":{"self":[{"href":"https:\/\/www.medellin.gov.co\/es\/wp-json\/wp\/v2\/pages\/20472"}],"collection":[{"href":"https:\/\/www.medellin.gov.co\/es\/wp-json\/wp\/v2\/pages"}],"about":[{"href":"https:\/\/www.medellin.gov.co\/es\/wp-json\/wp\/v2\/types\/page"}],"author":[{"embeddable":true,"href":"https:\/\/www.medellin.gov.co\/es\/wp-json\/wp\/v2\/users\/1"}],"replies":[{"embeddable":true,"href":"https:\/\/www.medellin.gov.co\/es\/wp-json\/wp\/v2\/comments?post=20472"}],"version-history":[{"count":23,"href":"https:\/\/www.medellin.gov.co\/es\/wp-json\/wp\/v2\/pages\/20472\/revisions"}],"predecessor-version":[{"id":65610,"href":"https:\/\/www.medellin.gov.co\/es\/wp-json\/wp\/v2\/pages\/20472\/revisions\/65610"}],"up":[{"embeddable":true,"href":"https:\/\/www.medellin.gov.co\/es\/wp-json\/wp\/v2\/pages\/20470"}],"wp:featuredmedia":[{"embeddable":true,"href":"https:\/\/www.medellin.gov.co\/es\/wp-json\/wp\/v2\/media\/20893"}],"wp:attachment":[{"href":"https:\/\/www.medellin.gov.co\/es\/wp-json\/wp\/v2\/media?parent=20472"}],"curies":[{"name":"wp","href":"https:\/\/api.w.org\/{rel}","templated":true}]}}