{"id":20475,"date":"2021-10-03T15:39:21","date_gmt":"2021-10-03T20:39:21","guid":{"rendered":"https:\/\/www.medellin.gov.co\/es\/?page_id=20475"},"modified":"2021-11-11T08:11:27","modified_gmt":"2021-11-11T13:11:27","slug":"proyecto-apropiatic","status":"publish","type":"page","link":"https:\/\/www.medellin.gov.co\/es\/secretaria-de-innovacion-digital\/innovacion-del-estado\/proyecto-apropiatic\/","title":{"rendered":"Proyecto ApropiaTIC"},"content":{"rendered":"\t\t<div data-elementor-type=\"wp-page\" data-elementor-id=\"20475\" class=\"elementor elementor-20475\">\n\t\t\t\t\t\t<div class=\"elementor-inner\">\n\t\t\t\t<div class=\"elementor-section-wrap\">\n\t\t\t\t\t\t\t\t\t<section class=\"elementor-section elementor-top-section elementor-element elementor-element-64f53885 elementor-section-boxed elementor-section-height-default elementor-section-height-default\" data-id=\"64f53885\" data-element_type=\"section\">\n\t\t\t\t\t\t<div class=\"elementor-container elementor-column-gap-default\">\n\t\t\t\t\t\t\t<div class=\"elementor-row\">\n\t\t\t\t\t<div class=\"elementor-column elementor-col-100 elementor-top-column elementor-element elementor-element-5bb95d61\" data-id=\"5bb95d61\" data-element_type=\"column\">\n\t\t\t<div class=\"elementor-column-wrap elementor-element-populated\">\n\t\t\t\t\t\t\t<div class=\"elementor-widget-wrap\">\n\t\t\t\t\t\t<div class=\"elementor-element elementor-element-e245f60 elementor-widget elementor-widget-heading\" data-id=\"e245f60\" data-element_type=\"widget\" data-widget_type=\"heading.default\">\n\t\t\t\t<div class=\"elementor-widget-container\">\n\t\t\t<h1 class=\"elementor-heading-title elementor-size-default\">Proyecto ApropiaTIC<\/h1>\t\t<\/div>\n\t\t\t\t<\/div>\n\t\t\t\t<div class=\"elementor-element elementor-element-bc93b14 elementor-widget elementor-widget-image\" data-id=\"bc93b14\" data-element_type=\"widget\" data-widget_type=\"image.default\">\n\t\t\t\t<div class=\"elementor-widget-container\">\n\t\t\t\t\t\t\t\t<div class=\"elementor-image\">\n\t\t\t\t\t\t\t\t\t\t\t\t<img width=\"957\" height=\"414\" src=\"https:\/\/www.medellin.gov.co\/es\/wp-content\/uploads\/2021\/10\/nina-dibujando-en-graficadora-digital.jpg\" class=\"attachment-full size-full\" alt=\"Ni\u00f1a dibujando en graficadora digital\" loading=\"lazy\" srcset=\"https:\/\/www.medellin.gov.co\/es\/wp-content\/uploads\/2021\/10\/nina-dibujando-en-graficadora-digital.jpg 957w, https:\/\/www.medellin.gov.co\/es\/wp-content\/uploads\/2021\/10\/nina-dibujando-en-graficadora-digital-300x130.jpg 300w, https:\/\/www.medellin.gov.co\/es\/wp-content\/uploads\/2021\/10\/nina-dibujando-en-graficadora-digital-150x65.jpg 150w, https:\/\/www.medellin.gov.co\/es\/wp-content\/uploads\/2021\/10\/nina-dibujando-en-graficadora-digital-768x332.jpg 768w\" sizes=\"(max-width: 957px) 100vw, 957px\" \/>\t\t\t\t\t\t\t\t\t\t\t\t\t\t<\/div>\n\t\t\t\t\t\t<\/div>\n\t\t\t\t<\/div>\n\t\t\t\t<div class=\"elementor-element elementor-element-7557524 elementor-widget elementor-widget-text-editor\" data-id=\"7557524\" data-element_type=\"widget\" data-widget_type=\"text-editor.default\">\n\t\t\t\t<div class=\"elementor-widget-container\">\n\t\t\t\t\t\t\t\t<div class=\"elementor-text-editor elementor-clearfix\">\n\t\t\t\t<p>ApropiaTIC es la estrategia para incrementar la apropiaci\u00f3n digital a trav\u00e9s del uso de herramientas tecnol\u00f3gicas, que permitan conectar la oferta institucional con sus usuarios internos y externos; y posibilitar el establecimiento de comunidades digitales para generar valor con los servicios.<\/p><p>La estrategia de uso y apropiaci\u00f3n de la Alcald\u00eda de Medell\u00edn pretende trabajar de manera articulada\u202fcon la Pol\u00edtica de Gobierno, atendiendo a las din\u00e1micas propias de la Transformaci\u00f3n Digital del Territorio y partiendo desde la apropiaci\u00f3n tecnol\u00f3gica\u202fcomo inter\u00e9s de todos los ciudadanos.<\/p><p>El incremento de la apropiaci\u00f3n digital a trav\u00e9s del uso de herramientas digitales permitir\u00e1 conectar la oferta de la Alcald\u00eda de Medell\u00edn con sus usuarios, tanto internos como externos, generando valor y establecimiento de comunidades digitales, no solo en la entidad, sino tambi\u00e9n en la ciudadan\u00eda.<\/p>\t\t\t\t\t<\/div>\n\t\t\t\t\t\t<\/div>\n\t\t\t\t<\/div>\n\t\t\t\t<div class=\"elementor-element elementor-element-b99ef33 elementor-widget elementor-widget-heading\" data-id=\"b99ef33\" data-element_type=\"widget\" data-widget_type=\"heading.default\">\n\t\t\t\t<div class=\"elementor-widget-container\">\n\t\t\t<h2 class=\"elementor-heading-title elementor-size-default\"><b>Prop\u00f3sito del proyecto<\/b> ApropiaTIC<\/h2>\t\t<\/div>\n\t\t\t\t<\/div>\n\t\t\t\t<div class=\"elementor-element elementor-element-993a516 elementor-widget elementor-widget-text-editor\" data-id=\"993a516\" data-element_type=\"widget\" data-widget_type=\"text-editor.default\">\n\t\t\t\t<div class=\"elementor-widget-container\">\n\t\t\t\t\t\t\t\t<div class=\"elementor-text-editor elementor-clearfix\">\n\t\t\t\t<p>Gestionar la apropiaci\u00f3n tecnol\u00f3gica y la cultura digital a trav\u00e9s de la generaci\u00f3n de estrategias de formaci\u00f3n y promoci\u00f3n y procesos de aprendizaje, como veh\u00edculos para la Transformaci\u00f3n Digital de la entidad y el mejoramiento en el uso y aprovechamiento de los servicios tecnol\u00f3gicos.<\/p>\t\t\t\t\t<\/div>\n\t\t\t\t\t\t<\/div>\n\t\t\t\t<\/div>\n\t\t\t\t<div class=\"elementor-element elementor-element-3f422b2 elementor-widget elementor-widget-heading\" data-id=\"3f422b2\" data-element_type=\"widget\" data-widget_type=\"heading.default\">\n\t\t\t\t<div class=\"elementor-widget-container\">\n\t\t\t<h2 class=\"elementor-heading-title elementor-size-default\"><b>Componentes del proyecto<\/b> ApropiaTIC<\/h2>\t\t<\/div>\n\t\t\t\t<\/div>\n\t\t\t\t<div class=\"elementor-element elementor-element-c471c77 elementor-widget elementor-widget-text-editor\" data-id=\"c471c77\" data-element_type=\"widget\" data-widget_type=\"text-editor.default\">\n\t\t\t\t<div class=\"elementor-widget-container\">\n\t\t\t\t\t\t\t\t<div class=\"elementor-text-editor elementor-clearfix\">\n\t\t\t\t<ul><li>Ruta de Formaci\u00f3n Interna: capacitaci\u00f3n y entrenamiento en los servicios digitales y en las tecnolog\u00edas 4.0, con formaci\u00f3n certificada y acciones de apropiaci\u00f3n, con las cuales lograremos servidores p\u00fablicos listos para la Transformaci\u00f3n Digital.<\/li><li>Ruta de Apropiaci\u00f3n externa: apropiaci\u00f3n en el territorio, para una ciudadan\u00eda empoderada que utiliza la tecnolog\u00eda de la Cuarta Revoluci\u00f3n Industrial para mejorar sus condiciones de ciudadan\u00eda, participar en la construcci\u00f3n de un mejor gobierno y generar valor en sus interacciones con el Estado.<\/li><li>Medici\u00f3n de la Satisfacci\u00f3n: estamos sondeando permanentemente c\u00f3mo se est\u00e1 prestando el servicio digital, para conocer qu\u00e9 tanto satisface la necesidad ciudadana y c\u00f3mo podemos hacerlo mejor.<\/li><\/ul>\t\t\t\t\t<\/div>\n\t\t\t\t\t\t<\/div>\n\t\t\t\t<\/div>\n\t\t\t\t<div class=\"elementor-element elementor-element-417cd7d elementor-widget elementor-widget-heading\" data-id=\"417cd7d\" data-element_type=\"widget\" data-widget_type=\"heading.default\">\n\t\t\t\t<div class=\"elementor-widget-container\">\n\t\t\t<h2 class=\"elementor-heading-title elementor-size-default\"><b>Indicadores del proyecto<\/b> Apropia TIC<\/h2>\t\t<\/div>\n\t\t\t\t<\/div>\n\t\t\t\t<div class=\"elementor-element elementor-element-021391a elementor-widget elementor-widget-text-editor\" data-id=\"021391a\" data-element_type=\"widget\" data-widget_type=\"text-editor.default\">\n\t\t\t\t<div class=\"elementor-widget-container\">\n\t\t\t\t\t\t\t\t<div class=\"elementor-text-editor elementor-clearfix\">\n\t\t\t\t<p>Estamos comprometidos con el Plan de Desarrollo Medell\u00edn Futuro 2020 &#8211; 2023 y el indicador que tenemos como meta nos reta a formar un 50 % del p\u00fablico objetivo hasta el 2023:<\/p>\t\t\t\t\t<\/div>\n\t\t\t\t\t\t<\/div>\n\t\t\t\t<\/div>\n\t\t\t\t<div class=\"elementor-element elementor-element-f0856b1 pp-table-center elementor-widget elementor-widget-pp-table\" data-id=\"f0856b1\" data-element_type=\"widget\" data-settings=\"{&quot;table_type&quot;:&quot;normal&quot;}\" data-widget_type=\"pp-table.default\">\n\t\t\t\t<div class=\"elementor-widget-container\">\n\t\t\t\t\t<div class=\"pp-table-container\">\n\t\t\t<table \n\t\t\tclass=\"pp-table tablesaw\"\t\t\t\t>\n\t\t\t\t\t\t\t<colgroup>\n\t\t\t\t\t\t\t\t<col\n\t\t\t\t\tspan=\"1\"\n\t\t\t\t\tclass=\"elementor-repeater-item-a2a5ed0\"\n\t\t\t\t\t\t\t\t\t\t\tstyle=\"\n\t\t\t\t\t\t\t\t\t\t\t\t\t\t\t\t\t\t\t\t\"\n\t\t\t\t\t\t\t\t\t\t>\n\t\t\t\t\t\t\t<\/colgroup>\n\t\t\t\t\t\t<thead>\n\t\t\t\t<tr class=\"pp-table-row\">\n\t\t\t\t\t<th class=\"pp-table-cell pp-table-cell-a37a694\"><span class=\"pp-table-cell-content\"><span class=\"pp-table-cell-text\">Indicador<\/span><\/span><\/th><th class=\"pp-table-cell pp-table-cell-dd983d1\"><span class=\"pp-table-cell-content\"><span class=\"pp-table-cell-text\">2020<\/span><\/span><\/th><th class=\"pp-table-cell pp-table-cell-c8f1276\"><span class=\"pp-table-cell-content\"><span class=\"pp-table-cell-text\">2021<\/span><\/span><\/th><th class=\"pp-table-cell pp-table-cell-c26f7cf\"><span class=\"pp-table-cell-content\"><span class=\"pp-table-cell-text\">2022<\/span><\/span><\/th><th class=\"pp-table-cell pp-table-cell-b6243ad\"><span class=\"pp-table-cell-content\"><span class=\"pp-table-cell-text\">2023<\/span><\/span><\/th><th class=\"pp-table-cell pp-table-cell-2a9a54b\"><span class=\"pp-table-cell-content\"><span class=\"pp-table-cell-text\">META<\/span><\/span><\/th>\t\t\t\t<\/tr>\n\t\t\t<\/thead>\n\t\t\t\t\t<tfoot>\n\t\t\t<\/tr>\t\t<\/tfoot>\n\t\t\t\t<tbody>\n\t\t\t<tr><td class=\"pp-table-cell pp-table-cell-168bf2f\"><span class=\"pp-table-cell-content\"><span class=\"pp-table-cell-text\">Uso y apropiaci\u00f3n de servicios digitales por parte de los servidores p\u00fablicos, contratistas y ciudadanos en general\u200b.<\/span><\/span><\/td><td class=\"pp-table-cell pp-table-cell-e67962a\"><span class=\"pp-table-cell-content\"><span class=\"pp-table-cell-text\">3,1%<\/span><\/span><\/td><td class=\"pp-table-cell pp-table-cell-06dbe9e\"><span class=\"pp-table-cell-content\"><span class=\"pp-table-cell-text\">14,6%<\/span><\/span><\/td><td class=\"pp-table-cell pp-table-cell-91ebc08\"><span class=\"pp-table-cell-content\"><span class=\"pp-table-cell-text\">31,5%<\/span><\/span><\/td><td class=\"pp-table-cell pp-table-cell-0b56b92\"><span class=\"pp-table-cell-content\"><span class=\"pp-table-cell-text\">50%<\/span><\/span><\/td><td class=\"pp-table-cell pp-table-cell-16cdc66\"><span class=\"pp-table-cell-content\"><span class=\"pp-table-cell-text\">50%<\/span><\/span><\/td><\/tr>\t\t<\/tbody>\n\t\t\t\t\t<\/table>\n\t\t<\/div>\n\t\t\t\t<\/div>\n\t\t\t\t<\/div>\n\t\t\t\t\t\t<\/div>\n\t\t\t\t\t<\/div>\n\t\t<\/div>\n\t\t\t\t\t\t\t\t<\/div>\n\t\t\t\t\t<\/div>\n\t\t<\/section>\n\t\t\t\t\t\t\t\t\t<\/div>\n\t\t\t<\/div>\n\t\t\t\t\t<\/div>\n\t\t","protected":false},"excerpt":{"rendered":"<p>Proyecto ApropiaTIC ApropiaTIC es la estrategia para incrementar la apropiaci\u00f3n digital a trav\u00e9s del uso de herramientas tecnol\u00f3gicas, que permitan conectar la oferta institucional con sus usuarios internos y externos; y posibilitar el establecimiento de &#8230;<\/p>\n","protected":false},"author":1,"featured_media":20893,"parent":20470,"menu_order":10,"comment_status":"closed","ping_status":"closed","template":"sec-innovacion\/elementor.php","meta":[],"acf":[],"_links":{"self":[{"href":"https:\/\/www.medellin.gov.co\/es\/wp-json\/wp\/v2\/pages\/20475"}],"collection":[{"href":"https:\/\/www.medellin.gov.co\/es\/wp-json\/wp\/v2\/pages"}],"about":[{"href":"https:\/\/www.medellin.gov.co\/es\/wp-json\/wp\/v2\/types\/page"}],"author":[{"embeddable":true,"href":"https:\/\/www.medellin.gov.co\/es\/wp-json\/wp\/v2\/users\/1"}],"replies":[{"embeddable":true,"href":"https:\/\/www.medellin.gov.co\/es\/wp-json\/wp\/v2\/comments?post=20475"}],"version-history":[{"count":26,"href":"https:\/\/www.medellin.gov.co\/es\/wp-json\/wp\/v2\/pages\/20475\/revisions"}],"predecessor-version":[{"id":30487,"href":"https:\/\/www.medellin.gov.co\/es\/wp-json\/wp\/v2\/pages\/20475\/revisions\/30487"}],"up":[{"embeddable":true,"href":"https:\/\/www.medellin.gov.co\/es\/wp-json\/wp\/v2\/pages\/20470"}],"wp:featuredmedia":[{"embeddable":true,"href":"https:\/\/www.medellin.gov.co\/es\/wp-json\/wp\/v2\/media\/20893"}],"wp:attachment":[{"href":"https:\/\/www.medellin.gov.co\/es\/wp-json\/wp\/v2\/media?parent=20475"}],"curies":[{"name":"wp","href":"https:\/\/api.w.org\/{rel}","templated":true}]}}