{"id":20477,"date":"2021-10-03T15:40:03","date_gmt":"2021-10-03T20:40:03","guid":{"rendered":"https:\/\/www.medellin.gov.co\/es\/?page_id=20477"},"modified":"2022-06-14T15:26:25","modified_gmt":"2022-06-14T20:26:25","slug":"proyecto-de-investigacion-y-desarrollo","status":"publish","type":"page","link":"https:\/\/www.medellin.gov.co\/es\/secretaria-de-innovacion-digital\/innovacion-del-estado\/proyecto-de-investigacion-y-desarrollo\/","title":{"rendered":"Proyecto de Investigaci\u00f3n y Desarrollo"},"content":{"rendered":"\t\t<div data-elementor-type=\"wp-page\" data-elementor-id=\"20477\" class=\"elementor elementor-20477\">\n\t\t\t\t\t\t<div class=\"elementor-inner\">\n\t\t\t\t<div class=\"elementor-section-wrap\">\n\t\t\t\t\t\t\t\t\t<section class=\"elementor-section elementor-top-section elementor-element elementor-element-75b3c8b2 elementor-section-boxed elementor-section-height-default elementor-section-height-default\" data-id=\"75b3c8b2\" data-element_type=\"section\">\n\t\t\t\t\t\t<div class=\"elementor-container elementor-column-gap-default\">\n\t\t\t\t\t\t\t<div class=\"elementor-row\">\n\t\t\t\t\t<div class=\"elementor-column elementor-col-100 elementor-top-column elementor-element elementor-element-27edffa\" data-id=\"27edffa\" data-element_type=\"column\">\n\t\t\t<div class=\"elementor-column-wrap elementor-element-populated\">\n\t\t\t\t\t\t\t<div class=\"elementor-widget-wrap\">\n\t\t\t\t\t\t<div class=\"elementor-element elementor-element-6ba180f2 elementor-widget elementor-widget-heading\" data-id=\"6ba180f2\" data-element_type=\"widget\" data-widget_type=\"heading.default\">\n\t\t\t\t<div class=\"elementor-widget-container\">\n\t\t\t<h1 class=\"elementor-heading-title elementor-size-default\">Proyecto de Investigaci\u00f3n y Desarrollo<\/h1>\t\t<\/div>\n\t\t\t\t<\/div>\n\t\t\t\t<div class=\"elementor-element elementor-element-9488833 elementor-widget elementor-widget-image\" data-id=\"9488833\" data-element_type=\"widget\" data-widget_type=\"image.default\">\n\t\t\t\t<div class=\"elementor-widget-container\">\n\t\t\t\t\t\t\t\t<div class=\"elementor-image\">\n\t\t\t\t\t\t\t\t\t\t\t\t<img width=\"961\" height=\"426\" src=\"https:\/\/www.medellin.gov.co\/es\/wp-content\/uploads\/2021\/10\/proyecto-de-investigacion-y-desarrollo.jpg\" class=\"attachment-full size-full\" alt=\"Proyecto de Investigaci\u00f3n y Desarrollo\" loading=\"lazy\" srcset=\"https:\/\/www.medellin.gov.co\/es\/wp-content\/uploads\/2021\/10\/proyecto-de-investigacion-y-desarrollo.jpg 961w, https:\/\/www.medellin.gov.co\/es\/wp-content\/uploads\/2021\/10\/proyecto-de-investigacion-y-desarrollo-300x133.jpg 300w, https:\/\/www.medellin.gov.co\/es\/wp-content\/uploads\/2021\/10\/proyecto-de-investigacion-y-desarrollo-150x66.jpg 150w, https:\/\/www.medellin.gov.co\/es\/wp-content\/uploads\/2021\/10\/proyecto-de-investigacion-y-desarrollo-768x340.jpg 768w\" sizes=\"(max-width: 961px) 100vw, 961px\" \/>\t\t\t\t\t\t\t\t\t\t\t\t\t\t<\/div>\n\t\t\t\t\t\t<\/div>\n\t\t\t\t<\/div>\n\t\t\t\t<div class=\"elementor-element elementor-element-81f1333 elementor-widget elementor-widget-text-editor\" data-id=\"81f1333\" data-element_type=\"widget\" data-widget_type=\"text-editor.default\">\n\t\t\t\t<div class=\"elementor-widget-container\">\n\t\t\t\t\t\t\t\t<div class=\"elementor-text-editor elementor-clearfix\">\n\t\t\t\t<p>Dentro de las funciones de la Secretar\u00eda de Innovaci\u00f3n Digital est\u00e1: \u201cdirigir y acompa\u00f1ar los procesos de investigaci\u00f3n, desarrollo e innovaci\u00f3n al interior de la Alcald\u00eda a trav\u00e9s de herramientas y metodolog\u00edas que contribuyan a la eficiencia, la eficacia y la sostenibilidad en la soluci\u00f3n de problemas p\u00fablicos, al igual que con m\u00e9todos de transformaci\u00f3n cultural en la mejora de procesos internos\u201d.<\/p><p>Esta responsabilidad se atiende a trav\u00e9s de la Unidad de Innovaci\u00f3n, cuyo objetivo principal es liderar la estrategia de Investigaci\u00f3n, Desarrollo e Innovaci\u00f3n (I+D+i) y los procesos de apropiaci\u00f3n y cultura digital, al interior de la entidad. Por medio de m\u00e9todos y herramientas para la generaci\u00f3n de valor p\u00fablico a trav\u00e9s de medios m\u00e1s eficientes y sostenibles.<\/p><p>Consecuente con el objetivo b\u00e1sico, tendr\u00e1 entre otras, las siguientes responsabilidades:<\/p>\t\t\t\t\t<\/div>\n\t\t\t\t\t\t<\/div>\n\t\t\t\t<\/div>\n\t\t\t\t<div class=\"elementor-element elementor-element-8a3c6a9 elementor-widget elementor-widget-text-editor\" data-id=\"8a3c6a9\" data-element_type=\"widget\" data-widget_type=\"text-editor.default\">\n\t\t\t\t<div class=\"elementor-widget-container\">\n\t\t\t\t\t\t\t\t<div class=\"elementor-text-editor elementor-clearfix\">\n\t\t\t\t<ul><li>Dirigir y coordinar los procesos de investigaci\u00f3n en ciencia, tecnolog\u00eda e innovaci\u00f3n al interior de la Administraci\u00f3n Municipal, mediante la formulaci\u00f3n del Plan Institucional de I+D+i de la entidad y la participaci\u00f3n en la formulaci\u00f3n del Plan de Ciencia, Tecnolog\u00eda e Innovaci\u00f3n de la ciudad.<\/li><li>Realizar procesos de Investigaci\u00f3n e innovaci\u00f3n en la definici\u00f3n, uso y apropiaci\u00f3n de la arquitectura empresarial de la entidad.<\/li><li>Investigar el mercado de tecnolog\u00eda inform\u00e1tica para identificar las tendencias, oportunidades y mejores pr\u00e1cticas, que pueden ser aplicables o traer beneficios al Municipio de Medell\u00edn.<\/li><li>Coordinar las actividades de investigaci\u00f3n de desarrollo, administraci\u00f3n y soporte de la plataforma tecnol\u00f3gica para optimizar el uso de recursos.<\/li><li>En cumplimiento de estas responsabilidades, se formula anualmente el Plan de Investigaciones de TIC, a partir del cual se determinan las iniciativas que orientar\u00e1n el trabajo de la Unidad de Innovaci\u00f3n en pro del cumplimiento de los objetivos institucionales acordados.<\/li><\/ul>\t\t\t\t\t<\/div>\n\t\t\t\t\t\t<\/div>\n\t\t\t\t<\/div>\n\t\t\t\t<div class=\"elementor-element elementor-element-e007634 elementor-widget elementor-widget-heading\" data-id=\"e007634\" data-element_type=\"widget\" data-widget_type=\"heading.default\">\n\t\t\t\t<div class=\"elementor-widget-container\">\n\t\t\t<h2 class=\"elementor-heading-title elementor-size-default\"><b>Objetivo del Proyecto<\/b> de Investigaci\u00f3n y Desarrollo<\/h2>\t\t<\/div>\n\t\t\t\t<\/div>\n\t\t\t\t<div class=\"elementor-element elementor-element-f9a46f9 elementor-widget elementor-widget-text-editor\" data-id=\"f9a46f9\" data-element_type=\"widget\" data-widget_type=\"text-editor.default\">\n\t\t\t\t<div class=\"elementor-widget-container\">\n\t\t\t\t\t\t\t\t<div class=\"elementor-text-editor elementor-clearfix\">\n\t\t\t\t<p>El Plan de Investigaciones de TIC tiene como objetivo actuar como gu\u00eda principal para las actividades de Investigaci\u00f3n y Desarrollo de las TIC que se ejecutar\u00e1n en el a\u00f1o 2021 por parte de la Unidad de Innovaci\u00f3n.<\/p>\t\t\t\t\t<\/div>\n\t\t\t\t\t\t<\/div>\n\t\t\t\t<\/div>\n\t\t\t\t<div class=\"elementor-element elementor-element-597ec61 elementor-widget elementor-widget-heading\" data-id=\"597ec61\" data-element_type=\"widget\" data-widget_type=\"heading.default\">\n\t\t\t\t<div class=\"elementor-widget-container\">\n\t\t\t<h2 class=\"elementor-heading-title elementor-size-default\"><b>Alcance del Proyecto<\/b> de Investigaci\u00f3n y Desarrollo<\/h2>\t\t<\/div>\n\t\t\t\t<\/div>\n\t\t\t\t<div class=\"elementor-element elementor-element-4dbb1d2 elementor-widget elementor-widget-text-editor\" data-id=\"4dbb1d2\" data-element_type=\"widget\" data-widget_type=\"text-editor.default\">\n\t\t\t\t<div class=\"elementor-widget-container\">\n\t\t\t\t\t\t\t\t<div class=\"elementor-text-editor elementor-clearfix\">\n\t\t\t\t<p>El Plan de Investigaci\u00f3n Institucional, en materia de tecnolog\u00edas inform\u00e1ticas y de comunicaciones de la Secretar\u00eda de Innovaci\u00f3n Digital, identifica los proyectos que ser\u00e1n abordados durante el a\u00f1o 2021 por la Unidad de Innovaci\u00f3n como aporte a la mejora de la gesti\u00f3n tecnol\u00f3gica institucional, conforme a las acciones que se identificaron y priorizaron, acorde a la metodolog\u00eda de investigaciones y desarrollo de las TIC vigente en la instituci\u00f3n.<\/p>\t\t\t\t\t<\/div>\n\t\t\t\t\t\t<\/div>\n\t\t\t\t<\/div>\n\t\t\t\t<div class=\"elementor-element elementor-element-1efa5d7 elementor-widget elementor-widget-heading\" data-id=\"1efa5d7\" data-element_type=\"widget\" data-widget_type=\"heading.default\">\n\t\t\t\t<div class=\"elementor-widget-container\">\n\t\t\t<h2 class=\"elementor-heading-title elementor-size-default\"><b>Diagn\u00f3stico de Necesidades<\/b> en el \u00c1rea de TIC<\/h2>\t\t<\/div>\n\t\t\t\t<\/div>\n\t\t\t\t<div class=\"elementor-element elementor-element-4474f52 elementor-widget elementor-widget-image\" data-id=\"4474f52\" data-element_type=\"widget\" data-widget_type=\"image.default\">\n\t\t\t\t<div class=\"elementor-widget-container\">\n\t\t\t\t\t\t\t\t<div class=\"elementor-image\">\n\t\t\t\t\t\t\t\t\t\t\t\t<img width=\"1200\" height=\"800\" src=\"https:\/\/www.medellin.gov.co\/es\/wp-content\/uploads\/2021\/10\/mujer-en-sala-de-computadores.jpg\" class=\"attachment-full size-full\" alt=\"Mujer en sala de computadores\" loading=\"lazy\" srcset=\"https:\/\/www.medellin.gov.co\/es\/wp-content\/uploads\/2021\/10\/mujer-en-sala-de-computadores.jpg 1200w, https:\/\/www.medellin.gov.co\/es\/wp-content\/uploads\/2021\/10\/mujer-en-sala-de-computadores-300x200.jpg 300w, https:\/\/www.medellin.gov.co\/es\/wp-content\/uploads\/2021\/10\/mujer-en-sala-de-computadores-1024x683.jpg 1024w, https:\/\/www.medellin.gov.co\/es\/wp-content\/uploads\/2021\/10\/mujer-en-sala-de-computadores-150x100.jpg 150w, https:\/\/www.medellin.gov.co\/es\/wp-content\/uploads\/2021\/10\/mujer-en-sala-de-computadores-768x512.jpg 768w\" sizes=\"(max-width: 1200px) 100vw, 1200px\" \/>\t\t\t\t\t\t\t\t\t\t\t\t\t\t<\/div>\n\t\t\t\t\t\t<\/div>\n\t\t\t\t<\/div>\n\t\t\t\t<div class=\"elementor-element elementor-element-f7133af elementor-widget elementor-widget-text-editor\" data-id=\"f7133af\" data-element_type=\"widget\" data-widget_type=\"text-editor.default\">\n\t\t\t\t<div class=\"elementor-widget-container\">\n\t\t\t\t\t\t\t\t<div class=\"elementor-text-editor elementor-clearfix\">\n\t\t\t\t<p>Para realizar el levantamiento de la informaci\u00f3n de las necesidades de investigaci\u00f3n y desarrollo en temas TIC, que se presentan actualmente en el Municipio de Medell\u00edn, y poder, a partir de ellas, elaborar el Plan de Investigaci\u00f3n de TIC, se consideraron varias fuentes:<\/p>\t\t\t\t\t<\/div>\n\t\t\t\t\t\t<\/div>\n\t\t\t\t<\/div>\n\t\t\t\t<div class=\"elementor-element elementor-element-eb08c1c elementor-widget elementor-widget-text-editor\" data-id=\"eb08c1c\" data-element_type=\"widget\" data-widget_type=\"text-editor.default\">\n\t\t\t\t<div class=\"elementor-widget-container\">\n\t\t\t\t\t\t\t\t<div class=\"elementor-text-editor elementor-clearfix\">\n\t\t\t\t<ul><li>El Plan Estrat\u00e9gico de Tecnolog\u00edas de Informaci\u00f3n 2021 &#8211; 2024, revisando aquellas tem\u00e1ticas que est\u00e1n pendientes de abordar y son relevantes en el nivel estrat\u00e9gico y de gobierno de TI.<\/li><li>La revisi\u00f3n del Plan T\u00e1ctico de TI de 2020 y aquellas actividades que presentan un nivel de avance bajo y que podr\u00edan impulsarse con apoyo de la Unidad de Innovaci\u00f3n.<\/li><li>Informaci\u00f3n provista por los jefes de unidad de la subsecretar\u00eda, con los temas que consideran relevantes o necesarios.<\/li><li>An\u00e1lisis de Resultados del Plan de I+D 2020.<\/li><\/ul>\t\t\t\t\t<\/div>\n\t\t\t\t\t\t<\/div>\n\t\t\t\t<\/div>\n\t\t\t\t<div class=\"elementor-element elementor-element-1a37cf0 elementor-widget elementor-widget-heading\" data-id=\"1a37cf0\" data-element_type=\"widget\" data-widget_type=\"heading.default\">\n\t\t\t\t<div class=\"elementor-widget-container\">\n\t\t\t<h2 class=\"elementor-heading-title elementor-size-default\"><b>Criterios de priorizaci\u00f3n del proyecto<\/b> de Investigaci\u00f3n y Desarrollo<\/h2>\t\t<\/div>\n\t\t\t\t<\/div>\n\t\t\t\t<div class=\"elementor-element elementor-element-76d2daa elementor-widget elementor-widget-image\" data-id=\"76d2daa\" data-element_type=\"widget\" data-widget_type=\"image.default\">\n\t\t\t\t<div class=\"elementor-widget-container\">\n\t\t\t\t\t\t\t\t<div class=\"elementor-image\">\n\t\t\t\t\t\t\t\t\t\t\t\t<img width=\"1080\" height=\"720\" src=\"https:\/\/www.medellin.gov.co\/es\/wp-content\/uploads\/2021\/10\/pareja-estudiando.jpeg\" class=\"attachment-full size-full\" alt=\"Pareja estudiando\" loading=\"lazy\" srcset=\"https:\/\/www.medellin.gov.co\/es\/wp-content\/uploads\/2021\/10\/pareja-estudiando.jpeg 1080w, https:\/\/www.medellin.gov.co\/es\/wp-content\/uploads\/2021\/10\/pareja-estudiando-300x200.jpeg 300w, https:\/\/www.medellin.gov.co\/es\/wp-content\/uploads\/2021\/10\/pareja-estudiando-1024x683.jpeg 1024w, https:\/\/www.medellin.gov.co\/es\/wp-content\/uploads\/2021\/10\/pareja-estudiando-150x100.jpeg 150w, https:\/\/www.medellin.gov.co\/es\/wp-content\/uploads\/2021\/10\/pareja-estudiando-768x512.jpeg 768w\" sizes=\"(max-width: 1080px) 100vw, 1080px\" \/>\t\t\t\t\t\t\t\t\t\t\t\t\t\t<\/div>\n\t\t\t\t\t\t<\/div>\n\t\t\t\t<\/div>\n\t\t\t\t<div class=\"elementor-element elementor-element-748dd68 elementor-widget elementor-widget-text-editor\" data-id=\"748dd68\" data-element_type=\"widget\" data-widget_type=\"text-editor.default\">\n\t\t\t\t<div class=\"elementor-widget-container\">\n\t\t\t\t\t\t\t\t<div class=\"elementor-text-editor elementor-clearfix\">\n\t\t\t\t<p>La priorizaci\u00f3n se defini\u00f3 por la Unidad de Innovaci\u00f3n, acorde con la informaci\u00f3n obtenida durante la recolecci\u00f3n de informaci\u00f3n de base y considerando los siguientes criterios:<\/p>\t\t\t\t\t<\/div>\n\t\t\t\t\t\t<\/div>\n\t\t\t\t<\/div>\n\t\t\t\t<div class=\"elementor-element elementor-element-ec5e120 elementor-widget elementor-widget-text-editor\" data-id=\"ec5e120\" data-element_type=\"widget\" data-widget_type=\"text-editor.default\">\n\t\t\t\t<div class=\"elementor-widget-container\">\n\t\t\t\t\t\t\t\t<div class=\"elementor-text-editor elementor-clearfix\">\n\t\t\t\t<ul>\n<li>Impacto: relaci\u00f3n del tema propuesto con los procesos y\/o estrategias institucionales.<br><\/li><li>Beneficio: considerando las oportunidades de mejora en la gesti\u00f3n de TI asociadas con el desarrollo del tema propuesto.<\/li><li>Cumplimiento normativo: iniciativas que son requeridas para dar cumplimiento a alguna normatividad vigente.<\/li><li>\u00c9xito: se consideran las posibilidades que se tienen como equipo de desarrollar con \u00e9xito la tem\u00e1tica propuesta.<\/li>\n<\/ul>\t\t\t\t\t<\/div>\n\t\t\t\t\t\t<\/div>\n\t\t\t\t<\/div>\n\t\t\t\t\t\t<\/div>\n\t\t\t\t\t<\/div>\n\t\t<\/div>\n\t\t\t\t\t\t\t\t<\/div>\n\t\t\t\t\t<\/div>\n\t\t<\/section>\n\t\t\t\t\t\t\t\t\t<\/div>\n\t\t\t<\/div>\n\t\t\t\t\t<\/div>\n\t\t","protected":false},"excerpt":{"rendered":"<p>Proyecto de Investigaci\u00f3n y Desarrollo Dentro de las funciones de la Secretar\u00eda de Innovaci\u00f3n Digital est\u00e1: \u201cdirigir y acompa\u00f1ar los procesos de investigaci\u00f3n, desarrollo e innovaci\u00f3n al interior de la Alcald\u00eda a trav\u00e9s de herramientas &#8230;<\/p>\n","protected":false},"author":1,"featured_media":20893,"parent":20470,"menu_order":15,"comment_status":"closed","ping_status":"closed","template":"sec-innovacion\/elementor.php","meta":[],"acf":[],"_links":{"self":[{"href":"https:\/\/www.medellin.gov.co\/es\/wp-json\/wp\/v2\/pages\/20477"}],"collection":[{"href":"https:\/\/www.medellin.gov.co\/es\/wp-json\/wp\/v2\/pages"}],"about":[{"href":"https:\/\/www.medellin.gov.co\/es\/wp-json\/wp\/v2\/types\/page"}],"author":[{"embeddable":true,"href":"https:\/\/www.medellin.gov.co\/es\/wp-json\/wp\/v2\/users\/1"}],"replies":[{"embeddable":true,"href":"https:\/\/www.medellin.gov.co\/es\/wp-json\/wp\/v2\/comments?post=20477"}],"version-history":[{"count":21,"href":"https:\/\/www.medellin.gov.co\/es\/wp-json\/wp\/v2\/pages\/20477\/revisions"}],"predecessor-version":[{"id":65628,"href":"https:\/\/www.medellin.gov.co\/es\/wp-json\/wp\/v2\/pages\/20477\/revisions\/65628"}],"up":[{"embeddable":true,"href":"https:\/\/www.medellin.gov.co\/es\/wp-json\/wp\/v2\/pages\/20470"}],"wp:featuredmedia":[{"embeddable":true,"href":"https:\/\/www.medellin.gov.co\/es\/wp-json\/wp\/v2\/media\/20893"}],"wp:attachment":[{"href":"https:\/\/www.medellin.gov.co\/es\/wp-json\/wp\/v2\/media?parent=20477"}],"curies":[{"name":"wp","href":"https:\/\/api.w.org\/{rel}","templated":true}]}}