{"id":20481,"date":"2021-10-03T15:41:49","date_gmt":"2021-10-03T20:41:49","guid":{"rendered":"https:\/\/www.medellin.gov.co\/es\/?page_id=20481"},"modified":"2022-06-14T15:14:43","modified_gmt":"2022-06-14T20:14:43","slug":"proyecto-gestion-documental","status":"publish","type":"page","link":"https:\/\/www.medellin.gov.co\/es\/secretaria-de-innovacion-digital\/innovacion-del-estado\/proyecto-gestion-documental\/","title":{"rendered":"Proyecto de Transformaci\u00f3n de la Gesti\u00f3n Documental Electr\u00f3nica"},"content":{"rendered":"\t\t<div data-elementor-type=\"wp-page\" data-elementor-id=\"20481\" class=\"elementor elementor-20481\">\n\t\t\t\t\t\t<div class=\"elementor-inner\">\n\t\t\t\t<div class=\"elementor-section-wrap\">\n\t\t\t\t\t\t\t\t\t<section class=\"elementor-section elementor-top-section elementor-element elementor-element-4449d16d elementor-section-boxed elementor-section-height-default elementor-section-height-default\" data-id=\"4449d16d\" data-element_type=\"section\">\n\t\t\t\t\t\t<div class=\"elementor-container elementor-column-gap-default\">\n\t\t\t\t\t\t\t<div class=\"elementor-row\">\n\t\t\t\t\t<div class=\"elementor-column elementor-col-100 elementor-top-column elementor-element elementor-element-4d60e0be\" data-id=\"4d60e0be\" data-element_type=\"column\">\n\t\t\t<div class=\"elementor-column-wrap elementor-element-populated\">\n\t\t\t\t\t\t\t<div class=\"elementor-widget-wrap\">\n\t\t\t\t\t\t<div class=\"elementor-element elementor-element-4aa24050 elementor-widget elementor-widget-heading\" data-id=\"4aa24050\" data-element_type=\"widget\" data-widget_type=\"heading.default\">\n\t\t\t\t<div class=\"elementor-widget-container\">\n\t\t\t<h1 class=\"elementor-heading-title elementor-size-default\">Proyecto de Transformaci\u00f3n de la Gesti\u00f3n Documental Electr\u00f3nica<\/h1>\t\t<\/div>\n\t\t\t\t<\/div>\n\t\t\t\t<div class=\"elementor-element elementor-element-9520502 elementor-widget elementor-widget-image\" data-id=\"9520502\" data-element_type=\"widget\" data-widget_type=\"image.default\">\n\t\t\t\t<div class=\"elementor-widget-container\">\n\t\t\t\t\t\t\t\t<div class=\"elementor-image\">\n\t\t\t\t\t\t\t\t\t\t\t\t<img width=\"939\" height=\"425\" src=\"https:\/\/www.medellin.gov.co\/es\/wp-content\/uploads\/2021\/10\/documentacion-electronica.jpg\" class=\"attachment-full size-full\" alt=\"Documentaci\u00f3n Electr\u00f3nica\" loading=\"lazy\" srcset=\"https:\/\/www.medellin.gov.co\/es\/wp-content\/uploads\/2021\/10\/documentacion-electronica.jpg 939w, https:\/\/www.medellin.gov.co\/es\/wp-content\/uploads\/2021\/10\/documentacion-electronica-300x136.jpg 300w, https:\/\/www.medellin.gov.co\/es\/wp-content\/uploads\/2021\/10\/documentacion-electronica-150x68.jpg 150w, https:\/\/www.medellin.gov.co\/es\/wp-content\/uploads\/2021\/10\/documentacion-electronica-768x348.jpg 768w\" sizes=\"(max-width: 939px) 100vw, 939px\" \/>\t\t\t\t\t\t\t\t\t\t\t\t\t\t<\/div>\n\t\t\t\t\t\t<\/div>\n\t\t\t\t<\/div>\n\t\t\t\t<div class=\"elementor-element elementor-element-32fcdb0 elementor-widget elementor-widget-text-editor\" data-id=\"32fcdb0\" data-element_type=\"widget\" data-widget_type=\"text-editor.default\">\n\t\t\t\t<div class=\"elementor-widget-container\">\n\t\t\t\t\t\t\t\t<div class=\"elementor-text-editor elementor-clearfix\">\n\t\t\t\t<p>El papel est\u00e1 por todas partes y se utiliza continuamente en nuestra vida diaria, a nivel de las empresas y en muchas entidades del ente territorial como las alcald\u00edas. El Municipio de Medell\u00edn no es ajeno a esta problem\u00e1tica del uso indiscriminado del papel, por esta raz\u00f3n, decidi\u00f3 realizar un proyecto que le permita disminuir el consumo del papel y buscar nuevas tecnolog\u00edas para transformar los procesos, buscando una mayor eficiencia para todos los ciudadanos.<\/p>\t\t\t\t\t<\/div>\n\t\t\t\t\t\t<\/div>\n\t\t\t\t<\/div>\n\t\t\t\t<div class=\"elementor-element elementor-element-3e5bf848 elementor-widget elementor-widget-pp-faq\" data-id=\"3e5bf848\" data-element_type=\"widget\" data-settings=\"{&quot;faq_layout&quot;:&quot;accordion&quot;,&quot;accordion_type&quot;:&quot;accordion&quot;,&quot;toggle_speed&quot;:300}\" data-widget_type=\"pp-faq.default\">\n\t\t\t\t<div class=\"elementor-widget-container\">\n\t\t\t\t\t<div class=\"pp-faqs pp-advanced-accordion pp-toggle-icon-align-left\" id=\"pp-advanced-accordion-3e5bf848\" data-accordion-id=\"3e5bf848\">\n\t\t\t\t\t\t<div class=\"pp-faq-item-wrap elementor-grid-item\">\n\t\t\t\t<div class=\"pp-faq-item pp-accordion-item\">\n\t\t\t\t\t<div id=\"pp-accordion-tab-title-1041\" class=\"pp-faq-question pp-accordion-tab-title\" tabindex=\"1041\" data-tab=\"1\">\n\t\t\t\t\t\t<div class=\"pp-accordion-title-icon\">\n\t\t\t\t\t\t\t\t\t\t\t\t\t\t\t\t\t\t\t\t\t<h2 class=\"pp-accordion-title-text\">\n\t\t\t\t\t\t\t\t\u00bfSabes cu\u00e1ntos \u00e1rboles se deben talar para producir una resma de papel?\t\t\t\t\t\t\t<\/h2>\n\t\t\t\t\t\t<\/div>\n\t\t\t\t\t\t\t\t\t\t\t\t\t<div class=\"pp-accordion-toggle-icon\">\n\t\t\t\t\t\t\t\t\t\t\t\t\t\t\t\t\t<span class='pp-accordion-toggle-icon-close pp-icon'>\n\t\t\t\t\t\t\t\t\t\t<i aria-hidden=\"true\" class=\"fas fa-plus\"><\/i>\t\t\t\t\t\t\t\t\t<\/span>\n\t\t\t\t\t\t\t\t\t\t\t\t\t\t\t\t\t\t\t\t\t\t\t\t\t<span class='pp-accordion-toggle-icon-open pp-icon'>\n\t\t\t\t\t\t\t\t\t\t<i aria-hidden=\"true\" class=\"fas fa-minus\"><\/i>\t\t\t\t\t\t\t\t\t<\/span>\n\t\t\t\t\t\t\t\t\t\t\t\t\t\t\t<\/div>\n\t\t\t\t\t\t\t\t\t\t\t<\/div>\n\n\t\t\t\t\t<div id=\"pp-accordion-tab-content-1041\" class=\"pp-faq-answer pp-accordion-tab-content\" data-tab=\"1\">\n\t\t\t\t\t\t<p>Un \u00e1rbol equivale aproximadamente a diecis\u00e9is resmas de papel, ocasionando da\u00f1o ambiental por la tala de \u00e1rboles, seg\u00fan Greenpeace, el 40 % de la madera talada para uso industrial se usa para fabricar papel. Cada a\u00f1o se pierden unos 15.000 millones de \u00e1rboles y de continuar as\u00ed, en 300 a\u00f1os habr\u00e1n desaparecido por completo. A ello se suma la p\u00e9rdida de h\u00e1bitat para especies protegidas, desaparici\u00f3n de flora en v\u00eda de extinci\u00f3n o el da\u00f1o que eso supone al equilibrio del ciclo h\u00eddrico.<\/p>\n\t\t\t\t\t<\/div>\n\t\t\t\t<\/div>\n\t\t\t<\/div>\n\t\t\t\t\t\t<div class=\"pp-faq-item-wrap elementor-grid-item\">\n\t\t\t\t<div class=\"pp-faq-item pp-accordion-item\">\n\t\t\t\t\t<div id=\"pp-accordion-tab-title-1042\" class=\"pp-faq-question pp-accordion-tab-title\" tabindex=\"1042\" data-tab=\"2\">\n\t\t\t\t\t\t<div class=\"pp-accordion-title-icon\">\n\t\t\t\t\t\t\t\t\t\t\t\t\t\t\t\t\t\t\t\t\t<h2 class=\"pp-accordion-title-text\">\n\t\t\t\t\t\t\t\t\u00bfC\u00f3mo nos estamos preparando en la Alcald\u00eda de Medell\u00edn para disminuir el uso del papel? \t\t\t\t\t\t\t<\/h2>\n\t\t\t\t\t\t<\/div>\n\t\t\t\t\t\t\t\t\t\t\t\t\t<div class=\"pp-accordion-toggle-icon\">\n\t\t\t\t\t\t\t\t\t\t\t\t\t\t\t\t\t<span class='pp-accordion-toggle-icon-close pp-icon'>\n\t\t\t\t\t\t\t\t\t\t<i aria-hidden=\"true\" class=\"fas fa-plus\"><\/i>\t\t\t\t\t\t\t\t\t<\/span>\n\t\t\t\t\t\t\t\t\t\t\t\t\t\t\t\t\t\t\t\t\t\t\t\t\t<span class='pp-accordion-toggle-icon-open pp-icon'>\n\t\t\t\t\t\t\t\t\t\t<i aria-hidden=\"true\" class=\"fas fa-minus\"><\/i>\t\t\t\t\t\t\t\t\t<\/span>\n\t\t\t\t\t\t\t\t\t\t\t\t\t\t\t<\/div>\n\t\t\t\t\t\t\t\t\t\t\t<\/div>\n\n\t\t\t\t\t<div id=\"pp-accordion-tab-content-1042\" class=\"pp-faq-answer pp-accordion-tab-content\" data-tab=\"2\">\n\t\t\t\t\t\t<p>A trav\u00e9s de la transformaci\u00f3n de un documento que se encuentra en papel, se va a convertir en un medio electr\u00f3nico, garantizando su valor original, permitiendo su uso para agilizar los tr\u00e1mites y servicios que ofrece la Alcald\u00eda de Medell\u00edn. Estos documentos electr\u00f3nicos permiten mayor agilidad en su distribuci\u00f3n para la atenci\u00f3n de los requerimientos de los ciudadanos, agilizando los tiempos de atenci\u00f3n a las diferentes solicitudes recibidas en la Alcald\u00eda de Medell\u00edn, estructurando un expediente electr\u00f3nico.<\/p>\n\t\t\t\t\t<\/div>\n\t\t\t\t<\/div>\n\t\t\t<\/div>\n\t\t\t\t\t\t<div class=\"pp-faq-item-wrap elementor-grid-item\">\n\t\t\t\t<div class=\"pp-faq-item pp-accordion-item\">\n\t\t\t\t\t<div id=\"pp-accordion-tab-title-1043\" class=\"pp-faq-question pp-accordion-tab-title\" tabindex=\"1043\" data-tab=\"3\">\n\t\t\t\t\t\t<div class=\"pp-accordion-title-icon\">\n\t\t\t\t\t\t\t\t\t\t\t\t\t\t\t\t\t\t\t\t\t<h2 class=\"pp-accordion-title-text\">\n\t\t\t\t\t\t\t\t\u00bfPor qu\u00e9 son importantes los archivos electr\u00f3nicos?\t\t\t\t\t\t\t<\/h2>\n\t\t\t\t\t\t<\/div>\n\t\t\t\t\t\t\t\t\t\t\t\t\t<div class=\"pp-accordion-toggle-icon\">\n\t\t\t\t\t\t\t\t\t\t\t\t\t\t\t\t\t<span class='pp-accordion-toggle-icon-close pp-icon'>\n\t\t\t\t\t\t\t\t\t\t<i aria-hidden=\"true\" class=\"fas fa-plus\"><\/i>\t\t\t\t\t\t\t\t\t<\/span>\n\t\t\t\t\t\t\t\t\t\t\t\t\t\t\t\t\t\t\t\t\t\t\t\t\t<span class='pp-accordion-toggle-icon-open pp-icon'>\n\t\t\t\t\t\t\t\t\t\t<i aria-hidden=\"true\" class=\"fas fa-minus\"><\/i>\t\t\t\t\t\t\t\t\t<\/span>\n\t\t\t\t\t\t\t\t\t\t\t\t\t\t\t<\/div>\n\t\t\t\t\t\t\t\t\t\t\t<\/div>\n\n\t\t\t\t\t<div id=\"pp-accordion-tab-content-1043\" class=\"pp-faq-answer pp-accordion-tab-content\" data-tab=\"3\">\n\t\t\t\t\t\t<p>Estos archivos son importantes, ya que mientras sirven al Municipio de Medell\u00edn permiten guardar toda la informaci\u00f3n que aportan los ciudadanos para la gesti\u00f3n y atenci\u00f3n de los tr\u00e1mites, registrando todas las evidencias y respuestas para los ciudadanos, esto nos permitir\u00e1 construir un expediente electr\u00f3nico que puede ser conservado por varios a\u00f1os, como informaci\u00f3n hist\u00f3rica que podr\u00e1 ser consultada por los ciudadanos cuando sean requeridos.<\/p>\n\t\t\t\t\t<\/div>\n\t\t\t\t<\/div>\n\t\t\t<\/div>\n\t\t\t\t\t\t<div class=\"pp-faq-item-wrap elementor-grid-item\">\n\t\t\t\t<div class=\"pp-faq-item pp-accordion-item\">\n\t\t\t\t\t<div id=\"pp-accordion-tab-title-1044\" class=\"pp-faq-question pp-accordion-tab-title\" tabindex=\"1044\" data-tab=\"4\">\n\t\t\t\t\t\t<div class=\"pp-accordion-title-icon\">\n\t\t\t\t\t\t\t\t\t\t\t\t\t\t\t\t\t\t\t\t\t<h2 class=\"pp-accordion-title-text\">\n\t\t\t\t\t\t\t\t\u00bfQu\u00e9 es la Gesti\u00f3n Documental Electr\u00f3nica?\t\t\t\t\t\t\t<\/h2>\n\t\t\t\t\t\t<\/div>\n\t\t\t\t\t\t\t\t\t\t\t\t\t<div class=\"pp-accordion-toggle-icon\">\n\t\t\t\t\t\t\t\t\t\t\t\t\t\t\t\t\t<span class='pp-accordion-toggle-icon-close pp-icon'>\n\t\t\t\t\t\t\t\t\t\t<i aria-hidden=\"true\" class=\"fas fa-plus\"><\/i>\t\t\t\t\t\t\t\t\t<\/span>\n\t\t\t\t\t\t\t\t\t\t\t\t\t\t\t\t\t\t\t\t\t\t\t\t\t<span class='pp-accordion-toggle-icon-open pp-icon'>\n\t\t\t\t\t\t\t\t\t\t<i aria-hidden=\"true\" class=\"fas fa-minus\"><\/i>\t\t\t\t\t\t\t\t\t<\/span>\n\t\t\t\t\t\t\t\t\t\t\t\t\t\t\t<\/div>\n\t\t\t\t\t\t\t\t\t\t\t<\/div>\n\n\t\t\t\t\t<div id=\"pp-accordion-tab-content-1044\" class=\"pp-faq-answer pp-accordion-tab-content\" data-tab=\"4\">\n\t\t\t\t\t\t<p>La Gesti\u00f3n Documental Electr\u00f3nica es la columna vertebral que permite administrar los archivos electr\u00f3nicos de la Alcald\u00eda de Medell\u00edn, para gestionar toda la informaci\u00f3n entregada por los ciudadanos, guardarla de manera segura y realizar un seguimiento detallado de cada acci\u00f3n que se realiza a nivel de la atenci\u00f3n y respuesta de tr\u00e1mites, servicios, PQRS (Peticiones, Quejas, Reclamos, Sugerencias), Denuncias Administrativas y en general cualquier solicitud que ingresen los ciudadanos a la Alcald\u00eda de Medell\u00edn.<\/p>\n\t\t\t\t\t<\/div>\n\t\t\t\t<\/div>\n\t\t\t<\/div>\n\t\t\t\t\t\t<div class=\"pp-faq-item-wrap elementor-grid-item\">\n\t\t\t\t<div class=\"pp-faq-item pp-accordion-item\">\n\t\t\t\t\t<div id=\"pp-accordion-tab-title-1045\" class=\"pp-faq-question pp-accordion-tab-title\" tabindex=\"1045\" data-tab=\"5\">\n\t\t\t\t\t\t<div class=\"pp-accordion-title-icon\">\n\t\t\t\t\t\t\t\t\t\t\t\t\t\t\t\t\t\t\t\t\t<h2 class=\"pp-accordion-title-text\">\n\t\t\t\t\t\t\t\t\u00bfCu\u00e1ndo inician los procesos de Gesti\u00f3n Documental Electr\u00f3nica?\t\t\t\t\t\t\t<\/h2>\n\t\t\t\t\t\t<\/div>\n\t\t\t\t\t\t\t\t\t\t\t\t\t<div class=\"pp-accordion-toggle-icon\">\n\t\t\t\t\t\t\t\t\t\t\t\t\t\t\t\t\t<span class='pp-accordion-toggle-icon-close pp-icon'>\n\t\t\t\t\t\t\t\t\t\t<i aria-hidden=\"true\" class=\"fas fa-plus\"><\/i>\t\t\t\t\t\t\t\t\t<\/span>\n\t\t\t\t\t\t\t\t\t\t\t\t\t\t\t\t\t\t\t\t\t\t\t\t\t<span class='pp-accordion-toggle-icon-open pp-icon'>\n\t\t\t\t\t\t\t\t\t\t<i aria-hidden=\"true\" class=\"fas fa-minus\"><\/i>\t\t\t\t\t\t\t\t\t<\/span>\n\t\t\t\t\t\t\t\t\t\t\t\t\t\t\t<\/div>\n\t\t\t\t\t\t\t\t\t\t\t<\/div>\n\n\t\t\t\t\t<div id=\"pp-accordion-tab-content-1045\" class=\"pp-faq-answer pp-accordion-tab-content\" data-tab=\"5\">\n\t\t\t\t\t\t<p>Ya nos estamos preparando para este gran reto, iniciamos planeando cada actividad a realizar y, con el equipo asignado, estamos definiendo las nuevas pol\u00edticas para la transformaci\u00f3n del mundo del papel al mundo digital o electr\u00f3nico, en estas actividades estamos realizando el inventario de la informaci\u00f3n, qui\u00e9n la usa y c\u00f3mo la vamos a guardar por muchos a\u00f1os.<\/p>\n<p>Nos estamos reuniendo con cada \u00e1rea para priorizar los servicios que requieren los ciudadanos y c\u00f3mo lograr con tecnolog\u00eda que sea m\u00e1s f\u00e1cil realizar un tr\u00e1mite, servicios o PQRS y poder atenderlo de una manera eficiente y oportuna.<\/p>\n\t\t\t\t\t<\/div>\n\t\t\t\t<\/div>\n\t\t\t<\/div>\n\t\t\t\t\t\t<div class=\"pp-faq-item-wrap elementor-grid-item\">\n\t\t\t\t<div class=\"pp-faq-item pp-accordion-item\">\n\t\t\t\t\t<div id=\"pp-accordion-tab-title-1046\" class=\"pp-faq-question pp-accordion-tab-title\" tabindex=\"1046\" data-tab=\"6\">\n\t\t\t\t\t\t<div class=\"pp-accordion-title-icon\">\n\t\t\t\t\t\t\t\t\t\t\t\t\t\t\t\t\t\t\t\t\t<h2 class=\"pp-accordion-title-text\">\n\t\t\t\t\t\t\t\t\u00bfLa Gesti\u00f3n Documental Electr\u00f3nica es un nuevo reto para la Alcald\u00eda de Medell\u00edn?\t\t\t\t\t\t\t<\/h2>\n\t\t\t\t\t\t<\/div>\n\t\t\t\t\t\t\t\t\t\t\t\t\t<div class=\"pp-accordion-toggle-icon\">\n\t\t\t\t\t\t\t\t\t\t\t\t\t\t\t\t\t<span class='pp-accordion-toggle-icon-close pp-icon'>\n\t\t\t\t\t\t\t\t\t\t<i aria-hidden=\"true\" class=\"fas fa-plus\"><\/i>\t\t\t\t\t\t\t\t\t<\/span>\n\t\t\t\t\t\t\t\t\t\t\t\t\t\t\t\t\t\t\t\t\t\t\t\t\t<span class='pp-accordion-toggle-icon-open pp-icon'>\n\t\t\t\t\t\t\t\t\t\t<i aria-hidden=\"true\" class=\"fas fa-minus\"><\/i>\t\t\t\t\t\t\t\t\t<\/span>\n\t\t\t\t\t\t\t\t\t\t\t\t\t\t\t<\/div>\n\t\t\t\t\t\t\t\t\t\t\t<\/div>\n\n\t\t\t\t\t<div id=\"pp-accordion-tab-content-1046\" class=\"pp-faq-answer pp-accordion-tab-content\" data-tab=\"6\">\n\t\t\t\t\t\t<p>S\u00ed, este reto adoptado por la Secretar\u00eda de Innovaci\u00f3n se ajusta a la normatividad del Gobierno Nacional, definida por el Archivo General de la Naci\u00f3n y el Ministerio de las Tecnolog\u00edas y de las Telecomunicaciones (MINTIC); buscando ser un modelo para Colombia en la aplicaci\u00f3n de tecnolog\u00eda, normas archiv\u00edsticas y, lo m\u00e1s importante, un nuevo portafolio de servicios documentales para todos los ciudadanos.<\/p>\n\t\t\t\t\t<\/div>\n\t\t\t\t<\/div>\n\t\t\t<\/div>\n\t\t\t\t\t\t<div class=\"pp-faq-item-wrap elementor-grid-item\">\n\t\t\t\t<div class=\"pp-faq-item pp-accordion-item\">\n\t\t\t\t\t<div id=\"pp-accordion-tab-title-1047\" class=\"pp-faq-question pp-accordion-tab-title\" tabindex=\"1047\" data-tab=\"7\">\n\t\t\t\t\t\t<div class=\"pp-accordion-title-icon\">\n\t\t\t\t\t\t\t\t\t\t\t\t\t\t\t\t\t\t\t\t\t<h2 class=\"pp-accordion-title-text\">\n\t\t\t\t\t\t\t\t\u00bfPor qu\u00e9 el AGN?\t\t\t\t\t\t\t<\/h2>\n\t\t\t\t\t\t<\/div>\n\t\t\t\t\t\t\t\t\t\t\t\t\t<div class=\"pp-accordion-toggle-icon\">\n\t\t\t\t\t\t\t\t\t\t\t\t\t\t\t\t\t<span class='pp-accordion-toggle-icon-close pp-icon'>\n\t\t\t\t\t\t\t\t\t\t<i aria-hidden=\"true\" class=\"fas fa-plus\"><\/i>\t\t\t\t\t\t\t\t\t<\/span>\n\t\t\t\t\t\t\t\t\t\t\t\t\t\t\t\t\t\t\t\t\t\t\t\t\t<span class='pp-accordion-toggle-icon-open pp-icon'>\n\t\t\t\t\t\t\t\t\t\t<i aria-hidden=\"true\" class=\"fas fa-minus\"><\/i>\t\t\t\t\t\t\t\t\t<\/span>\n\t\t\t\t\t\t\t\t\t\t\t\t\t\t\t<\/div>\n\t\t\t\t\t\t\t\t\t\t\t<\/div>\n\n\t\t\t\t\t<div id=\"pp-accordion-tab-content-1047\" class=\"pp-faq-answer pp-accordion-tab-content\" data-tab=\"7\">\n\t\t\t\t\t\t<p>Porque es el organismo del Gobierno Nacional que define las reglas y est\u00e1ndares archiv\u00edsticos para Colombia y que permite organizar la informaci\u00f3n, compartirla y guardarla por muchos a\u00f1os para la consulta de todos los ciudadanos. Estas recomendaciones se hacen a trav\u00e9s de normas como decretos, resoluciones y conceptos de archivo que debemos cumplir desde la Alcald\u00eda de Medell\u00edn, buscando mejorar nuestros procesos y haci\u00e9ndolos m\u00e1s eficientes, dentro de los tiempos que son requeridos.<\/p>\n\t\t\t\t\t<\/div>\n\t\t\t\t<\/div>\n\t\t\t<\/div>\n\t\t\t\t\t\t<div class=\"pp-faq-item-wrap elementor-grid-item\">\n\t\t\t\t<div class=\"pp-faq-item pp-accordion-item\">\n\t\t\t\t\t<div id=\"pp-accordion-tab-title-1048\" class=\"pp-faq-question pp-accordion-tab-title\" tabindex=\"1048\" data-tab=\"8\">\n\t\t\t\t\t\t<div class=\"pp-accordion-title-icon\">\n\t\t\t\t\t\t\t\t\t\t\t\t\t\t\t\t\t\t\t\t\t<h2 class=\"pp-accordion-title-text\">\n\t\t\t\t\t\t\t\t\u00bfPor qu\u00e9 MINTIC?\t\t\t\t\t\t\t<\/h2>\n\t\t\t\t\t\t<\/div>\n\t\t\t\t\t\t\t\t\t\t\t\t\t<div class=\"pp-accordion-toggle-icon\">\n\t\t\t\t\t\t\t\t\t\t\t\t\t\t\t\t\t<span class='pp-accordion-toggle-icon-close pp-icon'>\n\t\t\t\t\t\t\t\t\t\t<i aria-hidden=\"true\" class=\"fas fa-plus\"><\/i>\t\t\t\t\t\t\t\t\t<\/span>\n\t\t\t\t\t\t\t\t\t\t\t\t\t\t\t\t\t\t\t\t\t\t\t\t\t<span class='pp-accordion-toggle-icon-open pp-icon'>\n\t\t\t\t\t\t\t\t\t\t<i aria-hidden=\"true\" class=\"fas fa-minus\"><\/i>\t\t\t\t\t\t\t\t\t<\/span>\n\t\t\t\t\t\t\t\t\t\t\t\t\t\t\t<\/div>\n\t\t\t\t\t\t\t\t\t\t\t<\/div>\n\n\t\t\t\t\t<div id=\"pp-accordion-tab-content-1048\" class=\"pp-faq-answer pp-accordion-tab-content\" data-tab=\"8\">\n\t\t\t\t\t\t<p>Porque es el organismo del Gobierno Nacional que define las reglas y est\u00e1ndares de tecnolog\u00eda para Colombia y que permite a la Alcald\u00eda de Medell\u00edn, buscar la mejor tecnolog\u00eda pensando en c\u00f3mo mejorar la atenci\u00f3n de todos los ciudadanos y esto se logra con nuevos proyectos para brindar unos servicios seguros, oportunos y con calidad. Estas recomendaciones se hacen a trav\u00e9s de normas como decretos, resoluciones y conceptos de tecnolog\u00eda que debemos cumplir desde la Alcald\u00eda de Medell\u00edn, buscando mejorar nuestros procesos de una manera \u00f3ptima.<\/p>\n\t\t\t\t\t<\/div>\n\t\t\t\t<\/div>\n\t\t\t<\/div>\n\t\t\t\t\t\t<div class=\"pp-faq-item-wrap elementor-grid-item\">\n\t\t\t\t<div class=\"pp-faq-item pp-accordion-item\">\n\t\t\t\t\t<div id=\"pp-accordion-tab-title-1049\" class=\"pp-faq-question pp-accordion-tab-title\" tabindex=\"1049\" data-tab=\"9\">\n\t\t\t\t\t\t<div class=\"pp-accordion-title-icon\">\n\t\t\t\t\t\t\t\t\t\t\t\t\t\t\t\t\t\t\t\t\t<h2 class=\"pp-accordion-title-text\">\n\t\t\t\t\t\t\t\t\u00bfQu\u00e9 pol\u00edticas se relacionan con la Gesti\u00f3n Documental Electr\u00f3nica?\t\t\t\t\t\t\t<\/h2>\n\t\t\t\t\t\t<\/div>\n\t\t\t\t\t\t\t\t\t\t\t\t\t<div class=\"pp-accordion-toggle-icon\">\n\t\t\t\t\t\t\t\t\t\t\t\t\t\t\t\t\t<span class='pp-accordion-toggle-icon-close pp-icon'>\n\t\t\t\t\t\t\t\t\t\t<i aria-hidden=\"true\" class=\"fas fa-plus\"><\/i>\t\t\t\t\t\t\t\t\t<\/span>\n\t\t\t\t\t\t\t\t\t\t\t\t\t\t\t\t\t\t\t\t\t\t\t\t\t<span class='pp-accordion-toggle-icon-open pp-icon'>\n\t\t\t\t\t\t\t\t\t\t<i aria-hidden=\"true\" class=\"fas fa-minus\"><\/i>\t\t\t\t\t\t\t\t\t<\/span>\n\t\t\t\t\t\t\t\t\t\t\t\t\t\t\t<\/div>\n\t\t\t\t\t\t\t\t\t\t\t<\/div>\n\n\t\t\t\t\t<div id=\"pp-accordion-tab-content-1049\" class=\"pp-faq-answer pp-accordion-tab-content\" data-tab=\"9\">\n\t\t\t\t\t\t<p>Son muchas las pol\u00edticas que est\u00e1n relacionadas con la Gesti\u00f3n Documental Electr\u00f3nica como son: cero papel, seguridad de la Informaci\u00f3n, protecci\u00f3n de datos, transparencia, transformaci\u00f3n digital, seguridad, acceso a la informaci\u00f3n y protecci\u00f3n del medio ambiente.<\/p>\n\t\t\t\t\t<\/div>\n\t\t\t\t<\/div>\n\t\t\t<\/div>\n\t\t\t\t\t\t<div class=\"pp-faq-item-wrap elementor-grid-item\">\n\t\t\t\t<div class=\"pp-faq-item pp-accordion-item\">\n\t\t\t\t\t<div id=\"pp-accordion-tab-title-10410\" class=\"pp-faq-question pp-accordion-tab-title\" tabindex=\"10410\" data-tab=\"10\">\n\t\t\t\t\t\t<div class=\"pp-accordion-title-icon\">\n\t\t\t\t\t\t\t\t\t\t\t\t\t\t\t\t\t\t\t\t\t<h2 class=\"pp-accordion-title-text\">\n\t\t\t\t\t\t\t\t\u00bfQu\u00e9 tecnolog\u00edas usa la Gesti\u00f3n Documental Electr\u00f3nica?\t\t\t\t\t\t\t<\/h2>\n\t\t\t\t\t\t<\/div>\n\t\t\t\t\t\t\t\t\t\t\t\t\t<div class=\"pp-accordion-toggle-icon\">\n\t\t\t\t\t\t\t\t\t\t\t\t\t\t\t\t\t<span class='pp-accordion-toggle-icon-close pp-icon'>\n\t\t\t\t\t\t\t\t\t\t<i aria-hidden=\"true\" class=\"fas fa-plus\"><\/i>\t\t\t\t\t\t\t\t\t<\/span>\n\t\t\t\t\t\t\t\t\t\t\t\t\t\t\t\t\t\t\t\t\t\t\t\t\t<span class='pp-accordion-toggle-icon-open pp-icon'>\n\t\t\t\t\t\t\t\t\t\t<i aria-hidden=\"true\" class=\"fas fa-minus\"><\/i>\t\t\t\t\t\t\t\t\t<\/span>\n\t\t\t\t\t\t\t\t\t\t\t\t\t\t\t<\/div>\n\t\t\t\t\t\t\t\t\t\t\t<\/div>\n\n\t\t\t\t\t<div id=\"pp-accordion-tab-content-10410\" class=\"pp-faq-answer pp-accordion-tab-content\" data-tab=\"10\">\n\t\t\t\t\t\t<p>Son muchas las tecnolog\u00edas utilizadas para la Gesti\u00f3n Documental Electr\u00f3nica, como:<\/p>\n<p>\u00a0<\/p>\n<ul>\n<li>Programas de computador especializados.<\/li>\n<li>Esc\u00e1ner de documentos.<\/li>\n<li>Tabletas de firma.<\/li>\n<li>Lectores de huella.<\/li>\n<li>C\u00f3digos QR.<\/li>\n<li>Correos electr\u00f3nicos.<\/li>\n<li>Firmas digitales (sistema avanzado para firmar un documento quedando con valor y atributos legales, que reciben en cualquier instancia judicial).<\/li>\n<li>Sitios web para realizar solicitudes a la Alcald\u00eda de Medell\u00edn (sede electr\u00f3nica).<\/li>\n<li>Expediente donde guardo todos mis tr\u00e1mites y servicios con la Alcald\u00eda de Medell\u00edn.<\/li>\n<\/ul>\n\t\t\t\t\t<\/div>\n\t\t\t\t<\/div>\n\t\t\t<\/div>\n\t\t\t\t\t<\/div>\n\t\t\t\t<\/div>\n\t\t\t\t<\/div>\n\t\t\t\t\t\t<\/div>\n\t\t\t\t\t<\/div>\n\t\t<\/div>\n\t\t\t\t\t\t\t\t<\/div>\n\t\t\t\t\t<\/div>\n\t\t<\/section>\n\t\t\t\t\t\t\t\t\t<\/div>\n\t\t\t<\/div>\n\t\t\t\t\t<\/div>\n\t\t","protected":false},"excerpt":{"rendered":"<p>Proyecto de Transformaci\u00f3n de la Gesti\u00f3n Documental Electr\u00f3nica El papel est\u00e1 por todas partes y se utiliza continuamente en nuestra vida diaria, a nivel de las empresas y en muchas entidades del ente territorial como &#8230;<\/p>\n","protected":false},"author":1,"featured_media":20893,"parent":20470,"menu_order":25,"comment_status":"closed","ping_status":"closed","template":"sec-innovacion\/elementor.php","meta":[],"acf":[],"_links":{"self":[{"href":"https:\/\/www.medellin.gov.co\/es\/wp-json\/wp\/v2\/pages\/20481"}],"collection":[{"href":"https:\/\/www.medellin.gov.co\/es\/wp-json\/wp\/v2\/pages"}],"about":[{"href":"https:\/\/www.medellin.gov.co\/es\/wp-json\/wp\/v2\/types\/page"}],"author":[{"embeddable":true,"href":"https:\/\/www.medellin.gov.co\/es\/wp-json\/wp\/v2\/users\/1"}],"replies":[{"embeddable":true,"href":"https:\/\/www.medellin.gov.co\/es\/wp-json\/wp\/v2\/comments?post=20481"}],"version-history":[{"count":27,"href":"https:\/\/www.medellin.gov.co\/es\/wp-json\/wp\/v2\/pages\/20481\/revisions"}],"predecessor-version":[{"id":65598,"href":"https:\/\/www.medellin.gov.co\/es\/wp-json\/wp\/v2\/pages\/20481\/revisions\/65598"}],"up":[{"embeddable":true,"href":"https:\/\/www.medellin.gov.co\/es\/wp-json\/wp\/v2\/pages\/20470"}],"wp:featuredmedia":[{"embeddable":true,"href":"https:\/\/www.medellin.gov.co\/es\/wp-json\/wp\/v2\/media\/20893"}],"wp:attachment":[{"href":"https:\/\/www.medellin.gov.co\/es\/wp-json\/wp\/v2\/media?parent=20481"}],"curies":[{"name":"wp","href":"https:\/\/api.w.org\/{rel}","templated":true}]}}