{"id":20483,"date":"2021-10-03T15:42:50","date_gmt":"2021-10-03T20:42:50","guid":{"rendered":"https:\/\/www.medellin.gov.co\/es\/?page_id=20483"},"modified":"2022-06-14T15:24:05","modified_gmt":"2022-06-14T20:24:05","slug":"proyectos-capacidades-de-base","status":"publish","type":"page","link":"https:\/\/www.medellin.gov.co\/es\/secretaria-de-innovacion-digital\/innovacion-del-estado\/proyectos-capacidades-de-base\/","title":{"rendered":"Proyectos de Capacidades de Base"},"content":{"rendered":"\t\t<div data-elementor-type=\"wp-page\" data-elementor-id=\"20483\" class=\"elementor elementor-20483\">\n\t\t\t\t\t\t<div class=\"elementor-inner\">\n\t\t\t\t<div class=\"elementor-section-wrap\">\n\t\t\t\t\t\t\t\t\t<section class=\"elementor-section elementor-top-section elementor-element elementor-element-46da488a elementor-section-boxed elementor-section-height-default elementor-section-height-default\" data-id=\"46da488a\" data-element_type=\"section\">\n\t\t\t\t\t\t<div class=\"elementor-container elementor-column-gap-default\">\n\t\t\t\t\t\t\t<div class=\"elementor-row\">\n\t\t\t\t\t<div class=\"elementor-column elementor-col-100 elementor-top-column elementor-element elementor-element-69b4792c\" data-id=\"69b4792c\" data-element_type=\"column\">\n\t\t\t<div class=\"elementor-column-wrap elementor-element-populated\">\n\t\t\t\t\t\t\t<div class=\"elementor-widget-wrap\">\n\t\t\t\t\t\t<div class=\"elementor-element elementor-element-359f7458 elementor-widget elementor-widget-heading\" data-id=\"359f7458\" data-element_type=\"widget\" data-widget_type=\"heading.default\">\n\t\t\t\t<div class=\"elementor-widget-container\">\n\t\t\t<h1 class=\"elementor-heading-title elementor-size-default\">Proyectos de Capacidades de Base<\/h1>\t\t<\/div>\n\t\t\t\t<\/div>\n\t\t\t\t<div class=\"elementor-element elementor-element-ba063e7 elementor-widget elementor-widget-image\" data-id=\"ba063e7\" data-element_type=\"widget\" data-widget_type=\"image.default\">\n\t\t\t\t<div class=\"elementor-widget-container\">\n\t\t\t\t\t\t\t\t<div class=\"elementor-image\">\n\t\t\t\t\t\t\t\t\t\t\t\t<img width=\"1024\" height=\"682\" src=\"https:\/\/www.medellin.gov.co\/es\/wp-content\/uploads\/2021\/10\/grupo-de-personas-en-una-reunion.jpg\" class=\"attachment-full size-full\" alt=\"Grupo de personas en una reuni\u00f3n\" loading=\"lazy\" srcset=\"https:\/\/www.medellin.gov.co\/es\/wp-content\/uploads\/2021\/10\/grupo-de-personas-en-una-reunion.jpg 1024w, https:\/\/www.medellin.gov.co\/es\/wp-content\/uploads\/2021\/10\/grupo-de-personas-en-una-reunion-300x200.jpg 300w, https:\/\/www.medellin.gov.co\/es\/wp-content\/uploads\/2021\/10\/grupo-de-personas-en-una-reunion-150x100.jpg 150w, https:\/\/www.medellin.gov.co\/es\/wp-content\/uploads\/2021\/10\/grupo-de-personas-en-una-reunion-768x512.jpg 768w\" sizes=\"(max-width: 1024px) 100vw, 1024px\" \/>\t\t\t\t\t\t\t\t\t\t\t\t\t\t<\/div>\n\t\t\t\t\t\t<\/div>\n\t\t\t\t<\/div>\n\t\t\t\t<div class=\"elementor-element elementor-element-b223b2e elementor-widget elementor-widget-text-editor\" data-id=\"b223b2e\" data-element_type=\"widget\" data-widget_type=\"text-editor.default\">\n\t\t\t\t<div class=\"elementor-widget-container\">\n\t\t\t\t\t\t\t\t<div class=\"elementor-text-editor elementor-clearfix\">\n\t\t\t\t<p>La Alcald\u00eda de Medell\u00edn, dentro de sus plataformas, tiene un porcentaje importante de componentes en estado de obsolescencia o con limitaciones para dar respuesta a los crecientes requerimientos de los usuarios.<br \/><br \/>Por lo anterior, la entidad a trav\u00e9s de la SID ha trazado estrategias para hacer intervenci\u00f3n r\u00e1pida de algunas plataformas cr\u00edticas dentro del Datacenter y por ello viene adelantando el proyecto Adquisici\u00f3n de Infraestructura Tecnol\u00f3gica, el cual tendr\u00e1 un impacto en las plataformas de:<\/p>\t\t\t\t\t<\/div>\n\t\t\t\t\t\t<\/div>\n\t\t\t\t<\/div>\n\t\t\t\t<div class=\"elementor-element elementor-element-b7dbacd elementor-widget elementor-widget-text-editor\" data-id=\"b7dbacd\" data-element_type=\"widget\" data-widget_type=\"text-editor.default\">\n\t\t\t\t<div class=\"elementor-widget-container\">\n\t\t\t\t\t\t\t\t<div class=\"elementor-text-editor elementor-clearfix\">\n\t\t\t\t<ul><li>Respaldo y recuperaci\u00f3n (Backup)<\/li><li>Almacenamiento<\/li><li>Servidores Power IBM<\/li><li>Servidores X86<\/li><\/ul>\t\t\t\t\t<\/div>\n\t\t\t\t\t\t<\/div>\n\t\t\t\t<\/div>\n\t\t\t\t<div class=\"elementor-element elementor-element-417a8b2 elementor-widget elementor-widget-heading\" data-id=\"417a8b2\" data-element_type=\"widget\" data-widget_type=\"heading.default\">\n\t\t\t\t<div class=\"elementor-widget-container\">\n\t\t\t<h2 class=\"elementor-heading-title elementor-size-default\"><b>El alcance del proyecto<\/b> Capacidades de Base contempla<\/h2>\t\t<\/div>\n\t\t\t\t<\/div>\n\t\t\t\t<div class=\"elementor-element elementor-element-9110632 elementor-widget elementor-widget-image\" data-id=\"9110632\" data-element_type=\"widget\" data-widget_type=\"image.default\">\n\t\t\t\t<div class=\"elementor-widget-container\">\n\t\t\t\t\t\t\t\t<div class=\"elementor-image\">\n\t\t\t\t\t\t\t\t\t\t\t\t<img width=\"1024\" height=\"682\" src=\"https:\/\/www.medellin.gov.co\/es\/wp-content\/uploads\/2021\/10\/computador-en-uso-2.jpg\" class=\"attachment-full size-full\" alt=\"Computador en uso 2\" loading=\"lazy\" srcset=\"https:\/\/www.medellin.gov.co\/es\/wp-content\/uploads\/2021\/10\/computador-en-uso-2.jpg 1024w, https:\/\/www.medellin.gov.co\/es\/wp-content\/uploads\/2021\/10\/computador-en-uso-2-300x200.jpg 300w, https:\/\/www.medellin.gov.co\/es\/wp-content\/uploads\/2021\/10\/computador-en-uso-2-150x100.jpg 150w, https:\/\/www.medellin.gov.co\/es\/wp-content\/uploads\/2021\/10\/computador-en-uso-2-768x512.jpg 768w\" sizes=\"(max-width: 1024px) 100vw, 1024px\" \/>\t\t\t\t\t\t\t\t\t\t\t\t\t\t<\/div>\n\t\t\t\t\t\t<\/div>\n\t\t\t\t<\/div>\n\t\t\t\t<div class=\"elementor-element elementor-element-95220ff elementor-widget elementor-widget-text-editor\" data-id=\"95220ff\" data-element_type=\"widget\" data-widget_type=\"text-editor.default\">\n\t\t\t\t<div class=\"elementor-widget-container\">\n\t\t\t\t\t\t\t\t<div class=\"elementor-text-editor elementor-clearfix\">\n\t\t\t\t<ul><li>Un nuevo appliance de backup con capacidad de 350TB para copias o respaldos de la informaci\u00f3n de la entidad.<\/li><li>Actualizaci\u00f3n con un nuevo Storage de almacenamiento SAN con capacidad inicial de 184 TB para migraci\u00f3n y consolidaci\u00f3n de la informaci\u00f3n estructurada.<\/li><li>Adquisici\u00f3n de servidores Power9, para la migraci\u00f3n y consolidaci\u00f3n de los ambientes productivos del Sistema ERP SAP y el Portal corporativo.<\/li><li>Adquisici\u00f3n de servidores en Hiperconvergencia para la migraci\u00f3n y actualizaci\u00f3n de versi\u00f3n de la plataforma de VMware.<\/li><li>Adquisici\u00f3n de servidores X86, para la migraci\u00f3n y consolidaci\u00f3n de servidores f\u00edsicos obsoletos que no deber\u00edan ser virtualizados.<\/li><\/ul>\t\t\t\t\t<\/div>\n\t\t\t\t\t\t<\/div>\n\t\t\t\t<\/div>\n\t\t\t\t<div class=\"elementor-element elementor-element-6390efe elementor-widget elementor-widget-heading\" data-id=\"6390efe\" data-element_type=\"widget\" data-widget_type=\"heading.default\">\n\t\t\t\t<div class=\"elementor-widget-container\">\n\t\t\t<h2 class=\"elementor-heading-title elementor-size-default\"><b>Beneficios del proyecto<\/b> Capacidades de Base<\/h2>\t\t<\/div>\n\t\t\t\t<\/div>\n\t\t\t\t<div class=\"elementor-element elementor-element-e1500fe elementor-widget elementor-widget-image\" data-id=\"e1500fe\" data-element_type=\"widget\" data-widget_type=\"image.default\">\n\t\t\t\t<div class=\"elementor-widget-container\">\n\t\t\t\t\t\t\t\t<div class=\"elementor-image\">\n\t\t\t\t\t\t\t\t\t\t\t\t<img width=\"1200\" height=\"698\" src=\"https:\/\/www.medellin.gov.co\/es\/wp-content\/uploads\/2021\/09\/panoramica-medellin-nocturna.jpg\" class=\"attachment-full size-full\" alt=\"Panor\u00e1mica Medell\u00edn nocturna\" loading=\"lazy\" srcset=\"https:\/\/www.medellin.gov.co\/es\/wp-content\/uploads\/2021\/09\/panoramica-medellin-nocturna.jpg 1200w, https:\/\/www.medellin.gov.co\/es\/wp-content\/uploads\/2021\/09\/panoramica-medellin-nocturna-300x175.jpg 300w, https:\/\/www.medellin.gov.co\/es\/wp-content\/uploads\/2021\/09\/panoramica-medellin-nocturna-1024x596.jpg 1024w, https:\/\/www.medellin.gov.co\/es\/wp-content\/uploads\/2021\/09\/panoramica-medellin-nocturna-150x87.jpg 150w, https:\/\/www.medellin.gov.co\/es\/wp-content\/uploads\/2021\/09\/panoramica-medellin-nocturna-768x447.jpg 768w\" sizes=\"(max-width: 1200px) 100vw, 1200px\" \/>\t\t\t\t\t\t\t\t\t\t\t\t\t\t<\/div>\n\t\t\t\t\t\t<\/div>\n\t\t\t\t<\/div>\n\t\t\t\t<div class=\"elementor-element elementor-element-bc481c5 elementor-widget elementor-widget-text-editor\" data-id=\"bc481c5\" data-element_type=\"widget\" data-widget_type=\"text-editor.default\">\n\t\t\t\t<div class=\"elementor-widget-container\">\n\t\t\t\t\t\t\t\t<div class=\"elementor-text-editor elementor-clearfix\">\n\t\t\t\t<p><span style=\"font-weight: 400;\">Entre los beneficios que se van a tener con la implementaci\u00f3n del proyecto se encuentran:<\/span><\/p>\t\t\t\t\t<\/div>\n\t\t\t\t\t\t<\/div>\n\t\t\t\t<\/div>\n\t\t\t\t<div class=\"elementor-element elementor-element-ec25e51 elementor-widget elementor-widget-text-editor\" data-id=\"ec25e51\" data-element_type=\"widget\" data-widget_type=\"text-editor.default\">\n\t\t\t\t<div class=\"elementor-widget-container\">\n\t\t\t\t\t\t\t\t<div class=\"elementor-text-editor elementor-clearfix\">\n\t\t\t\t<ul>\n<li>Ampliar la capacidad de respaldo de la informaci\u00f3n, incrementando tanto los per\u00edodos de ejecuci\u00f3n como los de retenci\u00f3n, para ampliar las posibilidades de recuperaci\u00f3n de la informaci\u00f3n.<\/li>\n<li>Disminuir los riesgos de p\u00e9rdida de informaci\u00f3n por fallas graves en la plataforma de almacenamiento por obsolescencia y estar descubierta de garant\u00eda y soporte.<\/li>\n<li>Disminuir riesgos en la operaci\u00f3n por falta de espacio de almacenamiento para los sistemas de informaci\u00f3n transaccionales como SAP.<\/li>\n<li>Mejorar los tiempos de respuesta en los procesos de fondo del ERP y el portal corporativo.<\/li>\n<li>Disminuir los riesgos actuales en la plataforma SAP y Portales, por temas de obsolescencia de tecnolog\u00eda de los equipos y falta de garant\u00eda y soporte.<\/li>\n<li>Ampliar la capacidad de respuesta para la provisi\u00f3n de servidores virtuales requeridos para los diferentes proyectos<\/li>\n<li>Consolidar servidores f\u00edsicos en ambiente virtual disminuyendo as\u00ed espacios, consumos energ\u00e9ticos, administraci\u00f3n y gesti\u00f3n de los recursos.<\/li>\n<li>Renovar servidores con obsolescencia avanzada y permitir, de esta forma la actualizaci\u00f3n de sistemas operativos, versi\u00f3n de motores de bases de datos, versi\u00f3n de aplicaciones y una mejora de la seguridad inform\u00e1tica.<\/li>\n<\/ul>\t\t\t\t\t<\/div>\n\t\t\t\t\t\t<\/div>\n\t\t\t\t<\/div>\n\t\t\t\t\t\t<\/div>\n\t\t\t\t\t<\/div>\n\t\t<\/div>\n\t\t\t\t\t\t\t\t<\/div>\n\t\t\t\t\t<\/div>\n\t\t<\/section>\n\t\t\t\t\t\t\t\t\t<\/div>\n\t\t\t<\/div>\n\t\t\t\t\t<\/div>\n\t\t","protected":false},"excerpt":{"rendered":"<p>Proyectos de Capacidades de Base La Alcald\u00eda de Medell\u00edn, dentro de sus plataformas, tiene un porcentaje importante de componentes en estado de obsolescencia o con limitaciones para dar respuesta a los crecientes requerimientos de los &#8230;<\/p>\n","protected":false},"author":1,"featured_media":20893,"parent":20470,"menu_order":30,"comment_status":"closed","ping_status":"closed","template":"sec-innovacion\/elementor.php","meta":[],"acf":[],"_links":{"self":[{"href":"https:\/\/www.medellin.gov.co\/es\/wp-json\/wp\/v2\/pages\/20483"}],"collection":[{"href":"https:\/\/www.medellin.gov.co\/es\/wp-json\/wp\/v2\/pages"}],"about":[{"href":"https:\/\/www.medellin.gov.co\/es\/wp-json\/wp\/v2\/types\/page"}],"author":[{"embeddable":true,"href":"https:\/\/www.medellin.gov.co\/es\/wp-json\/wp\/v2\/users\/1"}],"replies":[{"embeddable":true,"href":"https:\/\/www.medellin.gov.co\/es\/wp-json\/wp\/v2\/comments?post=20483"}],"version-history":[{"count":14,"href":"https:\/\/www.medellin.gov.co\/es\/wp-json\/wp\/v2\/pages\/20483\/revisions"}],"predecessor-version":[{"id":65616,"href":"https:\/\/www.medellin.gov.co\/es\/wp-json\/wp\/v2\/pages\/20483\/revisions\/65616"}],"up":[{"embeddable":true,"href":"https:\/\/www.medellin.gov.co\/es\/wp-json\/wp\/v2\/pages\/20470"}],"wp:featuredmedia":[{"embeddable":true,"href":"https:\/\/www.medellin.gov.co\/es\/wp-json\/wp\/v2\/media\/20893"}],"wp:attachment":[{"href":"https:\/\/www.medellin.gov.co\/es\/wp-json\/wp\/v2\/media?parent=20483"}],"curies":[{"name":"wp","href":"https:\/\/api.w.org\/{rel}","templated":true}]}}