{"id":205775,"date":"2023-06-08T11:04:32","date_gmt":"2023-06-08T16:04:32","guid":{"rendered":"https:\/\/www.medellin.gov.co\/es\/?page_id=205775"},"modified":"2023-06-08T12:09:53","modified_gmt":"2023-06-08T17:09:53","slug":"ventanilla-unica-para-eventos","status":"publish","type":"page","link":"https:\/\/www.medellin.gov.co\/es\/ventanilla-unica-para-eventos\/","title":{"rendered":"Ventanilla \u00fanica para eventos"},"content":{"rendered":"\t\t<div data-elementor-type=\"wp-page\" data-elementor-id=\"205775\" class=\"elementor elementor-205775\">\n\t\t\t\t\t\t<div class=\"elementor-inner\">\n\t\t\t\t<div class=\"elementor-section-wrap\">\n\t\t\t\t\t\t\t\t\t<section class=\"elementor-section elementor-top-section elementor-element elementor-element-c5978c1 elementor-section-boxed elementor-section-height-default elementor-section-height-default\" data-id=\"c5978c1\" data-element_type=\"section\">\n\t\t\t\t\t\t<div class=\"elementor-container elementor-column-gap-default\">\n\t\t\t\t\t\t\t<div class=\"elementor-row\">\n\t\t\t\t\t<div class=\"elementor-column elementor-col-100 elementor-top-column elementor-element elementor-element-63b3270\" data-id=\"63b3270\" data-element_type=\"column\">\n\t\t\t<div class=\"elementor-column-wrap elementor-element-populated\">\n\t\t\t\t\t\t\t<div class=\"elementor-widget-wrap\">\n\t\t\t\t\t\t<div class=\"elementor-element elementor-element-25d1bd8 elementor-widget elementor-widget-heading\" data-id=\"25d1bd8\" data-element_type=\"widget\" data-widget_type=\"heading.default\">\n\t\t\t\t<div class=\"elementor-widget-container\">\n\t\t\t<h1 class=\"elementor-heading-title elementor-size-default\">Ventanilla \u00fanica para eventos<\/h1>\t\t<\/div>\n\t\t\t\t<\/div>\n\t\t\t\t<section class=\"elementor-section elementor-inner-section elementor-element elementor-element-f916d6d elementor-section-boxed elementor-section-height-default elementor-section-height-default\" data-id=\"f916d6d\" data-element_type=\"section\">\n\t\t\t\t\t\t<div class=\"elementor-container elementor-column-gap-default\">\n\t\t\t\t\t\t\t<div class=\"elementor-row\">\n\t\t\t\t\t<div class=\"elementor-column elementor-col-50 elementor-inner-column elementor-element elementor-element-443a041\" data-id=\"443a041\" data-element_type=\"column\">\n\t\t\t<div class=\"elementor-column-wrap elementor-element-populated\">\n\t\t\t\t\t\t\t<div class=\"elementor-widget-wrap\">\n\t\t\t\t\t\t<div class=\"elementor-element elementor-element-1d482a7 elementor-widget elementor-widget-text-editor\" data-id=\"1d482a7\" data-element_type=\"widget\" data-widget_type=\"text-editor.default\">\n\t\t\t\t<div class=\"elementor-widget-container\">\n\t\t\t\t\t\t\t\t<div class=\"elementor-text-editor elementor-clearfix\">\n\t\t\t\t<p style=\"font-weight: 400;\">A trav\u00e9s de esta plataforma puedes gestionar el proceso completo para obtener los permisos que requieres para el desarrollo de un evento o una grabaci\u00f3n audiovisual.<\/p><p style=\"font-weight: 400;\">Anteriormente, el proceso era mixto: una parte\u00a0se realizaba\u00a0virtual y otra manual.\u00a0Ahora\u00a0es completamente virtual, se disminuy\u00f3 el tiempo de respuesta e incluso, la plataforma realiza una serie de preguntas para identificar el tipo de evento y as\u00ed, define\u00a0cu\u00e1les son los requisitos espec\u00edficos que deben completarse, simplificando el\u00a0proceso\u00a0a los usuarios. Desde aqu\u00ed podr\u00e1s:\u00a0<\/p><ul><li>Ingresar la solicitud.<u><\/u>\u00a0<u><\/u><\/li><li>Diligenciar formatos.<u><\/u>\u00a0<u><\/u><\/li><li>Anexar documentos.<u><\/u>\u00a0<u><\/u><\/li><li>Recibir respuestas.<u><\/u>\u00a0<u><\/u><\/li><li>Hacer pagos.<u><\/u>\u00a0<\/li><\/ul><p>\u00a0<\/p>\t\t\t\t\t<\/div>\n\t\t\t\t\t\t<\/div>\n\t\t\t\t<\/div>\n\t\t\t\t\t\t<\/div>\n\t\t\t\t\t<\/div>\n\t\t<\/div>\n\t\t\t\t<div class=\"elementor-column elementor-col-50 elementor-inner-column elementor-element elementor-element-c2c61a4\" data-id=\"c2c61a4\" data-element_type=\"column\">\n\t\t\t<div class=\"elementor-column-wrap elementor-element-populated\">\n\t\t\t\t\t\t\t<div class=\"elementor-widget-wrap\">\n\t\t\t\t\t\t<div class=\"elementor-element elementor-element-7650c76 elementor-aspect-ratio-169 elementor-widget elementor-widget-video\" data-id=\"7650c76\" data-element_type=\"widget\" data-settings=\"{&quot;youtube_url&quot;:&quot;https:\\\/\\\/www.youtube.com\\\/watch?v=tgQH6hQ5QcM&quot;,&quot;video_type&quot;:&quot;youtube&quot;,&quot;controls&quot;:&quot;yes&quot;,&quot;aspect_ratio&quot;:&quot;169&quot;}\" data-widget_type=\"video.default\">\n\t\t\t\t<div class=\"elementor-widget-container\">\n\t\t\t\t\t<div class=\"elementor-wrapper elementor-fit-aspect-ratio elementor-open-inline\">\n\t\t\t<div class=\"elementor-video\"><\/div>\t\t<\/div>\n\t\t\t\t<\/div>\n\t\t\t\t<\/div>\n\t\t\t\t<div class=\"elementor-element elementor-element-938c24e elementor-tablet-align-left elementor-mobile-align-center elementor-widget elementor-widget-button\" data-id=\"938c24e\" data-element_type=\"widget\" data-widget_type=\"button.default\">\n\t\t\t\t<div class=\"elementor-widget-container\">\n\t\t\t\t\t<div class=\"elementor-button-wrapper\">\n\t\t\t<a href=\"https:\/\/www.medellin.gov.co\/ventanilla\/frontend\/login\" target=\"_blank\" class=\"elementor-button-link elementor-button elementor-size-sm\" role=\"button\">\n\t\t\t\t\t\t<span class=\"elementor-button-content-wrapper\">\n\t\t\t\t\t\t<span class=\"elementor-button-text\">haz tu solicitud aqu\u00ed<\/span>\n\t\t<\/span>\n\t\t\t\t\t<\/a>\n\t\t<\/div>\n\t\t\t\t<\/div>\n\t\t\t\t<\/div>\n\t\t\t\t\t\t<\/div>\n\t\t\t\t\t<\/div>\n\t\t<\/div>\n\t\t\t\t\t\t\t\t<\/div>\n\t\t\t\t\t<\/div>\n\t\t<\/section>\n\t\t\t\t\t\t<\/div>\n\t\t\t\t\t<\/div>\n\t\t<\/div>\n\t\t\t\t\t\t\t\t<\/div>\n\t\t\t\t\t<\/div>\n\t\t<\/section>\n\t\t\t\t<section class=\"elementor-section elementor-top-section elementor-element elementor-element-c4724af elementor-section-boxed elementor-section-height-default elementor-section-height-default\" data-id=\"c4724af\" data-element_type=\"section\">\n\t\t\t\t\t\t<div class=\"elementor-container elementor-column-gap-default\">\n\t\t\t\t\t\t\t<div class=\"elementor-row\">\n\t\t\t\t\t<div class=\"elementor-column elementor-col-100 elementor-top-column elementor-element elementor-element-f981c76\" data-id=\"f981c76\" data-element_type=\"column\">\n\t\t\t<div class=\"elementor-column-wrap elementor-element-populated\">\n\t\t\t\t\t\t\t<div class=\"elementor-widget-wrap\">\n\t\t\t\t\t\t<section class=\"elementor-section elementor-inner-section elementor-element elementor-element-dd1916d elementor-section-boxed elementor-section-height-default elementor-section-height-default\" data-id=\"dd1916d\" data-element_type=\"section\">\n\t\t\t\t\t\t<div class=\"elementor-container elementor-column-gap-default\">\n\t\t\t\t\t\t\t<div class=\"elementor-row\">\n\t\t\t\t\t<div class=\"elementor-column elementor-col-100 elementor-inner-column elementor-element elementor-element-f3d4589\" data-id=\"f3d4589\" data-element_type=\"column\">\n\t\t\t<div class=\"elementor-column-wrap elementor-element-populated\">\n\t\t\t\t\t\t\t<div class=\"elementor-widget-wrap\">\n\t\t\t\t\t\t<div class=\"elementor-element elementor-element-7ac8e0a elementor-blockquote--skin-boxed elementor-blockquote--align-center elementor-blockquote--button-color-official elementor-widget elementor-widget-blockquote\" data-id=\"7ac8e0a\" data-element_type=\"widget\" data-widget_type=\"blockquote.default\">\n\t\t\t\t<div class=\"elementor-widget-container\">\n\t\t\t\t\t<blockquote class=\"elementor-blockquote\">\n\t\t\t<p class=\"elementor-blockquote__content\">\n\t\t\t\tSolicita f\u00e1cil y r\u00e1pido los permisos para hacer eventos y grabaciones audiovisuales en Medell\u00edn: <a style=\"color: #F9EE0C; font-weight: 600\" href=\"https:\/\/www.medellin.gov.co\/ventanilla\/frontend\/login\" target=\"_blank\">Ventanilla \u00fanica para eventos<\/a>\t\t\t<\/p>\n\t\t\t\t\t<\/blockquote>\n\t\t\t\t<\/div>\n\t\t\t\t<\/div>\n\t\t\t\t<div class=\"elementor-element elementor-element-5d621eb elementor-widget elementor-widget-gallery\" data-id=\"5d621eb\" data-element_type=\"widget\" data-settings=\"{&quot;lazyload&quot;:&quot;yes&quot;,&quot;gallery_layout&quot;:&quot;grid&quot;,&quot;columns&quot;:4,&quot;columns_tablet&quot;:2,&quot;columns_mobile&quot;:1,&quot;gap&quot;:{&quot;unit&quot;:&quot;px&quot;,&quot;size&quot;:10,&quot;sizes&quot;:[]},&quot;gap_tablet&quot;:{&quot;unit&quot;:&quot;px&quot;,&quot;size&quot;:10,&quot;sizes&quot;:[]},&quot;gap_mobile&quot;:{&quot;unit&quot;:&quot;px&quot;,&quot;size&quot;:10,&quot;sizes&quot;:[]},&quot;link_to&quot;:&quot;file&quot;,&quot;aspect_ratio&quot;:&quot;3:2&quot;,&quot;overlay_background&quot;:&quot;yes&quot;,&quot;content_hover_animation&quot;:&quot;fade-in&quot;}\" data-widget_type=\"gallery.default\">\n\t\t\t\t<div class=\"elementor-widget-container\">\n\t\t\t\t\t<div class=\"elementor-gallery__container\">\n\t\t\t\t\t\t\t<a class=\"e-gallery-item elementor-gallery-item elementor-animated-content\" href=\"https:\/\/www.medellin.gov.co\/es\/wp-content\/uploads\/2023\/05\/ciudad-altavoz-1.jpg\" data-elementor-open-lightbox=\"yes\" data-elementor-lightbox-slideshow=\"all-5d621eb\" data-elementor-lightbox-title=\"Ciudad Altavoz\" e-action-hash=\"#elementor-action%3Aaction%3Dlightbox%26settings%3DeyJpZCI6MTk1NTYwLCJ1cmwiOiJodHRwczpcL1wvd3d3Lm1lZGVsbGluLmdvdi5jb1wvZXNcL3dwLWNvbnRlbnRcL3VwbG9hZHNcLzIwMjNcLzA1XC9jaXVkYWQtYWx0YXZvei0xLmpwZyIsInNsaWRlc2hvdyI6ImFsbC01ZDYyMWViIn0%3D\">\n\t\t\t\t\t<div class=\"e-gallery-image elementor-gallery-item__image\" data-thumbnail=\"https:\/\/www.medellin.gov.co\/es\/wp-content\/uploads\/2023\/05\/ciudad-altavoz-1-300x200.jpg\" data-width=\"300\" data-height=\"200\" alt=\"Ciudad Altavoz\" ><\/div>\n\t\t\t\t\t\t\t\t\t\t\t<div class=\"elementor-gallery-item__overlay\"><\/div>\n\t\t\t\t\t\t\t\t\t\t\t\t\t\t<\/a>\n\t\t\t\t\t\t\t<a class=\"e-gallery-item elementor-gallery-item elementor-animated-content\" href=\"https:\/\/www.medellin.gov.co\/es\/wp-content\/uploads\/2023\/02\/altavoz-fest.jpg\" data-elementor-open-lightbox=\"yes\" data-elementor-lightbox-slideshow=\"all-5d621eb\" data-elementor-lightbox-title=\"Vitrina tur\u00edstica del pa\u00eds\" e-action-hash=\"#elementor-action%3Aaction%3Dlightbox%26settings%3DeyJpZCI6MTYwNDE3LCJ1cmwiOiJodHRwczpcL1wvd3d3Lm1lZGVsbGluLmdvdi5jb1wvZXNcL3dwLWNvbnRlbnRcL3VwbG9hZHNcLzIwMjNcLzAyXC9hbHRhdm96LWZlc3QuanBnIiwic2xpZGVzaG93IjoiYWxsLTVkNjIxZWIifQ%3D%3D\">\n\t\t\t\t\t<div class=\"e-gallery-image elementor-gallery-item__image\" data-thumbnail=\"https:\/\/www.medellin.gov.co\/es\/wp-content\/uploads\/2023\/02\/altavoz-fest-300x200.jpg\" data-width=\"300\" data-height=\"200\" alt=\"Vitrina tur\u00edstica del pa\u00eds\" ><\/div>\n\t\t\t\t\t\t\t\t\t\t\t<div class=\"elementor-gallery-item__overlay\"><\/div>\n\t\t\t\t\t\t\t\t\t\t\t\t\t\t<\/a>\n\t\t\t\t\t\t\t<a class=\"e-gallery-item elementor-gallery-item elementor-animated-content\" href=\"https:\/\/www.medellin.gov.co\/es\/wp-content\/uploads\/2023\/06\/Feria-al-Ritmo-de-Bici-1.jpg\" data-elementor-open-lightbox=\"yes\" data-elementor-lightbox-slideshow=\"all-5d621eb\" data-elementor-lightbox-title=\"Ya est\u00e1n abiertas las inscripciones para la Feria a Ritmo de Bicicleta de la Feria de las Flores 2023\" data-elementor-lightbox-description=\"Ya est\u00e1n abiertas las inscripciones para la Feria a Ritmo de Bicicleta de la Feria de las Flores 2023\" e-action-hash=\"#elementor-action%3Aaction%3Dlightbox%26settings%3DeyJpZCI6MjAzOTc3LCJ1cmwiOiJodHRwczpcL1wvd3d3Lm1lZGVsbGluLmdvdi5jb1wvZXNcL3dwLWNvbnRlbnRcL3VwbG9hZHNcLzIwMjNcLzA2XC9GZXJpYS1hbC1SaXRtby1kZS1CaWNpLTEuanBnIiwic2xpZGVzaG93IjoiYWxsLTVkNjIxZWIifQ%3D%3D\">\n\t\t\t\t\t<div class=\"e-gallery-image elementor-gallery-item__image\" data-thumbnail=\"https:\/\/www.medellin.gov.co\/es\/wp-content\/uploads\/2023\/06\/Feria-al-Ritmo-de-Bici-1-300x200.jpg\" data-width=\"300\" data-height=\"200\" alt=\"Ya est\u00e1n abiertas las inscripciones para la Feria a Ritmo de Bicicleta de la Feria de las Flores 2023\" ><\/div>\n\t\t\t\t\t\t\t\t\t\t\t<div class=\"elementor-gallery-item__overlay\"><\/div>\n\t\t\t\t\t\t\t\t\t\t\t\t\t\t<\/a>\n\t\t\t\t\t\t\t<a class=\"e-gallery-item elementor-gallery-item elementor-animated-content\" href=\"https:\/\/www.medellin.gov.co\/es\/wp-content\/uploads\/2022\/08\/Concierto-Clausura-Feria-33.jpg\" data-elementor-open-lightbox=\"yes\" data-elementor-lightbox-slideshow=\"all-5d621eb\" data-elementor-lightbox-title=\"Gran Concierto de Clausura Feria de Las Flores 2022\" e-action-hash=\"#elementor-action%3Aaction%3Dlightbox%26settings%3DeyJpZCI6ODY1OTEsInVybCI6Imh0dHBzOlwvXC93d3cubWVkZWxsaW4uZ292LmNvXC9lc1wvd3AtY29udGVudFwvdXBsb2Fkc1wvMjAyMlwvMDhcL0NvbmNpZXJ0by1DbGF1c3VyYS1GZXJpYS0zMy5qcGciLCJzbGlkZXNob3ciOiJhbGwtNWQ2MjFlYiJ9\">\n\t\t\t\t\t<div class=\"e-gallery-image elementor-gallery-item__image\" data-thumbnail=\"https:\/\/www.medellin.gov.co\/es\/wp-content\/uploads\/2022\/08\/Concierto-Clausura-Feria-33-300x200.jpg\" data-width=\"300\" data-height=\"200\" alt=\"Gran Concierto de Clausura Feria de Las Flores 2022\" ><\/div>\n\t\t\t\t\t\t\t\t\t\t\t<div class=\"elementor-gallery-item__overlay\"><\/div>\n\t\t\t\t\t\t\t\t\t\t\t\t\t\t<\/a>\n\t\t\t\t\t\t\t<a class=\"e-gallery-item elementor-gallery-item elementor-animated-content\" href=\"https:\/\/www.medellin.gov.co\/es\/wp-content\/uploads\/2022\/08\/Concierto-Clausura-Feria-44.jpg\" data-elementor-open-lightbox=\"yes\" data-elementor-lightbox-slideshow=\"all-5d621eb\" data-elementor-lightbox-title=\"Gran Concierto de Clausura Feria de Las Flores 2022\" e-action-hash=\"#elementor-action%3Aaction%3Dlightbox%26settings%3DeyJpZCI6ODY1OTYsInVybCI6Imh0dHBzOlwvXC93d3cubWVkZWxsaW4uZ292LmNvXC9lc1wvd3AtY29udGVudFwvdXBsb2Fkc1wvMjAyMlwvMDhcL0NvbmNpZXJ0by1DbGF1c3VyYS1GZXJpYS00NC5qcGciLCJzbGlkZXNob3ciOiJhbGwtNWQ2MjFlYiJ9\">\n\t\t\t\t\t<div class=\"e-gallery-image elementor-gallery-item__image\" data-thumbnail=\"https:\/\/www.medellin.gov.co\/es\/wp-content\/uploads\/2022\/08\/Concierto-Clausura-Feria-44-300x200.jpg\" data-width=\"300\" data-height=\"200\" alt=\"Gran Concierto de Clausura Feria de Las Flores 2022\" ><\/div>\n\t\t\t\t\t\t\t\t\t\t\t<div class=\"elementor-gallery-item__overlay\"><\/div>\n\t\t\t\t\t\t\t\t\t\t\t\t\t\t<\/a>\n\t\t\t\t\t\t\t<a class=\"e-gallery-item elementor-gallery-item elementor-animated-content\" href=\"https:\/\/www.medellin.gov.co\/es\/wp-content\/uploads\/2023\/06\/Seminario-Juvenil-Literatura-1.jpg\" data-elementor-open-lightbox=\"yes\" data-elementor-lightbox-slideshow=\"all-5d621eb\" data-elementor-lightbox-title=\"Del 8 al 10 de junio, Medell\u00edn tendr\u00e1 su edici\u00f3n n\u00famero 32 del Seminario Juvenil de Literatura\" data-elementor-lightbox-description=\"Del 8 al 10 de junio, Medell\u00edn tendr\u00e1 su edici\u00f3n n\u00famero 32 del Seminario Juvenil de Literatura\" e-action-hash=\"#elementor-action%3Aaction%3Dlightbox%26settings%3DeyJpZCI6MjA0OTI5LCJ1cmwiOiJodHRwczpcL1wvd3d3Lm1lZGVsbGluLmdvdi5jb1wvZXNcL3dwLWNvbnRlbnRcL3VwbG9hZHNcLzIwMjNcLzA2XC9TZW1pbmFyaW8tSnV2ZW5pbC1MaXRlcmF0dXJhLTEuanBnIiwic2xpZGVzaG93IjoiYWxsLTVkNjIxZWIifQ%3D%3D\">\n\t\t\t\t\t<div class=\"e-gallery-image elementor-gallery-item__image\" data-thumbnail=\"https:\/\/www.medellin.gov.co\/es\/wp-content\/uploads\/2023\/06\/Seminario-Juvenil-Literatura-1-300x169.jpg\" data-width=\"300\" data-height=\"169\" alt=\"Del 8 al 10 de junio, Medell\u00edn tendr\u00e1 su edici\u00f3n n\u00famero 32 del Seminario Juvenil de Literatura\" ><\/div>\n\t\t\t\t\t\t\t\t\t\t\t<div class=\"elementor-gallery-item__overlay\"><\/div>\n\t\t\t\t\t\t\t\t\t\t\t\t\t\t<\/a>\n\t\t\t\t\t\t\t<a class=\"e-gallery-item elementor-gallery-item elementor-animated-content\" href=\"https:\/\/www.medellin.gov.co\/es\/wp-content\/uploads\/2022\/03\/20210927-Seminario-Musica-1-1.jpg\" data-elementor-open-lightbox=\"yes\" data-elementor-lightbox-slideshow=\"all-5d621eb\" data-elementor-lightbox-title=\"20210927-Seminario-Musica-1\" e-action-hash=\"#elementor-action%3Aaction%3Dlightbox%26settings%3DeyJpZCI6NTY2NTAsInVybCI6Imh0dHBzOlwvXC93d3cubWVkZWxsaW4uZ292LmNvXC9lc1wvd3AtY29udGVudFwvdXBsb2Fkc1wvMjAyMlwvMDNcLzIwMjEwOTI3LVNlbWluYXJpby1NdXNpY2EtMS0xLmpwZyIsInNsaWRlc2hvdyI6ImFsbC01ZDYyMWViIn0%3D\">\n\t\t\t\t\t<div class=\"e-gallery-image elementor-gallery-item__image\" data-thumbnail=\"https:\/\/www.medellin.gov.co\/es\/wp-content\/uploads\/2022\/03\/20210927-Seminario-Musica-1-1-300x135.jpg\" data-width=\"300\" data-height=\"135\" alt=\"\" ><\/div>\n\t\t\t\t\t\t\t\t\t\t\t<div class=\"elementor-gallery-item__overlay\"><\/div>\n\t\t\t\t\t\t\t\t\t\t\t\t\t\t<\/a>\n\t\t\t\t\t\t\t<a class=\"e-gallery-item elementor-gallery-item elementor-animated-content\" href=\"https:\/\/www.medellin.gov.co\/es\/wp-content\/uploads\/2022\/08\/valle-del-software-1.jpg\" data-elementor-open-lightbox=\"yes\" data-elementor-lightbox-slideshow=\"all-5d621eb\" data-elementor-lightbox-title=\"Valle del Software\" e-action-hash=\"#elementor-action%3Aaction%3Dlightbox%26settings%3DeyJpZCI6ODAzODAsInVybCI6Imh0dHBzOlwvXC93d3cubWVkZWxsaW4uZ292LmNvXC9lc1wvd3AtY29udGVudFwvdXBsb2Fkc1wvMjAyMlwvMDhcL3ZhbGxlLWRlbC1zb2Z0d2FyZS0xLmpwZyIsInNsaWRlc2hvdyI6ImFsbC01ZDYyMWViIn0%3D\">\n\t\t\t\t\t<div class=\"e-gallery-image elementor-gallery-item__image\" data-thumbnail=\"https:\/\/www.medellin.gov.co\/es\/wp-content\/uploads\/2022\/08\/valle-del-software-1-300x200.jpg\" data-width=\"300\" data-height=\"200\" alt=\"Valle del Software\" ><\/div>\n\t\t\t\t\t\t\t\t\t\t\t<div class=\"elementor-gallery-item__overlay\"><\/div>\n\t\t\t\t\t\t\t\t\t\t\t\t\t\t<\/a>\n\t\t\t\t\t\t\t<a class=\"e-gallery-item elementor-gallery-item elementor-animated-content\" href=\"https:\/\/www.medellin.gov.co\/es\/wp-content\/uploads\/2023\/05\/Boton-de-Artistas-1.jpg\" data-elementor-open-lightbox=\"yes\" data-elementor-lightbox-slideshow=\"all-5d621eb\" data-elementor-lightbox-title=\"Los artistas locales se podr\u00e1n inscribir virtualmente para participar en eventos de ciudad\" data-elementor-lightbox-description=\"Los artistas locales se podr\u00e1n inscribir virtualmente para participar en eventos de ciudad\" e-action-hash=\"#elementor-action%3Aaction%3Dlightbox%26settings%3DeyJpZCI6MTk5ODU0LCJ1cmwiOiJodHRwczpcL1wvd3d3Lm1lZGVsbGluLmdvdi5jb1wvZXNcL3dwLWNvbnRlbnRcL3VwbG9hZHNcLzIwMjNcLzA1XC9Cb3Rvbi1kZS1BcnRpc3Rhcy0xLmpwZyIsInNsaWRlc2hvdyI6ImFsbC01ZDYyMWViIn0%3D\">\n\t\t\t\t\t<div class=\"e-gallery-image elementor-gallery-item__image\" data-thumbnail=\"https:\/\/www.medellin.gov.co\/es\/wp-content\/uploads\/2023\/05\/Boton-de-Artistas-1-300x200.jpg\" data-width=\"300\" data-height=\"200\" alt=\"Los artistas locales se podr\u00e1n inscribir virtualmente para participar en eventos de ciudad\" ><\/div>\n\t\t\t\t\t\t\t\t\t\t\t<div class=\"elementor-gallery-item__overlay\"><\/div>\n\t\t\t\t\t\t\t\t\t\t\t\t\t\t<\/a>\n\t\t\t\t\t\t\t<a class=\"e-gallery-item elementor-gallery-item elementor-animated-content\" href=\"https:\/\/www.medellin.gov.co\/es\/wp-content\/uploads\/2023\/02\/eventos-medellin-10.jpg\" data-elementor-open-lightbox=\"yes\" data-elementor-lightbox-slideshow=\"all-5d621eb\" data-elementor-lightbox-title=\"Eventos en Medell\u00edn\" e-action-hash=\"#elementor-action%3Aaction%3Dlightbox%26settings%3DeyJpZCI6MTU5NDIyLCJ1cmwiOiJodHRwczpcL1wvd3d3Lm1lZGVsbGluLmdvdi5jb1wvZXNcL3dwLWNvbnRlbnRcL3VwbG9hZHNcLzIwMjNcLzAyXC9ldmVudG9zLW1lZGVsbGluLTEwLmpwZyIsInNsaWRlc2hvdyI6ImFsbC01ZDYyMWViIn0%3D\">\n\t\t\t\t\t<div class=\"e-gallery-image elementor-gallery-item__image\" data-thumbnail=\"https:\/\/www.medellin.gov.co\/es\/wp-content\/uploads\/2023\/02\/eventos-medellin-10-300x200.jpg\" data-width=\"300\" data-height=\"200\" alt=\"Eventos en Medell\u00edn\" ><\/div>\n\t\t\t\t\t\t\t\t\t\t\t<div class=\"elementor-gallery-item__overlay\"><\/div>\n\t\t\t\t\t\t\t\t\t\t\t\t\t\t<\/a>\n\t\t\t\t\t\t\t<a class=\"e-gallery-item elementor-gallery-item elementor-animated-content\" href=\"https:\/\/www.medellin.gov.co\/es\/wp-content\/uploads\/2022\/11\/Semana-de-las-ParticipacionES-1.jpg\" data-elementor-open-lightbox=\"yes\" data-elementor-lightbox-slideshow=\"all-5d621eb\" data-elementor-lightbox-title=\"En Medell\u00edn inicia la Semana de las ParticipacionES con m\u00e1s de diez eventos de ciudad\" data-elementor-lightbox-description=\"En Medell\u00edn inicia la Semana de las ParticipacionES con m\u00e1s de diez eventos de ciudad - Foto Alcald\u00eda de Medell\u00edn \" e-action-hash=\"#elementor-action%3Aaction%3Dlightbox%26settings%3DeyJpZCI6MTI4ODU3LCJ1cmwiOiJodHRwczpcL1wvd3d3Lm1lZGVsbGluLmdvdi5jb1wvZXNcL3dwLWNvbnRlbnRcL3VwbG9hZHNcLzIwMjJcLzExXC9TZW1hbmEtZGUtbGFzLVBhcnRpY2lwYWNpb25FUy0xLmpwZyIsInNsaWRlc2hvdyI6ImFsbC01ZDYyMWViIn0%3D\">\n\t\t\t\t\t<div class=\"e-gallery-image elementor-gallery-item__image\" data-thumbnail=\"https:\/\/www.medellin.gov.co\/es\/wp-content\/uploads\/2022\/11\/Semana-de-las-ParticipacionES-1-300x200.jpg\" data-width=\"300\" data-height=\"200\" alt=\"En Medell\u00edn inicia la Semana de las ParticipacionES con m\u00e1s de diez eventos de ciudad\" ><\/div>\n\t\t\t\t\t\t\t\t\t\t\t<div class=\"elementor-gallery-item__overlay\"><\/div>\n\t\t\t\t\t\t\t\t\t\t\t\t\t\t<\/a>\n\t\t\t\t\t\t\t<a class=\"e-gallery-item elementor-gallery-item elementor-animated-content\" href=\"https:\/\/www.medellin.gov.co\/es\/wp-content\/uploads\/2021\/11\/eventos-estandar.jpg\" data-elementor-open-lightbox=\"yes\" data-elementor-lightbox-slideshow=\"all-5d621eb\" data-elementor-lightbox-title=\"Eventos est\u00e1ndar\" e-action-hash=\"#elementor-action%3Aaction%3Dlightbox%26settings%3DeyJpZCI6Mjk0NjEsInVybCI6Imh0dHBzOlwvXC93d3cubWVkZWxsaW4uZ292LmNvXC9lc1wvd3AtY29udGVudFwvdXBsb2Fkc1wvMjAyMVwvMTFcL2V2ZW50b3MtZXN0YW5kYXIuanBnIiwic2xpZGVzaG93IjoiYWxsLTVkNjIxZWIifQ%3D%3D\">\n\t\t\t\t\t<div class=\"e-gallery-image elementor-gallery-item__image\" data-thumbnail=\"https:\/\/www.medellin.gov.co\/es\/wp-content\/uploads\/2021\/11\/eventos-estandar-300x199.jpg\" data-width=\"300\" data-height=\"199\" alt=\"Eventos est\u00e1ndar\" ><\/div>\n\t\t\t\t\t\t\t\t\t\t\t<div class=\"elementor-gallery-item__overlay\"><\/div>\n\t\t\t\t\t\t\t\t\t\t\t\t\t\t<\/a>\n\t\t\t\t\t<\/div>\n\t\t\t<\/div>\n\t\t\t\t<\/div>\n\t\t\t\t\t\t<\/div>\n\t\t\t\t\t<\/div>\n\t\t<\/div>\n\t\t\t\t\t\t\t\t<\/div>\n\t\t\t\t\t<\/div>\n\t\t<\/section>\n\t\t\t\t\t\t<\/div>\n\t\t\t\t\t<\/div>\n\t\t<\/div>\n\t\t\t\t\t\t\t\t<\/div>\n\t\t\t\t\t<\/div>\n\t\t<\/section>\n\t\t\t\t\t\t\t\t\t<\/div>\n\t\t\t<\/div>\n\t\t\t\t\t<\/div>\n\t\t","protected":false},"excerpt":{"rendered":"<p>Ventanilla \u00fanica para eventos A trav\u00e9s de esta plataforma puedes gestionar el proceso completo para obtener los permisos que requieres para el desarrollo de un evento o una grabaci\u00f3n audiovisual. Anteriormente, el proceso era mixto: &#8230;<\/p>\n","protected":false},"author":31,"featured_media":193866,"parent":0,"menu_order":0,"comment_status":"closed","ping_status":"closed","template":"vistas-homes-elementor\/homes-elementor.php","meta":[],"acf":[],"_links":{"self":[{"href":"https:\/\/www.medellin.gov.co\/es\/wp-json\/wp\/v2\/pages\/205775"}],"collection":[{"href":"https:\/\/www.medellin.gov.co\/es\/wp-json\/wp\/v2\/pages"}],"about":[{"href":"https:\/\/www.medellin.gov.co\/es\/wp-json\/wp\/v2\/types\/page"}],"author":[{"embeddable":true,"href":"https:\/\/www.medellin.gov.co\/es\/wp-json\/wp\/v2\/users\/31"}],"replies":[{"embeddable":true,"href":"https:\/\/www.medellin.gov.co\/es\/wp-json\/wp\/v2\/comments?post=205775"}],"version-history":[{"count":10,"href":"https:\/\/www.medellin.gov.co\/es\/wp-json\/wp\/v2\/pages\/205775\/revisions"}],"predecessor-version":[{"id":205873,"href":"https:\/\/www.medellin.gov.co\/es\/wp-json\/wp\/v2\/pages\/205775\/revisions\/205873"}],"wp:featuredmedia":[{"embeddable":true,"href":"https:\/\/www.medellin.gov.co\/es\/wp-json\/wp\/v2\/media\/193866"}],"wp:attachment":[{"href":"https:\/\/www.medellin.gov.co\/es\/wp-json\/wp\/v2\/media?parent=205775"}],"curies":[{"name":"wp","href":"https:\/\/api.w.org\/{rel}","templated":true}]}}