{"id":20732,"date":"2021-10-04T13:51:33","date_gmt":"2021-10-04T18:51:33","guid":{"rendered":"https:\/\/www.medellin.gov.co\/es\/?page_id=20732"},"modified":"2025-08-19T10:20:43","modified_gmt":"2025-08-19T15:20:43","slug":"contactanos-en-el-territorio","status":"publish","type":"page","link":"https:\/\/www.medellin.gov.co\/es\/secretaria-de-inclusion-social-y-familia\/contactanos-en-el-territorio\/","title":{"rendered":"Contacto de la Secretar\u00eda de Inclusi\u00f3n en el territorio"},"content":{"rendered":"\t\t<div data-elementor-type=\"wp-page\" data-elementor-id=\"20732\" class=\"elementor elementor-20732\">\n\t\t\t\t\t\t<div class=\"elementor-inner\">\n\t\t\t\t<div class=\"elementor-section-wrap\">\n\t\t\t\t\t\t\t<div class=\"elementor-element elementor-element-6123639 e-container--column e-container\" data-id=\"6123639\" data-element_type=\"container\">\t\t\t\t<div class=\"elementor-element elementor-element-64279c6 elementor-widget elementor-widget-spacer\" data-id=\"64279c6\" data-element_type=\"widget\" data-widget_type=\"spacer.default\">\n\t\t\t\t<div class=\"elementor-widget-container\">\n\t\t\t\t\t<div class=\"elementor-spacer\">\n\t\t\t<div class=\"elementor-spacer-inner\"><\/div>\n\t\t<\/div>\n\t\t\t\t<\/div>\n\t\t\t\t<\/div>\n\t\t<\/div>\t\t<section class=\"elementor-section elementor-top-section elementor-element elementor-element-07d1f97 elementor-section-boxed elementor-section-height-default elementor-section-height-default\" data-id=\"07d1f97\" data-element_type=\"section\">\n\t\t\t\t\t\t<div class=\"elementor-container elementor-column-gap-default\">\n\t\t\t\t\t\t\t<div class=\"elementor-row\">\n\t\t\t\t\t<div class=\"elementor-column elementor-col-100 elementor-top-column elementor-element elementor-element-3c3dcf5\" data-id=\"3c3dcf5\" data-element_type=\"column\">\n\t\t\t<div class=\"elementor-column-wrap elementor-element-populated\">\n\t\t\t\t\t\t\t<div class=\"elementor-widget-wrap\">\n\t\t\t\t\t\t<div class=\"elementor-element elementor-element-7e05e26 elementor-widget elementor-widget-heading\" data-id=\"7e05e26\" data-element_type=\"widget\" data-widget_type=\"heading.default\">\n\t\t\t\t<div class=\"elementor-widget-container\">\n\t\t\t<h1 class=\"elementor-heading-title elementor-size-default\">Contacto de la Secretar\u00eda de Inclusi\u00f3n en el territorio<\/h1>\t\t<\/div>\n\t\t\t\t<\/div>\n\t\t\t\t<div class=\"elementor-element elementor-element-91c9b23 elementor-widget elementor-widget-text-editor\" data-id=\"91c9b23\" data-element_type=\"widget\" data-widget_type=\"text-editor.default\">\n\t\t\t\t<div class=\"elementor-widget-container\">\n\t\t\t\t\t\t\t\t<div class=\"elementor-text-editor elementor-clearfix\">\n\t\t\t\t<p>Si tienes dudas, requieres informaci\u00f3n o necesitas reportar una emergencia, puedes comunicarte con las siguientes l\u00edneas de atenci\u00f3n, seg\u00fan sea tu caso:<\/p>\t\t\t\t\t<\/div>\n\t\t\t\t\t\t<\/div>\n\t\t\t\t<\/div>\n\t\t\t\t<div class=\"elementor-element elementor-element-9a97604 elementor-widget elementor-widget-heading\" data-id=\"9a97604\" data-element_type=\"widget\" data-widget_type=\"heading.default\">\n\t\t\t\t<div class=\"elementor-widget-container\">\n\t\t\t<h2 class=\"elementor-heading-title elementor-size-default\"><b>Unidad <\/b>Familia Medell\u00edn<\/h2>\t\t<\/div>\n\t\t\t\t<\/div>\n\t\t\t\t<div class=\"elementor-element elementor-element-b663819 elementor-widget elementor-widget-text-editor\" data-id=\"b663819\" data-element_type=\"widget\" data-widget_type=\"text-editor.default\">\n\t\t\t\t<div class=\"elementor-widget-container\">\n\t\t\t\t\t\t\t\t<div class=\"elementor-text-editor elementor-clearfix\">\n\t\t\t\t<div class=\"x_gmail-ListContainerWrapper x_gmail-SCXW149748582 x_gmail-BCX0\"><ul><li>Avenida Palac\u00e9 # 62 \u2013 45 (Casa Prado)<\/li><li><span style=\"font-style: inherit; font-weight: inherit;\"> (604) 385 55 55, extensi\u00f3n 6758<\/span><\/li><\/ul><\/div><div class=\"x_gmail-OutlineElement x_gmail-Ltr x_gmail-SCXW149748582 x_gmail-BCX0\"><p class=\"x_gmail-Paragraph x_gmail-SCXW149748582 x_gmail-BCX0\"><span class=\"x_gmail-EOP x_gmail-SCXW149748582 x_gmail-BCX0\">\u00a0<\/span><\/p><\/div>\t\t\t\t\t<\/div>\n\t\t\t\t\t\t<\/div>\n\t\t\t\t<\/div>\n\t\t\t\t<div class=\"elementor-element elementor-element-afdb5bc elementor-widget elementor-widget-heading\" data-id=\"afdb5bc\" data-element_type=\"widget\" data-widget_type=\"heading.default\">\n\t\t\t\t<div class=\"elementor-widget-container\">\n\t\t\t<h2 class=\"elementor-heading-title elementor-size-default\"><b>Unidad <\/b>de Ni\u00f1ez<\/h2>\t\t<\/div>\n\t\t\t\t<\/div>\n\t\t\t\t<div class=\"elementor-element elementor-element-04884b0 elementor-widget elementor-widget-text-editor\" data-id=\"04884b0\" data-element_type=\"widget\" data-widget_type=\"text-editor.default\">\n\t\t\t\t<div class=\"elementor-widget-container\">\n\t\t\t\t\t\t\t\t<div class=\"elementor-text-editor elementor-clearfix\">\n\t\t\t\t<ul><li>Calle 72b # 78b\u00a0\u2013\u00a054(Robledo)<span style=\"font-style: inherit; font-weight: inherit;\">\u00a0<\/span><\/li><li><span style=\"font-style: inherit; font-weight: inherit;\">(604)385 55 55,\u00a0extensiones\u00a04135\u00a0o\u00a01678<\/span><span style=\"font-style: inherit; font-weight: inherit;\">\u00a0<\/span><\/li><\/ul><p><span style=\"font-style: inherit; font-weight: inherit;\">*Para el ingreso a esta sede se debe contar con previa autorizaci\u00f3n<\/span><span style=\"font-style: inherit; font-weight: inherit;\">\u00a0<\/span><\/p><p>\u00a0<\/p>\t\t\t\t\t<\/div>\n\t\t\t\t\t\t<\/div>\n\t\t\t\t<\/div>\n\t\t\t\t<div class=\"elementor-element elementor-element-a33fdb4 elementor-widget elementor-widget-heading\" data-id=\"a33fdb4\" data-element_type=\"widget\" data-widget_type=\"heading.default\">\n\t\t\t\t<div class=\"elementor-widget-container\">\n\t\t\t<h2 class=\"elementor-heading-title elementor-size-default\"><b>Unidad <\/b>de Programas Sociales Especiales (UPSE)<\/h2>\t\t<\/div>\n\t\t\t\t<\/div>\n\t\t\t\t<div class=\"elementor-element elementor-element-3417286 elementor-widget elementor-widget-text-editor\" data-id=\"3417286\" data-element_type=\"widget\" data-widget_type=\"text-editor.default\">\n\t\t\t\t<div class=\"elementor-widget-container\">\n\t\t\t\t\t\t\t\t<div class=\"elementor-text-editor elementor-clearfix\">\n\t\t\t\t<ul><li>Carrera 53 a # 42 \u2013 101<\/li><li><span style=\"font-style: inherit; font-weight: inherit;\"> (604)<\/span><span style=\"font-style: inherit; font-weight: inherit;\">385 55 55, extensi\u00f3n 5405<\/span><span style=\"font-style: inherit; font-weight: inherit;\">\u00a0<\/span><\/li><\/ul>\t\t\t\t\t<\/div>\n\t\t\t\t\t\t<\/div>\n\t\t\t\t<\/div>\n\t\t\t\t<div class=\"elementor-element elementor-element-1ed9810 elementor-widget elementor-widget-heading\" data-id=\"1ed9810\" data-element_type=\"widget\" data-widget_type=\"heading.default\">\n\t\t\t\t<div class=\"elementor-widget-container\">\n\t\t\t<h2 class=\"elementor-heading-title elementor-size-default\"><b>Equipo <\/b>de Seguridad Alimentaria y Nutricional<\/h2>\t\t<\/div>\n\t\t\t\t<\/div>\n\t\t\t\t<div class=\"elementor-element elementor-element-e4719c4 elementor-widget elementor-widget-text-editor\" data-id=\"e4719c4\" data-element_type=\"widget\" data-widget_type=\"text-editor.default\">\n\t\t\t\t<div class=\"elementor-widget-container\">\n\t\t\t\t\t\t\t\t<div class=\"elementor-text-editor elementor-clearfix\">\n\t\t\t\t<ul><li>Calle 44a # 75 -104<\/li><li><span style=\"font-style: inherit; font-weight: inherit;\"> (604)385 55 55, extensi\u00f3n 5444<\/span><\/li><\/ul>\t\t\t\t\t<\/div>\n\t\t\t\t\t\t<\/div>\n\t\t\t\t<\/div>\n\t\t\t\t<div class=\"elementor-element elementor-element-10e8dc3 elementor-widget elementor-widget-heading\" data-id=\"10e8dc3\" data-element_type=\"widget\" data-widget_type=\"heading.default\">\n\t\t\t\t<div class=\"elementor-widget-container\">\n\t\t\t<h2 class=\"elementor-heading-title elementor-size-default\"><b>Equipo <\/b>de Personas Mayores - Amautta<\/h2>\t\t<\/div>\n\t\t\t\t<\/div>\n\t\t\t\t<div class=\"elementor-element elementor-element-607a0ce elementor-widget elementor-widget-text-editor\" data-id=\"607a0ce\" data-element_type=\"widget\" data-widget_type=\"text-editor.default\">\n\t\t\t\t<div class=\"elementor-widget-container\">\n\t\t\t\t\t\t\t\t<div class=\"elementor-text-editor elementor-clearfix\">\n\t\t\t\t<ul><li>Carrera 45 # 54-55<\/li><li><span style=\"font-style: inherit; font-weight: inherit;\"> (604)385 55 55,\u00a0extensiones\u00a02903\u00a0o\u00a06647<\/span><span style=\"font-style: inherit; font-weight: inherit;\">\u00a0<\/span><\/li><\/ul>\t\t\t\t\t<\/div>\n\t\t\t\t\t\t<\/div>\n\t\t\t\t<\/div>\n\t\t\t\t<div class=\"elementor-element elementor-element-30e6a99 elementor-widget elementor-widget-heading\" data-id=\"30e6a99\" data-element_type=\"widget\" data-widget_type=\"heading.default\">\n\t\t\t\t<div class=\"elementor-widget-container\">\n\t\t\t<h2 class=\"elementor-heading-title elementor-size-default\"><b>Equipo <\/b>de Discapacidad <\/h2>\t\t<\/div>\n\t\t\t\t<\/div>\n\t\t\t\t<div class=\"elementor-element elementor-element-b754060 elementor-widget elementor-widget-text-editor\" data-id=\"b754060\" data-element_type=\"widget\" data-widget_type=\"text-editor.default\">\n\t\t\t\t<div class=\"elementor-widget-container\">\n\t\t\t\t\t\t\t\t<div class=\"elementor-text-editor elementor-clearfix\">\n\t\t\t\t<ul><li>SedeBel\u00e9n, Las Playas: carrera 72 # 11- 11.<span style=\"font-style: inherit; font-weight: inherit;\">\u00a0<\/span><\/li><li><span style=\"font-style: inherit; font-weight: inherit;\"> CIF Castilla, comuna 5. Calle 101 # 65-19.<\/span><\/li><li><span style=\"font-style: inherit; font-weight: inherit;\"> Centro Integrado de San Crist\u00f3bal Carrera 128 # 63 -45 interior 115<\/span><\/li><li><span style=\"font-style: inherit; font-weight: inherit;\"> (604)385 55 55 Extensiones: 4206, 4215, 4210\u00a0o\u00a09689\u00a0<\/span><span style=\"font-style: inherit; font-weight: inherit;\">\u00a0<\/span><\/li><li><span style=\"font-style: inherit; font-weight: inherit;\"> Correo electr\u00f3nico:\u00a0<\/span><a href=\"mailto:discapacidad@medellin.gov.co\" data-linkindex=\"1\"><span style=\"font-style: inherit; font-weight: inherit;\">discapacidad@medellin.gov.co<\/span><\/a><\/li><\/ul>\t\t\t\t\t<\/div>\n\t\t\t\t\t\t<\/div>\n\t\t\t\t<\/div>\n\t\t\t\t<div class=\"elementor-element elementor-element-506f31a elementor-widget elementor-widget-heading\" data-id=\"506f31a\" data-element_type=\"widget\" data-widget_type=\"heading.default\">\n\t\t\t\t<div class=\"elementor-widget-container\">\n\t\t\t<h2 class=\"elementor-heading-title elementor-size-default\"><b>Subsecretar\u00eda <\/b>de Derechos Humanos<\/h2>\t\t<\/div>\n\t\t\t\t<\/div>\n\t\t\t\t<div class=\"elementor-element elementor-element-0763735 elementor-widget elementor-widget-text-editor\" data-id=\"0763735\" data-element_type=\"widget\" data-widget_type=\"text-editor.default\">\n\t\t\t\t<div class=\"elementor-widget-container\">\n\t\t\t\t\t\t\t\t<div class=\"elementor-text-editor elementor-clearfix\">\n\t\t\t\t<ul><li>Carrera 53a # 42 &#8211; 101, piso 1 (Edificio Plaza de la Libertad)<\/li><li>(4) 385 55 55, extensi\u00f3n 5321<\/li><\/ul>\t\t\t\t\t<\/div>\n\t\t\t\t\t\t<\/div>\n\t\t\t\t<\/div>\n\t\t\t\t\t\t<\/div>\n\t\t\t\t\t<\/div>\n\t\t<\/div>\n\t\t\t\t\t\t\t\t<\/div>\n\t\t\t\t\t<\/div>\n\t\t<\/section>\n\t\t\t\t<section class=\"elementor-section elementor-top-section elementor-element elementor-element-dffb686 elementor-section-boxed elementor-section-height-default elementor-section-height-default\" data-id=\"dffb686\" data-element_type=\"section\">\n\t\t\t\t\t\t<div class=\"elementor-container elementor-column-gap-default\">\n\t\t\t\t\t\t\t<div class=\"elementor-row\">\n\t\t\t\t\t<div class=\"elementor-column elementor-col-100 elementor-top-column elementor-element elementor-element-a67fb45\" data-id=\"a67fb45\" data-element_type=\"column\">\n\t\t\t<div class=\"elementor-column-wrap\">\n\t\t\t\t\t\t\t<div class=\"elementor-widget-wrap\">\n\t\t\t\t\t\t\t\t<\/div>\n\t\t\t\t\t<\/div>\n\t\t<\/div>\n\t\t\t\t\t\t\t\t<\/div>\n\t\t\t\t\t<\/div>\n\t\t<\/section>\n\t\t\t\t\t\t\t\t\t<\/div>\n\t\t\t<\/div>\n\t\t\t\t\t<\/div>\n\t\t","protected":false},"excerpt":{"rendered":"<p>Contacto de la Secretar\u00eda de Inclusi\u00f3n en el territorio Si tienes dudas, requieres informaci\u00f3n o necesitas reportar una emergencia, puedes comunicarte con las siguientes l\u00edneas de atenci\u00f3n, seg\u00fan sea tu caso: Unidad Familia Medell\u00edn Avenida &#8230;<\/p>\n","protected":false},"author":31,"featured_media":20729,"parent":339476,"menu_order":10,"comment_status":"closed","ping_status":"closed","template":"","meta":[],"acf":[],"_links":{"self":[{"href":"https:\/\/www.medellin.gov.co\/es\/wp-json\/wp\/v2\/pages\/20732"}],"collection":[{"href":"https:\/\/www.medellin.gov.co\/es\/wp-json\/wp\/v2\/pages"}],"about":[{"href":"https:\/\/www.medellin.gov.co\/es\/wp-json\/wp\/v2\/types\/page"}],"author":[{"embeddable":true,"href":"https:\/\/www.medellin.gov.co\/es\/wp-json\/wp\/v2\/users\/31"}],"replies":[{"embeddable":true,"href":"https:\/\/www.medellin.gov.co\/es\/wp-json\/wp\/v2\/comments?post=20732"}],"version-history":[{"count":10,"href":"https:\/\/www.medellin.gov.co\/es\/wp-json\/wp\/v2\/pages\/20732\/revisions"}],"predecessor-version":[{"id":444161,"href":"https:\/\/www.medellin.gov.co\/es\/wp-json\/wp\/v2\/pages\/20732\/revisions\/444161"}],"up":[{"embeddable":true,"href":"https:\/\/www.medellin.gov.co\/es\/wp-json\/wp\/v2\/pages\/339476"}],"wp:featuredmedia":[{"embeddable":true,"href":"https:\/\/www.medellin.gov.co\/es\/wp-json\/wp\/v2\/media\/20729"}],"wp:attachment":[{"href":"https:\/\/www.medellin.gov.co\/es\/wp-json\/wp\/v2\/media?parent=20732"}],"curies":[{"name":"wp","href":"https:\/\/api.w.org\/{rel}","templated":true}]}}