{"id":21623,"date":"2021-10-09T11:50:16","date_gmt":"2021-10-09T16:50:16","guid":{"rendered":"https:\/\/www.medellin.gov.co\/es\/?page_id=21623"},"modified":"2025-08-27T10:12:32","modified_gmt":"2025-08-27T15:12:32","slug":"componente-indigena","status":"publish","type":"page","link":"https:\/\/www.medellin.gov.co\/es\/gerencia-etnica\/componente-indigena\/","title":{"rendered":"Componente indigena de la Gerencia \u00c9tnica"},"content":{"rendered":"\t\t<div data-elementor-type=\"wp-page\" data-elementor-id=\"21623\" class=\"elementor elementor-21623\">\n\t\t\t\t\t\t<div class=\"elementor-inner\">\n\t\t\t\t<div class=\"elementor-section-wrap\">\n\t\t\t\t\t\t\t\t\t<section class=\"elementor-section elementor-top-section elementor-element elementor-element-415a427c elementor-section-boxed elementor-section-height-default elementor-section-height-default\" data-id=\"415a427c\" data-element_type=\"section\">\n\t\t\t\t\t\t<div class=\"elementor-container elementor-column-gap-default\">\n\t\t\t\t\t\t\t<div class=\"elementor-row\">\n\t\t\t\t\t<div class=\"elementor-column elementor-col-100 elementor-top-column elementor-element elementor-element-68323132\" data-id=\"68323132\" data-element_type=\"column\">\n\t\t\t<div class=\"elementor-column-wrap elementor-element-populated\">\n\t\t\t\t\t\t\t<div class=\"elementor-widget-wrap\">\n\t\t\t\t\t\t<div class=\"elementor-element elementor-element-53ee24d2 elementor-widget elementor-widget-heading\" data-id=\"53ee24d2\" data-element_type=\"widget\" data-widget_type=\"heading.default\">\n\t\t\t\t<div class=\"elementor-widget-container\">\n\t\t\t<h1 class=\"elementor-heading-title elementor-size-default\">Componente ind\u00edgena de la Gerencia \u00c9tnica<\/h1>\t\t<\/div>\n\t\t\t\t<\/div>\n\t\t\t\t<div class=\"elementor-element elementor-element-34ef667 elementor-widget elementor-widget-text-editor\" data-id=\"34ef667\" data-element_type=\"widget\" data-widget_type=\"text-editor.default\">\n\t\t\t\t<div class=\"elementor-widget-container\">\n\t\t\t\t\t\t\t\t<div class=\"elementor-text-editor elementor-clearfix\">\n\t\t\t\t<p>Este componente se desprende en estrategias que permiten la atenci\u00f3n permanente e integral de la poblaci\u00f3n indigena de la ciudad de Medell\u00edn.<\/p><p>Tiene como prop\u00f3sito desarrollar estrategias y acciones priorizadas, derivadas del Plan de Atenci\u00f3n Psicosocial para la poblaci\u00f3n ind\u00edgena habitante del Municipio de Medell\u00edn. Fue dise\u00f1ado con el objetivo de atender integralmente a la poblaci\u00f3n ind\u00edgena que se encuentra en la ciudad, especialmente a quienes se encuentran en alto grado de vulnerabilidad y riesgo social. <\/p>\t\t\t\t\t<\/div>\n\t\t\t\t\t\t<\/div>\n\t\t\t\t<\/div>\n\t\t\t\t<section class=\"elementor-section elementor-inner-section elementor-element elementor-element-8781f16 elementor-section-boxed elementor-section-height-default elementor-section-height-default\" data-id=\"8781f16\" data-element_type=\"section\">\n\t\t\t\t\t\t<div class=\"elementor-container elementor-column-gap-default\">\n\t\t\t\t\t\t\t<div class=\"elementor-row\">\n\t\t\t\t\t<div class=\"elementor-column elementor-col-50 elementor-inner-column elementor-element elementor-element-b44869a\" data-id=\"b44869a\" data-element_type=\"column\">\n\t\t\t<div class=\"elementor-column-wrap elementor-element-populated\">\n\t\t\t\t\t\t\t<div class=\"elementor-widget-wrap\">\n\t\t\t\t\t\t<div class=\"elementor-element elementor-element-7a1d692 elementor-widget elementor-widget-image\" data-id=\"7a1d692\" data-element_type=\"widget\" data-widget_type=\"image.default\">\n\t\t\t\t<div class=\"elementor-widget-container\">\n\t\t\t\t\t\t\t\t<div class=\"elementor-image\">\n\t\t\t\t\t\t\t\t\t\t\t\t<img width=\"1080\" height=\"720\" src=\"https:\/\/www.medellin.gov.co\/es\/wp-content\/uploads\/2025\/07\/Imagen-de-tres-ninos-indigenas.jpg\" class=\"attachment-full size-full\" alt=\"Imagen de tres ni\u00f1os ind\u00edgenas\" loading=\"lazy\" srcset=\"https:\/\/www.medellin.gov.co\/es\/wp-content\/uploads\/2025\/07\/Imagen-de-tres-ninos-indigenas.jpg 1080w, https:\/\/www.medellin.gov.co\/es\/wp-content\/uploads\/2025\/07\/Imagen-de-tres-ninos-indigenas-300x200.jpg 300w, https:\/\/www.medellin.gov.co\/es\/wp-content\/uploads\/2025\/07\/Imagen-de-tres-ninos-indigenas-1024x683.jpg 1024w, https:\/\/www.medellin.gov.co\/es\/wp-content\/uploads\/2025\/07\/Imagen-de-tres-ninos-indigenas-150x100.jpg 150w, https:\/\/www.medellin.gov.co\/es\/wp-content\/uploads\/2025\/07\/Imagen-de-tres-ninos-indigenas-768x512.jpg 768w\" sizes=\"(max-width: 1080px) 100vw, 1080px\" \/>\t\t\t\t\t\t\t\t\t\t\t\t\t\t<\/div>\n\t\t\t\t\t\t<\/div>\n\t\t\t\t<\/div>\n\t\t\t\t\t\t<\/div>\n\t\t\t\t\t<\/div>\n\t\t<\/div>\n\t\t\t\t<div class=\"elementor-column elementor-col-50 elementor-inner-column elementor-element elementor-element-b65c57c\" data-id=\"b65c57c\" data-element_type=\"column\">\n\t\t\t<div class=\"elementor-column-wrap elementor-element-populated\">\n\t\t\t\t\t\t\t<div class=\"elementor-widget-wrap\">\n\t\t\t\t\t\t<div class=\"elementor-element elementor-element-6743e76 elementor-widget elementor-widget-image\" data-id=\"6743e76\" data-element_type=\"widget\" data-widget_type=\"image.default\">\n\t\t\t\t<div class=\"elementor-widget-container\">\n\t\t\t\t\t\t\t\t<div class=\"elementor-image\">\n\t\t\t\t\t\t\t\t\t\t\t\t<img width=\"1280\" height=\"853\" src=\"https:\/\/www.medellin.gov.co\/es\/wp-content\/uploads\/2025\/08\/Imagen-gerencia-Etnica.jpg\" class=\"attachment-full size-full\" alt=\"Imagen gerencia \u00c9tnica\" loading=\"lazy\" srcset=\"https:\/\/www.medellin.gov.co\/es\/wp-content\/uploads\/2025\/08\/Imagen-gerencia-Etnica.jpg 1280w, https:\/\/www.medellin.gov.co\/es\/wp-content\/uploads\/2025\/08\/Imagen-gerencia-Etnica-300x200.jpg 300w, https:\/\/www.medellin.gov.co\/es\/wp-content\/uploads\/2025\/08\/Imagen-gerencia-Etnica-1024x682.jpg 1024w, https:\/\/www.medellin.gov.co\/es\/wp-content\/uploads\/2025\/08\/Imagen-gerencia-Etnica-150x100.jpg 150w, https:\/\/www.medellin.gov.co\/es\/wp-content\/uploads\/2025\/08\/Imagen-gerencia-Etnica-768x512.jpg 768w\" sizes=\"(max-width: 1280px) 100vw, 1280px\" \/>\t\t\t\t\t\t\t\t\t\t\t\t\t\t<\/div>\n\t\t\t\t\t\t<\/div>\n\t\t\t\t<\/div>\n\t\t\t\t\t\t<\/div>\n\t\t\t\t\t<\/div>\n\t\t<\/div>\n\t\t\t\t\t\t\t\t<\/div>\n\t\t\t\t\t<\/div>\n\t\t<\/section>\n\t\t\t\t<div class=\"elementor-element elementor-element-9b4f086 elementor-widget elementor-widget-text-editor\" data-id=\"9b4f086\" data-element_type=\"widget\" data-widget_type=\"text-editor.default\">\n\t\t\t\t<div class=\"elementor-widget-container\">\n\t\t\t\t\t\t\t\t<div class=\"elementor-text-editor elementor-clearfix\">\n\t\t\t\t<p>La formulaci\u00f3n del Plan de Atenci\u00f3n Psicosocial da cuenta de cinco l\u00edneas estrat\u00e9gicas fundamentales para la poblaci\u00f3n Ind\u00edgena que habita en la ciudad de Medell\u00edn. Los cabildos ind\u00edgenas priorizar\u00e1n la formulaci\u00f3n de diferentes acciones colectivas de acuerdo con sus necesidades, estas ser\u00e1n orientadas por estas cinco l\u00edneas:<\/p><ul><li>Fortalecimiento a la participaci\u00f3n<\/li><li>Promoci\u00f3n del buen vivir<\/li><li>Cultura<\/li><li>Educaci\u00f3n (etnoeducaci\u00f3n)<\/li><li>Recreaci\u00f3n y deporte<\/li><\/ul><p>Con el fin de garantizar los derechos a la poblaci\u00f3n ind\u00edgena y una efectiva reparaci\u00f3n colectiva, es necesario integrar y articular un programa de atenci\u00f3n con acciones derivadas de las l\u00edneas propuestas a trav\u00e9s de dos subcomponentes:<\/p>\t\t\t\t\t<\/div>\n\t\t\t\t\t\t<\/div>\n\t\t\t\t<\/div>\n\t\t\t\t<div class=\"elementor-element elementor-element-fd3a190 elementor-widget elementor-widget-text-editor\" data-id=\"fd3a190\" data-element_type=\"widget\" data-widget_type=\"text-editor.default\">\n\t\t\t\t<div class=\"elementor-widget-container\">\n\t\t\t\t\t\t\t\t<div class=\"elementor-text-editor elementor-clearfix\">\n\t\t\t\t<h2>La atenci\u00f3n psicosocial<\/h2>\t\t\t\t\t<\/div>\n\t\t\t\t\t\t<\/div>\n\t\t\t\t<\/div>\n\t\t\t\t<div class=\"elementor-element elementor-element-6b798db elementor-widget elementor-widget-text-editor\" data-id=\"6b798db\" data-element_type=\"widget\" data-widget_type=\"text-editor.default\">\n\t\t\t\t<div class=\"elementor-widget-container\">\n\t\t\t\t\t\t\t\t<div class=\"elementor-text-editor elementor-clearfix\">\n\t\t\t\t<p>En el marco de este subcomponente se brindar\u00e1 atenci\u00f3n con enfoque diferencial a la poblaci\u00f3n ind\u00edgena de la ciudad y, de manera particular, acompa\u00f1amiento en la Casa Compartida del barrio Raizal y la Sede estudiantil del Cabildo Chibcariwak.<\/p>\t\t\t\t\t<\/div>\n\t\t\t\t\t\t<\/div>\n\t\t\t\t<\/div>\n\t\t\t\t<div class=\"elementor-element elementor-element-8549709 elementor-widget elementor-widget-image\" data-id=\"8549709\" data-element_type=\"widget\" data-widget_type=\"image.default\">\n\t\t\t\t<div class=\"elementor-widget-container\">\n\t\t\t\t\t\t\t\t<div class=\"elementor-image\">\n\t\t\t\t\t\t\t\t\t\t\t\t<img width=\"960\" height=\"720\" src=\"https:\/\/www.medellin.gov.co\/es\/wp-content\/uploads\/2025\/07\/Imagen-reunion-con-indigenas.jpg\" class=\"attachment-full size-full\" alt=\"Imagen reuni\u00f3n con ind\u00edgenas\" loading=\"lazy\" srcset=\"https:\/\/www.medellin.gov.co\/es\/wp-content\/uploads\/2025\/07\/Imagen-reunion-con-indigenas.jpg 960w, https:\/\/www.medellin.gov.co\/es\/wp-content\/uploads\/2025\/07\/Imagen-reunion-con-indigenas-300x225.jpg 300w, https:\/\/www.medellin.gov.co\/es\/wp-content\/uploads\/2025\/07\/Imagen-reunion-con-indigenas-150x113.jpg 150w, https:\/\/www.medellin.gov.co\/es\/wp-content\/uploads\/2025\/07\/Imagen-reunion-con-indigenas-768x576.jpg 768w\" sizes=\"(max-width: 960px) 100vw, 960px\" \/>\t\t\t\t\t\t\t\t\t\t\t\t\t\t<\/div>\n\t\t\t\t\t\t<\/div>\n\t\t\t\t<\/div>\n\t\t\t\t<div class=\"elementor-element elementor-element-be1f7ef elementor-widget elementor-widget-text-editor\" data-id=\"be1f7ef\" data-element_type=\"widget\" data-widget_type=\"text-editor.default\">\n\t\t\t\t<div class=\"elementor-widget-container\">\n\t\t\t\t\t\t\t\t<div class=\"elementor-text-editor elementor-clearfix\">\n\t\t\t\t<h2>Articulaciones intersectoriales<\/h2>\t\t\t\t\t<\/div>\n\t\t\t\t\t\t<\/div>\n\t\t\t\t<\/div>\n\t\t\t\t<div class=\"elementor-element elementor-element-2429d26 elementor-widget elementor-widget-text-editor\" data-id=\"2429d26\" data-element_type=\"widget\" data-widget_type=\"text-editor.default\">\n\t\t\t\t<div class=\"elementor-widget-container\">\n\t\t\t\t\t\t\t\t<div class=\"elementor-text-editor elementor-clearfix\">\n\t\t\t\t<p><span style=\"color: var( --e-global-color-text ); font-family: var( --e-global-typography-text-font-family ), Sans-serif; font-size: var( --e-global-typography-text-font-size ); font-weight: var( --e-global-typography-text-font-weight );\">Tienen por objetivo gestionar alianzas con instituciones p\u00fablicas y privadas para la atenci\u00f3n integral a la poblaci\u00f3n ind\u00edgena de la ciudad, en cumplimiento de los principios de subsidiariedad, concurrencia y articulaci\u00f3n.<\/span><\/p>\t\t\t\t\t<\/div>\n\t\t\t\t\t\t<\/div>\n\t\t\t\t<\/div>\n\t\t\t\t\t\t<\/div>\n\t\t\t\t\t<\/div>\n\t\t<\/div>\n\t\t\t\t\t\t\t\t<\/div>\n\t\t\t\t\t<\/div>\n\t\t<\/section>\n\t\t\t\t\t\t\t\t\t<\/div>\n\t\t\t<\/div>\n\t\t\t\t\t<\/div>\n\t\t","protected":false},"excerpt":{"rendered":"<p>Componente ind\u00edgena de la Gerencia \u00c9tnica Este componente se desprende en estrategias que permiten la atenci\u00f3n permanente e integral de la poblaci\u00f3n indigena de la ciudad de Medell\u00edn. Tiene como prop\u00f3sito desarrollar estrategias y acciones &#8230;<\/p>\n","protected":false},"author":1,"featured_media":31272,"parent":21616,"menu_order":15,"comment_status":"closed","ping_status":"closed","template":"sec-etnica\/elementor.php","meta":[],"acf":[],"_links":{"self":[{"href":"https:\/\/www.medellin.gov.co\/es\/wp-json\/wp\/v2\/pages\/21623"}],"collection":[{"href":"https:\/\/www.medellin.gov.co\/es\/wp-json\/wp\/v2\/pages"}],"about":[{"href":"https:\/\/www.medellin.gov.co\/es\/wp-json\/wp\/v2\/types\/page"}],"author":[{"embeddable":true,"href":"https:\/\/www.medellin.gov.co\/es\/wp-json\/wp\/v2\/users\/1"}],"replies":[{"embeddable":true,"href":"https:\/\/www.medellin.gov.co\/es\/wp-json\/wp\/v2\/comments?post=21623"}],"version-history":[{"count":10,"href":"https:\/\/www.medellin.gov.co\/es\/wp-json\/wp\/v2\/pages\/21623\/revisions"}],"predecessor-version":[{"id":447665,"href":"https:\/\/www.medellin.gov.co\/es\/wp-json\/wp\/v2\/pages\/21623\/revisions\/447665"}],"up":[{"embeddable":true,"href":"https:\/\/www.medellin.gov.co\/es\/wp-json\/wp\/v2\/pages\/21616"}],"wp:featuredmedia":[{"embeddable":true,"href":"https:\/\/www.medellin.gov.co\/es\/wp-json\/wp\/v2\/media\/31272"}],"wp:attachment":[{"href":"https:\/\/www.medellin.gov.co\/es\/wp-json\/wp\/v2\/media?parent=21623"}],"curies":[{"name":"wp","href":"https:\/\/api.w.org\/{rel}","templated":true}]}}