{"id":21625,"date":"2021-10-09T11:51:18","date_gmt":"2021-10-09T16:51:18","guid":{"rendered":"https:\/\/www.medellin.gov.co\/es\/?page_id=21625"},"modified":"2023-03-13T15:10:35","modified_gmt":"2023-03-13T20:10:35","slug":"componente-de-transversalizacion","status":"publish","type":"page","link":"https:\/\/www.medellin.gov.co\/es\/gerencia-etnica\/componente-de-transversalizacion\/","title":{"rendered":"Componente de transversalizaci\u00f3n de la Gerencia \u00c9tnica"},"content":{"rendered":"\t\t<div data-elementor-type=\"wp-page\" data-elementor-id=\"21625\" class=\"elementor elementor-21625\">\n\t\t\t\t\t\t<div class=\"elementor-inner\">\n\t\t\t\t<div class=\"elementor-section-wrap\">\n\t\t\t\t\t\t\t\t\t<section class=\"elementor-section elementor-top-section elementor-element elementor-element-1be0d201 elementor-section-boxed elementor-section-height-default elementor-section-height-default\" data-id=\"1be0d201\" data-element_type=\"section\">\n\t\t\t\t\t\t<div class=\"elementor-container elementor-column-gap-default\">\n\t\t\t\t\t\t\t<div class=\"elementor-row\">\n\t\t\t\t\t<div class=\"elementor-column elementor-col-100 elementor-top-column elementor-element elementor-element-fcc75de\" data-id=\"fcc75de\" data-element_type=\"column\">\n\t\t\t<div class=\"elementor-column-wrap elementor-element-populated\">\n\t\t\t\t\t\t\t<div class=\"elementor-widget-wrap\">\n\t\t\t\t\t\t<div class=\"elementor-element elementor-element-bcf705b elementor-widget elementor-widget-heading\" data-id=\"bcf705b\" data-element_type=\"widget\" data-widget_type=\"heading.default\">\n\t\t\t\t<div class=\"elementor-widget-container\">\n\t\t\t<h1 class=\"elementor-heading-title elementor-size-default\">Componente de transversalizaci\u00f3n de la Gerencia \u00c9tnica<\/h1>\t\t<\/div>\n\t\t\t\t<\/div>\n\t\t\t\t<div class=\"elementor-element elementor-element-df8a7e2 elementor-widget elementor-widget-text-editor\" data-id=\"df8a7e2\" data-element_type=\"widget\" data-widget_type=\"text-editor.default\">\n\t\t\t\t<div class=\"elementor-widget-container\">\n\t\t\t\t\t\t\t\t<div class=\"elementor-text-editor elementor-clearfix\">\n\t\t\t\t<p>Este componente se desprende en estrategias de transversalizaci\u00f3n para la atenci\u00f3n integral de la poblaci\u00f3n \u00e9tnica de la ciudad de Medell\u00edn.<\/p>\t\t\t\t\t<\/div>\n\t\t\t\t\t\t<\/div>\n\t\t\t\t<\/div>\n\t\t\t\t<div class=\"elementor-element elementor-element-4328c54 elementor-widget elementor-widget-image\" data-id=\"4328c54\" data-element_type=\"widget\" data-widget_type=\"image.default\">\n\t\t\t\t<div class=\"elementor-widget-container\">\n\t\t\t\t\t\t\t\t<div class=\"elementor-image\">\n\t\t\t\t\t\t\t\t\t\t\t\t<img width=\"1200\" height=\"900\" src=\"https:\/\/www.medellin.gov.co\/es\/wp-content\/uploads\/2023\/03\/transversalizacion-1.jpg\" class=\"attachment-full size-full\" alt=\"Componente de transversalizaci\u00f3n\" loading=\"lazy\" srcset=\"https:\/\/www.medellin.gov.co\/es\/wp-content\/uploads\/2023\/03\/transversalizacion-1.jpg 1200w, https:\/\/www.medellin.gov.co\/es\/wp-content\/uploads\/2023\/03\/transversalizacion-1-300x225.jpg 300w, https:\/\/www.medellin.gov.co\/es\/wp-content\/uploads\/2023\/03\/transversalizacion-1-1024x768.jpg 1024w, https:\/\/www.medellin.gov.co\/es\/wp-content\/uploads\/2023\/03\/transversalizacion-1-150x113.jpg 150w, https:\/\/www.medellin.gov.co\/es\/wp-content\/uploads\/2023\/03\/transversalizacion-1-768x576.jpg 768w\" sizes=\"(max-width: 1200px) 100vw, 1200px\" \/>\t\t\t\t\t\t\t\t\t\t\t\t\t\t<\/div>\n\t\t\t\t\t\t<\/div>\n\t\t\t\t<\/div>\n\t\t\t\t<div class=\"elementor-element elementor-element-89a0506 elementor-widget elementor-widget-heading\" data-id=\"89a0506\" data-element_type=\"widget\" data-widget_type=\"heading.default\">\n\t\t\t\t<div class=\"elementor-widget-container\">\n\t\t\t<h2 class=\"elementor-heading-title elementor-size-default\"><b>Acciones del componente<\/b> de Transversalizaci\u00f3n<\/h2>\t\t<\/div>\n\t\t\t\t<\/div>\n\t\t\t\t<div class=\"elementor-element elementor-element-05d9c5c elementor-widget elementor-widget-text-editor\" data-id=\"05d9c5c\" data-element_type=\"widget\" data-widget_type=\"text-editor.default\">\n\t\t\t\t<div class=\"elementor-widget-container\">\n\t\t\t\t\t\t\t\t<div class=\"elementor-text-editor elementor-clearfix\">\n\t\t\t\t<p>A continuaci\u00f3n, te contamos cada una de las estrategias implementadas para garantizar la atenci\u00f3n de la poblaci\u00f3n afrodescendiente de la ciudad de Medell\u00edn.<\/p>\t\t\t\t\t<\/div>\n\t\t\t\t\t\t<\/div>\n\t\t\t\t<\/div>\n\t\t\t\t<div class=\"elementor-element elementor-element-5acba9f elementor-widget elementor-widget-heading\" data-id=\"5acba9f\" data-element_type=\"widget\" data-widget_type=\"heading.default\">\n\t\t\t\t<div class=\"elementor-widget-container\">\n\t\t\t<h3 class=\"elementor-heading-title elementor-size-default\">Transversalizaci\u00f3n y acciones de etnoeducaci\u00f3n<\/h3>\t\t<\/div>\n\t\t\t\t<\/div>\n\t\t\t\t<div class=\"elementor-element elementor-element-d91ec92 elementor-widget elementor-widget-image\" data-id=\"d91ec92\" data-element_type=\"widget\" data-widget_type=\"image.default\">\n\t\t\t\t<div class=\"elementor-widget-container\">\n\t\t\t\t\t\t\t\t<div class=\"elementor-image\">\n\t\t\t\t\t\t\t\t\t\t\t\t<img width=\"1200\" height=\"900\" src=\"https:\/\/www.medellin.gov.co\/es\/wp-content\/uploads\/2023\/03\/transversalizacion-2.jpg\" class=\"attachment-full size-full\" alt=\"Componente de transversalizaci\u00f3n\" loading=\"lazy\" srcset=\"https:\/\/www.medellin.gov.co\/es\/wp-content\/uploads\/2023\/03\/transversalizacion-2.jpg 1200w, https:\/\/www.medellin.gov.co\/es\/wp-content\/uploads\/2023\/03\/transversalizacion-2-300x225.jpg 300w, https:\/\/www.medellin.gov.co\/es\/wp-content\/uploads\/2023\/03\/transversalizacion-2-1024x768.jpg 1024w, https:\/\/www.medellin.gov.co\/es\/wp-content\/uploads\/2023\/03\/transversalizacion-2-150x113.jpg 150w, https:\/\/www.medellin.gov.co\/es\/wp-content\/uploads\/2023\/03\/transversalizacion-2-768x576.jpg 768w\" sizes=\"(max-width: 1200px) 100vw, 1200px\" \/>\t\t\t\t\t\t\t\t\t\t\t\t\t\t<\/div>\n\t\t\t\t\t\t<\/div>\n\t\t\t\t<\/div>\n\t\t\t\t<div class=\"elementor-element elementor-element-e02aa4e elementor-widget elementor-widget-text-editor\" data-id=\"e02aa4e\" data-element_type=\"widget\" data-widget_type=\"text-editor.default\">\n\t\t\t\t<div class=\"elementor-widget-container\">\n\t\t\t\t\t\t\t\t<div class=\"elementor-text-editor elementor-clearfix\">\n\t\t\t\t<p>Se realizar\u00e1 un trabajo de articulaci\u00f3n y acompa\u00f1amiento con las diferentes dependencias de la Administraci\u00f3n Municipal, en el cual se busque acordar la ejecuci\u00f3n de acciones conjuntas en beneficio de la poblaci\u00f3n \u00e9tnica, y consolidar un sistema de seguimiento estandarizado para visibilizar los beneficios entregados.<\/p><p>Por otro lado, se dar\u00e1 continuidad al desarrollo de capacidades para la poblaci\u00f3n ind\u00edgena y afrodescendiente, desde el \u00e1mbito personal, familiar y\/o grupal, promoviendo el desarrollo de habilidades para la empleabilidad, lo vocacional y la proyecci\u00f3n de vida, mediante la articulaci\u00f3n de rutas de atenci\u00f3n para las poblaciones.<\/p><p>Este componente tambi\u00e9n desarrollar\u00e1 acciones de activaci\u00f3n de la Ruta Interinstitucional para la atenci\u00f3n a casos de racismo y discriminaci\u00f3n racial en Medell\u00edn.<\/p>\t\t\t\t\t<\/div>\n\t\t\t\t\t\t<\/div>\n\t\t\t\t<\/div>\n\t\t\t\t<div class=\"elementor-element elementor-element-04a393a elementor-widget elementor-widget-image\" data-id=\"04a393a\" data-element_type=\"widget\" data-widget_type=\"image.default\">\n\t\t\t\t<div class=\"elementor-widget-container\">\n\t\t\t\t\t\t\t\t<div class=\"elementor-image\">\n\t\t\t\t\t\t\t\t\t\t\t\t<img width=\"1200\" height=\"900\" src=\"https:\/\/www.medellin.gov.co\/es\/wp-content\/uploads\/2023\/03\/transversalizacion-4.jpg\" class=\"attachment-full size-full\" alt=\"Componente de transversalizaci\u00f3n\" loading=\"lazy\" srcset=\"https:\/\/www.medellin.gov.co\/es\/wp-content\/uploads\/2023\/03\/transversalizacion-4.jpg 1200w, https:\/\/www.medellin.gov.co\/es\/wp-content\/uploads\/2023\/03\/transversalizacion-4-300x225.jpg 300w, https:\/\/www.medellin.gov.co\/es\/wp-content\/uploads\/2023\/03\/transversalizacion-4-1024x768.jpg 1024w, https:\/\/www.medellin.gov.co\/es\/wp-content\/uploads\/2023\/03\/transversalizacion-4-150x113.jpg 150w, https:\/\/www.medellin.gov.co\/es\/wp-content\/uploads\/2023\/03\/transversalizacion-4-768x576.jpg 768w\" sizes=\"(max-width: 1200px) 100vw, 1200px\" \/>\t\t\t\t\t\t\t\t\t\t\t\t\t\t<\/div>\n\t\t\t\t\t\t<\/div>\n\t\t\t\t<\/div>\n\t\t\t\t<div class=\"elementor-element elementor-element-10d71cc elementor-widget elementor-widget-heading\" data-id=\"10d71cc\" data-element_type=\"widget\" data-widget_type=\"heading.default\">\n\t\t\t\t<div class=\"elementor-widget-container\">\n\t\t\t<h3 class=\"elementor-heading-title elementor-size-default\">Implementaci\u00f3n y an\u00e1lisis de la variable \u00e9tnica en los sistemas de informaci\u00f3n municipal<\/h3>\t\t<\/div>\n\t\t\t\t<\/div>\n\t\t\t\t<div class=\"elementor-element elementor-element-a0f5a12 elementor-widget elementor-widget-text-editor\" data-id=\"a0f5a12\" data-element_type=\"widget\" data-widget_type=\"text-editor.default\">\n\t\t\t\t<div class=\"elementor-widget-container\">\n\t\t\t\t\t\t\t\t<div class=\"elementor-text-editor elementor-clearfix\">\n\t\t\t\t<p>Para la implementaci\u00f3n de este subcomponente se desarrollar\u00e1n las siguientes acciones:<\/p>\t\t\t\t\t<\/div>\n\t\t\t\t\t\t<\/div>\n\t\t\t\t<\/div>\n\t\t\t\t<div class=\"elementor-element elementor-element-10be2a3 elementor-widget elementor-widget-text-editor\" data-id=\"10be2a3\" data-element_type=\"widget\" data-widget_type=\"text-editor.default\">\n\t\t\t\t<div class=\"elementor-widget-container\">\n\t\t\t\t\t\t\t\t<div class=\"elementor-text-editor elementor-clearfix\">\n\t\t\t\t<ul><li>Asesorar a la Administraci\u00f3n Municipal en la inserci\u00f3n de la variable \u00e9tnica en los sistemas de informaci\u00f3n.<\/li><li>Proponer herramientas que permitan la recolecci\u00f3n de la informaci\u00f3n de beneficios y beneficiarios en la Administraci\u00f3n Municipal.<\/li><li>Realizar informes mensuales en articulaci\u00f3n con otras dependencias, monitoreando los niveles de atenci\u00f3n a los beneficiarios y la calidad de los beneficios.<\/li><li>Procesar y analizar los datos e informaci\u00f3n para la implementaci\u00f3n de planes y pol\u00edticas p\u00fablicas orientadas a la poblaci\u00f3n \u00e9tnica.<\/li><li>Acompa\u00f1ar y fortalecer t\u00e9cnicamente las labores del Equipo de Etnias con relaci\u00f3n a los sistemas de informaci\u00f3n, mejorando la calidad de los datos, consolidaci\u00f3n y seguridad de la informaci\u00f3n.<\/li><li>Operar y suministrar la informaci\u00f3n a los sistemas de informaci\u00f3n que sean ejecutados por la Secretar\u00eda de Inclusi\u00f3n Social, Familia y Derechos Humanos.<\/li><li>Elaboraci\u00f3n de informes en las herramientas de gesti\u00f3n financiera y administrativa del Equipo para el apoyo a la supervisi\u00f3n y gesti\u00f3n del equipo.<\/li><li>Elaboraci\u00f3n de la proyecci\u00f3n financiera de los diferentes programas, planes, proyectos y pol\u00edticas lideradas desde el Equipo de Etnias.<\/li><li>Asesor\u00eda y acompa\u00f1amiento en el \u00e1rea administrativa y financiera a las organizaciones Afrodescendientes y a los Cabildos ind\u00edgenas.<\/li><\/ul>\t\t\t\t\t<\/div>\n\t\t\t\t\t\t<\/div>\n\t\t\t\t<\/div>\n\t\t\t\t\t\t<\/div>\n\t\t\t\t\t<\/div>\n\t\t<\/div>\n\t\t\t\t\t\t\t\t<\/div>\n\t\t\t\t\t<\/div>\n\t\t<\/section>\n\t\t\t\t\t\t\t\t\t<\/div>\n\t\t\t<\/div>\n\t\t\t\t\t<\/div>\n\t\t","protected":false},"excerpt":{"rendered":"<p>Componente de transversalizaci\u00f3n de la Gerencia \u00c9tnica Este componente se desprende en estrategias de transversalizaci\u00f3n para la atenci\u00f3n integral de la poblaci\u00f3n \u00e9tnica de la ciudad de Medell\u00edn. Acciones del componente de Transversalizaci\u00f3n A continuaci\u00f3n, &#8230;<\/p>\n","protected":false},"author":1,"featured_media":31272,"parent":21616,"menu_order":20,"comment_status":"closed","ping_status":"closed","template":"sec-etnica\/elementor.php","meta":[],"acf":[],"_links":{"self":[{"href":"https:\/\/www.medellin.gov.co\/es\/wp-json\/wp\/v2\/pages\/21625"}],"collection":[{"href":"https:\/\/www.medellin.gov.co\/es\/wp-json\/wp\/v2\/pages"}],"about":[{"href":"https:\/\/www.medellin.gov.co\/es\/wp-json\/wp\/v2\/types\/page"}],"author":[{"embeddable":true,"href":"https:\/\/www.medellin.gov.co\/es\/wp-json\/wp\/v2\/users\/1"}],"replies":[{"embeddable":true,"href":"https:\/\/www.medellin.gov.co\/es\/wp-json\/wp\/v2\/comments?post=21625"}],"version-history":[{"count":10,"href":"https:\/\/www.medellin.gov.co\/es\/wp-json\/wp\/v2\/pages\/21625\/revisions"}],"predecessor-version":[{"id":168266,"href":"https:\/\/www.medellin.gov.co\/es\/wp-json\/wp\/v2\/pages\/21625\/revisions\/168266"}],"up":[{"embeddable":true,"href":"https:\/\/www.medellin.gov.co\/es\/wp-json\/wp\/v2\/pages\/21616"}],"wp:featuredmedia":[{"embeddable":true,"href":"https:\/\/www.medellin.gov.co\/es\/wp-json\/wp\/v2\/media\/31272"}],"wp:attachment":[{"href":"https:\/\/www.medellin.gov.co\/es\/wp-json\/wp\/v2\/media?parent=21625"}],"curies":[{"name":"wp","href":"https:\/\/api.w.org\/{rel}","templated":true}]}}