{"id":220199,"date":"2023-07-11T14:28:18","date_gmt":"2023-07-11T19:28:18","guid":{"rendered":"https:\/\/www.medellin.gov.co\/es\/?page_id=220199"},"modified":"2023-07-11T14:54:41","modified_gmt":"2023-07-11T19:54:41","slug":"curadurias-urbanas-de-medellin","status":"publish","type":"page","link":"https:\/\/www.medellin.gov.co\/es\/secretaria-gestion-y-control-territorial\/curadurias-urbanas-de-medellin\/","title":{"rendered":"Curadur\u00edas urbanas de Medell\u00edn"},"content":{"rendered":"\t\t<div data-elementor-type=\"wp-page\" data-elementor-id=\"220199\" class=\"elementor elementor-220199\">\n\t\t\t\t\t\t<div class=\"elementor-inner\">\n\t\t\t\t<div class=\"elementor-section-wrap\">\n\t\t\t\t\t\t\t\t\t<section class=\"elementor-section elementor-top-section elementor-element elementor-element-b990a0d elementor-section-boxed elementor-section-height-default elementor-section-height-default\" data-id=\"b990a0d\" data-element_type=\"section\">\n\t\t\t\t\t\t<div class=\"elementor-container elementor-column-gap-default\">\n\t\t\t\t\t\t\t<div class=\"elementor-row\">\n\t\t\t\t\t<div class=\"elementor-column elementor-col-100 elementor-top-column elementor-element elementor-element-c755de6\" data-id=\"c755de6\" data-element_type=\"column\">\n\t\t\t<div class=\"elementor-column-wrap elementor-element-populated\">\n\t\t\t\t\t\t\t<div class=\"elementor-widget-wrap\">\n\t\t\t\t\t\t<div class=\"elementor-element elementor-element-cc6fb4e elementor-widget elementor-widget-heading\" data-id=\"cc6fb4e\" data-element_type=\"widget\" data-widget_type=\"heading.default\">\n\t\t\t\t<div class=\"elementor-widget-container\">\n\t\t\t<h1 class=\"elementor-heading-title elementor-size-default\">Curadur\u00edas Urbanas en Medell\u00edn<\/h1>\t\t<\/div>\n\t\t\t\t<\/div>\n\t\t\t\t<section class=\"elementor-section elementor-inner-section elementor-element elementor-element-4edaa0b elementor-section-boxed elementor-section-height-default elementor-section-height-default\" data-id=\"4edaa0b\" data-element_type=\"section\">\n\t\t\t\t\t\t<div class=\"elementor-container elementor-column-gap-default\">\n\t\t\t\t\t\t\t<div class=\"elementor-row\">\n\t\t\t\t\t<div class=\"elementor-column elementor-col-50 elementor-inner-column elementor-element elementor-element-0d5a819\" data-id=\"0d5a819\" data-element_type=\"column\">\n\t\t\t<div class=\"elementor-column-wrap elementor-element-populated\">\n\t\t\t\t\t\t\t<div class=\"elementor-widget-wrap\">\n\t\t\t\t\t\t<div class=\"elementor-element elementor-element-93a7d5f elementor-widget elementor-widget-text-editor\" data-id=\"93a7d5f\" data-element_type=\"widget\" data-widget_type=\"text-editor.default\">\n\t\t\t\t<div class=\"elementor-widget-container\">\n\t\t\t\t\t\t\t\t<div class=\"elementor-text-editor elementor-clearfix\">\n\t\t\t\t<p>Seg\u00fan el decreto 992 de 1996, por el cual se reglamenta el cap\u00edtulo IV del decreto extraordinario 2150 de 1995, en su art\u00edculo 2\u00ba. Naturaleza de las funciones del Curador urbano,\u00a0se define que la\u00a0curadur\u00eda urbana\u00a0implica el ejercicio de una funci\u00f3n p\u00fablica para la verificaci\u00f3n del cumplimiento de las normas urban\u00edsticas y de edificaci\u00f3n vigentes en el distrito o municipios, a trav\u00e9s del otorgamiento de licencias de urbanizaci\u00f3n y construcci\u00f3n.<\/p><p>De igual forma en el art\u00edculo 3\u00ba<strong>.<\/strong>Competencia de Curador Urbano, se establece que los curadores urbanos estudiar\u00e1n, tramitar\u00e1n y expedir\u00e1n o negar\u00e1n las licencias de urbanismo o construcci\u00f3n, parcelaci\u00f3n y demolici\u00f3n. A las licencias se asimilan los permisos, los cuales se conceder\u00e1n con sujeci\u00f3n a los requisitos actuales.<\/p>\t\t\t\t\t<\/div>\n\t\t\t\t\t\t<\/div>\n\t\t\t\t<\/div>\n\t\t\t\t\t\t<\/div>\n\t\t\t\t\t<\/div>\n\t\t<\/div>\n\t\t\t\t<div class=\"elementor-column elementor-col-50 elementor-inner-column elementor-element elementor-element-9e2cfd2\" data-id=\"9e2cfd2\" data-element_type=\"column\">\n\t\t\t<div class=\"elementor-column-wrap elementor-element-populated\">\n\t\t\t\t\t\t\t<div class=\"elementor-widget-wrap\">\n\t\t\t\t\t\t<div class=\"elementor-element elementor-element-b11e135 elementor-widget elementor-widget-image\" data-id=\"b11e135\" data-element_type=\"widget\" data-widget_type=\"image.default\">\n\t\t\t\t<div class=\"elementor-widget-container\">\n\t\t\t\t\t\t\t\t<div class=\"elementor-image\">\n\t\t\t\t\t\t\t\t\t\t\t\t<img width=\"1024\" height=\"683\" src=\"https:\/\/www.medellin.gov.co\/es\/wp-content\/uploads\/2022\/09\/Programa-de-Vivienda-1.jpg\" class=\"attachment-large size-large\" alt=\"Programa de vivienda\" loading=\"lazy\" srcset=\"https:\/\/www.medellin.gov.co\/es\/wp-content\/uploads\/2022\/09\/Programa-de-Vivienda-1.jpg 1024w, https:\/\/www.medellin.gov.co\/es\/wp-content\/uploads\/2022\/09\/Programa-de-Vivienda-1-300x200.jpg 300w, https:\/\/www.medellin.gov.co\/es\/wp-content\/uploads\/2022\/09\/Programa-de-Vivienda-1-150x100.jpg 150w, https:\/\/www.medellin.gov.co\/es\/wp-content\/uploads\/2022\/09\/Programa-de-Vivienda-1-768x512.jpg 768w\" sizes=\"(max-width: 1024px) 100vw, 1024px\" \/>\t\t\t\t\t\t\t\t\t\t\t\t\t\t<\/div>\n\t\t\t\t\t\t<\/div>\n\t\t\t\t<\/div>\n\t\t\t\t\t\t<\/div>\n\t\t\t\t\t<\/div>\n\t\t<\/div>\n\t\t\t\t\t\t\t\t<\/div>\n\t\t\t\t\t<\/div>\n\t\t<\/section>\n\t\t\t\t<div class=\"elementor-element elementor-element-9ca0a3d elementor-widget elementor-widget-text-editor\" data-id=\"9ca0a3d\" data-element_type=\"widget\" data-widget_type=\"text-editor.default\">\n\t\t\t\t<div class=\"elementor-widget-container\">\n\t\t\t\t\t\t\t\t<div class=\"elementor-text-editor elementor-clearfix\">\n\t\t\t\t<p>El otorgamiento de las licencias comprende el suministro de informaci\u00f3n sobre las normas urban\u00edsticas aplicables a los predios objeto del proyecto; el visto bueno a los planos necesarios para los reglamentos de propiedad horizontal; la gesti\u00f3n, asignaci\u00f3n, rectificaci\u00f3n y certificaci\u00f3n de la nomenclatura de los predios e inmuebles y la notificaci\u00f3n a los vecinos de conformidad con lo establecido en el art\u00edculo 65 de la Ley 9\u00aa. de 1989, as\u00ed como resolver las objeciones presentadas por \u00e9stos.<\/p>\t\t\t\t\t<\/div>\n\t\t\t\t\t\t<\/div>\n\t\t\t\t<\/div>\n\t\t\t\t<div class=\"elementor-element elementor-element-dabcd36 elementor-widget elementor-widget-heading\" data-id=\"dabcd36\" data-element_type=\"widget\" data-widget_type=\"heading.default\">\n\t\t\t\t<div class=\"elementor-widget-container\">\n\t\t\t<h2 class=\"elementor-heading-title elementor-size-default\"><b>Listado de Curadur\u00edas<\/b> Urbanas en Medell\u00edn<\/h2>\t\t<\/div>\n\t\t\t\t<\/div>\n\t\t\t\t<section class=\"elementor-section elementor-inner-section elementor-element elementor-element-330ea52 elementor-section-boxed elementor-section-height-default elementor-section-height-default\" data-id=\"330ea52\" data-element_type=\"section\">\n\t\t\t\t\t\t<div class=\"elementor-container elementor-column-gap-default\">\n\t\t\t\t\t\t\t<div class=\"elementor-row\">\n\t\t\t\t\t<div class=\"elementor-column elementor-col-25 elementor-inner-column elementor-element elementor-element-65a3114\" data-id=\"65a3114\" data-element_type=\"column\">\n\t\t\t<div class=\"elementor-column-wrap elementor-element-populated\">\n\t\t\t\t\t\t\t<div class=\"elementor-widget-wrap\">\n\t\t\t\t\t\t<div class=\"elementor-element elementor-element-566b13c elementor-widget elementor-widget-heading\" data-id=\"566b13c\" data-element_type=\"widget\" data-widget_type=\"heading.default\">\n\t\t\t\t<div class=\"elementor-widget-container\">\n\t\t\t<h3 class=\"elementor-heading-title elementor-size-default\">Curadur\u00eda Urbana Primera de Medell\u00edn<\/h3>\t\t<\/div>\n\t\t\t\t<\/div>\n\t\t\t\t<div class=\"elementor-element elementor-element-33e746c elementor-widget elementor-widget-text-editor\" data-id=\"33e746c\" data-element_type=\"widget\" data-widget_type=\"text-editor.default\">\n\t\t\t\t<div class=\"elementor-widget-container\">\n\t\t\t\t\t\t\t\t<div class=\"elementor-text-editor elementor-clearfix\">\n\t\t\t\t<p><strong>Curador:\u00a0<\/strong>Arquitecto &#8211; Marco Antonio Jaramillo Ospina<\/p><p>Centro Comercial Gran Plaza &#8211; Calle 45 N\u00b0 53-50 Of.917<\/p><p>Tel\u00e9fono: 3145917860 y 6043229133<\/p><p>\u00a0<\/p>\t\t\t\t\t<\/div>\n\t\t\t\t\t\t<\/div>\n\t\t\t\t<\/div>\n\t\t\t\t\t\t<\/div>\n\t\t\t\t\t<\/div>\n\t\t<\/div>\n\t\t\t\t<div class=\"elementor-column elementor-col-25 elementor-inner-column elementor-element elementor-element-840fdd6\" data-id=\"840fdd6\" data-element_type=\"column\">\n\t\t\t<div class=\"elementor-column-wrap elementor-element-populated\">\n\t\t\t\t\t\t\t<div class=\"elementor-widget-wrap\">\n\t\t\t\t\t\t<div class=\"elementor-element elementor-element-5d710ed elementor-widget elementor-widget-heading\" data-id=\"5d710ed\" data-element_type=\"widget\" data-widget_type=\"heading.default\">\n\t\t\t\t<div class=\"elementor-widget-container\">\n\t\t\t<h3 class=\"elementor-heading-title elementor-size-default\">Curadur\u00eda Urbana Segunda de Medell\u00edn<\/h3>\t\t<\/div>\n\t\t\t\t<\/div>\n\t\t\t\t<div class=\"elementor-element elementor-element-a167bcf elementor-widget elementor-widget-text-editor\" data-id=\"a167bcf\" data-element_type=\"widget\" data-widget_type=\"text-editor.default\">\n\t\t\t\t<div class=\"elementor-widget-container\">\n\t\t\t\t\t\t\t\t<div class=\"elementor-text-editor elementor-clearfix\">\n\t\t\t\t<p><strong>Curador:<\/strong>Arquitecta constructora &#8211; Angela Mar\u00eda Restrepo Uribe<\/p><p>\u00a0Edificio del Caf\u00e9 piso 5 &#8211; Calle 49 N\u00b0 50-21.<\/p><p>Tel\u00e9fono: 6046047463<\/p>\t\t\t\t\t<\/div>\n\t\t\t\t\t\t<\/div>\n\t\t\t\t<\/div>\n\t\t\t\t\t\t<\/div>\n\t\t\t\t\t<\/div>\n\t\t<\/div>\n\t\t\t\t<div class=\"elementor-column elementor-col-25 elementor-inner-column elementor-element elementor-element-c8ce508\" data-id=\"c8ce508\" data-element_type=\"column\">\n\t\t\t<div class=\"elementor-column-wrap elementor-element-populated\">\n\t\t\t\t\t\t\t<div class=\"elementor-widget-wrap\">\n\t\t\t\t\t\t<div class=\"elementor-element elementor-element-94a134d elementor-widget elementor-widget-heading\" data-id=\"94a134d\" data-element_type=\"widget\" data-widget_type=\"heading.default\">\n\t\t\t\t<div class=\"elementor-widget-container\">\n\t\t\t<h3 class=\"elementor-heading-title elementor-size-default\">Curadur\u00eda Urbana Tercera de Medell\u00edn<\/h3>\t\t<\/div>\n\t\t\t\t<\/div>\n\t\t\t\t<div class=\"elementor-element elementor-element-d5387e4 elementor-widget elementor-widget-text-editor\" data-id=\"d5387e4\" data-element_type=\"widget\" data-widget_type=\"text-editor.default\">\n\t\t\t\t<div class=\"elementor-widget-container\">\n\t\t\t\t\t\t\t\t<div class=\"elementor-text-editor elementor-clearfix\">\n\t\t\t\t<p><strong>Curador:\u00a0<\/strong>Ingeniero Civil &#8211; Wilmar Adolfo Serna Montoya<\/p><p>Centro Comercial Punto Clave, Calle 27 No. 46-70 local 302.<\/p><p>Tel\u00e9fono: 3012115996 y 604480303<\/p>\t\t\t\t\t<\/div>\n\t\t\t\t\t\t<\/div>\n\t\t\t\t<\/div>\n\t\t\t\t\t\t<\/div>\n\t\t\t\t\t<\/div>\n\t\t<\/div>\n\t\t\t\t<div class=\"elementor-column elementor-col-25 elementor-inner-column elementor-element elementor-element-f603444\" data-id=\"f603444\" data-element_type=\"column\">\n\t\t\t<div class=\"elementor-column-wrap elementor-element-populated\">\n\t\t\t\t\t\t\t<div class=\"elementor-widget-wrap\">\n\t\t\t\t\t\t<div class=\"elementor-element elementor-element-b956eba elementor-widget elementor-widget-heading\" data-id=\"b956eba\" data-element_type=\"widget\" data-widget_type=\"heading.default\">\n\t\t\t\t<div class=\"elementor-widget-container\">\n\t\t\t<h3 class=\"elementor-heading-title elementor-size-default\">Curadur\u00eda Urbana Cuarta de Medell\u00edn<\/h3>\t\t<\/div>\n\t\t\t\t<\/div>\n\t\t\t\t<div class=\"elementor-element elementor-element-a9aebb1 elementor-widget elementor-widget-text-editor\" data-id=\"a9aebb1\" data-element_type=\"widget\" data-widget_type=\"text-editor.default\">\n\t\t\t\t<div class=\"elementor-widget-container\">\n\t\t\t\t\t\t\t\t<div class=\"elementor-text-editor elementor-clearfix\">\n\t\t\t\t<p><strong>Curador:<\/strong>Abogada &#8211; Janeth Arango Casta\u00f1o<\/p><p>Edificio Colpatria piso 9 &#8211; Diagonal 50 N\u00b0 49-84<\/p><p>Tel\u00e9fono: 6043228440<\/p>\t\t\t\t\t<\/div>\n\t\t\t\t\t\t<\/div>\n\t\t\t\t<\/div>\n\t\t\t\t\t\t<\/div>\n\t\t\t\t\t<\/div>\n\t\t<\/div>\n\t\t\t\t\t\t\t\t<\/div>\n\t\t\t\t\t<\/div>\n\t\t<\/section>\n\t\t\t\t\t\t<\/div>\n\t\t\t\t\t<\/div>\n\t\t<\/div>\n\t\t\t\t\t\t\t\t<\/div>\n\t\t\t\t\t<\/div>\n\t\t<\/section>\n\t\t\t\t\t\t\t\t\t<\/div>\n\t\t\t<\/div>\n\t\t\t\t\t<\/div>\n\t\t","protected":false},"excerpt":{"rendered":"<p>Curadur\u00edas Urbanas en Medell\u00edn Seg\u00fan el decreto 992 de 1996, por el cual se reglamenta el cap\u00edtulo IV del decreto extraordinario 2150 de 1995, en su art\u00edculo 2\u00ba. Naturaleza de las funciones del Curador urbano,\u00a0se &#8230;<\/p>\n","protected":false},"author":31,"featured_media":193866,"parent":21472,"menu_order":0,"comment_status":"closed","ping_status":"closed","template":"sec-gestion-y-control\/elementor.php","meta":[],"acf":[],"_links":{"self":[{"href":"https:\/\/www.medellin.gov.co\/es\/wp-json\/wp\/v2\/pages\/220199"}],"collection":[{"href":"https:\/\/www.medellin.gov.co\/es\/wp-json\/wp\/v2\/pages"}],"about":[{"href":"https:\/\/www.medellin.gov.co\/es\/wp-json\/wp\/v2\/types\/page"}],"author":[{"embeddable":true,"href":"https:\/\/www.medellin.gov.co\/es\/wp-json\/wp\/v2\/users\/31"}],"replies":[{"embeddable":true,"href":"https:\/\/www.medellin.gov.co\/es\/wp-json\/wp\/v2\/comments?post=220199"}],"version-history":[{"count":11,"href":"https:\/\/www.medellin.gov.co\/es\/wp-json\/wp\/v2\/pages\/220199\/revisions"}],"predecessor-version":[{"id":224425,"href":"https:\/\/www.medellin.gov.co\/es\/wp-json\/wp\/v2\/pages\/220199\/revisions\/224425"}],"up":[{"embeddable":true,"href":"https:\/\/www.medellin.gov.co\/es\/wp-json\/wp\/v2\/pages\/21472"}],"wp:featuredmedia":[{"embeddable":true,"href":"https:\/\/www.medellin.gov.co\/es\/wp-json\/wp\/v2\/media\/193866"}],"wp:attachment":[{"href":"https:\/\/www.medellin.gov.co\/es\/wp-json\/wp\/v2\/media?parent=220199"}],"curies":[{"name":"wp","href":"https:\/\/api.w.org\/{rel}","templated":true}]}}