{"id":220568,"date":"2023-07-11T22:39:50","date_gmt":"2023-07-12T03:39:50","guid":{"rendered":"https:\/\/www.medellin.gov.co\/es\/?page_id=220568"},"modified":"2023-12-30T09:52:06","modified_gmt":"2023-12-30T14:52:06","slug":"el-autor-soy-yo-9-12","status":"publish","type":"page","link":"https:\/\/www.medellin.gov.co\/es\/portal-ninos\/el-autor-soy-yo-9-12\/","title":{"rendered":"El autor soy yo"},"content":{"rendered":"\t\t<div data-elementor-type=\"wp-page\" data-elementor-id=\"220568\" class=\"elementor elementor-220568\">\n\t\t\t\t\t\t<div class=\"elementor-inner\">\n\t\t\t\t<div class=\"elementor-section-wrap\">\n\t\t\t\t\t\t\t\t\t<section class=\"elementor-section elementor-top-section elementor-element elementor-element-99366e5 elementor-section-full_width elementor-section-stretched elementor-section-height-default elementor-section-height-default\" data-id=\"99366e5\" data-element_type=\"section\" data-settings=\"{&quot;stretch_section&quot;:&quot;section-stretched&quot;,&quot;background_background&quot;:&quot;gradient&quot;}\">\n\t\t\t\t\t\t<div class=\"elementor-container elementor-column-gap-default\">\n\t\t\t\t\t\t\t<div class=\"elementor-row\">\n\t\t\t\t\t<div class=\"elementor-column elementor-col-100 elementor-top-column elementor-element elementor-element-d9035ea\" data-id=\"d9035ea\" data-element_type=\"column\">\n\t\t\t<div class=\"elementor-column-wrap elementor-element-populated\">\n\t\t\t\t\t\t\t<div class=\"elementor-widget-wrap\">\n\t\t\t\t\t\t<div class=\"elementor-element elementor-element-3c5accf elementor-widget elementor-widget-html\" data-id=\"3c5accf\" data-element_type=\"widget\" data-widget_type=\"html.default\">\n\t\t\t\t<div class=\"elementor-widget-container\">\n\t\t\t<section id=\"modulo-principal-imagen-texto\">\n    \n    <div id=\"texto-modulo-principal-ninos\">\n        \n        <div id=\"circulo-ninos\">\n    \n         <\/div>\n        \n        <h1> El autor <br \/>soy yo<\/h1>\n        \n        <p>A m\u00ed me gusta hacer empanadas. \u00a1Y yo hago tortas! \u00a1De chocolate! A m\u00ed me gusta pintar mu\u00f1ecos, flores, jardines y casas. Artista tambi\u00e9n es ser futbolista y hacer oficio, como tender la cama. An\u00edmate a mostrarnos t\u00fa qu\u00e9 haces, porque se siente melo tener una habilidad y ense\u00f1arle a alguien para que ellos tambi\u00e9n aprendan. Que no te de pena.\n        <\/p>\n        \n        \n    <\/div>\n    \n<\/section>\n\n<section>\n\n<div id=\"imagen-modulo-principal-ninos\">\n    <img src=\"https:\/\/www.medellin.gov.co\/es\/wp-content\/uploads\/2023\/12\/el-autor-soy-yo-9-12.jpeg\" \/>\n<\/div>\n\n<\/section>\n\n\n\n\n\n\n\t\t<\/div>\n\t\t\t\t<\/div>\n\t\t\t\t\t\t<\/div>\n\t\t\t\t\t<\/div>\n\t\t<\/div>\n\t\t\t\t\t\t\t\t<\/div>\n\t\t\t\t\t<\/div>\n\t\t<\/section>\n\t\t\t\t<section class=\"elementor-section elementor-top-section elementor-element elementor-element-6165a39 elementor-section-boxed elementor-section-height-default elementor-section-height-default\" data-id=\"6165a39\" data-element_type=\"section\">\n\t\t\t\t\t\t<div class=\"elementor-container elementor-column-gap-default\">\n\t\t\t\t\t\t\t<div class=\"elementor-row\">\n\t\t\t\t\t<div class=\"elementor-column elementor-col-50 elementor-top-column elementor-element elementor-element-ded6185\" data-id=\"ded6185\" data-element_type=\"column\">\n\t\t\t<div class=\"elementor-column-wrap elementor-element-populated\">\n\t\t\t\t\t\t\t<div class=\"elementor-widget-wrap\">\n\t\t\t\t\t\t<div data-pp-wrapper-link=\"{&quot;url&quot;:&quot;https:\\\/\\\/www.medellin.gov.co\\\/es\\\/portal-ninos\\\/el-autor-soy-yo-6-8\\\/producciones-artisticas-6-8\\\/&quot;,&quot;is_external&quot;:&quot;&quot;,&quot;nofollow&quot;:&quot;&quot;}\" class=\"pp-wrapper-link elementor-element elementor-element-43b117f conte-imagen-1 elementor-position-top elementor-vertical-align-top elementor-widget elementor-widget-image-box\" data-id=\"43b117f\" data-element_type=\"widget\" data-widget_type=\"image-box.default\">\n\t\t\t\t<div class=\"elementor-widget-container\">\n\t\t\t<div class=\"elementor-image-box-wrapper\"><figure class=\"elementor-image-box-img\"><img width=\"1200\" height=\"801\" src=\"https:\/\/www.medellin.gov.co\/es\/wp-content\/uploads\/2023\/04\/mira-lo-que-puedo-hacer.jpg\" class=\"attachment-full size-full\" alt=\"Mira lo que puedo hacer\" loading=\"lazy\" \/><\/figure><div class=\"elementor-image-box-content\"><p class=\"elementor-image-box-description\"><div class=\"texto-imagen-el-autor-1\">\n\n<div id=\"circulo-imagen-autor-1\"> \n<\/div>\n\n<h2 id=\"texto-imagen-autor\">Producciones art\u00edsticas <br>(Tipo de arte)<\/h2>\n<p id=\"texto-imagen-el-autor-1\">\nEsto es como un museo o una exposici\u00f3n, aqu\u00ed todos podemos mostrar nuestros talentos...\n<\/p>\n\n<div id=\"icono-autor-imagen\">\n<i aria-hidden=\"true\" class=\"fas fa-chevron-circle-right\"><\/i>\n<\/div>\n\n<\/div>\n\n<\/p><\/div><\/div>\t\t<\/div>\n\t\t\t\t<\/div>\n\t\t\t\t<div class=\"elementor-element elementor-element-ce06bca elementor-widget elementor-widget-heading\" data-id=\"ce06bca\" data-element_type=\"widget\" data-widget_type=\"heading.default\">\n\t\t\t\t<div class=\"elementor-widget-container\">\n\t\t\t<h2 class=\"elementor-heading-title elementor-size-default\">Producciones art\u00edsticas\n<\/h2>\t\t<\/div>\n\t\t\t\t<\/div>\n\t\t\t\t<div class=\"elementor-element elementor-element-77c299f elementor-widget elementor-widget-heading\" data-id=\"77c299f\" data-element_type=\"widget\" data-widget_type=\"heading.default\">\n\t\t\t\t<div class=\"elementor-widget-container\">\n\t\t\t<h3 class=\"elementor-heading-title elementor-size-default\">(Tipo de arte)\n<\/h3>\t\t<\/div>\n\t\t\t\t<\/div>\n\t\t\t\t\t\t<\/div>\n\t\t\t\t\t<\/div>\n\t\t<\/div>\n\t\t\t\t<div class=\"elementor-column elementor-col-50 elementor-top-column elementor-element elementor-element-b938c80\" data-id=\"b938c80\" data-element_type=\"column\">\n\t\t\t<div class=\"elementor-column-wrap elementor-element-populated\">\n\t\t\t\t\t\t\t<div class=\"elementor-widget-wrap\">\n\t\t\t\t\t\t<div data-pp-wrapper-link=\"{&quot;url&quot;:&quot;https:\\\/\\\/www.medellin.gov.co\\\/es\\\/portal-ninos\\\/el-autor-soy-yo-6-8\\\/mira-lo-que-puedo-hacer-6-8\\\/&quot;,&quot;is_external&quot;:&quot;&quot;,&quot;nofollow&quot;:&quot;&quot;}\" class=\"pp-wrapper-link elementor-element elementor-element-223843d conte-imagen-2 elementor-position-top elementor-vertical-align-top elementor-widget elementor-widget-image-box\" data-id=\"223843d\" data-element_type=\"widget\" data-widget_type=\"image-box.default\">\n\t\t\t\t<div class=\"elementor-widget-container\">\n\t\t\t<div class=\"elementor-image-box-wrapper\"><figure class=\"elementor-image-box-img\"><img width=\"1200\" height=\"731\" src=\"https:\/\/www.medellin.gov.co\/es\/wp-content\/uploads\/2023\/04\/modulo-mira-lo-que-puedo-hacer.jpg\" class=\"attachment-full size-full\" alt=\"Mira lo que puedo hacer\" loading=\"lazy\" \/><\/figure><div class=\"elementor-image-box-content\"><p class=\"elementor-image-box-description\"><div class=\"texto-imagen-el-autor-2\">\n\n<div id=\"circulo-imagen-autor-2\"> \n<\/div>\n\n<h2 id=\"texto-imagen-autor\"\">Mira lo que puedo hacer <br>(Habilidad)<\/h2>\n<p id=\"texto-imagen-el-autor-2\">\n Mira lo que fui capaz de hacer, t\u00fa tambi\u00e9n puedes. Aqu\u00ed uno muestra lo que sabe y tambi\u00e9n aprende de otros ni\u00f1os muy tesos...\n<\/p>\n\n<div id=\"icono-autor-imagen\">\n<i aria-hidden=\"true\" class=\"fas fa-chevron-circle-right\"><\/i>\n<\/div>\n\n<\/div><\/p><\/div><\/div>\t\t<\/div>\n\t\t\t\t<\/div>\n\t\t\t\t<div class=\"elementor-element elementor-element-f529ded elementor-widget elementor-widget-heading\" data-id=\"f529ded\" data-element_type=\"widget\" data-widget_type=\"heading.default\">\n\t\t\t\t<div class=\"elementor-widget-container\">\n\t\t\t<h2 class=\"elementor-heading-title elementor-size-default\">Mira lo que puedo hacer<\/h2>\t\t<\/div>\n\t\t\t\t<\/div>\n\t\t\t\t<div class=\"elementor-element elementor-element-9799cc8 elementor-widget elementor-widget-heading\" data-id=\"9799cc8\" data-element_type=\"widget\" data-widget_type=\"heading.default\">\n\t\t\t\t<div class=\"elementor-widget-container\">\n\t\t\t<h2 class=\"elementor-heading-title elementor-size-default\">(Habilidad)<\/h2>\t\t<\/div>\n\t\t\t\t<\/div>\n\t\t\t\t\t\t<\/div>\n\t\t\t\t\t<\/div>\n\t\t<\/div>\n\t\t\t\t\t\t\t\t<\/div>\n\t\t\t\t\t<\/div>\n\t\t<\/section>\n\t\t\t\t\t\t\t\t\t<\/div>\n\t\t\t<\/div>\n\t\t\t\t\t<\/div>\n\t\t","protected":false},"excerpt":{"rendered":"<p>El autor soy yo A m\u00ed me gusta hacer empanadas. \u00a1Y yo hago tortas! \u00a1De chocolate! A m\u00ed me gusta pintar mu\u00f1ecos, flores, jardines y casas. Artista tambi\u00e9n es ser futbolista y hacer oficio, como &#8230;<\/p>\n","protected":false},"author":4,"featured_media":0,"parent":25909,"menu_order":0,"comment_status":"closed","ping_status":"closed","template":"portal-ninos\/inicio.php","meta":[],"acf":[],"_links":{"self":[{"href":"https:\/\/www.medellin.gov.co\/es\/wp-json\/wp\/v2\/pages\/220568"}],"collection":[{"href":"https:\/\/www.medellin.gov.co\/es\/wp-json\/wp\/v2\/pages"}],"about":[{"href":"https:\/\/www.medellin.gov.co\/es\/wp-json\/wp\/v2\/types\/page"}],"author":[{"embeddable":true,"href":"https:\/\/www.medellin.gov.co\/es\/wp-json\/wp\/v2\/users\/4"}],"replies":[{"embeddable":true,"href":"https:\/\/www.medellin.gov.co\/es\/wp-json\/wp\/v2\/comments?post=220568"}],"version-history":[{"count":7,"href":"https:\/\/www.medellin.gov.co\/es\/wp-json\/wp\/v2\/pages\/220568\/revisions"}],"predecessor-version":[{"id":295586,"href":"https:\/\/www.medellin.gov.co\/es\/wp-json\/wp\/v2\/pages\/220568\/revisions\/295586"}],"up":[{"embeddable":true,"href":"https:\/\/www.medellin.gov.co\/es\/wp-json\/wp\/v2\/pages\/25909"}],"wp:attachment":[{"href":"https:\/\/www.medellin.gov.co\/es\/wp-json\/wp\/v2\/media?parent=220568"}],"curies":[{"name":"wp","href":"https:\/\/api.w.org\/{rel}","templated":true}]}}