{"id":220569,"date":"2023-07-11T22:39:57","date_gmt":"2023-07-12T03:39:57","guid":{"rendered":"https:\/\/www.medellin.gov.co\/es\/?page_id=220569"},"modified":"2023-12-30T09:50:49","modified_gmt":"2023-12-30T14:50:49","slug":"me-gusta-no-quiero-9-12","status":"publish","type":"page","link":"https:\/\/www.medellin.gov.co\/es\/portal-ninos\/me-gusta-no-quiero-9-12\/","title":{"rendered":"Me gusta \/ No quiero"},"content":{"rendered":"\t\t<div data-elementor-type=\"wp-page\" data-elementor-id=\"220569\" class=\"elementor elementor-220569\">\n\t\t\t\t\t\t<div class=\"elementor-inner\">\n\t\t\t\t<div class=\"elementor-section-wrap\">\n\t\t\t\t\t\t\t\t\t<section class=\"elementor-section elementor-top-section elementor-element elementor-element-f2cbc45 elementor-section-full_width elementor-section-stretched elementor-section-height-default elementor-section-height-default\" data-id=\"f2cbc45\" data-element_type=\"section\" data-settings=\"{&quot;stretch_section&quot;:&quot;section-stretched&quot;,&quot;background_background&quot;:&quot;gradient&quot;}\">\n\t\t\t\t\t\t<div class=\"elementor-container elementor-column-gap-default\">\n\t\t\t\t\t\t\t<div class=\"elementor-row\">\n\t\t\t\t\t<div class=\"elementor-column elementor-col-100 elementor-top-column elementor-element elementor-element-25e762a\" data-id=\"25e762a\" data-element_type=\"column\">\n\t\t\t<div class=\"elementor-column-wrap elementor-element-populated\">\n\t\t\t\t\t\t\t<div class=\"elementor-widget-wrap\">\n\t\t\t\t\t\t<div class=\"elementor-element elementor-element-4dcc8f3 elementor-widget elementor-widget-html\" data-id=\"4dcc8f3\" data-element_type=\"widget\" data-widget_type=\"html.default\">\n\t\t\t\t<div class=\"elementor-widget-container\">\n\t\t\t<section id=\"modulo-principal-imagen-texto\">\n    \n    <div id=\"texto-modulo-principal-ninos\">\n        \n        <div id=\"circulo-ninos\">\n    \n         <\/div>\n        \n        <h1> Me gusta\/<br> No quiero<\/h1>\n        \n        <p>A m\u00ed lo que no me gusta es bailar, porque no s\u00e9. A m\u00ed no me gusta la cebolla, ni la ensalada ni los pimientos, \u00a1ni el aguacate! A m\u00ed me gusta el arco\u00edris. Me gustan los caballos \u00a1y a m\u00ed, las vacas! A m\u00ed no me gustan los animales extra\u00f1os que me pueden picar, como la culebra. Al cangrejo tambi\u00e9n le tengo odio. A mi, alg\u00fan d\u00eda com\u00ed una naranja y se me llen\u00f3 la cara, me dio alergia. \u00bfY a ti? \u00bfQu\u00e9 te gusta y que no? Te dejo una pista: Uno sabe que no le gusta una cosa porque no le gusta. \n        <\/p>\n        \n        \n    <\/div>\n    \n<\/section>\n\n<section>\n\n<div id=\"imagen-modulo-principal-ninos\">\n    <img src=\"https:\/\/www.medellin.gov.co\/es\/wp-content\/uploads\/2023\/12\/me-gusta-no-quiero-9-12.jpg\" \/>\n<\/div>\n\n<\/section>\n\n\n\n\n\n\n\t\t<\/div>\n\t\t\t\t<\/div>\n\t\t\t\t\t\t<\/div>\n\t\t\t\t\t<\/div>\n\t\t<\/div>\n\t\t\t\t\t\t\t\t<\/div>\n\t\t\t\t\t<\/div>\n\t\t<\/section>\n\t\t\t\t<section class=\"elementor-section elementor-top-section elementor-element elementor-element-2da6ca5 elementor-section-full_width elementor-section-stretched elementor-section-height-default elementor-section-height-default\" data-id=\"2da6ca5\" data-element_type=\"section\" data-settings=\"{&quot;background_background&quot;:&quot;gradient&quot;,&quot;stretch_section&quot;:&quot;section-stretched&quot;}\">\n\t\t\t\t\t\t<div class=\"elementor-container elementor-column-gap-default\">\n\t\t\t\t\t\t\t<div class=\"elementor-row\">\n\t\t\t\t\t<div class=\"elementor-column elementor-col-100 elementor-top-column elementor-element elementor-element-a5cebf8\" data-id=\"a5cebf8\" data-element_type=\"column\">\n\t\t\t<div class=\"elementor-column-wrap elementor-element-populated\">\n\t\t\t\t\t\t\t<div class=\"elementor-widget-wrap\">\n\t\t\t\t\t\t<section class=\"elementor-section elementor-inner-section elementor-element elementor-element-731b55f elementor-section-boxed elementor-section-height-default elementor-section-height-default\" data-id=\"731b55f\" data-element_type=\"section\">\n\t\t\t\t\t\t<div class=\"elementor-container elementor-column-gap-default\">\n\t\t\t\t\t\t\t<div class=\"elementor-row\">\n\t\t\t\t\t<div class=\"elementor-column elementor-col-50 elementor-inner-column elementor-element elementor-element-b646eac\" data-id=\"b646eac\" data-element_type=\"column\">\n\t\t\t<div class=\"elementor-column-wrap elementor-element-populated\">\n\t\t\t\t\t\t\t<div class=\"elementor-widget-wrap\">\n\t\t\t\t\t\t<div class=\"elementor-element elementor-element-dd31223 elementor-widget elementor-widget-heading\" data-id=\"dd31223\" data-element_type=\"widget\" data-widget_type=\"heading.default\">\n\t\t\t\t<div class=\"elementor-widget-container\">\n\t\t\t<h2 class=\"elementor-heading-title elementor-size-default\">Quiero que me <br>escuchen<\/h2>\t\t<\/div>\n\t\t\t\t<\/div>\n\t\t\t\t<div class=\"elementor-element elementor-element-795e122 elementor-widget elementor-widget-image\" data-id=\"795e122\" data-element_type=\"widget\" data-widget_type=\"image.default\">\n\t\t\t\t<div class=\"elementor-widget-container\">\n\t\t\t\t\t\t\t\t<div class=\"elementor-image\">\n\t\t\t\t\t\t\t\t\t\t\t\t\t<a href=\"https:\/\/www.medellin.gov.co\/es\/pqrsd\/\" target=\"_blank\">\n\t\t\t\t\t\t\t<img width=\"568\" height=\"486\" src=\"https:\/\/www.medellin.gov.co\/es\/wp-content\/uploads\/2023\/04\/quiero-que-me-escuchen-modulo.jpg\" class=\"attachment-1536x1536 size-1536x1536\" alt=\"Quiero que me escuchen\" loading=\"lazy\" srcset=\"https:\/\/www.medellin.gov.co\/es\/wp-content\/uploads\/2023\/04\/quiero-que-me-escuchen-modulo.jpg 568w, https:\/\/www.medellin.gov.co\/es\/wp-content\/uploads\/2023\/04\/quiero-que-me-escuchen-modulo-300x257.jpg 300w, https:\/\/www.medellin.gov.co\/es\/wp-content\/uploads\/2023\/04\/quiero-que-me-escuchen-modulo-150x128.jpg 150w\" sizes=\"(max-width: 568px) 100vw, 568px\" \/>\t\t\t\t\t\t\t\t<\/a>\n\t\t\t\t\t\t\t\t\t\t\t\t\t\t<\/div>\n\t\t\t\t\t\t<\/div>\n\t\t\t\t<\/div>\n\t\t\t\t<div class=\"elementor-element elementor-element-5bb73ff elementor-widget__width-initial elementor-widget elementor-widget-text-editor\" data-id=\"5bb73ff\" data-element_type=\"widget\" data-widget_type=\"text-editor.default\">\n\t\t\t\t<div class=\"elementor-widget-container\">\n\t\t\t\t\t\t\t\t<div class=\"elementor-text-editor elementor-clearfix\">\n\t\t\t\t<p><span style=\"font-weight: 400;\">\u00bfTienes muchas amigas?\u00bfQu\u00e9 es muchas? \u00bfC\u00f3mo diez\u2026una\u2026o cuarenta y dos? \u00bfJuegas bal\u00f3n? \u00bfSabes bailar? Preguntas hay muchas, \u00a1hazlas y an\u00edmate a responder las de tus amigos!<\/span><\/p>\t\t\t\t\t<\/div>\n\t\t\t\t\t\t<\/div>\n\t\t\t\t<\/div>\n\t\t\t\t<div class=\"elementor-element elementor-element-fe2587b elementor-widget elementor-widget-html\" data-id=\"fe2587b\" data-element_type=\"widget\" data-widget_type=\"html.default\">\n\t\t\t\t<div class=\"elementor-widget-container\">\n\t\t\t<style>\n    \n    #circulo-ninos-1 {\n     width: 30px;\n     height: 30px;\n     -moz-border-radius: 50%;\n     -webkit-border-radius: 50%;\n     border-radius: 50%;\n     background: #AE3E97;\n     margin: 0 auto;\n}\n    \n<\/style>\n\n<div id=\"circulo-ninos-1\">\n    \n<\/div>\t\t<\/div>\n\t\t\t\t<\/div>\n\t\t\t\t\t\t<\/div>\n\t\t\t\t\t<\/div>\n\t\t<\/div>\n\t\t\t\t<div class=\"elementor-column elementor-col-50 elementor-inner-column elementor-element elementor-element-fdb5d0b\" data-id=\"fdb5d0b\" data-element_type=\"column\">\n\t\t\t<div class=\"elementor-column-wrap elementor-element-populated\">\n\t\t\t\t\t\t\t<div class=\"elementor-widget-wrap\">\n\t\t\t\t\t\t<div class=\"elementor-element elementor-element-25b4124 elementor-widget elementor-widget-heading\" data-id=\"25b4124\" data-element_type=\"widget\" data-widget_type=\"heading.default\">\n\t\t\t\t<div class=\"elementor-widget-container\">\n\t\t\t<h2 class=\"elementor-heading-title elementor-size-default\">La ciudad que <br>sue\u00f1o<\/h2>\t\t<\/div>\n\t\t\t\t<\/div>\n\t\t\t\t<div class=\"elementor-element elementor-element-68aa2f6 elementor-widget elementor-widget-image\" data-id=\"68aa2f6\" data-element_type=\"widget\" data-widget_type=\"image.default\">\n\t\t\t\t<div class=\"elementor-widget-container\">\n\t\t\t\t\t\t\t\t<div class=\"elementor-image\">\n\t\t\t\t\t\t\t\t\t\t\t\t\t<a href=\"https:\/\/www.medellin.gov.co\/es\/portal-ninos\/me-gusta-no-quiero-9-12\/la-ciudad-que-sueno-9-12\/\">\n\t\t\t\t\t\t\t<img width=\"561\" height=\"466\" src=\"https:\/\/www.medellin.gov.co\/es\/wp-content\/uploads\/2023\/04\/la-ciudad-que-suen\u0303o-modulo.jpg\" class=\"attachment-1536x1536 size-1536x1536\" alt=\"La ciudad que sue\u00f1o\" loading=\"lazy\" srcset=\"https:\/\/www.medellin.gov.co\/es\/wp-content\/uploads\/2023\/04\/la-ciudad-que-suen\u0303o-modulo.jpg 561w, https:\/\/www.medellin.gov.co\/es\/wp-content\/uploads\/2023\/04\/la-ciudad-que-suen\u0303o-modulo-300x249.jpg 300w, https:\/\/www.medellin.gov.co\/es\/wp-content\/uploads\/2023\/04\/la-ciudad-que-suen\u0303o-modulo-150x125.jpg 150w\" sizes=\"(max-width: 561px) 100vw, 561px\" \/>\t\t\t\t\t\t\t\t<\/a>\n\t\t\t\t\t\t\t\t\t\t\t\t\t\t<\/div>\n\t\t\t\t\t\t<\/div>\n\t\t\t\t<\/div>\n\t\t\t\t<div class=\"elementor-element elementor-element-f315b57 elementor-widget__width-initial elementor-widget elementor-widget-text-editor\" data-id=\"f315b57\" data-element_type=\"widget\" data-widget_type=\"text-editor.default\">\n\t\t\t\t<div class=\"elementor-widget-container\">\n\t\t\t\t\t\t\t\t<div class=\"elementor-text-editor elementor-clearfix\">\n\t\t\t\t<p><span style=\"font-weight: 400;\">\u00a1Jumm, yo sue\u00f1o muchas cosas, uno siempre sue\u00f1a! Por ejemplo yo sue\u00f1o que no discriminen a nadie, que haya muchos jueguitos con toboganes, m\u00e1s centros comerciales por ah\u00ed y edificios.<\/span><\/p>\t\t\t\t\t<\/div>\n\t\t\t\t\t\t<\/div>\n\t\t\t\t<\/div>\n\t\t\t\t<div class=\"elementor-element elementor-element-56f2719 elementor-widget elementor-widget-html\" data-id=\"56f2719\" data-element_type=\"widget\" data-widget_type=\"html.default\">\n\t\t\t\t<div class=\"elementor-widget-container\">\n\t\t\t<style>\n    \n    #circulo-ninos-1 {\n     width: 30px;\n     height: 30px;\n     -moz-border-radius: 50%;\n     -webkit-border-radius: 50%;\n     border-radius: 50%;\n     background: #AE3E97;\n     margin: 0 auto;\n}\n    \n<\/style>\n\n<div id=\"circulo-ninos-1\">\n    \n<\/div>\t\t<\/div>\n\t\t\t\t<\/div>\n\t\t\t\t\t\t<\/div>\n\t\t\t\t\t<\/div>\n\t\t<\/div>\n\t\t\t\t\t\t\t\t<\/div>\n\t\t\t\t\t<\/div>\n\t\t<\/section>\n\t\t\t\t\t\t<\/div>\n\t\t\t\t\t<\/div>\n\t\t<\/div>\n\t\t\t\t\t\t\t\t<\/div>\n\t\t\t\t\t<\/div>\n\t\t<\/section>\n\t\t\t\t\t\t\t\t\t<\/div>\n\t\t\t<\/div>\n\t\t\t\t\t<\/div>\n\t\t","protected":false},"excerpt":{"rendered":"<p>Me gusta\/ No quiero A m\u00ed lo que no me gusta es bailar, porque no s\u00e9. A m\u00ed no me gusta la cebolla, ni la ensalada ni los pimientos, \u00a1ni el aguacate! A m\u00ed me &#8230;<\/p>\n","protected":false},"author":4,"featured_media":0,"parent":25909,"menu_order":0,"comment_status":"closed","ping_status":"closed","template":"portal-ninos\/inicio.php","meta":[],"acf":[],"_links":{"self":[{"href":"https:\/\/www.medellin.gov.co\/es\/wp-json\/wp\/v2\/pages\/220569"}],"collection":[{"href":"https:\/\/www.medellin.gov.co\/es\/wp-json\/wp\/v2\/pages"}],"about":[{"href":"https:\/\/www.medellin.gov.co\/es\/wp-json\/wp\/v2\/types\/page"}],"author":[{"embeddable":true,"href":"https:\/\/www.medellin.gov.co\/es\/wp-json\/wp\/v2\/users\/4"}],"replies":[{"embeddable":true,"href":"https:\/\/www.medellin.gov.co\/es\/wp-json\/wp\/v2\/comments?post=220569"}],"version-history":[{"count":10,"href":"https:\/\/www.medellin.gov.co\/es\/wp-json\/wp\/v2\/pages\/220569\/revisions"}],"predecessor-version":[{"id":295561,"href":"https:\/\/www.medellin.gov.co\/es\/wp-json\/wp\/v2\/pages\/220569\/revisions\/295561"}],"up":[{"embeddable":true,"href":"https:\/\/www.medellin.gov.co\/es\/wp-json\/wp\/v2\/pages\/25909"}],"wp:attachment":[{"href":"https:\/\/www.medellin.gov.co\/es\/wp-json\/wp\/v2\/media?parent=220569"}],"curies":[{"name":"wp","href":"https:\/\/api.w.org\/{rel}","templated":true}]}}