{"id":224311,"date":"2023-08-30T20:00:19","date_gmt":"2023-08-31T01:00:19","guid":{"rendered":"https:\/\/www.medellin.gov.co\/es\/?page_id=224311"},"modified":"2023-09-21T13:48:00","modified_gmt":"2023-09-21T18:48:00","slug":"ecosistema-audiovisual-de-medellin","status":"publish","type":"page","link":"https:\/\/www.medellin.gov.co\/es\/secretaria-cultura-ciudadana\/red-de-practicas-artisticas-y-culturales\/red-audiovisuales\/ecosistema-audiovisual-de-medellin\/","title":{"rendered":"Ecosistema Audiovisual de Medell\u00edn"},"content":{"rendered":"\t\t<div data-elementor-type=\"wp-page\" data-elementor-id=\"224311\" class=\"elementor elementor-224311\">\n\t\t\t\t\t\t<div class=\"elementor-inner\">\n\t\t\t\t<div class=\"elementor-section-wrap\">\n\t\t\t\t\t\t\t\t\t<section class=\"elementor-section elementor-top-section elementor-element elementor-element-0576e56 elementor-section-boxed elementor-section-height-default elementor-section-height-default\" data-id=\"0576e56\" data-element_type=\"section\">\n\t\t\t\t\t\t<div class=\"elementor-container elementor-column-gap-default\">\n\t\t\t\t\t\t\t<div class=\"elementor-row\">\n\t\t\t\t\t<div class=\"elementor-column elementor-col-100 elementor-top-column elementor-element elementor-element-18fbf9d\" data-id=\"18fbf9d\" data-element_type=\"column\">\n\t\t\t<div class=\"elementor-column-wrap elementor-element-populated\">\n\t\t\t\t\t\t\t<div class=\"elementor-widget-wrap\">\n\t\t\t\t\t\t<div class=\"elementor-element elementor-element-13b53bc elementor-widget elementor-widget-heading\" data-id=\"13b53bc\" data-element_type=\"widget\" data-widget_type=\"heading.default\">\n\t\t\t\t<div class=\"elementor-widget-container\">\n\t\t\t<h1 class=\"elementor-heading-title elementor-size-default\">Ecosistema audiovisual de Medell\u00edn<\/h1>\t\t<\/div>\n\t\t\t\t<\/div>\n\t\t\t\t\t\t<\/div>\n\t\t\t\t\t<\/div>\n\t\t<\/div>\n\t\t\t\t\t\t\t\t<\/div>\n\t\t\t\t\t<\/div>\n\t\t<\/section>\n\t\t\t\t<section class=\"elementor-section elementor-top-section elementor-element elementor-element-d05a966 elementor-section-boxed elementor-section-height-default elementor-section-height-default\" data-id=\"d05a966\" data-element_type=\"section\">\n\t\t\t\t\t\t<div class=\"elementor-container elementor-column-gap-default\">\n\t\t\t\t\t\t\t<div class=\"elementor-row\">\n\t\t\t\t\t<div class=\"elementor-column elementor-col-100 elementor-top-column elementor-element elementor-element-333ccb6\" data-id=\"333ccb6\" data-element_type=\"column\">\n\t\t\t<div class=\"elementor-column-wrap elementor-element-populated\">\n\t\t\t\t\t\t\t<div class=\"elementor-widget-wrap\">\n\t\t\t\t\t\t<div class=\"elementor-element elementor-element-ae8782e elementor-widget elementor-widget-heading\" data-id=\"ae8782e\" data-element_type=\"widget\" data-widget_type=\"heading.default\">\n\t\t\t\t<div class=\"elementor-widget-container\">\n\t\t\t<h2 class=\"elementor-heading-title elementor-size-default\"><b>La Red de <\/b>Audiovisuales en articulaci\u00f3n con el ecosistema audiovisual\n<\/h2>\t\t<\/div>\n\t\t\t\t<\/div>\n\t\t\t\t<section class=\"elementor-section elementor-inner-section elementor-element elementor-element-3602075 elementor-section-boxed elementor-section-height-default elementor-section-height-default\" data-id=\"3602075\" data-element_type=\"section\">\n\t\t\t\t\t\t<div class=\"elementor-container elementor-column-gap-default\">\n\t\t\t\t\t\t\t<div class=\"elementor-row\">\n\t\t\t\t\t<div class=\"elementor-column elementor-col-50 elementor-inner-column elementor-element elementor-element-c63ce8b\" data-id=\"c63ce8b\" data-element_type=\"column\">\n\t\t\t<div class=\"elementor-column-wrap elementor-element-populated\">\n\t\t\t\t\t\t\t<div class=\"elementor-widget-wrap\">\n\t\t\t\t\t\t<div class=\"elementor-element elementor-element-b23f1a8 elementor-aspect-ratio-169 elementor-widget elementor-widget-video\" data-id=\"b23f1a8\" data-element_type=\"widget\" data-settings=\"{&quot;youtube_url&quot;:&quot;https:\\\/\\\/youtu.be\\\/toVEpbjpOT4?si=WkEtXoRwHoBQoVSU&quot;,&quot;video_type&quot;:&quot;youtube&quot;,&quot;controls&quot;:&quot;yes&quot;,&quot;aspect_ratio&quot;:&quot;169&quot;}\" data-widget_type=\"video.default\">\n\t\t\t\t<div class=\"elementor-widget-container\">\n\t\t\t\t\t<div class=\"elementor-wrapper elementor-fit-aspect-ratio elementor-open-inline\">\n\t\t\t<div class=\"elementor-video\"><\/div>\t\t<\/div>\n\t\t\t\t<\/div>\n\t\t\t\t<\/div>\n\t\t\t\t\t\t<\/div>\n\t\t\t\t\t<\/div>\n\t\t<\/div>\n\t\t\t\t<div class=\"elementor-column elementor-col-50 elementor-inner-column elementor-element elementor-element-5210824\" data-id=\"5210824\" data-element_type=\"column\">\n\t\t\t<div class=\"elementor-column-wrap elementor-element-populated\">\n\t\t\t\t\t\t\t<div class=\"elementor-widget-wrap\">\n\t\t\t\t\t\t<div class=\"elementor-element elementor-element-4783cd4 elementor-widget elementor-widget-text-editor\" data-id=\"4783cd4\" data-element_type=\"widget\" data-widget_type=\"text-editor.default\">\n\t\t\t\t<div class=\"elementor-widget-container\">\n\t\t\t\t\t\t\t\t<div class=\"elementor-text-editor elementor-clearfix\">\n\t\t\t\t<p><span style=\"font-weight: 400\">La Red de Audiovisuales trabaja de manera articulada con <strong>FilMedell\u00edn<\/strong>, Festival de Cine y las Artes Audiovisuales <strong>Miradas Medell\u00edn<\/strong> y la <strong>Cinemateca Distrital<\/strong> para propiciar un ecosistema audiovisual para que la gente y la ciudad se apropien de todos estos<\/span><span style=\"font-weight: 400\"> programas y herramientas.<\/span><\/p><p><span style=\"font-weight: 400\">Las cuatro estrategias nos acercan a los territorios para conocer colectivos, muestras, festivales, entidades y grupos que trabajan alrededor del mundo audiovisual, un acercamiento que nos permite trabajar con mejor sinergia entre todos.<\/span><\/p>\t\t\t\t\t<\/div>\n\t\t\t\t\t\t<\/div>\n\t\t\t\t<\/div>\n\t\t\t\t<div class=\"elementor-element elementor-element-a578656 elementor-tablet-align-left elementor-mobile-align-center elementor-widget elementor-widget-button\" data-id=\"a578656\" data-element_type=\"widget\" data-widget_type=\"button.default\">\n\t\t\t\t<div class=\"elementor-widget-container\">\n\t\t\t\t\t<div class=\"elementor-button-wrapper\">\n\t\t\t<a href=\"https:\/\/www.youtube.com\/@redartesmed\" target=\"_blank\" class=\"elementor-button-link elementor-button elementor-size-sm\" role=\"button\">\n\t\t\t\t\t\t<span class=\"elementor-button-content-wrapper\">\n\t\t\t\t\t\t<span class=\"elementor-button-text\">Conoce m\u00e1s aqu\u00ed<\/span>\n\t\t<\/span>\n\t\t\t\t\t<\/a>\n\t\t<\/div>\n\t\t\t\t<\/div>\n\t\t\t\t<\/div>\n\t\t\t\t\t\t<\/div>\n\t\t\t\t\t<\/div>\n\t\t<\/div>\n\t\t\t\t\t\t\t\t<\/div>\n\t\t\t\t\t<\/div>\n\t\t<\/section>\n\t\t\t\t\t\t<\/div>\n\t\t\t\t\t<\/div>\n\t\t<\/div>\n\t\t\t\t\t\t\t\t<\/div>\n\t\t\t\t\t<\/div>\n\t\t<\/section>\n\t\t\t\t<section class=\"elementor-section elementor-top-section elementor-element elementor-element-55bb5f5 elementor-section-boxed elementor-section-height-default elementor-section-height-default\" data-id=\"55bb5f5\" data-element_type=\"section\">\n\t\t\t\t\t\t<div class=\"elementor-container elementor-column-gap-default\">\n\t\t\t\t\t\t\t<div class=\"elementor-row\">\n\t\t\t\t\t<div class=\"elementor-column elementor-col-100 elementor-top-column elementor-element elementor-element-b0d42e3\" data-id=\"b0d42e3\" data-element_type=\"column\">\n\t\t\t<div class=\"elementor-column-wrap elementor-element-populated\">\n\t\t\t\t\t\t\t<div class=\"elementor-widget-wrap\">\n\t\t\t\t\t\t<div class=\"elementor-element elementor-element-601def7 elementor-widget elementor-widget-heading\" data-id=\"601def7\" data-element_type=\"widget\" data-widget_type=\"heading.default\">\n\t\t\t\t<div class=\"elementor-widget-container\">\n\t\t\t<h2 class=\"elementor-heading-title elementor-size-default\"><b>Conoce m\u00e1s<\/b> del ecosistema audiovisual de Medell\u00edn<\/h2>\t\t<\/div>\n\t\t\t\t<\/div>\n\t\t\t\t<section class=\"elementor-section elementor-inner-section elementor-element elementor-element-db9f180 elementor-section-boxed elementor-section-height-default elementor-section-height-default\" data-id=\"db9f180\" data-element_type=\"section\">\n\t\t\t\t\t\t<div class=\"elementor-container elementor-column-gap-default\">\n\t\t\t\t\t\t\t<div class=\"elementor-row\">\n\t\t\t\t\t<div class=\"elementor-column elementor-col-33 elementor-inner-column elementor-element elementor-element-80ae96f\" data-id=\"80ae96f\" data-element_type=\"column\">\n\t\t\t<div class=\"elementor-column-wrap elementor-element-populated\">\n\t\t\t\t\t\t\t<div class=\"elementor-widget-wrap\">\n\t\t\t\t\t\t<div data-pp-wrapper-link=\"{&quot;url&quot;:&quot;https:\\\/\\\/www.miradasmedellin.com\\\/&quot;,&quot;is_external&quot;:&quot;on&quot;,&quot;nofollow&quot;:&quot;&quot;}\" class=\"pp-wrapper-link elementor-element elementor-element-c967c56 conte-imagen-1 elementor-position-top elementor-vertical-align-top elementor-widget elementor-widget-image-box\" data-id=\"c967c56\" data-element_type=\"widget\" data-widget_type=\"image-box.default\">\n\t\t\t\t<div class=\"elementor-widget-container\">\n\t\t\t<div class=\"elementor-image-box-wrapper\"><figure class=\"elementor-image-box-img\"><a href=\"https:\/\/www.miradasmedellin.com\/\"><img width=\"1828\" height=\"2456\" src=\"https:\/\/www.medellin.gov.co\/es\/wp-content\/uploads\/2023\/08\/Miradas-RDA-1.jpg\" class=\"attachment-full size-full\" alt=\"\" loading=\"lazy\" \/><\/a><\/figure><div class=\"elementor-image-box-content\"><p class=\"elementor-image-box-description\"><div class=\"texto-imagen-el-autor-1\">\n\n<h2> Miradas Medell\u00edn<\/h2>\n<p>\n\n\nExhibe cortometrajes, largometrajes, videoclips, realidad virtual y videomapping a lo largo y ancho de la ciudad. Adem\u00e1s, incluye actividades de formaci\u00f3n, exhibici\u00f3n y encuentro entre agentes del sector local e internacional, estudiantes, colectivos y dem\u00e1s protagonistas de la creaci\u00f3n audiovisual. \n\n\n\n\n<\/p>\n\n<div id=\"icono-autor-imagen\">\n<i aria-hidden=\"true\" class=\"fas fa-chevron-circle-right\"><\/i>\n<\/div>\n\n<\/div>\n\n<\/p><\/div><\/div>\t\t<\/div>\n\t\t\t\t<\/div>\n\t\t\t\t\t\t<\/div>\n\t\t\t\t\t<\/div>\n\t\t<\/div>\n\t\t\t\t<div class=\"elementor-column elementor-col-33 elementor-inner-column elementor-element elementor-element-fb39801\" data-id=\"fb39801\" data-element_type=\"column\">\n\t\t\t<div class=\"elementor-column-wrap elementor-element-populated\">\n\t\t\t\t\t\t\t<div class=\"elementor-widget-wrap\">\n\t\t\t\t\t\t<div data-pp-wrapper-link=\"{&quot;url&quot;:&quot;https:\\\/\\\/www.medellin.gov.co\\\/es\\\/secretaria-cultura-ciudadana\\\/nos-mueve-la-cultura\\\/cinemateca-distrital-de-medellin\\\/&quot;,&quot;is_external&quot;:&quot;on&quot;,&quot;nofollow&quot;:&quot;&quot;}\" class=\"pp-wrapper-link elementor-element elementor-element-6a0c323 conte-imagen-1 elementor-position-top elementor-vertical-align-top elementor-widget elementor-widget-image-box\" data-id=\"6a0c323\" data-element_type=\"widget\" data-widget_type=\"image-box.default\">\n\t\t\t\t<div class=\"elementor-widget-container\">\n\t\t\t<div class=\"elementor-image-box-wrapper\"><figure class=\"elementor-image-box-img\"><a href=\"https:\/\/www.medellin.gov.co\/es\/secretaria-cultura-ciudadana\/nos-mueve-la-cultura\/cinemateca-distrital-de-medellin\/\"><img width=\"1191\" height=\"1600\" src=\"https:\/\/www.medellin.gov.co\/es\/wp-content\/uploads\/2023\/08\/Cinemateca-portal.jpg\" class=\"attachment-full size-full\" alt=\"Cinemateca - portal\" loading=\"lazy\" \/><\/a><\/figure><div class=\"elementor-image-box-content\"><p class=\"elementor-image-box-description\"><div class=\"texto-imagen-el-autor-1\">\n\n<h2> Cinemateca Distrital<\/h2>\n<p>\n\nFortalece la promoci\u00f3n, la divulgaci\u00f3n, el registro y conservaci\u00f3n de pr\u00e1cticas audiovisuales diversas y es una ventana de exhibici\u00f3n y circulaci\u00f3n para el cine local, nacional e internacional. Asimismo, realiza procesos formativos en diferentes espacios de la ciudad y potencia alianzas con diferentes proyectos, instituciones, colectivos, muestras y festivales.\n\n\n\n<\/p>\n\n<div id=\"icono-autor-imagen\">\n<i aria-hidden=\"true\" class=\"fas fa-chevron-circle-right\"><\/i>\n<\/div>\n\n<\/div>\n\n<\/p><\/div><\/div>\t\t<\/div>\n\t\t\t\t<\/div>\n\t\t\t\t\t\t<\/div>\n\t\t\t\t\t<\/div>\n\t\t<\/div>\n\t\t\t\t<div class=\"elementor-column elementor-col-33 elementor-inner-column elementor-element elementor-element-94d410f\" data-id=\"94d410f\" data-element_type=\"column\">\n\t\t\t<div class=\"elementor-column-wrap elementor-element-populated\">\n\t\t\t\t\t\t\t<div class=\"elementor-widget-wrap\">\n\t\t\t\t\t\t<div data-pp-wrapper-link=\"{&quot;url&quot;:&quot;https:\\\/\\\/filmedellin.com\\\/&quot;,&quot;is_external&quot;:&quot;on&quot;,&quot;nofollow&quot;:&quot;&quot;}\" class=\"pp-wrapper-link elementor-element elementor-element-62e8a77 conte-imagen-1 elementor-position-top elementor-vertical-align-top elementor-widget elementor-widget-image-box\" data-id=\"62e8a77\" data-element_type=\"widget\" data-widget_type=\"image-box.default\">\n\t\t\t\t<div class=\"elementor-widget-container\">\n\t\t\t<div class=\"elementor-image-box-wrapper\"><figure class=\"elementor-image-box-img\"><a href=\"https:\/\/filmedellin.com\/\"><img width=\"1905\" height=\"2560\" src=\"https:\/\/www.medellin.gov.co\/es\/wp-content\/uploads\/2023\/08\/filmedellin-scaled.jpg\" class=\"attachment-full size-full\" alt=\"\" loading=\"lazy\" \/><\/a><\/figure><div class=\"elementor-image-box-content\"><p class=\"elementor-image-box-description\"><div class=\"texto-imagen-el-autor-1\">\n\n<h2>FilMedell\u00edn<\/h2>\n<p>\n\n\nFacilita los procesos de permisos para realizar grabaciones en espacios p\u00fablicos, fomenta la realizaci\u00f3n de contenidos, ofrece alternativas de formaci\u00f3n especializada e incentiva proyectos en todas sus fases como parte de las iniciativas p\u00fablicas para el fortalecimiento del sector audiovisual y cinematogr\u00e1fico de Medell\u00edn.\n\n\n<\/p>\n\n<div id=\"icono-autor-imagen\">\n<i aria-hidden=\"true\" class=\"fas fa-chevron-circle-right\"><\/i>\n<\/div>\n\n<\/div>\n\n<\/p><\/div><\/div>\t\t<\/div>\n\t\t\t\t<\/div>\n\t\t\t\t\t\t<\/div>\n\t\t\t\t\t<\/div>\n\t\t<\/div>\n\t\t\t\t\t\t\t\t<\/div>\n\t\t\t\t\t<\/div>\n\t\t<\/section>\n\t\t\t\t\t\t<\/div>\n\t\t\t\t\t<\/div>\n\t\t<\/div>\n\t\t\t\t\t\t\t\t<\/div>\n\t\t\t\t\t<\/div>\n\t\t<\/section>\n\t\t\t\t\t\t\t\t\t<\/div>\n\t\t\t<\/div>\n\t\t\t\t\t<\/div>\n\t\t","protected":false},"excerpt":{"rendered":"<p>Ecosistema audiovisual de Medell\u00edn La Red de Audiovisuales en articulaci\u00f3n con el ecosistema audiovisual https:\/\/youtu.be\/toVEpbjpOT4?si=WkEtXoRwHoBQoVSU La Red de Audiovisuales trabaja de manera articulada con FilMedell\u00edn, Festival de Cine y las Artes Audiovisuales Miradas Medell\u00edn y &#8230;<\/p>\n","protected":false},"author":17,"featured_media":244463,"parent":212397,"menu_order":0,"comment_status":"closed","ping_status":"closed","template":"sec-cultura\/red-practicas.php","meta":[],"acf":[],"_links":{"self":[{"href":"https:\/\/www.medellin.gov.co\/es\/wp-json\/wp\/v2\/pages\/224311"}],"collection":[{"href":"https:\/\/www.medellin.gov.co\/es\/wp-json\/wp\/v2\/pages"}],"about":[{"href":"https:\/\/www.medellin.gov.co\/es\/wp-json\/wp\/v2\/types\/page"}],"author":[{"embeddable":true,"href":"https:\/\/www.medellin.gov.co\/es\/wp-json\/wp\/v2\/users\/17"}],"replies":[{"embeddable":true,"href":"https:\/\/www.medellin.gov.co\/es\/wp-json\/wp\/v2\/comments?post=224311"}],"version-history":[{"count":10,"href":"https:\/\/www.medellin.gov.co\/es\/wp-json\/wp\/v2\/pages\/224311\/revisions"}],"predecessor-version":[{"id":253708,"href":"https:\/\/www.medellin.gov.co\/es\/wp-json\/wp\/v2\/pages\/224311\/revisions\/253708"}],"up":[{"embeddable":true,"href":"https:\/\/www.medellin.gov.co\/es\/wp-json\/wp\/v2\/pages\/212397"}],"wp:featuredmedia":[{"embeddable":true,"href":"https:\/\/www.medellin.gov.co\/es\/wp-json\/wp\/v2\/media\/244463"}],"wp:attachment":[{"href":"https:\/\/www.medellin.gov.co\/es\/wp-json\/wp\/v2\/media?parent=224311"}],"curies":[{"name":"wp","href":"https:\/\/api.w.org\/{rel}","templated":true}]}}