{"id":225037,"date":"2023-07-26T07:18:10","date_gmt":"2023-07-26T12:18:10","guid":{"rendered":"https:\/\/www.medellin.gov.co\/es\/?page_id=225037"},"modified":"2025-09-24T13:45:51","modified_gmt":"2025-09-24T18:45:51","slug":"observatorio-de-construccion-de-paz-ciudadana-y-ddhh","status":"publish","type":"page","link":"https:\/\/www.medellin.gov.co\/es\/secretaria-de-paz-y-derechos-humanos\/subsecretaria-de-construccion-de-paz-territorial\/observatorio-de-construccion-de-paz-ciudadana-y-ddhh\/","title":{"rendered":"Observatorio de construcci\u00f3n de paz territorial"},"content":{"rendered":"\t\t<div data-elementor-type=\"wp-page\" data-elementor-id=\"225037\" class=\"elementor elementor-225037\">\n\t\t\t\t\t\t<div class=\"elementor-inner\">\n\t\t\t\t<div class=\"elementor-section-wrap\">\n\t\t\t\t\t\t\t\t\t<section class=\"elementor-section elementor-top-section elementor-element elementor-element-70ac796 elementor-section-boxed elementor-section-height-default elementor-section-height-default\" data-id=\"70ac796\" data-element_type=\"section\">\n\t\t\t\t\t\t<div class=\"elementor-container elementor-column-gap-default\">\n\t\t\t\t\t\t\t<div class=\"elementor-row\">\n\t\t\t\t\t<div class=\"elementor-column elementor-col-100 elementor-top-column elementor-element elementor-element-c5e8ed9\" data-id=\"c5e8ed9\" data-element_type=\"column\">\n\t\t\t<div class=\"elementor-column-wrap elementor-element-populated\">\n\t\t\t\t\t\t\t<div class=\"elementor-widget-wrap\">\n\t\t\t\t<div class=\"elementor-element elementor-element-f08c23b e-container--column e-container\" data-id=\"f08c23b\" data-element_type=\"container\">\t\t\t\t<div class=\"elementor-element elementor-element-0ae3d3f elementor-widget elementor-widget-spacer\" data-id=\"0ae3d3f\" data-element_type=\"widget\" data-widget_type=\"spacer.default\">\n\t\t\t\t<div class=\"elementor-widget-container\">\n\t\t\t\t\t<div class=\"elementor-spacer\">\n\t\t\t<div class=\"elementor-spacer-inner\"><\/div>\n\t\t<\/div>\n\t\t\t\t<\/div>\n\t\t\t\t<\/div>\n\t\t<\/div>\t\t<div class=\"elementor-element elementor-element-25e4019 elementor-widget elementor-widget-heading\" data-id=\"25e4019\" data-element_type=\"widget\" data-widget_type=\"heading.default\">\n\t\t\t\t<div class=\"elementor-widget-container\">\n\t\t\t<h1 class=\"elementor-heading-title elementor-size-default\">Observatorio de Construcci\u00f3n de Paz Ciudadana y Derechos Humanos (CONDEPACI-DH)\n<\/h1>\t\t<\/div>\n\t\t\t\t<\/div>\n\t\t\t\t<section class=\"elementor-section elementor-inner-section elementor-element elementor-element-414f9e9 elementor-section-boxed elementor-section-height-default elementor-section-height-default\" data-id=\"414f9e9\" data-element_type=\"section\">\n\t\t\t\t\t\t<div class=\"elementor-container elementor-column-gap-default\">\n\t\t\t\t\t\t\t<div class=\"elementor-row\">\n\t\t\t\t\t<div class=\"elementor-column elementor-col-50 elementor-inner-column elementor-element elementor-element-dfc7e5f\" data-id=\"dfc7e5f\" data-element_type=\"column\">\n\t\t\t<div class=\"elementor-column-wrap elementor-element-populated\">\n\t\t\t\t\t\t\t<div class=\"elementor-widget-wrap\">\n\t\t\t\t\t\t<div class=\"elementor-element elementor-element-ae59a4d elementor-widget elementor-widget-text-editor\" data-id=\"ae59a4d\" data-element_type=\"widget\" data-widget_type=\"text-editor.default\">\n\t\t\t\t<div class=\"elementor-widget-container\">\n\t\t\t\t\t\t\t\t<div class=\"elementor-text-editor elementor-clearfix\">\n\t\t\t\t<p>El Observatorio de Construcci\u00f3n de Paz Ciudadana y Derechos Humanos (CONDEPACI-DH) es una iniciativa de la Secretar\u00eda de Paz y Derechos Humanos de Medell\u00edn, formalizada mediante el Decreto 0632 de 2025. Se propone impulsar la investigaci\u00f3n y la generaci\u00f3n de nuevo conocimiento, relacionado con la construcci\u00f3n de paz ciudadana, la justicia transicional y restaurativa, y los derechos humanos en Medell\u00edn. Para ello, procura recopilar datos significativos, coproducir conocimiento con aliados estrat\u00e9gicos y realizar an\u00e1lisis relevantes para la toma de decisiones. Asimismo, este observatorio tiene la funci\u00f3n de hacer seguimiento y monitoreo a la Pol\u00edtica P\u00fablica de Paz, Reconciliaci\u00f3n y No Estigmatizaci\u00f3n.<\/p><p>El Observatorio se concibe como un espacio de investigaci\u00f3n y reflexi\u00f3n que recopila datos significativos, construye conocimiento en di\u00e1logo con aliados estrat\u00e9gicos y desarrolla an\u00e1lisis que sirven como insumo para la toma de decisiones p\u00fablicas y comunitarias. Se articula con programas institucionales, organizaciones sociales, academia y ciudadan\u00eda, con el fin de aportar a la construcci\u00f3n de una paz territorial y ciudadana que reconozca las necesidades y capacidades locales.<\/p>\t\t\t\t\t<\/div>\n\t\t\t\t\t\t<\/div>\n\t\t\t\t<\/div>\n\t\t\t\t\t\t<\/div>\n\t\t\t\t\t<\/div>\n\t\t<\/div>\n\t\t\t\t<div class=\"elementor-column elementor-col-50 elementor-inner-column elementor-element elementor-element-b76c37c\" data-id=\"b76c37c\" data-element_type=\"column\">\n\t\t\t<div class=\"elementor-column-wrap elementor-element-populated\">\n\t\t\t\t\t\t\t<div class=\"elementor-widget-wrap\">\n\t\t\t\t\t\t<div class=\"elementor-element elementor-element-25160bf elementor-widget elementor-widget-image\" data-id=\"25160bf\" data-element_type=\"widget\" data-widget_type=\"image.default\">\n\t\t\t\t<div class=\"elementor-widget-container\">\n\t\t\t\t\t\t\t\t<div class=\"elementor-image\">\n\t\t\t\t\t\t\t\t\t\t\t\t<img width=\"1024\" height=\"682\" src=\"https:\/\/www.medellin.gov.co\/es\/wp-content\/uploads\/2023\/07\/Ninos-sonriendo-1024x682.jpeg\" class=\"attachment-large size-large\" alt=\"Ni\u00f1os sonriendo\" loading=\"lazy\" srcset=\"https:\/\/www.medellin.gov.co\/es\/wp-content\/uploads\/2023\/07\/Ninos-sonriendo-1024x682.jpeg 1024w, https:\/\/www.medellin.gov.co\/es\/wp-content\/uploads\/2023\/07\/Ninos-sonriendo-300x200.jpeg 300w, https:\/\/www.medellin.gov.co\/es\/wp-content\/uploads\/2023\/07\/Ninos-sonriendo-150x100.jpeg 150w, https:\/\/www.medellin.gov.co\/es\/wp-content\/uploads\/2023\/07\/Ninos-sonriendo-768x512.jpeg 768w, https:\/\/www.medellin.gov.co\/es\/wp-content\/uploads\/2023\/07\/Ninos-sonriendo.jpeg 1444w\" sizes=\"(max-width: 1024px) 100vw, 1024px\" \/>\t\t\t\t\t\t\t\t\t\t\t\t\t\t<\/div>\n\t\t\t\t\t\t<\/div>\n\t\t\t\t<\/div>\n\t\t\t\t<div class=\"elementor-element elementor-element-d465af7 elementor-widget elementor-widget-heading\" data-id=\"d465af7\" data-element_type=\"widget\" data-widget_type=\"heading.default\">\n\t\t\t\t<div class=\"elementor-widget-container\">\n\t\t\t<h2 class=\"elementor-heading-title elementor-size-default\"><a href=\"https:\/\/www.medellin.gov.co\/es\/wp-content\/uploads\/2023\/10\/OCPT_Caracterizacio%CC%81n-PPL_101023.pdf\" target=\"_blank\">Da clic aqu\u00ed y conoce la Caracterizaci\u00f3n sociodemogr\u00e1fica de la poblaci\u00f3n privada de la libertad en el Valle de Aburr\u00e1 2023<\/a><\/h2>\t\t<\/div>\n\t\t\t\t<\/div>\n\t\t\t\t\t\t<\/div>\n\t\t\t\t\t<\/div>\n\t\t<\/div>\n\t\t\t\t\t\t\t\t<\/div>\n\t\t\t\t\t<\/div>\n\t\t<\/section>\n\t\t\t\t<div class=\"elementor-element elementor-element-89edb61 elementor-widget elementor-widget-heading\" data-id=\"89edb61\" data-element_type=\"widget\" data-widget_type=\"heading.default\">\n\t\t\t\t<div class=\"elementor-widget-container\">\n\t\t\t<h2 class=\"elementor-heading-title elementor-size-default\"><b>Objetivos del Observatorio<\/b> de Construcci\u00f3n de Paz Ciudadana y Derechos Humanos (CONDEPACI-DH)<\/h2>\t\t<\/div>\n\t\t\t\t<\/div>\n\t\t\t\t<section class=\"elementor-section elementor-inner-section elementor-element elementor-element-6846cd4 elementor-section-boxed elementor-section-height-default elementor-section-height-default\" data-id=\"6846cd4\" data-element_type=\"section\">\n\t\t\t\t\t\t<div class=\"elementor-container elementor-column-gap-default\">\n\t\t\t\t\t\t\t<div class=\"elementor-row\">\n\t\t\t\t\t<div class=\"elementor-column elementor-col-50 elementor-inner-column elementor-element elementor-element-35ce629\" data-id=\"35ce629\" data-element_type=\"column\">\n\t\t\t<div class=\"elementor-column-wrap elementor-element-populated\">\n\t\t\t\t\t\t\t<div class=\"elementor-widget-wrap\">\n\t\t\t\t\t\t<div class=\"elementor-element elementor-element-cd3d550 elementor-widget elementor-widget-image\" data-id=\"cd3d550\" data-element_type=\"widget\" data-widget_type=\"image.default\">\n\t\t\t\t<div class=\"elementor-widget-container\">\n\t\t\t\t\t\t\t\t<div class=\"elementor-image\">\n\t\t\t\t\t\t\t\t\t\t\t\t<img width=\"1024\" height=\"684\" src=\"https:\/\/www.medellin.gov.co\/es\/wp-content\/uploads\/2023\/07\/Mujeres-tejedoras-1024x684.jpeg\" class=\"attachment-large size-large\" alt=\"Mujeres tejedoras\" loading=\"lazy\" srcset=\"https:\/\/www.medellin.gov.co\/es\/wp-content\/uploads\/2023\/07\/Mujeres-tejedoras-1024x684.jpeg 1024w, https:\/\/www.medellin.gov.co\/es\/wp-content\/uploads\/2023\/07\/Mujeres-tejedoras-300x200.jpeg 300w, https:\/\/www.medellin.gov.co\/es\/wp-content\/uploads\/2023\/07\/Mujeres-tejedoras-150x100.jpeg 150w, https:\/\/www.medellin.gov.co\/es\/wp-content\/uploads\/2023\/07\/Mujeres-tejedoras-768x513.jpeg 768w, https:\/\/www.medellin.gov.co\/es\/wp-content\/uploads\/2023\/07\/Mujeres-tejedoras.jpeg 1280w\" sizes=\"(max-width: 1024px) 100vw, 1024px\" \/>\t\t\t\t\t\t\t\t\t\t\t\t\t\t<\/div>\n\t\t\t\t\t\t<\/div>\n\t\t\t\t<\/div>\n\t\t\t\t\t\t<\/div>\n\t\t\t\t\t<\/div>\n\t\t<\/div>\n\t\t\t\t<div class=\"elementor-column elementor-col-50 elementor-inner-column elementor-element elementor-element-5b080da\" data-id=\"5b080da\" data-element_type=\"column\">\n\t\t\t<div class=\"elementor-column-wrap elementor-element-populated\">\n\t\t\t\t\t\t\t<div class=\"elementor-widget-wrap\">\n\t\t\t\t\t\t<div class=\"elementor-element elementor-element-50328f7 elementor-widget elementor-widget-heading\" data-id=\"50328f7\" data-element_type=\"widget\" data-widget_type=\"heading.default\">\n\t\t\t\t<div class=\"elementor-widget-container\">\n\t\t\t<h3 class=\"elementor-heading-title elementor-size-default\">Objetivo general<\/h3>\t\t<\/div>\n\t\t\t\t<\/div>\n\t\t\t\t<div class=\"elementor-element elementor-element-f4f431b elementor-widget elementor-widget-text-editor\" data-id=\"f4f431b\" data-element_type=\"widget\" data-widget_type=\"text-editor.default\">\n\t\t\t\t<div class=\"elementor-widget-container\">\n\t\t\t\t\t\t\t\t<div class=\"elementor-text-editor elementor-clearfix\">\n\t\t\t\t<p>Investigar y hacer seguimiento a din\u00e1micas de construcci\u00f3n de paz territorial, no-violencia y justicia restaurativa en Medell\u00edn, mediante la recopilaci\u00f3n de datos, (co)producci\u00f3n de conocimiento y an\u00e1lisis relevantes para la toma de decisiones de las instituciones y de la sociedad civil en materia de construcci\u00f3n de paz en la ciudad.<\/p>\t\t\t\t\t<\/div>\n\t\t\t\t\t\t<\/div>\n\t\t\t\t<\/div>\n\t\t\t\t\t\t<\/div>\n\t\t\t\t\t<\/div>\n\t\t<\/div>\n\t\t\t\t\t\t\t\t<\/div>\n\t\t\t\t\t<\/div>\n\t\t<\/section>\n\t\t\t\t<section class=\"elementor-section elementor-inner-section elementor-element elementor-element-740402c elementor-section-boxed elementor-section-height-default elementor-section-height-default\" data-id=\"740402c\" data-element_type=\"section\">\n\t\t\t\t\t\t<div class=\"elementor-container elementor-column-gap-default\">\n\t\t\t\t\t\t\t<div class=\"elementor-row\">\n\t\t\t\t\t<div class=\"elementor-column elementor-col-50 elementor-inner-column elementor-element elementor-element-32e6a16\" data-id=\"32e6a16\" data-element_type=\"column\">\n\t\t\t<div class=\"elementor-column-wrap elementor-element-populated\">\n\t\t\t\t\t\t\t<div class=\"elementor-widget-wrap\">\n\t\t\t\t\t\t<div class=\"elementor-element elementor-element-51f655a elementor-widget elementor-widget-heading\" data-id=\"51f655a\" data-element_type=\"widget\" data-widget_type=\"heading.default\">\n\t\t\t\t<div class=\"elementor-widget-container\">\n\t\t\t<h3 class=\"elementor-heading-title elementor-size-default\">Objetivos espec\u00edficos<\/h3>\t\t<\/div>\n\t\t\t\t<\/div>\n\t\t\t\t<div class=\"elementor-element elementor-element-445c239 elementor-widget elementor-widget-text-editor\" data-id=\"445c239\" data-element_type=\"widget\" data-widget_type=\"text-editor.default\">\n\t\t\t\t<div class=\"elementor-widget-container\">\n\t\t\t\t\t\t\t\t<div class=\"elementor-text-editor elementor-clearfix\">\n\t\t\t\t<p>\u2022 Investigar din\u00e1micas de construcci\u00f3n de paz territorial, no violencia y justicia restaurativa en Medell\u00edn.<\/p><p>\u2022 Identificar y monitorear las acciones institucionales que contribuyen a la implementaci\u00f3n del Acuerdo de Paz en Medell\u00edn.<\/p><p>\u2022 Hacer seguimiento a la Pol\u00edtica P\u00fablica de Paz, No Violencia, Reconciliaci\u00f3n y No Estigmatizaci\u00f3n.<\/p><p>\u2022 Asesorar la gesti\u00f3n de datos y de informaci\u00f3n de la Secretar\u00eda de la No Violencia.<\/p><p>\u2022 Fomentar la apropiaci\u00f3n social e institucional del conocimiento (co)producido en investigaci\u00f3n para la paz y no violencia.<\/p>\t\t\t\t\t<\/div>\n\t\t\t\t\t\t<\/div>\n\t\t\t\t<\/div>\n\t\t\t\t\t\t<\/div>\n\t\t\t\t\t<\/div>\n\t\t<\/div>\n\t\t\t\t<div class=\"elementor-column elementor-col-50 elementor-inner-column elementor-element elementor-element-dd603cc\" data-id=\"dd603cc\" data-element_type=\"column\">\n\t\t\t<div class=\"elementor-column-wrap elementor-element-populated\">\n\t\t\t\t\t\t\t<div class=\"elementor-widget-wrap\">\n\t\t\t\t\t\t<div class=\"elementor-element elementor-element-712aafb elementor-widget elementor-widget-image\" data-id=\"712aafb\" data-element_type=\"widget\" data-widget_type=\"image.default\">\n\t\t\t\t<div class=\"elementor-widget-container\">\n\t\t\t\t\t\t\t\t<div class=\"elementor-image\">\n\t\t\t\t\t\t\t\t\t\t\t\t<img width=\"1024\" height=\"684\" src=\"https:\/\/www.medellin.gov.co\/es\/wp-content\/uploads\/2023\/07\/Tradiciones-etnicas-1024x684.jpeg\" class=\"attachment-large size-large\" alt=\"Tradiciones \u00e9tnicas\" loading=\"lazy\" srcset=\"https:\/\/www.medellin.gov.co\/es\/wp-content\/uploads\/2023\/07\/Tradiciones-etnicas-1024x684.jpeg 1024w, https:\/\/www.medellin.gov.co\/es\/wp-content\/uploads\/2023\/07\/Tradiciones-etnicas-300x200.jpeg 300w, https:\/\/www.medellin.gov.co\/es\/wp-content\/uploads\/2023\/07\/Tradiciones-etnicas-150x100.jpeg 150w, https:\/\/www.medellin.gov.co\/es\/wp-content\/uploads\/2023\/07\/Tradiciones-etnicas-768x513.jpeg 768w, https:\/\/www.medellin.gov.co\/es\/wp-content\/uploads\/2023\/07\/Tradiciones-etnicas.jpeg 1280w\" sizes=\"(max-width: 1024px) 100vw, 1024px\" \/>\t\t\t\t\t\t\t\t\t\t\t\t\t\t<\/div>\n\t\t\t\t\t\t<\/div>\n\t\t\t\t<\/div>\n\t\t\t\t\t\t<\/div>\n\t\t\t\t\t<\/div>\n\t\t<\/div>\n\t\t\t\t\t\t\t\t<\/div>\n\t\t\t\t\t<\/div>\n\t\t<\/section>\n\t\t\t\t<div class=\"elementor-element elementor-element-ad040c9 elementor-widget elementor-widget-heading\" data-id=\"ad040c9\" data-element_type=\"widget\" data-widget_type=\"heading.default\">\n\t\t\t\t<div class=\"elementor-widget-container\">\n\t\t\t<h2 class=\"elementor-heading-title elementor-size-default\"><b>Estructura del Observatorio<\/b> de Construcci\u00f3n de Paz Ciudadana y Derechos Humanos (CONDEPACI-DH)<\/h2>\t\t<\/div>\n\t\t\t\t<\/div>\n\t\t\t\t<div class=\"elementor-element elementor-element-cdc2fbf elementor-widget elementor-widget-text-editor\" data-id=\"cdc2fbf\" data-element_type=\"widget\" data-widget_type=\"text-editor.default\">\n\t\t\t\t<div class=\"elementor-widget-container\">\n\t\t\t\t\t\t\t\t<div class=\"elementor-text-editor elementor-clearfix\">\n\t\t\t\t<p>Desde el Observatorio de Construcci\u00f3n de Paz Ciudadana y Derechos Humanos se han realizado tres procesos de investigaci\u00f3n, los cuales se enmarcan en la Implementaci\u00f3n del Acuerdo Final de Paz en Medell\u00edn, la construcci\u00f3n de un \u00cdndice de Riesgo de Conflictividad Social y la Caracterizaci\u00f3n sociodemogr\u00e1fica de la poblaci\u00f3n privada de la libertad en el Valle de Aburr\u00e1.<\/p>\t\t\t\t\t<\/div>\n\t\t\t\t\t\t<\/div>\n\t\t\t\t<\/div>\n\t\t\t\t<div class=\"elementor-element elementor-element-375de4a elementor-widget elementor-widget-text-editor\" data-id=\"375de4a\" data-element_type=\"widget\" data-widget_type=\"text-editor.default\">\n\t\t\t\t<div class=\"elementor-widget-container\">\n\t\t\t\t\t\t\t\t<div class=\"elementor-text-editor elementor-clearfix\">\n\t\t\t\t<p>Desde el Observatorio de Construcci\u00f3n de Paz Ciudadana y Derechos Humanos se han realizado tres procesos de investigaci\u00f3n, los cuales se enmarcan en la Implementaci\u00f3n del Acuerdo Final de Paz en Medell\u00edn, la construcci\u00f3n de un \u00cdndice de Riesgo de Conflictividad Social y la Caracterizaci\u00f3n sociodemogr\u00e1fica de la poblaci\u00f3n privada de la libertad en el Valle de Aburr\u00e1.<\/p>\t\t\t\t\t<\/div>\n\t\t\t\t\t\t<\/div>\n\t\t\t\t<\/div>\n\t\t\t\t<section class=\"elementor-section elementor-inner-section elementor-element elementor-element-fdfce6e elementor-section-boxed elementor-section-height-default elementor-section-height-default\" data-id=\"fdfce6e\" data-element_type=\"section\">\n\t\t\t\t\t\t<div class=\"elementor-container elementor-column-gap-default\">\n\t\t\t\t\t\t\t<div class=\"elementor-row\">\n\t\t\t\t\t<div class=\"elementor-column elementor-col-50 elementor-inner-column elementor-element elementor-element-a2ffdc5\" data-id=\"a2ffdc5\" data-element_type=\"column\">\n\t\t\t<div class=\"elementor-column-wrap elementor-element-populated\">\n\t\t\t\t\t\t\t<div class=\"elementor-widget-wrap\">\n\t\t\t\t\t\t<div class=\"elementor-element elementor-element-e322c61 elementor-widget elementor-widget-heading\" data-id=\"e322c61\" data-element_type=\"widget\" data-widget_type=\"heading.default\">\n\t\t\t\t<div class=\"elementor-widget-container\">\n\t\t\t<h3 class=\"elementor-heading-title elementor-size-default\">L\u00edneas de investigaci\u00f3n<\/h3>\t\t<\/div>\n\t\t\t\t<\/div>\n\t\t\t\t<div class=\"elementor-element elementor-element-f9e219e elementor-widget elementor-widget-image\" data-id=\"f9e219e\" data-element_type=\"widget\" data-widget_type=\"image.default\">\n\t\t\t\t<div class=\"elementor-widget-container\">\n\t\t\t\t\t\t\t\t<div class=\"elementor-image\">\n\t\t\t\t\t\t\t\t\t\t\t\t<img width=\"640\" height=\"425\" src=\"https:\/\/www.medellin.gov.co\/es\/wp-content\/uploads\/2025\/09\/LineasInvestigacion_3a.jpg\" class=\"attachment-large size-large\" alt=\"\" loading=\"lazy\" srcset=\"https:\/\/www.medellin.gov.co\/es\/wp-content\/uploads\/2025\/09\/LineasInvestigacion_3a.jpg 640w, https:\/\/www.medellin.gov.co\/es\/wp-content\/uploads\/2025\/09\/LineasInvestigacion_3a-300x199.jpg 300w, https:\/\/www.medellin.gov.co\/es\/wp-content\/uploads\/2025\/09\/LineasInvestigacion_3a-150x100.jpg 150w\" sizes=\"(max-width: 640px) 100vw, 640px\" \/>\t\t\t\t\t\t\t\t\t\t\t\t\t\t<\/div>\n\t\t\t\t\t\t<\/div>\n\t\t\t\t<\/div>\n\t\t\t\t<div class=\"elementor-element elementor-element-4832334 elementor-tablet-align-left elementor-mobile-align-center elementor-widget elementor-widget-button\" data-id=\"4832334\" data-element_type=\"widget\" data-widget_type=\"button.default\">\n\t\t\t\t<div class=\"elementor-widget-container\">\n\t\t\t\t\t<div class=\"elementor-button-wrapper\">\n\t\t\t<a href=\"https:\/\/www.medellin.gov.co\/es\/secretaria-de-paz-y-derechos-humanos\/subsecretaria-de-construccion-de-paz-territorial\/observatorio-de-construccion-de-paz-territorial\/lineas-de-investigacion-del-observatorio-de-construccion-de-paz\/\" class=\"elementor-button-link elementor-button elementor-size-sm\" role=\"button\">\n\t\t\t\t\t\t<span class=\"elementor-button-content-wrapper\">\n\t\t\t\t\t\t<span class=\"elementor-button-text\">Conoce m\u00e1s<\/span>\n\t\t<\/span>\n\t\t\t\t\t<\/a>\n\t\t<\/div>\n\t\t\t\t<\/div>\n\t\t\t\t<\/div>\n\t\t\t\t\t\t<\/div>\n\t\t\t\t\t<\/div>\n\t\t<\/div>\n\t\t\t\t<div class=\"elementor-column elementor-col-50 elementor-inner-column elementor-element elementor-element-e70e423\" data-id=\"e70e423\" data-element_type=\"column\">\n\t\t\t<div class=\"elementor-column-wrap elementor-element-populated\">\n\t\t\t\t\t\t\t<div class=\"elementor-widget-wrap\">\n\t\t\t\t\t\t<div class=\"elementor-element elementor-element-cc88341 elementor-widget elementor-widget-heading\" data-id=\"cc88341\" data-element_type=\"widget\" data-widget_type=\"heading.default\">\n\t\t\t\t<div class=\"elementor-widget-container\">\n\t\t\t<h3 class=\"elementor-heading-title elementor-size-default\">L<\/h3>\t\t<\/div>\n\t\t\t\t<\/div>\n\t\t\t\t<div class=\"elementor-element elementor-element-391e004 elementor-widget elementor-widget-image\" data-id=\"391e004\" data-element_type=\"widget\" data-widget_type=\"image.default\">\n\t\t\t\t<div class=\"elementor-widget-container\">\n\t\t\t\t\t\t\t\t<div class=\"elementor-image\">\n\t\t\t\t\t\t\t\t\t\t\t\t<img width=\"640\" height=\"425\" src=\"https:\/\/www.medellin.gov.co\/es\/wp-content\/uploads\/2025\/09\/LineasInvestigacion_4b.jpg\" class=\"attachment-large size-large\" alt=\"\" loading=\"lazy\" srcset=\"https:\/\/www.medellin.gov.co\/es\/wp-content\/uploads\/2025\/09\/LineasInvestigacion_4b.jpg 640w, https:\/\/www.medellin.gov.co\/es\/wp-content\/uploads\/2025\/09\/LineasInvestigacion_4b-300x199.jpg 300w, https:\/\/www.medellin.gov.co\/es\/wp-content\/uploads\/2025\/09\/LineasInvestigacion_4b-150x100.jpg 150w\" sizes=\"(max-width: 640px) 100vw, 640px\" \/>\t\t\t\t\t\t\t\t\t\t\t\t\t\t<\/div>\n\t\t\t\t\t\t<\/div>\n\t\t\t\t<\/div>\n\t\t\t\t\t\t<\/div>\n\t\t\t\t\t<\/div>\n\t\t<\/div>\n\t\t\t\t\t\t\t\t<\/div>\n\t\t\t\t\t<\/div>\n\t\t<\/section>\n\t\t\t\t\t\t<\/div>\n\t\t\t\t\t<\/div>\n\t\t<\/div>\n\t\t\t\t\t\t\t\t<\/div>\n\t\t\t\t\t<\/div>\n\t\t<\/section>\n\t\t\t\t<section class=\"elementor-section elementor-top-section elementor-element elementor-element-f3efa94 elementor-section-boxed elementor-section-height-default elementor-section-height-default\" data-id=\"f3efa94\" data-element_type=\"section\">\n\t\t\t\t\t\t<div class=\"elementor-container elementor-column-gap-default\">\n\t\t\t\t\t\t\t<div class=\"elementor-row\">\n\t\t\t\t\t<div class=\"elementor-column elementor-col-100 elementor-top-column elementor-element elementor-element-85894e3\" data-id=\"85894e3\" data-element_type=\"column\">\n\t\t\t<div class=\"elementor-column-wrap elementor-element-populated\">\n\t\t\t\t\t\t\t<div class=\"elementor-widget-wrap\">\n\t\t\t\t<div class=\"elementor-element elementor-element-8c31b0e e-container--column e-container\" data-id=\"8c31b0e\" data-element_type=\"container\">\t\t\t\t<div class=\"elementor-element elementor-element-d22c2c6 elementor-widget elementor-widget-spacer\" data-id=\"d22c2c6\" data-element_type=\"widget\" data-widget_type=\"spacer.default\">\n\t\t\t\t<div class=\"elementor-widget-container\">\n\t\t\t\t\t<div class=\"elementor-spacer\">\n\t\t\t<div class=\"elementor-spacer-inner\"><\/div>\n\t\t<\/div>\n\t\t\t\t<\/div>\n\t\t\t\t<\/div>\n\t\t<\/div>\t\t<div class=\"elementor-element elementor-element-c64a04f elementor-widget elementor-widget-text-editor\" data-id=\"c64a04f\" data-element_type=\"widget\" data-widget_type=\"text-editor.default\">\n\t\t\t\t<div class=\"elementor-widget-container\">\n\t\t\t\t\t\t\t\t<div class=\"elementor-text-editor elementor-clearfix\">\n\t\t\t\t<p><strong>Investigaciones realizadas Observatorio CONDEPACI-DH:<\/strong><strong>\u00a0<\/strong><\/p><p>\u2022 <a href=\"https:\/\/www.medellin.gov.co\/es\/wp-content\/uploads\/2025\/09\/publicacion_Reporte-de-Identificacion-y-monitoreo-de-acciones-institucionales-1.pdf\" target=\"_blank\" rel=\"noopener\">Reporte de Identificaci\u00f3n y monitoreo de acciones institucionales que contribuyen a la implementaci\u00f3n del Acuerdo Final de Paz en Medell\u00edn<\/a>.<\/p><p>\u2022 <a href=\"https:\/\/www.medellin.gov.co\/es\/wp-content\/uploads\/2025\/09\/publicacion_IRCS-1.pdf\" target=\"_blank\" rel=\"noopener\">\u00cdndice de Riesgo de Conflictividad Social<\/a>.<\/p><p>\u2022<a href=\"https:\/\/www.medellin.gov.co\/es\/wp-content\/uploads\/2025\/09\/publicacion_Caracterizacion-PPL_-1.pdf\" target=\"_blank\" rel=\"noopener\"> Caracterizaci\u00f3n sociodemogr\u00e1fica de la poblaci\u00f3n privada de la libertad en el Valle de Aburr\u00e1<\/a>.<\/p><p>\u00a0<\/p><p><strong>Responsables:<\/strong><strong>\u00a0<\/strong><\/p><p>Secretar\u00eda de Paz y Derechos Humanos:\u00a0<a href=\"mailto:isabelc.cadavid@medellin.gov.co\">isabelc.cadavid@medellin.gov.co<\/a> |\u00a0<a href=\"mailto:juanf.vanegas@medellin.gov.co\">juanf.vanegas@medellin.gov.co<\/a><\/p>\t\t\t\t\t<\/div>\n\t\t\t\t\t\t<\/div>\n\t\t\t\t<\/div>\n\t\t\t\t\t\t<\/div>\n\t\t\t\t\t<\/div>\n\t\t<\/div>\n\t\t\t\t\t\t\t\t<\/div>\n\t\t\t\t\t<\/div>\n\t\t<\/section>\n\t\t\t\t\t\t\t\t\t<\/div>\n\t\t\t<\/div>\n\t\t\t\t\t<\/div>\n\t\t","protected":false},"excerpt":{"rendered":"<p>Observatorio de Construcci\u00f3n de Paz Ciudadana y Derechos Humanos (CONDEPACI-DH) El Observatorio de Construcci\u00f3n de Paz Ciudadana y Derechos Humanos (CONDEPACI-DH) es una iniciativa de la Secretar\u00eda de Paz y Derechos Humanos de Medell\u00edn, formalizada &#8230;<\/p>\n","protected":false},"author":31,"featured_media":193866,"parent":16672,"menu_order":0,"comment_status":"closed","ping_status":"closed","template":"","meta":[],"acf":[],"_links":{"self":[{"href":"https:\/\/www.medellin.gov.co\/es\/wp-json\/wp\/v2\/pages\/225037"}],"collection":[{"href":"https:\/\/www.medellin.gov.co\/es\/wp-json\/wp\/v2\/pages"}],"about":[{"href":"https:\/\/www.medellin.gov.co\/es\/wp-json\/wp\/v2\/types\/page"}],"author":[{"embeddable":true,"href":"https:\/\/www.medellin.gov.co\/es\/wp-json\/wp\/v2\/users\/31"}],"replies":[{"embeddable":true,"href":"https:\/\/www.medellin.gov.co\/es\/wp-json\/wp\/v2\/comments?post=225037"}],"version-history":[{"count":10,"href":"https:\/\/www.medellin.gov.co\/es\/wp-json\/wp\/v2\/pages\/225037\/revisions"}],"predecessor-version":[{"id":458246,"href":"https:\/\/www.medellin.gov.co\/es\/wp-json\/wp\/v2\/pages\/225037\/revisions\/458246"}],"up":[{"embeddable":true,"href":"https:\/\/www.medellin.gov.co\/es\/wp-json\/wp\/v2\/pages\/16672"}],"wp:featuredmedia":[{"embeddable":true,"href":"https:\/\/www.medellin.gov.co\/es\/wp-json\/wp\/v2\/media\/193866"}],"wp:attachment":[{"href":"https:\/\/www.medellin.gov.co\/es\/wp-json\/wp\/v2\/media?parent=225037"}],"curies":[{"name":"wp","href":"https:\/\/api.w.org\/{rel}","templated":true}]}}