{"id":23050,"date":"2021-10-21T10:28:06","date_gmt":"2021-10-21T15:28:06","guid":{"rendered":"https:\/\/www.medellin.gov.co\/es\/?page_id=23050"},"modified":"2024-07-16T17:35:58","modified_gmt":"2024-07-16T22:35:58","slug":"medata","status":"publish","type":"page","link":"https:\/\/www.medellin.gov.co\/es\/transparencia\/medata\/","title":{"rendered":"MEData: el portal de datos p\u00fablicos del municipio de Medell\u00edn"},"content":{"rendered":"\t\t<div data-elementor-type=\"wp-page\" data-elementor-id=\"23050\" class=\"elementor elementor-23050\">\n\t\t\t\t\t\t<div class=\"elementor-inner\">\n\t\t\t\t<div class=\"elementor-section-wrap\">\n\t\t\t\t\t\t\t\t\t<section class=\"elementor-section elementor-top-section elementor-element elementor-element-1a720d6 elementor-section-boxed elementor-section-height-default elementor-section-height-default\" data-id=\"1a720d6\" data-element_type=\"section\">\n\t\t\t\t\t\t<div class=\"elementor-container elementor-column-gap-default\">\n\t\t\t\t\t\t\t<div class=\"elementor-row\">\n\t\t\t\t\t<div class=\"elementor-column elementor-col-100 elementor-top-column elementor-element elementor-element-e7ce1a5\" data-id=\"e7ce1a5\" data-element_type=\"column\">\n\t\t\t<div class=\"elementor-column-wrap elementor-element-populated\">\n\t\t\t\t\t\t\t<div class=\"elementor-widget-wrap\">\n\t\t\t\t\t\t<div class=\"elementor-element elementor-element-d8c6a80 elementor-widget elementor-widget-heading\" data-id=\"d8c6a80\" data-element_type=\"widget\" data-widget_type=\"heading.default\">\n\t\t\t\t<div class=\"elementor-widget-container\">\n\t\t\t<h1 class=\"elementor-heading-title elementor-size-default\">MEData: el portal de datos p\u00fablicos del municipio de Medell\u00edn<\/h1>\t\t<\/div>\n\t\t\t\t<\/div>\n\t\t\t\t<div class=\"elementor-element elementor-element-a08c16e elementor-widget elementor-widget-text-editor\" data-id=\"a08c16e\" data-element_type=\"widget\" data-widget_type=\"text-editor.default\">\n\t\t\t\t<div class=\"elementor-widget-container\">\n\t\t\t\t\t\t\t\t<div class=\"elementor-text-editor elementor-clearfix\">\n\t\t\t\t<p>Una de las buenas pr\u00e1cticas que ha venido implementando Medell\u00edn para ser una ciudad inteligente, es la estrategia MEData, bajo la premisa de que la informaci\u00f3n es de todos y para todos.\u00a0<\/p><p>La estrategia MEData integra autom\u00e1ticamente la informaci\u00f3n estrat\u00e9gica de las dependencias de la Alcald\u00eda de Medell\u00edn en una plataforma Big Data, con el fin de facilitar la obtenci\u00f3n, gesti\u00f3n, manipulaci\u00f3n, an\u00e1lisis, modelado, representaci\u00f3n y entrega de datos para resolver problemas complejos de planificaci\u00f3n y gesti\u00f3n.<\/p>\t\t\t\t\t<\/div>\n\t\t\t\t\t\t<\/div>\n\t\t\t\t<\/div>\n\t\t\t\t<div class=\"elementor-element elementor-element-c14431d elementor-widget elementor-widget-image\" data-id=\"c14431d\" data-element_type=\"widget\" data-widget_type=\"image.default\">\n\t\t\t\t<div class=\"elementor-widget-container\">\n\t\t\t\t\t\t\t\t<div class=\"elementor-image\">\n\t\t\t\t\t\t\t\t\t\t\t\t<img width=\"951\" height=\"417\" src=\"https:\/\/www.medellin.gov.co\/es\/wp-content\/uploads\/2021\/10\/panoramica-de-medellin.jpg\" class=\"attachment-full size-full\" alt=\"Panor\u00e1mica de Medell\u00edn\" loading=\"lazy\" srcset=\"https:\/\/www.medellin.gov.co\/es\/wp-content\/uploads\/2021\/10\/panoramica-de-medellin.jpg 951w, https:\/\/www.medellin.gov.co\/es\/wp-content\/uploads\/2021\/10\/panoramica-de-medellin-300x132.jpg 300w, https:\/\/www.medellin.gov.co\/es\/wp-content\/uploads\/2021\/10\/panoramica-de-medellin-150x66.jpg 150w, https:\/\/www.medellin.gov.co\/es\/wp-content\/uploads\/2021\/10\/panoramica-de-medellin-768x337.jpg 768w\" sizes=\"(max-width: 951px) 100vw, 951px\" \/>\t\t\t\t\t\t\t\t\t\t\t\t\t\t<\/div>\n\t\t\t\t\t\t<\/div>\n\t\t\t\t<\/div>\n\t\t\t\t<div class=\"elementor-element elementor-element-6ef36f2 elementor-widget elementor-widget-text-editor\" data-id=\"6ef36f2\" data-element_type=\"widget\" data-widget_type=\"text-editor.default\">\n\t\t\t\t<div class=\"elementor-widget-container\">\n\t\t\t\t\t\t\t\t<div class=\"elementor-text-editor elementor-clearfix\">\n\t\t\t\t<p>MEData pretende convertirse en la p\u00e1gina oficial de datos de la ciudad,\u00a0 donde las empresas y los emprendedores pueden hacer uso de la plataforma para generar nuevos proyectos y procesos de innovaci\u00f3n, las instituciones educativas y los centros de pensamiento podr\u00e1n beneficiarse de la plataforma para alimentar sus procesos investigativos; las organizaciones sociales podr\u00e1n basarse en la informaci\u00f3n facilitada para dise\u00f1ar y evaluar programas y proyectos; el ciudadano y las veedur\u00edas, tienen una herramienta de transparencia para realizar seguimiento y control a las acciones p\u00fablicas.<\/p>\t\t\t\t\t<\/div>\n\t\t\t\t\t\t<\/div>\n\t\t\t\t<\/div>\n\t\t\t\t<section class=\"elementor-section elementor-inner-section elementor-element elementor-element-b1efd58 elementor-section-boxed elementor-section-height-default elementor-section-height-default\" data-id=\"b1efd58\" data-element_type=\"section\">\n\t\t\t\t\t\t<div class=\"elementor-container elementor-column-gap-default\">\n\t\t\t\t\t\t\t<div class=\"elementor-row\">\n\t\t\t\t\t<div class=\"elementor-column elementor-col-100 elementor-inner-column elementor-element elementor-element-385dcaa\" data-id=\"385dcaa\" data-element_type=\"column\">\n\t\t\t<div class=\"elementor-column-wrap elementor-element-populated\">\n\t\t\t\t\t\t\t<div class=\"elementor-widget-wrap\">\n\t\t\t\t\t\t<div class=\"elementor-element elementor-element-3bedca5 elementor-blockquote--skin-boxed elementor-blockquote--align-center elementor-blockquote--button-color-official elementor-widget elementor-widget-blockquote\" data-id=\"3bedca5\" data-element_type=\"widget\" data-widget_type=\"blockquote.default\">\n\t\t\t\t<div class=\"elementor-widget-container\">\n\t\t\t\t\t<blockquote class=\"elementor-blockquote\">\n\t\t\t<p class=\"elementor-blockquote__content\">\n\t\t\t\tEl portal de datos permite que la ciudadan\u00eda y cualquier entidad (p\u00fablica o privada), puedan descargar la informaci\u00f3n en formatos editables y visualizarla en tableros din\u00e1micos, e incluso realizar cruces con cifras o indicadores de inter\u00e9s.\t\t\t<\/p>\n\t\t\t\t\t<\/blockquote>\n\t\t\t\t<\/div>\n\t\t\t\t<\/div>\n\t\t\t\t<div class=\"elementor-element elementor-element-c3b3ccc elementor-widget elementor-widget-text-editor\" data-id=\"c3b3ccc\" data-element_type=\"widget\" data-widget_type=\"text-editor.default\">\n\t\t\t\t<div class=\"elementor-widget-container\">\n\t\t\t\t\t\t\t\t<div class=\"elementor-text-editor elementor-clearfix\">\n\t\t\t\t<p>Al interior de la administraci\u00f3n, la plataforma sirve como base para la toma de decisiones y ser instrumento de apoyo para el trabajo que realizan sus diferentes dependencias.<\/p>\t\t\t\t\t<\/div>\n\t\t\t\t\t\t<\/div>\n\t\t\t\t<\/div>\n\t\t\t\t<div class=\"elementor-element elementor-element-7b87312 elementor-tablet-align-left elementor-mobile-align-center elementor-hidden-mobile elementor-widget elementor-widget-button\" data-id=\"7b87312\" data-element_type=\"widget\" data-widget_type=\"button.default\">\n\t\t\t\t<div class=\"elementor-widget-container\">\n\t\t\t\t\t<div class=\"elementor-button-wrapper\">\n\t\t\t<a href=\"https:\/\/medata.gov.co\" target=\"_blank\" class=\"elementor-button-link elementor-button elementor-size-sm\" role=\"button\">\n\t\t\t\t\t\t<span class=\"elementor-button-content-wrapper\">\n\t\t\t\t\t\t<span class=\"elementor-button-text\">\u00bfQu\u00e9 esperas? Conoce al mundo de los datos en MEData<\/span>\n\t\t<\/span>\n\t\t\t\t\t<\/a>\n\t\t<\/div>\n\t\t\t\t<\/div>\n\t\t\t\t<\/div>\n\t\t\t\t<div class=\"elementor-element elementor-element-3276f97 elementor-mobile-align-left elementor-hidden-desktop elementor-hidden-tablet elementor-widget elementor-widget-button\" data-id=\"3276f97\" data-element_type=\"widget\" data-widget_type=\"button.default\">\n\t\t\t\t<div class=\"elementor-widget-container\">\n\t\t\t\t\t<div class=\"elementor-button-wrapper\">\n\t\t\t<a href=\"http:\/\/medata.gov.co\/\" class=\"elementor-button-link elementor-button elementor-size-sm\" role=\"button\">\n\t\t\t\t\t\t<span class=\"elementor-button-content-wrapper\">\n\t\t\t\t\t\t<span class=\"elementor-button-text\">\u00bfQu\u00e9 esperas? Conoce al mundo de los datos en MEData<\/span>\n\t\t<\/span>\n\t\t\t\t\t<\/a>\n\t\t<\/div>\n\t\t\t\t<\/div>\n\t\t\t\t<\/div>\n\t\t\t\t<div class=\"elementor-element elementor-element-aa6e092 elementor-widget elementor-widget-heading\" data-id=\"aa6e092\" data-element_type=\"widget\" data-widget_type=\"heading.default\">\n\t\t\t\t<div class=\"elementor-widget-container\">\n\t\t\t<h2 class=\"elementor-heading-title elementor-size-default\"><b>Conoce la secci\u00f3n<\/b> de datos abiertos del Portal MEData<\/h2>\t\t<\/div>\n\t\t\t\t<\/div>\n\t\t\t\t\t\t<\/div>\n\t\t\t\t\t<\/div>\n\t\t<\/div>\n\t\t\t\t\t\t\t\t<\/div>\n\t\t\t\t\t<\/div>\n\t\t<\/section>\n\t\t\t\t<div class=\"elementor-element elementor-element-a149636 elementor-widget elementor-widget-text-editor\" data-id=\"a149636\" data-element_type=\"widget\" data-widget_type=\"text-editor.default\">\n\t\t\t\t<div class=\"elementor-widget-container\">\n\t\t\t\t\t\t\t\t<div class=\"elementor-text-editor elementor-clearfix\">\n\t\t\t\t<p>En MEData podr\u00e1s encontrar la secci\u00f3n \u201cDatos Abiertos\u201d, en donde, tanto el ciudadano como cualquier entidad (p\u00fablica o privada), puede descargar manual o autom\u00e1ticamente la informaci\u00f3n en formatos editables, consultar su metadata y respectivos diccionarios de datos.<\/p><p>As\u00ed, se brinda una fuente de informaci\u00f3n constante y confiable, actualizada de acuerdo a los par\u00e1metros de cada dependencia del Municipio de Medell\u00edn, que pueda ser utilizada para generar conocimiento y propiciar innovaci\u00f3n tecnol\u00f3gica y econom\u00eda a trav\u00e9s de los datos.\u00a0<\/p><p>Te invitamos a conocer, apropiarte y utilizar de manera proactiva los datos e informaci\u00f3n que hemos dispuesto especialmente para ti.<\/p>\t\t\t\t\t<\/div>\n\t\t\t\t\t\t<\/div>\n\t\t\t\t<\/div>\n\t\t\t\t<div class=\"elementor-element elementor-element-4c94b3a elementor-tablet-align-left elementor-mobile-align-center elementor-hidden-mobile elementor-widget elementor-widget-button\" data-id=\"4c94b3a\" data-element_type=\"widget\" data-widget_type=\"button.default\">\n\t\t\t\t<div class=\"elementor-widget-container\">\n\t\t\t\t\t<div class=\"elementor-button-wrapper\">\n\t\t\t<a href=\"https:\/\/medata.gov.co\" target=\"_blank\" class=\"elementor-button-link elementor-button elementor-size-sm\" role=\"button\">\n\t\t\t\t\t\t<span class=\"elementor-button-content-wrapper\">\n\t\t\t\t\t\t<span class=\"elementor-button-text\">Conoce la secci\u00f3n de Datos Abiertos en MEData<\/span>\n\t\t<\/span>\n\t\t\t\t\t<\/a>\n\t\t<\/div>\n\t\t\t\t<\/div>\n\t\t\t\t<\/div>\n\t\t\t\t<div class=\"elementor-element elementor-element-8025cd8 elementor-mobile-align-left elementor-hidden-desktop elementor-hidden-tablet elementor-widget elementor-widget-button\" data-id=\"8025cd8\" data-element_type=\"widget\" data-widget_type=\"button.default\">\n\t\t\t\t<div class=\"elementor-widget-container\">\n\t\t\t\t\t<div class=\"elementor-button-wrapper\">\n\t\t\t<a href=\"http:\/\/medata.gov.co\/search\/type\/dataset\" class=\"elementor-button-link elementor-button elementor-size-sm\" role=\"button\">\n\t\t\t\t\t\t<span class=\"elementor-button-content-wrapper\">\n\t\t\t\t\t\t<span class=\"elementor-button-text\">Conoce la secci\u00f3n de Datos Abiertos en MEData<\/span>\n\t\t<\/span>\n\t\t\t\t\t<\/a>\n\t\t<\/div>\n\t\t\t\t<\/div>\n\t\t\t\t<\/div>\n\t\t\t\t\t\t<\/div>\n\t\t\t\t\t<\/div>\n\t\t<\/div>\n\t\t\t\t\t\t\t\t<\/div>\n\t\t\t\t\t<\/div>\n\t\t<\/section>\n\t\t\t\t\t\t\t\t\t<\/div>\n\t\t\t<\/div>\n\t\t\t\t\t<\/div>\n\t\t","protected":false},"excerpt":{"rendered":"<p>MEData: el portal de datos p\u00fablicos del municipio de Medell\u00edn Una de las buenas pr\u00e1cticas que ha venido implementando Medell\u00edn para ser una ciudad inteligente, es la estrategia MEData, bajo la premisa de que la &#8230;<\/p>\n","protected":false},"author":1,"featured_media":7628,"parent":23043,"menu_order":10,"comment_status":"closed","ping_status":"closed","template":"vistas-homes-elementor\/home-transparencia.php","meta":[],"acf":[],"_links":{"self":[{"href":"https:\/\/www.medellin.gov.co\/es\/wp-json\/wp\/v2\/pages\/23050"}],"collection":[{"href":"https:\/\/www.medellin.gov.co\/es\/wp-json\/wp\/v2\/pages"}],"about":[{"href":"https:\/\/www.medellin.gov.co\/es\/wp-json\/wp\/v2\/types\/page"}],"author":[{"embeddable":true,"href":"https:\/\/www.medellin.gov.co\/es\/wp-json\/wp\/v2\/users\/1"}],"replies":[{"embeddable":true,"href":"https:\/\/www.medellin.gov.co\/es\/wp-json\/wp\/v2\/comments?post=23050"}],"version-history":[{"count":10,"href":"https:\/\/www.medellin.gov.co\/es\/wp-json\/wp\/v2\/pages\/23050\/revisions"}],"predecessor-version":[{"id":324173,"href":"https:\/\/www.medellin.gov.co\/es\/wp-json\/wp\/v2\/pages\/23050\/revisions\/324173"}],"up":[{"embeddable":true,"href":"https:\/\/www.medellin.gov.co\/es\/wp-json\/wp\/v2\/pages\/23043"}],"wp:featuredmedia":[{"embeddable":true,"href":"https:\/\/www.medellin.gov.co\/es\/wp-json\/wp\/v2\/media\/7628"}],"wp:attachment":[{"href":"https:\/\/www.medellin.gov.co\/es\/wp-json\/wp\/v2\/media?parent=23050"}],"curies":[{"name":"wp","href":"https:\/\/api.w.org\/{rel}","templated":true}]}}