{"id":23105,"date":"2021-10-21T11:17:44","date_gmt":"2021-10-21T16:17:44","guid":{"rendered":"https:\/\/www.medellin.gov.co\/es\/?page_id=23105"},"modified":"2025-04-30T16:21:53","modified_gmt":"2025-04-30T21:21:53","slug":"organigrama","status":"publish","type":"page","link":"https:\/\/www.medellin.gov.co\/es\/organigrama\/","title":{"rendered":"Organigrama de la Alcald\u00eda de Medell\u00edn"},"content":{"rendered":"\t\t<div data-elementor-type=\"wp-page\" data-elementor-id=\"23105\" class=\"elementor elementor-23105\">\n\t\t\t\t\t\t<div class=\"elementor-inner\">\n\t\t\t\t<div class=\"elementor-section-wrap\">\n\t\t\t\t\t\t\t\t\t<section class=\"elementor-section elementor-top-section elementor-element elementor-element-13b6ad21 elementor-section-boxed elementor-section-height-default elementor-section-height-default\" data-id=\"13b6ad21\" data-element_type=\"section\">\n\t\t\t\t\t\t<div class=\"elementor-container elementor-column-gap-default\">\n\t\t\t\t\t\t\t<div class=\"elementor-row\">\n\t\t\t\t\t<div class=\"elementor-column elementor-col-100 elementor-top-column elementor-element elementor-element-5fdc0aeb\" data-id=\"5fdc0aeb\" data-element_type=\"column\">\n\t\t\t<div class=\"elementor-column-wrap elementor-element-populated\">\n\t\t\t\t\t\t\t<div class=\"elementor-widget-wrap\">\n\t\t\t\t\t\t<div class=\"elementor-element elementor-element-59182dda elementor-widget elementor-widget-heading\" data-id=\"59182dda\" data-element_type=\"widget\" data-widget_type=\"heading.default\">\n\t\t\t\t<div class=\"elementor-widget-container\">\n\t\t\t<h1 class=\"elementor-heading-title elementor-size-default\">Organigrama de la Alcald\u00eda de Medell\u00edn<\/h1>\t\t<\/div>\n\t\t\t\t<\/div>\n\t\t\t\t<div class=\"elementor-element elementor-element-b1f2171 elementor-widget elementor-widget-text-editor\" data-id=\"b1f2171\" data-element_type=\"widget\" data-widget_type=\"text-editor.default\">\n\t\t\t\t<div class=\"elementor-widget-container\">\n\t\t\t\t\t\t\t\t<div class=\"elementor-text-editor elementor-clearfix\">\n\t\t\t\t<p>Encuentra aqu\u00ed c\u00f3mo est\u00e1 organizada la estructura administrativa del Municipio de Medell\u00edn.<\/p>\t\t\t\t\t<\/div>\n\t\t\t\t\t\t<\/div>\n\t\t\t\t<\/div>\n\t\t\t\t<div class=\"elementor-element elementor-element-061d494 elementor-widget elementor-widget-heading\" data-id=\"061d494\" data-element_type=\"widget\" data-widget_type=\"heading.default\">\n\t\t\t\t<div class=\"elementor-widget-container\">\n\t\t\t<h2 class=\"elementor-heading-title elementor-size-default\"><b>Documentos<\/b> a tener en cuenta<\/h2>\t\t<\/div>\n\t\t\t\t<\/div>\n\t\t\t\t<div class=\"elementor-element elementor-element-257588f elementor-widget elementor-widget-text-editor\" data-id=\"257588f\" data-element_type=\"widget\" data-widget_type=\"text-editor.default\">\n\t\t\t\t<div class=\"elementor-widget-container\">\n\t\t\t\t\t\t\t\t<div class=\"elementor-text-editor elementor-clearfix\">\n\t\t\t\t<ul><li><strong>Gaceta No. 4756:<\/strong> Contiene el Decreto 0863 de 2020, por el cual se modifica la estructura org\u00e1nica y funcional del nivel central del Municipio de Medell\u00edn. <a href=\"https:\/\/www.medellin.gov.co\/irj\/go\/km\/docs\/pccdesign\/medellin\/Temas\/NuestroGobierno\/Publicaciones\/Shared%20Content\/Documentos\/2020\/Gaceta%204756.pdf\" target=\"_blank\" rel=\"noopener\">Conoce el documento<\/a><\/li><li><strong>Decreto 863 de 2020:<\/strong> Por el cual se modifica la estructura org\u00e1nica y funcional del nivel central del Municipio de Medell\u00edn. <a href=\"https:\/\/www.medellin.gov.co\/irj\/go\/km\/docs\/pccdesign\/medellin\/Temas\/Transparencia\/Informes\/Shared%20Content\/Documentos\/2020\/77.%20Decreto%20863%20de%202020%20-%20Reforma%20Administrativa.pdf\" target=\"_blank\" rel=\"noopener\">Conoce el documento<\/a><\/li><\/ul>\t\t\t\t\t<\/div>\n\t\t\t\t\t\t<\/div>\n\t\t\t\t<\/div>\n\t\t\t\t<div data-pp-wrapper-link=\"{&quot;url&quot;:&quot;https:\\\/\\\/www.medellin.gov.co\\\/irj\\\/go\\\/km\\\/docs\\\/pccdesign\\\/medellin\\\/Temas\\\/NuestroGobierno\\\/InformacionSecretarias\\\/Shared%20Content\\\/Imagenes\\\/2020\\\/Nueva-Estructura-Administrativa-Alcaldia-Medelliin.jpg&quot;,&quot;is_external&quot;:&quot;&quot;,&quot;nofollow&quot;:&quot;&quot;}\" class=\"pp-wrapper-link bdt-element-link elementor-element elementor-element-05a96df elementor-widget elementor-widget-image\" data-ep-wrapper-link=\"{&quot;url&quot;:&quot;https:\\\/\\\/www.medellin.gov.co\\\/es\\\/wp-content\\\/uploads\\\/2024\\\/06\\\/Organigrama-Distrital-2024.jpg&quot;,&quot;is_external&quot;:&quot;&quot;,&quot;nofollow&quot;:&quot;&quot;,&quot;custom_attributes&quot;:&quot;&quot;}\" style=\"cursor: pointer\" data-id=\"05a96df\" data-element_type=\"widget\" data-widget_type=\"image.default\">\n\t\t\t\t<div class=\"elementor-widget-container\">\n\t\t\t\t\t\t\t\t<div class=\"elementor-image\">\n\t\t\t\t\t\t\t\t\t\t\t\t\t<a href=\"https:\/\/www.medellin.gov.co\/es\/wp-content\/uploads\/2024\/08\/estructura_administrativa.jpg\" target=\"_blank\">\n\t\t\t\t\t\t\t<img width=\"1280\" height=\"1008\" src=\"https:\/\/www.medellin.gov.co\/es\/wp-content\/uploads\/2024\/08\/estructura_administrativa.jpg\" class=\"attachment-full size-full\" alt=\"\" loading=\"lazy\" srcset=\"https:\/\/www.medellin.gov.co\/es\/wp-content\/uploads\/2024\/08\/estructura_administrativa.jpg 1280w, https:\/\/www.medellin.gov.co\/es\/wp-content\/uploads\/2024\/08\/estructura_administrativa-300x236.jpg 300w, https:\/\/www.medellin.gov.co\/es\/wp-content\/uploads\/2024\/08\/estructura_administrativa-1024x806.jpg 1024w, https:\/\/www.medellin.gov.co\/es\/wp-content\/uploads\/2024\/08\/estructura_administrativa-150x118.jpg 150w, https:\/\/www.medellin.gov.co\/es\/wp-content\/uploads\/2024\/08\/estructura_administrativa-768x605.jpg 768w\" sizes=\"(max-width: 1280px) 100vw, 1280px\" \/>\t\t\t\t\t\t\t\t<\/a>\n\t\t\t\t\t\t\t\t\t\t\t\t\t\t<\/div>\n\t\t\t\t\t\t<\/div>\n\t\t\t\t<\/div>\n\t\t\t\t<div class=\"elementor-element elementor-element-96936a7 elementor-tablet-align-left elementor-mobile-align-center elementor-hidden-mobile elementor-hidden-desktop elementor-hidden-tablet elementor-widget elementor-widget-button\" data-id=\"96936a7\" data-element_type=\"widget\" data-widget_type=\"button.default\">\n\t\t\t\t<div class=\"elementor-widget-container\">\n\t\t\t\t\t<div class=\"elementor-button-wrapper\">\n\t\t\t<a href=\"https:\/\/www.medellin.gov.co\/es\/wp-content\/uploads\/2022\/11\/Organigrama-2.png\" target=\"_blank\" class=\"elementor-button-link elementor-button elementor-size-sm\" role=\"button\">\n\t\t\t\t\t\t<span class=\"elementor-button-content-wrapper\">\n\t\t\t\t\t\t<span class=\"elementor-button-text\">Descarga este gr\u00e1fico en formato JPG<\/span>\n\t\t<\/span>\n\t\t\t\t\t<\/a>\n\t\t<\/div>\n\t\t\t\t<\/div>\n\t\t\t\t<\/div>\n\t\t\t\t<div class=\"elementor-element elementor-element-cf79809 elementor-mobile-align-left elementor-hidden-desktop elementor-hidden-tablet elementor-hidden-mobile elementor-widget elementor-widget-button\" data-id=\"cf79809\" data-element_type=\"widget\" data-widget_type=\"button.default\">\n\t\t\t\t<div class=\"elementor-widget-container\">\n\t\t\t\t\t<div class=\"elementor-button-wrapper\">\n\t\t\t<a href=\"https:\/\/www.medellin.gov.co\/es\/wp-content\/uploads\/2022\/11\/Organigrama-2.png\" class=\"elementor-button-link elementor-button elementor-size-sm\" role=\"button\">\n\t\t\t\t\t\t<span class=\"elementor-button-content-wrapper\">\n\t\t\t\t\t\t<span class=\"elementor-button-text\">Descarga este gr\u00e1fico en formato JPG<\/span>\n\t\t<\/span>\n\t\t\t\t\t<\/a>\n\t\t<\/div>\n\t\t\t\t<\/div>\n\t\t\t\t<\/div>\n\t\t\t\t<div class=\"elementor-element elementor-element-9171c8e elementor-tablet-align-left elementor-mobile-align-center elementor-hidden-mobile elementor-widget elementor-widget-button\" data-id=\"9171c8e\" data-element_type=\"widget\" data-widget_type=\"button.default\">\n\t\t\t\t<div class=\"elementor-widget-container\">\n\t\t\t\t\t<div class=\"elementor-button-wrapper\">\n\t\t\t<a href=\"https:\/\/www.medellin.gov.co\/es\/wp-content\/uploads\/2024\/08\/Organigrama-Distrito-Medelli\u0301n-2024.pdf\" target=\"_blank\" class=\"elementor-button-link elementor-button elementor-size-sm\" role=\"button\">\n\t\t\t\t\t\t<span class=\"elementor-button-content-wrapper\">\n\t\t\t\t\t\t<span class=\"elementor-button-text\">Descarga este gr\u00e1fico en formato pdf<\/span>\n\t\t<\/span>\n\t\t\t\t\t<\/a>\n\t\t<\/div>\n\t\t\t\t<\/div>\n\t\t\t\t<\/div>\n\t\t\t\t<div class=\"elementor-element elementor-element-42af419 elementor-mobile-align-left elementor-hidden-desktop elementor-hidden-tablet elementor-widget elementor-widget-button\" data-id=\"42af419\" data-element_type=\"widget\" data-widget_type=\"button.default\">\n\t\t\t\t<div class=\"elementor-widget-container\">\n\t\t\t\t\t<div class=\"elementor-button-wrapper\">\n\t\t\t<a href=\"https:\/\/www.medellin.gov.co\/es\/wp-content\/uploads\/2022\/11\/Organigrama-1.pdf\" class=\"elementor-button-link elementor-button elementor-size-sm\" role=\"button\">\n\t\t\t\t\t\t<span class=\"elementor-button-content-wrapper\">\n\t\t\t\t\t\t<span class=\"elementor-button-text\">Descarga este gr\u00e1fico en formato pdf<\/span>\n\t\t<\/span>\n\t\t\t\t\t<\/a>\n\t\t<\/div>\n\t\t\t\t<\/div>\n\t\t\t\t<\/div>\n\t\t\t\t<div class=\"elementor-element elementor-element-dcfbe5e elementor-widget elementor-widget-heading\" data-id=\"dcfbe5e\" data-element_type=\"widget\" data-widget_type=\"heading.default\">\n\t\t\t\t<div class=\"elementor-widget-container\">\n\t\t\t<h2 class=\"elementor-heading-title elementor-size-default\"><b>Conoce el Modelo Integrado de Planeaci\u00f3n y Gesti\u00f3n (MIPG)<\/b> para entidades p\u00fablicas<\/h2>\t\t<\/div>\n\t\t\t\t<\/div>\n\t\t\t\t<div class=\"elementor-element elementor-element-4ee5dfb elementor-widget elementor-widget-text-editor\" data-id=\"4ee5dfb\" data-element_type=\"widget\" data-widget_type=\"text-editor.default\">\n\t\t\t\t<div class=\"elementor-widget-container\">\n\t\t\t\t\t\t\t\t<div class=\"elementor-text-editor elementor-clearfix\">\n\t\t\t\t<p>MIPG es un marco de referencia dise\u00f1ado para que las entidades identifiquen problem\u00e1ticas, planeen, ejecuten y hagan seguimiento a su gesti\u00f3n para el beneficio del ciudadano. El presente Manual contiene la estructura de MIPG en tres secciones:<\/p>\t\t\t\t\t<\/div>\n\t\t\t\t\t\t<\/div>\n\t\t\t\t<\/div>\n\t\t\t\t<div class=\"elementor-element elementor-element-dd38d3f elementor-widget elementor-widget-text-editor\" data-id=\"dd38d3f\" data-element_type=\"widget\" data-widget_type=\"text-editor.default\">\n\t\t\t\t<div class=\"elementor-widget-container\">\n\t\t\t\t\t\t\t\t<div class=\"elementor-text-editor elementor-clearfix\">\n\t\t\t\t<ul><li><strong>Primera parte:<\/strong> Sintetiza de manera integral los aspectos conceptuales de MIPG.<\/li><li><strong>Segunda parte:<\/strong> Se presenta la estrategia de cambio cultural que acompa\u00f1ar\u00e1 los principales pasos que deben seguir las entidades para implementar el Modelo.<\/li><li><strong>Tercera parte:<\/strong> Se describe el alcance de cada una de las dimensiones y pol\u00edticas de gesti\u00f3n y desempe\u00f1o institucional de MIPG, los aspectos m\u00ednimos para su implementaci\u00f3n y los atributos de calidad.<\/li><\/ul><p><strong>\u00bfQuieres saber m\u00e1s sobre el MIPG?<\/strong> Entra al micrositio de esta estrategia y encuentre informaci\u00f3n normativa y t\u00e9cnica de inter\u00e9s para las entidades, los servidores p\u00fablicos y los ciudadanos. <a href=\"http:\/\/www.funcionpublica.gov.co\/eva\/mipg\/index.html\">Ir al MIPG<\/a><\/p>\t\t\t\t\t<\/div>\n\t\t\t\t\t\t<\/div>\n\t\t\t\t<\/div>\n\t\t\t\t<div class=\"elementor-element elementor-element-db18c1b elementor-widget elementor-widget-heading\" data-id=\"db18c1b\" data-element_type=\"widget\" data-widget_type=\"heading.default\">\n\t\t\t\t<div class=\"elementor-widget-container\">\n\t\t\t<h3 class=\"elementor-heading-title elementor-size-default\">Enlaces de inter\u00e9s sobre el MIPG<\/h3>\t\t<\/div>\n\t\t\t\t<\/div>\n\t\t\t\t<div class=\"elementor-element elementor-element-9415437 elementor-widget elementor-widget-text-editor\" data-id=\"9415437\" data-element_type=\"widget\" data-widget_type=\"text-editor.default\">\n\t\t\t\t<div class=\"elementor-widget-container\">\n\t\t\t\t\t\t\t\t<div class=\"elementor-text-editor elementor-clearfix\">\n\t\t\t\t<p><a href=\"https:\/\/www.medellin.gov.co\/es\/wp-content\/uploads\/2025\/04\/2024-12-18_Manual_operativo_mipg_6V-publicada.pdf\" target=\"_blank\" rel=\"noopener\">Manual operativo Modelo Integrado de Planeaci\u00f3n y Gesti\u00f3n &#8211; MIPG.<\/a><\/p><p><a href=\"https:\/\/www.medellin.gov.co\/es\/wp-content\/uploads\/2025\/04\/Gaceta-Oficial-5274.pdf\" target=\"_blank\" rel=\"noopener\">Decreto 854 de 2023 (octubre 06). Por medio del cual se conforma el Comit\u00e9 Institucional de Gesti\u00f3n y Desempe\u00f1o y se derogan unas disposiciones contrarias<\/a>.<\/p><p><a href=\"https:\/\/www.medellin.gov.co\/irj\/go\/km\/docs\/pccdesign\/medellin\/Temas\/NuestroGobierno\/Publicaciones\/Shared%20Content\/Documentos\/2019\/577%20comite%20institucional%20coordinaci%C3%B3n%20control%20Interno.pdf\" target=\"_blank\" rel=\"noopener\">Decreto 0577 de 2018. Por el cual se crea y se conforma el Comit\u00e9 Institucional de Coordinaci\u00f3n de Control Interno de la Administraci\u00f3n Central del Municipio de Medell\u00edn.<\/a><\/p><p><a href=\"https:\/\/www.medellin.gov.co\/irj\/go\/km\/docs\/pccdesign\/medellin\/Temas\/NuestroGobierno\/Publicaciones\/Shared%20Content\/Documentos\/2019\/735%20Comit%C3%A9%20Municipal%20Gestion%20y%20Desemp.pdf\" target=\"_blank\" rel=\"noopener\">Decreto 0735 de 2018. Por el cual se conforma el Comit\u00e9 Municipal de Gesti\u00f3n y Desempe\u00f1o del Municipio de Medell\u00edn.<\/a><\/p><p><a href=\"https:\/\/www.medellin.gov.co\/irj\/go\/km\/docs\/pccdesign\/medellin\/Temas\/AtencionCiudadana\/Publicaciones\/Shared%20Content\/Documentos\/2019\/DECRETO1499_11SEPTIEMBRE_2017.pdf\" target=\"_blank\" rel=\"noopener\">Decreto 1499 de 2017. Por medio del cual se modifica el Decreto 1083 de 2015. Decreto \u00danico Reglamentario del Sector Funci\u00f3n P\u00fablica en lo relacionado con el Sistema de Gesti\u00f3n<\/a><\/p><p><a href=\"https:\/\/www.medellin.gov.co\/normograma\/docs\/astrea\/docs\/d_alcamed_0883_2015.htm\" target=\"_blank\" rel=\"noopener\">Decreto 883 de 2015. Por el cual se adec\u00faa la Estructura de la Administraci\u00f3n Municipal de Medell\u00edn, las funciones de sus organismos, dependencias y entidades descentralizadas, se modifican unas entidades descentralizadas y se dictan otras disposiciones.<\/a><\/p>\t\t\t\t\t<\/div>\n\t\t\t\t\t\t<\/div>\n\t\t\t\t<\/div>\n\t\t\t\t\t\t<\/div>\n\t\t\t\t\t<\/div>\n\t\t<\/div>\n\t\t\t\t\t\t\t\t<\/div>\n\t\t\t\t\t<\/div>\n\t\t<\/section>\n\t\t\t\t\t\t\t\t\t<\/div>\n\t\t\t<\/div>\n\t\t\t\t\t<\/div>\n\t\t","protected":false},"excerpt":{"rendered":"<p>Organigrama de la Alcald\u00eda de Medell\u00edn Encuentra aqu\u00ed c\u00f3mo est\u00e1 organizada la estructura administrativa del Municipio de Medell\u00edn. Documentos a tener en cuenta Gaceta No. 4756: Contiene el Decreto 0863 de 2020, por el cual &#8230;<\/p>\n","protected":false},"author":1,"featured_media":7628,"parent":0,"menu_order":205,"comment_status":"closed","ping_status":"closed","template":"vistas-homes-elementor\/homes-elementor.php","meta":[],"acf":[],"_links":{"self":[{"href":"https:\/\/www.medellin.gov.co\/es\/wp-json\/wp\/v2\/pages\/23105"}],"collection":[{"href":"https:\/\/www.medellin.gov.co\/es\/wp-json\/wp\/v2\/pages"}],"about":[{"href":"https:\/\/www.medellin.gov.co\/es\/wp-json\/wp\/v2\/types\/page"}],"author":[{"embeddable":true,"href":"https:\/\/www.medellin.gov.co\/es\/wp-json\/wp\/v2\/users\/1"}],"replies":[{"embeddable":true,"href":"https:\/\/www.medellin.gov.co\/es\/wp-json\/wp\/v2\/comments?post=23105"}],"version-history":[{"count":10,"href":"https:\/\/www.medellin.gov.co\/es\/wp-json\/wp\/v2\/pages\/23105\/revisions"}],"predecessor-version":[{"id":404385,"href":"https:\/\/www.medellin.gov.co\/es\/wp-json\/wp\/v2\/pages\/23105\/revisions\/404385"}],"wp:featuredmedia":[{"embeddable":true,"href":"https:\/\/www.medellin.gov.co\/es\/wp-json\/wp\/v2\/media\/7628"}],"wp:attachment":[{"href":"https:\/\/www.medellin.gov.co\/es\/wp-json\/wp\/v2\/media?parent=23105"}],"curies":[{"name":"wp","href":"https:\/\/api.w.org\/{rel}","templated":true}]}}