{"id":23109,"date":"2021-10-21T11:19:25","date_gmt":"2021-10-21T16:19:25","guid":{"rendered":"https:\/\/www.medellin.gov.co\/es\/?page_id=23109"},"modified":"2024-03-04T11:10:37","modified_gmt":"2024-03-04T16:10:37","slug":"nuestro-alcalde","status":"publish","type":"page","link":"https:\/\/www.medellin.gov.co\/es\/nuestro-alcalde\/","title":{"rendered":"Perfil de nuestro Alcalde distrital"},"content":{"rendered":"\t\t<div data-elementor-type=\"wp-page\" data-elementor-id=\"23109\" class=\"elementor elementor-23109\">\n\t\t\t\t\t\t<div class=\"elementor-inner\">\n\t\t\t\t<div class=\"elementor-section-wrap\">\n\t\t\t\t\t\t\t\t\t<section class=\"elementor-section elementor-top-section elementor-element elementor-element-3b7b8647 elementor-section-boxed elementor-section-height-default elementor-section-height-default\" data-id=\"3b7b8647\" data-element_type=\"section\">\n\t\t\t\t\t\t<div class=\"elementor-container elementor-column-gap-default\">\n\t\t\t\t\t\t\t<div class=\"elementor-row\">\n\t\t\t\t\t<div class=\"elementor-column elementor-col-100 elementor-top-column elementor-element elementor-element-3179c694\" data-id=\"3179c694\" data-element_type=\"column\">\n\t\t\t<div class=\"elementor-column-wrap elementor-element-populated\">\n\t\t\t\t\t\t\t<div class=\"elementor-widget-wrap\">\n\t\t\t\t\t\t<div class=\"elementor-element elementor-element-2e4003af elementor-widget elementor-widget-heading\" data-id=\"2e4003af\" data-element_type=\"widget\" data-widget_type=\"heading.default\">\n\t\t\t\t<div class=\"elementor-widget-container\">\n\t\t\t<h1 class=\"elementor-heading-title elementor-size-default\">Nuestro Alcalde<\/h1>\t\t<\/div>\n\t\t\t\t<\/div>\n\t\t\t\t<div class=\"elementor-element elementor-element-5d4d5dc elementor-widget elementor-widget-heading\" data-id=\"5d4d5dc\" data-element_type=\"widget\" data-widget_type=\"heading.default\">\n\t\t\t\t<div class=\"elementor-widget-container\">\n\t\t\t<h2 class=\"elementor-heading-title elementor-size-default\"><b>Perfil<\/b> de Federico Andr\u00e9s Guti\u00e9rrez Zuluaga<\/h2>\t\t<\/div>\n\t\t\t\t<\/div>\n\t\t\t\t<section class=\"elementor-section elementor-inner-section elementor-element elementor-element-f7acdc4 elementor-section-boxed elementor-section-height-default elementor-section-height-default\" data-id=\"f7acdc4\" data-element_type=\"section\">\n\t\t\t\t\t\t<div class=\"elementor-container elementor-column-gap-default\">\n\t\t\t\t\t\t\t<div class=\"elementor-row\">\n\t\t\t\t\t<div class=\"elementor-column elementor-col-50 elementor-inner-column elementor-element elementor-element-3eed552\" data-id=\"3eed552\" data-element_type=\"column\">\n\t\t\t<div class=\"elementor-column-wrap elementor-element-populated\">\n\t\t\t\t\t\t\t<div class=\"elementor-widget-wrap\">\n\t\t\t\t\t\t<div class=\"elementor-element elementor-element-fa2d2e9 elementor-widget elementor-widget-heading\" data-id=\"fa2d2e9\" data-element_type=\"widget\" data-widget_type=\"heading.default\">\n\t\t\t\t<div class=\"elementor-widget-container\">\n\t\t\t<h3 class=\"elementor-heading-title elementor-size-default\">Alcalde de Medell\u00edn <\/h3>\t\t<\/div>\n\t\t\t\t<\/div>\n\t\t\t\t<div class=\"elementor-element elementor-element-c642dcc elementor-widget elementor-widget-heading\" data-id=\"c642dcc\" data-element_type=\"widget\" data-widget_type=\"heading.default\">\n\t\t\t\t<div class=\"elementor-widget-container\">\n\t\t\t<h4 class=\"elementor-heading-title elementor-size-default\">Federico Andr\u00e9s Guti\u00e9rrez Zuluaga<\/h4>\t\t<\/div>\n\t\t\t\t<\/div>\n\t\t\t\t<div class=\"elementor-element elementor-element-be9a243 elementor-widget elementor-widget-text-editor\" data-id=\"be9a243\" data-element_type=\"widget\" data-widget_type=\"text-editor.default\">\n\t\t\t\t<div class=\"elementor-widget-container\">\n\t\t\t\t\t\t\t\t<div class=\"elementor-text-editor elementor-clearfix\">\n\t\t\t\t<p><a href=\"mailto:federico.gutierrez@medellin.gov.co\">federico.gutierrez@medellin.gov.co<\/a><\/p><div class=\"elementor-element elementor-element-0c254c5 elementor-widget elementor-widget-text-editor\" data-id=\"0c254c5\" data-element_type=\"widget\" data-widget_type=\"text-editor.default\"><div class=\"elementor-widget-container\"><div class=\"elementor-text-editor elementor-clearfix\"><div class=\"page\" title=\"Page 1\"><div class=\"layoutArea\"><div class=\"column\"><p>Fue Alcalde de Medell\u00edn, entre 2016 y 2019; el primero elegido por firmas ciudadanas y no por un partido pol\u00edtico tradicional. Gobern\u00f3 desde las calles, caminando y escuchando a la gente. Enfrent\u00f3 con determinaci\u00f3n las estructuras criminales y la corrupci\u00f3n, y realiz\u00f3 la inversi\u00f3n m\u00e1s alta de la historia en educaci\u00f3n, empleo y emprendimiento.<\/p><p>Es un convencido de que la instituci\u00f3n m\u00e1s importante de la sociedad es la familia, y por eso su rol m\u00e1s importante lo desempe\u00f1a todos los d\u00edas junto a su esposa Margarita: ser el pap\u00e1 de Emilio y Pedro.<\/p><p>Es ingeniero civil de la Universidad de Medell\u00edn, y especialista en alta gerencia y ciencias pol\u00edticas de la Universidad Pontificia Bolivariana. Durante ocho a\u00f1os fue, tambi\u00e9n, Concejal de Medell\u00edn.<\/p><p>Fund\u00f3 el partido Creemos, una declaraci\u00f3n de esperanza y confianza para el presente y futuro del pa\u00eds. Un partido pol\u00edtico alternativo, con preocupaciones cotidianas y profundas, y con un inmenso deseo de unir el pa\u00eds desde las regiones.<\/p><p>Considera la pol\u00edtica una vocaci\u00f3n orientada al servicio de la gente y a mejorar su calidad de vida.<\/p><\/div><\/div><\/div><\/div><\/div><\/div><p>Calle 44 N 52 \u2013 165<br \/>CAM \u2013 piso 12<br \/>(57+4) 385 5555 ext. 5209<\/p>\t\t\t\t\t<\/div>\n\t\t\t\t\t\t<\/div>\n\t\t\t\t<\/div>\n\t\t\t\t<div class=\"elementor-element elementor-element-b59e45c elementor-tablet-align-left elementor-mobile-align-center elementor-hidden-mobile elementor-widget elementor-widget-button\" data-id=\"b59e45c\" data-element_type=\"widget\" data-widget_type=\"button.default\">\n\t\t\t\t<div class=\"elementor-widget-container\">\n\t\t\t\t\t<div class=\"elementor-button-wrapper\">\n\t\t\t<a href=\"https:\/\/www.funcionpublica.gov.co\/web\/sigep\/hdv\/-\/directorio\/S1723632-0426-4\/view\" target=\"_blank\" class=\"elementor-button-link elementor-button elementor-size-sm\" role=\"button\">\n\t\t\t\t\t\t<span class=\"elementor-button-content-wrapper\">\n\t\t\t\t\t\t<span class=\"elementor-button-text\">Ver hoja de vida en el SIGEP <\/span>\n\t\t<\/span>\n\t\t\t\t\t<\/a>\n\t\t<\/div>\n\t\t\t\t<\/div>\n\t\t\t\t<\/div>\n\t\t\t\t<div class=\"elementor-element elementor-element-0c9b0df elementor-mobile-align-left elementor-hidden-desktop elementor-hidden-tablet elementor-widget elementor-widget-button\" data-id=\"0c9b0df\" data-element_type=\"widget\" data-widget_type=\"button.default\">\n\t\t\t\t<div class=\"elementor-widget-container\">\n\t\t\t\t\t<div class=\"elementor-button-wrapper\">\n\t\t\t<a href=\"https:\/\/www.funcionpublica.gov.co\/web\/sigep\/hdv\/-\/directorio\/S1535606-0426-4\/view\" class=\"elementor-button-link elementor-button elementor-size-sm\" role=\"button\">\n\t\t\t\t\t\t<span class=\"elementor-button-content-wrapper\">\n\t\t\t\t\t\t<span class=\"elementor-button-text\">Ver hoja de vida en el SIGEP <\/span>\n\t\t<\/span>\n\t\t\t\t\t<\/a>\n\t\t<\/div>\n\t\t\t\t<\/div>\n\t\t\t\t<\/div>\n\t\t\t\t<div class=\"elementor-element elementor-element-b5de624 elementor-mobile-align-left elementor-hidden-desktop elementor-hidden-tablet elementor-widget elementor-widget-button\" data-id=\"b5de624\" data-element_type=\"widget\" data-widget_type=\"button.default\">\n\t\t\t\t<div class=\"elementor-widget-container\">\n\t\t\t\t\t<div class=\"elementor-button-wrapper\">\n\t\t\t<a href=\"https:\/\/www.funcionpublica.gov.co\/fdci\/consultaCiudadana\" class=\"elementor-button-link elementor-button elementor-size-sm\" role=\"button\">\n\t\t\t\t\t\t<span class=\"elementor-button-content-wrapper\">\n\t\t\t\t\t\t<span class=\"elementor-button-text\">Ver Declaraci\u00f3n de bienes y rentas y conflictos de inter\u00e9s<\/span>\n\t\t<\/span>\n\t\t\t\t\t<\/a>\n\t\t<\/div>\n\t\t\t\t<\/div>\n\t\t\t\t<\/div>\n\t\t\t\t\t\t<\/div>\n\t\t\t\t\t<\/div>\n\t\t<\/div>\n\t\t\t\t<div class=\"elementor-column elementor-col-50 elementor-inner-column elementor-element elementor-element-4a3b905\" data-id=\"4a3b905\" data-element_type=\"column\">\n\t\t\t<div class=\"elementor-column-wrap elementor-element-populated\">\n\t\t\t\t\t\t\t<div class=\"elementor-widget-wrap\">\n\t\t\t\t\t\t<div class=\"elementor-element elementor-element-c9cc34f elementor-widget elementor-widget-image\" data-id=\"c9cc34f\" data-element_type=\"widget\" data-widget_type=\"image.default\">\n\t\t\t\t<div class=\"elementor-widget-container\">\n\t\t\t\t\t\t\t\t<div class=\"elementor-image\">\n\t\t\t\t\t\t\t\t\t\t\t\t<img width=\"800\" height=\"600\" src=\"https:\/\/www.medellin.gov.co\/es\/wp-content\/uploads\/2023\/12\/Federico_Gutierrez_a.jpg\" class=\"attachment-full size-full\" alt=\"Federico Andr\u00e9s Guti\u00e9rrez Zuluaga\" loading=\"lazy\" srcset=\"https:\/\/www.medellin.gov.co\/es\/wp-content\/uploads\/2023\/12\/Federico_Gutierrez_a.jpg 800w, https:\/\/www.medellin.gov.co\/es\/wp-content\/uploads\/2023\/12\/Federico_Gutierrez_a-300x225.jpg 300w, https:\/\/www.medellin.gov.co\/es\/wp-content\/uploads\/2023\/12\/Federico_Gutierrez_a-150x113.jpg 150w, https:\/\/www.medellin.gov.co\/es\/wp-content\/uploads\/2023\/12\/Federico_Gutierrez_a-768x576.jpg 768w\" sizes=\"(max-width: 800px) 100vw, 800px\" \/>\t\t\t\t\t\t\t\t\t\t\t\t\t\t<\/div>\n\t\t\t\t\t\t<\/div>\n\t\t\t\t<\/div>\n\t\t\t\t\t\t<\/div>\n\t\t\t\t\t<\/div>\n\t\t<\/div>\n\t\t\t\t\t\t\t\t<\/div>\n\t\t\t\t\t<\/div>\n\t\t<\/section>\n\t\t\t\t<div class=\"elementor-element elementor-element-95a47d5 elementor-tablet-align-left elementor-mobile-align-center elementor-hidden-mobile elementor-widget elementor-widget-button\" data-id=\"95a47d5\" data-element_type=\"widget\" data-widget_type=\"button.default\">\n\t\t\t\t<div class=\"elementor-widget-container\">\n\t\t\t\t\t<div class=\"elementor-button-wrapper\">\n\t\t\t<a href=\"https:\/\/www.funcionpublica.gov.co\/fdci\/consultaCiudadana\/index?tipoPersonaId=25&#038;primerNombre=federico+&#038;segundoNombre=andr%C3%A9s&#038;primerApellido=gutierrez+&#038;segundoApellido=zuluaga&#038;numeroDocumento=&#038;entidad=&#038;fechaFinalizacionDesde=&#038;fechaFinalizacionHasta=&#038;find=Buscar#resultadosBusqueda\" target=\"_blank\" class=\"elementor-button-link elementor-button elementor-size-sm\" role=\"button\">\n\t\t\t\t\t\t<span class=\"elementor-button-content-wrapper\">\n\t\t\t\t\t\t<span class=\"elementor-button-text\">Ver Declaraci\u00f3n de bienes y rentas y conflictos de inter\u00e9s<\/span>\n\t\t<\/span>\n\t\t\t\t\t<\/a>\n\t\t<\/div>\n\t\t\t\t<\/div>\n\t\t\t\t<\/div>\n\t\t\t\t<div class=\"elementor-element elementor-element-a1fc4a9 elementor-widget elementor-widget-heading\" data-id=\"a1fc4a9\" data-element_type=\"widget\" data-widget_type=\"heading.default\">\n\t\t\t\t<div class=\"elementor-widget-container\">\n\t\t\t<h2 class=\"elementor-heading-title elementor-size-default\"><b>Funciones del Alcalde<\/b> de Medell\u00edn<\/h2>\t\t<\/div>\n\t\t\t\t<\/div>\n\t\t\t\t<div class=\"elementor-element elementor-element-d3a9194 elementor-widget elementor-widget-text-editor\" data-id=\"d3a9194\" data-element_type=\"widget\" data-widget_type=\"text-editor.default\">\n\t\t\t\t<div class=\"elementor-widget-container\">\n\t\t\t\t\t\t\t\t<div class=\"elementor-text-editor elementor-clearfix\">\n\t\t\t\t<p>Seg\u00fan el art\u00edculo 315 de la Constituci\u00f3n Pol\u00edtica de Colombia en su cap\u00edtulo 3, del r\u00e9gimen municipal, se establecen como atribuciones del alcalde:<\/p>\t\t\t\t\t<\/div>\n\t\t\t\t\t\t<\/div>\n\t\t\t\t<\/div>\n\t\t\t\t<div class=\"elementor-element elementor-element-81f3f15 elementor-widget elementor-widget-text-editor\" data-id=\"81f3f15\" data-element_type=\"widget\" data-widget_type=\"text-editor.default\">\n\t\t\t\t<div class=\"elementor-widget-container\">\n\t\t\t\t\t\t\t\t<div class=\"elementor-text-editor elementor-clearfix\">\n\t\t\t\t<ol><li>Cumplir y hacer cumplir la Constituci\u00f3n, la ley, los decretos del gobierno, las ordenanzas, y los acuerdos del concejo.<\/li><li>Conservar el orden p\u00fablico en el municipio, de conformidad con la ley y las instrucciones y \u00f3rdenes que reciba del Presidente de la Rep\u00fablica y del respectivo gobernador. El alcalde es la primera autoridad de polic\u00eda del municipio. La Polic\u00eda Nacional cumplir\u00e1 con prontitud y diligencia las \u00f3rdenes que le imparta el alcalde por conducto del respectivo comandante.<\/li><li>Dirigir la acci\u00f3n administrativa del municipio; asegurar el cumplimiento de las funciones y la prestaci\u00f3n de los servicios a su cargo; representarlo judicial y extrajudicialmente; y nombrar y remover a los funcionarios bajo su dependencia y a los gerentes o directores de los establecimientos p\u00fablicos y las empresas industriales o comerciales de car\u00e1cter local, de acuerdo con las disposiciones pertinentes.<\/li><li>Suprimir o fusionar entidades y dependencias municipales, de conformidad con los acuerdos respectivos.<\/li><li>Presentar oportunamente al Concejo los proyectos de acuerdo sobre planes y programas de desarrollo econ\u00f3mico y social, obras p\u00fablicas, presupuesto anual de rentas y gastos y los dem\u00e1s que estime convenientes para la buena marcha del municipio.<\/li><li>Sancionar y promulgar los acuerdos que hubiere aprobado el Concejo y objetar los que considere inconvenientes o contrarios al ordenamiento jur\u00eddico.<\/li><li>Crear, suprimir o fusionar los empleos de sus dependencias, se\u00f1alarles funciones especiales y fijar sus emolumentos con arreglo a los acuerdos correspondientes.<\/li><\/ol>\t\t\t\t\t<\/div>\n\t\t\t\t\t\t<\/div>\n\t\t\t\t<\/div>\n\t\t\t\t\t\t<\/div>\n\t\t\t\t\t<\/div>\n\t\t<\/div>\n\t\t\t\t\t\t\t\t<\/div>\n\t\t\t\t\t<\/div>\n\t\t<\/section>\n\t\t\t\t<section class=\"elementor-section elementor-top-section elementor-element elementor-element-5ae8620a elementor-section-boxed elementor-section-height-default elementor-section-height-default\" data-id=\"5ae8620a\" data-element_type=\"section\">\n\t\t\t\t\t\t<div class=\"elementor-container elementor-column-gap-default\">\n\t\t\t\t\t\t\t<div class=\"elementor-row\">\n\t\t\t\t\t<div class=\"elementor-column elementor-col-100 elementor-top-column elementor-element elementor-element-43d33cc7\" data-id=\"43d33cc7\" data-element_type=\"column\">\n\t\t\t<div class=\"elementor-column-wrap elementor-element-populated\">\n\t\t\t\t\t\t\t<div class=\"elementor-widget-wrap\">\n\t\t\t\t\t\t<div class=\"elementor-element elementor-element-3abeb30b elementor-blockquote--skin-boxed elementor-blockquote--align-center elementor-blockquote--button-color-official elementor-widget elementor-widget-blockquote\" data-id=\"3abeb30b\" data-element_type=\"widget\" data-widget_type=\"blockquote.default\">\n\t\t\t\t<div class=\"elementor-widget-container\">\n\t\t\t\t\t<blockquote class=\"elementor-blockquote\">\n\t\t\t<p class=\"elementor-blockquote__content\">\n\t\t\t\tNo podr\u00e1 crear obligaciones que excedan el monto global fijado para gastos de personal en el presupuesto inicialmente aprobado.\t\t\t<\/p>\n\t\t\t\t\t<\/blockquote>\n\t\t\t\t<\/div>\n\t\t\t\t<\/div>\n\t\t\t\t<div class=\"elementor-element elementor-element-62bbfc42 elementor-view-default elementor-widget elementor-widget-icon\" data-id=\"62bbfc42\" data-element_type=\"widget\" data-widget_type=\"icon.default\">\n\t\t\t\t<div class=\"elementor-widget-container\">\n\t\t\t\t\t<div class=\"elementor-icon-wrapper\">\n\t\t\t<div class=\"elementor-icon\">\n\t\t\t<i aria-hidden=\"true\" class=\"fas fa-quote-right\"><\/i>\t\t\t<\/div>\n\t\t<\/div>\n\t\t\t\t<\/div>\n\t\t\t\t<\/div>\n\t\t\t\t\t\t<\/div>\n\t\t\t\t\t<\/div>\n\t\t<\/div>\n\t\t\t\t\t\t\t\t<\/div>\n\t\t\t\t\t<\/div>\n\t\t<\/section>\n\t\t\t\t<section class=\"elementor-section elementor-top-section elementor-element elementor-element-45cef816 elementor-section-boxed elementor-section-height-default elementor-section-height-default\" data-id=\"45cef816\" data-element_type=\"section\">\n\t\t\t\t\t\t<div class=\"elementor-container elementor-column-gap-default\">\n\t\t\t\t\t\t\t<div class=\"elementor-row\">\n\t\t\t\t\t<div class=\"elementor-column elementor-col-100 elementor-top-column elementor-element elementor-element-79c309e4\" data-id=\"79c309e4\" data-element_type=\"column\">\n\t\t\t<div class=\"elementor-column-wrap elementor-element-populated\">\n\t\t\t\t\t\t\t<div class=\"elementor-widget-wrap\">\n\t\t\t\t\t\t<div class=\"elementor-element elementor-element-ba8eefb elementor-widget elementor-widget-text-editor\" data-id=\"ba8eefb\" data-element_type=\"widget\" data-widget_type=\"text-editor.default\">\n\t\t\t\t<div class=\"elementor-widget-container\">\n\t\t\t\t\t\t\t\t<div class=\"elementor-text-editor elementor-clearfix\">\n\t\t\t\t<ol start=\"8\">\n \t<li>Colaborar con el Concejo para el buen desempe\u00f1o de sus funciones, presentarle informes generales sobre su administraci\u00f3n y convocarlo a sesiones extraordinarias, en las que s\u00f3lo se ocupar\u00e1 de los temas y materias para los cuales fue citado.<\/li>\n \t<li>Ordenar los gastos municipales de acuerdo con el plan de inversi\u00f3n y el presupuesto.<\/li>\n \t<li>Las dem\u00e1s que la Constituci\u00f3n y la ley le se\u00f1alen.<\/li>\n<\/ol>\t\t\t\t\t<\/div>\n\t\t\t\t\t\t<\/div>\n\t\t\t\t<\/div>\n\t\t\t\t<div class=\"elementor-element elementor-element-8a983fb elementor-widget elementor-widget-text-editor\" data-id=\"8a983fb\" data-element_type=\"widget\" data-widget_type=\"text-editor.default\">\n\t\t\t\t<div class=\"elementor-widget-container\">\n\t\t\t\t\t\t\t\t<div class=\"elementor-text-editor elementor-clearfix\">\n\t\t\t\t<p><strong>Direcci\u00f3n:<\/strong> Calle 44 N\u00b0 52 \u2013 165 Centro Administrativo La Alpujarra \/ Piso 12.<\/p>\t\t\t\t\t<\/div>\n\t\t\t\t\t\t<\/div>\n\t\t\t\t<\/div>\n\t\t\t\t\t\t<\/div>\n\t\t\t\t\t<\/div>\n\t\t<\/div>\n\t\t\t\t\t\t\t\t<\/div>\n\t\t\t\t\t<\/div>\n\t\t<\/section>\n\t\t\t\t<section class=\"elementor-section elementor-top-section elementor-element elementor-element-e213e7f elementor-section-boxed elementor-section-height-default elementor-section-height-default\" data-id=\"e213e7f\" data-element_type=\"section\">\n\t\t\t\t\t\t<div class=\"elementor-container elementor-column-gap-default\">\n\t\t\t\t\t\t\t<div class=\"elementor-row\">\n\t\t\t\t\t<div class=\"elementor-column elementor-col-100 elementor-top-column elementor-element elementor-element-1567fb0\" data-id=\"1567fb0\" data-element_type=\"column\">\n\t\t\t<div class=\"elementor-column-wrap elementor-element-populated\">\n\t\t\t\t\t\t\t<div class=\"elementor-widget-wrap\">\n\t\t\t\t\t\t<div class=\"elementor-element elementor-element-df6f684 elementor-widget elementor-widget-pp-faq\" data-id=\"df6f684\" data-element_type=\"widget\" data-settings=\"{&quot;faq_layout&quot;:&quot;accordion&quot;,&quot;accordion_type&quot;:&quot;accordion&quot;,&quot;toggle_speed&quot;:300}\" data-widget_type=\"pp-faq.default\">\n\t\t\t\t<div class=\"elementor-widget-container\">\n\t\t\t\t\t<div class=\"pp-faqs pp-advanced-accordion pp-toggle-icon-align-left\" id=\"pp-advanced-accordion-df6f684\" data-accordion-id=\"df6f684\">\n\t\t\t\t\t\t<div class=\"pp-faq-item-wrap elementor-grid-item\">\n\t\t\t\t<div class=\"pp-faq-item pp-accordion-item\">\n\t\t\t\t\t<div id=\"pp-accordion-tab-title-2341\" class=\"pp-faq-question pp-accordion-tab-title\" tabindex=\"2341\" data-tab=\"1\">\n\t\t\t\t\t\t<div class=\"pp-accordion-title-icon\">\n\t\t\t\t\t\t\t\t\t\t\t\t\t\t\t\t\t\t\t\t\t<div class=\"pp-accordion-title-text\">\n\t\t\t\t\t\t\t\tExalcalde Daniel Quintero Calle periodo 01-01-2020 | 30-09-2023\t\t\t\t\t\t\t<\/div>\n\t\t\t\t\t\t<\/div>\n\t\t\t\t\t\t\t\t\t\t\t\t\t<div class=\"pp-accordion-toggle-icon\">\n\t\t\t\t\t\t\t\t\t\t\t\t\t\t\t\t\t<span class='pp-accordion-toggle-icon-close pp-icon'>\n\t\t\t\t\t\t\t\t\t\t<i aria-hidden=\"true\" class=\"fas fa-plus\"><\/i>\t\t\t\t\t\t\t\t\t<\/span>\n\t\t\t\t\t\t\t\t\t\t\t\t\t\t\t\t\t\t\t\t\t\t\t\t\t<span class='pp-accordion-toggle-icon-open pp-icon'>\n\t\t\t\t\t\t\t\t\t\t<i aria-hidden=\"true\" class=\"fas fa-minus\"><\/i>\t\t\t\t\t\t\t\t\t<\/span>\n\t\t\t\t\t\t\t\t\t\t\t\t\t\t\t<\/div>\n\t\t\t\t\t\t\t\t\t\t\t<\/div>\n\n\t\t\t\t\t<div id=\"pp-accordion-tab-content-2341\" class=\"pp-faq-answer pp-accordion-tab-content\" data-tab=\"1\">\n\t\t\t\t\t\t<p>Para el alcalde Daniel Quintero, la educaci\u00f3n siempre ha sido el camino para lograr lo que se quiere. Es por eso que a los catorce a\u00f1os empez\u00f3 a estudiar en la universidad. Sin embargo, un suceso cambi\u00f3 su proyecto de vida: su madre, cabeza de hogar, falleci\u00f3.<\/p>\n<p><em>Como muchos colombianos, tuvo que retirarse y dedicarse a trabajar. Durante esta \u00e9poca tuvo varios oficios como mensajero, vendedor de postres, profesor de matem\u00e1ticas y m\u00e1s.<\/em><\/p>\n<p>A los diecis\u00e9is a\u00f1os, Daniel Quintero intent\u00f3 por segunda vez comenzar una carrera, pero debido al costo de la matr\u00edcula, le fue imposible. Solo hasta los 17 a\u00f1os logr\u00f3 ingresar a la Universidad de Antioquia y estudiar all\u00ed Ingenier\u00eda Electr\u00f3nica gracias a una beca. Para entonces, ya se gestaba en \u00e9l la idea de liderar grandes cambios.<\/p>\n<p>Al poco tiempo de haberse graduado, fund\u00f3 una empresa de software llamada Intrasoft S.A. que, despu\u00e9s de varias ca\u00eddas, logr\u00f3 tener \u00e9xito por su innovaci\u00f3n y creatividad. Gracias a este emprendimiento que ofrec\u00eda servicios tecnol\u00f3gicos comerciales, pudo costearse los estudios que vendr\u00edan.<\/p>\n<p>Es as\u00ed como comenzar\u00eda a prepararse para servirle al pa\u00eds estudiando en las mejores universidades de Colombia y el mundo. Daniel Quintero se convirti\u00f3 en mag\u00edster en Administraci\u00f3n de Negocios (MBA) de Boston University, realiz\u00f3 un curso para l\u00edderes globales en Administraci\u00f3n de Finanzas P\u00fablicas en Harvard Kennedy School of Government, y, adem\u00e1s, se gradu\u00f3 como especialista en Finanzas en la Universidad de los Andes. En la actualidad, se encuentra terminando una especializaci\u00f3n en Gobierno y Gesti\u00f3n P\u00fablica en la Universidad Pontificia Javeriana.<\/p>\n<p>Para el 2012, cre\u00f3 la fundaci\u00f3n Piensa Verde, con la que realiz\u00f3 propuestas ambientales y multitudinarias jornadas de siembra que inspiraron a miles de personas en todo el pa\u00eds y el mundo. En aquel a\u00f1o, lograron sembrar un mill\u00f3n de \u00e1rboles en el departamento y otros sitios de Latinoam\u00e9rica.<\/p>\n<p><em>En el 2015 fue nombrado como director de iNNpulsa Colombia donde, en conjunto con su equipo, lograron transformar su entidad y convertirla en un referente del desarrollo empresarial en Am\u00e9rica Latina, tal como lo afirm\u00f3 el Banco Mundial.<\/em><\/p>\n<p>Posteriormente, en el Ministerio de Tecnolog\u00edas de la Informaci\u00f3n y las Telecomunicaciones ejerci\u00f3 como viceministro. All\u00ed, cre\u00f3 el primer Viceministerio de Econom\u00eda Digital de Am\u00e9rica Latina, con lo que lograron conectar al pa\u00eds. Durante ese tiempo, su trabajo se enfoc\u00f3 en que millones de colombianos en cada rinc\u00f3n del pa\u00eds se apropiaran de la tecnolog\u00eda.<\/p>\n<p>En aquel tiempo, apoy\u00f3 la investigaci\u00f3n de avanzada con los Centros de Inteligencia Artificial, Bigdata e Internet de las Cosas. Tambi\u00e9n lider\u00f3 los procesos de transformaci\u00f3n y planeaci\u00f3n de las comunidades alrededor de modelos de ciudades inteligentes. As\u00ed, miles de peque\u00f1as y medianas empresas recibieron apoyo para aprovechar el poder de la tecnolog\u00eda en la creaci\u00f3n de riqueza para la naci\u00f3n.<\/p>\n<p>Por lo anterior, Daniel Quintero recibi\u00f3 varios reconocimientos entre los que se cuentan la Orden Carlos Lemos Simmonds a la transparencia, la democracia y el desarrollo social y la medalla San Gabriel Arc\u00e1ngel por parte del Ej\u00e9rcito Nacional. Tambi\u00e9n fue seleccionado por el Gobierno del Reino Unido como uno de los l\u00edderes m\u00e1s sobresalientes de Am\u00e9rica Latina para participar del prestigioso programa de liderazgo ILP (International Leaders Programme), el cual re\u00fane a l\u00edderes de diferentes culturas, religiones y trasfondos socioecon\u00f3micos del mundo.<\/p>\n<p>Luego, en el 2019, se lanz\u00f3 como candidato a la Alcald\u00eda de Medell\u00edn con el movimiento Independientes bajo el lema de no tener ni jefes ni partidos pol\u00edticos. El 27 de octubre fue escogido como alcalde con 304.034 votos, el mayor apoyo en la historia de la ciudad. Su programa de Gobierno se enfoc\u00f3 en dar un salto hacia la Ecociudad, recuperar lo social y convertir a Medell\u00edn en un Valle del Software, una ciudad de oportunidades para todos y todas.<\/p>\n\t\t\t\t\t<\/div>\n\t\t\t\t<\/div>\n\t\t\t<\/div>\n\t\t\t\t\t<\/div>\n\t\t\t\t<\/div>\n\t\t\t\t<\/div>\n\t\t\t\t\t\t<\/div>\n\t\t\t\t\t<\/div>\n\t\t<\/div>\n\t\t\t\t\t\t\t\t<\/div>\n\t\t\t\t\t<\/div>\n\t\t<\/section>\n\t\t\t\t\t\t\t\t\t<\/div>\n\t\t\t<\/div>\n\t\t\t\t\t<\/div>\n\t\t","protected":false},"excerpt":{"rendered":"<p>Nuestro Alcalde Perfil de Daniel Quintero Calle Alcalde de Medell\u00edn Daniel Quintero Calle daniel.quintero@medellin.gov.co Ingeniero electr\u00f3nico de la Universidad de Antioquia. Mag\u00edster en Administraci\u00f3n de Negocios de la Universidad de Boston y especialista en Finanzas &#8230;<\/p>\n","protected":false},"author":1,"featured_media":7628,"parent":0,"menu_order":220,"comment_status":"closed","ping_status":"closed","template":"vistas-homes-elementor\/homes-elementor.php","meta":[],"acf":[],"_links":{"self":[{"href":"https:\/\/www.medellin.gov.co\/es\/wp-json\/wp\/v2\/pages\/23109"}],"collection":[{"href":"https:\/\/www.medellin.gov.co\/es\/wp-json\/wp\/v2\/pages"}],"about":[{"href":"https:\/\/www.medellin.gov.co\/es\/wp-json\/wp\/v2\/types\/page"}],"author":[{"embeddable":true,"href":"https:\/\/www.medellin.gov.co\/es\/wp-json\/wp\/v2\/users\/1"}],"replies":[{"embeddable":true,"href":"https:\/\/www.medellin.gov.co\/es\/wp-json\/wp\/v2\/comments?post=23109"}],"version-history":[{"count":10,"href":"https:\/\/www.medellin.gov.co\/es\/wp-json\/wp\/v2\/pages\/23109\/revisions"}],"predecessor-version":[{"id":298405,"href":"https:\/\/www.medellin.gov.co\/es\/wp-json\/wp\/v2\/pages\/23109\/revisions\/298405"}],"wp:featuredmedia":[{"embeddable":true,"href":"https:\/\/www.medellin.gov.co\/es\/wp-json\/wp\/v2\/media\/7628"}],"wp:attachment":[{"href":"https:\/\/www.medellin.gov.co\/es\/wp-json\/wp\/v2\/media?parent=23109"}],"curies":[{"name":"wp","href":"https:\/\/api.w.org\/{rel}","templated":true}]}}