{"id":246349,"date":"2023-09-07T11:52:50","date_gmt":"2023-09-07T16:52:50","guid":{"rendered":"https:\/\/www.medellin.gov.co\/es\/?page_id=246349"},"modified":"2026-03-09T16:01:08","modified_gmt":"2026-03-09T21:01:08","slug":"plan-decenal-de-cultura-de-medellin","status":"publish","type":"page","link":"https:\/\/www.medellin.gov.co\/es\/secretaria-cultura-ciudadana\/nos-mueve-la-cultura\/sistema-municipal-de-cultura\/plan-decenal-de-cultura-de-medellin\/","title":{"rendered":"Plan de Cultura de Medell\u00edn"},"content":{"rendered":"\t\t<div data-elementor-type=\"wp-page\" data-elementor-id=\"246349\" class=\"elementor elementor-246349\">\n\t\t\t\t\t\t<div class=\"elementor-inner\">\n\t\t\t\t<div class=\"elementor-section-wrap\">\n\t\t\t\t\t\t\t\t\t<section class=\"elementor-section elementor-top-section elementor-element elementor-element-6c33a36 elementor-section-boxed elementor-section-height-default elementor-section-height-default\" data-id=\"6c33a36\" data-element_type=\"section\">\n\t\t\t\t\t\t<div class=\"elementor-container elementor-column-gap-default\">\n\t\t\t\t\t\t\t<div class=\"elementor-row\">\n\t\t\t\t\t<div class=\"elementor-column elementor-col-100 elementor-top-column elementor-element elementor-element-5af2b4c\" data-id=\"5af2b4c\" data-element_type=\"column\">\n\t\t\t<div class=\"elementor-column-wrap elementor-element-populated\">\n\t\t\t\t\t\t\t<div class=\"elementor-widget-wrap\">\n\t\t\t\t\t\t<div class=\"elementor-element elementor-element-cc728dc elementor-widget elementor-widget-heading\" data-id=\"cc728dc\" data-element_type=\"widget\" data-widget_type=\"heading.default\">\n\t\t\t\t<div class=\"elementor-widget-container\">\n\t\t\t<h1 class=\"elementor-heading-title elementor-size-default\">Plan de Cultura 2023 - 2033<\/h1>\t\t<\/div>\n\t\t\t\t<\/div>\n\t\t\t\t<section class=\"elementor-section elementor-inner-section elementor-element elementor-element-977b11f elementor-section-boxed elementor-section-height-default elementor-section-height-default\" data-id=\"977b11f\" data-element_type=\"section\">\n\t\t\t\t\t\t<div class=\"elementor-container elementor-column-gap-default\">\n\t\t\t\t\t\t\t<div class=\"elementor-row\">\n\t\t\t\t\t<div class=\"elementor-column elementor-col-50 elementor-inner-column elementor-element elementor-element-8dc093e\" data-id=\"8dc093e\" data-element_type=\"column\">\n\t\t\t<div class=\"elementor-column-wrap elementor-element-populated\">\n\t\t\t\t\t\t\t<div class=\"elementor-widget-wrap\">\n\t\t\t\t\t\t<div class=\"elementor-element elementor-element-ce72c56 elementor-widget elementor-widget-text-editor\" data-id=\"ce72c56\" data-element_type=\"widget\" data-widget_type=\"text-editor.default\">\n\t\t\t\t<div class=\"elementor-widget-container\">\n\t\t\t\t\t\t\t\t<div class=\"elementor-text-editor elementor-clearfix\">\n\t\t\t\t<p>El Plan de Cultura es una pol\u00edtica que contribuye al desarrollo humano integral de la sociedad. En este contexto, el Plan de Cultura del Distrito de Medell\u00edn se establecer\u00e1 como una pol\u00edtica cultural y p\u00fablica que dar\u00e1 un horizonte para la pr\u00f3xima d\u00e9cada. Este instrumento de planificaci\u00f3n posibilitar\u00e1 la aplicaci\u00f3n de los derechos culturales y el reconocimiento de las diferentes poblaciones que cohabitan en la ciudad, as\u00ed como el fomento de un di\u00e1logo intercultural permanente que proyecte las diversidades, la riquezas culturales, art\u00edsticas y patrimoniales.<\/p><p><em>Es un compromiso con el futuro, una hoja de ruta que guiar\u00e1 la inversi\u00f3n en cultura, la formaci\u00f3n de nuevos talentos, la preservaci\u00f3n del patrimonio y la promoci\u00f3n de la diversidad cultural en la ciudad.<\/em><\/p>\t\t\t\t\t<\/div>\n\t\t\t\t\t\t<\/div>\n\t\t\t\t<\/div>\n\t\t\t\t\t\t<\/div>\n\t\t\t\t\t<\/div>\n\t\t<\/div>\n\t\t\t\t<div class=\"elementor-column elementor-col-50 elementor-inner-column elementor-element elementor-element-81c278b\" data-id=\"81c278b\" data-element_type=\"column\">\n\t\t\t<div class=\"elementor-column-wrap elementor-element-populated\">\n\t\t\t\t\t\t\t<div class=\"elementor-widget-wrap\">\n\t\t\t\t\t\t<div class=\"elementor-element elementor-element-976f3b7 elementor-aspect-ratio-169 elementor-widget elementor-widget-video\" data-id=\"976f3b7\" data-element_type=\"widget\" data-settings=\"{&quot;youtube_url&quot;:&quot;https:\\\/\\\/youtu.be\\\/Dt6yr04nobs&quot;,&quot;video_type&quot;:&quot;youtube&quot;,&quot;controls&quot;:&quot;yes&quot;,&quot;aspect_ratio&quot;:&quot;169&quot;}\" data-widget_type=\"video.default\">\n\t\t\t\t<div class=\"elementor-widget-container\">\n\t\t\t\t\t<div class=\"elementor-wrapper elementor-fit-aspect-ratio elementor-open-inline\">\n\t\t\t<div class=\"elementor-video\"><\/div>\t\t<\/div>\n\t\t\t\t<\/div>\n\t\t\t\t<\/div>\n\t\t\t\t\t\t<\/div>\n\t\t\t\t\t<\/div>\n\t\t<\/div>\n\t\t\t\t\t\t\t\t<\/div>\n\t\t\t\t\t<\/div>\n\t\t<\/section>\n\t\t\t\t<div class=\"elementor-element elementor-element-44c25d6 elementor-widget elementor-widget-heading\" data-id=\"44c25d6\" data-element_type=\"widget\" data-widget_type=\"heading.default\">\n\t\t\t\t<div class=\"elementor-widget-container\">\n\t\t\t<h2 class=\"elementor-heading-title elementor-size-default\"><b>\u00bfC\u00f3mo hemos<\/b> construido el Plan de Cultura?<\/h2>\t\t<\/div>\n\t\t\t\t<\/div>\n\t\t\t\t<section class=\"elementor-section elementor-inner-section elementor-element elementor-element-e8aac6d elementor-section-boxed elementor-section-height-default elementor-section-height-default\" data-id=\"e8aac6d\" data-element_type=\"section\">\n\t\t\t\t\t\t<div class=\"elementor-container elementor-column-gap-default\">\n\t\t\t\t\t\t\t<div class=\"elementor-row\">\n\t\t\t\t\t<div class=\"elementor-column elementor-col-50 elementor-inner-column elementor-element elementor-element-d1b3242\" data-id=\"d1b3242\" data-element_type=\"column\">\n\t\t\t<div class=\"elementor-column-wrap elementor-element-populated\">\n\t\t\t\t\t\t\t<div class=\"elementor-widget-wrap\">\n\t\t\t\t\t\t<div class=\"elementor-element elementor-element-316d69f elementor-widget elementor-widget-text-editor\" data-id=\"316d69f\" data-element_type=\"widget\" data-widget_type=\"text-editor.default\">\n\t\t\t\t<div class=\"elementor-widget-container\">\n\t\t\t\t\t\t\t\t<div class=\"elementor-text-editor elementor-clearfix\">\n\t\t\t\t<p>Lo hemos construido de manera participativa y siguiendo una metodolog\u00eda que tiene como base la consulta y el acompa\u00f1amiento de los diferentes sectores de la ciudadan\u00eda: culturales, investigativos, art\u00edsticos y acad\u00e9micos, poblaci\u00f3n LGBTIQ+, mujeres, afros, ind\u00edgenas, juventudes, discapacidad, territorios. Para esta este camino participativo se cont\u00f3 con la alianza estrat\u00e9gica del Consejo Distrital al de Cultura. La ruta metodol\u00f3gica cont\u00f3 con cinco fases: aprestamiento, diagn\u00f3stico, formulaci\u00f3n, retroalimentaci\u00f3n y socializaci\u00f3n que posibilitaron la creaci\u00f3n del Plan de Cultura 2023-2033. Medell\u00edn, territorios de vida: cultura que habita su presente e imagina su futuro.<\/p>\t\t\t\t\t<\/div>\n\t\t\t\t\t\t<\/div>\n\t\t\t\t<\/div>\n\t\t\t\t\t\t<\/div>\n\t\t\t\t\t<\/div>\n\t\t<\/div>\n\t\t\t\t<div class=\"elementor-column elementor-col-50 elementor-inner-column elementor-element elementor-element-3e6404b\" data-id=\"3e6404b\" data-element_type=\"column\">\n\t\t\t<div class=\"elementor-column-wrap elementor-element-populated\">\n\t\t\t\t\t\t\t<div class=\"elementor-widget-wrap\">\n\t\t\t\t\t\t<div class=\"elementor-element elementor-element-0e95fc1 elementor-widget elementor-widget-image\" data-id=\"0e95fc1\" data-element_type=\"widget\" data-widget_type=\"image.default\">\n\t\t\t\t<div class=\"elementor-widget-container\">\n\t\t\t\t\t\t\t\t<div class=\"elementor-image\">\n\t\t\t\t\t\t\t\t\t\t\t\t<img width=\"1024\" height=\"573\" src=\"https:\/\/www.medellin.gov.co\/es\/wp-content\/uploads\/2023\/09\/Construccion-del-PDC-1024x573.jpg\" class=\"attachment-large size-large\" alt=\"Grupo de ideaci\u00f3n del Plan Decenal\" loading=\"lazy\" srcset=\"https:\/\/www.medellin.gov.co\/es\/wp-content\/uploads\/2023\/09\/Construccion-del-PDC-1024x573.jpg 1024w, https:\/\/www.medellin.gov.co\/es\/wp-content\/uploads\/2023\/09\/Construccion-del-PDC-300x168.jpg 300w, https:\/\/www.medellin.gov.co\/es\/wp-content\/uploads\/2023\/09\/Construccion-del-PDC-150x84.jpg 150w, https:\/\/www.medellin.gov.co\/es\/wp-content\/uploads\/2023\/09\/Construccion-del-PDC-768x430.jpg 768w, https:\/\/www.medellin.gov.co\/es\/wp-content\/uploads\/2023\/09\/Construccion-del-PDC.jpg 1282w\" sizes=\"(max-width: 1024px) 100vw, 1024px\" \/>\t\t\t\t\t\t\t\t\t\t\t\t\t\t<\/div>\n\t\t\t\t\t\t<\/div>\n\t\t\t\t<\/div>\n\t\t\t\t\t\t<\/div>\n\t\t\t\t\t<\/div>\n\t\t<\/div>\n\t\t\t\t\t\t\t\t<\/div>\n\t\t\t\t\t<\/div>\n\t\t<\/section>\n\t\t<div class=\"elementor-element elementor-element-e25ec52 e-container--column e-container\" data-id=\"e25ec52\" data-element_type=\"container\">\t\t\t\t<div class=\"elementor-element elementor-element-b8c5c90 elementor-widget elementor-widget-heading\" data-id=\"b8c5c90\" data-element_type=\"widget\" data-widget_type=\"heading.default\">\n\t\t\t\t<div class=\"elementor-widget-container\">\n\t\t\t<h2 class=\"elementor-heading-title elementor-size-default\"><b>P\u00f3dcast<\/b> Plan de Cultura<\/h2>\t\t<\/div>\n\t\t\t\t<\/div>\n\t\t<\/div>\t\t<section class=\"elementor-section elementor-inner-section elementor-element elementor-element-a8df909 elementor-section-boxed elementor-section-height-default elementor-section-height-default\" data-id=\"a8df909\" data-element_type=\"section\">\n\t\t\t\t\t\t<div class=\"elementor-container elementor-column-gap-default\">\n\t\t\t\t\t\t\t<div class=\"elementor-row\">\n\t\t\t\t\t<div class=\"elementor-column elementor-col-50 elementor-inner-column elementor-element elementor-element-3c7f77d\" data-id=\"3c7f77d\" data-element_type=\"column\">\n\t\t\t<div class=\"elementor-column-wrap elementor-element-populated\">\n\t\t\t\t\t\t\t<div class=\"elementor-widget-wrap\">\n\t\t\t\t\t\t<div class=\"elementor-element elementor-element-87ef2c2 elementor-widget elementor-widget-text-editor\" data-id=\"87ef2c2\" data-element_type=\"widget\" data-widget_type=\"text-editor.default\">\n\t\t\t\t<div class=\"elementor-widget-container\">\n\t\t\t\t\t\t\t\t<div class=\"elementor-text-editor elementor-clearfix\">\n\t\t\t\t<p>Estos episodios son una traves\u00eda sonora por las artes y la cultura en Medell\u00edn, un viaje que dar\u00e1 cuenta de c\u00f3mo se mueve y nos mueve la cultura en los territorios en las voces de sus protagonistas y c\u00f3mo su participaci\u00f3n fue fundamental en la construcci\u00f3n de un Plan de Cultura en Medell\u00edn.<\/p>\t\t\t\t\t<\/div>\n\t\t\t\t\t\t<\/div>\n\t\t\t\t<\/div>\n\t\t\t\t<div class=\"elementor-element elementor-element-e0276b6 elementor-tablet-align-left elementor-mobile-align-center elementor-widget elementor-widget-button\" data-id=\"e0276b6\" data-element_type=\"widget\" data-widget_type=\"button.default\">\n\t\t\t\t<div class=\"elementor-widget-container\">\n\t\t\t\t\t<div class=\"elementor-button-wrapper\">\n\t\t\t<a href=\"https:\/\/open.spotify.com\/show\/1ucoz4FuMF4JPsDQjAYk6O\" target=\"_blank\" class=\"elementor-button-link elementor-button elementor-size-sm\" role=\"button\">\n\t\t\t\t\t\t<span class=\"elementor-button-content-wrapper\">\n\t\t\t\t\t\t<span class=\"elementor-button-text\">Escucha todos los episodios<\/span>\n\t\t<\/span>\n\t\t\t\t\t<\/a>\n\t\t<\/div>\n\t\t\t\t<\/div>\n\t\t\t\t<\/div>\n\t\t\t\t\t\t<\/div>\n\t\t\t\t\t<\/div>\n\t\t<\/div>\n\t\t\t\t<div class=\"elementor-column elementor-col-50 elementor-inner-column elementor-element elementor-element-9513205\" data-id=\"9513205\" data-element_type=\"column\">\n\t\t\t<div class=\"elementor-column-wrap elementor-element-populated\">\n\t\t\t\t\t\t\t<div class=\"elementor-widget-wrap\">\n\t\t\t\t\t\t<div class=\"elementor-element elementor-element-22230e6 elementor-widget elementor-widget-image\" data-id=\"22230e6\" data-element_type=\"widget\" data-widget_type=\"image.default\">\n\t\t\t\t<div class=\"elementor-widget-container\">\n\t\t\t\t\t\t\t\t<div class=\"elementor-image\">\n\t\t\t\t\t\t\t\t\t\t\t\t<img width=\"751\" height=\"422\" src=\"https:\/\/www.medellin.gov.co\/es\/wp-content\/uploads\/2023\/10\/Podcast-Cultura.png\" class=\"attachment-large size-large\" alt=\"Podcast Cultura\" loading=\"lazy\" srcset=\"https:\/\/www.medellin.gov.co\/es\/wp-content\/uploads\/2023\/10\/Podcast-Cultura.png 751w, https:\/\/www.medellin.gov.co\/es\/wp-content\/uploads\/2023\/10\/Podcast-Cultura-300x169.png 300w, https:\/\/www.medellin.gov.co\/es\/wp-content\/uploads\/2023\/10\/Podcast-Cultura-150x84.png 150w\" sizes=\"(max-width: 751px) 100vw, 751px\" \/>\t\t\t\t\t\t\t\t\t\t\t\t\t\t<\/div>\n\t\t\t\t\t\t<\/div>\n\t\t\t\t<\/div>\n\t\t\t\t\t\t<\/div>\n\t\t\t\t\t<\/div>\n\t\t<\/div>\n\t\t\t\t\t\t\t\t<\/div>\n\t\t\t\t\t<\/div>\n\t\t<\/section>\n\t\t\t\t<div class=\"elementor-element elementor-element-9d1645a elementor-widget elementor-widget-heading\" data-id=\"9d1645a\" data-element_type=\"widget\" data-widget_type=\"heading.default\">\n\t\t\t\t<div class=\"elementor-widget-container\">\n\t\t\t<h2 class=\"elementor-heading-title elementor-size-default\"><b>\u00bfQu\u00e9 le vamos<\/b>  a dejar a la ciudad?<\/h2>\t\t<\/div>\n\t\t\t\t<\/div>\n\t\t\t\t<div class=\"elementor-element elementor-element-e934fcc elementor-widget elementor-widget-text-editor\" data-id=\"e934fcc\" data-element_type=\"widget\" data-widget_type=\"text-editor.default\">\n\t\t\t\t<div class=\"elementor-widget-container\">\n\t\t\t\t\t\t\t\t<div class=\"elementor-text-editor elementor-clearfix\">\n\t\t\t\t<p>El Plan de Cultura 2023-2033 le dejar\u00e1 al Distrito de Medell\u00edn una ruta estrat\u00e9gica, planificada de manera participativa, como un instrumento que oriente la aplicaci\u00f3n de los diferentes programas, estrategias, trayectos y ejes para el aporte del crecimiento sociocultural de la ciudad. Al establecer pol\u00edticas y directrices, se fomentar\u00e1 la aplicaci\u00f3n de los derechos culturales de los ciudadanos, de la misma manera, se promover\u00e1 una participaci\u00f3n activa de las diferentes comunidades y grupos que conforman el territorio con sus comunas y corregimientos. Adem\u00e1s de facilitar un di\u00e1logo intercultural constante que reconocer\u00e1 los saberes, la creaci\u00f3n, la intersecci\u00f3n de la cultura con otros campos del conocimiento.<\/p>\t\t\t\t\t<\/div>\n\t\t\t\t\t\t<\/div>\n\t\t\t\t<\/div>\n\t\t\t\t\t\t<\/div>\n\t\t\t\t\t<\/div>\n\t\t<\/div>\n\t\t\t\t\t\t\t\t<\/div>\n\t\t\t\t\t<\/div>\n\t\t<\/section>\n\t\t\t\t<section class=\"elementor-section elementor-top-section elementor-element elementor-element-70655f2 elementor-section-boxed elementor-section-height-default elementor-section-height-default\" data-id=\"70655f2\" data-element_type=\"section\">\n\t\t\t\t\t\t<div class=\"elementor-container elementor-column-gap-default\">\n\t\t\t\t\t\t\t<div class=\"elementor-row\">\n\t\t\t\t\t<div class=\"elementor-column elementor-col-100 elementor-top-column elementor-element elementor-element-50cd3a8\" data-id=\"50cd3a8\" data-element_type=\"column\">\n\t\t\t<div class=\"elementor-column-wrap elementor-element-populated\">\n\t\t\t\t\t\t\t<div class=\"elementor-widget-wrap\">\n\t\t\t\t\t\t<div class=\"elementor-element elementor-element-9db41f3 elementor-arrows-position-outside elementor-pagination-position-outside elementor-widget elementor-widget-image-carousel\" data-id=\"9db41f3\" data-element_type=\"widget\" data-settings=\"{&quot;lazyload&quot;:&quot;yes&quot;,&quot;autoplay&quot;:&quot;no&quot;,&quot;image_spacing_custom&quot;:{&quot;unit&quot;:&quot;px&quot;,&quot;size&quot;:6,&quot;sizes&quot;:[]},&quot;navigation&quot;:&quot;both&quot;,&quot;infinite&quot;:&quot;yes&quot;,&quot;speed&quot;:500}\" data-widget_type=\"image-carousel.default\">\n\t\t\t\t<div class=\"elementor-widget-container\">\n\t\t\t\t\t<div class=\"elementor-image-carousel-wrapper swiper-container\" dir=\"ltr\">\n\t\t\t<div class=\"elementor-image-carousel swiper-wrapper\">\n\t\t\t\t\t\t\t\t<div class=\"swiper-slide\"><a data-elementor-open-lightbox=\"yes\" data-elementor-lightbox-slideshow=\"9db41f3\" data-elementor-lightbox-title=\"Plan Decenal de Cultura\" e-action-hash=\"#elementor-action%3Aaction%3Dlightbox%26settings%3DeyJpZCI6MjQ2MzcwLCJ1cmwiOiJodHRwczpcL1wvd3d3Lm1lZGVsbGluLmdvdi5jb1wvZXNcL3dwLWNvbnRlbnRcL3VwbG9hZHNcLzIwMjNcLzA5XC9QbGFuLURlY2VuYWwtZGUtQ3VsdHVyYS5qcGciLCJzbGlkZXNob3ciOiI5ZGI0MWYzIn0%3D\" href=\"https:\/\/www.medellin.gov.co\/es\/wp-content\/uploads\/2023\/09\/Plan-Decenal-de-Cultura.jpg\"><figure class=\"swiper-slide-inner\"><img class=\"swiper-slide-image swiper-lazy\" data-src=\"https:\/\/www.medellin.gov.co\/es\/wp-content\/uploads\/2023\/09\/Plan-Decenal-de-Cultura-1024x571.jpg\" alt=\"Mesa de trabajo Cultural\" \/><div class=\"swiper-lazy-preloader\"><\/div><\/figure><\/a><\/div><div class=\"swiper-slide\"><a data-elementor-open-lightbox=\"yes\" data-elementor-lightbox-slideshow=\"9db41f3\" data-elementor-lightbox-title=\"Plan Decenal\" e-action-hash=\"#elementor-action%3Aaction%3Dlightbox%26settings%3DeyJpZCI6MjQ2MzY3LCJ1cmwiOiJodHRwczpcL1wvd3d3Lm1lZGVsbGluLmdvdi5jb1wvZXNcL3dwLWNvbnRlbnRcL3VwbG9hZHNcLzIwMjNcLzA5XC9QbGFuLURlY2VuYWwuanBnIiwic2xpZGVzaG93IjoiOWRiNDFmMyJ9\" href=\"https:\/\/www.medellin.gov.co\/es\/wp-content\/uploads\/2023\/09\/Plan-Decenal.jpg\"><figure class=\"swiper-slide-inner\"><img class=\"swiper-slide-image swiper-lazy\" data-src=\"https:\/\/www.medellin.gov.co\/es\/wp-content\/uploads\/2023\/09\/Plan-Decenal-1024x582.jpg\" alt=\"Entrada a auditorio\" \/><div class=\"swiper-lazy-preloader\"><\/div><\/figure><\/a><\/div><div class=\"swiper-slide\"><a data-elementor-open-lightbox=\"yes\" data-elementor-lightbox-slideshow=\"9db41f3\" data-elementor-lightbox-title=\"Construcci\u00f3n del PDC\" e-action-hash=\"#elementor-action%3Aaction%3Dlightbox%26settings%3DeyJpZCI6MjQ2MzY1LCJ1cmwiOiJodHRwczpcL1wvd3d3Lm1lZGVsbGluLmdvdi5jb1wvZXNcL3dwLWNvbnRlbnRcL3VwbG9hZHNcLzIwMjNcLzA5XC9Db25zdHJ1Y2Npb24tZGVsLVBEQy5qcGciLCJzbGlkZXNob3ciOiI5ZGI0MWYzIn0%3D\" href=\"https:\/\/www.medellin.gov.co\/es\/wp-content\/uploads\/2023\/09\/Construccion-del-PDC.jpg\"><figure class=\"swiper-slide-inner\"><img class=\"swiper-slide-image swiper-lazy\" data-src=\"https:\/\/www.medellin.gov.co\/es\/wp-content\/uploads\/2023\/09\/Construccion-del-PDC-1024x573.jpg\" alt=\"Grupo de ideaci\u00f3n del Plan Decenal\" \/><div class=\"swiper-lazy-preloader\"><\/div><\/figure><\/a><\/div><div class=\"swiper-slide\"><a data-elementor-open-lightbox=\"yes\" data-elementor-lightbox-slideshow=\"9db41f3\" data-elementor-lightbox-title=\"Construcci\u00f3n PDC\" e-action-hash=\"#elementor-action%3Aaction%3Dlightbox%26settings%3DeyJpZCI6MjQ2MzYyLCJ1cmwiOiJodHRwczpcL1wvd3d3Lm1lZGVsbGluLmdvdi5jb1wvZXNcL3dwLWNvbnRlbnRcL3VwbG9hZHNcLzIwMjNcLzA5XC9Db25zdHJ1Y2Npb24tUERDLmpwZyIsInNsaWRlc2hvdyI6IjlkYjQxZjMifQ%3D%3D\" href=\"https:\/\/www.medellin.gov.co\/es\/wp-content\/uploads\/2023\/09\/Construccion-PDC.jpg\"><figure class=\"swiper-slide-inner\"><img class=\"swiper-slide-image swiper-lazy\" data-src=\"https:\/\/www.medellin.gov.co\/es\/wp-content\/uploads\/2023\/09\/Construccion-PDC-1024x628.jpg\" alt=\"Adulto escribiendo\" \/><div class=\"swiper-lazy-preloader\"><\/div><\/figure><\/a><\/div><div class=\"swiper-slide\"><a data-elementor-open-lightbox=\"yes\" data-elementor-lightbox-slideshow=\"9db41f3\" data-elementor-lightbox-title=\"Juventudes en el PDC\" e-action-hash=\"#elementor-action%3Aaction%3Dlightbox%26settings%3DeyJpZCI6MjQ2MzU5LCJ1cmwiOiJodHRwczpcL1wvd3d3Lm1lZGVsbGluLmdvdi5jb1wvZXNcL3dwLWNvbnRlbnRcL3VwbG9hZHNcLzIwMjNcLzA5XC9KdXZlbnR1ZGVzLWVuLWVsLVBEQy5qcGciLCJzbGlkZXNob3ciOiI5ZGI0MWYzIn0%3D\" href=\"https:\/\/www.medellin.gov.co\/es\/wp-content\/uploads\/2023\/09\/Juventudes-en-el-PDC.jpg\"><figure class=\"swiper-slide-inner\"><img class=\"swiper-slide-image swiper-lazy\" data-src=\"https:\/\/www.medellin.gov.co\/es\/wp-content\/uploads\/2023\/09\/Juventudes-en-el-PDC-1024x592.jpg\" alt=\"Joven sonriendo\" \/><div class=\"swiper-lazy-preloader\"><\/div><\/figure><\/a><\/div><div class=\"swiper-slide\"><a data-elementor-open-lightbox=\"yes\" data-elementor-lightbox-slideshow=\"9db41f3\" data-elementor-lightbox-title=\"Sesi\u00f3n de ideaci\u00f3n PDC\" e-action-hash=\"#elementor-action%3Aaction%3Dlightbox%26settings%3DeyJpZCI6MjQ2MzU3LCJ1cmwiOiJodHRwczpcL1wvd3d3Lm1lZGVsbGluLmdvdi5jb1wvZXNcL3dwLWNvbnRlbnRcL3VwbG9hZHNcLzIwMjNcLzA5XC9TZXNpb24tZGUtaWRlYWNpb24tUERDLmpwZyIsInNsaWRlc2hvdyI6IjlkYjQxZjMifQ%3D%3D\" href=\"https:\/\/www.medellin.gov.co\/es\/wp-content\/uploads\/2023\/09\/Sesion-de-ideacion-PDC.jpg\"><figure class=\"swiper-slide-inner\"><img class=\"swiper-slide-image swiper-lazy\" data-src=\"https:\/\/www.medellin.gov.co\/es\/wp-content\/uploads\/2023\/09\/Sesion-de-ideacion-PDC-1024x550.jpg\" alt=\"Mesa de ideaci\u00f3n en grupo\" \/><div class=\"swiper-lazy-preloader\"><\/div><\/figure><\/a><\/div><div class=\"swiper-slide\"><a data-elementor-open-lightbox=\"yes\" data-elementor-lightbox-slideshow=\"9db41f3\" data-elementor-lightbox-title=\"Actores del PDC\" e-action-hash=\"#elementor-action%3Aaction%3Dlightbox%26settings%3DeyJpZCI6MjQ2MzU2LCJ1cmwiOiJodHRwczpcL1wvd3d3Lm1lZGVsbGluLmdvdi5jb1wvZXNcL3dwLWNvbnRlbnRcL3VwbG9hZHNcLzIwMjNcLzA5XC9BY3RvcmVzLWRlbC1QREMuanBnIiwic2xpZGVzaG93IjoiOWRiNDFmMyJ9\" href=\"https:\/\/www.medellin.gov.co\/es\/wp-content\/uploads\/2023\/09\/Actores-del-PDC.jpg\"><figure class=\"swiper-slide-inner\"><img class=\"swiper-slide-image swiper-lazy\" data-src=\"https:\/\/www.medellin.gov.co\/es\/wp-content\/uploads\/2023\/09\/Actores-del-PDC-1024x573.jpg\" alt=\"Silletero sonriendo\" \/><div class=\"swiper-lazy-preloader\"><\/div><\/figure><\/a><\/div><div class=\"swiper-slide\"><a data-elementor-open-lightbox=\"yes\" data-elementor-lightbox-slideshow=\"9db41f3\" data-elementor-lightbox-title=\"Sesiones de concertaci\u00f3n PDC\" e-action-hash=\"#elementor-action%3Aaction%3Dlightbox%26settings%3DeyJpZCI6MjQ2MzU1LCJ1cmwiOiJodHRwczpcL1wvd3d3Lm1lZGVsbGluLmdvdi5jb1wvZXNcL3dwLWNvbnRlbnRcL3VwbG9hZHNcLzIwMjNcLzA5XC9TZXNpb25lcy1kZS1jb25jZXJ0YWNpb24tUERDLmpwZyIsInNsaWRlc2hvdyI6IjlkYjQxZjMifQ%3D%3D\" href=\"https:\/\/www.medellin.gov.co\/es\/wp-content\/uploads\/2023\/09\/Sesiones-de-concertacion-PDC.jpg\"><figure class=\"swiper-slide-inner\"><img class=\"swiper-slide-image swiper-lazy\" data-src=\"https:\/\/www.medellin.gov.co\/es\/wp-content\/uploads\/2023\/09\/Sesiones-de-concertacion-PDC-1024x575.jpg\" alt=\"Jovenes participando\" \/><div class=\"swiper-lazy-preloader\"><\/div><\/figure><\/a><\/div>\t\t\t<\/div>\n\t\t\t\t\t\t\t\t\t\t\t\t<div class=\"swiper-pagination\"><\/div>\n\t\t\t\t\t\t\t\t\t\t\t\t\t<div class=\"elementor-swiper-button elementor-swiper-button-prev\">\n\t\t\t\t\t\t<i aria-hidden=\"true\" class=\"eicon-chevron-left\"><\/i>\t\t\t\t\t\t<span class=\"elementor-screen-only\">Anterior<\/span>\n\t\t\t\t\t<\/div>\n\t\t\t\t\t<div class=\"elementor-swiper-button elementor-swiper-button-next\">\n\t\t\t\t\t\t<i aria-hidden=\"true\" class=\"eicon-chevron-right\"><\/i>\t\t\t\t\t\t<span class=\"elementor-screen-only\">Siguiente<\/span>\n\t\t\t\t\t<\/div>\n\t\t\t\t\t\t\t\t\t<\/div>\n\t\t\t\t<\/div>\n\t\t\t\t<\/div>\n\t\t\t\t\t\t<\/div>\n\t\t\t\t\t<\/div>\n\t\t<\/div>\n\t\t\t\t\t\t\t\t<\/div>\n\t\t\t\t\t<\/div>\n\t\t<\/section>\n\t\t\t\t\t\t\t\t\t<\/div>\n\t\t\t<\/div>\n\t\t\t\t\t<\/div>\n\t\t","protected":false},"excerpt":{"rendered":"<p>Plan de Cultura 2023 &#8211; 2033 El Plan de Cultura es una pol\u00edtica que contribuye al desarrollo humano integral de la sociedad. En este contexto, el Plan de Cultura del Distrito de Medell\u00edn se establecer\u00e1 &#8230;<\/p>\n","protected":false},"author":31,"featured_media":193866,"parent":8826,"menu_order":0,"comment_status":"closed","ping_status":"closed","template":"sec-cultura\/elementor.php","meta":[],"acf":[],"_links":{"self":[{"href":"https:\/\/www.medellin.gov.co\/es\/wp-json\/wp\/v2\/pages\/246349"}],"collection":[{"href":"https:\/\/www.medellin.gov.co\/es\/wp-json\/wp\/v2\/pages"}],"about":[{"href":"https:\/\/www.medellin.gov.co\/es\/wp-json\/wp\/v2\/types\/page"}],"author":[{"embeddable":true,"href":"https:\/\/www.medellin.gov.co\/es\/wp-json\/wp\/v2\/users\/31"}],"replies":[{"embeddable":true,"href":"https:\/\/www.medellin.gov.co\/es\/wp-json\/wp\/v2\/comments?post=246349"}],"version-history":[{"count":10,"href":"https:\/\/www.medellin.gov.co\/es\/wp-json\/wp\/v2\/pages\/246349\/revisions"}],"predecessor-version":[{"id":392173,"href":"https:\/\/www.medellin.gov.co\/es\/wp-json\/wp\/v2\/pages\/246349\/revisions\/392173"}],"up":[{"embeddable":true,"href":"https:\/\/www.medellin.gov.co\/es\/wp-json\/wp\/v2\/pages\/8826"}],"wp:featuredmedia":[{"embeddable":true,"href":"https:\/\/www.medellin.gov.co\/es\/wp-json\/wp\/v2\/media\/193866"}],"wp:attachment":[{"href":"https:\/\/www.medellin.gov.co\/es\/wp-json\/wp\/v2\/media?parent=246349"}],"curies":[{"name":"wp","href":"https:\/\/api.w.org\/{rel}","templated":true}]}}