{"id":249205,"date":"2023-09-12T11:28:37","date_gmt":"2023-09-12T16:28:37","guid":{"rendered":"https:\/\/www.medellin.gov.co\/es\/?page_id=249205"},"modified":"2024-07-11T10:46:11","modified_gmt":"2024-07-11T15:46:11","slug":"centro-de-control-de-transito","status":"publish","type":"page","link":"https:\/\/www.medellin.gov.co\/es\/secretaria-de-movilidad\/sistema-inteligente-de-movilidad-de-medellin\/centro-de-control-de-transito\/","title":{"rendered":"Centro de control de tr\u00e1nsito"},"content":{"rendered":"\t\t<div data-elementor-type=\"wp-page\" data-elementor-id=\"249205\" class=\"elementor elementor-249205\">\n\t\t\t\t\t\t<div class=\"elementor-inner\">\n\t\t\t\t<div class=\"elementor-section-wrap\">\n\t\t\t\t\t\t\t<div class=\"elementor-element elementor-element-709a3cb e-container--column e-container\" data-id=\"709a3cb\" data-element_type=\"container\">\t\t\t\t<div class=\"elementor-element elementor-element-20c269f elementor-widget elementor-widget-heading\" data-id=\"20c269f\" data-element_type=\"widget\" data-widget_type=\"heading.default\">\n\t\t\t\t<div class=\"elementor-widget-container\">\n\t\t\t<h1 class=\"elementor-heading-title elementor-size-default\">Centro de control de Tr\u00e1nsito<\/h1>\t\t<\/div>\n\t\t\t\t<\/div>\n\t\t<\/div><div class=\"elementor-element elementor-element-0bb8973 e-container--row e-container\" data-id=\"0bb8973\" data-element_type=\"container\">\t\t<div class=\"elementor-element elementor-element-ac79b70 e-container--column e-container\" data-id=\"ac79b70\" data-element_type=\"container\">\t\t\t\t<div class=\"elementor-element elementor-element-d5244fc elementor-aspect-ratio-169 elementor-widget elementor-widget-video\" data-id=\"d5244fc\" data-element_type=\"widget\" data-settings=\"{&quot;youtube_url&quot;:&quot;https:\\\/\\\/youtu.be\\\/A4BrWrsss84&quot;,&quot;video_type&quot;:&quot;youtube&quot;,&quot;controls&quot;:&quot;yes&quot;,&quot;aspect_ratio&quot;:&quot;169&quot;}\" data-widget_type=\"video.default\">\n\t\t\t\t<div class=\"elementor-widget-container\">\n\t\t\t\t\t<div class=\"elementor-wrapper elementor-fit-aspect-ratio elementor-open-inline\">\n\t\t\t<div class=\"elementor-video\"><\/div>\t\t<\/div>\n\t\t\t\t<\/div>\n\t\t\t\t<\/div>\n\t\t<\/div><div class=\"elementor-element elementor-element-1c67155 e-container--column e-container\" data-id=\"1c67155\" data-element_type=\"container\">\t\t\t\t<div class=\"elementor-element elementor-element-9f6c077 elementor-widget elementor-widget-text-editor\" data-id=\"9f6c077\" data-element_type=\"widget\" data-widget_type=\"text-editor.default\">\n\t\t\t\t<div class=\"elementor-widget-container\">\n\t\t\t\t\t\t\t\t<div class=\"elementor-text-editor elementor-clearfix\">\n\t\t\t\t<p>El Centro de Control de Tr\u00e1nsito (CCT) es el cerebro de la movilidad de Medell\u00edn, pues gracias a la articulaci\u00f3n de tecnolog\u00edas de punta y un equipo humano altamente capacitado, mejora la experiencia de cada actor vial. Desde all\u00ed, las 24 horas del d\u00eda, los 365 del a\u00f1o, se gestiona la atenci\u00f3n de incidentes en el menor tiempo posible, mejorando los tiempos de desplazamiento en los corredores viales de la ciudad.<\/p>\n<p>Este Centro de Control tambi\u00e9n apoya los procesos de planeaci\u00f3n, operaci\u00f3n y an\u00e1lisis de la movilidad, realizando estudios que apoyan a la Secretar\u00eda de Movilidad de Medell\u00edn, en la adopci\u00f3n de pol\u00edticas sostenibles y sustentables.<\/p>\t\t\t\t\t<\/div>\n\t\t\t\t\t\t<\/div>\n\t\t\t\t<\/div>\n\t\t<\/div><\/div><div class=\"elementor-element elementor-element-cad9c4d e-container--column e-container\" data-id=\"cad9c4d\" data-element_type=\"container\">\t\t\t\t<div class=\"elementor-element elementor-element-9c2611c elementor-widget elementor-widget-text-editor\" data-id=\"9c2611c\" data-element_type=\"widget\" data-widget_type=\"text-editor.default\">\n\t\t\t\t<div class=\"elementor-widget-container\">\n\t\t\t\t\t\t\t\t<div class=\"elementor-text-editor elementor-clearfix\">\n\t\t\t\t<p>A trav\u00e9s de esta operaci\u00f3n continuamos aportando al desarrollo de Medell\u00edn como una ciudad inteligente, con la gesti\u00f3n de la movilidad en tiempo real y la informaci\u00f3n de valor agregado para que los ciudadanos y las autoridades puedan tomar mejores decisiones.<br><\/p>\t\t\t\t\t<\/div>\n\t\t\t\t\t\t<\/div>\n\t\t\t\t<\/div>\n\t\t<\/div><div class=\"elementor-element elementor-element-b70b602 e-container--column e-container\" data-id=\"b70b602\" data-element_type=\"container\">\t\t\t\t<div class=\"elementor-element elementor-element-32ae604 elementor-cta--skin-cover elementor-animated-content elementor-bg-transform elementor-bg-transform-zoom-in elementor-widget elementor-widget-call-to-action\" data-id=\"32ae604\" data-element_type=\"widget\" data-widget_type=\"call-to-action.default\">\n\t\t\t\t<div class=\"elementor-widget-container\">\n\t\t\t\t\t<a class=\"elementor-cta\" href=\"https:\/\/forms.office.com\/r\/Pr30dYCZXw\" target=\"_blank\">\n\t\t\t\t\t<div class=\"elementor-cta__bg-wrapper\">\n\t\t\t\t<div class=\"elementor-cta__bg elementor-bg\" style=\"background-image: url(https:\/\/www.medellin.gov.co\/es\/wp-content\/uploads\/2023\/07\/Panoramica-Medellin-1-1024x676.jpg);\"><\/div>\n\t\t\t\t<div class=\"elementor-cta__bg-overlay\"><\/div>\n\t\t\t<\/div>\n\t\t\t\t\t\t\t<div class=\"elementor-cta__content\">\n\t\t\t\t\n\t\t\t\t<h2 class=\"elementor-cta__title elementor-cta__content-item elementor-content-item elementor-animated-item--grow\">\u00bfQuieres conocer el Centro de Control de Tr\u00e1nsito?<\/h2>\n\t\t\t\t\n\t\t\t\t\t\t\t\t\t<div class=\"elementor-cta__button-wrapper elementor-cta__content-item elementor-content-item elementor-animated-item--grow\">\n\t\t\t\t\t<span class=\"elementor-cta__button elementor-button elementor-size-sm\">\n\t\t\t\t\t\tSolicita tu visita aqu\u00ed\t\t\t\t\t<\/span>\n\t\t\t\t\t<\/div>\n\t\t\t\t\t\t\t<\/div>\n\t\t\t\t\t\t<\/a>\n\t\t\t\t<\/div>\n\t\t\t\t<\/div>\n\t\t<\/div>\t\t\t\t\t\t\t<\/div>\n\t\t\t<\/div>\n\t\t\t\t\t<\/div>\n\t\t","protected":false},"excerpt":{"rendered":"<p>Centro de control de Tr\u00e1nsito https:\/\/youtu.be\/A4BrWrsss84 El Centro de Control de Tr\u00e1nsito (CCT) es el cerebro de la movilidad de Medell\u00edn, pues gracias a la articulaci\u00f3n de tecnolog\u00edas de punta y un equipo humano altamente &#8230;<\/p>\n","protected":false},"author":57,"featured_media":242981,"parent":15123,"menu_order":0,"comment_status":"closed","ping_status":"closed","template":"sec-movilidad\/elementor.php","meta":[],"acf":[],"_links":{"self":[{"href":"https:\/\/www.medellin.gov.co\/es\/wp-json\/wp\/v2\/pages\/249205"}],"collection":[{"href":"https:\/\/www.medellin.gov.co\/es\/wp-json\/wp\/v2\/pages"}],"about":[{"href":"https:\/\/www.medellin.gov.co\/es\/wp-json\/wp\/v2\/types\/page"}],"author":[{"embeddable":true,"href":"https:\/\/www.medellin.gov.co\/es\/wp-json\/wp\/v2\/users\/57"}],"replies":[{"embeddable":true,"href":"https:\/\/www.medellin.gov.co\/es\/wp-json\/wp\/v2\/comments?post=249205"}],"version-history":[{"count":10,"href":"https:\/\/www.medellin.gov.co\/es\/wp-json\/wp\/v2\/pages\/249205\/revisions"}],"predecessor-version":[{"id":322338,"href":"https:\/\/www.medellin.gov.co\/es\/wp-json\/wp\/v2\/pages\/249205\/revisions\/322338"}],"up":[{"embeddable":true,"href":"https:\/\/www.medellin.gov.co\/es\/wp-json\/wp\/v2\/pages\/15123"}],"wp:featuredmedia":[{"embeddable":true,"href":"https:\/\/www.medellin.gov.co\/es\/wp-json\/wp\/v2\/media\/242981"}],"wp:attachment":[{"href":"https:\/\/www.medellin.gov.co\/es\/wp-json\/wp\/v2\/media?parent=249205"}],"curies":[{"name":"wp","href":"https:\/\/api.w.org\/{rel}","templated":true}]}}