{"id":250021,"date":"2023-09-13T13:41:15","date_gmt":"2023-09-13T18:41:15","guid":{"rendered":"https:\/\/www.medellin.gov.co\/es\/?page_id=250021"},"modified":"2023-11-20T11:05:36","modified_gmt":"2023-11-20T16:05:36","slug":"circuito-cerrado-de-tv","status":"publish","type":"page","link":"https:\/\/www.medellin.gov.co\/es\/secretaria-de-movilidad\/sistema-inteligente-de-movilidad-de-medellin\/circuito-cerrado-de-tv\/","title":{"rendered":"Circuito cerrado de TV"},"content":{"rendered":"\t\t<div data-elementor-type=\"wp-page\" data-elementor-id=\"250021\" class=\"elementor elementor-250021\">\n\t\t\t\t\t\t<div class=\"elementor-inner\">\n\t\t\t\t<div class=\"elementor-section-wrap\">\n\t\t\t\t\t\t\t<div class=\"elementor-element elementor-element-a2d84df e-container--column e-container\" data-id=\"a2d84df\" data-element_type=\"container\">\t\t\t\t<div class=\"elementor-element elementor-element-34b4509 elementor-widget elementor-widget-heading\" data-id=\"34b4509\" data-element_type=\"widget\" data-widget_type=\"heading.default\">\n\t\t\t\t<div class=\"elementor-widget-container\">\n\t\t\t<h1 class=\"elementor-heading-title elementor-size-default\">Circuito cerrado de televisi\u00f3n<\/h1>\t\t<\/div>\n\t\t\t\t<\/div>\n\t\t<\/div><div class=\"elementor-element elementor-element-d119621 e-container--row e-container\" data-id=\"d119621\" data-element_type=\"container\">\t\t<div class=\"elementor-element elementor-element-238a9c2 e-container--column e-container\" data-id=\"238a9c2\" data-element_type=\"container\">\t\t\t\t<div class=\"elementor-element elementor-element-acc8096 elementor-aspect-ratio-169 elementor-widget elementor-widget-video\" data-id=\"acc8096\" data-element_type=\"widget\" data-settings=\"{&quot;youtube_url&quot;:&quot;https:\\\/\\\/youtu.be\\\/ayG6hVkdOB4&quot;,&quot;video_type&quot;:&quot;youtube&quot;,&quot;controls&quot;:&quot;yes&quot;,&quot;aspect_ratio&quot;:&quot;169&quot;}\" data-widget_type=\"video.default\">\n\t\t\t\t<div class=\"elementor-widget-container\">\n\t\t\t\t\t<div class=\"elementor-wrapper elementor-fit-aspect-ratio elementor-open-inline\">\n\t\t\t<div class=\"elementor-video\"><\/div>\t\t<\/div>\n\t\t\t\t<\/div>\n\t\t\t\t<\/div>\n\t\t<\/div><div class=\"elementor-element elementor-element-fe84f33 e-container--column e-container\" data-id=\"fe84f33\" data-element_type=\"container\">\t\t\t\t<div class=\"elementor-element elementor-element-9f6c077 elementor-widget elementor-widget-text-editor\" data-id=\"9f6c077\" data-element_type=\"widget\" data-widget_type=\"text-editor.default\">\n\t\t\t\t<div class=\"elementor-widget-container\">\n\t\t\t\t\t\t\t\t<div class=\"elementor-text-editor elementor-clearfix\">\n\t\t\t\t<p><b>Est\u00e1 compuesto por 80 c\u00e1maras<\/b>, ubicadas en las v\u00edas principales de la ciudad, de las cuales se tiene operaci\u00f3n completa. Son tipo domo, con zoom de hasta 400 metros y un software que permite analizar las im\u00e1genes para generar datos de tr\u00e1fico: conteo vehicular, toma de velocidades promedio, tasas de ocupaci\u00f3n y clasificaci\u00f3n de los veh\u00edculos de acuerdo con sus tama\u00f1os. Adem\u00e1s, le permiten a la ciudadan\u00eda tener acceso a informaci\u00f3n en tiempo real.<\/p>\n<p>Permite detectar con inmediatez cualquier suceso que pueda afectar la libre circulaci\u00f3n de veh\u00edculos o que ponga en riesgo la vida de cualquier actor vial.&nbsp;<span style=\"color: var( --e-global-color-text ); font-family: var( --e-global-typography-text-font-family ), Sans-serif; font-size: var( --e-global-typography-text-font-size ); font-weight: var( --e-global-typography-text-font-weight ); text-align: var(--text-align);\">Sumadas, a estas 80 c\u00e1maras, el circuito completo permite la visualizaci\u00f3n de m\u00e1s de 800 dispositivos de la ESU (Empresa de Seguridad Urbana) para el cuidado de la vida en la v\u00eda.&nbsp;<\/span><\/p>\t\t\t\t\t<\/div>\n\t\t\t\t\t\t<\/div>\n\t\t\t\t<\/div>\n\t\t<\/div><\/div><div class=\"elementor-element elementor-element-b70b602 e-container--column e-container\" data-id=\"b70b602\" data-element_type=\"container\">\t\t\t\t<div class=\"elementor-element elementor-element-32ae604 elementor-cta--skin-cover elementor-animated-content elementor-bg-transform elementor-bg-transform-zoom-in elementor-widget elementor-widget-call-to-action\" data-id=\"32ae604\" data-element_type=\"widget\" data-widget_type=\"call-to-action.default\">\n\t\t\t\t<div class=\"elementor-widget-container\">\n\t\t\t\t\t<a class=\"elementor-cta\" href=\"https:\/\/www.medellin.gov.co\/SIMM\/mapas\/?map=camarasCctv\">\n\t\t\t\t\t<div class=\"elementor-cta__bg-wrapper\">\n\t\t\t\t<div class=\"elementor-cta__bg elementor-bg\" style=\"background-image: url(https:\/\/www.medellin.gov.co\/es\/wp-content\/uploads\/2023\/09\/cctv-1024x435.png);\"><\/div>\n\t\t\t\t<div class=\"elementor-cta__bg-overlay\"><\/div>\n\t\t\t<\/div>\n\t\t\t\t\t\t\t<div class=\"elementor-cta__content\">\n\t\t\t\t\n\t\t\t\t\n\t\t\t\t\n\t\t\t\t\t\t\t\t\t<div class=\"elementor-cta__button-wrapper elementor-cta__content-item elementor-content-item elementor-animated-item--grow\">\n\t\t\t\t\t<span class=\"elementor-cta__button elementor-button elementor-size-sm\">\n\t\t\t\t\t\tConoce la ubicaci\u00f3n de las c\u00e1maras aqu\u00ed\t\t\t\t\t<\/span>\n\t\t\t\t\t<\/div>\n\t\t\t\t\t\t\t<\/div>\n\t\t\t\t\t\t<\/a>\n\t\t\t\t<\/div>\n\t\t\t\t<\/div>\n\t\t<\/div>\t\t\t\t\t\t\t<\/div>\n\t\t\t<\/div>\n\t\t\t\t\t<\/div>\n\t\t","protected":false},"excerpt":{"rendered":"<p>Circuito cerrado de televisi\u00f3n https:\/\/youtu.be\/ayG6hVkdOB4 Est\u00e1 compuesto por 80 c\u00e1maras, ubicadas en las v\u00edas principales de la ciudad, de las cuales se tiene operaci\u00f3n completa. Son tipo domo, con zoom de hasta 400 metros y &#8230;<\/p>\n","protected":false},"author":57,"featured_media":243761,"parent":15123,"menu_order":0,"comment_status":"closed","ping_status":"closed","template":"sec-movilidad\/elementor.php","meta":[],"acf":[],"_links":{"self":[{"href":"https:\/\/www.medellin.gov.co\/es\/wp-json\/wp\/v2\/pages\/250021"}],"collection":[{"href":"https:\/\/www.medellin.gov.co\/es\/wp-json\/wp\/v2\/pages"}],"about":[{"href":"https:\/\/www.medellin.gov.co\/es\/wp-json\/wp\/v2\/types\/page"}],"author":[{"embeddable":true,"href":"https:\/\/www.medellin.gov.co\/es\/wp-json\/wp\/v2\/users\/57"}],"replies":[{"embeddable":true,"href":"https:\/\/www.medellin.gov.co\/es\/wp-json\/wp\/v2\/comments?post=250021"}],"version-history":[{"count":10,"href":"https:\/\/www.medellin.gov.co\/es\/wp-json\/wp\/v2\/pages\/250021\/revisions"}],"predecessor-version":[{"id":280370,"href":"https:\/\/www.medellin.gov.co\/es\/wp-json\/wp\/v2\/pages\/250021\/revisions\/280370"}],"up":[{"embeddable":true,"href":"https:\/\/www.medellin.gov.co\/es\/wp-json\/wp\/v2\/pages\/15123"}],"wp:featuredmedia":[{"embeddable":true,"href":"https:\/\/www.medellin.gov.co\/es\/wp-json\/wp\/v2\/media\/243761"}],"wp:attachment":[{"href":"https:\/\/www.medellin.gov.co\/es\/wp-json\/wp\/v2\/media?parent=250021"}],"curies":[{"name":"wp","href":"https:\/\/api.w.org\/{rel}","templated":true}]}}