{"id":250957,"date":"2023-09-14T15:43:36","date_gmt":"2023-09-14T20:43:36","guid":{"rendered":"https:\/\/www.medellin.gov.co\/es\/?page_id=250957"},"modified":"2023-09-26T09:31:47","modified_gmt":"2023-09-26T14:31:47","slug":"web-2-0","status":"publish","type":"page","link":"https:\/\/www.medellin.gov.co\/es\/secretaria-de-movilidad\/sistema-inteligente-de-movilidad-de-medellin\/web-2-0\/","title":{"rendered":"Web 2.0"},"content":{"rendered":"\t\t<div data-elementor-type=\"wp-page\" data-elementor-id=\"250957\" class=\"elementor elementor-250957\">\n\t\t\t\t\t\t<div class=\"elementor-inner\">\n\t\t\t\t<div class=\"elementor-section-wrap\">\n\t\t\t\t\t\t\t<div class=\"elementor-element elementor-element-f30293f e-container--column e-container\" data-id=\"f30293f\" data-element_type=\"container\">\t\t\t\t<div class=\"elementor-element elementor-element-aaaee98 elementor-widget elementor-widget-heading\" data-id=\"aaaee98\" data-element_type=\"widget\" data-widget_type=\"heading.default\">\n\t\t\t\t<div class=\"elementor-widget-container\">\n\t\t\t<h1 class=\"elementor-heading-title elementor-size-default\">Web 2.0 <\/h1>\t\t<\/div>\n\t\t\t\t<\/div>\n\t\t<\/div>\t\t<section class=\"elementor-section elementor-top-section elementor-element elementor-element-37ba9fd elementor-section-stretched elementor-section-boxed elementor-section-height-default elementor-section-height-default\" data-id=\"37ba9fd\" data-element_type=\"section\" data-settings=\"{&quot;stretch_section&quot;:&quot;section-stretched&quot;}\">\n\t\t\t\t\t\t<div class=\"elementor-container elementor-column-gap-default\">\n\t\t\t\t\t\t\t<div class=\"elementor-row\">\n\t\t\t\t\t<div class=\"elementor-column elementor-col-100 elementor-top-column elementor-element elementor-element-19efa7a\" data-id=\"19efa7a\" data-element_type=\"column\">\n\t\t\t<div class=\"elementor-column-wrap elementor-element-populated\">\n\t\t\t\t\t\t\t<div class=\"elementor-widget-wrap\">\n\t\t\t\t\t\t<section class=\"elementor-section elementor-inner-section elementor-element elementor-element-9fcd044 elementor-section-boxed elementor-section-height-default elementor-section-height-default\" data-id=\"9fcd044\" data-element_type=\"section\">\n\t\t\t\t\t\t<div class=\"elementor-container elementor-column-gap-default\">\n\t\t\t\t\t\t\t<div class=\"elementor-row\">\n\t\t\t\t\t<div class=\"elementor-column elementor-col-50 elementor-inner-column elementor-element elementor-element-80fe479\" data-id=\"80fe479\" data-element_type=\"column\">\n\t\t\t<div class=\"elementor-column-wrap elementor-element-populated\">\n\t\t\t\t\t\t\t<div class=\"elementor-widget-wrap\">\n\t\t\t\t\t\t<div class=\"elementor-element elementor-element-923865f elementor-aspect-ratio-169 elementor-widget elementor-widget-video\" data-id=\"923865f\" data-element_type=\"widget\" data-settings=\"{&quot;youtube_url&quot;:&quot;https:\\\/\\\/youtu.be\\\/rvDbYsDI9ME&quot;,&quot;video_type&quot;:&quot;youtube&quot;,&quot;controls&quot;:&quot;yes&quot;,&quot;aspect_ratio&quot;:&quot;169&quot;}\" data-widget_type=\"video.default\">\n\t\t\t\t<div class=\"elementor-widget-container\">\n\t\t\t\t\t<div class=\"elementor-wrapper elementor-fit-aspect-ratio elementor-open-inline\">\n\t\t\t<div class=\"elementor-video\"><\/div>\t\t<\/div>\n\t\t\t\t<\/div>\n\t\t\t\t<\/div>\n\t\t\t\t\t\t<\/div>\n\t\t\t\t\t<\/div>\n\t\t<\/div>\n\t\t\t\t<div class=\"elementor-column elementor-col-50 elementor-inner-column elementor-element elementor-element-f6c00f5\" data-id=\"f6c00f5\" data-element_type=\"column\">\n\t\t\t<div class=\"elementor-column-wrap elementor-element-populated\">\n\t\t\t\t\t\t\t<div class=\"elementor-widget-wrap\">\n\t\t\t\t\t\t<div class=\"elementor-element elementor-element-905f801 elementor-widget elementor-widget-text-editor\" data-id=\"905f801\" data-element_type=\"widget\" data-widget_type=\"text-editor.default\">\n\t\t\t\t<div class=\"elementor-widget-container\">\n\t\t\t\t\t\t\t\t<div class=\"elementor-text-editor elementor-clearfix\">\n\t\t\t\t<p><strong>\u00bfSab\u00edas que cada semana, en promedio, se emiten unos mil trinos con informaci\u00f3n alrededor del estado de las v\u00edas?<\/strong> Incre\u00edble, pero cierto. La cuenta @sttmed, creada en mayo de 2011, se ha posicionado en el ciberespacio como una importante fuente para ciudadanos, medios de comunicaci\u00f3n y entidades gremiales, quienes encuentran, en estos canales de informaci\u00f3n, una valiosa herramienta que facilita la toma de decisiones en tiempo real.<\/p><p><br \/>Y es que a trav\u00e9s de cada uno de estos canales \u2013 Instagram, Facebook y Twitter &#8211; nuestro objetivo es entregar informaci\u00f3n veraz y oportuna, incentivando buenas pr\u00e1cticas en la v\u00eda y fomentando una movilidad sostenible y segura para Medell\u00edn. Lo anterior, con el fin \u00fanico de lograr una gobernanza efectiva que incluya diferentes enfoques, necesidades y soluciones que requieran los actores viales de la ciudad.<\/p>\t\t\t\t\t<\/div>\n\t\t\t\t\t\t<\/div>\n\t\t\t\t<\/div>\n\t\t\t\t\t\t<\/div>\n\t\t\t\t\t<\/div>\n\t\t<\/div>\n\t\t\t\t\t\t\t\t<\/div>\n\t\t\t\t\t<\/div>\n\t\t<\/section>\n\t\t\t\t\t\t<\/div>\n\t\t\t\t\t<\/div>\n\t\t<\/div>\n\t\t\t\t\t\t\t\t<\/div>\n\t\t\t\t\t<\/div>\n\t\t<\/section>\n\t\t<div class=\"elementor-element elementor-element-54835e9 e-container--row e-container\" data-id=\"54835e9\" data-element_type=\"container\">\t\t<div class=\"elementor-element elementor-element-79dbcb4 e-container--column e-container\" data-id=\"79dbcb4\" data-element_type=\"container\">\t\t\t\t<div class=\"elementor-element elementor-element-49cf666 elementor-view-default elementor-widget elementor-widget-icon\" data-id=\"49cf666\" data-element_type=\"widget\" data-widget_type=\"icon.default\">\n\t\t\t\t<div class=\"elementor-widget-container\">\n\t\t\t\t\t<div class=\"elementor-icon-wrapper\">\n\t\t\t<a class=\"elementor-icon\" href=\"https:\/\/www.facebook.com\/sttmed\">\n\t\t\t<i aria-hidden=\"true\" class=\"fab fa-facebook\"><\/i>\t\t\t<\/a>\n\t\t<\/div>\n\t\t\t\t<\/div>\n\t\t\t\t<\/div>\n\t\t<\/div><div class=\"elementor-element elementor-element-245d565 e-container--column e-container\" data-id=\"245d565\" data-element_type=\"container\">\t\t\t\t<div class=\"elementor-element elementor-element-082fc7e elementor-view-default elementor-widget elementor-widget-icon\" data-id=\"082fc7e\" data-element_type=\"widget\" data-widget_type=\"icon.default\">\n\t\t\t\t<div class=\"elementor-widget-container\">\n\t\t\t\t\t<div class=\"elementor-icon-wrapper\">\n\t\t\t<a class=\"elementor-icon\" href=\"https:\/\/www.instagram.com\/sttmed\/\">\n\t\t\t<i aria-hidden=\"true\" class=\"fab fa-instagram\"><\/i>\t\t\t<\/a>\n\t\t<\/div>\n\t\t\t\t<\/div>\n\t\t\t\t<\/div>\n\t\t<\/div><div class=\"elementor-element elementor-element-0143a34 e-container--column e-container\" data-id=\"0143a34\" data-element_type=\"container\">\t\t\t\t<div class=\"elementor-element elementor-element-aa020fc elementor-view-default elementor-widget elementor-widget-icon\" data-id=\"aa020fc\" data-element_type=\"widget\" data-widget_type=\"icon.default\">\n\t\t\t\t<div class=\"elementor-widget-container\">\n\t\t\t\t\t<div class=\"elementor-icon-wrapper\">\n\t\t\t<a class=\"elementor-icon\" href=\"https:\/\/twitter.com\/sttmed\">\n\t\t\t<i aria-hidden=\"true\" class=\"fab fa-twitter\"><\/i>\t\t\t<\/a>\n\t\t<\/div>\n\t\t\t\t<\/div>\n\t\t\t\t<\/div>\n\t\t<\/div><\/div>\t\t<section class=\"elementor-section elementor-top-section elementor-element elementor-element-11e523d elementor-section-full_width elementor-section-height-default elementor-section-height-default\" data-id=\"11e523d\" data-element_type=\"section\" data-settings=\"{&quot;background_background&quot;:&quot;classic&quot;}\">\n\t\t\t\t\t\t<div class=\"elementor-container elementor-column-gap-default\">\n\t\t\t\t\t\t\t<div class=\"elementor-row\">\n\t\t\t\t\t<div class=\"elementor-column elementor-col-100 elementor-top-column elementor-element elementor-element-e9f7cc2\" data-id=\"e9f7cc2\" data-element_type=\"column\">\n\t\t\t<div class=\"elementor-column-wrap elementor-element-populated\">\n\t\t\t\t\t\t\t<div class=\"elementor-widget-wrap\">\n\t\t\t\t\t\t<section class=\"elementor-section elementor-inner-section elementor-element elementor-element-f6d0ec1 elementor-section-boxed elementor-section-height-default elementor-section-height-default\" data-id=\"f6d0ec1\" data-element_type=\"section\">\n\t\t\t\t\t\t<div class=\"elementor-container elementor-column-gap-custom\">\n\t\t\t\t\t\t\t<div class=\"elementor-row\">\n\t\t\t\t\t<div class=\"elementor-column elementor-col-50 elementor-inner-column elementor-element elementor-element-16204e1\" data-id=\"16204e1\" data-element_type=\"column\">\n\t\t\t<div class=\"elementor-column-wrap elementor-element-populated\">\n\t\t\t\t\t\t\t<div class=\"elementor-widget-wrap\">\n\t\t\t\t\t\t<div class=\"elementor-element elementor-element-5fb1d97 elementor-widget elementor-widget-text-editor\" data-id=\"5fb1d97\" data-element_type=\"widget\" data-widget_type=\"text-editor.default\">\n\t\t\t\t<div class=\"elementor-widget-container\">\n\t\t\t\t\t\t\t\t<div class=\"elementor-text-editor elementor-clearfix\">\n\t\t\t\t<p><img loading=\"lazy\" class=\"wp-image-248657 alignleft\" src=\"https:\/\/www.medellin.gov.co\/es\/wp-content\/uploads\/2023\/09\/Logo_MEL-300x122.png\" alt=\"Logo MEL\" width=\"404\" height=\"165\" srcset=\"https:\/\/www.medellin.gov.co\/es\/wp-content\/uploads\/2023\/09\/Logo_MEL-300x122.png 300w, https:\/\/www.medellin.gov.co\/es\/wp-content\/uploads\/2023\/09\/Logo_MEL-1024x416.png 1024w, https:\/\/www.medellin.gov.co\/es\/wp-content\/uploads\/2023\/09\/Logo_MEL-150x61.png 150w, https:\/\/www.medellin.gov.co\/es\/wp-content\/uploads\/2023\/09\/Logo_MEL-768x312.png 768w, https:\/\/www.medellin.gov.co\/es\/wp-content\/uploads\/2023\/09\/Logo_MEL-1536x624.png 1536w, https:\/\/www.medellin.gov.co\/es\/wp-content\/uploads\/2023\/09\/Logo_MEL-2048x832.png 2048w\" sizes=\"(max-width: 404px) 100vw, 404px\" \/><\/p>\t\t\t\t\t<\/div>\n\t\t\t\t\t\t<\/div>\n\t\t\t\t<\/div>\n\t\t\t\t\t\t<\/div>\n\t\t\t\t\t<\/div>\n\t\t<\/div>\n\t\t\t\t<div class=\"elementor-column elementor-col-50 elementor-inner-column elementor-element elementor-element-312ccef\" data-id=\"312ccef\" data-element_type=\"column\">\n\t\t\t<div class=\"elementor-column-wrap elementor-element-populated\">\n\t\t\t\t\t\t\t<div class=\"elementor-widget-wrap\">\n\t\t\t\t\t\t<div class=\"elementor-element elementor-element-64793c1 elementor-widget elementor-widget-text-editor\" data-id=\"64793c1\" data-element_type=\"widget\" data-widget_type=\"text-editor.default\">\n\t\t\t\t<div class=\"elementor-widget-container\">\n\t\t\t\t\t\t\t\t<div class=\"elementor-text-editor elementor-clearfix\">\n\t\t\t\t<p style=\"text-align: left;\">Ingresa a la plataforma Movilidad en L\u00ednea para todas las consultas, pagos, tr\u00e1mites y servicios relacionados con la conducci\u00f3n en la ciudad. Todas las diligencias para conductores y veh\u00edculos aqu\u00ed.<\/p>\t\t\t\t\t<\/div>\n\t\t\t\t\t\t<\/div>\n\t\t\t\t<\/div>\n\t\t\t\t<div class=\"elementor-element elementor-element-9aa9cb9 elementor-tablet-align-left elementor-mobile-align-center elementor-widget elementor-widget-button\" data-id=\"9aa9cb9\" data-element_type=\"widget\" data-widget_type=\"button.default\">\n\t\t\t\t<div class=\"elementor-widget-container\">\n\t\t\t\t\t<div class=\"elementor-button-wrapper\">\n\t\t\t<a href=\"https:\/\/www.medellin.gov.co\/movilidadenlinea\" target=\"_blank\" class=\"elementor-button-link elementor-button elementor-size-sm\" role=\"button\">\n\t\t\t\t\t\t<span class=\"elementor-button-content-wrapper\">\n\t\t\t\t\t\t<span class=\"elementor-button-text\">INGRESA A MOVILIDAD EN L\u00cdNEA<\/span>\n\t\t<\/span>\n\t\t\t\t\t<\/a>\n\t\t<\/div>\n\t\t\t\t<\/div>\n\t\t\t\t<\/div>\n\t\t\t\t\t\t<\/div>\n\t\t\t\t\t<\/div>\n\t\t<\/div>\n\t\t\t\t\t\t\t\t<\/div>\n\t\t\t\t\t<\/div>\n\t\t<\/section>\n\t\t\t\t\t\t<\/div>\n\t\t\t\t\t<\/div>\n\t\t<\/div>\n\t\t\t\t\t\t\t\t<\/div>\n\t\t\t\t\t<\/div>\n\t\t<\/section>\n\t\t\t\t\t\t\t\t\t<\/div>\n\t\t\t<\/div>\n\t\t\t\t\t<\/div>\n\t\t","protected":false},"excerpt":{"rendered":"<p>Web 2.0 https:\/\/youtu.be\/rvDbYsDI9ME \u00bfSab\u00edas que cada semana, en promedio, se emiten unos mil trinos con informaci\u00f3n alrededor del estado de las v\u00edas? Incre\u00edble, pero cierto. La cuenta @sttmed, creada en mayo de 2011, se ha &#8230;<\/p>\n","protected":false},"author":57,"featured_media":242999,"parent":15123,"menu_order":30,"comment_status":"closed","ping_status":"closed","template":"sec-movilidad\/elementor.php","meta":[],"acf":[],"_links":{"self":[{"href":"https:\/\/www.medellin.gov.co\/es\/wp-json\/wp\/v2\/pages\/250957"}],"collection":[{"href":"https:\/\/www.medellin.gov.co\/es\/wp-json\/wp\/v2\/pages"}],"about":[{"href":"https:\/\/www.medellin.gov.co\/es\/wp-json\/wp\/v2\/types\/page"}],"author":[{"embeddable":true,"href":"https:\/\/www.medellin.gov.co\/es\/wp-json\/wp\/v2\/users\/57"}],"replies":[{"embeddable":true,"href":"https:\/\/www.medellin.gov.co\/es\/wp-json\/wp\/v2\/comments?post=250957"}],"version-history":[{"count":11,"href":"https:\/\/www.medellin.gov.co\/es\/wp-json\/wp\/v2\/pages\/250957\/revisions"}],"predecessor-version":[{"id":363547,"href":"https:\/\/www.medellin.gov.co\/es\/wp-json\/wp\/v2\/pages\/250957\/revisions\/363547"}],"up":[{"embeddable":true,"href":"https:\/\/www.medellin.gov.co\/es\/wp-json\/wp\/v2\/pages\/15123"}],"wp:featuredmedia":[{"embeddable":true,"href":"https:\/\/www.medellin.gov.co\/es\/wp-json\/wp\/v2\/media\/242999"}],"wp:attachment":[{"href":"https:\/\/www.medellin.gov.co\/es\/wp-json\/wp\/v2\/media?parent=250957"}],"curies":[{"name":"wp","href":"https:\/\/api.w.org\/{rel}","templated":true}]}}