{"id":252140,"date":"2023-09-19T10:34:51","date_gmt":"2023-09-19T15:34:51","guid":{"rendered":"https:\/\/www.medellin.gov.co\/es\/?page_id=252140"},"modified":"2023-12-29T18:28:39","modified_gmt":"2023-12-29T23:28:39","slug":"componente-de-seguridad-vial","status":"publish","type":"page","link":"https:\/\/www.medellin.gov.co\/es\/secretaria-de-movilidad\/observatorio-de-movilidad\/componente-de-seguridad-vial\/","title":{"rendered":"Componente de seguridad vial"},"content":{"rendered":"\t\t<div data-elementor-type=\"wp-page\" data-elementor-id=\"252140\" class=\"elementor elementor-252140\">\n\t\t\t\t\t\t<div class=\"elementor-inner\">\n\t\t\t\t<div class=\"elementor-section-wrap\">\n\t\t\t\t\t\t\t<div class=\"elementor-element elementor-element-c7740ed e-container--column e-container\" data-id=\"c7740ed\" data-element_type=\"container\">\t\t<div class=\"elementor-element elementor-element-3d18c86 e-container--column e-container\" data-id=\"3d18c86\" data-element_type=\"container\">\t\t\t\t<div class=\"elementor-element elementor-element-3c0ee7c elementor-widget elementor-widget-heading\" data-id=\"3c0ee7c\" data-element_type=\"widget\" data-widget_type=\"heading.default\">\n\t\t\t\t<div class=\"elementor-widget-container\">\n\t\t\t<h1 class=\"elementor-heading-title elementor-size-default\">Componente de seguridad vial<\/h1>\t\t<\/div>\n\t\t\t\t<\/div>\n\t\t<\/div><\/div><div class=\"elementor-element elementor-element-9c3bdd5 e-container--row e-container\" data-id=\"9c3bdd5\" data-element_type=\"container\">\t\t<div class=\"elementor-element elementor-element-15453d8 e-container--column e-container\" data-id=\"15453d8\" data-element_type=\"container\">\t\t\t\t<div class=\"elementor-element elementor-element-af09887 elementor-widget elementor-widget-text-editor\" data-id=\"af09887\" data-element_type=\"widget\" data-widget_type=\"text-editor.default\">\n\t\t\t\t<div class=\"elementor-widget-container\">\n\t\t\t\t\t\t\t\t<div class=\"elementor-text-editor elementor-clearfix\">\n\t\t\t\t<p>Seguimiento a la tasa de mortalidad vial, la morbilidad y los diferentes incidentes viales en la ciudad. An\u00e1lisis de las intervenciones, cambios y mejoras para garantizar la vida en la v\u00eda.<\/p><p>\u00a0<\/p>\t\t\t\t\t<\/div>\n\t\t\t\t\t\t<\/div>\n\t\t\t\t<\/div>\n\t\t<\/div><div class=\"elementor-element elementor-element-4ec12da e-container--column e-container\" data-id=\"4ec12da\" data-element_type=\"container\">\t\t\t\t<div class=\"elementor-element elementor-element-f2b7daf elementor-widget elementor-widget-image\" data-id=\"f2b7daf\" data-element_type=\"widget\" data-widget_type=\"image.default\">\n\t\t\t\t<div class=\"elementor-widget-container\">\n\t\t\t\t\t\t\t\t<div class=\"elementor-image\">\n\t\t\t\t\t\t\t\t\t\t\t\t<img width=\"998\" height=\"657\" src=\"https:\/\/www.medellin.gov.co\/es\/wp-content\/uploads\/2023\/07\/Seguridad-vial.jpg\" class=\"attachment-large size-large\" alt=\"Seguridad vial\" loading=\"lazy\" srcset=\"https:\/\/www.medellin.gov.co\/es\/wp-content\/uploads\/2023\/07\/Seguridad-vial.jpg 998w, https:\/\/www.medellin.gov.co\/es\/wp-content\/uploads\/2023\/07\/Seguridad-vial-300x197.jpg 300w, https:\/\/www.medellin.gov.co\/es\/wp-content\/uploads\/2023\/07\/Seguridad-vial-150x99.jpg 150w, https:\/\/www.medellin.gov.co\/es\/wp-content\/uploads\/2023\/07\/Seguridad-vial-768x506.jpg 768w\" sizes=\"(max-width: 998px) 100vw, 998px\" \/>\t\t\t\t\t\t\t\t\t\t\t\t\t\t<\/div>\n\t\t\t\t\t\t<\/div>\n\t\t\t\t<\/div>\n\t\t<\/div><\/div><div class=\"elementor-element elementor-element-d7ea743 e-container--column e-container\" data-id=\"d7ea743\" data-element_type=\"container\">\t\t\t\t<div class=\"elementor-element elementor-element-01c5ea3 elementor-widget elementor-widget-heading\" data-id=\"01c5ea3\" data-element_type=\"widget\" data-widget_type=\"heading.default\">\n\t\t\t\t<div class=\"elementor-widget-container\">\n\t\t\t<h2 class=\"elementor-heading-title elementor-size-default\"><b>Bases de datos <\/b><\/h2>\t\t<\/div>\n\t\t\t\t<\/div>\n\t\t\t\t<div class=\"elementor-element elementor-element-51e6674 elementor-widget elementor-widget-text-editor\" data-id=\"51e6674\" data-element_type=\"widget\" data-widget_type=\"text-editor.default\">\n\t\t\t\t<div class=\"elementor-widget-container\">\n\t\t\t\t\t\t\t\t<div class=\"elementor-text-editor elementor-clearfix\">\n\t\t\t\t<ul><li><a href=\"https:\/\/www.medellin.gov.co\/es\/wp-content\/uploads\/2023\/10\/SHP_Mortalidad.zip\" target=\"_blank\" rel=\"noopener\">Mortalidad<\/a><\/li><li><a href=\"https:\/\/www.medellin.gov.co\/es\/wp-content\/uploads\/2023\/10\/2023-09-12-BD-publicas.xlsx\" target=\"_blank\" rel=\"noopener\">Shape base de datos p\u00fablicos<\/a><\/li><\/ul>\t\t\t\t\t<\/div>\n\t\t\t\t\t\t<\/div>\n\t\t\t\t<\/div>\n\t\t<\/div><div class=\"elementor-element elementor-element-f089dc6 e-container--column e-container\" data-id=\"f089dc6\" data-element_type=\"container\">\t\t\t\t<div class=\"elementor-element elementor-element-616d29a elementor-widget elementor-widget-heading\" data-id=\"616d29a\" data-element_type=\"widget\" data-widget_type=\"heading.default\">\n\t\t\t\t<div class=\"elementor-widget-container\">\n\t\t\t<h2 class=\"elementor-heading-title elementor-size-default\"><b>Informes<\/b><\/h2>\t\t<\/div>\n\t\t\t\t<\/div>\n\t\t\t\t<div class=\"elementor-element elementor-element-2251096 elementor-widget elementor-widget-text-editor\" data-id=\"2251096\" data-element_type=\"widget\" data-widget_type=\"text-editor.default\">\n\t\t\t\t<div class=\"elementor-widget-container\">\n\t\t\t\t\t\t\t\t<div class=\"elementor-text-editor elementor-clearfix\">\n\t\t\t\t<ul><li><a href=\"https:\/\/www.medellin.gov.co\/es\/wp-content\/uploads\/2023\/10\/Analisis-ultima-decada-2022.pdf\" target=\"_blank\" rel=\"noopener\">An\u00e1lisis \u00faltima d\u00e9cada 2022<\/a><\/li><li><a href=\"https:\/\/www.medellin.gov.co\/es\/wp-content\/uploads\/2023\/10\/Caracterizacion-IV-Medellin-2023-08.pdf\" target=\"_blank\" rel=\"noopener\">Caracterizaci\u00f3n IV Medell\u00edn 2023-08<\/a><\/li><li><a href=\"https:\/\/www.medellin.gov.co\/es\/wp-content\/uploads\/2023\/10\/Costos-IV-2023.pdf\" target=\"_blank\" rel=\"noopener\">Costos IV 2023<\/a><\/li><li><a href=\"https:\/\/www.medellin.gov.co\/es\/wp-content\/uploads\/2023\/10\/Costos-IV-2022.pdf\" target=\"_blank\" rel=\"noopener\">Costos IV 2022<\/a><\/li><li><a href=\"https:\/\/www.medellin.gov.co\/es\/wp-content\/uploads\/2023\/10\/Costos-IV-2021.pdf\" target=\"_blank\" rel=\"noopener\">Costos IV 2021<\/a><\/li><li><a href=\"https:\/\/www.medellin.gov.co\/es\/wp-content\/uploads\/2023\/10\/Homicidios-vs.-Muertes-IV-2019.pdf\" target=\"_blank\" rel=\"noopener\">Homicidios vs. Muertes IV 2019<\/a><\/li><li><a href=\"https:\/\/www.medellin.gov.co\/es\/wp-content\/uploads\/2023\/10\/Justificacion-50-PGV-Ley-2251.pdf\" target=\"_blank\" rel=\"noopener\">Justificaci\u00f3n 50-PGV-Ley 2251<\/a><\/li><li><a href=\"https:\/\/www.medellin.gov.co\/es\/wp-content\/uploads\/2023\/10\/2019-07-05-Barreras-Protectoras.pdf\" target=\"_blank\" rel=\"noopener\">Barreras Protectoras<\/a><\/li><li><a href=\"https:\/\/www.medellin.gov.co\/es\/wp-content\/uploads\/2023\/10\/2020-01-28-HS-CDS-y-Constructor.pdf\" target=\"_blank\" rel=\"noopener\">CDS y Constructor<\/a><\/li><li><a href=\"https:\/\/www.medellin.gov.co\/es\/wp-content\/uploads\/2023\/10\/Motos-Carga-TRT-2020.pdf\" target=\"_blank\" rel=\"noopener\">Motos Carga TRT 2020<\/a><\/li><li><a href=\"https:\/\/www.medellin.gov.co\/es\/wp-content\/uploads\/2023\/10\/2020-07-15-Propuesta-CEMEX.pdf\" target=\"_blank\" rel=\"noopener\">Propuesta CEMEX<\/a><\/li><li><a href=\"https:\/\/www.medellin.gov.co\/es\/wp-content\/uploads\/2023\/10\/2023-05-03-Seguimiento-64C-y-80.pdf\" target=\"_blank\" rel=\"noopener\">Seguimiento 64C y 80<\/a><\/li><li><a href=\"https:\/\/www.medellin.gov.co\/es\/wp-content\/uploads\/2023\/10\/01-Antropologia-Vial.-Estado-del-Arte-OMM-2022.pdf\" target=\"_blank\" rel=\"noopener\">Antropolog\u00eda Vial. Estado del Arte &#8211; OMM 2022<\/a><\/li><li><a href=\"https:\/\/www.medellin.gov.co\/es\/wp-content\/uploads\/2023\/10\/02-Antropologia-Vial.-Propuesta-Metodologica-OMM-2022.pdf\" target=\"_blank\" rel=\"noopener\">Antropolog\u00eda Vial. Propuesta Metodol\u00f3gica &#8211; OMM 2022<\/a><\/li><li><a href=\"https:\/\/www.medellin.gov.co\/es\/wp-content\/uploads\/2023\/10\/03-Antropologia-Vial.-Observacion-OMM-2022.pdf\" target=\"_blank\" rel=\"noopener\">Antropolog\u00eda Vial. Observaci\u00f3n &#8211; OMM 2022<\/a><\/li><li><a href=\"https:\/\/www.medellin.gov.co\/es\/wp-content\/uploads\/2023\/10\/04-Antropologia-Vial.-Mas-alla-de-los-datos-OMM-2022.pdf\" target=\"_blank\" rel=\"noopener\">Antropolog\u00eda Vial. M\u00e1s all\u00e1 de los datos &#8211; OMM 2022<\/a><\/li><li><a href=\"https:\/\/www.medellin.gov.co\/es\/wp-content\/uploads\/2023\/10\/05-Causas-de-Incidentes-Viales.pdf\" target=\"_blank\" rel=\"noopener\">Causas de Incidentes Viales<\/a><\/li><li><a href=\"https:\/\/www.medellin.gov.co\/es\/wp-content\/uploads\/2023\/10\/06-Se-puede-evitar...-una-reflexion-de-responsabilidades.pdf\" target=\"_blank\" rel=\"noopener\">Se puede evitar&#8230; (una reflexi\u00f3n de responsabilidades)<\/a><\/li><\/ul>\t\t\t\t\t<\/div>\n\t\t\t\t\t\t<\/div>\n\t\t\t\t<\/div>\n\t\t<\/div>\t\t\t\t\t\t\t<\/div>\n\t\t\t<\/div>\n\t\t\t\t\t<\/div>\n\t\t","protected":false},"excerpt":{"rendered":"<p>Componente de seguridad vial Seguimiento a la tasa de mortalidad vial, la morbilidad y los diferentes incidentes viales en la ciudad. An\u00e1lisis de las intervenciones, cambios y mejoras para garantizar la vida en la v\u00eda. &#8230;<\/p>\n","protected":false},"author":31,"featured_media":193866,"parent":198015,"menu_order":0,"comment_status":"closed","ping_status":"closed","template":"sec-movilidad\/elementor.php","meta":[],"acf":[],"_links":{"self":[{"href":"https:\/\/www.medellin.gov.co\/es\/wp-json\/wp\/v2\/pages\/252140"}],"collection":[{"href":"https:\/\/www.medellin.gov.co\/es\/wp-json\/wp\/v2\/pages"}],"about":[{"href":"https:\/\/www.medellin.gov.co\/es\/wp-json\/wp\/v2\/types\/page"}],"author":[{"embeddable":true,"href":"https:\/\/www.medellin.gov.co\/es\/wp-json\/wp\/v2\/users\/31"}],"replies":[{"embeddable":true,"href":"https:\/\/www.medellin.gov.co\/es\/wp-json\/wp\/v2\/comments?post=252140"}],"version-history":[{"count":10,"href":"https:\/\/www.medellin.gov.co\/es\/wp-json\/wp\/v2\/pages\/252140\/revisions"}],"predecessor-version":[{"id":295177,"href":"https:\/\/www.medellin.gov.co\/es\/wp-json\/wp\/v2\/pages\/252140\/revisions\/295177"}],"up":[{"embeddable":true,"href":"https:\/\/www.medellin.gov.co\/es\/wp-json\/wp\/v2\/pages\/198015"}],"wp:featuredmedia":[{"embeddable":true,"href":"https:\/\/www.medellin.gov.co\/es\/wp-json\/wp\/v2\/media\/193866"}],"wp:attachment":[{"href":"https:\/\/www.medellin.gov.co\/es\/wp-json\/wp\/v2\/media?parent=252140"}],"curies":[{"name":"wp","href":"https:\/\/api.w.org\/{rel}","templated":true}]}}