{"id":252178,"date":"2023-09-19T10:39:41","date_gmt":"2023-09-19T15:39:41","guid":{"rendered":"https:\/\/www.medellin.gov.co\/es\/?page_id=252178"},"modified":"2023-09-19T12:47:20","modified_gmt":"2023-09-19T17:47:20","slug":"componente-de-movilidad-a-escala-humana","status":"publish","type":"page","link":"https:\/\/www.medellin.gov.co\/es\/secretaria-de-movilidad\/observatorio-de-movilidad\/componente-de-movilidad-a-escala-humana\/","title":{"rendered":"Componente de movilidad a escala humana"},"content":{"rendered":"\t\t<div data-elementor-type=\"wp-page\" data-elementor-id=\"252178\" class=\"elementor elementor-252178\">\n\t\t\t\t\t\t<div class=\"elementor-inner\">\n\t\t\t\t<div class=\"elementor-section-wrap\">\n\t\t\t\t\t\t\t<div class=\"elementor-element elementor-element-3648db3 e-container--column e-container\" data-id=\"3648db3\" data-element_type=\"container\">\t\t<div class=\"elementor-element elementor-element-ecba179 e-container--column e-container\" data-id=\"ecba179\" data-element_type=\"container\">\t\t\t\t<div class=\"elementor-element elementor-element-87fce33 elementor-widget elementor-widget-heading\" data-id=\"87fce33\" data-element_type=\"widget\" data-widget_type=\"heading.default\">\n\t\t\t\t<div class=\"elementor-widget-container\">\n\t\t\t<h1 class=\"elementor-heading-title elementor-size-default\">Componente de movilidad a escala humana<\/h1>\t\t<\/div>\n\t\t\t\t<\/div>\n\t\t<\/div><\/div><div class=\"elementor-element elementor-element-d599542 e-container--row e-container\" data-id=\"d599542\" data-element_type=\"container\">\t\t<div class=\"elementor-element elementor-element-b4b6cf9 e-container--column e-container\" data-id=\"b4b6cf9\" data-element_type=\"container\">\t\t\t\t<div class=\"elementor-element elementor-element-4e2124d elementor-widget elementor-widget-text-editor\" data-id=\"4e2124d\" data-element_type=\"widget\" data-widget_type=\"text-editor.default\">\n\t\t\t\t<div class=\"elementor-widget-container\">\n\t\t\t\t\t\t\t\t<div class=\"elementor-text-editor elementor-clearfix\">\n\t\t\t\t<p>Seguimiento a los dise\u00f1os, normas e infraestructuras para la promoci\u00f3n efectiva de la caminata y la bicicleta, la micromovilidad y la integraci\u00f3n de los diferentes modos activos con el transporte p\u00fablico y la ciudad.<\/p>\t\t\t\t\t<\/div>\n\t\t\t\t\t\t<\/div>\n\t\t\t\t<\/div>\n\t\t<\/div><div class=\"elementor-element elementor-element-dd43f03 e-container--column e-container\" data-id=\"dd43f03\" data-element_type=\"container\">\t\t\t\t<div class=\"elementor-element elementor-element-aafcdf2 elementor-widget elementor-widget-image\" data-id=\"aafcdf2\" data-element_type=\"widget\" data-widget_type=\"image.default\">\n\t\t\t\t<div class=\"elementor-widget-container\">\n\t\t\t\t\t\t\t\t<div class=\"elementor-image\">\n\t\t\t\t\t\t\t\t\t\t\t\t<img width=\"986\" height=\"661\" src=\"https:\/\/www.medellin.gov.co\/es\/wp-content\/uploads\/2023\/07\/Movilidad-humana.jpg\" class=\"attachment-large size-large\" alt=\"Movilidad humana\" loading=\"lazy\" srcset=\"https:\/\/www.medellin.gov.co\/es\/wp-content\/uploads\/2023\/07\/Movilidad-humana.jpg 986w, https:\/\/www.medellin.gov.co\/es\/wp-content\/uploads\/2023\/07\/Movilidad-humana-300x201.jpg 300w, https:\/\/www.medellin.gov.co\/es\/wp-content\/uploads\/2023\/07\/Movilidad-humana-150x101.jpg 150w, https:\/\/www.medellin.gov.co\/es\/wp-content\/uploads\/2023\/07\/Movilidad-humana-768x515.jpg 768w\" sizes=\"(max-width: 986px) 100vw, 986px\" \/>\t\t\t\t\t\t\t\t\t\t\t\t\t\t<\/div>\n\t\t\t\t\t\t<\/div>\n\t\t\t\t<\/div>\n\t\t<\/div><\/div>\t\t\t\t\t\t\t<\/div>\n\t\t\t<\/div>\n\t\t\t\t\t<\/div>\n\t\t","protected":false},"excerpt":{"rendered":"<p>Componente de movilidad a escala humana Seguimiento a los dise\u00f1os, normas e infraestructuras para la promoci\u00f3n efectiva de la caminata y la bicicleta, la micromovilidad y la integraci\u00f3n de los diferentes modos activos con el &#8230;<\/p>\n","protected":false},"author":31,"featured_media":193866,"parent":198015,"menu_order":0,"comment_status":"closed","ping_status":"closed","template":"sec-movilidad\/elementor.php","meta":[],"acf":[],"_links":{"self":[{"href":"https:\/\/www.medellin.gov.co\/es\/wp-json\/wp\/v2\/pages\/252178"}],"collection":[{"href":"https:\/\/www.medellin.gov.co\/es\/wp-json\/wp\/v2\/pages"}],"about":[{"href":"https:\/\/www.medellin.gov.co\/es\/wp-json\/wp\/v2\/types\/page"}],"author":[{"embeddable":true,"href":"https:\/\/www.medellin.gov.co\/es\/wp-json\/wp\/v2\/users\/31"}],"replies":[{"embeddable":true,"href":"https:\/\/www.medellin.gov.co\/es\/wp-json\/wp\/v2\/comments?post=252178"}],"version-history":[{"count":7,"href":"https:\/\/www.medellin.gov.co\/es\/wp-json\/wp\/v2\/pages\/252178\/revisions"}],"predecessor-version":[{"id":252733,"href":"https:\/\/www.medellin.gov.co\/es\/wp-json\/wp\/v2\/pages\/252178\/revisions\/252733"}],"up":[{"embeddable":true,"href":"https:\/\/www.medellin.gov.co\/es\/wp-json\/wp\/v2\/pages\/198015"}],"wp:featuredmedia":[{"embeddable":true,"href":"https:\/\/www.medellin.gov.co\/es\/wp-json\/wp\/v2\/media\/193866"}],"wp:attachment":[{"href":"https:\/\/www.medellin.gov.co\/es\/wp-json\/wp\/v2\/media?parent=252178"}],"curies":[{"name":"wp","href":"https:\/\/api.w.org\/{rel}","templated":true}]}}