{"id":252201,"date":"2023-09-19T10:48:23","date_gmt":"2023-09-19T15:48:23","guid":{"rendered":"https:\/\/www.medellin.gov.co\/es\/?page_id=252201"},"modified":"2023-12-29T18:26:42","modified_gmt":"2023-12-29T23:26:42","slug":"componente-de-transporte-publico","status":"publish","type":"page","link":"https:\/\/www.medellin.gov.co\/es\/secretaria-de-movilidad\/observatorio-de-movilidad\/componente-de-transporte-publico\/","title":{"rendered":"Componente de transporte"},"content":{"rendered":"\t\t<div data-elementor-type=\"wp-page\" data-elementor-id=\"252201\" class=\"elementor elementor-252201\">\n\t\t\t\t\t\t<div class=\"elementor-inner\">\n\t\t\t\t<div class=\"elementor-section-wrap\">\n\t\t\t\t\t\t\t<div class=\"elementor-element elementor-element-3d602fb e-container--column e-container\" data-id=\"3d602fb\" data-element_type=\"container\">\t\t<div class=\"elementor-element elementor-element-b049dae e-container--column e-container\" data-id=\"b049dae\" data-element_type=\"container\">\t\t\t\t<div class=\"elementor-element elementor-element-5b188f9 elementor-widget elementor-widget-heading\" data-id=\"5b188f9\" data-element_type=\"widget\" data-widget_type=\"heading.default\">\n\t\t\t\t<div class=\"elementor-widget-container\">\n\t\t\t<h1 class=\"elementor-heading-title elementor-size-default\">Componente de transporte<\/h1>\t\t<\/div>\n\t\t\t\t<\/div>\n\t\t<\/div><\/div><div class=\"elementor-element elementor-element-ba5b7c7 e-container--row e-container\" data-id=\"ba5b7c7\" data-element_type=\"container\">\t\t<div class=\"elementor-element elementor-element-8b4efde e-container--column e-container\" data-id=\"8b4efde\" data-element_type=\"container\">\t\t\t\t<div class=\"elementor-element elementor-element-b44ff7a elementor-widget elementor-widget-text-editor\" data-id=\"b44ff7a\" data-element_type=\"widget\" data-widget_type=\"text-editor.default\">\n\t\t\t\t<div class=\"elementor-widget-container\">\n\t\t\t\t\t\t\t\t<div class=\"elementor-text-editor elementor-clearfix\">\n\t\t\t\t<p>Seguimiento al desempe\u00f1o del transporte p\u00fablico individual y colectivo, las diferentes rutas, tarifas y puntos de integraci\u00f3n, as\u00ed como al transporte de carga, sus restricciones y horarios por zona.<\/p>\t\t\t\t\t<\/div>\n\t\t\t\t\t\t<\/div>\n\t\t\t\t<\/div>\n\t\t<\/div><div class=\"elementor-element elementor-element-4f53f3a e-container--column e-container\" data-id=\"4f53f3a\" data-element_type=\"container\">\t\t\t\t<div class=\"elementor-element elementor-element-c45917e elementor-widget elementor-widget-image\" data-id=\"c45917e\" data-element_type=\"widget\" data-widget_type=\"image.default\">\n\t\t\t\t<div class=\"elementor-widget-container\">\n\t\t\t\t\t\t\t\t<div class=\"elementor-image\">\n\t\t\t\t\t\t\t\t\t\t\t\t<img width=\"997\" height=\"666\" src=\"https:\/\/www.medellin.gov.co\/es\/wp-content\/uploads\/2023\/07\/Transporte.jpg\" class=\"attachment-large size-large\" alt=\"Transporte\" loading=\"lazy\" srcset=\"https:\/\/www.medellin.gov.co\/es\/wp-content\/uploads\/2023\/07\/Transporte.jpg 997w, https:\/\/www.medellin.gov.co\/es\/wp-content\/uploads\/2023\/07\/Transporte-300x200.jpg 300w, https:\/\/www.medellin.gov.co\/es\/wp-content\/uploads\/2023\/07\/Transporte-150x100.jpg 150w, https:\/\/www.medellin.gov.co\/es\/wp-content\/uploads\/2023\/07\/Transporte-768x513.jpg 768w\" sizes=\"(max-width: 997px) 100vw, 997px\" \/>\t\t\t\t\t\t\t\t\t\t\t\t\t\t<\/div>\n\t\t\t\t\t\t<\/div>\n\t\t\t\t<\/div>\n\t\t<\/div><\/div><div class=\"elementor-element elementor-element-88016c5 e-container--column e-container\" data-id=\"88016c5\" data-element_type=\"container\">\t\t<div class=\"elementor-element elementor-element-10ba978 e-container--column e-container\" data-id=\"10ba978\" data-element_type=\"container\">\t\t\t\t<div class=\"elementor-element elementor-element-ed588ba elementor-widget elementor-widget-heading\" data-id=\"ed588ba\" data-element_type=\"widget\" data-widget_type=\"heading.default\">\n\t\t\t\t<div class=\"elementor-widget-container\">\n\t\t\t<h2 class=\"elementor-heading-title elementor-size-default\"><b>Bases de datos<\/b> <\/h2>\t\t<\/div>\n\t\t\t\t<\/div>\n\t\t\t\t<div class=\"elementor-element elementor-element-add4287 elementor-widget elementor-widget-text-editor\" data-id=\"add4287\" data-element_type=\"widget\" data-widget_type=\"text-editor.default\">\n\t\t\t\t<div class=\"elementor-widget-container\">\n\t\t\t\t\t\t\t\t<div class=\"elementor-text-editor elementor-clearfix\">\n\t\t\t\t<ul><li><a href=\"https:\/\/www.medellin.gov.co\/es\/wp-content\/uploads\/2023\/09\/CONSOLIDADO-2022-TPC.xlsx\" target=\"_blank\" rel=\"noopener\">Base de datos consolidada 2022<\/a><\/li><li><a href=\"https:\/\/www.medellin.gov.co\/es\/wp-content\/uploads\/2023\/09\/CONSOLIDADO-2021-TPC.xlsx\" target=\"_blank\" rel=\"noopener\">Base de datos consolidada 2021<\/a><\/li><li><a href=\"https:\/\/www.medellin.gov.co\/es\/wp-content\/uploads\/2023\/09\/CONSOLIDADO-2020-TPC.xlsx\" target=\"_blank\" rel=\"noopener\">Base de datos consolidada 2020<\/a><\/li><li><a href=\"https:\/\/www.medellin.gov.co\/es\/wp-content\/uploads\/2023\/09\/CONSOLIDADO-2019-TPC.xlsx\" target=\"_blank\" rel=\"noopener\">Base de datos consolidada 2019<\/a><\/li><li><a href=\"https:\/\/www.medellin.gov.co\/es\/wp-content\/uploads\/2023\/10\/Rutas.zip\" target=\"_blank\" rel=\"noopener\">Rutas<\/a><\/li><li><a href=\"https:\/\/www.medellin.gov.co\/es\/wp-content\/uploads\/2023\/11\/Paradas.zip\" target=\"_blank\" rel=\"noopener\">Paradas<\/a><\/li><\/ul>\t\t\t\t\t<\/div>\n\t\t\t\t\t\t<\/div>\n\t\t\t\t<\/div>\n\t\t\t\t<div class=\"elementor-element elementor-element-3d83470 elementor-widget elementor-widget-heading\" data-id=\"3d83470\" data-element_type=\"widget\" data-widget_type=\"heading.default\">\n\t\t\t\t<div class=\"elementor-widget-container\">\n\t\t\t<h2 class=\"elementor-heading-title elementor-size-default\"><b>Informes<\/b> <\/h2>\t\t<\/div>\n\t\t\t\t<\/div>\n\t\t\t\t<div class=\"elementor-element elementor-element-13d0734 elementor-widget elementor-widget-text-editor\" data-id=\"13d0734\" data-element_type=\"widget\" data-widget_type=\"text-editor.default\">\n\t\t\t\t<div class=\"elementor-widget-container\">\n\t\t\t\t\t\t\t\t<div class=\"elementor-text-editor elementor-clearfix\">\n\t\t\t\t<ul><li><a href=\"https:\/\/www.medellin.gov.co\/es\/wp-content\/uploads\/2023\/09\/Velocidades-Carriles-Preferenciales-2023.xlsx\" target=\"_blank\" rel=\"noopener\">Velocidades en carriles preferenciales 2023<\/a><\/li><li><a href=\"https:\/\/www.medellin.gov.co\/es\/wp-content\/uploads\/2023\/09\/Velocidades-Tiempos-de-recorrido-y-demoras-TPM.xlsx\" target=\"_blank\" rel=\"noopener\">Velocidades, tiempos de recorrido y demoras TPM<\/a><\/li><li><a href=\"https:\/\/www.medellin.gov.co\/es\/wp-content\/uploads\/2023\/09\/Indicadores-trimestre-2-2022.xlsx\" target=\"_blank\" rel=\"noopener\">Indicadores trimestre II &#8211; 2022<\/a><\/li><\/ul>\t\t\t\t\t<\/div>\n\t\t\t\t\t\t<\/div>\n\t\t\t\t<\/div>\n\t\t<\/div><\/div>\t\t\t\t\t\t\t<\/div>\n\t\t\t<\/div>\n\t\t\t\t\t<\/div>\n\t\t","protected":false},"excerpt":{"rendered":"<p>Componente de transporte Seguimiento al desempe\u00f1o del transporte p\u00fablico individual y colectivo, las diferentes rutas, tarifas y puntos de integraci\u00f3n, as\u00ed como al transporte de carga, sus restricciones y horarios por zona. Bases de datos &#8230;<\/p>\n","protected":false},"author":31,"featured_media":193866,"parent":198015,"menu_order":0,"comment_status":"closed","ping_status":"closed","template":"sec-movilidad\/elementor.php","meta":[],"acf":[],"_links":{"self":[{"href":"https:\/\/www.medellin.gov.co\/es\/wp-json\/wp\/v2\/pages\/252201"}],"collection":[{"href":"https:\/\/www.medellin.gov.co\/es\/wp-json\/wp\/v2\/pages"}],"about":[{"href":"https:\/\/www.medellin.gov.co\/es\/wp-json\/wp\/v2\/types\/page"}],"author":[{"embeddable":true,"href":"https:\/\/www.medellin.gov.co\/es\/wp-json\/wp\/v2\/users\/31"}],"replies":[{"embeddable":true,"href":"https:\/\/www.medellin.gov.co\/es\/wp-json\/wp\/v2\/comments?post=252201"}],"version-history":[{"count":10,"href":"https:\/\/www.medellin.gov.co\/es\/wp-json\/wp\/v2\/pages\/252201\/revisions"}],"predecessor-version":[{"id":295170,"href":"https:\/\/www.medellin.gov.co\/es\/wp-json\/wp\/v2\/pages\/252201\/revisions\/295170"}],"up":[{"embeddable":true,"href":"https:\/\/www.medellin.gov.co\/es\/wp-json\/wp\/v2\/pages\/198015"}],"wp:featuredmedia":[{"embeddable":true,"href":"https:\/\/www.medellin.gov.co\/es\/wp-json\/wp\/v2\/media\/193866"}],"wp:attachment":[{"href":"https:\/\/www.medellin.gov.co\/es\/wp-json\/wp\/v2\/media?parent=252201"}],"curies":[{"name":"wp","href":"https:\/\/api.w.org\/{rel}","templated":true}]}}