{"id":252478,"date":"2023-09-19T11:46:47","date_gmt":"2023-09-19T16:46:47","guid":{"rendered":"https:\/\/www.medellin.gov.co\/es\/?page_id=252478"},"modified":"2023-12-26T12:35:44","modified_gmt":"2023-12-26T17:35:44","slug":"componente-de-gestion-y-acompanamiento-vial","status":"publish","type":"page","link":"https:\/\/www.medellin.gov.co\/es\/secretaria-de-movilidad\/observatorio-de-movilidad\/componente-de-gestion-y-acompanamiento-vial\/","title":{"rendered":"Componente de gesti\u00f3n y acompa\u00f1amiento vial"},"content":{"rendered":"\t\t<div data-elementor-type=\"wp-page\" data-elementor-id=\"252478\" class=\"elementor elementor-252478\">\n\t\t\t\t\t\t<div class=\"elementor-inner\">\n\t\t\t\t<div class=\"elementor-section-wrap\">\n\t\t\t\t\t\t\t<div class=\"elementor-element elementor-element-0f3319a e-container--column e-container\" data-id=\"0f3319a\" data-element_type=\"container\">\t\t<div class=\"elementor-element elementor-element-53f21a5 e-container--column e-container\" data-id=\"53f21a5\" data-element_type=\"container\">\t\t\t\t<div class=\"elementor-element elementor-element-838c9b3 elementor-widget elementor-widget-heading\" data-id=\"838c9b3\" data-element_type=\"widget\" data-widget_type=\"heading.default\">\n\t\t\t\t<div class=\"elementor-widget-container\">\n\t\t\t<h1 class=\"elementor-heading-title elementor-size-default\">Componente de gesti\u00f3n y acompa\u00f1amiento vial<\/h1>\t\t<\/div>\n\t\t\t\t<\/div>\n\t\t<\/div><\/div><div class=\"elementor-element elementor-element-21b5a14 e-container--row e-container\" data-id=\"21b5a14\" data-element_type=\"container\">\t\t<div class=\"elementor-element elementor-element-760220f e-container--column e-container\" data-id=\"760220f\" data-element_type=\"container\">\t\t\t\t<div class=\"elementor-element elementor-element-6dc62b5 elementor-widget elementor-widget-text-editor\" data-id=\"6dc62b5\" data-element_type=\"widget\" data-widget_type=\"text-editor.default\">\n\t\t\t\t<div class=\"elementor-widget-container\">\n\t\t\t\t\t\t\t\t<div class=\"elementor-text-editor elementor-clearfix\">\n\t\t\t\t<p>Seguimiento a los procesos de acompa\u00f1amiento y control por parte del cuerpo de agentes, las zonas de estacionamiento regulado y las intervenciones en v\u00eda, as\u00ed como la cantidad y tipo de comparendos.<\/p>\t\t\t\t\t<\/div>\n\t\t\t\t\t\t<\/div>\n\t\t\t\t<\/div>\n\t\t<\/div><div class=\"elementor-element elementor-element-ae41d91 e-container--column e-container\" data-id=\"ae41d91\" data-element_type=\"container\">\t\t\t\t<div class=\"elementor-element elementor-element-f0b5bac elementor-widget elementor-widget-image\" data-id=\"f0b5bac\" data-element_type=\"widget\" data-widget_type=\"image.default\">\n\t\t\t\t<div class=\"elementor-widget-container\">\n\t\t\t\t\t\t\t\t<div class=\"elementor-image\">\n\t\t\t\t\t\t\t\t\t\t\t\t<img width=\"998\" height=\"665\" src=\"https:\/\/www.medellin.gov.co\/es\/wp-content\/uploads\/2023\/07\/Gestion-y-acompanamiento-vial.jpg\" class=\"attachment-large size-large\" alt=\"Gesti\u00f3n y acompa\u00f1amiento vial\" loading=\"lazy\" srcset=\"https:\/\/www.medellin.gov.co\/es\/wp-content\/uploads\/2023\/07\/Gestion-y-acompanamiento-vial.jpg 998w, https:\/\/www.medellin.gov.co\/es\/wp-content\/uploads\/2023\/07\/Gestion-y-acompanamiento-vial-300x200.jpg 300w, https:\/\/www.medellin.gov.co\/es\/wp-content\/uploads\/2023\/07\/Gestion-y-acompanamiento-vial-150x100.jpg 150w, https:\/\/www.medellin.gov.co\/es\/wp-content\/uploads\/2023\/07\/Gestion-y-acompanamiento-vial-768x512.jpg 768w\" sizes=\"(max-width: 998px) 100vw, 998px\" \/>\t\t\t\t\t\t\t\t\t\t\t\t\t\t<\/div>\n\t\t\t\t\t\t<\/div>\n\t\t\t\t<\/div>\n\t\t<\/div><\/div><div class=\"elementor-element elementor-element-372fcad e-container--column e-container\" data-id=\"372fcad\" data-element_type=\"container\">\t\t\t\t<div class=\"elementor-element elementor-element-f4bcc43 elementor-widget elementor-widget-heading\" data-id=\"f4bcc43\" data-element_type=\"widget\" data-widget_type=\"heading.default\">\n\t\t\t\t<div class=\"elementor-widget-container\">\n\t\t\t<h2 class=\"elementor-heading-title elementor-size-default\"><b>Informes <\/b><\/h2>\t\t<\/div>\n\t\t\t\t<\/div>\n\t\t\t\t<div class=\"elementor-element elementor-element-4f7bc9e elementor-widget elementor-widget-text-editor\" data-id=\"4f7bc9e\" data-element_type=\"widget\" data-widget_type=\"text-editor.default\">\n\t\t\t\t<div class=\"elementor-widget-container\">\n\t\t\t\t\t\t\t\t<div class=\"elementor-text-editor elementor-clearfix\">\n\t\t\t\t<ul><li><a href=\"https:\/\/www.medellin.gov.co\/es\/wp-content\/uploads\/2023\/09\/Informe-comparendos-2022.pdf\" target=\"_blank\" rel=\"noopener\">Informe de comparendos 2022<\/a><\/li><\/ul>\t\t\t\t\t<\/div>\n\t\t\t\t\t\t<\/div>\n\t\t\t\t<\/div>\n\t\t\t\t<div class=\"elementor-element elementor-element-a5eef28 elementor-widget elementor-widget-heading\" data-id=\"a5eef28\" data-element_type=\"widget\" data-widget_type=\"heading.default\">\n\t\t\t\t<div class=\"elementor-widget-container\">\n\t\t\t<h2 class=\"elementor-heading-title elementor-size-default\"><b>Bases de<\/b> datos<\/h2>\t\t<\/div>\n\t\t\t\t<\/div>\n\t\t\t\t<div class=\"elementor-element elementor-element-eda7b89 elementor-widget elementor-widget-text-editor\" data-id=\"eda7b89\" data-element_type=\"widget\" data-widget_type=\"text-editor.default\">\n\t\t\t\t<div class=\"elementor-widget-container\">\n\t\t\t\t\t\t\t\t<div class=\"elementor-text-editor elementor-clearfix\">\n\t\t\t\t<ul><li><a href=\"https:\/\/www.medellin.gov.co\/es\/wp-content\/uploads\/2023\/09\/Comparendos-2023.xlsx\" target=\"_blank\" rel=\"noopener\">Comparendos 2023<\/a><\/li><li><a href=\"https:\/\/www.medellin.gov.co\/es\/wp-content\/uploads\/2023\/09\/Comparendos-2022.xlsx\" target=\"_blank\" rel=\"noopener\">Comparendos 2022<\/a><\/li><li><a href=\"https:\/\/www.medellin.gov.co\/es\/wp-content\/uploads\/2023\/09\/Comparendos-resumen-2016-2021.xlsx\" target=\"_blank\" rel=\"noopener\">Comparendos 2016 &#8211; 2021<\/a><\/li><\/ul>\t\t\t\t\t<\/div>\n\t\t\t\t\t\t<\/div>\n\t\t\t\t<\/div>\n\t\t<\/div>\t\t\t\t\t\t\t<\/div>\n\t\t\t<\/div>\n\t\t\t\t\t<\/div>\n\t\t","protected":false},"excerpt":{"rendered":"<p>Componente de gesti\u00f3n y acompa\u00f1amiento vial Seguimiento a los procesos de acompa\u00f1amiento y control por parte del cuerpo de agentes, las zonas de estacionamiento regulado y las intervenciones en v\u00eda, as\u00ed como la cantidad y &#8230;<\/p>\n","protected":false},"author":31,"featured_media":193866,"parent":198015,"menu_order":0,"comment_status":"closed","ping_status":"closed","template":"sec-movilidad\/elementor.php","meta":[],"acf":[],"_links":{"self":[{"href":"https:\/\/www.medellin.gov.co\/es\/wp-json\/wp\/v2\/pages\/252478"}],"collection":[{"href":"https:\/\/www.medellin.gov.co\/es\/wp-json\/wp\/v2\/pages"}],"about":[{"href":"https:\/\/www.medellin.gov.co\/es\/wp-json\/wp\/v2\/types\/page"}],"author":[{"embeddable":true,"href":"https:\/\/www.medellin.gov.co\/es\/wp-json\/wp\/v2\/users\/31"}],"replies":[{"embeddable":true,"href":"https:\/\/www.medellin.gov.co\/es\/wp-json\/wp\/v2\/comments?post=252478"}],"version-history":[{"count":10,"href":"https:\/\/www.medellin.gov.co\/es\/wp-json\/wp\/v2\/pages\/252478\/revisions"}],"predecessor-version":[{"id":292799,"href":"https:\/\/www.medellin.gov.co\/es\/wp-json\/wp\/v2\/pages\/252478\/revisions\/292799"}],"up":[{"embeddable":true,"href":"https:\/\/www.medellin.gov.co\/es\/wp-json\/wp\/v2\/pages\/198015"}],"wp:featuredmedia":[{"embeddable":true,"href":"https:\/\/www.medellin.gov.co\/es\/wp-json\/wp\/v2\/media\/193866"}],"wp:attachment":[{"href":"https:\/\/www.medellin.gov.co\/es\/wp-json\/wp\/v2\/media?parent=252478"}],"curies":[{"name":"wp","href":"https:\/\/api.w.org\/{rel}","templated":true}]}}