{"id":252507,"date":"2023-09-19T11:52:23","date_gmt":"2023-09-19T16:52:23","guid":{"rendered":"https:\/\/www.medellin.gov.co\/es\/?page_id=252507"},"modified":"2023-11-28T08:29:59","modified_gmt":"2023-11-28T13:29:59","slug":"componente-de-analisis-normativo","status":"publish","type":"page","link":"https:\/\/www.medellin.gov.co\/es\/secretaria-de-movilidad\/observatorio-de-movilidad\/componente-de-analisis-normativo\/","title":{"rendered":"Componente de an\u00e1lisis normativo"},"content":{"rendered":"\t\t<div data-elementor-type=\"wp-page\" data-elementor-id=\"252507\" class=\"elementor elementor-252507\">\n\t\t\t\t\t\t<div class=\"elementor-inner\">\n\t\t\t\t<div class=\"elementor-section-wrap\">\n\t\t\t\t\t\t\t<div class=\"elementor-element elementor-element-b75ba05 e-container--column e-container\" data-id=\"b75ba05\" data-element_type=\"container\">\t\t<div class=\"elementor-element elementor-element-fd198c9 e-container--column e-container\" data-id=\"fd198c9\" data-element_type=\"container\">\t\t\t\t<div class=\"elementor-element elementor-element-df37df4 elementor-widget elementor-widget-heading\" data-id=\"df37df4\" data-element_type=\"widget\" data-widget_type=\"heading.default\">\n\t\t\t\t<div class=\"elementor-widget-container\">\n\t\t\t<h1 class=\"elementor-heading-title elementor-size-default\">Componente de an\u00e1lisis normativo<\/h1>\t\t<\/div>\n\t\t\t\t<\/div>\n\t\t<\/div><\/div><div class=\"elementor-element elementor-element-dec0239 e-container--row e-container\" data-id=\"dec0239\" data-element_type=\"container\">\t\t<div class=\"elementor-element elementor-element-644a22d e-container--column e-container\" data-id=\"644a22d\" data-element_type=\"container\">\t\t\t\t<div class=\"elementor-element elementor-element-eaf4f90 elementor-widget elementor-widget-text-editor\" data-id=\"eaf4f90\" data-element_type=\"widget\" data-widget_type=\"text-editor.default\">\n\t\t\t\t<div class=\"elementor-widget-container\">\n\t\t\t\t\t\t\t\t<div class=\"elementor-text-editor elementor-clearfix\">\n\t\t\t\t<p>Seguimiento a los procesos de revisi\u00f3n y propuestas de mejora a la normativa urbana, de transporte y tr\u00e1nsito mediante ejercicios acad\u00e9micos, investigativos y aplicados para la toma de decisiones.<\/p><p>\u00a0<\/p>\t\t\t\t\t<\/div>\n\t\t\t\t\t\t<\/div>\n\t\t\t\t<\/div>\n\t\t<\/div><div class=\"elementor-element elementor-element-79d5bc4 e-container--column e-container\" data-id=\"79d5bc4\" data-element_type=\"container\">\t\t\t\t<div class=\"elementor-element elementor-element-5b1c084 elementor-widget elementor-widget-image\" data-id=\"5b1c084\" data-element_type=\"widget\" data-widget_type=\"image.default\">\n\t\t\t\t<div class=\"elementor-widget-container\">\n\t\t\t\t\t\t\t\t<div class=\"elementor-image\">\n\t\t\t\t\t\t\t\t\t\t\t\t<img width=\"892\" height=\"666\" src=\"https:\/\/www.medellin.gov.co\/es\/wp-content\/uploads\/2023\/07\/Analisis-normativo.jpg\" class=\"attachment-large size-large\" alt=\"An\u00e1lisis normativo\" loading=\"lazy\" srcset=\"https:\/\/www.medellin.gov.co\/es\/wp-content\/uploads\/2023\/07\/Analisis-normativo.jpg 892w, https:\/\/www.medellin.gov.co\/es\/wp-content\/uploads\/2023\/07\/Analisis-normativo-300x224.jpg 300w, https:\/\/www.medellin.gov.co\/es\/wp-content\/uploads\/2023\/07\/Analisis-normativo-150x112.jpg 150w, https:\/\/www.medellin.gov.co\/es\/wp-content\/uploads\/2023\/07\/Analisis-normativo-768x573.jpg 768w\" sizes=\"(max-width: 892px) 100vw, 892px\" \/>\t\t\t\t\t\t\t\t\t\t\t\t\t\t<\/div>\n\t\t\t\t\t\t<\/div>\n\t\t\t\t<\/div>\n\t\t<\/div><\/div><div class=\"elementor-element elementor-element-62c6fdc e-container--column e-container\" data-id=\"62c6fdc\" data-element_type=\"container\">\t\t\t\t<div class=\"elementor-element elementor-element-b30b06a elementor-widget elementor-widget-heading\" data-id=\"b30b06a\" data-element_type=\"widget\" data-widget_type=\"heading.default\">\n\t\t\t\t<div class=\"elementor-widget-container\">\n\t\t\t<h2 class=\"elementor-heading-title elementor-size-default\"><b>Informes<\/b><\/h2>\t\t<\/div>\n\t\t\t\t<\/div>\n\t\t\t\t<div class=\"elementor-element elementor-element-ab42d7e elementor-widget elementor-widget-text-editor\" data-id=\"ab42d7e\" data-element_type=\"widget\" data-widget_type=\"text-editor.default\">\n\t\t\t\t<div class=\"elementor-widget-container\">\n\t\t\t\t\t\t\t\t<div class=\"elementor-text-editor elementor-clearfix\">\n\t\t\t\t<ul><li><a href=\"https:\/\/www.medellin.gov.co\/es\/wp-content\/uploads\/2023\/09\/Analisis-IPAT-2022.pdf\" target=\"_blank\" rel=\"noopener\">An\u00e1lisis IPAT 2022<\/a><\/li><li><a href=\"https:\/\/www.medellin.gov.co\/es\/wp-content\/uploads\/2023\/09\/Analisis-solo-danos-2022.pdf\" target=\"_blank\" rel=\"noopener\">An\u00e1lisis solo da\u00f1os 2022<\/a><\/li><li><a href=\"https:\/\/www.medellin.gov.co\/es\/wp-content\/uploads\/2023\/09\/Cadavid-D.-2021.-NORMALIZACION-DE-INFORMACION-CONTENIDA-EN-LOS-INFORMES-POLICIALES-DE-ACCIDENTE-DE-TRANSITO-\u2013IPAT-QUE-IMPLICARON-MUERTES-EN-EL-PERIODO-2014-2020.pdf\" target=\"_blank\" rel=\"noopener\">Propuesta Normalizaci\u00f3n IPAT 2021<\/a><\/li><li><a href=\"https:\/\/www.medellin.gov.co\/es\/wp-content\/uploads\/2023\/09\/Conductores-noveles-2022.pdf\" target=\"_blank\" rel=\"noopener\">Conductores noveles 2022<\/a><\/li><li><a href=\"https:\/\/www.medellin.gov.co\/es\/wp-content\/uploads\/2023\/09\/Debido-proceso-vs.-Inmediacion-2022.pdf\" target=\"_blank\" rel=\"noopener\">Debido proceso vs. Inmediaci\u00f3n 2022<\/a><\/li><\/ul>\t\t\t\t\t<\/div>\n\t\t\t\t\t\t<\/div>\n\t\t\t\t<\/div>\n\t\t<\/div><div class=\"elementor-element elementor-element-97b9f04 e-container--column e-container\" data-id=\"97b9f04\" data-element_type=\"container\">\t\t<div class=\"elementor-element elementor-element-3741e53 e-container--column e-container\" data-id=\"3741e53\" data-element_type=\"container\">\t\t\t\t<div class=\"elementor-element elementor-element-9fa4bf7 elementor-widget elementor-widget-heading\" data-id=\"9fa4bf7\" data-element_type=\"widget\" data-widget_type=\"heading.default\">\n\t\t\t\t<div class=\"elementor-widget-container\">\n\t\t\t<h2 class=\"elementor-heading-title elementor-size-default\"><b>Normativa<\/b><\/h2>\t\t<\/div>\n\t\t\t\t<\/div>\n\t\t\t\t<div class=\"elementor-element elementor-element-48a9088 elementor-widget elementor-widget-text-editor\" data-id=\"48a9088\" data-element_type=\"widget\" data-widget_type=\"text-editor.default\">\n\t\t\t\t<div class=\"elementor-widget-container\">\n\t\t\t\t\t\t\t\t<div class=\"elementor-text-editor elementor-clearfix\">\n\t\t\t\t<ul><li><a href=\"https:\/\/www.medellin.gov.co\/es\/wp-content\/uploads\/2023\/09\/Acuerdo-021-de-2020-Movilidad-sostenible-y-segura.pdf\" target=\"_blank\" rel=\"noopener\">Acuerdo 021 de 2020 &#8211; Movilidad sostenible y segura<\/a><\/li><li><a href=\"https:\/\/www.medellin.gov.co\/es\/wp-content\/uploads\/2023\/09\/Conpes-3991-de-2020-Politica-Nacional-de-Movilidad-Urbana-y-Regional.pdf\" target=\"_blank\" rel=\"noopener\">Conpes 3991 de 2020 &#8211; Politica Nacional de Movilidad Urbana y Regional<\/a><\/li><li><a href=\"https:\/\/www.medellin.gov.co\/es\/wp-content\/uploads\/2023\/09\/Decreto-171-de-2012-Medellin.pdf\" target=\"_blank\" rel=\"noopener\">Decreto 171 de 2012 &#8211; Medell\u00edn<\/a><\/li><li><a href=\"https:\/\/www.medellin.gov.co\/es\/wp-content\/uploads\/2023\/09\/Decreto-0261-de-2019-Vision-Cero-para-Medellin.pdf\" target=\"_blank\" rel=\"noopener\">Decreto 0261 de 2019 &#8211; Visi\u00f3n Cero para Medell\u00edn<\/a><\/li><li><a href=\"https:\/\/www.medellin.gov.co\/es\/wp-content\/uploads\/2023\/09\/Decreto-947-de-2021-Medellin.pdf\" target=\"_blank\" rel=\"noopener\">Decreto 947 de 2021 &#8211; Medell\u00edn<\/a><\/li><li><a href=\"https:\/\/www.medellin.gov.co\/es\/wp-content\/uploads\/2023\/09\/Decreto-1165-de-2020-Medellin.pdf\" target=\"_blank\" rel=\"noopener\">Decreto 1165 de 2020 &#8211; Medell\u00edn<\/a><\/li><li><a href=\"https:\/\/www.medellin.gov.co\/es\/wp-content\/uploads\/2023\/09\/Decreto-1430-de-2022-Colombia-PNSV.pdf\" target=\"_blank\" rel=\"noopener\">Decreto 1430 de 2022 &#8211; Colombia (PNSV)<\/a><\/li><li><a href=\"https:\/\/www.medellin.gov.co\/es\/wp-content\/uploads\/2023\/09\/Decreto-2851-de-2013-Reg.-articulos-1503.pdf\" target=\"_blank\" rel=\"noopener\">Decreto 2851 de 2013 Reg. articulos 1503<\/a><\/li><li><a href=\"https:\/\/www.medellin.gov.co\/es\/wp-content\/uploads\/2023\/09\/Ley-769-de-2002-Codigo-Nacional-de-Transito.pdf\" target=\"_blank\" rel=\"noopener\">Ley 769 de 2002 Codigo Nacional de Tr\u00e1nsito<\/a><\/li><li><a href=\"https:\/\/www.medellin.gov.co\/es\/wp-content\/uploads\/2023\/09\/Ley-1383-de-2010-Reforma-codigo-de-transito.pdf\" target=\"_blank\" rel=\"noopener\">Ley 1383 de 2010 Reforma c\u00f3digo de tr\u00e1nsito<\/a><\/li><li><a href=\"https:\/\/www.medellin.gov.co\/es\/wp-content\/uploads\/2023\/09\/Ley-1503-de-2011-Educacion-segura-en-la-via.pdf\" target=\"_blank\" rel=\"noopener\">Ley 1503 de 2011 &#8211; Educaci\u00f3n segura en la v\u00eda<\/a><\/li><li><a href=\"https:\/\/www.medellin.gov.co\/es\/wp-content\/uploads\/2023\/09\/Ley-1702-de-2013-ANSV.pdf\" target=\"_blank\" rel=\"noopener\">Ley 1702 de 2013 &#8211; ANSV<\/a><\/li><li><a href=\"https:\/\/www.medellin.gov.co\/es\/wp-content\/uploads\/2023\/09\/Ley-2050-de-2020-Planes-de-Seguridad-Vial.pdf\" target=\"_blank\" rel=\"noopener\">Ley 2050 de 2020 &#8211; Planes de Seguridad Vial<\/a><\/li><li><a href=\"https:\/\/www.medellin.gov.co\/es\/wp-content\/uploads\/2023\/09\/Ley-2251-de-2022-Julian-Esteban.pdf\" target=\"_blank\" rel=\"noopener\">Ley 2251 de 2022<\/a><\/li><li><a href=\"https:\/\/www.medellin.gov.co\/es\/wp-content\/uploads\/2023\/09\/Resolucion-992-de-2007-Medellin.pdf\" target=\"_blank\" rel=\"noopener\">Resoluci\u00f3n 992 de 2007 &#8211; Medell\u00edn<\/a><\/li><li><a href=\"https:\/\/www.medellin.gov.co\/es\/wp-content\/uploads\/2023\/09\/Resolucion-2585-de-2016-Medellin.pdf\" target=\"_blank\" rel=\"noopener\">Resoluci\u00f3n 2585 de 2016 &#8211; Medell\u00edn<\/a><\/li><li><a href=\"https:\/\/www.medellin.gov.co\/es\/wp-content\/uploads\/2023\/09\/Resolucion-7495-de-2020-Evaluacion-de-los-planes.pdf\" target=\"_blank\" rel=\"noopener\">Resoluci\u00f3n 7495 de 2020 &#8211; Evaluaci\u00f3n de los planes<\/a><\/li><li><a href=\"https:\/\/www.medellin.gov.co\/es\/wp-content\/uploads\/2023\/09\/Resolucion-15885-de-2020-Planes-de-Movilidad-Sostenible-y-Segura.pdf\" target=\"_blank\" rel=\"noopener\">Resoluci\u00f3n 15885 de 2020 &#8211; Planes de Movilidad Sostenible y Segura<\/a><\/li><li><a href=\"https:\/\/www.medellin.gov.co\/es\/wp-content\/uploads\/2023\/09\/Resolucion-25895-de-2023-Planes-de-gestion-de-la-velocidad.pdf\" target=\"_blank\" rel=\"noopener\">Resoluci\u00f3n 25895 de 2023 &#8211; Planes de gesti\u00f3n de la velocidad<\/a><\/li><li><a href=\"https:\/\/www.medellin.gov.co\/es\/wp-content\/uploads\/2023\/09\/Resolucion-25995-de-2023-Limites-de-velocidad.pdf\" target=\"_blank\" rel=\"noopener\">Resoluci\u00f3n 25995 de 2023 &#8211; L\u00edmites de velocidad<\/a><\/li><li><a href=\"https:\/\/www.medellin.gov.co\/es\/wp-content\/uploads\/2023\/09\/Resolucion-40595-de-2022-Planes-se-seguridad-vial.pdf\" target=\"_blank\" rel=\"noopener\">Resoluci\u00f3n 40595 de 2022 &#8211; Planes se seguridad vial<\/a><\/li><li><a href=\"https:\/\/www.medellin.gov.co\/es\/wp-content\/uploads\/2023\/09\/Resolucion-64255-de-2010-ONU.pdf\" target=\"_blank\" rel=\"noopener\">Resoluci\u00f3n 64255 de 2010 &#8211; ONU<\/a><\/li><li><a href=\"https:\/\/www.medellin.gov.co\/es\/wp-content\/uploads\/2023\/09\/Resolucion-20223040067515-ENMA.pdf\" target=\"_blank\" rel=\"noopener\">Resoluci\u00f3n 20223040067515 &#8211; ENMA<\/a><\/li><\/ul>\t\t\t\t\t<\/div>\n\t\t\t\t\t\t<\/div>\n\t\t\t\t<\/div>\n\t\t<\/div><\/div>\t\t\t\t\t\t\t<\/div>\n\t\t\t<\/div>\n\t\t\t\t\t<\/div>\n\t\t","protected":false},"excerpt":{"rendered":"<p>Componente de an\u00e1lisis normativo Seguimiento a los procesos de revisi\u00f3n y propuestas de mejora a la normativa urbana, de transporte y tr\u00e1nsito mediante ejercicios acad\u00e9micos, investigativos y aplicados para la toma de decisiones. \u00a0 Informes &#8230;<\/p>\n","protected":false},"author":31,"featured_media":193866,"parent":198015,"menu_order":0,"comment_status":"closed","ping_status":"closed","template":"sec-movilidad\/elementor.php","meta":[],"acf":[],"_links":{"self":[{"href":"https:\/\/www.medellin.gov.co\/es\/wp-json\/wp\/v2\/pages\/252507"}],"collection":[{"href":"https:\/\/www.medellin.gov.co\/es\/wp-json\/wp\/v2\/pages"}],"about":[{"href":"https:\/\/www.medellin.gov.co\/es\/wp-json\/wp\/v2\/types\/page"}],"author":[{"embeddable":true,"href":"https:\/\/www.medellin.gov.co\/es\/wp-json\/wp\/v2\/users\/31"}],"replies":[{"embeddable":true,"href":"https:\/\/www.medellin.gov.co\/es\/wp-json\/wp\/v2\/comments?post=252507"}],"version-history":[{"count":10,"href":"https:\/\/www.medellin.gov.co\/es\/wp-json\/wp\/v2\/pages\/252507\/revisions"}],"predecessor-version":[{"id":283079,"href":"https:\/\/www.medellin.gov.co\/es\/wp-json\/wp\/v2\/pages\/252507\/revisions\/283079"}],"up":[{"embeddable":true,"href":"https:\/\/www.medellin.gov.co\/es\/wp-json\/wp\/v2\/pages\/198015"}],"wp:featuredmedia":[{"embeddable":true,"href":"https:\/\/www.medellin.gov.co\/es\/wp-json\/wp\/v2\/media\/193866"}],"wp:attachment":[{"href":"https:\/\/www.medellin.gov.co\/es\/wp-json\/wp\/v2\/media?parent=252507"}],"curies":[{"name":"wp","href":"https:\/\/api.w.org\/{rel}","templated":true}]}}