{"id":256004,"date":"2023-09-28T21:29:19","date_gmt":"2023-09-29T02:29:19","guid":{"rendered":"https:\/\/www.medellin.gov.co\/es\/?page_id=256004"},"modified":"2023-10-11T08:17:50","modified_gmt":"2023-10-11T13:17:50","slug":"borrado-seguro-medellin-me-cuida","status":"publish","type":"page","link":"https:\/\/www.medellin.gov.co\/es\/secretaria-de-innovacion-digital\/borrado-seguro-medellin-me-cuida\/","title":{"rendered":"Borrado seguro Medell\u00edn me Cuida"},"content":{"rendered":"\t\t<div data-elementor-type=\"wp-page\" data-elementor-id=\"256004\" class=\"elementor elementor-256004\">\n\t\t\t\t\t\t<div class=\"elementor-inner\">\n\t\t\t\t<div class=\"elementor-section-wrap\">\n\t\t\t\t\t\t\t<div class=\"elementor-element elementor-element-cd8bbf2 e-container--column e-container\" data-id=\"cd8bbf2\" data-element_type=\"container\">\t\t<div class=\"elementor-element elementor-element-73ea188 e-container--column e-container\" data-id=\"73ea188\" data-element_type=\"container\">\t\t\t\t<div class=\"elementor-element elementor-element-d8f3faf elementor-widget elementor-widget-heading\" data-id=\"d8f3faf\" data-element_type=\"widget\" data-widget_type=\"heading.default\">\n\t\t\t\t<div class=\"elementor-widget-container\">\n\t\t\t<h1 class=\"elementor-heading-title elementor-size-default\">Consulta la eliminaci\u00f3n de la base de datos Medell\u00edn Me Cuida <\/h1>\t\t<\/div>\n\t\t\t\t<\/div>\n\t\t<\/div><\/div><div class=\"elementor-element elementor-element-a3f72ed e-container--row e-container\" data-id=\"a3f72ed\" data-element_type=\"container\">\t\t<div class=\"elementor-element elementor-element-456585f e-container--column e-container\" data-id=\"456585f\" data-element_type=\"container\">\t\t\t\t<div class=\"elementor-element elementor-element-f799eb4 elementor-widget elementor-widget-text-editor\" data-id=\"f799eb4\" data-element_type=\"widget\" data-widget_type=\"text-editor.default\">\n\t\t\t\t<div class=\"elementor-widget-container\">\n\t\t\t\t\t\t\t\t<div class=\"elementor-text-editor elementor-clearfix\">\n\t\t\t\t<p>En este enlace podr\u00e1s verificar si estuviste o no inscrito en la base de datos Medell\u00edn Me Cuida y obtener una confirmaci\u00f3n de la eliminaci\u00f3n\u00a0de\u00a0tus\u00a0datos.<\/p><p>Medell\u00edn Me Cuida es una estrategia que surge como respuesta a la situaci\u00f3n mundial generada por la pandemia del COVID-19, por lo que se concibi\u00f3 en el Plan de Desarrollo Medell\u00edn Futuro 2020- 2023, como una serie de programas encaminados a acciones protectoras de la vida y de la integridad de las personas. Como parte de ello, se cre\u00f3 la base de datos, que fue insumo para las autoridades, las empresas y los ciudadanos cuando se dio la reactivaci\u00f3n econ\u00f3mica. <\/p>\t\t\t\t\t<\/div>\n\t\t\t\t\t\t<\/div>\n\t\t\t\t<\/div>\n\t\t\t\t<div class=\"elementor-element elementor-element-8651d64 elementor-tablet-align-left elementor-mobile-align-center elementor-widget elementor-widget-button\" data-id=\"8651d64\" data-element_type=\"widget\" data-widget_type=\"button.default\">\n\t\t\t\t<div class=\"elementor-widget-container\">\n\t\t\t\t\t<div class=\"elementor-button-wrapper\">\n\t\t\t<a href=\"https:\/\/www.medellin.gov.co\/eliminacionmmc%20\" target=\"_blank\" class=\"elementor-button-link elementor-button elementor-size-sm\" role=\"button\">\n\t\t\t\t\t\t<span class=\"elementor-button-content-wrapper\">\n\t\t\t\t\t\t<span class=\"elementor-button-text\">Consulta aqu\u00ed<\/span>\n\t\t<\/span>\n\t\t\t\t\t<\/a>\n\t\t<\/div>\n\t\t\t\t<\/div>\n\t\t\t\t<\/div>\n\t\t<\/div><div class=\"elementor-element elementor-element-484b276 e-container--column e-container\" data-id=\"484b276\" data-element_type=\"container\">\t\t\t\t<div class=\"elementor-element elementor-element-aa59bce elementor-widget elementor-widget-image\" data-id=\"aa59bce\" data-element_type=\"widget\" data-widget_type=\"image.default\">\n\t\t\t\t<div class=\"elementor-widget-container\">\n\t\t\t\t\t\t\t\t<div class=\"elementor-image\">\n\t\t\t\t\t\t\t\t\t\t\t\t<img width=\"1200\" height=\"800\" src=\"https:\/\/www.medellin.gov.co\/es\/wp-content\/uploads\/2023\/09\/personas-y-tecnologia.jpg\" class=\"attachment-1536x1536 size-1536x1536\" alt=\"Personas y tecnolog\u00eda\" loading=\"lazy\" srcset=\"https:\/\/www.medellin.gov.co\/es\/wp-content\/uploads\/2023\/09\/personas-y-tecnologia.jpg 1200w, https:\/\/www.medellin.gov.co\/es\/wp-content\/uploads\/2023\/09\/personas-y-tecnologia-300x200.jpg 300w, https:\/\/www.medellin.gov.co\/es\/wp-content\/uploads\/2023\/09\/personas-y-tecnologia-1024x683.jpg 1024w, https:\/\/www.medellin.gov.co\/es\/wp-content\/uploads\/2023\/09\/personas-y-tecnologia-150x100.jpg 150w, https:\/\/www.medellin.gov.co\/es\/wp-content\/uploads\/2023\/09\/personas-y-tecnologia-768x512.jpg 768w\" sizes=\"(max-width: 1200px) 100vw, 1200px\" \/>\t\t\t\t\t\t\t\t\t\t\t\t\t\t<\/div>\n\t\t\t\t\t\t<\/div>\n\t\t\t\t<\/div>\n\t\t<\/div><\/div>\t\t\t\t\t\t\t<\/div>\n\t\t\t<\/div>\n\t\t\t\t\t<\/div>\n\t\t","protected":false},"excerpt":{"rendered":"<p>Consulta la eliminaci\u00f3n de la base de datos Medell\u00edn Me Cuida En este enlace podr\u00e1s verificar si estuviste o no inscrito en la base de datos Medell\u00edn Me Cuida y obtener una confirmaci\u00f3n de la &#8230;<\/p>\n","protected":false},"author":4,"featured_media":20893,"parent":20462,"menu_order":0,"comment_status":"closed","ping_status":"closed","template":"sec-innovacion\/elementor.php","meta":[],"acf":[],"_links":{"self":[{"href":"https:\/\/www.medellin.gov.co\/es\/wp-json\/wp\/v2\/pages\/256004"}],"collection":[{"href":"https:\/\/www.medellin.gov.co\/es\/wp-json\/wp\/v2\/pages"}],"about":[{"href":"https:\/\/www.medellin.gov.co\/es\/wp-json\/wp\/v2\/types\/page"}],"author":[{"embeddable":true,"href":"https:\/\/www.medellin.gov.co\/es\/wp-json\/wp\/v2\/users\/4"}],"replies":[{"embeddable":true,"href":"https:\/\/www.medellin.gov.co\/es\/wp-json\/wp\/v2\/comments?post=256004"}],"version-history":[{"count":10,"href":"https:\/\/www.medellin.gov.co\/es\/wp-json\/wp\/v2\/pages\/256004\/revisions"}],"predecessor-version":[{"id":263307,"href":"https:\/\/www.medellin.gov.co\/es\/wp-json\/wp\/v2\/pages\/256004\/revisions\/263307"}],"up":[{"embeddable":true,"href":"https:\/\/www.medellin.gov.co\/es\/wp-json\/wp\/v2\/pages\/20462"}],"wp:featuredmedia":[{"embeddable":true,"href":"https:\/\/www.medellin.gov.co\/es\/wp-json\/wp\/v2\/media\/20893"}],"wp:attachment":[{"href":"https:\/\/www.medellin.gov.co\/es\/wp-json\/wp\/v2\/media?parent=256004"}],"curies":[{"name":"wp","href":"https:\/\/api.w.org\/{rel}","templated":true}]}}