{"id":25909,"date":"2021-11-02T15:03:05","date_gmt":"2021-11-02T20:03:05","guid":{"rendered":"https:\/\/www.medellin.gov.co\/es\/?page_id=25909"},"modified":"2025-03-06T10:18:25","modified_gmt":"2025-03-06T15:18:25","slug":"portal-ninos","status":"publish","type":"page","link":"https:\/\/www.medellin.gov.co\/es\/portal-ninos\/","title":{"rendered":"Portal Ni\u00f1os"},"content":{"rendered":"\t\t<div data-elementor-type=\"wp-page\" data-elementor-id=\"25909\" class=\"elementor elementor-25909\">\n\t\t\t\t\t\t<div class=\"elementor-inner\">\n\t\t\t\t<div class=\"elementor-section-wrap\">\n\t\t\t\t\t\t\t\t\t<section class=\"elementor-section elementor-top-section elementor-element elementor-element-ab84013 elementor-section-full_width elementor-section-stretched elementor-section-height-default elementor-section-height-default\" data-id=\"ab84013\" data-element_type=\"section\" data-settings=\"{&quot;stretch_section&quot;:&quot;section-stretched&quot;,&quot;background_background&quot;:&quot;classic&quot;}\">\n\t\t\t\t\t\t<div class=\"elementor-container elementor-column-gap-default\">\n\t\t\t\t\t\t\t<div class=\"elementor-row\">\n\t\t\t\t\t<div class=\"elementor-column elementor-col-100 elementor-top-column elementor-element elementor-element-33850ba\" data-id=\"33850ba\" data-element_type=\"column\">\n\t\t\t<div class=\"elementor-column-wrap elementor-element-populated\">\n\t\t\t\t\t\t\t<div class=\"elementor-widget-wrap\">\n\t\t\t\t\t\t<div class=\"elementor-element elementor-element-af70f1c elementor-widget elementor-widget-heading\" data-id=\"af70f1c\" data-element_type=\"widget\" data-widget_type=\"heading.default\">\n\t\t\t\t<div class=\"elementor-widget-container\">\n\t\t\t<h2 class=\"elementor-heading-title elementor-size-default\">Portal de ni\u00f1os y ni\u00f1as<\/h2>\t\t<\/div>\n\t\t\t\t<\/div>\n\t\t\t\t\t\t<\/div>\n\t\t\t\t\t<\/div>\n\t\t<\/div>\n\t\t\t\t\t\t\t\t<\/div>\n\t\t\t\t\t<\/div>\n\t\t<\/section>\n\t\t\t\t<section class=\"elementor-section elementor-top-section elementor-element elementor-element-e05b75c elementor-section-full_width elementor-section-height-min-height elementor-section-stretched elementor-section-items-stretch elementor-section-height-default\" data-id=\"e05b75c\" data-element_type=\"section\" id=\"background-ninos\" data-settings=\"{&quot;stretch_section&quot;:&quot;section-stretched&quot;,&quot;background_background&quot;:&quot;classic&quot;}\">\n\t\t\t\t\t\t\t<div class=\"elementor-background-overlay\"><\/div>\n\t\t\t\t\t\t\t<div class=\"elementor-container elementor-column-gap-no\">\n\t\t\t\t\t\t\t<div class=\"elementor-row\">\n\t\t\t\t\t<div class=\"elementor-column elementor-col-100 elementor-top-column elementor-element elementor-element-102be83 elementor-invisible\" data-id=\"102be83\" data-element_type=\"column\" data-settings=\"{&quot;background_background&quot;:&quot;classic&quot;,&quot;motion_fx_motion_fx_mouse&quot;:&quot;yes&quot;,&quot;animation&quot;:&quot;zoomIn&quot;}\">\n\t\t\t<div class=\"elementor-column-wrap elementor-element-populated\">\n\t\t\t\t\t<div class=\"elementor-background-overlay\"><\/div>\n\t\t\t\t\t\t\t<div class=\"elementor-widget-wrap\">\n\t\t\t\t\t\t<div class=\"elementor-element elementor-element-9a31fc3 animated-slow elementor-invisible elementor-widget elementor-widget-html\" data-id=\"9a31fc3\" data-element_type=\"widget\" data-settings=\"{&quot;_animation&quot;:&quot;rubberBand&quot;}\" data-widget_type=\"html.default\">\n\t\t\t\t<div class=\"elementor-widget-container\">\n\t\t\t   <div id=\"contenedor-botones-ninos\">\r\n       \r\n        <div class=\"container-box\">\r\n\r\n        <a href=\"https:\/\/www.medellin.gov.co\/es\/portal-ninos\/menu-1-5\/\">\r\n            <div class=\"box box1\">\r\n                <img src=\"\" alt=\"\">\r\n                <div class=\"container-texto\">\r\n                <h2>De 1 a 5 a\u00f1os<\/h2>\r\n                <\/div>\r\n                \r\n                <div class=\"check\">\r\n                   <i class=\"fas fa-sort-down\"><\/i>\r\n                <\/div>\r\n                \r\n            <\/div>\r\n          <\/a>\r\n            \r\n\r\n            <a href=\"https:\/\/www.medellin.gov.co\/es\/portal-ninos\/menu-6-8\/\">\r\n            <div class=\"box box2\">\r\n                <img src=\"\" alt=\"\">\r\n                <div class=\"container-texto\">\r\n                     <h2>De 6 a 8 a\u00f1os<\/h2>\r\n                <\/div>\r\n\r\n                <div class=\"check\">\r\n                    <i class=\"fas fa-sort-down\"><\/i>\r\n                <\/div>\r\n            <\/div>\r\n            <\/a>\r\n\r\n     <a href=\"https:\/\/www.medellin.gov.co\/es\/portal-ninos\/menu-9-12\/\">\r\n            <div class=\"box box3\">\r\n                <img src=\"\" alt=\"\">\r\n                \r\n                <div class=\"container-texto\">\r\n                     <h2>De 9 a 12 a\u00f1os<\/h2>\r\n                <\/div>\r\n\r\n                <div class=\"check\">\r\n                    <i class=\"fas fa-sort-down\"><\/i>\r\n                <\/div>\r\n            <\/div>\r\n            <\/a>\r\n\r\n        <\/div>\r\n\r\n    <\/div>\r\n    \r\n    \r\n    <script>\r\n \r\ndocument.querySelector(\".box1\").addEventListener(\"mouseover\", box_selected1);\r\ndocument.querySelector(\".box1\").addEventListener(\"mouseout\", box_unselected1);\r\ndocument.querySelector(\".box2\").addEventListener(\"mouseover\", box_selected2);\r\ndocument.querySelector(\".box2\").addEventListener(\"mouseout\", box_unselected2);\r\ndocument.querySelector(\".box3\").addEventListener(\"mouseover\", box_selected3);\r\ndocument.querySelector(\".box3\").addEventListener(\"mouseout\", box_unselected3);\r\n\r\n\r\n\/\/declarando variables\r\n\r\n\/\/box1\r\nbox1 = document.querySelector(\".box1\");\r\n\r\n\r\n\/\/box2\r\nbox2 = document.querySelector(\".box2\");\r\n\r\n\r\n\/\/box3\r\nbox3 = document.querySelector(\".box3\");\r\n\r\n\r\nvalue_box = 0;\r\n\r\nfunction box_selected1 () {\r\n    box1.style.opacity = '1';\r\n    box2.style.opacity = '0.7';\r\n    box3.style.opacity = '0.7';\r\n    \r\n    value_box = 1;\r\n    console.log(value_box);\r\n}\r\n\r\nfunction box_unselected1 () {\r\n    box1.style.opacity = '1';\r\n    box2.style.opacity = '1';\r\n    box3.style.opacity = '1';\r\n}\r\n\r\nfunction box_selected2 () {\r\n    box1.style.opacity = '0.7';\r\n    box2.style.opacity = '1';\r\n    box3.style.opacity = '0.7';\r\n\r\n    value_box = 2;\r\n    console.log(value_box);\r\n}\r\n\r\nfunction box_unselected2 () {\r\n    box1.style.opacity = '1';\r\n    box2.style.opacity = '1';\r\n    box3.style.opacity = '1';\r\n}\r\n\r\nfunction box_selected3 () {\r\n    box1.style.opacity = '0.7';\r\n    box2.style.opacity = '0.7';\r\n    box3.style.opacity = '1';\r\n\r\n    value_box = 3;\r\n    console.log(value_box);\r\n}\r\n\r\nfunction box_unselected3 () {\r\n    box1.style.opacity = '1';\r\n    box2.style.opacity = '1';\r\n    box3.style.opacity = '1';\r\n    \r\n}\r\n     \r\n <\/script>\r\n    \r\n    \r\n    \r\n    \r\n\r\n    \r\n    \t\t<\/div>\n\t\t\t\t<\/div>\n\t\t\t\t\t\t<\/div>\n\t\t\t\t\t<\/div>\n\t\t<\/div>\n\t\t\t\t\t\t\t\t<\/div>\n\t\t\t\t\t<\/div>\n\t\t<\/section>\n\t\t\t\t<section class=\"elementor-section elementor-top-section elementor-element elementor-element-cab3d3f elementor-section-full_width elementor-section-stretched elementor-section-height-default elementor-section-height-default\" data-id=\"cab3d3f\" data-element_type=\"section\" data-settings=\"{&quot;stretch_section&quot;:&quot;section-stretched&quot;,&quot;background_background&quot;:&quot;classic&quot;}\">\n\t\t\t\t\t\t<div class=\"elementor-container elementor-column-gap-default\">\n\t\t\t\t\t\t\t<div class=\"elementor-row\">\n\t\t\t\t\t<div class=\"elementor-column elementor-col-100 elementor-top-column elementor-element elementor-element-7761aa7\" data-id=\"7761aa7\" data-element_type=\"column\">\n\t\t\t<div class=\"elementor-column-wrap elementor-element-populated\">\n\t\t\t\t\t\t\t<div class=\"elementor-widget-wrap\">\n\t\t\t\t\t\t<div class=\"elementor-element elementor-element-47d6fae elementor-hidden-tablet elementor-hidden-mobile elementor-widget elementor-widget-text-editor\" data-id=\"47d6fae\" data-element_type=\"widget\" data-widget_type=\"text-editor.default\">\n\t\t\t\t<div class=\"elementor-widget-container\">\n\t\t\t\t\t\t\t\t<div class=\"elementor-text-editor elementor-clearfix\">\n\t\t\t\t<p>\u00a1Hola, amigos y amigas! Aqu\u00ed es donde me gusta estar porque es un lugar para nosotros. <br \/>Esta p\u00e1gina tiene juegos, videos, fotos y muchas sorpresas con las que me divierto un mont\u00f3n y aprendo.<br \/>\u00a1Seguro tambi\u00e9n te encantar\u00e1!<\/p><p>Lo mejor es que ac\u00e1 tambi\u00e9n conocemos lugares lindos de Medell\u00edn para visitar con la familia y los amigos.<\/p><p>\u00a1Entra, que te estamos esperando!<\/p>\t\t\t\t\t<\/div>\n\t\t\t\t\t\t<\/div>\n\t\t\t\t<\/div>\n\t\t\t\t\t\t<\/div>\n\t\t\t\t\t<\/div>\n\t\t<\/div>\n\t\t\t\t\t\t\t\t<\/div>\n\t\t\t\t\t<\/div>\n\t\t<\/section>\n\t\t\t\t\t\t\t\t\t<\/div>\n\t\t\t<\/div>\n\t\t\t\t\t<\/div>\n\t\t","protected":false},"excerpt":{"rendered":"<p>Portal de ni\u00f1os y ni\u00f1as De 1 a 5 a\u00f1os De 6 a 8 a\u00f1os De 9 a 12 a\u00f1os &nbsp; \u00a1Hola, amigos y amigas! Aqu\u00ed es donde me gusta estar porque es un lugar &#8230;<\/p>\n","protected":false},"author":1,"featured_media":0,"parent":0,"menu_order":320,"comment_status":"closed","ping_status":"closed","template":"portal-ninos\/inicio.php","meta":[],"acf":[],"_links":{"self":[{"href":"https:\/\/www.medellin.gov.co\/es\/wp-json\/wp\/v2\/pages\/25909"}],"collection":[{"href":"https:\/\/www.medellin.gov.co\/es\/wp-json\/wp\/v2\/pages"}],"about":[{"href":"https:\/\/www.medellin.gov.co\/es\/wp-json\/wp\/v2\/types\/page"}],"author":[{"embeddable":true,"href":"https:\/\/www.medellin.gov.co\/es\/wp-json\/wp\/v2\/users\/1"}],"replies":[{"embeddable":true,"href":"https:\/\/www.medellin.gov.co\/es\/wp-json\/wp\/v2\/comments?post=25909"}],"version-history":[{"count":10,"href":"https:\/\/www.medellin.gov.co\/es\/wp-json\/wp\/v2\/pages\/25909\/revisions"}],"predecessor-version":[{"id":390264,"href":"https:\/\/www.medellin.gov.co\/es\/wp-json\/wp\/v2\/pages\/25909\/revisions\/390264"}],"wp:attachment":[{"href":"https:\/\/www.medellin.gov.co\/es\/wp-json\/wp\/v2\/media?parent=25909"}],"curies":[{"name":"wp","href":"https:\/\/api.w.org\/{rel}","templated":true}]}}