{"id":263474,"date":"2023-10-11T10:47:03","date_gmt":"2023-10-11T15:47:03","guid":{"rendered":"https:\/\/www.medellin.gov.co\/es\/?page_id=263474"},"modified":"2023-10-12T10:09:52","modified_gmt":"2023-10-12T15:09:52","slug":"geomedellin","status":"publish","type":"page","link":"https:\/\/www.medellin.gov.co\/es\/departamento-administrativo-de-planeacion\/instrumentos-informacion-geografica-del-distrito-de-medellin\/geomedellin\/","title":{"rendered":"GeoMedell\u00edn"},"content":{"rendered":"\t\t<div data-elementor-type=\"wp-page\" data-elementor-id=\"263474\" class=\"elementor elementor-263474\">\n\t\t\t\t\t\t<div class=\"elementor-inner\">\n\t\t\t\t<div class=\"elementor-section-wrap\">\n\t\t\t\t\t\t\t<div class=\"elementor-element elementor-element-72349d5 e-container--column e-container\" data-id=\"72349d5\" data-element_type=\"container\">\t\t<div class=\"elementor-element elementor-element-28247c3 e-container--column e-container\" data-id=\"28247c3\" data-element_type=\"container\">\t\t\t\t<div class=\"elementor-element elementor-element-1000fd4 elementor-widget elementor-widget-heading\" data-id=\"1000fd4\" data-element_type=\"widget\" data-widget_type=\"heading.default\">\n\t\t\t\t<div class=\"elementor-widget-container\">\n\t\t\t<h1 class=\"elementor-heading-title elementor-size-default\">GeoMedell\u00edn<\/h1>\t\t<\/div>\n\t\t\t\t<\/div>\n\t\t<\/div><\/div><div class=\"elementor-element elementor-element-902f2d1 e-container--row e-container\" data-id=\"902f2d1\" data-element_type=\"container\">\t\t<div class=\"elementor-element elementor-element-d105169 e-container--row e-container\" data-id=\"d105169\" data-element_type=\"container\">\t\t<div class=\"elementor-element elementor-element-7627044 e-container--column e-container\" data-id=\"7627044\" data-element_type=\"container\">\t\t\t\t<div class=\"elementor-element elementor-element-4e5595f elementor-widget elementor-widget-image\" data-id=\"4e5595f\" data-element_type=\"widget\" data-widget_type=\"image.default\">\n\t\t\t\t<div class=\"elementor-widget-container\">\n\t\t\t\t\t\t\t\t<div class=\"elementor-image\">\n\t\t\t\t\t\t\t\t\t\t\t\t<img width=\"855\" height=\"119\" src=\"https:\/\/www.medellin.gov.co\/es\/wp-content\/uploads\/2023\/10\/logo-geomedellin.png\" class=\"attachment-large size-large\" alt=\"Logo Geo Medell\u00edn\" loading=\"lazy\" srcset=\"https:\/\/www.medellin.gov.co\/es\/wp-content\/uploads\/2023\/10\/logo-geomedellin.png 855w, https:\/\/www.medellin.gov.co\/es\/wp-content\/uploads\/2023\/10\/logo-geomedellin-300x42.png 300w, https:\/\/www.medellin.gov.co\/es\/wp-content\/uploads\/2023\/10\/logo-geomedellin-150x21.png 150w, https:\/\/www.medellin.gov.co\/es\/wp-content\/uploads\/2023\/10\/logo-geomedellin-768x107.png 768w\" sizes=\"(max-width: 855px) 100vw, 855px\" \/>\t\t\t\t\t\t\t\t\t\t\t\t\t\t<\/div>\n\t\t\t\t\t\t<\/div>\n\t\t\t\t<\/div>\n\t\t\t\t<div class=\"elementor-element elementor-element-8d60afe elementor-widget elementor-widget-text-editor\" data-id=\"8d60afe\" data-element_type=\"widget\" data-widget_type=\"text-editor.default\">\n\t\t\t\t<div class=\"elementor-widget-container\">\n\t\t\t\t\t\t\t\t<div class=\"elementor-text-editor elementor-clearfix\">\n\t\t\t\t<p>Es el portal Geogr\u00e1fico del Distrito de Medell\u00edn. Cuenta con espacios para la consulta de aplicaciones, la descarga datos abiertos, la visualizaci\u00f3n de geoservicios y la documentaci\u00f3n generada para su adecuado uso.<\/p><p>GeoMedell\u00edn ha sido renovado para proporcionar una mejor experiencia de usuario. Ahora es posible calificar los productos, evaluar el nivel de satisfacci\u00f3n del sitio y enviar sugerencias. Adem\u00e1s, incluye los componentes de accesibilidad y usabilidad que exige MINTIC.<\/p>\t\t\t\t\t<\/div>\n\t\t\t\t\t\t<\/div>\n\t\t\t\t<\/div>\n\t\t\t\t<div class=\"elementor-element elementor-element-a543cbe elementor-tablet-align-left elementor-mobile-align-center elementor-widget elementor-widget-button\" data-id=\"a543cbe\" data-element_type=\"widget\" data-widget_type=\"button.default\">\n\t\t\t\t<div class=\"elementor-widget-container\">\n\t\t\t\t\t<div class=\"elementor-button-wrapper\">\n\t\t\t<a href=\"https:\/\/www.medellin.gov.co\/geomedellin\/\" target=\"_blank\" class=\"elementor-button-link elementor-button elementor-size-sm\" role=\"button\">\n\t\t\t\t\t\t<span class=\"elementor-button-content-wrapper\">\n\t\t\t\t\t\t<span class=\"elementor-button-text\">Conocer GeoMedell\u00edn<\/span>\n\t\t<\/span>\n\t\t\t\t\t<\/a>\n\t\t<\/div>\n\t\t\t\t<\/div>\n\t\t\t\t<\/div>\n\t\t\t\t<div class=\"elementor-element elementor-element-585c28a elementor-widget elementor-widget-text-editor\" data-id=\"585c28a\" data-element_type=\"widget\" data-widget_type=\"text-editor.default\">\n\t\t\t\t<div class=\"elementor-widget-container\">\n\t\t\t\t\t\t\t\t<div class=\"elementor-text-editor elementor-clearfix\">\n\t\t\t\t<p><strong>Desde GeoMedellin es posible acceder a los instrumentos de gesti\u00f3n de la informaci\u00f3n geogr\u00e1fica<\/strong><\/p>\t\t\t\t\t<\/div>\n\t\t\t\t\t\t<\/div>\n\t\t\t\t<\/div>\n\t\t\t\t<div class=\"elementor-element elementor-element-b401a2a elementor-tablet-align-left elementor-mobile-align-center elementor-widget elementor-widget-button\" data-id=\"b401a2a\" data-element_type=\"widget\" data-widget_type=\"button.default\">\n\t\t\t\t<div class=\"elementor-widget-container\">\n\t\t\t\t\t<div class=\"elementor-button-wrapper\">\n\t\t\t<a href=\"https:\/\/www.medellin.gov.co\/mapgis9\/mapa.jsp?aplicacion=1&#038;css=css\/app_mapas_medellin.css\" target=\"_blank\" class=\"elementor-button-link elementor-button elementor-size-sm\" role=\"button\">\n\t\t\t\t\t\t<span class=\"elementor-button-content-wrapper\">\n\t\t\t\t\t\t<span class=\"elementor-button-text\">Geovisor Mapas Medell\u00edn<\/span>\n\t\t<\/span>\n\t\t\t\t\t<\/a>\n\t\t<\/div>\n\t\t\t\t<\/div>\n\t\t\t\t<\/div>\n\t\t\t\t<div class=\"elementor-element elementor-element-58c664a elementor-tablet-align-left elementor-mobile-align-center elementor-widget elementor-widget-button\" data-id=\"58c664a\" data-element_type=\"widget\" data-widget_type=\"button.default\">\n\t\t\t\t<div class=\"elementor-widget-container\">\n\t\t\t\t\t<div class=\"elementor-button-wrapper\">\n\t\t\t<a href=\"https:\/\/www.medellin.gov.co\/mapgis9\/mapa.jsp?aplicacion=49\" target=\"_blank\" class=\"elementor-button-link elementor-button elementor-size-sm\" role=\"button\">\n\t\t\t\t\t\t<span class=\"elementor-button-content-wrapper\">\n\t\t\t\t\t\t<span class=\"elementor-button-text\">Banco de im\u00e1genes<\/span>\n\t\t<\/span>\n\t\t\t\t\t<\/a>\n\t\t<\/div>\n\t\t\t\t<\/div>\n\t\t\t\t<\/div>\n\t\t\t\t<div class=\"elementor-element elementor-element-d1dc4ac elementor-tablet-align-left elementor-mobile-align-center elementor-widget elementor-widget-button\" data-id=\"d1dc4ac\" data-element_type=\"widget\" data-widget_type=\"button.default\">\n\t\t\t\t<div class=\"elementor-widget-container\">\n\t\t\t\t\t<div class=\"elementor-button-wrapper\">\n\t\t\t<a href=\"https:\/\/www.medellin.gov.co\/giscatalogacion\/srv\/spa\/catalog.search#\/home\" target=\"_blank\" class=\"elementor-button-link elementor-button elementor-size-sm\" role=\"button\">\n\t\t\t\t\t\t<span class=\"elementor-button-content-wrapper\">\n\t\t\t\t\t\t<span class=\"elementor-button-text\">Cat\u00e1logo geogr\u00e1fico<\/span>\n\t\t<\/span>\n\t\t\t\t\t<\/a>\n\t\t<\/div>\n\t\t\t\t<\/div>\n\t\t\t\t<\/div>\n\t\t<\/div><div class=\"elementor-element elementor-element-62d903d e-container--column e-container\" data-id=\"62d903d\" data-element_type=\"container\">\t\t\t\t<div class=\"elementor-element elementor-element-f3c9010 elementor-aspect-ratio-169 elementor-widget elementor-widget-video\" data-id=\"f3c9010\" data-element_type=\"widget\" data-settings=\"{&quot;youtube_url&quot;:&quot;https:\\\/\\\/www.youtube.com\\\/watch?v=o7_K_gRg6hI&quot;,&quot;video_type&quot;:&quot;youtube&quot;,&quot;controls&quot;:&quot;yes&quot;,&quot;aspect_ratio&quot;:&quot;169&quot;}\" data-widget_type=\"video.default\">\n\t\t\t\t<div class=\"elementor-widget-container\">\n\t\t\t\t\t<div class=\"elementor-wrapper elementor-fit-aspect-ratio elementor-open-inline\">\n\t\t\t<div class=\"elementor-video\"><\/div>\t\t<\/div>\n\t\t\t\t<\/div>\n\t\t\t\t<\/div>\n\t\t<\/div><\/div><\/div><div class=\"elementor-element elementor-element-abd48cc e-container--column e-container\" data-id=\"abd48cc\" data-element_type=\"container\">\t\t<div class=\"elementor-element elementor-element-ce130f6 e-container--column e-container\" data-id=\"ce130f6\" data-element_type=\"container\">\t\t\t\t<div class=\"elementor-element elementor-element-961979b elementor-widget elementor-widget-image\" data-id=\"961979b\" data-element_type=\"widget\" data-widget_type=\"image.default\">\n\t\t\t\t<div class=\"elementor-widget-container\">\n\t\t\t\t\t\t\t\t<div class=\"elementor-image\">\n\t\t\t\t\t\t\t\t\t\t\t\t<img width=\"1200\" height=\"652\" src=\"https:\/\/www.medellin.gov.co\/es\/wp-content\/uploads\/2023\/10\/grafico-beneficios.jpg\" class=\"attachment-full size-full\" alt=\"Gr\u00e1fico beneficios\" loading=\"lazy\" srcset=\"https:\/\/www.medellin.gov.co\/es\/wp-content\/uploads\/2023\/10\/grafico-beneficios.jpg 1200w, https:\/\/www.medellin.gov.co\/es\/wp-content\/uploads\/2023\/10\/grafico-beneficios-300x163.jpg 300w, https:\/\/www.medellin.gov.co\/es\/wp-content\/uploads\/2023\/10\/grafico-beneficios-1024x556.jpg 1024w, https:\/\/www.medellin.gov.co\/es\/wp-content\/uploads\/2023\/10\/grafico-beneficios-150x82.jpg 150w, https:\/\/www.medellin.gov.co\/es\/wp-content\/uploads\/2023\/10\/grafico-beneficios-768x417.jpg 768w\" sizes=\"(max-width: 1200px) 100vw, 1200px\" \/>\t\t\t\t\t\t\t\t\t\t\t\t\t\t<\/div>\n\t\t\t\t\t\t<\/div>\n\t\t\t\t<\/div>\n\t\t<\/div><\/div><div class=\"elementor-element elementor-element-f8cbe67 e-container--column e-container\" data-id=\"f8cbe67\" data-element_type=\"container\">\t\t<div class=\"elementor-element elementor-element-b26a4ad e-container--column e-container\" data-id=\"b26a4ad\" data-element_type=\"container\">\t\t\t\t<div class=\"elementor-element elementor-element-c97136b elementor-widget elementor-widget-heading\" data-id=\"c97136b\" data-element_type=\"widget\" data-widget_type=\"heading.default\">\n\t\t\t\t<div class=\"elementor-widget-container\">\n\t\t\t<h2 class=\"elementor-heading-title elementor-size-default\"><b>Algunas de las funcionalidades<\/b> que podr\u00e1s encontrar son<\/h2>\t\t<\/div>\n\t\t\t\t<\/div>\n\t\t<\/div><\/div><div class=\"elementor-element elementor-element-888d5f5 e-container--column e-container\" data-id=\"888d5f5\" data-element_type=\"container\">\t\t<div class=\"elementor-element elementor-element-05970b2 e-container--row e-container\" data-id=\"05970b2\" data-element_type=\"container\">\t\t<div class=\"elementor-element elementor-element-87a5be5 e-container--column e-container\" data-id=\"87a5be5\" data-element_type=\"container\">\t\t\t\t<div class=\"elementor-element elementor-element-7cfb46e elementor-position-top elementor-vertical-align-top elementor-widget elementor-widget-image-box\" data-id=\"7cfb46e\" data-element_type=\"widget\" data-widget_type=\"image-box.default\">\n\t\t\t\t<div class=\"elementor-widget-container\">\n\t\t\t<div class=\"elementor-image-box-wrapper\"><figure class=\"elementor-image-box-img\"><img width=\"532\" height=\"452\" src=\"https:\/\/www.medellin.gov.co\/es\/wp-content\/uploads\/2023\/10\/grafico-aplicaciones.png\" class=\"attachment-full size-full\" alt=\"\" loading=\"lazy\" \/><\/figure><div class=\"elementor-image-box-content\"><h3 class=\"elementor-image-box-title\">Consulta los aplicativos<\/h3><p class=\"elementor-image-box-description\">de construcci\u00f3n y usos del suelo.<\/p><\/div><\/div>\t\t<\/div>\n\t\t\t\t<\/div>\n\t\t<\/div><div class=\"elementor-element elementor-element-e5a02fd e-container--column e-container\" data-id=\"e5a02fd\" data-element_type=\"container\">\t\t\t\t<div class=\"elementor-element elementor-element-1e48c12 elementor-position-top elementor-vertical-align-top elementor-widget elementor-widget-image-box\" data-id=\"1e48c12\" data-element_type=\"widget\" data-widget_type=\"image-box.default\">\n\t\t\t\t<div class=\"elementor-widget-container\">\n\t\t\t<div class=\"elementor-image-box-wrapper\"><figure class=\"elementor-image-box-img\"><img width=\"532\" height=\"452\" src=\"https:\/\/www.medellin.gov.co\/es\/wp-content\/uploads\/2023\/10\/grafico-geoservicios.png\" class=\"attachment-full size-full\" alt=\"\" loading=\"lazy\" \/><\/figure><div class=\"elementor-image-box-content\"><h3 class=\"elementor-image-box-title\">Navega por los mapas producidos por el<\/h3><p class=\"elementor-image-box-description\">Distrito, conociendo sitios de inter\u00e9s y servicios que ofrece la ciudad.<\/p><\/div><\/div>\t\t<\/div>\n\t\t\t\t<\/div>\n\t\t<\/div><div class=\"elementor-element elementor-element-4fc0f2c e-container--column e-container\" data-id=\"4fc0f2c\" data-element_type=\"container\">\t\t\t\t<div class=\"elementor-element elementor-element-1bfccbd elementor-position-top elementor-vertical-align-top elementor-widget elementor-widget-image-box\" data-id=\"1bfccbd\" data-element_type=\"widget\" data-widget_type=\"image-box.default\">\n\t\t\t\t<div class=\"elementor-widget-container\">\n\t\t\t<div class=\"elementor-image-box-wrapper\"><figure class=\"elementor-image-box-img\"><img width=\"532\" height=\"452\" src=\"https:\/\/www.medellin.gov.co\/es\/wp-content\/uploads\/2023\/10\/grafico-datos-abiertos.png\" class=\"attachment-full size-full\" alt=\"\" loading=\"lazy\" \/><\/figure><div class=\"elementor-image-box-content\"><h3 class=\"elementor-image-box-title\">Descarga de datos actualizados,<\/h3><p class=\"elementor-image-box-description\">confiables y oficiales de la administraci\u00f3n.<\/p><\/div><\/div>\t\t<\/div>\n\t\t\t\t<\/div>\n\t\t<\/div><div class=\"elementor-element elementor-element-f82fc29 e-container--column e-container\" data-id=\"f82fc29\" data-element_type=\"container\">\t\t\t\t<div class=\"elementor-element elementor-element-c0b853f elementor-position-top elementor-vertical-align-top elementor-widget elementor-widget-image-box\" data-id=\"c0b853f\" data-element_type=\"widget\" data-widget_type=\"image-box.default\">\n\t\t\t\t<div class=\"elementor-widget-container\">\n\t\t\t<div class=\"elementor-image-box-wrapper\"><figure class=\"elementor-image-box-img\"><img width=\"532\" height=\"452\" src=\"https:\/\/www.medellin.gov.co\/es\/wp-content\/uploads\/2023\/10\/grafico-documentacion.png\" class=\"attachment-full size-full\" alt=\"\" loading=\"lazy\" \/><\/figure><div class=\"elementor-image-box-content\"><h3 class=\"elementor-image-box-title\">Conoce los lineamientos para la adopci\u00f3n y gesti\u00f3n de la informaci\u00f3n<\/h3><p class=\"elementor-image-box-description\">geogr\u00e1fica del Distrito de Medell\u00edn.<\/p><\/div><\/div>\t\t<\/div>\n\t\t\t\t<\/div>\n\t\t<\/div><div class=\"elementor-element elementor-element-b18cd1a e-container--column e-container\" data-id=\"b18cd1a\" data-element_type=\"container\">\t\t\t\t<div class=\"elementor-element elementor-element-3a50ac1 elementor-position-top elementor-vertical-align-top elementor-widget elementor-widget-image-box\" data-id=\"3a50ac1\" data-element_type=\"widget\" data-widget_type=\"image-box.default\">\n\t\t\t\t<div class=\"elementor-widget-container\">\n\t\t\t<div class=\"elementor-image-box-wrapper\"><figure class=\"elementor-image-box-img\"><img width=\"532\" height=\"452\" src=\"https:\/\/www.medellin.gov.co\/es\/wp-content\/uploads\/2023\/10\/grafico-ayudas.png\" class=\"attachment-full size-full\" alt=\"\" loading=\"lazy\" \/><\/figure><div class=\"elementor-image-box-content\"><h3 class=\"elementor-image-box-title\">Explora los manuales, gu\u00edas, videotutoriales<\/h3><p class=\"elementor-image-box-description\">para que saques todo el provecho a GeoMedell\u00edn.<\/p><\/div><\/div>\t\t<\/div>\n\t\t\t\t<\/div>\n\t\t<\/div><\/div><\/div><div class=\"elementor-element elementor-element-d19e1cd e-container--column e-container\" data-id=\"d19e1cd\" data-element_type=\"container\">\t\t<div class=\"elementor-element elementor-element-c66136a e-container--column e-container\" data-id=\"c66136a\" data-element_type=\"container\">\t\t\t\t<div class=\"elementor-element elementor-element-1905cc5 elementor-widget elementor-widget-heading\" data-id=\"1905cc5\" data-element_type=\"widget\" data-widget_type=\"heading.default\">\n\t\t\t\t<div class=\"elementor-widget-container\">\n\t\t\t<h2 class=\"elementor-heading-title elementor-size-default\"><b>Pasos para publicar<\/b> en GeoMedell\u00edn<\/h2>\t\t<\/div>\n\t\t\t\t<\/div>\n\t\t\t\t<div class=\"elementor-element elementor-element-a044645 elementor-widget elementor-widget-text-editor\" data-id=\"a044645\" data-element_type=\"widget\" data-widget_type=\"text-editor.default\">\n\t\t\t\t<div class=\"elementor-widget-container\">\n\t\t\t\t\t\t\t\t<div class=\"elementor-text-editor elementor-clearfix\">\n\t\t\t\t<p>Si eres una dependencia que desea contribuir a crear un territorio Inteligente, al poner al alcance de la comunidad de una manera f\u00e1cil y accesible la informaci\u00f3n geogr\u00e1fica, sigue los siguientes pasos:<\/p><p>\u00a0<\/p><ol><li>Diligencia el formato FO-GINF 60 Solicitud Publicaci\u00f3n GeoMedell\u00edn<\/li><li>El l\u00edder de la dependencia crea un caso en CSC componente GIS \u2013 Publicaci\u00f3n en GeoMedell\u00edn<\/li><li>El equipo de Sistemas de Informaci\u00f3n territorial del DAP revisa que la informaci\u00f3n y documentaci\u00f3n requerida de acuerdo con los est\u00e1ndares vigentes y el tipo de solicitud a realizar.<\/li><li>Si todo est\u00e1 ok el equipo de Sistemas de Informaci\u00f3n territorial del DAP realiza las acciones necesarias de acuerdo con la solicitud.<\/li><li>Para conocer m\u00e1s detalladamente este proceso, consulta el documento PR-GINF 024 Publicaci\u00f3n GeoMedell\u00edn y el formato FO-GINF 60 Solicitud Publicaci\u00f3n GeoMedellin en este sitio &#8211; secci\u00f3n Est\u00e1ndares<\/li><\/ol>\t\t\t\t\t<\/div>\n\t\t\t\t\t\t<\/div>\n\t\t\t\t<\/div>\n\t\t\t\t<div class=\"elementor-element elementor-element-4a3f685 elementor-tablet-align-left elementor-mobile-align-center elementor-widget elementor-widget-button\" data-id=\"4a3f685\" data-element_type=\"widget\" data-widget_type=\"button.default\">\n\t\t\t\t<div class=\"elementor-widget-container\">\n\t\t\t\t\t<div class=\"elementor-button-wrapper\">\n\t\t\t<a href=\"https:\/\/www.medellin.gov.co\/es\/departamento-administrativo-de-planeacion\/mecanismos-informacion-geografica-del-distrito-de-medellin\/estandares\/\" target=\"_blank\" class=\"elementor-button-link elementor-button elementor-size-sm\" role=\"button\">\n\t\t\t\t\t\t<span class=\"elementor-button-content-wrapper\">\n\t\t\t\t\t\t<span class=\"elementor-button-text\">Secci\u00f3n est\u00e1ndares<\/span>\n\t\t<\/span>\n\t\t\t\t\t<\/a>\n\t\t<\/div>\n\t\t\t\t<\/div>\n\t\t\t\t<\/div>\n\t\t<\/div><\/div>\t\t\t\t\t\t\t<\/div>\n\t\t\t<\/div>\n\t\t\t\t\t<\/div>\n\t\t","protected":false},"excerpt":{"rendered":"<p>GeoMedell\u00edn Es el portal Geogr\u00e1fico del Distrito de Medell\u00edn. Cuenta con espacios para la consulta de aplicaciones, la descarga datos abiertos, la visualizaci\u00f3n de geoservicios y la documentaci\u00f3n generada para su adecuado uso. GeoMedell\u00edn ha &#8230;<\/p>\n","protected":false},"author":4,"featured_media":14823,"parent":165975,"menu_order":0,"comment_status":"closed","ping_status":"closed","template":"sec-planeacion\/elementor.php","meta":[],"acf":[],"_links":{"self":[{"href":"https:\/\/www.medellin.gov.co\/es\/wp-json\/wp\/v2\/pages\/263474"}],"collection":[{"href":"https:\/\/www.medellin.gov.co\/es\/wp-json\/wp\/v2\/pages"}],"about":[{"href":"https:\/\/www.medellin.gov.co\/es\/wp-json\/wp\/v2\/types\/page"}],"author":[{"embeddable":true,"href":"https:\/\/www.medellin.gov.co\/es\/wp-json\/wp\/v2\/users\/4"}],"replies":[{"embeddable":true,"href":"https:\/\/www.medellin.gov.co\/es\/wp-json\/wp\/v2\/comments?post=263474"}],"version-history":[{"count":11,"href":"https:\/\/www.medellin.gov.co\/es\/wp-json\/wp\/v2\/pages\/263474\/revisions"}],"predecessor-version":[{"id":266681,"href":"https:\/\/www.medellin.gov.co\/es\/wp-json\/wp\/v2\/pages\/263474\/revisions\/266681"}],"up":[{"embeddable":true,"href":"https:\/\/www.medellin.gov.co\/es\/wp-json\/wp\/v2\/pages\/165975"}],"wp:featuredmedia":[{"embeddable":true,"href":"https:\/\/www.medellin.gov.co\/es\/wp-json\/wp\/v2\/media\/14823"}],"wp:attachment":[{"href":"https:\/\/www.medellin.gov.co\/es\/wp-json\/wp\/v2\/media?parent=263474"}],"curies":[{"name":"wp","href":"https:\/\/api.w.org\/{rel}","templated":true}]}}