{"id":264622,"date":"2023-10-12T14:13:37","date_gmt":"2023-10-12T19:13:37","guid":{"rendered":"https:\/\/www.medellin.gov.co\/es\/?page_id=264622"},"modified":"2023-10-26T15:27:09","modified_gmt":"2023-10-26T20:27:09","slug":"politica-publica-de-los-corregimientos-de-medellin","status":"publish","type":"page","link":"https:\/\/www.medellin.gov.co\/es\/corregimientos\/comer-conexion-medellin-rural\/gestiona-tu-ruralidad\/politica-publica-de-los-corregimientos-de-medellin\/","title":{"rendered":"Pol\u00edtica p\u00fablica de los corregimientos de Medell\u00edn"},"content":{"rendered":"\t\t<div data-elementor-type=\"wp-page\" data-elementor-id=\"264622\" class=\"elementor elementor-264622\">\n\t\t\t\t\t\t<div class=\"elementor-inner\">\n\t\t\t\t<div class=\"elementor-section-wrap\">\n\t\t\t\t\t\t\t<div class=\"elementor-element elementor-element-de3e380 e-container--column e-container\" data-id=\"de3e380\" data-element_type=\"container\">\t\t\t\t<div class=\"elementor-element elementor-element-1ce42a5 elementor-widget elementor-widget-text-editor\" data-id=\"1ce42a5\" data-element_type=\"widget\" data-widget_type=\"text-editor.default\">\n\t\t\t\t<div class=\"elementor-widget-container\">\n\t\t\t\t\t\t\t\t<div class=\"elementor-text-editor elementor-clearfix\">\n\t\t\t\t<p style=\"text-align: right;\"><a href=\"#\">Pol\u00edtica p\u00fablica<\/a> | <a href=\"https:\/\/www.medellin.gov.co\/es\/corregimientos\/comer-conexion-medellin-rural\/gestiona-tu-ruralidad\/distrito-rural-campesino\/\">Distrito rural campesino<\/a> | <a href=\"https:\/\/www.medellin.gov.co\/es\/corregimientos\/comer-conexion-medellin-rural\/gestiona-tu-ruralidad\/normograma-de-las-dinamicas-rurales\/\">Normograma<\/a><\/p>\t\t\t\t\t<\/div>\n\t\t\t\t\t\t<\/div>\n\t\t\t\t<\/div>\n\t\t<\/div><div class=\"elementor-element elementor-element-ef487cd e-container--column e-container\" data-id=\"ef487cd\" data-element_type=\"container\">\t\t<div class=\"elementor-element elementor-element-b168927 e-container--column e-container\" data-id=\"b168927\" data-element_type=\"container\">\t\t\t\t<div class=\"elementor-element elementor-element-ad15c13 elementor-widget elementor-widget-heading\" data-id=\"ad15c13\" data-element_type=\"widget\" data-widget_type=\"heading.default\">\n\t\t\t\t<div class=\"elementor-widget-container\">\n\t\t\t<h1 class=\"elementor-heading-title elementor-size-default\">Pol\u00edtica P\u00fablica<\/h1>\t\t<\/div>\n\t\t\t\t<\/div>\n\t\t\t\t<div class=\"elementor-element elementor-element-15f9a4a elementor-widget elementor-widget-text-editor\" data-id=\"15f9a4a\" data-element_type=\"widget\" data-widget_type=\"text-editor.default\">\n\t\t\t\t<div class=\"elementor-widget-container\">\n\t\t\t\t\t\t\t\t<div class=\"elementor-text-editor elementor-clearfix\">\n\t\t\t\t<p><span data-contrast=\"auto\">Hemos realizado distintas actividades con las que buscamos preguntarnos cu\u00e1les son las necesidades y solicitudes de las personas que habitan y construyen la ruralidad medellinense. Nuestra meta es materializar estas solicitudes en una pol\u00edtica p\u00fablica por y para la gente.\u00a0<\/span><span data-ccp-props=\"{\">\u00a0<\/span><\/p>\t\t\t\t\t<\/div>\n\t\t\t\t\t\t<\/div>\n\t\t\t\t<\/div>\n\t\t<\/div><\/div><div class=\"elementor-element elementor-element-2cfa182 e-container--column e-container\" data-id=\"2cfa182\" data-element_type=\"container\" data-settings=\"{&quot;background_background&quot;:&quot;classic&quot;}\">\t\t<div class=\"elementor-element elementor-element-b9ef447 e-container--row e-container\" data-id=\"b9ef447\" data-element_type=\"container\">\t\t<div class=\"elementor-element elementor-element-5272409 e-container--column e-container\" data-id=\"5272409\" data-element_type=\"container\">\t\t\t\t<div class=\"elementor-element elementor-element-43489b0 elementor-widget elementor-widget-text-editor\" data-id=\"43489b0\" data-element_type=\"widget\" data-widget_type=\"text-editor.default\">\n\t\t\t\t<div class=\"elementor-widget-container\">\n\t\t\t\t\t\t\t\t<div class=\"elementor-text-editor elementor-clearfix\">\n\t\t\t\t<p>\u00a1Conoce algunas fotograf\u00edas de estas actividades, mientras, a varias manos, construimos las pol\u00edticas p\u00fablicas del DRC!<\/p>\t\t\t\t\t<\/div>\n\t\t\t\t\t\t<\/div>\n\t\t\t\t<\/div>\n\t\t<\/div><div class=\"elementor-element elementor-element-f3d4884 e-container--column e-container\" data-id=\"f3d4884\" data-element_type=\"container\">\t\t\t\t<div class=\"elementor-element elementor-element-f55b188 elementor-view-default elementor-widget elementor-widget-icon\" data-id=\"f55b188\" data-element_type=\"widget\" data-widget_type=\"icon.default\">\n\t\t\t\t<div class=\"elementor-widget-container\">\n\t\t\t\t\t<div class=\"elementor-icon-wrapper\">\n\t\t\t<div class=\"elementor-icon\">\n\t\t\t<svg xmlns=\"http:\/\/www.w3.org\/2000\/svg\" viewBox=\"0 0 512 512\" width=\"512\" height=\"512\"><g id=\"Out_line\" data-name=\"Out line\"><path d=\"M428.12988,234.82007l59.73-114.03a38.3754,38.3754,0,0,0-67.98974-35.61011l-59.73,114.03a38.13975,38.13975,0,0,0-.17017,35.24L341.47,269.78l-25.88989-12.94019a8.01429,8.01429,0,0,0-10.53,3.19019l-49.14014,85.99a88.04252,88.04252,0,0,0-11.55981,42.5A48.02781,48.02781,0,0,0,224,384c-.34009,0-.66992.02-1.01.03A32.05583,32.05583,0,0,0,192,360V296h8a88.104,88.104,0,0,0,88-88V176a24.03189,24.03189,0,0,0-24-24H202a89.55357,89.55357,0,0,0-72.27,36.37988A89.58933,89.58933,0,0,0,102,184H40a24.03189,24.03189,0,0,0-24,24v32a88.104,88.104,0,0,0,88,88h40v33.01a32.05345,32.05345,0,0,0-14.62988,8.38989A32.0056,32.0056,0,0,0,88.73,393.22,31.98307,31.98307,0,0,0,49.01,416H32v16H56a7.9979,7.9979,0,0,0,8-8,16,16,0,0,1,32,0h16a31.85119,31.85119,0,0,0-7.65991-20.74A15.98063,15.98063,0,0,1,120,384c.34009,0,.66992.03,1,.05A16.04011,16.04011,0,0,1,136,400h16a31.91357,31.91357,0,0,0-8.3999-21.59009,15.91573,15.91573,0,0,1,18.7998,1.44019A31.90624,31.90624,0,0,0,160,392h16a15.99314,15.99314,0,0,1,31.2-4.96A48.07784,48.07784,0,0,0,176,432h16a31.99125,31.99125,0,0,1,56.83008-20.16992A32.0284,32.0284,0,0,0,232,440h16a16,16,0,0,1,32,0h16a31.814,31.814,0,0,0-2.93994-13.37012,24.00674,24.00674,0,0,1,21.86987.01026A31.91291,31.91291,0,0,0,312,440h16a16,16,0,0,1,32,0h16a31.90624,31.90624,0,0,0-2.3999-12.1499A15.99221,15.99221,0,0,1,400,440a7.9979,7.9979,0,0,0,8,8h64V432H414.99a31.99185,31.99185,0,0,0-45.31006-20.60986,88.39422,88.39422,0,0,0,5.25-9.61011L415.25,315.37988a8.01246,8.01246,0,0,0-3.66992-10.54L381.43994,289.77l18.26-34.86011A38.4463,38.4463,0,0,0,428.12988,234.82007ZM176,364.31006a32.13406,32.13406,0,0,0-3.98,2.72A32.02613,32.02613,0,0,0,160,361.02V320a7.9979,7.9979,0,0,0-8-8H136a72.08281,72.08281,0,0,1-72-72v-8H48v8a87.86236,87.86236,0,0,0,32.08008,67.8999A72.11045,72.11045,0,0,1,32,240V208a8.01058,8.01058,0,0,1,8-8h62a74.08855,74.08855,0,0,1,74,74ZM144.91992,194.90991A73.6318,73.6318,0,0,1,202,168h62a8.01058,8.01058,0,0,1,8,8v32a72.1027,72.1027,0,0,1-48.12012,67.90991A88.20533,88.20533,0,0,0,256,208v-8H240v8a72.25766,72.25766,0,0,1-48,67.8999V274A90.07836,90.07836,0,0,0,144.91992,194.90991Zm252.54,120.76-37.03,79.3501a71.92141,71.92141,0,0,1-8.57983,13.96A31.90653,31.90653,0,0,0,325.24,414.1001,39.84963,39.84963,0,0,0,304,408c-.35986,0-.72.02-1.08008.03L327.02,363.83008l-14.04-7.66016-31.22,57.23A31.8198,31.8198,0,0,0,265.6001,408.04a47.96151,47.96151,0,0,0-4.22022-6.16992A71.94968,71.94968,0,0,1,269.81006,353.96L315.18994,274.54,334.04,283.96,318.90991,312.8501A22.34234,22.34234,0,1,0,358.49,333.58984L374.01,303.95Zm-53.13989,10.49a6.37553,6.37553,0,0,1-5.65015,3.41016,6.2392,6.2392,0,0,1-3.49-1.07007,6.31165,6.31165,0,0,1-2.09985-8.22l38.02-72.6001A38.06759,38.06759,0,0,0,379.02,252.28a35.58527,35.58527,0,0,0,3.33984,1.25Zm41-88.57983a22.38374,22.38374,0,0,1-11-30.9502l59.73-114.02978a22.47931,22.47931,0,0,1,28.62988-10.18018,22.38374,22.38374,0,0,1,11,30.9502L413.95,227.3999A22.47931,22.47931,0,0,1,385.32007,237.58008Z\"><\/path><\/g><\/svg>\t\t\t<\/div>\n\t\t<\/div>\n\t\t\t\t<\/div>\n\t\t\t\t<\/div>\n\t\t<\/div><\/div><\/div><div class=\"elementor-element elementor-element-ed846ea e-container--column e-container\" data-id=\"ed846ea\" data-element_type=\"container\">\t\t<div class=\"elementor-element elementor-element-97997f3 e-container--column e-container\" data-id=\"97997f3\" data-element_type=\"container\">\t\t\t\t<div class=\"elementor-element elementor-element-6194305 elementor-widget elementor-widget-gallery\" data-id=\"6194305\" data-element_type=\"widget\" data-settings=\"{&quot;gallery_layout&quot;:&quot;justified&quot;,&quot;lazyload&quot;:&quot;yes&quot;,&quot;ideal_row_height&quot;:{&quot;unit&quot;:&quot;px&quot;,&quot;size&quot;:200,&quot;sizes&quot;:[]},&quot;ideal_row_height_tablet&quot;:{&quot;unit&quot;:&quot;px&quot;,&quot;size&quot;:150,&quot;sizes&quot;:[]},&quot;ideal_row_height_mobile&quot;:{&quot;unit&quot;:&quot;px&quot;,&quot;size&quot;:150,&quot;sizes&quot;:[]},&quot;gap&quot;:{&quot;unit&quot;:&quot;px&quot;,&quot;size&quot;:10,&quot;sizes&quot;:[]},&quot;gap_tablet&quot;:{&quot;unit&quot;:&quot;px&quot;,&quot;size&quot;:10,&quot;sizes&quot;:[]},&quot;gap_mobile&quot;:{&quot;unit&quot;:&quot;px&quot;,&quot;size&quot;:10,&quot;sizes&quot;:[]},&quot;link_to&quot;:&quot;file&quot;,&quot;overlay_background&quot;:&quot;yes&quot;,&quot;content_hover_animation&quot;:&quot;fade-in&quot;}\" data-widget_type=\"gallery.default\">\n\t\t\t\t<div class=\"elementor-widget-container\">\n\t\t\t\t\t<div class=\"elementor-gallery__container\">\n\t\t\t\t\t\t\t<a class=\"e-gallery-item elementor-gallery-item elementor-animated-content\" href=\"https:\/\/www.medellin.gov.co\/es\/wp-content\/uploads\/2023\/10\/Ciudadanos-Poli\u0301tica-Pu\u0301blica.jpg\" data-elementor-open-lightbox=\"yes\" data-elementor-lightbox-slideshow=\"all-6194305\" data-elementor-lightbox-title=\"Ciudadanos Poli\u0301tica Pu\u0301blica\" e-action-hash=\"#elementor-action%3Aaction%3Dlightbox%26settings%3DeyJpZCI6MjY2ODU2LCJ1cmwiOiJodHRwczpcL1wvd3d3Lm1lZGVsbGluLmdvdi5jb1wvZXNcL3dwLWNvbnRlbnRcL3VwbG9hZHNcLzIwMjNcLzEwXC9DaXVkYWRhbm9zLVBvbGlcdTAzMDF0aWNhLVB1XHUwMzAxYmxpY2EuanBnIiwic2xpZGVzaG93IjoiYWxsLTYxOTQzMDUifQ%3D%3D\">\n\t\t\t\t\t<div class=\"e-gallery-image elementor-gallery-item__image\" data-thumbnail=\"https:\/\/www.medellin.gov.co\/es\/wp-content\/uploads\/2023\/10\/Ciudadanos-Poli\u0301tica-Pu\u0301blica-300x225.jpg\" data-width=\"300\" data-height=\"225\" alt=\"\" ><\/div>\n\t\t\t\t\t\t\t\t\t\t\t<div class=\"elementor-gallery-item__overlay\"><\/div>\n\t\t\t\t\t\t\t\t\t\t\t\t\t\t<\/a>\n\t\t\t\t\t\t\t<a class=\"e-gallery-item elementor-gallery-item elementor-animated-content\" href=\"https:\/\/www.medellin.gov.co\/es\/wp-content\/uploads\/2023\/10\/Proceso-Poli\u0301tica-Pu\u0301blica.jpg\" data-elementor-open-lightbox=\"yes\" data-elementor-lightbox-slideshow=\"all-6194305\" data-elementor-lightbox-title=\"Proceso Poli\u0301tica Pu\u0301blica\" e-action-hash=\"#elementor-action%3Aaction%3Dlightbox%26settings%3DeyJpZCI6MjY2ODUzLCJ1cmwiOiJodHRwczpcL1wvd3d3Lm1lZGVsbGluLmdvdi5jb1wvZXNcL3dwLWNvbnRlbnRcL3VwbG9hZHNcLzIwMjNcLzEwXC9Qcm9jZXNvLVBvbGlcdTAzMDF0aWNhLVB1XHUwMzAxYmxpY2EuanBnIiwic2xpZGVzaG93IjoiYWxsLTYxOTQzMDUifQ%3D%3D\">\n\t\t\t\t\t<div class=\"e-gallery-image elementor-gallery-item__image\" data-thumbnail=\"https:\/\/www.medellin.gov.co\/es\/wp-content\/uploads\/2023\/10\/Proceso-Poli\u0301tica-Pu\u0301blica-300x225.jpg\" data-width=\"300\" data-height=\"225\" alt=\"\" ><\/div>\n\t\t\t\t\t\t\t\t\t\t\t<div class=\"elementor-gallery-item__overlay\"><\/div>\n\t\t\t\t\t\t\t\t\t\t\t\t\t\t<\/a>\n\t\t\t\t\t\t\t<a class=\"e-gallery-item elementor-gallery-item elementor-animated-content\" href=\"https:\/\/www.medellin.gov.co\/es\/wp-content\/uploads\/2023\/10\/Proceso-Poli\u0301tica-Pu\u0301blica-.jpg\" data-elementor-open-lightbox=\"yes\" data-elementor-lightbox-slideshow=\"all-6194305\" data-elementor-lightbox-title=\"Proceso Poli\u0301tica Pu\u0301blica\" e-action-hash=\"#elementor-action%3Aaction%3Dlightbox%26settings%3DeyJpZCI6MjY2ODUxLCJ1cmwiOiJodHRwczpcL1wvd3d3Lm1lZGVsbGluLmdvdi5jb1wvZXNcL3dwLWNvbnRlbnRcL3VwbG9hZHNcLzIwMjNcLzEwXC9Qcm9jZXNvLVBvbGlcdTAzMDF0aWNhLVB1XHUwMzAxYmxpY2EtLmpwZyIsInNsaWRlc2hvdyI6ImFsbC02MTk0MzA1In0%3D\">\n\t\t\t\t\t<div class=\"e-gallery-image elementor-gallery-item__image\" data-thumbnail=\"https:\/\/www.medellin.gov.co\/es\/wp-content\/uploads\/2023\/10\/Proceso-Poli\u0301tica-Pu\u0301blica--300x200.jpg\" data-width=\"300\" data-height=\"200\" alt=\"Proceso Poli\u0301tica Pu\u0301blica\" ><\/div>\n\t\t\t\t\t\t\t\t\t\t\t<div class=\"elementor-gallery-item__overlay\"><\/div>\n\t\t\t\t\t\t\t\t\t\t\t\t\t\t<\/a>\n\t\t\t\t\t\t\t<a class=\"e-gallery-item elementor-gallery-item elementor-animated-content\" href=\"https:\/\/www.medellin.gov.co\/es\/wp-content\/uploads\/2023\/10\/Proceso-Poli\u0301tica-.jpg\" data-elementor-open-lightbox=\"yes\" data-elementor-lightbox-slideshow=\"all-6194305\" data-elementor-lightbox-title=\"Proceso Poli\u0301tica\" e-action-hash=\"#elementor-action%3Aaction%3Dlightbox%26settings%3DeyJpZCI6MjY2ODQ5LCJ1cmwiOiJodHRwczpcL1wvd3d3Lm1lZGVsbGluLmdvdi5jb1wvZXNcL3dwLWNvbnRlbnRcL3VwbG9hZHNcLzIwMjNcLzEwXC9Qcm9jZXNvLVBvbGlcdTAzMDF0aWNhLS5qcGciLCJzbGlkZXNob3ciOiJhbGwtNjE5NDMwNSJ9\">\n\t\t\t\t\t<div class=\"e-gallery-image elementor-gallery-item__image\" data-thumbnail=\"https:\/\/www.medellin.gov.co\/es\/wp-content\/uploads\/2023\/10\/Proceso-Poli\u0301tica--300x225.jpg\" data-width=\"300\" data-height=\"225\" alt=\"Proceso Poli\u0301tica\" ><\/div>\n\t\t\t\t\t\t\t\t\t\t\t<div class=\"elementor-gallery-item__overlay\"><\/div>\n\t\t\t\t\t\t\t\t\t\t\t\t\t\t<\/a>\n\t\t\t\t\t\t\t<a class=\"e-gallery-item elementor-gallery-item elementor-animated-content\" href=\"https:\/\/www.medellin.gov.co\/es\/wp-content\/uploads\/2023\/10\/Poli\u0301tica-Pu\u0301blica.jpg\" data-elementor-open-lightbox=\"yes\" data-elementor-lightbox-slideshow=\"all-6194305\" data-elementor-lightbox-title=\"Poli\u0301tica Pu\u0301blica\" e-action-hash=\"#elementor-action%3Aaction%3Dlightbox%26settings%3DeyJpZCI6MjY2ODQ3LCJ1cmwiOiJodHRwczpcL1wvd3d3Lm1lZGVsbGluLmdvdi5jb1wvZXNcL3dwLWNvbnRlbnRcL3VwbG9hZHNcLzIwMjNcLzEwXC9Qb2xpXHUwMzAxdGljYS1QdVx1MDMwMWJsaWNhLmpwZyIsInNsaWRlc2hvdyI6ImFsbC02MTk0MzA1In0%3D\">\n\t\t\t\t\t<div class=\"e-gallery-image elementor-gallery-item__image\" data-thumbnail=\"https:\/\/www.medellin.gov.co\/es\/wp-content\/uploads\/2023\/10\/Poli\u0301tica-Pu\u0301blica-300x225.jpg\" data-width=\"300\" data-height=\"225\" alt=\"Poli\u0301tica Pu\u0301blica\" ><\/div>\n\t\t\t\t\t\t\t\t\t\t\t<div class=\"elementor-gallery-item__overlay\"><\/div>\n\t\t\t\t\t\t\t\t\t\t\t\t\t\t<\/a>\n\t\t\t\t\t\t\t<a class=\"e-gallery-item elementor-gallery-item elementor-animated-content\" href=\"https:\/\/www.medellin.gov.co\/es\/wp-content\/uploads\/2023\/10\/Poli\u0301tica-Pu\u0301blica-en-los-corregimientos.jpg\" data-elementor-open-lightbox=\"yes\" data-elementor-lightbox-slideshow=\"all-6194305\" data-elementor-lightbox-title=\"Poli\u0301tica Pu\u0301blica en los corregimientos\" e-action-hash=\"#elementor-action%3Aaction%3Dlightbox%26settings%3DeyJpZCI6MjY2ODQ0LCJ1cmwiOiJodHRwczpcL1wvd3d3Lm1lZGVsbGluLmdvdi5jb1wvZXNcL3dwLWNvbnRlbnRcL3VwbG9hZHNcLzIwMjNcLzEwXC9Qb2xpXHUwMzAxdGljYS1QdVx1MDMwMWJsaWNhLWVuLWxvcy1jb3JyZWdpbWllbnRvcy5qcGciLCJzbGlkZXNob3ciOiJhbGwtNjE5NDMwNSJ9\">\n\t\t\t\t\t<div class=\"e-gallery-image elementor-gallery-item__image\" data-thumbnail=\"https:\/\/www.medellin.gov.co\/es\/wp-content\/uploads\/2023\/10\/Poli\u0301tica-Pu\u0301blica-en-los-corregimientos-300x200.jpg\" data-width=\"300\" data-height=\"200\" alt=\"Poli\u0301tica Pu\u0301blica en los corregimientos\" ><\/div>\n\t\t\t\t\t\t\t\t\t\t\t<div class=\"elementor-gallery-item__overlay\"><\/div>\n\t\t\t\t\t\t\t\t\t\t\t\t\t\t<\/a>\n\t\t\t\t\t\t\t<a class=\"e-gallery-item elementor-gallery-item elementor-animated-content\" href=\"https:\/\/www.medellin.gov.co\/es\/wp-content\/uploads\/2023\/10\/Poli\u0301tica-pu\u0301blica-.jpg\" data-elementor-open-lightbox=\"yes\" data-elementor-lightbox-slideshow=\"all-6194305\" data-elementor-lightbox-title=\"Poli\u0301tica pu\u0301blica\" e-action-hash=\"#elementor-action%3Aaction%3Dlightbox%26settings%3DeyJpZCI6MjY2ODQxLCJ1cmwiOiJodHRwczpcL1wvd3d3Lm1lZGVsbGluLmdvdi5jb1wvZXNcL3dwLWNvbnRlbnRcL3VwbG9hZHNcLzIwMjNcLzEwXC9Qb2xpXHUwMzAxdGljYS1wdVx1MDMwMWJsaWNhLS5qcGciLCJzbGlkZXNob3ciOiJhbGwtNjE5NDMwNSJ9\">\n\t\t\t\t\t<div class=\"e-gallery-image elementor-gallery-item__image\" data-thumbnail=\"https:\/\/www.medellin.gov.co\/es\/wp-content\/uploads\/2023\/10\/Poli\u0301tica-pu\u0301blica--225x300.jpg\" data-width=\"225\" data-height=\"300\" alt=\"Poli\u0301tica pu\u0301blica\" ><\/div>\n\t\t\t\t\t\t\t\t\t\t\t<div class=\"elementor-gallery-item__overlay\"><\/div>\n\t\t\t\t\t\t\t\t\t\t\t\t\t\t<\/a>\n\t\t\t\t\t\t\t<a class=\"e-gallery-item elementor-gallery-item elementor-animated-content\" href=\"https:\/\/www.medellin.gov.co\/es\/wp-content\/uploads\/2023\/10\/Comunidad-y-poli\u0301tica-pu\u0301blica.jpg\" data-elementor-open-lightbox=\"yes\" data-elementor-lightbox-slideshow=\"all-6194305\" data-elementor-lightbox-title=\"Comunidad y poli\u0301tica pu\u0301blica\" e-action-hash=\"#elementor-action%3Aaction%3Dlightbox%26settings%3DeyJpZCI6MjY2ODM5LCJ1cmwiOiJodHRwczpcL1wvd3d3Lm1lZGVsbGluLmdvdi5jb1wvZXNcL3dwLWNvbnRlbnRcL3VwbG9hZHNcLzIwMjNcLzEwXC9Db211bmlkYWQteS1wb2xpXHUwMzAxdGljYS1wdVx1MDMwMWJsaWNhLmpwZyIsInNsaWRlc2hvdyI6ImFsbC02MTk0MzA1In0%3D\">\n\t\t\t\t\t<div class=\"e-gallery-image elementor-gallery-item__image\" data-thumbnail=\"https:\/\/www.medellin.gov.co\/es\/wp-content\/uploads\/2023\/10\/Comunidad-y-poli\u0301tica-pu\u0301blica-300x200.jpg\" data-width=\"300\" data-height=\"200\" alt=\"Comunidad y poli\u0301tica pu\u0301blica\" ><\/div>\n\t\t\t\t\t\t\t\t\t\t\t<div class=\"elementor-gallery-item__overlay\"><\/div>\n\t\t\t\t\t\t\t\t\t\t\t\t\t\t<\/a>\n\t\t\t\t\t<\/div>\n\t\t\t<\/div>\n\t\t\t\t<\/div>\n\t\t<\/div><\/div>\t\t\t\t\t\t\t<\/div>\n\t\t\t<\/div>\n\t\t\t\t\t<\/div>\n\t\t","protected":false},"excerpt":{"rendered":"<p>Pol\u00edtica p\u00fablica | Distrito rural campesino | Normograma Pol\u00edtica P\u00fablica Hemos realizado distintas actividades con las que buscamos preguntarnos cu\u00e1les son las necesidades y solicitudes de las personas que habitan y construyen la ruralidad medellinense. &#8230;<\/p>\n","protected":false},"author":31,"featured_media":245779,"parent":264422,"menu_order":0,"comment_status":"closed","ping_status":"closed","template":"sec-corregimientos\/elementor-fao.php","meta":[],"acf":[],"_links":{"self":[{"href":"https:\/\/www.medellin.gov.co\/es\/wp-json\/wp\/v2\/pages\/264622"}],"collection":[{"href":"https:\/\/www.medellin.gov.co\/es\/wp-json\/wp\/v2\/pages"}],"about":[{"href":"https:\/\/www.medellin.gov.co\/es\/wp-json\/wp\/v2\/types\/page"}],"author":[{"embeddable":true,"href":"https:\/\/www.medellin.gov.co\/es\/wp-json\/wp\/v2\/users\/31"}],"replies":[{"embeddable":true,"href":"https:\/\/www.medellin.gov.co\/es\/wp-json\/wp\/v2\/comments?post=264622"}],"version-history":[{"count":10,"href":"https:\/\/www.medellin.gov.co\/es\/wp-json\/wp\/v2\/pages\/264622\/revisions"}],"predecessor-version":[{"id":272477,"href":"https:\/\/www.medellin.gov.co\/es\/wp-json\/wp\/v2\/pages\/264622\/revisions\/272477"}],"up":[{"embeddable":true,"href":"https:\/\/www.medellin.gov.co\/es\/wp-json\/wp\/v2\/pages\/264422"}],"wp:featuredmedia":[{"embeddable":true,"href":"https:\/\/www.medellin.gov.co\/es\/wp-json\/wp\/v2\/media\/245779"}],"wp:attachment":[{"href":"https:\/\/www.medellin.gov.co\/es\/wp-json\/wp\/v2\/media?parent=264622"}],"curies":[{"name":"wp","href":"https:\/\/api.w.org\/{rel}","templated":true}]}}